{"id":14281,"date":"2026-03-15T13:23:00","date_gmt":"2026-03-15T13:23:00","guid":{"rendered":"https:\/\/sagrinex.com\/produit\/container-20-fuss-gruen\/"},"modified":"2026-04-15T21:12:17","modified_gmt":"2026-04-15T21:12:17","slug":"container-20-fuss-gruen","status":"publish","type":"product","link":"https:\/\/sagrinex.com\/de\/produit\/container-20-fuss-gruen\/","title":{"rendered":"Container 20 Fu\u00df Gr\u00fcn"},"content":{"rendered":"<h1 data-start=\"197\" data-end=\"241\"><strong data-start=\"202\" data-end=\"239\">20 Fu\u00df (6 m) Versandcontainer<\/strong><\/h1>\n<h3 data-start=\"242\" data-end=\"306\">Neue\/gebrauchte Version \u2013 Wasserdicht, sicher und sofort einsatzbereit<\/h3>\n<p data-start=\"308\" data-end=\"566\">Unsere <strong data-start=\"333\" data-end=\"349\">20 Fu\u00df DRY<\/strong> Versandcontainer sind als <strong data-start=\"370\" data-end=\"390\">\u00fcberholte gebrauchte<\/strong> (letzte Fahrt) oder als <strong data-start=\"414\" data-end=\"435\">erste Fahrt (neu)<\/strong> erh\u00e4ltlich. Jede Einheit ist vollst\u00e4ndig gepr\u00fcft, wasser- und luftdicht und entspricht den internationalen Versandstandards.<\/p>\n<p data-start=\"568\" data-end=\"783\">Dank ihrer robusten CORTEN-Stahlkonstruktion und ihrem verst\u00e4rkten Meeresboden eignen sie sich ideal f\u00fcr <strong data-start=\"680\" data-end=\"692\">Lagerung<\/strong>, <strong data-start=\"697\" data-end=\"714\">Selbstlagerung<\/strong>, <strong data-start=\"719\" data-end=\"732\">Transport<\/strong> usw sowie jede Art von <strong data-start=\"767\" data-end=\"782\">Entwicklungsprojekt<\/strong>.<\/p>\n<hr data-start=\"785\" data-end=\"788\" \/>\n<h1 data-start=\"790\" data-end=\"826\">\ud83d\udee0\ufe0f <strong data-start=\"796\" data-end=\"826\">Allgemeine Eigenschaften<\/strong><\/h1>\n<h3 data-start=\"828\" data-end=\"866\"> \u2714 Erh\u00e4ltlich als Neu und Gebraucht<\/h3>\n<ul data-start=\"867\" data-end=\"1002\">\n<li data-start=\"867\" data-end=\"925\">\n<p data-start=\"869\" data-end=\"925\"><strong data-start=\"869\" data-end=\"900\">Letzte Fahrt trocken genutzt<\/strong> mit g\u00fcltigem CSC-Kennzeichen<\/p>\n<\/li>\n<li data-start=\"926\" data-end=\"1002\">\n<p data-start=\"928\" data-end=\"1002\"><strong data-start=\"928\" data-end=\"949\">1. Fahrt (neu):<\/strong> Container wurde nie im kommerziellen Transport verwendet<\/p>\n<\/li>\n<\/ul>\n<h3 data-start=\"1004\" data-end=\"1034\"> \u2714 Zuverl\u00e4ssigkeit und Widerstandsf\u00e4higkeit<\/h3>\n<ul data-start=\"1035\" data-end=\"1178\">\n<li data-start=\"1035\" data-end=\"1107\">\n<p data-start=\"1037\" data-end=\"1107\">100 % Stahlkonstruktion <strong data-start=\"1058\" data-end=\"1068\">CORTEN<\/strong>, sehr korrosionsbest\u00e4ndig<\/p>\n<\/li>\n<li data-start=\"1108\" data-end=\"1144\">\n<p data-start=\"1110\" data-end=\"1144\">Vollst\u00e4ndig \u00fcberarbeitet und gepr\u00fcft<\/p>\n<\/li>\n<li data-start=\"1145\" data-end=\"1178\">\n<p data-start=\"1147\" data-end=\"1178\">Garantierte Wasserdichtheit (Wasser + Luft)<\/p>\n<\/li>\n<\/ul>\n<h3 data-start=\"1180\" data-end=\"1213\"> \u2714 Man\u00f6vrierf\u00e4higkeit und Handhabung<\/h3>\n<ul data-start=\"1214\" data-end=\"1359\">\n<li data-start=\"1214\" data-end=\"1251\">\n<p data-start=\"1216\" data-end=\"1251\">ISO-Ecken zum Heben und Transportieren<\/p>\n<\/li>\n<li data-start=\"1252\" data-end=\"1318\">\n<p data-start=\"1254\" data-end=\"1318\">Gabelabstand: <strong data-start=\"1276\" data-end=\"1286\">950 mm<\/strong> (oder <strong data-start=\"1291\" data-end=\"1302\">2050 mm<\/strong> je nach Modell)<\/p>\n<\/li>\n<li data-start=\"1319\" data-end=\"1359\">\n<p data-start=\"1321\" data-end=\"1359\">Gabelstapler- und Krankompatibel<\/p>\n<\/li>\n<\/ul>\n<h3 data-start=\"1361\" data-end=\"1387\"> \u2714 Erh\u00f6hte Sicherheit<\/h3>\n<ul data-start=\"1388\" data-end=\"1520\">\n<li data-start=\"1388\" data-end=\"1443\">\n<p data-start=\"1390\" data-end=\"1443\"><strong data-start=\"1390\" data-end=\"1432\">Einbruchsichere Vorh\u00e4ngeschlossabdeckung \/ Klingel<\/strong> als Standard<\/p>\n<\/li>\n<li data-start=\"1444\" data-end=\"1498\">\n<p data-start=\"1446\" data-end=\"1498\">Zweifl\u00fcgelige T\u00fcren mit Verriegelungsstangen<\/p>\n<\/li>\n<li data-start=\"1499\" data-end=\"1520\">\n<p data-start=\"1501\" data-end=\"1520\">Seitenschlitze<\/p>\n<\/li>\n<\/ul>\n<h3 data-start=\"1522\" data-end=\"1549\"> \u2714 Vielseitig einsetzbar<\/h3>\n<p data-start=\"1550\" data-end=\"1564\">Ideal f\u00fcr:<\/p>\n<ul data-start=\"1565\" data-end=\"1755\">\n<li data-start=\"1565\" data-end=\"1590\">\n<p data-start=\"1567\" data-end=\"1590\">Langzeitspeicherung<\/p>\n<\/li>\n<li data-start=\"1591\" data-end=\"1622\">\n<p data-start=\"1593\" data-end=\"1622\">Professionelles Selfstorage<\/p>\n<\/li>\n<li data-start=\"1623\" data-end=\"1704\">\n<p data-start=\"1625\" data-end=\"1704\">Einrichtungen: B\u00fcros, St\u00e4nde, Kioske, Werkst\u00e4tten, Snackbars, Technikr\u00e4ume<\/p>\n<\/li>\n<li data-start=\"1705\" data-end=\"1755\">\n<p data-start=\"1707\" data-end=\"1755\">Internationaler Import\/Export (g\u00fcltiger CSC-Standard)<\/p>\n<\/li>\n<\/ul>\n<hr data-start=\"1757\" data-end=\"1760\" \/>\n<h1 data-start=\"1762\" data-end=\"1803\">\ud83d\udcd0 <strong data-start=\"1767\" data-end=\"1803\">20-Fu\u00df-Containerabmessungen<\/strong><\/h1>\n<h2 data-start=\"1805\" data-end=\"1834\"><strong data-start=\"1808\" data-end=\"1834\">Au\u00dfenabmessungen<\/strong><\/h2>\n<ul data-start=\"1835\" data-end=\"1913\">\n<li data-start=\"1835\" data-end=\"1861\">\n<p data-start=\"1837\" data-end=\"1861\"><strong data-start=\"1837\" data-end=\"1851\">L\u00e4nge:<\/strong> 6058 mm<\/p>\n<\/li>\n<li data-start=\"1862\" data-end=\"1887\">\n<p data-start=\"1864\" data-end=\"1887\"><strong data-start=\"1864\" data-end=\"1877\">Breite:<\/strong> 2438 mm<\/p>\n<\/li>\n<li data-start=\"1888\" data-end=\"1913\">\n<p data-start=\"1890\" data-end=\"1913\"><strong data-start=\"1890\" data-end=\"1903\">H\u00f6he:<\/strong> 2591 mm<\/p>\n<\/li>\n<\/ul>\n<h2 data-start=\"1915\" data-end=\"1944\"><strong data-start=\"1918\" data-end=\"1944\">Innenma\u00dfe<\/strong><\/h2>\n<ul data-start=\"1945\" data-end=\"2023\">\n<li data-start=\"1945\" data-end=\"1971\">\n<p data-start=\"1947\" data-end=\"1971\"><strong data-start=\"1947\" data-end=\"1961\">L\u00e4nge:<\/strong> 5895 mm<\/p>\n<\/li>\n<li data-start=\"1972\" data-end=\"1997\">\n<p data-start=\"1974\" data-end=\"1997\"><strong data-start=\"1974\" data-end=\"1987\">Breite:<\/strong> 2350 mm<\/p>\n<\/li>\n<li data-start=\"1998\" data-end=\"2023\">\n<p data-start=\"2000\" data-end=\"2023\"><strong data-start=\"2000\" data-end=\"2013\">H\u00f6he:<\/strong> 2392 mm<\/p>\n<\/li>\n<\/ul>\n<h2 data-start=\"2025\" data-end=\"2053\"><strong data-start=\"2028\" data-end=\"2053\">T\u00fcrabmessungen<\/strong><\/h2>\n<ul data-start=\"2054\" data-end=\"2105\">\n<li data-start=\"2054\" data-end=\"2079\">\n<p data-start=\"2056\" data-end=\"2079\"><strong data-start=\"2056\" data-end=\"2069\">Breite:<\/strong> 2340 mm<\/p>\n<\/li>\n<li data-start=\"2080\" data-end=\"2105\">\n<p data-start=\"2082\" data-end=\"2105\"><strong data-start=\"2082\" data-end=\"2095\">H\u00f6he:<\/strong> 2280 mm<\/p>\n<\/li>\n<\/ul>\n<hr data-start=\"2107\" data-end=\"2110\" \/>\n<h1 data-start=\"2112\" data-end=\"2159\">\ud83d\udce6 <strong data-start=\"2117\" data-end=\"2159\">Detaillierte technische Spezifikationen<\/strong><\/h1>\n<h3 data-start=\"2161\" data-end=\"2180\"> \u2714 <strong data-start=\"2167\" data-end=\"2180\">Struktur<\/strong><\/h3>\n<ul data-start=\"2181\" data-end=\"2314\">\n<li data-start=\"2181\" data-end=\"2219\">\n<p data-start=\"2183\" data-end=\"2219\">Vollst\u00e4ndig geschwei\u00dfter <strong data-start=\"2189\" data-end=\"2199\">CORTEN<\/strong>-Stahl<\/p>\n<\/li>\n<li data-start=\"2220\" data-end=\"2274\">\n<p data-start=\"2222\" data-end=\"2274\">ISO Corners \u2013 Compliance <strong data-start=\"2245\" data-end=\"2257\">ISO 1161<\/strong> \/ <strong data-start=\"2260\" data-end=\"2272\">ISO 9001<\/strong><\/p>\n<\/li>\n<li data-start=\"2275\" data-end=\"2314\">\n<p data-start=\"2277\" data-end=\"2314\"><strong data-start=\"2286\" data-end=\"2293\">CSC<\/strong>-Zulassung (Seetransport)<\/p>\n<\/li>\n<\/ul>\n<h3 data-start=\"2316\" data-end=\"2334\"> \u2714 <strong data-start=\"2322\" data-end=\"2334\">Boden<\/strong><\/h3>\n<ul data-start=\"2335\" data-end=\"2466\">\n<li data-start=\"2335\" data-end=\"2374\">\n<p data-start=\"2337\" data-end=\"2374\">Marinesperrholz \/ laminierter Bambus<\/p>\n<\/li>\n<li data-start=\"2375\" data-end=\"2400\">\n<p data-start=\"2377\" data-end=\"2400\">Dicke: <strong data-start=\"2389\" data-end=\"2398\">28 mm<\/strong><\/p>\n<\/li>\n<li data-start=\"2401\" data-end=\"2436\">\n<p data-start=\"2403\" data-end=\"2436\">Rutschfeste Beschichtung <strong data-start=\"2427\" data-end=\"2434\">TROCKEN<\/strong><\/p>\n<\/li>\n<li data-start=\"2437\" data-end=\"2466\">\n<p data-start=\"2439\" data-end=\"2466\">Auf Stahlschwellen verlegt<\/p>\n<\/li>\n<\/ul>\n<h3 data-start=\"2468\" data-end=\"2484\"> \u2714 <strong data-start=\"2474\" data-end=\"2484\">T\u00fcren<\/strong><\/h3>\n<ul data-start=\"2485\" data-end=\"2564\">\n<li data-start=\"2485\" data-end=\"2504\">\n<p data-start=\"2487\" data-end=\"2504\">Doppelbl\u00e4tter<\/p>\n<\/li>\n<li data-start=\"2505\" data-end=\"2529\">\n<p data-start=\"2507\" data-end=\"2529\">Er\u00f6ffnung bei <strong data-start=\"2519\" data-end=\"2527\">270\u00b0<\/strong><\/p>\n<\/li>\n<li data-start=\"2530\" data-end=\"2564\">\n<p data-start=\"2532\" data-end=\"2564\">Verst\u00e4rktes Schlie\u00dfsystem<\/p>\n<\/li>\n<\/ul>\n<h3 data-start=\"2566\" data-end=\"2591\"> \u2714 <strong data-start=\"2572\" data-end=\"2591\">Gewichte und Lasten<\/strong><\/h3>\n<ul data-start=\"2592\" data-end=\"2690\">\n<li data-start=\"2592\" data-end=\"2623\">\n<p data-start=\"2594\" data-end=\"2623\"><strong data-start=\"2594\" data-end=\"2612\">Leergewicht:<\/strong> 2.250 kg<\/p>\n<\/li>\n<li data-start=\"2624\" data-end=\"2654\">\n<p data-start=\"2626\" data-end=\"2654\"><strong data-start=\"2626\" data-end=\"2642\">Maximale Belastung:<\/strong> 28.230 kg<\/p>\n<\/li>\n<li data-start=\"2655\" data-end=\"2690\">\n<p data-start=\"2657\" data-end=\"2690\"><strong data-start=\"2657\" data-end=\"2678\">Maximales Gesamtgewicht:<\/strong> 30.480 kg<\/p>\n<\/li>\n<\/ul>\n<hr data-start=\"2692\" data-end=\"2695\" \/>\n<h1 data-start=\"2697\" data-end=\"2717\">\u2b50 <strong data-start=\"2701\" data-end=\"2717\">Highlights<\/strong><\/h1>\n<ul data-start=\"2718\" data-end=\"2919\">\n<li data-start=\"2718\" data-end=\"2757\">\n<p data-start=\"2720\" data-end=\"2757\">Ultra-robuste Schiffskonstruktion<\/p>\n<\/li>\n<li data-start=\"2758\" data-end=\"2790\">\n<p data-start=\"2760\" data-end=\"2790\">Wasserdicht, sicher und langlebig<\/p>\n<\/li>\n<li data-start=\"2791\" data-end=\"2819\">\n<p data-start=\"2793\" data-end=\"2819\">Sofort verf\u00fcgbar<\/p>\n<\/li>\n<li data-start=\"2820\" data-end=\"2857\">\n<p data-start=\"2822\" data-end=\"2857\">Lieferung &#038; Entladung vor Ort<\/p>\n<\/li>\n<li data-start=\"2858\" data-end=\"2919\">\n<p data-start=\"2860\" data-end=\"2919\">Perfekte L\u00f6sung f\u00fcr Lagerung, Layout oder Transport<\/p>\n<\/li>\n<\/ul>\n","protected":false},"excerpt":{"rendered":"<p>L\u00e4nge: 6.058 m<br \/>\nBreite: 2.438 m<br \/>\nH\u00f6he: 2,59 m<br \/>\nGewicht: 2.250 kg<\/p>\n<p>Maximale Belastung: 28.230 kg<\/p>\n","protected":false},"featured_media":16122,"comment_status":"open","ping_status":"closed","template":"","meta":[],"product_brand":[],"product_cat":[351,347],"product_tag":[],"class_list":{"0":"post-14281","1":"product","2":"type-product","3":"status-publish","4":"has-post-thumbnail","6":"product_cat-standardspeicher","7":"product_cat-unsere-container","9":"first","10":"instock","11":"sale","12":"shipping-taxable","13":"purchasable","14":"product-type-simple"},"yoast_head":"<!-- This site is optimized with the Yoast SEO plugin v27.4 - https:\/\/yoast.com\/product\/yoast-seo-wordpress\/ -->\n<title>Container 20 Fu\u00df gr\u00fcn<\/title>\n<meta name=\"robots\" content=\"index, follow, max-snippet:-1, max-image-preview:large, max-video-preview:-1\" \/>\n<link rel=\"canonical\" href=\"https:\/\/sagrinex.com\/produit\/container-20-pieds-vert\/\" \/>\n<meta property=\"og:locale\" content=\"de_DE\" \/>\n<meta property=\"og:type\" content=\"article\" \/>\n<meta property=\"og:title\" content=\"Container 20 Fu\u00df gr\u00fcn\" \/>\n<meta property=\"og:description\" content=\"L\u00e4nge: 6.058 m Breite: 2.438 m H\u00f6he: 2,59 m Gewicht: 2.250 kg Maximale Belastung: 28.230 kg\" \/>\n<meta property=\"og:url\" content=\"https:\/\/sagrinex.com\/produit\/container-20-pieds-vert\/\" \/>\n<meta property=\"og:site_name\" content=\"Sagrinex \u2013 Anhaenger, Container &amp; Landtechnik \ud83c\udf3e\ud83d\ude9c\" \/>\n<meta property=\"article:modified_time\" content=\"2026-04-15T21:12:17+00:00\" \/>\n<meta property=\"og:image\" content=\"https:\/\/sagrinex.com\/wp-content\/uploads\/2026\/03\/Image-51-3.jpeg\" \/>\n\t<meta property=\"og:image:width\" content=\"1211\" \/>\n\t<meta property=\"og:image:height\" content=\"681\" \/>\n\t<meta property=\"og:image:type\" content=\"image\/jpeg\" \/>\n<meta name=\"twitter:card\" content=\"summary_large_image\" \/>\n<meta name=\"twitter:label1\" content=\"Gesch\u00e4tzte Lesezeit\" \/>\n\t<meta name=\"twitter:data1\" content=\"1\u00a0Minute\" \/>\n<script type=\"application\/ld+json\" class=\"yoast-schema-graph\">{\"@context\":\"https:\\\/\\\/schema.org\",\"@graph\":[{\"@type\":\"WebPage\",\"@id\":\"https:\\\/\\\/sagrinex.com\\\/produit\\\/container-20-pieds-vert\\\/\",\"url\":\"https:\\\/\\\/sagrinex.com\\\/produit\\\/container-20-pieds-vert\\\/\",\"name\":\"Container 20 Fu\u00df gr\u00fcn\",\"isPartOf\":{\"@id\":\"https:\\\/\\\/sagrinex.com\\\/#website\"},\"primaryImageOfPage\":{\"@id\":\"https:\\\/\\\/sagrinex.com\\\/produit\\\/container-20-pieds-vert\\\/#primaryimage\"},\"image\":{\"@id\":\"https:\\\/\\\/sagrinex.com\\\/produit\\\/container-20-pieds-vert\\\/#primaryimage\"},\"thumbnailUrl\":\"https:\\\/\\\/sagrinex.com\\\/wp-content\\\/uploads\\\/2026\\\/03\\\/Image-51-3.jpeg\",\"datePublished\":\"2026-03-15T13:23:00+00:00\",\"dateModified\":\"2026-04-15T21:12:17+00:00\",\"breadcrumb\":{\"@id\":\"https:\\\/\\\/sagrinex.com\\\/produit\\\/container-20-pieds-vert\\\/#breadcrumb\"},\"inLanguage\":\"de\",\"potentialAction\":[{\"@type\":\"ReadAction\",\"target\":[\"https:\\\/\\\/sagrinex.com\\\/produit\\\/container-20-pieds-vert\\\/\"]}]},{\"@type\":\"ImageObject\",\"inLanguage\":\"de\",\"@id\":\"https:\\\/\\\/sagrinex.com\\\/produit\\\/container-20-pieds-vert\\\/#primaryimage\",\"url\":\"https:\\\/\\\/sagrinex.com\\\/wp-content\\\/uploads\\\/2026\\\/03\\\/Image-51-3.jpeg\",\"contentUrl\":\"https:\\\/\\\/sagrinex.com\\\/wp-content\\\/uploads\\\/2026\\\/03\\\/Image-51-3.jpeg\",\"width\":1211,\"height\":681},{\"@type\":\"BreadcrumbList\",\"@id\":\"https:\\\/\\\/sagrinex.com\\\/produit\\\/container-20-pieds-vert\\\/#breadcrumb\",\"itemListElement\":[{\"@type\":\"ListItem\",\"position\":1,\"name\":\"Accueil\",\"item\":\"https:\\\/\\\/sagrinex.com\\\/?lang=de\"},{\"@type\":\"ListItem\",\"position\":2,\"name\":\"Shop\",\"item\":\"https:\\\/\\\/sagrinex.com\\\/shop\\\/\"},{\"@type\":\"ListItem\",\"position\":3,\"name\":\"Container 20 Fu\u00df Gr\u00fcn\"}]},{\"@type\":\"WebSite\",\"@id\":\"https:\\\/\\\/sagrinex.com\\\/#website\",\"url\":\"https:\\\/\\\/sagrinex.com\\\/\",\"name\":\"Sagrinex \u2013 Spezialist f\u00fcr Anh\u00e4nger, Container & Landtechnik\",\"description\":\"Anhaenger, Container &amp; Landtechnik \u2014 Online-Verkauf &amp; kostenloses Angebot\",\"publisher\":{\"@id\":\"https:\\\/\\\/sagrinex.com\\\/#organization\"},\"potentialAction\":[{\"@type\":\"SearchAction\",\"target\":{\"@type\":\"EntryPoint\",\"urlTemplate\":\"https:\\\/\\\/sagrinex.com\\\/?s={search_term_string}\"},\"query-input\":{\"@type\":\"PropertyValueSpecification\",\"valueRequired\":true,\"valueName\":\"search_term_string\"}}],\"inLanguage\":\"de\"},{\"@type\":\"Organization\",\"@id\":\"https:\\\/\\\/sagrinex.com\\\/#organization\",\"name\":\"Sagrinex \u2013 Remorques, Conteneurs & Mat\u00e9riel Agricole\",\"url\":\"https:\\\/\\\/sagrinex.com\\\/\",\"logo\":{\"@type\":\"ImageObject\",\"inLanguage\":\"de\",\"@id\":\"https:\\\/\\\/sagrinex.com\\\/#\\\/schema\\\/logo\\\/image\\\/\",\"url\":\"https:\\\/\\\/sagrinex.com\\\/wp-content\\\/uploads\\\/2026\\\/03\\\/7f1ac463-ef5a-425d-bdd6-a5da03a334a9-1024x683.png\",\"contentUrl\":\"https:\\\/\\\/sagrinex.com\\\/wp-content\\\/uploads\\\/2026\\\/03\\\/7f1ac463-ef5a-425d-bdd6-a5da03a334a9-1024x683.png\",\"width\":1024,\"height\":683,\"caption\":\"Sagrinex \u2013 Remorques, Conteneurs & Mat\u00e9riel Agricole\"},\"image\":{\"@id\":\"https:\\\/\\\/sagrinex.com\\\/#\\\/schema\\\/logo\\\/image\\\/\"}}]}<\/script>\n<!-- \/ Yoast SEO plugin. -->","yoast_head_json":{"title":"Container 20 Fu\u00df gr\u00fcn","robots":{"index":"index","follow":"follow","max-snippet":"max-snippet:-1","max-image-preview":"max-image-preview:large","max-video-preview":"max-video-preview:-1"},"canonical":"https:\/\/sagrinex.com\/produit\/container-20-pieds-vert\/","og_locale":"de_DE","og_type":"article","og_title":"Container 20 Fu\u00df gr\u00fcn","og_description":"L\u00e4nge: 6.058 m Breite: 2.438 m H\u00f6he: 2,59 m Gewicht: 2.250 kg Maximale Belastung: 28.230 kg","og_url":"https:\/\/sagrinex.com\/produit\/container-20-pieds-vert\/","og_site_name":"Sagrinex \u2013 Anhaenger, Container &amp; Landtechnik \ud83c\udf3e\ud83d\ude9c","article_modified_time":"2026-04-15T21:12:17+00:00","og_image":[{"width":1211,"height":681,"url":"https:\/\/sagrinex.com\/wp-content\/uploads\/2026\/03\/Image-51-3.jpeg","type":"image\/jpeg"}],"twitter_card":"summary_large_image","twitter_misc":{"Gesch\u00e4tzte Lesezeit":"1\u00a0Minute"},"schema":{"@context":"https:\/\/schema.org","@graph":[{"@type":"WebPage","@id":"https:\/\/sagrinex.com\/produit\/container-20-pieds-vert\/","url":"https:\/\/sagrinex.com\/produit\/container-20-pieds-vert\/","name":"Container 20 Fu\u00df gr\u00fcn","isPartOf":{"@id":"https:\/\/sagrinex.com\/#website"},"primaryImageOfPage":{"@id":"https:\/\/sagrinex.com\/produit\/container-20-pieds-vert\/#primaryimage"},"image":{"@id":"https:\/\/sagrinex.com\/produit\/container-20-pieds-vert\/#primaryimage"},"thumbnailUrl":"https:\/\/sagrinex.com\/wp-content\/uploads\/2026\/03\/Image-51-3.jpeg","datePublished":"2026-03-15T13:23:00+00:00","dateModified":"2026-04-15T21:12:17+00:00","breadcrumb":{"@id":"https:\/\/sagrinex.com\/produit\/container-20-pieds-vert\/#breadcrumb"},"inLanguage":"de","potentialAction":[{"@type":"ReadAction","target":["https:\/\/sagrinex.com\/produit\/container-20-pieds-vert\/"]}]},{"@type":"ImageObject","inLanguage":"de","@id":"https:\/\/sagrinex.com\/produit\/container-20-pieds-vert\/#primaryimage","url":"https:\/\/sagrinex.com\/wp-content\/uploads\/2026\/03\/Image-51-3.jpeg","contentUrl":"https:\/\/sagrinex.com\/wp-content\/uploads\/2026\/03\/Image-51-3.jpeg","width":1211,"height":681},{"@type":"BreadcrumbList","@id":"https:\/\/sagrinex.com\/produit\/container-20-pieds-vert\/#breadcrumb","itemListElement":[{"@type":"ListItem","position":1,"name":"Accueil","item":"https:\/\/sagrinex.com\/?lang=de"},{"@type":"ListItem","position":2,"name":"Shop","item":"https:\/\/sagrinex.com\/shop\/"},{"@type":"ListItem","position":3,"name":"Container 20 Fu\u00df Gr\u00fcn"}]},{"@type":"WebSite","@id":"https:\/\/sagrinex.com\/#website","url":"https:\/\/sagrinex.com\/","name":"Sagrinex \u2013 Spezialist f\u00fcr Anh\u00e4nger, Container & Landtechnik","description":"Anhaenger, Container &amp; Landtechnik \u2014 Online-Verkauf &amp; kostenloses Angebot","publisher":{"@id":"https:\/\/sagrinex.com\/#organization"},"potentialAction":[{"@type":"SearchAction","target":{"@type":"EntryPoint","urlTemplate":"https:\/\/sagrinex.com\/?s={search_term_string}"},"query-input":{"@type":"PropertyValueSpecification","valueRequired":true,"valueName":"search_term_string"}}],"inLanguage":"de"},{"@type":"Organization","@id":"https:\/\/sagrinex.com\/#organization","name":"Sagrinex \u2013 Remorques, Conteneurs & Mat\u00e9riel Agricole","url":"https:\/\/sagrinex.com\/","logo":{"@type":"ImageObject","inLanguage":"de","@id":"https:\/\/sagrinex.com\/#\/schema\/logo\/image\/","url":"https:\/\/sagrinex.com\/wp-content\/uploads\/2026\/03\/7f1ac463-ef5a-425d-bdd6-a5da03a334a9-1024x683.png","contentUrl":"https:\/\/sagrinex.com\/wp-content\/uploads\/2026\/03\/7f1ac463-ef5a-425d-bdd6-a5da03a334a9-1024x683.png","width":1024,"height":683,"caption":"Sagrinex \u2013 Remorques, Conteneurs & Mat\u00e9riel Agricole"},"image":{"@id":"https:\/\/sagrinex.com\/#\/schema\/logo\/image\/"}}]}},"jetpack_sharing_enabled":true,"_links":{"self":[{"href":"https:\/\/sagrinex.com\/de\/wp-json\/wp\/v2\/product\/14281","targetHints":{"allow":["GET"]}}],"collection":[{"href":"https:\/\/sagrinex.com\/de\/wp-json\/wp\/v2\/product"}],"about":[{"href":"https:\/\/sagrinex.com\/de\/wp-json\/wp\/v2\/types\/product"}],"replies":[{"embeddable":true,"href":"https:\/\/sagrinex.com\/de\/wp-json\/wp\/v2\/comments?post=14281"}],"version-history":[{"count":0,"href":"https:\/\/sagrinex.com\/de\/wp-json\/wp\/v2\/product\/14281\/revisions"}],"wp:featuredmedia":[{"embeddable":true,"href":"https:\/\/sagrinex.com\/de\/wp-json\/wp\/v2\/media\/16122"}],"wp:attachment":[{"href":"https:\/\/sagrinex.com\/de\/wp-json\/wp\/v2\/media?parent=14281"}],"wp:term":[{"taxonomy":"product_brand","embeddable":true,"href":"https:\/\/sagrinex.com\/de\/wp-json\/wp\/v2\/product_brand?post=14281"},{"taxonomy":"product_cat","embeddable":true,"href":"https:\/\/sagrinex.com\/de\/wp-json\/wp\/v2\/product_cat?post=14281"},{"taxonomy":"product_tag","embeddable":true,"href":"https:\/\/sagrinex.com\/de\/wp-json\/wp\/v2\/product_tag?post=14281"}],"curies":[{"name":"wp","href":"https:\/\/api.w.org\/{rel}","templated":true}]}}