{"id":14284,"date":"2026-03-15T17:06:15","date_gmt":"2026-03-15T17:06:15","guid":{"rendered":"https:\/\/sagrinex.com\/produit\/container-20-fuss-dry\/"},"modified":"2026-03-15T17:06:15","modified_gmt":"2026-03-15T17:06:15","slug":"container-20-fuss-dry","status":"publish","type":"product","link":"https:\/\/sagrinex.com\/de\/produit\/container-20-fuss-dry\/","title":{"rendered":"Container 20 Fu\u00df Dry"},"content":{"rendered":"<div class=\"woocommerce-tabs wc-tabs-wrapper tabs-layout-tabs\">\n<div class=\"wd-tab-wrapper\">\n<div id=\"tab-description\" class=\"woocommerce-Tabs-panel woocommerce-Tabs-panel--description panel entry-content wc-tab\">\n<div class=\"wc-tab-inner \">\n<div class=\"\">\n<table>\n<thead>\n<tr>\n<th scope=\"col\">ABMESSUNGEN<\/th>\n<th scope=\"col\">L\u00c4NGE (M)<\/th>\n<th scope=\"col\">BREITE (M)<\/th>\n<th scope=\"col\">H\u00d6HE (M)<\/th>\n<th scope=\"col\">VOLUMEN (M<sup>3<\/sup>)<\/th>\n<th scope=\"col\">LEERGEWICHT (T)<\/th>\n<\/tr>\n<\/thead>\n<tbody>\n<tr>\n<th scope=\"row\">Au\u00dfenma\u00dfe<\/th>\n<td>6.058<\/td>\n<td>2.438<\/td>\n<td>2.591<\/td>\n<td rowspan=\"2\">33.20 m<sup>3<\/sup><\/td>\n<td rowspan=\"2\">2.2<\/td>\n<\/tr>\n<tr>\n<th scope=\"row\">Innenma\u00dfe<\/th>\n<td>5.90<\/td>\n<td>2.35<\/td>\n<td>2.39<\/td>\n<\/tr>\n<tr>\n<th scope=\"row\">T\u00fcren<\/th>\n<td><\/td>\n<td>2.34<\/td>\n<td>2.28<\/td>\n<td><\/td>\n<td><\/td>\n<\/tr>\n<\/tbody>\n<\/table>\n<\/div>\n<\/div>\n<\/div>\n<\/div>\n<div class=\"wd-tab-wrapper\"><\/div>\n<div class=\"wd-tab-wrapper\"><\/div>\n<div class=\"wd-tab-wrapper\"><\/div>\n<\/div>\n<div class=\"yith-wcwl-add-to-wishlist add-to-wishlist-12882 yith-wcwl-add-to-wishlist--button_default-style yith-wcwl-add-to-wishlist--single wishlist-fragment on-first-load\" data-fragment-ref=\"12882\" data-fragment-options=\"{&quot;base_url&quot;:&quot;&quot;,&quot;product_id&quot;:12882,&quot;parent_product_id&quot;:12881,&quot;product_type&quot;:&quot;variation&quot;,&quot;is_single&quot;:true,&quot;in_default_wishlist&quot;:false,&quot;show_view&quot;:false,&quot;browse_wishlist_text&quot;:&quot;Wunschliste anzeigen&quot;,&quot;already_in_wishslist_text&quot;:&quot;Das Produkt ist bereits in Ihrer Wunschliste!&quot;,&quot;product_added_text&quot;:&quot;Produkt hinzugef\u00fcgt!&quot;,&quot;available_multi_wishlist&quot;:false,&quot;disable_wishlist&quot;:false,&quot;show_count&quot;:false,&quot;ajax_loading&quot;:false,&quot;loop_position&quot;:&quot;after_add_to_cart&quot;,&quot;item&quot;:&quot;add_to_wishlist&quot;}\">\n<div class=\"yith-wcwl-add-button\"><\/div>\n<\/div>\n","protected":false},"excerpt":{"rendered":"<div class=\"content-caracteristiques\">\n<p class=\"h4 caracteristiques-titre\">Eigenschaften<\/p>\n<ul>\n<li>Bester Kompromiss Gr\u00f6\u00dfe \/ Preis \/ Lieferfreundlichkeit<\/li>\n<li>Vielf\u00e4ltige Verwendungsm\u00f6glichkeiten: Gartenschuppen, Jagdh\u00fctte, Baustellencontainer, Lagerung aller Art, etc.<\/li>\n<li>Am weitesten verbreiteter Container auf dem Self-Storage-Markt (M\u00f6bellager)<\/li>\n<li>Doppelt\u00fcren verriegelbar durch 4 Espagnoletten und sicherbar durch ein Vorh\u00e4ngeschloss<\/li>\n<li>Marineschichtholzboden St\u00e4rke 28 mm<\/li>\n<\/ul>\n<\/div>\n<div class=\"content-content\">\n<p>Der Container <strong>20 Fu\u00df dry<\/strong> ist, zusammen mit dem 40 Fu\u00df dry, der am h\u00e4ufigsten verwendete Container f\u00fcr den Seetransport.<\/p>\n<p>Dieses Modell ist der <strong>beste Kompromiss Gr\u00f6\u00dfe \/ Preis \/ Lieferfreundlichkeit<\/strong>. Es wird all Ihren Bed\u00fcrfnissen gerecht: Gartenschuppen, Jagdh\u00fctte, Baustellencontainer, Lagerung aller Art, etc.<\/p>\n<p>Er kann auch individuell angepasst werden, um daraus ein B\u00fcro, einen Pflanzenschutzraum, einen Entspannungsbereich, ein Spa, einen Imbiss, eine Sommerk\u00fcche, etc. zu machen.<\/p>\n<p>Der 20&#8242; dry ist aus <strong>CORTEN-Stahl<\/strong> gefertigt. Diese Stahlart weist wichtige Widerstandseigenschaften gegen atmosph\u00e4rische Bedingungen auf See auf.<\/p>\n<p>Seine Doppelt\u00fcren sind durch 4 Espagnoletten verriegelbar und durch ein Sicherheitsvorh\u00e4ngeschloss sicherbar. Der <strong>Boden ist aus Marineschichtholz<\/strong> St\u00e4rke 28mm. Der Container besitzt 4 <strong>ISO<\/strong>-Ecken, die seine Verriegelung beim <strong>Stra\u00dfen<\/strong>-, <strong>Schienen<\/strong>&#8211; oder <strong>Seetransport<\/strong> erm\u00f6glichen.<\/p>\n<\/div>\n","protected":false},"featured_media":16199,"comment_status":"open","ping_status":"closed","template":"","meta":[],"product_brand":[],"product_cat":[351,347],"product_tag":[],"class_list":{"0":"post-14284","1":"product","2":"type-product","3":"status-publish","4":"has-post-thumbnail","6":"product_cat-standardspeicher","7":"product_cat-unsere-container","9":"first","10":"instock","11":"shipping-taxable","12":"purchasable","13":"product-type-variable"},"yoast_head":"<!-- This site is optimized with the Yoast SEO plugin v27.4 - https:\/\/yoast.com\/product\/yoast-seo-wordpress\/ -->\n<title>Container 20 Fu\u00df Dry<\/title>\n<meta name=\"robots\" content=\"index, follow, max-snippet:-1, max-image-preview:large, max-video-preview:-1\" \/>\n<link rel=\"canonical\" href=\"https:\/\/sagrinex.com\/produit\/conteneurs-20-pieds-dry\/\" \/>\n<meta property=\"og:locale\" content=\"de_DE\" \/>\n<meta property=\"og:type\" content=\"article\" \/>\n<meta property=\"og:title\" content=\"Container 20 Fu\u00df Dry\" \/>\n<meta property=\"og:description\" content=\"Eigenschaften   Bester Kompromiss Gr\u00f6\u00dfe \/ Preis \/ Lieferfreundlichkeit  Vielf\u00e4ltige Verwendungsm\u00f6glichkeiten: Gartenschuppen, Jagdh\u00fctte, Baustellencontainer, Lagerung aller Art, etc.  Am weitesten verbreiteter Container auf dem Self-Storage-Markt (M\u00f6bellager)  Doppelt\u00fcren verriegelbar durch 4 Espagnoletten und sicherbar durch ein Vorh\u00e4ngeschloss  Marineschichtholzboden St\u00e4rke 28 mm   Der Container 20 Fu\u00df dry ist, zusammen mit dem 40 Fu\u00df dry, der am h\u00e4ufigsten verwendete Container f\u00fcr den Seetransport. Dieses Modell ist der beste Kompromiss Gr\u00f6\u00dfe \/ Preis \/ Lieferfreundlichkeit. Es wird all Ihren Bed\u00fcrfnissen gerecht: Gartenschuppen, Jagdh\u00fctte, Baustellencontainer, Lagerung aller Art, etc. Er kann auch individuell angepasst werden, um daraus ein B\u00fcro, einen Pflanzenschutzraum, einen Entspannungsbereich, ein Spa, einen Imbiss, eine Sommerk\u00fcche, etc. zu machen. Der 20&#039; dry ist aus CORTEN-Stahl gefertigt. Diese Stahlart weist wichtige Widerstandseigenschaften gegen atmosph\u00e4rische Bedingungen auf See auf. Seine Doppelt\u00fcren sind durch 4 Espagnoletten verriegelbar und durch ein Sicherheitsvorh\u00e4ngeschloss sicherbar. Der Boden ist aus Marineschichtholz St\u00e4rke 28mm. Der Container besitzt 4 ISO-Ecken, die seine Verriegelung beim Stra\u00dfen-, Schienen- oder Seetransport erm\u00f6glichen.\" \/>\n<meta property=\"og:url\" content=\"https:\/\/sagrinex.com\/produit\/conteneurs-20-pieds-dry\/\" \/>\n<meta property=\"og:site_name\" content=\"Sagrinex \u2013 Anhaenger, Container &amp; Landtechnik \ud83c\udf3e\ud83d\ude9c\" \/>\n<meta name=\"twitter:card\" content=\"summary_large_image\" \/>\n<script type=\"application\/ld+json\" class=\"yoast-schema-graph\">{\"@context\":\"https:\\\/\\\/schema.org\",\"@graph\":[{\"@type\":\"WebPage\",\"@id\":\"https:\\\/\\\/sagrinex.com\\\/produit\\\/conteneurs-20-pieds-dry\\\/\",\"url\":\"https:\\\/\\\/sagrinex.com\\\/produit\\\/conteneurs-20-pieds-dry\\\/\",\"name\":\"Container 20 Fu\u00df Dry\",\"isPartOf\":{\"@id\":\"https:\\\/\\\/sagrinex.com\\\/#website\"},\"primaryImageOfPage\":{\"@id\":\"https:\\\/\\\/sagrinex.com\\\/produit\\\/conteneurs-20-pieds-dry\\\/#primaryimage\"},\"image\":{\"@id\":\"https:\\\/\\\/sagrinex.com\\\/produit\\\/conteneurs-20-pieds-dry\\\/#primaryimage\"},\"thumbnailUrl\":\"https:\\\/\\\/sagrinex.com\\\/wp-content\\\/uploads\\\/2026\\\/03\\\/Image-139-2.jpeg\",\"datePublished\":\"2026-03-15T17:06:15+00:00\",\"breadcrumb\":{\"@id\":\"https:\\\/\\\/sagrinex.com\\\/produit\\\/conteneurs-20-pieds-dry\\\/#breadcrumb\"},\"inLanguage\":\"de\",\"potentialAction\":[{\"@type\":\"ReadAction\",\"target\":[\"https:\\\/\\\/sagrinex.com\\\/produit\\\/conteneurs-20-pieds-dry\\\/\"]}]},{\"@type\":\"ImageObject\",\"inLanguage\":\"de\",\"@id\":\"https:\\\/\\\/sagrinex.com\\\/produit\\\/conteneurs-20-pieds-dry\\\/#primaryimage\",\"url\":\"https:\\\/\\\/sagrinex.com\\\/wp-content\\\/uploads\\\/2026\\\/03\\\/Image-139-2.jpeg\",\"contentUrl\":\"https:\\\/\\\/sagrinex.com\\\/wp-content\\\/uploads\\\/2026\\\/03\\\/Image-139-2.jpeg\",\"width\":640,\"height\":480},{\"@type\":\"BreadcrumbList\",\"@id\":\"https:\\\/\\\/sagrinex.com\\\/produit\\\/conteneurs-20-pieds-dry\\\/#breadcrumb\",\"itemListElement\":[{\"@type\":\"ListItem\",\"position\":1,\"name\":\"Accueil\",\"item\":\"https:\\\/\\\/sagrinex.com\\\/?lang=de\"},{\"@type\":\"ListItem\",\"position\":2,\"name\":\"Shop\",\"item\":\"https:\\\/\\\/sagrinex.com\\\/shop\\\/\"},{\"@type\":\"ListItem\",\"position\":3,\"name\":\"Container 20 Fu\u00df Dry\"}]},{\"@type\":\"WebSite\",\"@id\":\"https:\\\/\\\/sagrinex.com\\\/#website\",\"url\":\"https:\\\/\\\/sagrinex.com\\\/\",\"name\":\"Sagrinex \u2013 Spezialist f\u00fcr Anh\u00e4nger, Container & Landtechnik\",\"description\":\"Anhaenger, Container &amp; Landtechnik \u2014 Online-Verkauf &amp; kostenloses Angebot\",\"publisher\":{\"@id\":\"https:\\\/\\\/sagrinex.com\\\/#organization\"},\"potentialAction\":[{\"@type\":\"SearchAction\",\"target\":{\"@type\":\"EntryPoint\",\"urlTemplate\":\"https:\\\/\\\/sagrinex.com\\\/?s={search_term_string}\"},\"query-input\":{\"@type\":\"PropertyValueSpecification\",\"valueRequired\":true,\"valueName\":\"search_term_string\"}}],\"inLanguage\":\"de\"},{\"@type\":\"Organization\",\"@id\":\"https:\\\/\\\/sagrinex.com\\\/#organization\",\"name\":\"Sagrinex \u2013 Remorques, Conteneurs & Mat\u00e9riel Agricole\",\"url\":\"https:\\\/\\\/sagrinex.com\\\/\",\"logo\":{\"@type\":\"ImageObject\",\"inLanguage\":\"de\",\"@id\":\"https:\\\/\\\/sagrinex.com\\\/#\\\/schema\\\/logo\\\/image\\\/\",\"url\":\"https:\\\/\\\/sagrinex.com\\\/wp-content\\\/uploads\\\/2026\\\/03\\\/7f1ac463-ef5a-425d-bdd6-a5da03a334a9-1024x683.png\",\"contentUrl\":\"https:\\\/\\\/sagrinex.com\\\/wp-content\\\/uploads\\\/2026\\\/03\\\/7f1ac463-ef5a-425d-bdd6-a5da03a334a9-1024x683.png\",\"width\":1024,\"height\":683,\"caption\":\"Sagrinex \u2013 Remorques, Conteneurs & Mat\u00e9riel Agricole\"},\"image\":{\"@id\":\"https:\\\/\\\/sagrinex.com\\\/#\\\/schema\\\/logo\\\/image\\\/\"}}]}<\/script>\n<!-- \/ Yoast SEO plugin. -->","yoast_head_json":{"title":"Container 20 Fu\u00df Dry","robots":{"index":"index","follow":"follow","max-snippet":"max-snippet:-1","max-image-preview":"max-image-preview:large","max-video-preview":"max-video-preview:-1"},"canonical":"https:\/\/sagrinex.com\/produit\/conteneurs-20-pieds-dry\/","og_locale":"de_DE","og_type":"article","og_title":"Container 20 Fu\u00df Dry","og_description":"Eigenschaften   Bester Kompromiss Gr\u00f6\u00dfe \/ Preis \/ Lieferfreundlichkeit  Vielf\u00e4ltige Verwendungsm\u00f6glichkeiten: Gartenschuppen, Jagdh\u00fctte, Baustellencontainer, Lagerung aller Art, etc.  Am weitesten verbreiteter Container auf dem Self-Storage-Markt (M\u00f6bellager)  Doppelt\u00fcren verriegelbar durch 4 Espagnoletten und sicherbar durch ein Vorh\u00e4ngeschloss  Marineschichtholzboden St\u00e4rke 28 mm   Der Container 20 Fu\u00df dry ist, zusammen mit dem 40 Fu\u00df dry, der am h\u00e4ufigsten verwendete Container f\u00fcr den Seetransport. Dieses Modell ist der beste Kompromiss Gr\u00f6\u00dfe \/ Preis \/ Lieferfreundlichkeit. Es wird all Ihren Bed\u00fcrfnissen gerecht: Gartenschuppen, Jagdh\u00fctte, Baustellencontainer, Lagerung aller Art, etc. Er kann auch individuell angepasst werden, um daraus ein B\u00fcro, einen Pflanzenschutzraum, einen Entspannungsbereich, ein Spa, einen Imbiss, eine Sommerk\u00fcche, etc. zu machen. Der 20' dry ist aus CORTEN-Stahl gefertigt. Diese Stahlart weist wichtige Widerstandseigenschaften gegen atmosph\u00e4rische Bedingungen auf See auf. Seine Doppelt\u00fcren sind durch 4 Espagnoletten verriegelbar und durch ein Sicherheitsvorh\u00e4ngeschloss sicherbar. Der Boden ist aus Marineschichtholz St\u00e4rke 28mm. Der Container besitzt 4 ISO-Ecken, die seine Verriegelung beim Stra\u00dfen-, Schienen- oder Seetransport erm\u00f6glichen.","og_url":"https:\/\/sagrinex.com\/produit\/conteneurs-20-pieds-dry\/","og_site_name":"Sagrinex \u2013 Anhaenger, Container &amp; Landtechnik \ud83c\udf3e\ud83d\ude9c","twitter_card":"summary_large_image","schema":{"@context":"https:\/\/schema.org","@graph":[{"@type":"WebPage","@id":"https:\/\/sagrinex.com\/produit\/conteneurs-20-pieds-dry\/","url":"https:\/\/sagrinex.com\/produit\/conteneurs-20-pieds-dry\/","name":"Container 20 Fu\u00df Dry","isPartOf":{"@id":"https:\/\/sagrinex.com\/#website"},"primaryImageOfPage":{"@id":"https:\/\/sagrinex.com\/produit\/conteneurs-20-pieds-dry\/#primaryimage"},"image":{"@id":"https:\/\/sagrinex.com\/produit\/conteneurs-20-pieds-dry\/#primaryimage"},"thumbnailUrl":"https:\/\/sagrinex.com\/wp-content\/uploads\/2026\/03\/Image-139-2.jpeg","datePublished":"2026-03-15T17:06:15+00:00","breadcrumb":{"@id":"https:\/\/sagrinex.com\/produit\/conteneurs-20-pieds-dry\/#breadcrumb"},"inLanguage":"de","potentialAction":[{"@type":"ReadAction","target":["https:\/\/sagrinex.com\/produit\/conteneurs-20-pieds-dry\/"]}]},{"@type":"ImageObject","inLanguage":"de","@id":"https:\/\/sagrinex.com\/produit\/conteneurs-20-pieds-dry\/#primaryimage","url":"https:\/\/sagrinex.com\/wp-content\/uploads\/2026\/03\/Image-139-2.jpeg","contentUrl":"https:\/\/sagrinex.com\/wp-content\/uploads\/2026\/03\/Image-139-2.jpeg","width":640,"height":480},{"@type":"BreadcrumbList","@id":"https:\/\/sagrinex.com\/produit\/conteneurs-20-pieds-dry\/#breadcrumb","itemListElement":[{"@type":"ListItem","position":1,"name":"Accueil","item":"https:\/\/sagrinex.com\/?lang=de"},{"@type":"ListItem","position":2,"name":"Shop","item":"https:\/\/sagrinex.com\/shop\/"},{"@type":"ListItem","position":3,"name":"Container 20 Fu\u00df Dry"}]},{"@type":"WebSite","@id":"https:\/\/sagrinex.com\/#website","url":"https:\/\/sagrinex.com\/","name":"Sagrinex \u2013 Spezialist f\u00fcr Anh\u00e4nger, Container & Landtechnik","description":"Anhaenger, Container &amp; Landtechnik \u2014 Online-Verkauf &amp; kostenloses Angebot","publisher":{"@id":"https:\/\/sagrinex.com\/#organization"},"potentialAction":[{"@type":"SearchAction","target":{"@type":"EntryPoint","urlTemplate":"https:\/\/sagrinex.com\/?s={search_term_string}"},"query-input":{"@type":"PropertyValueSpecification","valueRequired":true,"valueName":"search_term_string"}}],"inLanguage":"de"},{"@type":"Organization","@id":"https:\/\/sagrinex.com\/#organization","name":"Sagrinex \u2013 Remorques, Conteneurs & Mat\u00e9riel Agricole","url":"https:\/\/sagrinex.com\/","logo":{"@type":"ImageObject","inLanguage":"de","@id":"https:\/\/sagrinex.com\/#\/schema\/logo\/image\/","url":"https:\/\/sagrinex.com\/wp-content\/uploads\/2026\/03\/7f1ac463-ef5a-425d-bdd6-a5da03a334a9-1024x683.png","contentUrl":"https:\/\/sagrinex.com\/wp-content\/uploads\/2026\/03\/7f1ac463-ef5a-425d-bdd6-a5da03a334a9-1024x683.png","width":1024,"height":683,"caption":"Sagrinex \u2013 Remorques, Conteneurs & Mat\u00e9riel Agricole"},"image":{"@id":"https:\/\/sagrinex.com\/#\/schema\/logo\/image\/"}}]}},"jetpack_sharing_enabled":true,"_links":{"self":[{"href":"https:\/\/sagrinex.com\/de\/wp-json\/wp\/v2\/product\/14284","targetHints":{"allow":["GET"]}}],"collection":[{"href":"https:\/\/sagrinex.com\/de\/wp-json\/wp\/v2\/product"}],"about":[{"href":"https:\/\/sagrinex.com\/de\/wp-json\/wp\/v2\/types\/product"}],"replies":[{"embeddable":true,"href":"https:\/\/sagrinex.com\/de\/wp-json\/wp\/v2\/comments?post=14284"}],"version-history":[{"count":0,"href":"https:\/\/sagrinex.com\/de\/wp-json\/wp\/v2\/product\/14284\/revisions"}],"wp:featuredmedia":[{"embeddable":true,"href":"https:\/\/sagrinex.com\/de\/wp-json\/wp\/v2\/media\/16199"}],"wp:attachment":[{"href":"https:\/\/sagrinex.com\/de\/wp-json\/wp\/v2\/media?parent=14284"}],"wp:term":[{"taxonomy":"product_brand","embeddable":true,"href":"https:\/\/sagrinex.com\/de\/wp-json\/wp\/v2\/product_brand?post=14284"},{"taxonomy":"product_cat","embeddable":true,"href":"https:\/\/sagrinex.com\/de\/wp-json\/wp\/v2\/product_cat?post=14284"},{"taxonomy":"product_tag","embeddable":true,"href":"https:\/\/sagrinex.com\/de\/wp-json\/wp\/v2\/product_tag?post=14284"}],"curies":[{"name":"wp","href":"https:\/\/api.w.org\/{rel}","templated":true}]}}