{"id":14287,"date":"2026-03-16T09:52:10","date_gmt":"2026-03-16T09:52:10","guid":{"rendered":"https:\/\/sagrinex.com\/produit\/lagercontainer-container-material-20-ft-a-qualitaet-gebraucht\/"},"modified":"2026-04-15T21:12:17","modified_gmt":"2026-04-15T21:12:17","slug":"lagercontainer-container-material-20-ft-a-qualitaet-gebraucht","status":"publish","type":"product","link":"https:\/\/sagrinex.com\/de\/produit\/lagercontainer-container-material-20-ft-a-qualitaet-gebraucht\/","title":{"rendered":"Lagercontainer Container Material 20 Ft. A-qualit\u00e4t Gebraucht"},"content":{"rendered":"<div class=\"odd:bg-brandcolor-gray-light flex flex-row flex-wrap justify-stretch p-2\">\n<div class=\"basis-1\/3 font-medium md:basis-1\/2\"><strong>Typ: <\/strong>Materialcontainer<\/div>\n<\/div>\n<div class=\"odd:bg-brandcolor-gray-light flex flex-row flex-wrap justify-stretch p-2\">\n<div class=\"basis-1\/3 font-medium md:basis-1\/2\"><strong>Version: <\/strong>20 ft. A-Qualit\u00e4t<\/div>\n<\/div>\n<div class=\"odd:bg-brandcolor-gray-light flex flex-row flex-wrap justify-stretch p-2\">\n<div class=\"basis-1\/3 font-medium md:basis-1\/2\"><strong>Artikelklassifizierung: <\/strong>Gebraucht<\/div>\n<\/div>\n<div class=\"odd:bg-brandcolor-gray-light flex flex-row flex-wrap justify-stretch p-2\">\n<div class=\"basis-1\/3 font-medium md:basis-1\/2\"><strong>Material: <\/strong>Stahl<\/div>\n<\/div>\n<div class=\"odd:bg-brandcolor-gray-light flex flex-row flex-wrap justify-stretch p-2\">\n<div class=\"basis-1\/3 font-medium md:basis-1\/2\"><strong>Boden: <\/strong>Profil und Holz und Stahl<\/div>\n<\/div>\n<div class=\"odd:bg-brandcolor-gray-light flex flex-row flex-wrap justify-stretch p-2\">\n<div class=\"basis-1\/3 font-medium md:basis-1\/2\"><strong>Vorderwand: <\/strong>profilierter Stahl<\/div>\n<\/div>\n<div class=\"odd:bg-brandcolor-gray-light flex flex-row flex-wrap justify-stretch p-2\">\n<div class=\"basis-1\/3 font-medium md:basis-1\/2\"><strong>Farbe: <\/strong>verschiedene Farben<\/div>\n<\/div>\n<div class=\"odd:bg-brandcolor-gray-light flex flex-row flex-wrap justify-stretch p-2\">\n<div class=\"basis-1\/3 font-medium md:basis-1\/2\"><strong>Oberfl\u00e4chenbehandlung: <\/strong>lackiert<\/div>\n<\/div>\n<div class=\"odd:bg-brandcolor-gray-light flex flex-row flex-wrap justify-stretch p-2\">\n<div class=\"basis-1\/3 font-medium md:basis-1\/2\"><strong>L\u00e4nge (mm): <\/strong>6058<\/div>\n<\/div>\n<div class=\"odd:bg-brandcolor-gray-light flex flex-row flex-wrap justify-stretch p-2\">\n<div class=\"basis-1\/3 font-medium md:basis-1\/2\"><strong>Breite (mm): <\/strong>2438<\/div>\n<\/div>\n<div class=\"odd:bg-brandcolor-gray-light flex flex-row flex-wrap justify-stretch p-2\">\n<div class=\"basis-1\/3 font-medium md:basis-1\/2\"><strong>H\u00f6he (mm): <\/strong>2591<\/div>\n<\/div>\n<div class=\"odd:bg-brandcolor-gray-light flex flex-row flex-wrap justify-stretch p-2\">\n<div class=\"basis-1\/3 font-medium md:basis-1\/2\"><strong>Kapazit\u00e4t (Ltr): <\/strong>33000<\/div>\n<\/div>\n<div class=\"odd:bg-brandcolor-gray-light flex flex-row flex-wrap justify-stretch p-2\">\n<div class=\"basis-1\/3 font-medium md:basis-1\/2\"><strong>Gewicht (kg): <\/strong>2200<\/div>\n<\/div>\n<div class=\"odd:bg-brandcolor-gray-light flex flex-row flex-wrap justify-stretch p-2\">\n<div class=\"basis-1\/3 font-medium md:basis-1\/2\"><strong>Typ Nummer: <\/strong>0476-A<\/div>\n<\/div>\n","protected":false},"excerpt":{"rendered":"<p>Sie haben ein gebrauchtes Produkt ausgew\u00e4hlt. Sagrinex.com hat die Aufgabe, gebrauchte Produkte in gutem Zustand oder sofort verwendbar anzubieten. Wir bem\u00fchen uns, das treueste Bild dieser Produkte zu vermitteln. Gebrauchte Produkte werden nicht einzeln entstaubt und von eventuellen Aufklebern befreit. Daher unterliegt ihr visueller und technischer Zustand der pers\u00f6nlichen Interpretation. Wir f\u00fchren eine sorgf\u00e4ltige Sortierung basierend auf unserer mehr als 60-j\u00e4hrigen Erfahrung durch. Mit der Bestellung akzeptieren Sie den Zustand, in dem sich die Produkte befinden. Es ist nicht m\u00f6glich, gebrauchte Produkte zur\u00fcckzugeben. Es ist nicht m\u00f6glich, verwendete Produkte zur\u00fcckzugeben. Bei gebrauchten Produkten sind die Tragf\u00e4higkeiten nicht bekannt und k\u00f6nnen daher nicht garantiert werden.<\/p>\n","protected":false},"featured_media":16317,"comment_status":"open","ping_status":"closed","template":"","meta":[],"product_brand":[],"product_cat":[351,347],"product_tag":[],"class_list":{"0":"post-14287","1":"product","2":"type-product","3":"status-publish","4":"has-post-thumbnail","6":"product_cat-standardspeicher","7":"product_cat-unsere-container","9":"first","10":"instock","11":"shipping-taxable","12":"purchasable","13":"product-type-simple"},"yoast_head":"<!-- This site is optimized with the Yoast SEO plugin v27.4 - https:\/\/yoast.com\/product\/yoast-seo-wordpress\/ -->\n<title>Lagercontainer Container Material 20 ft. A-Qualit\u00e4t Gebraucht<\/title>\n<meta name=\"description\" content=\"Sie haben ein gebrauchtes Produkt ausgew\u00e4hlt. Sagrinex.com hat die Aufgabe, gebrauchte Produkte in gutem Zustand oder sofort verwendbar anzubieten. Wir bem\u00fchen uns, das treueste Bild dieser Produkte zu vermitteln. Gebrauchte Produkte werden nicht einzeln entstaubt und von eventuellen Aufklebern befreit. Daher unterliegt ihr visueller und technischer Zustand der pers\u00f6nlichen Interpretation. Wir f\u00fchren eine sorgf\u00e4ltige Sortierung basierend auf unserer mehr als 60-j\u00e4hrigen Erfahrung durch. Mit der Bestellung akzeptieren Sie den Zustand, in dem sich die Produkte befinden. Es ist nicht m\u00f6glich, gebrauchte Produkte zur\u00fcckzugeben. Es ist nicht m\u00f6glich, verwendete Produkte zur\u00fcckzugeben. Bei gebrauchten Produkten sind die Tragf\u00e4higkeiten nicht bekannt und k\u00f6nnen daher nicht garantiert werden.\" \/>\n<meta name=\"robots\" content=\"index, follow, max-snippet:-1, max-image-preview:large, max-video-preview:-1\" \/>\n<link rel=\"canonical\" href=\"https:\/\/sagrinex.com\/produit\/conteneur-de-stockage-conteneur-materiel-20-ft-a-qualite-occasion\/\" \/>\n<meta property=\"og:locale\" content=\"de_DE\" \/>\n<meta property=\"og:type\" content=\"article\" \/>\n<meta property=\"og:title\" content=\"Lagercontainer Container Material 20 ft. A-Qualit\u00e4t Gebraucht\" \/>\n<meta property=\"og:description\" content=\"Sie haben ein gebrauchtes Produkt ausgew\u00e4hlt. Sagrinex.com hat die Aufgabe, gebrauchte Produkte in gutem Zustand oder sofort verwendbar anzubieten. Wir bem\u00fchen uns, das treueste Bild dieser Produkte zu vermitteln. Gebrauchte Produkte werden nicht einzeln entstaubt und von eventuellen Aufklebern befreit. Daher unterliegt ihr visueller und technischer Zustand der pers\u00f6nlichen Interpretation. Wir f\u00fchren eine sorgf\u00e4ltige Sortierung basierend auf unserer mehr als 60-j\u00e4hrigen Erfahrung durch. Mit der Bestellung akzeptieren Sie den Zustand, in dem sich die Produkte befinden. Es ist nicht m\u00f6glich, gebrauchte Produkte zur\u00fcckzugeben. Es ist nicht m\u00f6glich, verwendete Produkte zur\u00fcckzugeben. Bei gebrauchten Produkten sind die Tragf\u00e4higkeiten nicht bekannt und k\u00f6nnen daher nicht garantiert werden.\" \/>\n<meta property=\"og:url\" content=\"https:\/\/sagrinex.com\/produit\/conteneur-de-stockage-conteneur-materiel-20-ft-a-qualite-occasion\/\" \/>\n<meta property=\"og:site_name\" content=\"Sagrinex \u2013 Anhaenger, Container &amp; Landtechnik \ud83c\udf3e\ud83d\ude9c\" \/>\n<meta property=\"article:modified_time\" content=\"2026-04-15T21:12:17+00:00\" \/>\n<meta property=\"og:image\" content=\"https:\/\/sagrinex.com\/wp-content\/uploads\/2026\/03\/Image-275-2.jpeg\" \/>\n\t<meta property=\"og:image:width\" content=\"800\" \/>\n\t<meta property=\"og:image:height\" content=\"800\" \/>\n\t<meta property=\"og:image:type\" content=\"image\/jpeg\" \/>\n<meta name=\"twitter:card\" content=\"summary_large_image\" \/>\n<script type=\"application\/ld+json\" class=\"yoast-schema-graph\">{\"@context\":\"https:\\\/\\\/schema.org\",\"@graph\":[{\"@type\":\"WebPage\",\"@id\":\"https:\\\/\\\/sagrinex.com\\\/produit\\\/conteneur-de-stockage-conteneur-materiel-20-ft-a-qualite-occasion\\\/\",\"url\":\"https:\\\/\\\/sagrinex.com\\\/produit\\\/conteneur-de-stockage-conteneur-materiel-20-ft-a-qualite-occasion\\\/\",\"name\":\"Lagercontainer Container Material 20 ft. A-Qualit\u00e4t Gebraucht\",\"isPartOf\":{\"@id\":\"https:\\\/\\\/sagrinex.com\\\/#website\"},\"primaryImageOfPage\":{\"@id\":\"https:\\\/\\\/sagrinex.com\\\/produit\\\/conteneur-de-stockage-conteneur-materiel-20-ft-a-qualite-occasion\\\/#primaryimage\"},\"image\":{\"@id\":\"https:\\\/\\\/sagrinex.com\\\/produit\\\/conteneur-de-stockage-conteneur-materiel-20-ft-a-qualite-occasion\\\/#primaryimage\"},\"thumbnailUrl\":\"https:\\\/\\\/sagrinex.com\\\/wp-content\\\/uploads\\\/2026\\\/03\\\/Image-275-2.jpeg\",\"datePublished\":\"2026-03-16T09:52:10+00:00\",\"dateModified\":\"2026-04-15T21:12:17+00:00\",\"description\":\"Sie haben ein gebrauchtes Produkt ausgew\u00e4hlt. Sagrinex.com hat die Aufgabe, gebrauchte Produkte in gutem Zustand oder sofort verwendbar anzubieten. Wir bem\u00fchen uns, das treueste Bild dieser Produkte zu vermitteln. Gebrauchte Produkte werden nicht einzeln entstaubt und von eventuellen Aufklebern befreit. Daher unterliegt ihr visueller und technischer Zustand der pers\u00f6nlichen Interpretation. Wir f\u00fchren eine sorgf\u00e4ltige Sortierung basierend auf unserer mehr als 60-j\u00e4hrigen Erfahrung durch. Mit der Bestellung akzeptieren Sie den Zustand, in dem sich die Produkte befinden. Es ist nicht m\u00f6glich, gebrauchte Produkte zur\u00fcckzugeben. Es ist nicht m\u00f6glich, verwendete Produkte zur\u00fcckzugeben. Bei gebrauchten Produkten sind die Tragf\u00e4higkeiten nicht bekannt und k\u00f6nnen daher nicht garantiert werden.\",\"breadcrumb\":{\"@id\":\"https:\\\/\\\/sagrinex.com\\\/produit\\\/conteneur-de-stockage-conteneur-materiel-20-ft-a-qualite-occasion\\\/#breadcrumb\"},\"inLanguage\":\"de\",\"potentialAction\":[{\"@type\":\"ReadAction\",\"target\":[\"https:\\\/\\\/sagrinex.com\\\/produit\\\/conteneur-de-stockage-conteneur-materiel-20-ft-a-qualite-occasion\\\/\"]}]},{\"@type\":\"ImageObject\",\"inLanguage\":\"de\",\"@id\":\"https:\\\/\\\/sagrinex.com\\\/produit\\\/conteneur-de-stockage-conteneur-materiel-20-ft-a-qualite-occasion\\\/#primaryimage\",\"url\":\"https:\\\/\\\/sagrinex.com\\\/wp-content\\\/uploads\\\/2026\\\/03\\\/Image-275-2.jpeg\",\"contentUrl\":\"https:\\\/\\\/sagrinex.com\\\/wp-content\\\/uploads\\\/2026\\\/03\\\/Image-275-2.jpeg\",\"width\":800,\"height\":800},{\"@type\":\"BreadcrumbList\",\"@id\":\"https:\\\/\\\/sagrinex.com\\\/produit\\\/conteneur-de-stockage-conteneur-materiel-20-ft-a-qualite-occasion\\\/#breadcrumb\",\"itemListElement\":[{\"@type\":\"ListItem\",\"position\":1,\"name\":\"Accueil\",\"item\":\"https:\\\/\\\/sagrinex.com\\\/?lang=de\"},{\"@type\":\"ListItem\",\"position\":2,\"name\":\"Shop\",\"item\":\"https:\\\/\\\/sagrinex.com\\\/shop\\\/\"},{\"@type\":\"ListItem\",\"position\":3,\"name\":\"Lagercontainer Container Material 20 Ft. A-qualit\u00e4t Gebraucht\"}]},{\"@type\":\"WebSite\",\"@id\":\"https:\\\/\\\/sagrinex.com\\\/#website\",\"url\":\"https:\\\/\\\/sagrinex.com\\\/\",\"name\":\"Sagrinex \u2013 Spezialist f\u00fcr Anh\u00e4nger, Container & Landtechnik\",\"description\":\"Anhaenger, Container &amp; Landtechnik \u2014 Online-Verkauf &amp; kostenloses Angebot\",\"publisher\":{\"@id\":\"https:\\\/\\\/sagrinex.com\\\/#organization\"},\"potentialAction\":[{\"@type\":\"SearchAction\",\"target\":{\"@type\":\"EntryPoint\",\"urlTemplate\":\"https:\\\/\\\/sagrinex.com\\\/?s={search_term_string}\"},\"query-input\":{\"@type\":\"PropertyValueSpecification\",\"valueRequired\":true,\"valueName\":\"search_term_string\"}}],\"inLanguage\":\"de\"},{\"@type\":\"Organization\",\"@id\":\"https:\\\/\\\/sagrinex.com\\\/#organization\",\"name\":\"Sagrinex \u2013 Remorques, Conteneurs & Mat\u00e9riel Agricole\",\"url\":\"https:\\\/\\\/sagrinex.com\\\/\",\"logo\":{\"@type\":\"ImageObject\",\"inLanguage\":\"de\",\"@id\":\"https:\\\/\\\/sagrinex.com\\\/#\\\/schema\\\/logo\\\/image\\\/\",\"url\":\"https:\\\/\\\/sagrinex.com\\\/wp-content\\\/uploads\\\/2026\\\/03\\\/7f1ac463-ef5a-425d-bdd6-a5da03a334a9-1024x683.png\",\"contentUrl\":\"https:\\\/\\\/sagrinex.com\\\/wp-content\\\/uploads\\\/2026\\\/03\\\/7f1ac463-ef5a-425d-bdd6-a5da03a334a9-1024x683.png\",\"width\":1024,\"height\":683,\"caption\":\"Sagrinex \u2013 Remorques, Conteneurs & Mat\u00e9riel Agricole\"},\"image\":{\"@id\":\"https:\\\/\\\/sagrinex.com\\\/#\\\/schema\\\/logo\\\/image\\\/\"}}]}<\/script>\n<!-- \/ Yoast SEO plugin. -->","yoast_head_json":{"title":"Lagercontainer Container Material 20 ft. A-Qualit\u00e4t Gebraucht","description":"Sie haben ein gebrauchtes Produkt ausgew\u00e4hlt. Sagrinex.com hat die Aufgabe, gebrauchte Produkte in gutem Zustand oder sofort verwendbar anzubieten. Wir bem\u00fchen uns, das treueste Bild dieser Produkte zu vermitteln. Gebrauchte Produkte werden nicht einzeln entstaubt und von eventuellen Aufklebern befreit. Daher unterliegt ihr visueller und technischer Zustand der pers\u00f6nlichen Interpretation. Wir f\u00fchren eine sorgf\u00e4ltige Sortierung basierend auf unserer mehr als 60-j\u00e4hrigen Erfahrung durch. Mit der Bestellung akzeptieren Sie den Zustand, in dem sich die Produkte befinden. Es ist nicht m\u00f6glich, gebrauchte Produkte zur\u00fcckzugeben. Es ist nicht m\u00f6glich, verwendete Produkte zur\u00fcckzugeben. Bei gebrauchten Produkten sind die Tragf\u00e4higkeiten nicht bekannt und k\u00f6nnen daher nicht garantiert werden.","robots":{"index":"index","follow":"follow","max-snippet":"max-snippet:-1","max-image-preview":"max-image-preview:large","max-video-preview":"max-video-preview:-1"},"canonical":"https:\/\/sagrinex.com\/produit\/conteneur-de-stockage-conteneur-materiel-20-ft-a-qualite-occasion\/","og_locale":"de_DE","og_type":"article","og_title":"Lagercontainer Container Material 20 ft. A-Qualit\u00e4t Gebraucht","og_description":"Sie haben ein gebrauchtes Produkt ausgew\u00e4hlt. Sagrinex.com hat die Aufgabe, gebrauchte Produkte in gutem Zustand oder sofort verwendbar anzubieten. Wir bem\u00fchen uns, das treueste Bild dieser Produkte zu vermitteln. Gebrauchte Produkte werden nicht einzeln entstaubt und von eventuellen Aufklebern befreit. Daher unterliegt ihr visueller und technischer Zustand der pers\u00f6nlichen Interpretation. Wir f\u00fchren eine sorgf\u00e4ltige Sortierung basierend auf unserer mehr als 60-j\u00e4hrigen Erfahrung durch. Mit der Bestellung akzeptieren Sie den Zustand, in dem sich die Produkte befinden. Es ist nicht m\u00f6glich, gebrauchte Produkte zur\u00fcckzugeben. Es ist nicht m\u00f6glich, verwendete Produkte zur\u00fcckzugeben. Bei gebrauchten Produkten sind die Tragf\u00e4higkeiten nicht bekannt und k\u00f6nnen daher nicht garantiert werden.","og_url":"https:\/\/sagrinex.com\/produit\/conteneur-de-stockage-conteneur-materiel-20-ft-a-qualite-occasion\/","og_site_name":"Sagrinex \u2013 Anhaenger, Container &amp; Landtechnik \ud83c\udf3e\ud83d\ude9c","article_modified_time":"2026-04-15T21:12:17+00:00","og_image":[{"width":800,"height":800,"url":"https:\/\/sagrinex.com\/wp-content\/uploads\/2026\/03\/Image-275-2.jpeg","type":"image\/jpeg"}],"twitter_card":"summary_large_image","schema":{"@context":"https:\/\/schema.org","@graph":[{"@type":"WebPage","@id":"https:\/\/sagrinex.com\/produit\/conteneur-de-stockage-conteneur-materiel-20-ft-a-qualite-occasion\/","url":"https:\/\/sagrinex.com\/produit\/conteneur-de-stockage-conteneur-materiel-20-ft-a-qualite-occasion\/","name":"Lagercontainer Container Material 20 ft. A-Qualit\u00e4t Gebraucht","isPartOf":{"@id":"https:\/\/sagrinex.com\/#website"},"primaryImageOfPage":{"@id":"https:\/\/sagrinex.com\/produit\/conteneur-de-stockage-conteneur-materiel-20-ft-a-qualite-occasion\/#primaryimage"},"image":{"@id":"https:\/\/sagrinex.com\/produit\/conteneur-de-stockage-conteneur-materiel-20-ft-a-qualite-occasion\/#primaryimage"},"thumbnailUrl":"https:\/\/sagrinex.com\/wp-content\/uploads\/2026\/03\/Image-275-2.jpeg","datePublished":"2026-03-16T09:52:10+00:00","dateModified":"2026-04-15T21:12:17+00:00","description":"Sie haben ein gebrauchtes Produkt ausgew\u00e4hlt. Sagrinex.com hat die Aufgabe, gebrauchte Produkte in gutem Zustand oder sofort verwendbar anzubieten. Wir bem\u00fchen uns, das treueste Bild dieser Produkte zu vermitteln. Gebrauchte Produkte werden nicht einzeln entstaubt und von eventuellen Aufklebern befreit. Daher unterliegt ihr visueller und technischer Zustand der pers\u00f6nlichen Interpretation. Wir f\u00fchren eine sorgf\u00e4ltige Sortierung basierend auf unserer mehr als 60-j\u00e4hrigen Erfahrung durch. Mit der Bestellung akzeptieren Sie den Zustand, in dem sich die Produkte befinden. Es ist nicht m\u00f6glich, gebrauchte Produkte zur\u00fcckzugeben. Es ist nicht m\u00f6glich, verwendete Produkte zur\u00fcckzugeben. Bei gebrauchten Produkten sind die Tragf\u00e4higkeiten nicht bekannt und k\u00f6nnen daher nicht garantiert werden.","breadcrumb":{"@id":"https:\/\/sagrinex.com\/produit\/conteneur-de-stockage-conteneur-materiel-20-ft-a-qualite-occasion\/#breadcrumb"},"inLanguage":"de","potentialAction":[{"@type":"ReadAction","target":["https:\/\/sagrinex.com\/produit\/conteneur-de-stockage-conteneur-materiel-20-ft-a-qualite-occasion\/"]}]},{"@type":"ImageObject","inLanguage":"de","@id":"https:\/\/sagrinex.com\/produit\/conteneur-de-stockage-conteneur-materiel-20-ft-a-qualite-occasion\/#primaryimage","url":"https:\/\/sagrinex.com\/wp-content\/uploads\/2026\/03\/Image-275-2.jpeg","contentUrl":"https:\/\/sagrinex.com\/wp-content\/uploads\/2026\/03\/Image-275-2.jpeg","width":800,"height":800},{"@type":"BreadcrumbList","@id":"https:\/\/sagrinex.com\/produit\/conteneur-de-stockage-conteneur-materiel-20-ft-a-qualite-occasion\/#breadcrumb","itemListElement":[{"@type":"ListItem","position":1,"name":"Accueil","item":"https:\/\/sagrinex.com\/?lang=de"},{"@type":"ListItem","position":2,"name":"Shop","item":"https:\/\/sagrinex.com\/shop\/"},{"@type":"ListItem","position":3,"name":"Lagercontainer Container Material 20 Ft. A-qualit\u00e4t Gebraucht"}]},{"@type":"WebSite","@id":"https:\/\/sagrinex.com\/#website","url":"https:\/\/sagrinex.com\/","name":"Sagrinex \u2013 Spezialist f\u00fcr Anh\u00e4nger, Container & Landtechnik","description":"Anhaenger, Container &amp; Landtechnik \u2014 Online-Verkauf &amp; kostenloses Angebot","publisher":{"@id":"https:\/\/sagrinex.com\/#organization"},"potentialAction":[{"@type":"SearchAction","target":{"@type":"EntryPoint","urlTemplate":"https:\/\/sagrinex.com\/?s={search_term_string}"},"query-input":{"@type":"PropertyValueSpecification","valueRequired":true,"valueName":"search_term_string"}}],"inLanguage":"de"},{"@type":"Organization","@id":"https:\/\/sagrinex.com\/#organization","name":"Sagrinex \u2013 Remorques, Conteneurs & Mat\u00e9riel Agricole","url":"https:\/\/sagrinex.com\/","logo":{"@type":"ImageObject","inLanguage":"de","@id":"https:\/\/sagrinex.com\/#\/schema\/logo\/image\/","url":"https:\/\/sagrinex.com\/wp-content\/uploads\/2026\/03\/7f1ac463-ef5a-425d-bdd6-a5da03a334a9-1024x683.png","contentUrl":"https:\/\/sagrinex.com\/wp-content\/uploads\/2026\/03\/7f1ac463-ef5a-425d-bdd6-a5da03a334a9-1024x683.png","width":1024,"height":683,"caption":"Sagrinex \u2013 Remorques, Conteneurs & Mat\u00e9riel Agricole"},"image":{"@id":"https:\/\/sagrinex.com\/#\/schema\/logo\/image\/"}}]}},"jetpack_sharing_enabled":true,"_links":{"self":[{"href":"https:\/\/sagrinex.com\/de\/wp-json\/wp\/v2\/product\/14287","targetHints":{"allow":["GET"]}}],"collection":[{"href":"https:\/\/sagrinex.com\/de\/wp-json\/wp\/v2\/product"}],"about":[{"href":"https:\/\/sagrinex.com\/de\/wp-json\/wp\/v2\/types\/product"}],"replies":[{"embeddable":true,"href":"https:\/\/sagrinex.com\/de\/wp-json\/wp\/v2\/comments?post=14287"}],"version-history":[{"count":0,"href":"https:\/\/sagrinex.com\/de\/wp-json\/wp\/v2\/product\/14287\/revisions"}],"wp:featuredmedia":[{"embeddable":true,"href":"https:\/\/sagrinex.com\/de\/wp-json\/wp\/v2\/media\/16317"}],"wp:attachment":[{"href":"https:\/\/sagrinex.com\/de\/wp-json\/wp\/v2\/media?parent=14287"}],"wp:term":[{"taxonomy":"product_brand","embeddable":true,"href":"https:\/\/sagrinex.com\/de\/wp-json\/wp\/v2\/product_brand?post=14287"},{"taxonomy":"product_cat","embeddable":true,"href":"https:\/\/sagrinex.com\/de\/wp-json\/wp\/v2\/product_cat?post=14287"},{"taxonomy":"product_tag","embeddable":true,"href":"https:\/\/sagrinex.com\/de\/wp-json\/wp\/v2\/product_tag?post=14287"}],"curies":[{"name":"wp","href":"https:\/\/api.w.org\/{rel}","templated":true}]}}