{"id":14288,"date":"2026-03-15T13:39:47","date_gmt":"2026-03-15T13:39:47","guid":{"rendered":"https:\/\/sagrinex.com\/produit\/neuer-10-fuss-lagercontainer\/"},"modified":"2026-03-15T13:39:47","modified_gmt":"2026-03-15T13:39:47","slug":"neuer-10-fuss-lagercontainer","status":"publish","type":"product","link":"https:\/\/sagrinex.com\/de\/produit\/neuer-10-fuss-lagercontainer\/","title":{"rendered":"Neuer 10 Fu\u00df Lagercontainer"},"content":{"rendered":"<h1 data-start=\"122\" data-end=\"179\"><strong data-start=\"124\" data-end=\"179\">Charakteristische Techniken \u2013 Lagerbeh\u00e4lter<\/strong><\/h1>\n<h3 data-start=\"181\" data-end=\"211\"><strong data-start=\"185\" data-end=\"211\">Au\u00dfenabmessungen<\/strong><\/h3>\n<ul data-start=\"212\" data-end=\"270\">\n<li data-start=\"212\" data-end=\"230\">\n<p data-start=\"214\" data-end=\"230\"><strong data-start=\"214\" data-end=\"221\">H:<\/strong> 225 cm<\/p>\n<\/li>\n<li data-start=\"231\" data-end=\"249\">\n<p data-start=\"233\" data-end=\"249\"><strong data-start=\"233\" data-end=\"240\">L:<\/strong> 220 cm<\/p>\n<\/li>\n<li data-start=\"250\" data-end=\"270\">\n<p data-start=\"252\" data-end=\"270\"><strong data-start=\"252\" data-end=\"259\">P :<\/strong> 299,1 cm<\/p>\n<\/li>\n<\/ul>\n<h3 data-start=\"272\" data-end=\"302\"><strong data-start=\"276\" data-end=\"302\">Innenma\u00dfe<\/strong><\/h3>\n<ul data-start=\"303\" data-end=\"361\">\n<li data-start=\"303\" data-end=\"321\">\n<p data-start=\"305\" data-end=\"321\"><strong data-start=\"305\" data-end=\"312\">H:<\/strong> 202 cm<\/p>\n<\/li>\n<li data-start=\"322\" data-end=\"340\">\n<p data-start=\"324\" data-end=\"340\"><strong data-start=\"324\" data-end=\"331\">L:<\/strong> 207 cm<\/p>\n<\/li>\n<li data-start=\"341\" data-end=\"361\">\n<p data-start=\"343\" data-end=\"361\"><strong data-start=\"343\" data-end=\"350\">P :<\/strong> 279,1 cm<\/p>\n<\/li>\n<\/ul>\n<hr data-start=\"363\" data-end=\"366\" \/>\n<h3 data-start=\"368\" data-end=\"385\"><strong data-start=\"372\" data-end=\"385\">Struktur<\/strong><\/h3>\n<ul data-start=\"386\" data-end=\"535\">\n<li data-start=\"386\" data-end=\"462\">\n<p data-start=\"388\" data-end=\"462\">Profile f\u00fcr den gesamten Nasslack (ca. 3 mm), lackiert <strong data-start=\"442\" data-end=\"460\">Wei\u00df RAL 9010<\/strong><\/p>\n<\/li>\n<li data-start=\"463\" data-end=\"535\">\n<p data-start=\"465\" data-end=\"535\">Verwaltung: 4 Hebepunkte + Viererdurchgang (Eingang 90 cm)<\/p>\n<\/li>\n<\/ul>\n<h3 data-start=\"537\" data-end=\"561\"><strong data-start=\"541\" data-end=\"561\">Parois &#038; Plafond<\/strong><\/h3>\n<ul data-start=\"562\" data-end=\"634\">\n<li data-start=\"562\" data-end=\"606\">\n<p data-start=\"564\" data-end=\"606\">T\u00f4le d\u2019acier lamin\u00e9e laqu\u00e9e (\u00e9p. 1,5 mm)<\/p>\n<\/li>\n<li data-start=\"607\" data-end=\"634\">\n<p data-start=\"609\" data-end=\"634\">Bel\u00fcftung: 4 Bel\u00fcftungen<\/p>\n<\/li>\n<\/ul>\n<h3 data-start=\"636\" data-end=\"650\"><strong data-start=\"640\" data-end=\"650\">Portes<\/strong><\/h3>\n<ul data-start=\"651\" data-end=\"766\">\n<li data-start=\"651\" data-end=\"685\">\n<p data-start=\"653\" data-end=\"685\">Acier laqu\u00e9 blanc \u2013 2 Battants<\/p>\n<\/li>\n<li data-start=\"686\" data-end=\"720\">\n<p data-start=\"688\" data-end=\"720\">Etanch\u00e9it\u00e9: Gelenke aus Kautschuk<\/p>\n<\/li>\n<li data-start=\"721\" data-end=\"766\">\n<p data-start=\"723\" data-end=\"766\">S\u00e9curit\u00e9: Volet de Protection pour cadenas<\/p>\n<\/li>\n<\/ul>\n<h3 data-start=\"768\" data-end=\"784\"><strong data-start=\"772\" data-end=\"784\">Plancher<\/strong><\/h3>\n<ul data-start=\"785\" data-end=\"848\">\n<li data-start=\"785\" data-end=\"819\">\n<p data-start=\"787\" data-end=\"819\">Bois massiv trait\u00e9 (\u00e9p. 25 mm)<\/p>\n<\/li>\n<li data-start=\"820\" data-end=\"848\">\n<p data-start=\"822\" data-end=\"848\">Widerstand: <strong data-start=\"835\" data-end=\"848\">700 kg\/m\u00b2<\/strong><\/p>\n<\/li>\n<\/ul>\n<hr data-start=\"850\" data-end=\"853\" \/>\n<h3 data-start=\"855\" data-end=\"883\"><strong data-start=\"859\" data-end=\"883\">D\u00e9placement \/ Levage<\/strong><\/h3>\n<ul data-start=\"884\" data-end=\"992\">\n<li data-start=\"884\" data-end=\"931\">\n<p data-start=\"886\" data-end=\"931\">Chariot \u00e9l\u00e9vateur (fourches longues 250 cm)<\/p>\n<\/li>\n<li data-start=\"932\" data-end=\"964\">\n<p data-start=\"934\" data-end=\"964\">Grue \u00fcber 4 Preise pro Tag<\/p>\n<\/li>\n<li data-start=\"965\" data-end=\"992\">\n<p data-start=\"967\" data-end=\"992\"><strong data-start=\"967\" data-end=\"992\">Gewicht: 900 kg<\/strong><\/p>\n<\/li>\n<\/ul>\n<h3 data-start=\"994\" data-end=\"1011\"><strong data-start=\"998\" data-end=\"1011\">Kapazit\u00e4ten<\/strong><\/h3>\n<ul data-start=\"1012\" data-end=\"1062\">\n<li data-start=\"1012\" data-end=\"1041\">\n<p data-start=\"1014\" data-end=\"1041\">Maximale Ladung: <strong data-start=\"1027\" data-end=\"1039\">7.200 kg<\/strong><\/p>\n<\/li>\n<li data-start=\"1042\" data-end=\"1062\">\n<p data-start=\"1044\" data-end=\"1062\">Volumen: <strong data-start=\"1053\" data-end=\"1062\">12 m\u00b3<\/strong><\/p>\n<\/li>\n<\/ul>\n<hr data-start=\"1064\" data-end=\"1067\" \/>\n<h3 data-start=\"1069\" data-end=\"1084\"><strong data-start=\"1073\" data-end=\"1084\">Optionen<\/strong><\/h3>\n<ul data-start=\"1085\" data-end=\"1190\">\n<li data-start=\"1085\" data-end=\"1121\">\n<p data-start=\"1087\" data-end=\"1121\">Vollst\u00e4ndige elektrische Installation<\/p>\n<\/li>\n<li data-start=\"1122\" data-end=\"1140\">\n<p data-start=\"1124\" data-end=\"1140\">Plancher acier<\/p>\n<\/li>\n<li data-start=\"1141\" data-end=\"1166\">\n<p data-start=\"1143\" data-end=\"1166\">RAL-Farben nach Wahl<\/p>\n<\/li>\n<li data-start=\"1167\" data-end=\"1190\">\n<p data-start=\"1169\" data-end=\"1190\">Sicherheitsvorkehrungen<\/p>\n<\/li>\n<\/ul>\n","protected":false},"excerpt":{"rendered":"<p>Hier ist eine <strong>kurze, einfache und effektive Version<\/strong> Ihrer Beschreibung:<\/p>\n<p>Unsere <strong>neuen<\/strong> Lagercontainer sind auf professionelle und individuelle Bed\u00fcrfnisse zugeschnitten: Baustellen, Lagerhallen, Au\u00dfendepots, landwirtschaftliche Fl\u00e4chen oder den h\u00e4uslichen Gebrauch.<\/p>\n<p>Der <strong>10-Fu\u00df-Container<\/strong> verf\u00fcgt \u00fcber einen vollst\u00e4ndig geschwei\u00dften 3-mm-Stahlrahmen, 1,5-mm-Blechw\u00e4nde und einen 25-mm-Massivholzboden mit Anti-Feuchtigkeits-Behandlung. Es ist mit einer <strong>Vorh\u00e4ngeschloss-Schutzklappe<\/strong> ausgestattet.<\/p>\n<p>Die Handhabung wird durch die <strong>4 Hebepunkte<\/strong> am Dach und den <strong>seitlichen Gabeldurchlass<\/strong> (90 cm Achsabstand) f\u00fcr Gabelstapler erleichtert.<\/p>\n","protected":false},"featured_media":16134,"comment_status":"open","ping_status":"closed","template":"","meta":[],"product_brand":[],"product_cat":[351,347],"product_tag":[],"class_list":{"0":"post-14288","1":"product","2":"type-product","3":"status-publish","4":"has-post-thumbnail","6":"product_cat-standardspeicher","7":"product_cat-unsere-container","9":"first","10":"instock","11":"sale","12":"shipping-taxable","13":"purchasable","14":"product-type-simple"},"yoast_head":"<!-- This site is optimized with the Yoast SEO plugin v27.4 - https:\/\/yoast.com\/product\/yoast-seo-wordpress\/ -->\n<title>Neuer 10 Fu\u00df Lagercontainer - Sagrinex \u2013 Anhaenger, Container &amp; Landtechnik \ud83c\udf3e\ud83d\ude9c<\/title>\n<meta name=\"robots\" content=\"index, follow, max-snippet:-1, max-image-preview:large, max-video-preview:-1\" \/>\n<link rel=\"canonical\" href=\"https:\/\/sagrinex.com\/produit\/container-de-stockage-neuf-10-pieds\/\" \/>\n<meta property=\"og:locale\" content=\"de_DE\" \/>\n<meta property=\"og:type\" content=\"article\" \/>\n<meta property=\"og:title\" content=\"Neuer 10 Fu\u00df Lagercontainer - Sagrinex \u2013 Anhaenger, Container &amp; Landtechnik \ud83c\udf3e\ud83d\ude9c\" \/>\n<meta property=\"og:description\" content=\"Hier ist eine kurze, einfache und effektive Version Ihrer Beschreibung: Unsere neuen Lagercontainer sind auf professionelle und individuelle Bed\u00fcrfnisse zugeschnitten: Baustellen, Lagerhallen, Au\u00dfendepots, landwirtschaftliche Fl\u00e4chen oder den h\u00e4uslichen Gebrauch. Der 10-Fu\u00df-Container verf\u00fcgt \u00fcber einen vollst\u00e4ndig geschwei\u00dften 3-mm-Stahlrahmen, 1,5-mm-Blechw\u00e4nde und einen 25-mm-Massivholzboden mit Anti-Feuchtigkeits-Behandlung. Es ist mit einer Vorh\u00e4ngeschloss-Schutzklappe ausgestattet. Die Handhabung wird durch die 4 Hebepunkte am Dach und den seitlichen Gabeldurchlass (90 cm Achsabstand) f\u00fcr Gabelstapler erleichtert.\" \/>\n<meta property=\"og:url\" content=\"https:\/\/sagrinex.com\/produit\/container-de-stockage-neuf-10-pieds\/\" \/>\n<meta property=\"og:site_name\" content=\"Sagrinex \u2013 Anhaenger, Container &amp; Landtechnik \ud83c\udf3e\ud83d\ude9c\" \/>\n<meta name=\"twitter:card\" content=\"summary_large_image\" \/>\n<meta name=\"twitter:label1\" content=\"Gesch\u00e4tzte Lesezeit\" \/>\n\t<meta name=\"twitter:data1\" content=\"1\u00a0Minute\" \/>\n<script type=\"application\/ld+json\" class=\"yoast-schema-graph\">{\"@context\":\"https:\\\/\\\/schema.org\",\"@graph\":[{\"@type\":\"WebPage\",\"@id\":\"https:\\\/\\\/sagrinex.com\\\/produit\\\/container-de-stockage-neuf-10-pieds\\\/\",\"url\":\"https:\\\/\\\/sagrinex.com\\\/produit\\\/container-de-stockage-neuf-10-pieds\\\/\",\"name\":\"Neuer 10 Fu\u00df Lagercontainer - Sagrinex \u2013 Anhaenger, Container &amp; Landtechnik \ud83c\udf3e\ud83d\ude9c\",\"isPartOf\":{\"@id\":\"https:\\\/\\\/sagrinex.com\\\/#website\"},\"primaryImageOfPage\":{\"@id\":\"https:\\\/\\\/sagrinex.com\\\/produit\\\/container-de-stockage-neuf-10-pieds\\\/#primaryimage\"},\"image\":{\"@id\":\"https:\\\/\\\/sagrinex.com\\\/produit\\\/container-de-stockage-neuf-10-pieds\\\/#primaryimage\"},\"thumbnailUrl\":\"https:\\\/\\\/sagrinex.com\\\/wp-content\\\/uploads\\\/2026\\\/03\\\/Image-56-3.jpeg\",\"datePublished\":\"2026-03-15T13:39:47+00:00\",\"breadcrumb\":{\"@id\":\"https:\\\/\\\/sagrinex.com\\\/produit\\\/container-de-stockage-neuf-10-pieds\\\/#breadcrumb\"},\"inLanguage\":\"de\",\"potentialAction\":[{\"@type\":\"ReadAction\",\"target\":[\"https:\\\/\\\/sagrinex.com\\\/produit\\\/container-de-stockage-neuf-10-pieds\\\/\"]}]},{\"@type\":\"ImageObject\",\"inLanguage\":\"de\",\"@id\":\"https:\\\/\\\/sagrinex.com\\\/produit\\\/container-de-stockage-neuf-10-pieds\\\/#primaryimage\",\"url\":\"https:\\\/\\\/sagrinex.com\\\/wp-content\\\/uploads\\\/2026\\\/03\\\/Image-56-3.jpeg\",\"contentUrl\":\"https:\\\/\\\/sagrinex.com\\\/wp-content\\\/uploads\\\/2026\\\/03\\\/Image-56-3.jpeg\",\"width\":872,\"height\":491},{\"@type\":\"BreadcrumbList\",\"@id\":\"https:\\\/\\\/sagrinex.com\\\/produit\\\/container-de-stockage-neuf-10-pieds\\\/#breadcrumb\",\"itemListElement\":[{\"@type\":\"ListItem\",\"position\":1,\"name\":\"Accueil\",\"item\":\"https:\\\/\\\/sagrinex.com\\\/?lang=de\"},{\"@type\":\"ListItem\",\"position\":2,\"name\":\"Shop\",\"item\":\"https:\\\/\\\/sagrinex.com\\\/shop\\\/\"},{\"@type\":\"ListItem\",\"position\":3,\"name\":\"Neuer 10 Fu\u00df Lagercontainer\"}]},{\"@type\":\"WebSite\",\"@id\":\"https:\\\/\\\/sagrinex.com\\\/#website\",\"url\":\"https:\\\/\\\/sagrinex.com\\\/\",\"name\":\"Sagrinex \u2013 Spezialist f\u00fcr Anh\u00e4nger, Container & Landtechnik\",\"description\":\"Anhaenger, Container &amp; Landtechnik \u2014 Online-Verkauf &amp; kostenloses Angebot\",\"publisher\":{\"@id\":\"https:\\\/\\\/sagrinex.com\\\/#organization\"},\"potentialAction\":[{\"@type\":\"SearchAction\",\"target\":{\"@type\":\"EntryPoint\",\"urlTemplate\":\"https:\\\/\\\/sagrinex.com\\\/?s={search_term_string}\"},\"query-input\":{\"@type\":\"PropertyValueSpecification\",\"valueRequired\":true,\"valueName\":\"search_term_string\"}}],\"inLanguage\":\"de\"},{\"@type\":\"Organization\",\"@id\":\"https:\\\/\\\/sagrinex.com\\\/#organization\",\"name\":\"Sagrinex \u2013 Remorques, Conteneurs & Mat\u00e9riel Agricole\",\"url\":\"https:\\\/\\\/sagrinex.com\\\/\",\"logo\":{\"@type\":\"ImageObject\",\"inLanguage\":\"de\",\"@id\":\"https:\\\/\\\/sagrinex.com\\\/#\\\/schema\\\/logo\\\/image\\\/\",\"url\":\"https:\\\/\\\/sagrinex.com\\\/wp-content\\\/uploads\\\/2026\\\/03\\\/7f1ac463-ef5a-425d-bdd6-a5da03a334a9-1024x683.png\",\"contentUrl\":\"https:\\\/\\\/sagrinex.com\\\/wp-content\\\/uploads\\\/2026\\\/03\\\/7f1ac463-ef5a-425d-bdd6-a5da03a334a9-1024x683.png\",\"width\":1024,\"height\":683,\"caption\":\"Sagrinex \u2013 Remorques, Conteneurs & Mat\u00e9riel Agricole\"},\"image\":{\"@id\":\"https:\\\/\\\/sagrinex.com\\\/#\\\/schema\\\/logo\\\/image\\\/\"}}]}<\/script>\n<!-- \/ Yoast SEO plugin. -->","yoast_head_json":{"title":"Neuer 10 Fu\u00df Lagercontainer - Sagrinex \u2013 Anhaenger, Container &amp; Landtechnik \ud83c\udf3e\ud83d\ude9c","robots":{"index":"index","follow":"follow","max-snippet":"max-snippet:-1","max-image-preview":"max-image-preview:large","max-video-preview":"max-video-preview:-1"},"canonical":"https:\/\/sagrinex.com\/produit\/container-de-stockage-neuf-10-pieds\/","og_locale":"de_DE","og_type":"article","og_title":"Neuer 10 Fu\u00df Lagercontainer - Sagrinex \u2013 Anhaenger, Container &amp; Landtechnik \ud83c\udf3e\ud83d\ude9c","og_description":"Hier ist eine kurze, einfache und effektive Version Ihrer Beschreibung: Unsere neuen Lagercontainer sind auf professionelle und individuelle Bed\u00fcrfnisse zugeschnitten: Baustellen, Lagerhallen, Au\u00dfendepots, landwirtschaftliche Fl\u00e4chen oder den h\u00e4uslichen Gebrauch. Der 10-Fu\u00df-Container verf\u00fcgt \u00fcber einen vollst\u00e4ndig geschwei\u00dften 3-mm-Stahlrahmen, 1,5-mm-Blechw\u00e4nde und einen 25-mm-Massivholzboden mit Anti-Feuchtigkeits-Behandlung. Es ist mit einer Vorh\u00e4ngeschloss-Schutzklappe ausgestattet. Die Handhabung wird durch die 4 Hebepunkte am Dach und den seitlichen Gabeldurchlass (90 cm Achsabstand) f\u00fcr Gabelstapler erleichtert.","og_url":"https:\/\/sagrinex.com\/produit\/container-de-stockage-neuf-10-pieds\/","og_site_name":"Sagrinex \u2013 Anhaenger, Container &amp; Landtechnik \ud83c\udf3e\ud83d\ude9c","twitter_card":"summary_large_image","twitter_misc":{"Gesch\u00e4tzte Lesezeit":"1\u00a0Minute"},"schema":{"@context":"https:\/\/schema.org","@graph":[{"@type":"WebPage","@id":"https:\/\/sagrinex.com\/produit\/container-de-stockage-neuf-10-pieds\/","url":"https:\/\/sagrinex.com\/produit\/container-de-stockage-neuf-10-pieds\/","name":"Neuer 10 Fu\u00df Lagercontainer - Sagrinex \u2013 Anhaenger, Container &amp; Landtechnik \ud83c\udf3e\ud83d\ude9c","isPartOf":{"@id":"https:\/\/sagrinex.com\/#website"},"primaryImageOfPage":{"@id":"https:\/\/sagrinex.com\/produit\/container-de-stockage-neuf-10-pieds\/#primaryimage"},"image":{"@id":"https:\/\/sagrinex.com\/produit\/container-de-stockage-neuf-10-pieds\/#primaryimage"},"thumbnailUrl":"https:\/\/sagrinex.com\/wp-content\/uploads\/2026\/03\/Image-56-3.jpeg","datePublished":"2026-03-15T13:39:47+00:00","breadcrumb":{"@id":"https:\/\/sagrinex.com\/produit\/container-de-stockage-neuf-10-pieds\/#breadcrumb"},"inLanguage":"de","potentialAction":[{"@type":"ReadAction","target":["https:\/\/sagrinex.com\/produit\/container-de-stockage-neuf-10-pieds\/"]}]},{"@type":"ImageObject","inLanguage":"de","@id":"https:\/\/sagrinex.com\/produit\/container-de-stockage-neuf-10-pieds\/#primaryimage","url":"https:\/\/sagrinex.com\/wp-content\/uploads\/2026\/03\/Image-56-3.jpeg","contentUrl":"https:\/\/sagrinex.com\/wp-content\/uploads\/2026\/03\/Image-56-3.jpeg","width":872,"height":491},{"@type":"BreadcrumbList","@id":"https:\/\/sagrinex.com\/produit\/container-de-stockage-neuf-10-pieds\/#breadcrumb","itemListElement":[{"@type":"ListItem","position":1,"name":"Accueil","item":"https:\/\/sagrinex.com\/?lang=de"},{"@type":"ListItem","position":2,"name":"Shop","item":"https:\/\/sagrinex.com\/shop\/"},{"@type":"ListItem","position":3,"name":"Neuer 10 Fu\u00df Lagercontainer"}]},{"@type":"WebSite","@id":"https:\/\/sagrinex.com\/#website","url":"https:\/\/sagrinex.com\/","name":"Sagrinex \u2013 Spezialist f\u00fcr Anh\u00e4nger, Container & Landtechnik","description":"Anhaenger, Container &amp; Landtechnik \u2014 Online-Verkauf &amp; kostenloses Angebot","publisher":{"@id":"https:\/\/sagrinex.com\/#organization"},"potentialAction":[{"@type":"SearchAction","target":{"@type":"EntryPoint","urlTemplate":"https:\/\/sagrinex.com\/?s={search_term_string}"},"query-input":{"@type":"PropertyValueSpecification","valueRequired":true,"valueName":"search_term_string"}}],"inLanguage":"de"},{"@type":"Organization","@id":"https:\/\/sagrinex.com\/#organization","name":"Sagrinex \u2013 Remorques, Conteneurs & Mat\u00e9riel Agricole","url":"https:\/\/sagrinex.com\/","logo":{"@type":"ImageObject","inLanguage":"de","@id":"https:\/\/sagrinex.com\/#\/schema\/logo\/image\/","url":"https:\/\/sagrinex.com\/wp-content\/uploads\/2026\/03\/7f1ac463-ef5a-425d-bdd6-a5da03a334a9-1024x683.png","contentUrl":"https:\/\/sagrinex.com\/wp-content\/uploads\/2026\/03\/7f1ac463-ef5a-425d-bdd6-a5da03a334a9-1024x683.png","width":1024,"height":683,"caption":"Sagrinex \u2013 Remorques, Conteneurs & Mat\u00e9riel Agricole"},"image":{"@id":"https:\/\/sagrinex.com\/#\/schema\/logo\/image\/"}}]}},"jetpack_sharing_enabled":true,"_links":{"self":[{"href":"https:\/\/sagrinex.com\/de\/wp-json\/wp\/v2\/product\/14288","targetHints":{"allow":["GET"]}}],"collection":[{"href":"https:\/\/sagrinex.com\/de\/wp-json\/wp\/v2\/product"}],"about":[{"href":"https:\/\/sagrinex.com\/de\/wp-json\/wp\/v2\/types\/product"}],"replies":[{"embeddable":true,"href":"https:\/\/sagrinex.com\/de\/wp-json\/wp\/v2\/comments?post=14288"}],"version-history":[{"count":0,"href":"https:\/\/sagrinex.com\/de\/wp-json\/wp\/v2\/product\/14288\/revisions"}],"wp:featuredmedia":[{"embeddable":true,"href":"https:\/\/sagrinex.com\/de\/wp-json\/wp\/v2\/media\/16134"}],"wp:attachment":[{"href":"https:\/\/sagrinex.com\/de\/wp-json\/wp\/v2\/media?parent=14288"}],"wp:term":[{"taxonomy":"product_brand","embeddable":true,"href":"https:\/\/sagrinex.com\/de\/wp-json\/wp\/v2\/product_brand?post=14288"},{"taxonomy":"product_cat","embeddable":true,"href":"https:\/\/sagrinex.com\/de\/wp-json\/wp\/v2\/product_cat?post=14288"},{"taxonomy":"product_tag","embeddable":true,"href":"https:\/\/sagrinex.com\/de\/wp-json\/wp\/v2\/product_tag?post=14288"}],"curies":[{"name":"wp","href":"https:\/\/api.w.org\/{rel}","templated":true}]}}