{"id":14294,"date":"2026-03-16T08:41:46","date_gmt":"2026-03-16T08:41:46","guid":{"rendered":"https:\/\/sagrinex.com\/produit\/offener-seitenwand-lagercontainer-20-ft\/"},"modified":"2026-04-15T21:12:17","modified_gmt":"2026-04-15T21:12:17","slug":"offener-seitenwand-lagercontainer-20-ft","status":"publish","type":"product","link":"https:\/\/sagrinex.com\/de\/produit\/offener-seitenwand-lagercontainer-20-ft\/","title":{"rendered":"Offener Seitenwand-lagercontainer 20 Ft."},"content":{"rendered":"<div class=\"odd:bg-brandcolor-gray-light flex flex-row flex-wrap justify-stretch p-2\">\n<div class=\"basis-1\/3 font-medium md:basis-1\/2\"><strong>Typ:<\/strong>full-side ouvert<\/div>\n<\/div>\n<div class=\"odd:bg-brandcolor-gray-light flex flex-row flex-wrap justify-stretch p-2\">\n<div class=\"basis-1\/3 font-medium md:basis-1\/2\"><strong>Version: <\/strong>20 ft.<\/div>\n<\/div>\n<div class=\"odd:bg-brandcolor-gray-light flex flex-row flex-wrap justify-stretch p-2\">\n<div class=\"basis-1\/3 font-medium md:basis-1\/2\"><strong>Artikelklassifizierung: <\/strong>Neu<\/div>\n<\/div>\n<div class=\"odd:bg-brandcolor-gray-light flex flex-row flex-wrap justify-stretch p-2\">\n<div class=\"basis-1\/3 font-medium md:basis-1\/2\"><strong>Material: <\/strong>Stahl<\/div>\n<\/div>\n<div class=\"odd:bg-brandcolor-gray-light flex flex-row flex-wrap justify-stretch p-2\">\n<div class=\"basis-1\/3 font-medium md:basis-1\/2\"><strong>W\u00e4nde: <\/strong>aus profiliertem Stahlblech<\/div>\n<\/div>\n<div class=\"odd:bg-brandcolor-gray-light flex flex-row flex-wrap justify-stretch p-2\">\n<div class=\"basis-1\/3 font-medium md:basis-1\/2\"><strong>Vorderwand: <\/strong>profilierter Stahl<\/div>\n<\/div>\n<div class=\"odd:bg-brandcolor-gray-light flex flex-row flex-wrap justify-stretch p-2\">\n<div class=\"basis-1\/3 font-medium md:basis-1\/2\"><strong>Farbe: <\/strong>blau<\/div>\n<\/div>\n<div class=\"odd:bg-brandcolor-gray-light flex flex-row flex-wrap justify-stretch p-2\">\n<div class=\"basis-1\/3 font-medium md:basis-1\/2\"><strong>RAL-Farben: <\/strong>5010<\/div>\n<\/div>\n<div class=\"odd:bg-brandcolor-gray-light flex flex-row flex-wrap justify-stretch p-2\">\n<div class=\"basis-1\/3 font-medium md:basis-1\/2\"><strong>Oberfl\u00e4chenbehandlung: <\/strong>lackiert<\/div>\n<\/div>\n<div class=\"odd:bg-brandcolor-gray-light flex flex-row flex-wrap justify-stretch p-2\">\n<div class=\"basis-1\/3 font-medium md:basis-1\/2\"><strong>L\u00e4nge (mm): <\/strong>6058<\/div>\n<\/div>\n<div class=\"odd:bg-brandcolor-gray-light flex flex-row flex-wrap justify-stretch p-2\">\n<div class=\"basis-1\/3 font-medium md:basis-1\/2\"><strong>Innenl\u00e4nge (mm): <\/strong>5910<\/div>\n<\/div>\n<div class=\"odd:bg-brandcolor-gray-light flex flex-row flex-wrap justify-stretch p-2\">\n<div class=\"basis-1\/3 font-medium md:basis-1\/2\"><strong>Breite (mm): <\/strong>2438<\/div>\n<\/div>\n<div class=\"odd:bg-brandcolor-gray-light flex flex-row flex-wrap justify-stretch p-2\">\n<div class=\"basis-1\/3 font-medium md:basis-1\/2\"><strong>Innenbreite (mm): <\/strong>2287<\/div>\n<\/div>\n<div class=\"odd:bg-brandcolor-gray-light flex flex-row flex-wrap justify-stretch p-2\">\n<div class=\"basis-1\/3 font-medium md:basis-1\/2\"><strong>H\u00f6he (mm): <\/strong>2591<\/div>\n<\/div>\n<div class=\"odd:bg-brandcolor-gray-light flex flex-row flex-wrap justify-stretch p-2\">\n<div class=\"basis-1\/3 font-medium md:basis-1\/2\"><strong>Innenh\u00f6he (mm): <\/strong>2385<\/div>\n<\/div>\n<div class=\"odd:bg-brandcolor-gray-light flex flex-row flex-wrap justify-stretch p-2\">\n<div class=\"basis-1\/3 font-medium md:basis-1\/2\"><strong>Tragf\u00e4higkeit (kg): <\/strong>24000<\/div>\n<\/div>\n<div class=\"odd:bg-brandcolor-gray-light flex flex-row flex-wrap justify-stretch p-2\">\n<div class=\"basis-1\/3 font-medium md:basis-1\/2\"><strong>Gewicht (kg): <\/strong>3200<\/div>\n<\/div>\n<div class=\"odd:bg-brandcolor-gray-light flex flex-row flex-wrap justify-stretch p-2\">\n<div class=\"basis-1\/3 font-medium md:basis-1\/2\"><strong>Besondere Spezifikation: <\/strong>einmal verwendet<\/div>\n<\/div>\n<div class=\"odd:bg-brandcolor-gray-light flex flex-row flex-wrap justify-stretch p-2\">\n<div class=\"basis-1\/3 font-medium md:basis-1\/2\"><strong>Typ-Nummer: <\/strong>20FTVO<\/div>\n<\/div>\n","protected":false},"excerpt":{"rendered":"<p>Zwanzig-Fu\u00df-Ausr\u00fcstungscontainer. Dieser Container ist aus blau lackiertem Profilstahl und kann durch zwei Fl\u00fcgelt\u00fcren an den Enden verschlossen werden. Eine L\u00e4ngsseite kann mittels Fl\u00fcgelt\u00fcren vollst\u00e4ndig ge\u00f6ffnet werden. Der Boden ist mit einer Holzplatte ausgestattet. An der Unterseite befinden sich zwei einsteckbare Halterungen f\u00fcr den Transport mit einem Gabelstapler.<\/p>\n","protected":false},"featured_media":16291,"comment_status":"open","ping_status":"closed","template":"","meta":[],"product_brand":[],"product_cat":[350,347],"product_tag":[],"class_list":{"0":"post-14294","1":"product","2":"type-product","3":"status-publish","4":"has-post-thumbnail","6":"product_cat-spezifischer-speicher","7":"product_cat-unsere-container","9":"first","10":"instock","11":"shipping-taxable","12":"purchasable","13":"product-type-simple"},"yoast_head":"<!-- This site is optimized with the Yoast SEO plugin v27.4 - https:\/\/yoast.com\/product\/yoast-seo-wordpress\/ -->\n<title>Offener Seitenwand-Lagercontainer 20 ft.<\/title>\n<meta name=\"description\" content=\"Zwanzig-Fu\u00df-Ausr\u00fcstungscontainer. Dieser Container ist aus blau lackiertem Profilstahl und kann durch zwei Fl\u00fcgelt\u00fcren an den Enden verschlossen werden. Eine L\u00e4ngsseite kann mittels Fl\u00fcgelt\u00fcren vollst\u00e4ndig ge\u00f6ffnet werden. Der Boden ist mit einer Holzplatte ausgestattet. An der Unterseite befinden sich zwei einsteckbare Halterungen f\u00fcr den Transport mit einem Gabelstapler.\" \/>\n<meta name=\"robots\" content=\"index, follow, max-snippet:-1, max-image-preview:large, max-video-preview:-1\" \/>\n<link rel=\"canonical\" href=\"https:\/\/sagrinex.com\/produit\/conteneur-de-stockage-full-side-ouvert-20-ft\/\" \/>\n<meta property=\"og:locale\" content=\"de_DE\" \/>\n<meta property=\"og:type\" content=\"article\" \/>\n<meta property=\"og:title\" content=\"Offener Seitenwand-Lagercontainer 20 ft.\" \/>\n<meta property=\"og:description\" content=\"Zwanzig-Fu\u00df-Ausr\u00fcstungscontainer. Dieser Container ist aus blau lackiertem Profilstahl und kann durch zwei Fl\u00fcgelt\u00fcren an den Enden verschlossen werden. Eine L\u00e4ngsseite kann mittels Fl\u00fcgelt\u00fcren vollst\u00e4ndig ge\u00f6ffnet werden. Der Boden ist mit einer Holzplatte ausgestattet. An der Unterseite befinden sich zwei einsteckbare Halterungen f\u00fcr den Transport mit einem Gabelstapler.\" \/>\n<meta property=\"og:url\" content=\"https:\/\/sagrinex.com\/produit\/conteneur-de-stockage-full-side-ouvert-20-ft\/\" \/>\n<meta property=\"og:site_name\" content=\"Sagrinex \u2013 Anhaenger, Container &amp; Landtechnik \ud83c\udf3e\ud83d\ude9c\" \/>\n<meta property=\"article:modified_time\" content=\"2026-04-15T21:12:17+00:00\" \/>\n<meta property=\"og:image\" content=\"https:\/\/sagrinex.com\/wp-content\/uploads\/2026\/03\/Image-249-1.jpeg\" \/>\n\t<meta property=\"og:image:width\" content=\"1536\" \/>\n\t<meta property=\"og:image:height\" content=\"1536\" \/>\n\t<meta property=\"og:image:type\" content=\"image\/jpeg\" \/>\n<meta name=\"twitter:card\" content=\"summary_large_image\" \/>\n<script type=\"application\/ld+json\" class=\"yoast-schema-graph\">{\"@context\":\"https:\\\/\\\/schema.org\",\"@graph\":[{\"@type\":\"WebPage\",\"@id\":\"https:\\\/\\\/sagrinex.com\\\/produit\\\/conteneur-de-stockage-full-side-ouvert-20-ft\\\/\",\"url\":\"https:\\\/\\\/sagrinex.com\\\/produit\\\/conteneur-de-stockage-full-side-ouvert-20-ft\\\/\",\"name\":\"Offener Seitenwand-Lagercontainer 20 ft.\",\"isPartOf\":{\"@id\":\"https:\\\/\\\/sagrinex.com\\\/#website\"},\"primaryImageOfPage\":{\"@id\":\"https:\\\/\\\/sagrinex.com\\\/produit\\\/conteneur-de-stockage-full-side-ouvert-20-ft\\\/#primaryimage\"},\"image\":{\"@id\":\"https:\\\/\\\/sagrinex.com\\\/produit\\\/conteneur-de-stockage-full-side-ouvert-20-ft\\\/#primaryimage\"},\"thumbnailUrl\":\"https:\\\/\\\/sagrinex.com\\\/wp-content\\\/uploads\\\/2026\\\/03\\\/Image-249-1.jpeg\",\"datePublished\":\"2026-03-16T08:41:46+00:00\",\"dateModified\":\"2026-04-15T21:12:17+00:00\",\"description\":\"Zwanzig-Fu\u00df-Ausr\u00fcstungscontainer. Dieser Container ist aus blau lackiertem Profilstahl und kann durch zwei Fl\u00fcgelt\u00fcren an den Enden verschlossen werden. Eine L\u00e4ngsseite kann mittels Fl\u00fcgelt\u00fcren vollst\u00e4ndig ge\u00f6ffnet werden. Der Boden ist mit einer Holzplatte ausgestattet. An der Unterseite befinden sich zwei einsteckbare Halterungen f\u00fcr den Transport mit einem Gabelstapler.\",\"breadcrumb\":{\"@id\":\"https:\\\/\\\/sagrinex.com\\\/produit\\\/conteneur-de-stockage-full-side-ouvert-20-ft\\\/#breadcrumb\"},\"inLanguage\":\"de\",\"potentialAction\":[{\"@type\":\"ReadAction\",\"target\":[\"https:\\\/\\\/sagrinex.com\\\/produit\\\/conteneur-de-stockage-full-side-ouvert-20-ft\\\/\"]}]},{\"@type\":\"ImageObject\",\"inLanguage\":\"de\",\"@id\":\"https:\\\/\\\/sagrinex.com\\\/produit\\\/conteneur-de-stockage-full-side-ouvert-20-ft\\\/#primaryimage\",\"url\":\"https:\\\/\\\/sagrinex.com\\\/wp-content\\\/uploads\\\/2026\\\/03\\\/Image-249-1.jpeg\",\"contentUrl\":\"https:\\\/\\\/sagrinex.com\\\/wp-content\\\/uploads\\\/2026\\\/03\\\/Image-249-1.jpeg\",\"width\":1536,\"height\":1536},{\"@type\":\"BreadcrumbList\",\"@id\":\"https:\\\/\\\/sagrinex.com\\\/produit\\\/conteneur-de-stockage-full-side-ouvert-20-ft\\\/#breadcrumb\",\"itemListElement\":[{\"@type\":\"ListItem\",\"position\":1,\"name\":\"Accueil\",\"item\":\"https:\\\/\\\/sagrinex.com\\\/?lang=de\"},{\"@type\":\"ListItem\",\"position\":2,\"name\":\"Shop\",\"item\":\"https:\\\/\\\/sagrinex.com\\\/shop\\\/\"},{\"@type\":\"ListItem\",\"position\":3,\"name\":\"Offener Seitenwand-lagercontainer 20 Ft.\"}]},{\"@type\":\"WebSite\",\"@id\":\"https:\\\/\\\/sagrinex.com\\\/#website\",\"url\":\"https:\\\/\\\/sagrinex.com\\\/\",\"name\":\"Sagrinex \u2013 Spezialist f\u00fcr Anh\u00e4nger, Container & Landtechnik\",\"description\":\"Anhaenger, Container &amp; Landtechnik \u2014 Online-Verkauf &amp; kostenloses Angebot\",\"publisher\":{\"@id\":\"https:\\\/\\\/sagrinex.com\\\/#organization\"},\"potentialAction\":[{\"@type\":\"SearchAction\",\"target\":{\"@type\":\"EntryPoint\",\"urlTemplate\":\"https:\\\/\\\/sagrinex.com\\\/?s={search_term_string}\"},\"query-input\":{\"@type\":\"PropertyValueSpecification\",\"valueRequired\":true,\"valueName\":\"search_term_string\"}}],\"inLanguage\":\"de\"},{\"@type\":\"Organization\",\"@id\":\"https:\\\/\\\/sagrinex.com\\\/#organization\",\"name\":\"Sagrinex \u2013 Remorques, Conteneurs & Mat\u00e9riel Agricole\",\"url\":\"https:\\\/\\\/sagrinex.com\\\/\",\"logo\":{\"@type\":\"ImageObject\",\"inLanguage\":\"de\",\"@id\":\"https:\\\/\\\/sagrinex.com\\\/#\\\/schema\\\/logo\\\/image\\\/\",\"url\":\"https:\\\/\\\/sagrinex.com\\\/wp-content\\\/uploads\\\/2026\\\/03\\\/7f1ac463-ef5a-425d-bdd6-a5da03a334a9-1024x683.png\",\"contentUrl\":\"https:\\\/\\\/sagrinex.com\\\/wp-content\\\/uploads\\\/2026\\\/03\\\/7f1ac463-ef5a-425d-bdd6-a5da03a334a9-1024x683.png\",\"width\":1024,\"height\":683,\"caption\":\"Sagrinex \u2013 Remorques, Conteneurs & Mat\u00e9riel Agricole\"},\"image\":{\"@id\":\"https:\\\/\\\/sagrinex.com\\\/#\\\/schema\\\/logo\\\/image\\\/\"}}]}<\/script>\n<!-- \/ Yoast SEO plugin. -->","yoast_head_json":{"title":"Offener Seitenwand-Lagercontainer 20 ft.","description":"Zwanzig-Fu\u00df-Ausr\u00fcstungscontainer. Dieser Container ist aus blau lackiertem Profilstahl und kann durch zwei Fl\u00fcgelt\u00fcren an den Enden verschlossen werden. Eine L\u00e4ngsseite kann mittels Fl\u00fcgelt\u00fcren vollst\u00e4ndig ge\u00f6ffnet werden. Der Boden ist mit einer Holzplatte ausgestattet. An der Unterseite befinden sich zwei einsteckbare Halterungen f\u00fcr den Transport mit einem Gabelstapler.","robots":{"index":"index","follow":"follow","max-snippet":"max-snippet:-1","max-image-preview":"max-image-preview:large","max-video-preview":"max-video-preview:-1"},"canonical":"https:\/\/sagrinex.com\/produit\/conteneur-de-stockage-full-side-ouvert-20-ft\/","og_locale":"de_DE","og_type":"article","og_title":"Offener Seitenwand-Lagercontainer 20 ft.","og_description":"Zwanzig-Fu\u00df-Ausr\u00fcstungscontainer. Dieser Container ist aus blau lackiertem Profilstahl und kann durch zwei Fl\u00fcgelt\u00fcren an den Enden verschlossen werden. Eine L\u00e4ngsseite kann mittels Fl\u00fcgelt\u00fcren vollst\u00e4ndig ge\u00f6ffnet werden. Der Boden ist mit einer Holzplatte ausgestattet. An der Unterseite befinden sich zwei einsteckbare Halterungen f\u00fcr den Transport mit einem Gabelstapler.","og_url":"https:\/\/sagrinex.com\/produit\/conteneur-de-stockage-full-side-ouvert-20-ft\/","og_site_name":"Sagrinex \u2013 Anhaenger, Container &amp; Landtechnik \ud83c\udf3e\ud83d\ude9c","article_modified_time":"2026-04-15T21:12:17+00:00","og_image":[{"width":1536,"height":1536,"url":"https:\/\/sagrinex.com\/wp-content\/uploads\/2026\/03\/Image-249-1.jpeg","type":"image\/jpeg"}],"twitter_card":"summary_large_image","schema":{"@context":"https:\/\/schema.org","@graph":[{"@type":"WebPage","@id":"https:\/\/sagrinex.com\/produit\/conteneur-de-stockage-full-side-ouvert-20-ft\/","url":"https:\/\/sagrinex.com\/produit\/conteneur-de-stockage-full-side-ouvert-20-ft\/","name":"Offener Seitenwand-Lagercontainer 20 ft.","isPartOf":{"@id":"https:\/\/sagrinex.com\/#website"},"primaryImageOfPage":{"@id":"https:\/\/sagrinex.com\/produit\/conteneur-de-stockage-full-side-ouvert-20-ft\/#primaryimage"},"image":{"@id":"https:\/\/sagrinex.com\/produit\/conteneur-de-stockage-full-side-ouvert-20-ft\/#primaryimage"},"thumbnailUrl":"https:\/\/sagrinex.com\/wp-content\/uploads\/2026\/03\/Image-249-1.jpeg","datePublished":"2026-03-16T08:41:46+00:00","dateModified":"2026-04-15T21:12:17+00:00","description":"Zwanzig-Fu\u00df-Ausr\u00fcstungscontainer. Dieser Container ist aus blau lackiertem Profilstahl und kann durch zwei Fl\u00fcgelt\u00fcren an den Enden verschlossen werden. Eine L\u00e4ngsseite kann mittels Fl\u00fcgelt\u00fcren vollst\u00e4ndig ge\u00f6ffnet werden. Der Boden ist mit einer Holzplatte ausgestattet. An der Unterseite befinden sich zwei einsteckbare Halterungen f\u00fcr den Transport mit einem Gabelstapler.","breadcrumb":{"@id":"https:\/\/sagrinex.com\/produit\/conteneur-de-stockage-full-side-ouvert-20-ft\/#breadcrumb"},"inLanguage":"de","potentialAction":[{"@type":"ReadAction","target":["https:\/\/sagrinex.com\/produit\/conteneur-de-stockage-full-side-ouvert-20-ft\/"]}]},{"@type":"ImageObject","inLanguage":"de","@id":"https:\/\/sagrinex.com\/produit\/conteneur-de-stockage-full-side-ouvert-20-ft\/#primaryimage","url":"https:\/\/sagrinex.com\/wp-content\/uploads\/2026\/03\/Image-249-1.jpeg","contentUrl":"https:\/\/sagrinex.com\/wp-content\/uploads\/2026\/03\/Image-249-1.jpeg","width":1536,"height":1536},{"@type":"BreadcrumbList","@id":"https:\/\/sagrinex.com\/produit\/conteneur-de-stockage-full-side-ouvert-20-ft\/#breadcrumb","itemListElement":[{"@type":"ListItem","position":1,"name":"Accueil","item":"https:\/\/sagrinex.com\/?lang=de"},{"@type":"ListItem","position":2,"name":"Shop","item":"https:\/\/sagrinex.com\/shop\/"},{"@type":"ListItem","position":3,"name":"Offener Seitenwand-lagercontainer 20 Ft."}]},{"@type":"WebSite","@id":"https:\/\/sagrinex.com\/#website","url":"https:\/\/sagrinex.com\/","name":"Sagrinex \u2013 Spezialist f\u00fcr Anh\u00e4nger, Container & Landtechnik","description":"Anhaenger, Container &amp; Landtechnik \u2014 Online-Verkauf &amp; kostenloses Angebot","publisher":{"@id":"https:\/\/sagrinex.com\/#organization"},"potentialAction":[{"@type":"SearchAction","target":{"@type":"EntryPoint","urlTemplate":"https:\/\/sagrinex.com\/?s={search_term_string}"},"query-input":{"@type":"PropertyValueSpecification","valueRequired":true,"valueName":"search_term_string"}}],"inLanguage":"de"},{"@type":"Organization","@id":"https:\/\/sagrinex.com\/#organization","name":"Sagrinex \u2013 Remorques, Conteneurs & Mat\u00e9riel Agricole","url":"https:\/\/sagrinex.com\/","logo":{"@type":"ImageObject","inLanguage":"de","@id":"https:\/\/sagrinex.com\/#\/schema\/logo\/image\/","url":"https:\/\/sagrinex.com\/wp-content\/uploads\/2026\/03\/7f1ac463-ef5a-425d-bdd6-a5da03a334a9-1024x683.png","contentUrl":"https:\/\/sagrinex.com\/wp-content\/uploads\/2026\/03\/7f1ac463-ef5a-425d-bdd6-a5da03a334a9-1024x683.png","width":1024,"height":683,"caption":"Sagrinex \u2013 Remorques, Conteneurs & Mat\u00e9riel Agricole"},"image":{"@id":"https:\/\/sagrinex.com\/#\/schema\/logo\/image\/"}}]}},"jetpack_sharing_enabled":true,"_links":{"self":[{"href":"https:\/\/sagrinex.com\/de\/wp-json\/wp\/v2\/product\/14294","targetHints":{"allow":["GET"]}}],"collection":[{"href":"https:\/\/sagrinex.com\/de\/wp-json\/wp\/v2\/product"}],"about":[{"href":"https:\/\/sagrinex.com\/de\/wp-json\/wp\/v2\/types\/product"}],"replies":[{"embeddable":true,"href":"https:\/\/sagrinex.com\/de\/wp-json\/wp\/v2\/comments?post=14294"}],"version-history":[{"count":0,"href":"https:\/\/sagrinex.com\/de\/wp-json\/wp\/v2\/product\/14294\/revisions"}],"wp:featuredmedia":[{"embeddable":true,"href":"https:\/\/sagrinex.com\/de\/wp-json\/wp\/v2\/media\/16291"}],"wp:attachment":[{"href":"https:\/\/sagrinex.com\/de\/wp-json\/wp\/v2\/media?parent=14294"}],"wp:term":[{"taxonomy":"product_brand","embeddable":true,"href":"https:\/\/sagrinex.com\/de\/wp-json\/wp\/v2\/product_brand?post=14294"},{"taxonomy":"product_cat","embeddable":true,"href":"https:\/\/sagrinex.com\/de\/wp-json\/wp\/v2\/product_cat?post=14294"},{"taxonomy":"product_tag","embeddable":true,"href":"https:\/\/sagrinex.com\/de\/wp-json\/wp\/v2\/product_tag?post=14294"}],"curies":[{"name":"wp","href":"https:\/\/api.w.org\/{rel}","templated":true}]}}