{"id":14295,"date":"2026-03-15T11:57:54","date_gmt":"2026-03-15T11:57:54","guid":{"rendered":"https:\/\/sagrinex.com\/produit\/viehanhaenger-schafanhaenger-lider\/"},"modified":"2026-04-15T21:12:19","modified_gmt":"2026-04-15T21:12:19","slug":"viehanhaenger-schafanhaenger-lider","status":"publish","type":"product","link":"https:\/\/sagrinex.com\/de\/produit\/viehanhaenger-schafanhaenger-lider\/","title":{"rendered":"Viehanh\u00e4nger \/ Schafanh\u00e4nger Lider"},"content":{"rendered":"<p>\u2013 rutschfester Marineschichtholzboden, der am unteren Teil des Fahrgestells verbunden ist und somit den Anh\u00e4nger wasserdicht macht.<br \/>\n\u2013 Ablassventil an der Vorderseite des Fahrgestells nach DSV-Norm<br \/>\n\u2013 1 vordere Stabilisierungsst\u00fctze.<br \/>\n\u2013 1 Br\u00fccke \/ T\u00fcr mit rechter oder linker \u00d6ffnung.<br \/>\n\u2013 1 rechte vordere Zugangst\u00fcr.<br \/>\n\u2013 Eingebaute Leuchten.<br \/>\n\u2013 Vordere Begrenzungsleuchten.<br \/>\n\u2013 Innenhaken zum Anbinden der Tiere<\/p>\n<p>Der Anh\u00e4nger LIDER GRANADA ist nach denselben Normen wie der Anh\u00e4nger ROBUST konzipiert:<br \/>\nUnersch\u00fctterliche Solidit\u00e4t.<br \/>\nEinfache Handhabung.<br \/>\nHochresistente Oberfl\u00e4chenbehandlung.<\/p>\n<p><strong>VERF\u00dcGBARE OPTIONEN<\/strong><br \/>\nOberes Gitter.<br \/>\nFlache Plane.<br \/>\nErsatzrad.<br \/>\nErsatzradhalterung.<br \/>\nSt\u00fctzrad und Halterung.<\/p>\n<p>IDEAL zum sicheren Transport von Schafen, L\u00e4mmern, K\u00e4lbern, Schweinen,\u2026\u2026\u2026<\/p>\n","protected":false},"excerpt":{"rendered":"<p><strong>PTAC :<\/strong> 500kg (kein Fahrzeugschein)<br \/>\n<strong>Nutzbreite :<\/strong> 1m25<br \/>\n<strong>Nutzl\u00e4nge :<\/strong> 2m50<br \/>\n<strong>Nutzh\u00f6he :<\/strong> 1m10<br \/>\n<strong>Achse von<\/strong> 750 Kg.<br \/>\n<strong>R\u00e4der:<\/strong> 155\/ 70 x 13.<\/p>\n","protected":false},"featured_media":16113,"comment_status":"open","ping_status":"closed","template":"","meta":[],"product_brand":[],"product_cat":[352,355],"product_tag":[],"class_list":{"0":"post-14295","1":"product","2":"type-product","3":"status-publish","4":"has-post-thumbnail","6":"product_cat-unsere-trailer","7":"product_cat-viehanhaenger","9":"first","10":"instock","11":"shipping-taxable","12":"purchasable","13":"product-type-simple"},"yoast_head":"<!-- This site is optimized with the Yoast SEO plugin v27.4 - https:\/\/yoast.com\/product\/yoast-seo-wordpress\/ -->\n<title>Viehanh\u00e4nger \/ Schafanh\u00e4nger LIDER<\/title>\n<meta name=\"description\" content=\"PTAC : 500kg (keine Zulassungsbescheinigung)Nutzbare Breite : 1m25Nutzbare L\u00e4nge : 2m50Nutzbare H\u00f6he : 1m10Achse von 750 Kg.R\u00e4der 155\/ 70 x 13.\" \/>\n<meta name=\"robots\" content=\"index, follow, max-snippet:-1, max-image-preview:large, max-video-preview:-1\" \/>\n<link rel=\"canonical\" href=\"https:\/\/sagrinex.com\/produit\/betaillere-moutonniere-lider\/\" \/>\n<meta property=\"og:locale\" content=\"de_DE\" \/>\n<meta property=\"og:type\" content=\"article\" \/>\n<meta property=\"og:title\" content=\"Viehanh\u00e4nger \/ Schafanh\u00e4nger LIDER\" \/>\n<meta property=\"og:description\" content=\"PTAC : 500kg (keine Zulassungsbescheinigung)Nutzbare Breite : 1m25Nutzbare L\u00e4nge : 2m50Nutzbare H\u00f6he : 1m10Achse von 750 Kg.R\u00e4der 155\/ 70 x 13.\" \/>\n<meta property=\"og:url\" content=\"https:\/\/sagrinex.com\/produit\/betaillere-moutonniere-lider\/\" \/>\n<meta property=\"og:site_name\" content=\"Sagrinex \u2013 Anhaenger, Container &amp; Landtechnik \ud83c\udf3e\ud83d\ude9c\" \/>\n<meta property=\"article:modified_time\" content=\"2026-04-15T21:12:19+00:00\" \/>\n<meta property=\"og:image\" content=\"https:\/\/sagrinex.com\/wp-content\/uploads\/2026\/03\/Image-39-3.jpeg\" \/>\n\t<meta property=\"og:image:width\" content=\"600\" \/>\n\t<meta property=\"og:image:height\" content=\"600\" \/>\n\t<meta property=\"og:image:type\" content=\"image\/jpeg\" \/>\n<meta name=\"twitter:card\" content=\"summary_large_image\" \/>\n<meta name=\"twitter:label1\" content=\"Gesch\u00e4tzte Lesezeit\" \/>\n\t<meta name=\"twitter:data1\" content=\"1\u00a0Minute\" \/>\n<script type=\"application\/ld+json\" class=\"yoast-schema-graph\">{\"@context\":\"https:\\\/\\\/schema.org\",\"@graph\":[{\"@type\":\"WebPage\",\"@id\":\"https:\\\/\\\/sagrinex.com\\\/produit\\\/betaillere-moutonniere-lider\\\/\",\"url\":\"https:\\\/\\\/sagrinex.com\\\/produit\\\/betaillere-moutonniere-lider\\\/\",\"name\":\"Viehanh\u00e4nger \\\/ Schafanh\u00e4nger LIDER\",\"isPartOf\":{\"@id\":\"https:\\\/\\\/sagrinex.com\\\/#website\"},\"primaryImageOfPage\":{\"@id\":\"https:\\\/\\\/sagrinex.com\\\/produit\\\/betaillere-moutonniere-lider\\\/#primaryimage\"},\"image\":{\"@id\":\"https:\\\/\\\/sagrinex.com\\\/produit\\\/betaillere-moutonniere-lider\\\/#primaryimage\"},\"thumbnailUrl\":\"https:\\\/\\\/sagrinex.com\\\/wp-content\\\/uploads\\\/2026\\\/03\\\/Image-39-3.jpeg\",\"datePublished\":\"2026-03-15T11:57:54+00:00\",\"dateModified\":\"2026-04-15T21:12:19+00:00\",\"description\":\"PTAC : 500kg (keine Zulassungsbescheinigung)Nutzbare Breite : 1m25Nutzbare L\u00e4nge : 2m50Nutzbare H\u00f6he : 1m10Achse von 750 Kg.R\u00e4der 155\\\/ 70 x 13.\",\"breadcrumb\":{\"@id\":\"https:\\\/\\\/sagrinex.com\\\/produit\\\/betaillere-moutonniere-lider\\\/#breadcrumb\"},\"inLanguage\":\"de\",\"potentialAction\":[{\"@type\":\"ReadAction\",\"target\":[\"https:\\\/\\\/sagrinex.com\\\/produit\\\/betaillere-moutonniere-lider\\\/\"]}]},{\"@type\":\"ImageObject\",\"inLanguage\":\"de\",\"@id\":\"https:\\\/\\\/sagrinex.com\\\/produit\\\/betaillere-moutonniere-lider\\\/#primaryimage\",\"url\":\"https:\\\/\\\/sagrinex.com\\\/wp-content\\\/uploads\\\/2026\\\/03\\\/Image-39-3.jpeg\",\"contentUrl\":\"https:\\\/\\\/sagrinex.com\\\/wp-content\\\/uploads\\\/2026\\\/03\\\/Image-39-3.jpeg\",\"width\":600,\"height\":600},{\"@type\":\"BreadcrumbList\",\"@id\":\"https:\\\/\\\/sagrinex.com\\\/produit\\\/betaillere-moutonniere-lider\\\/#breadcrumb\",\"itemListElement\":[{\"@type\":\"ListItem\",\"position\":1,\"name\":\"Accueil\",\"item\":\"https:\\\/\\\/sagrinex.com\\\/?lang=de\"},{\"@type\":\"ListItem\",\"position\":2,\"name\":\"Shop\",\"item\":\"https:\\\/\\\/sagrinex.com\\\/shop\\\/\"},{\"@type\":\"ListItem\",\"position\":3,\"name\":\"Viehanh\u00e4nger \\\/ Schafanh\u00e4nger Lider\"}]},{\"@type\":\"WebSite\",\"@id\":\"https:\\\/\\\/sagrinex.com\\\/#website\",\"url\":\"https:\\\/\\\/sagrinex.com\\\/\",\"name\":\"Sagrinex \u2013 Spezialist f\u00fcr Anh\u00e4nger, Container & Landtechnik\",\"description\":\"Anhaenger, Container &amp; Landtechnik \u2014 Online-Verkauf &amp; kostenloses Angebot\",\"publisher\":{\"@id\":\"https:\\\/\\\/sagrinex.com\\\/#organization\"},\"potentialAction\":[{\"@type\":\"SearchAction\",\"target\":{\"@type\":\"EntryPoint\",\"urlTemplate\":\"https:\\\/\\\/sagrinex.com\\\/?s={search_term_string}\"},\"query-input\":{\"@type\":\"PropertyValueSpecification\",\"valueRequired\":true,\"valueName\":\"search_term_string\"}}],\"inLanguage\":\"de\"},{\"@type\":\"Organization\",\"@id\":\"https:\\\/\\\/sagrinex.com\\\/#organization\",\"name\":\"Sagrinex \u2013 Remorques, Conteneurs & Mat\u00e9riel Agricole\",\"url\":\"https:\\\/\\\/sagrinex.com\\\/\",\"logo\":{\"@type\":\"ImageObject\",\"inLanguage\":\"de\",\"@id\":\"https:\\\/\\\/sagrinex.com\\\/#\\\/schema\\\/logo\\\/image\\\/\",\"url\":\"https:\\\/\\\/sagrinex.com\\\/wp-content\\\/uploads\\\/2026\\\/03\\\/7f1ac463-ef5a-425d-bdd6-a5da03a334a9-1024x683.png\",\"contentUrl\":\"https:\\\/\\\/sagrinex.com\\\/wp-content\\\/uploads\\\/2026\\\/03\\\/7f1ac463-ef5a-425d-bdd6-a5da03a334a9-1024x683.png\",\"width\":1024,\"height\":683,\"caption\":\"Sagrinex \u2013 Remorques, Conteneurs & Mat\u00e9riel Agricole\"},\"image\":{\"@id\":\"https:\\\/\\\/sagrinex.com\\\/#\\\/schema\\\/logo\\\/image\\\/\"}}]}<\/script>\n<!-- \/ Yoast SEO plugin. -->","yoast_head_json":{"title":"Viehanh\u00e4nger \/ Schafanh\u00e4nger LIDER","description":"PTAC : 500kg (keine Zulassungsbescheinigung)Nutzbare Breite : 1m25Nutzbare L\u00e4nge : 2m50Nutzbare H\u00f6he : 1m10Achse von 750 Kg.R\u00e4der 155\/ 70 x 13.","robots":{"index":"index","follow":"follow","max-snippet":"max-snippet:-1","max-image-preview":"max-image-preview:large","max-video-preview":"max-video-preview:-1"},"canonical":"https:\/\/sagrinex.com\/produit\/betaillere-moutonniere-lider\/","og_locale":"de_DE","og_type":"article","og_title":"Viehanh\u00e4nger \/ Schafanh\u00e4nger LIDER","og_description":"PTAC : 500kg (keine Zulassungsbescheinigung)Nutzbare Breite : 1m25Nutzbare L\u00e4nge : 2m50Nutzbare H\u00f6he : 1m10Achse von 750 Kg.R\u00e4der 155\/ 70 x 13.","og_url":"https:\/\/sagrinex.com\/produit\/betaillere-moutonniere-lider\/","og_site_name":"Sagrinex \u2013 Anhaenger, Container &amp; Landtechnik \ud83c\udf3e\ud83d\ude9c","article_modified_time":"2026-04-15T21:12:19+00:00","og_image":[{"width":600,"height":600,"url":"https:\/\/sagrinex.com\/wp-content\/uploads\/2026\/03\/Image-39-3.jpeg","type":"image\/jpeg"}],"twitter_card":"summary_large_image","twitter_misc":{"Gesch\u00e4tzte Lesezeit":"1\u00a0Minute"},"schema":{"@context":"https:\/\/schema.org","@graph":[{"@type":"WebPage","@id":"https:\/\/sagrinex.com\/produit\/betaillere-moutonniere-lider\/","url":"https:\/\/sagrinex.com\/produit\/betaillere-moutonniere-lider\/","name":"Viehanh\u00e4nger \/ Schafanh\u00e4nger LIDER","isPartOf":{"@id":"https:\/\/sagrinex.com\/#website"},"primaryImageOfPage":{"@id":"https:\/\/sagrinex.com\/produit\/betaillere-moutonniere-lider\/#primaryimage"},"image":{"@id":"https:\/\/sagrinex.com\/produit\/betaillere-moutonniere-lider\/#primaryimage"},"thumbnailUrl":"https:\/\/sagrinex.com\/wp-content\/uploads\/2026\/03\/Image-39-3.jpeg","datePublished":"2026-03-15T11:57:54+00:00","dateModified":"2026-04-15T21:12:19+00:00","description":"PTAC : 500kg (keine Zulassungsbescheinigung)Nutzbare Breite : 1m25Nutzbare L\u00e4nge : 2m50Nutzbare H\u00f6he : 1m10Achse von 750 Kg.R\u00e4der 155\/ 70 x 13.","breadcrumb":{"@id":"https:\/\/sagrinex.com\/produit\/betaillere-moutonniere-lider\/#breadcrumb"},"inLanguage":"de","potentialAction":[{"@type":"ReadAction","target":["https:\/\/sagrinex.com\/produit\/betaillere-moutonniere-lider\/"]}]},{"@type":"ImageObject","inLanguage":"de","@id":"https:\/\/sagrinex.com\/produit\/betaillere-moutonniere-lider\/#primaryimage","url":"https:\/\/sagrinex.com\/wp-content\/uploads\/2026\/03\/Image-39-3.jpeg","contentUrl":"https:\/\/sagrinex.com\/wp-content\/uploads\/2026\/03\/Image-39-3.jpeg","width":600,"height":600},{"@type":"BreadcrumbList","@id":"https:\/\/sagrinex.com\/produit\/betaillere-moutonniere-lider\/#breadcrumb","itemListElement":[{"@type":"ListItem","position":1,"name":"Accueil","item":"https:\/\/sagrinex.com\/?lang=de"},{"@type":"ListItem","position":2,"name":"Shop","item":"https:\/\/sagrinex.com\/shop\/"},{"@type":"ListItem","position":3,"name":"Viehanh\u00e4nger \/ Schafanh\u00e4nger Lider"}]},{"@type":"WebSite","@id":"https:\/\/sagrinex.com\/#website","url":"https:\/\/sagrinex.com\/","name":"Sagrinex \u2013 Spezialist f\u00fcr Anh\u00e4nger, Container & Landtechnik","description":"Anhaenger, Container &amp; Landtechnik \u2014 Online-Verkauf &amp; kostenloses Angebot","publisher":{"@id":"https:\/\/sagrinex.com\/#organization"},"potentialAction":[{"@type":"SearchAction","target":{"@type":"EntryPoint","urlTemplate":"https:\/\/sagrinex.com\/?s={search_term_string}"},"query-input":{"@type":"PropertyValueSpecification","valueRequired":true,"valueName":"search_term_string"}}],"inLanguage":"de"},{"@type":"Organization","@id":"https:\/\/sagrinex.com\/#organization","name":"Sagrinex \u2013 Remorques, Conteneurs & Mat\u00e9riel Agricole","url":"https:\/\/sagrinex.com\/","logo":{"@type":"ImageObject","inLanguage":"de","@id":"https:\/\/sagrinex.com\/#\/schema\/logo\/image\/","url":"https:\/\/sagrinex.com\/wp-content\/uploads\/2026\/03\/7f1ac463-ef5a-425d-bdd6-a5da03a334a9-1024x683.png","contentUrl":"https:\/\/sagrinex.com\/wp-content\/uploads\/2026\/03\/7f1ac463-ef5a-425d-bdd6-a5da03a334a9-1024x683.png","width":1024,"height":683,"caption":"Sagrinex \u2013 Remorques, Conteneurs & Mat\u00e9riel Agricole"},"image":{"@id":"https:\/\/sagrinex.com\/#\/schema\/logo\/image\/"}}]}},"jetpack_sharing_enabled":true,"_links":{"self":[{"href":"https:\/\/sagrinex.com\/de\/wp-json\/wp\/v2\/product\/14295","targetHints":{"allow":["GET"]}}],"collection":[{"href":"https:\/\/sagrinex.com\/de\/wp-json\/wp\/v2\/product"}],"about":[{"href":"https:\/\/sagrinex.com\/de\/wp-json\/wp\/v2\/types\/product"}],"replies":[{"embeddable":true,"href":"https:\/\/sagrinex.com\/de\/wp-json\/wp\/v2\/comments?post=14295"}],"version-history":[{"count":0,"href":"https:\/\/sagrinex.com\/de\/wp-json\/wp\/v2\/product\/14295\/revisions"}],"wp:featuredmedia":[{"embeddable":true,"href":"https:\/\/sagrinex.com\/de\/wp-json\/wp\/v2\/media\/16113"}],"wp:attachment":[{"href":"https:\/\/sagrinex.com\/de\/wp-json\/wp\/v2\/media?parent=14295"}],"wp:term":[{"taxonomy":"product_brand","embeddable":true,"href":"https:\/\/sagrinex.com\/de\/wp-json\/wp\/v2\/product_brand?post=14295"},{"taxonomy":"product_cat","embeddable":true,"href":"https:\/\/sagrinex.com\/de\/wp-json\/wp\/v2\/product_cat?post=14295"},{"taxonomy":"product_tag","embeddable":true,"href":"https:\/\/sagrinex.com\/de\/wp-json\/wp\/v2\/product_tag?post=14295"}],"curies":[{"name":"wp","href":"https:\/\/api.w.org\/{rel}","templated":true}]}}