{"id":14297,"date":"2026-03-15T11:09:55","date_gmt":"2026-03-15T11:09:55","guid":{"rendered":"https:\/\/sagrinex.com\/produit\/viehhaenger-lider-eine-gebremste-achse-1350-kg-250-x-125-x-155-cm\/"},"modified":"2026-04-15T21:12:19","modified_gmt":"2026-04-15T21:12:19","slug":"viehhaenger-lider-eine-gebremste-achse-1350-kg-250-x-125-x-155-cm","status":"publish","type":"product","link":"https:\/\/sagrinex.com\/de\/produit\/viehhaenger-lider-eine-gebremste-achse-1350-kg-250-x-125-x-155-cm\/","title":{"rendered":"Viehh\u00c4nger &#8211; Lider &#8211; eine Gebremste Achse 1350 Kg &#8211; 250 X 125 X 155 Cm"},"content":{"rendered":"<p>Der <strong>Lider 44540 Viehtransporter<\/strong> ist f\u00fcr den <strong>sicheren Transport lebender Tiere<\/strong> wie Schafe, Ziegen, Schweine und Jungvieh konzipiert. Angepasst an die Bed\u00fcrfnisse von <strong>Z\u00fcchtern und Landwirten<\/strong> bietet es eine zuverl\u00e4ssige L\u00f6sung f\u00fcr h\u00e4ufige oder gelegentliche Tierbewegungen und gew\u00e4hrleistet gleichzeitig deren Wohlbefinden.<\/p>\n<ul>\n<li><strong>Nutzma\u00dfe:<\/strong> 2,5 m L\u00e4nge<\/li>\n<li><strong>Achse:<\/strong> 1 x 1350 kg gebremst<\/li>\n<li><strong>Gesamtgewicht:<\/strong> von 1000 bis 1350 kg (nach Wahl)<\/li>\n<li><strong>Chassis:<\/strong> geschwei\u00dft, verzinkt mit integrierten Stahlverst\u00e4rkungen<\/li>\n<li><strong>Boden:<\/strong> kariertes Aluminium, dickes Blech. 3 mm mit 1,5 mm Anti-Rutsch-Muster<\/li>\n<li><strong>W\u00e4nde und Dach:<\/strong> Aluminium, Dach wei\u00df gestrichen, um die Hitze zu begrenzen<\/li>\n<li><strong>Bremsen:<\/strong> Tr\u00e4gheit<\/li>\n<li><strong>Beleuchtung:<\/strong> LED<\/li>\n<li><strong>Gesamth\u00f6he:<\/strong> 2 m (erm\u00f6glicht die Durchfahrt zur Mautstelle ohne zus\u00e4tzliche Kosten)<\/li>\n<\/ul>\n<p>Der <strong>Lider 44540 Viehanh\u00e4nger<\/strong> ist mit <strong>2 Ablassstopfen<\/strong> mit Gitter ausgestattet, was die Reinigung nach jedem Gebrauch erleichtert. Diese Abfl\u00fcsse erm\u00f6glichen einen schnellen Abfluss von Fl\u00fcssigkeiten und sorgen so f\u00fcr optimale Hygiene.<\/p>\n<p><strong>Handhabungsgriffe<\/strong> sind an der Vorderseite des Fahrgestells angeschwei\u00dft und bieten eine wertvolle Hilfe beim manuellen Bewegen des Anh\u00e4ngers, insbesondere beim Man\u00f6vrieren auf engstem Raum.<\/p>\n<p>Das <strong>Hinterdeck<\/strong> verf\u00fcgt \u00fcber eine rutschfeste <strong>Hufauflagestange<\/strong> mit Aluminiumprofilen. Diese Konstruktion gew\u00e4hrleistet einen sicheren Ein- und Ausstieg der Tiere. Sobald die Leitplanke angehoben ist, verwandelt sie sich in eine Schlie\u00dfbarriere.<\/p>\n<p>Zum <strong>Tierschutz<\/strong> verf\u00fcgt der Anh\u00e4nger \u00fcber eine <strong>seitliche Inspektionst\u00fcr<\/strong> und eine <strong>Bel\u00fcftungsklappe<\/strong>, die eine ausreichende Bel\u00fcftung gew\u00e4hrleistet und eine einfache Inspektion der Tiere w\u00e4hrend des Transports erm\u00f6glicht.<\/p>\n<ul>\n<li><strong>\u00c4nderung des zul\u00e4ssigen Gesamtgewichts von 1350 auf 1000 kg<\/strong> entsprechend den Anforderungen des Zugfahrzeugs<\/li>\n<li><strong>Ersatzrad<\/strong> mit Halterung<\/li>\n<li><strong>Abnehmbare Innenwand<\/strong> zur Trennung der Tiere<\/li>\n<li><strong>Frontstangensatz<\/strong> zur Sicherung von Tieren im Anh\u00e4nger w\u00e4hrend des Transports oder im Stand.<\/li>\n<li><strong>Bel\u00fcftungsverschluss-Kit<\/strong> blau.<\/li>\n<li><strong>Kupplungskopfverriegelung<\/strong><\/li>\n<li><strong>Kennzeichenhalter<\/strong><\/li>\n<\/ul>\n<ul>\n<li><strong>Modularit\u00e4t des zul\u00e4ssigen Gesamtgewichts<\/strong>: Dieser Anh\u00e4nger kann aufgrund seines zul\u00e4ssigen Gesamtgewichts von 1350 kg von einer Vielzahl von Fahrzeugen gezogen werden.<\/li>\n<li><strong>Optimierte H\u00f6he<\/strong>: Durchfahrt unter den Mautstellen ohne Zusatzkosten<\/li>\n<li><strong>Robustes Design<\/strong>: Materialien, die gegen Korrosion und Feuchtigkeit best\u00e4ndig sind<\/li>\n<li><strong>Einfache Wartung<\/strong>: abnehmbare Elemente und leicht zu reinigende Oberfl\u00e4chen<\/li>\n<\/ul>\n<p>Bei <strong>Sagrinex<\/strong> bieten wir <strong>\u00dcberholung<\/strong>, <strong>Reparatur<\/strong> sowie die <strong>Herstellung von Optionen<\/strong> und <strong>Zubeh\u00f6r<\/strong> f\u00fcr alle Arten von Anh\u00e4ngern an, darunter auch <strong>Viehanh\u00e4nger<\/strong> oder f\u00fcr den <strong>Transport von Tieren<\/strong>.<\/p>\n<p>Der <strong>Lider 44540 Viehtransporter<\/strong> ist <strong>f\u00fcr den Stra\u00dfenverkehr zugelassen<\/strong>. Abh\u00e4ngig vom gew\u00e4hlten zul\u00e4ssigen Gesamtgewicht kann er mit einem B- oder BE-F\u00fchrerschein gezogen werden. Es ist wichtig, die Kompatibilit\u00e4t mit der Anh\u00e4ngelast Ihres Fahrzeugs zu pr\u00fcfen.<\/p>\n","protected":false},"excerpt":{"rendered":"<p>Viehtransporter, 2,5 m Achse, 1 x 1350 kg, gebremst von 1000 bis 1350 kg zul\u00e4ssigem Gesamtgewicht<\/p>\n<div class=\"mod_fa_customizablefields_v14_list\">\n<div class=\"mod_fa_champspersonnalisables_v14_titre\"><strong>Gesamtgewicht: <\/strong><span class=\"mod_fa_champspersonnalisables_v14_value\">1350 kg<\/span><\/div>\n<\/div>\n<div class=\"mod_fa_customizablefields_v14_list\">\n<div class=\"mod_fa_champspersonnalisables_v14_titre\"><strong>Leermasse: <\/strong><span class=\"mod_fa_champspersonnalisables_v14_value\">590 kg<\/span><\/div>\n<\/div>\n<div class=\"mod_fa_customizablefields_v14_list\">\n<div class=\"mod_fa_champspersonnalisables_v14_title\"><strong>Nutzlast: <\/strong><span class=\"mod_fa_champspersonnalisables_v14_value\">760 kg<\/span><\/div>\n<\/div>\n<div class=\"mod_fa_customizablefields_v14_list\">\n<div class=\"mod_fa_champspersonnalisables_v14_titre\"><strong>Nutzma\u00dfe: <\/strong><span class=\"mod_fa_champspersonnalisables_v14_value\">250 x125 x 155 cm<\/span><\/div>\n<\/div>\n<div class=\"mod_fa_customizablefields_v14_list\">\n<div class=\"mod_fa_champspersonnalisables_v14_titre\"><strong>Gesamtabmessungen: <\/strong><span class=\"mod_fa_champspersonnalisables_v14_value\">396 x 178 x 200 cm<\/span><\/div>\n<\/div>\n<div class=\"mod_fa_customizablefields_v14_list\">\n<div class=\"mod_fa_champspersonnalisables_v14_titre\"><strong>Nutzh\u00f6he\/Boden: <\/strong><span class=\"mod_fa_champspersonnalisables_v14_valeur\">H\u00f6he Boden\/Boden: 40 cm \/ H\u00f6he Deck\/Boden: 14 cm<\/span><\/div>\n<\/div>\n<div class=\"mod_fa_customizablefields_v14_list\">\n<div class=\"mod_fa_champspersonnalisables_v14_titre\"><strong>Achswiderstand(e): <\/strong><span class=\"mod_fa_champspersonnalisables_v14_value\">1350 kg<\/span><\/div>\n<\/div>\n<div class=\"mod_fa_customizablefields_v14_list\">\n<div class=\"mod_fa_personalisablefields_v14_title\"><strong>Pfeil: <\/strong><span class=\"mod_fa_personalisablefields_v14_value\">V<\/span><\/div>\n<\/div>\n<div class=\"mod_fa_customizablefields_v14_list\">\n<div class=\"mod_fa_champspersonnalisables_v14_titre\"><strong>Rahmentyp: <\/strong><span class=\"mod_fa_champspersonnalisables_v14_valeur\">HEISSVERZINKT<\/span><\/div>\n<\/div>\n<div class=\"mod_fa_customizablefields_v14_list\">\n<div class=\"mod_fa_champspersonnalisables_v14_titre\"><strong>R\u00e4der: <\/strong><span class=\"mod_fa_champspersonnalisables_v14_valeur\">165R13C<\/span><\/div>\n<\/div>\n<div class=\"mod_fa_customizablefields_v14_list\">\n<div class=\"mod_fa_champspersonnalisables_v14_titre\"><strong>Ausstattung: <\/strong><span class=\"mod_fa_champspersonnalisables_v14_valeur\">St\u00fctzrad Durchmesser 60 Automatik \/ Hinterachse \/ Pla<\/span><\/div>\n<\/div>\n","protected":false},"featured_media":16104,"comment_status":"open","ping_status":"closed","template":"","meta":[],"product_brand":[],"product_cat":[352,355],"product_tag":[],"class_list":{"0":"post-14297","1":"product","2":"type-product","3":"status-publish","4":"has-post-thumbnail","6":"product_cat-unsere-trailer","7":"product_cat-viehanhaenger","9":"first","10":"instock","11":"shipping-taxable","12":"purchasable","13":"product-type-simple"},"yoast_head":"<!-- This site is optimized with the Yoast SEO plugin v27.4 - https:\/\/yoast.com\/product\/yoast-seo-wordpress\/ -->\n<title>VIEHH\u00c4NGER - LIDER - EINE GEBREMSTE ACHSE 1350 KG - 250 X 125 X 155 CM<\/title>\n<meta name=\"description\" content=\"Viehtransporter, 2,5 m Achse, 1 x 1350 kg, gebremst von 1000 bis 1350 kg zul\u00e4ssigem Gesamtgewicht\" \/>\n<meta name=\"robots\" content=\"index, follow, max-snippet:-1, max-image-preview:large, max-video-preview:-1\" \/>\n<link rel=\"canonical\" href=\"https:\/\/sagrinex.com\/produit\/remorque-betaillere-lider-un-essieu-freine-1350-kg-250-x-125-x-155-cm\/\" \/>\n<meta property=\"og:locale\" content=\"de_DE\" \/>\n<meta property=\"og:type\" content=\"article\" \/>\n<meta property=\"og:title\" content=\"VIEHH\u00c4NGER - LIDER - EINE GEBREMSTE ACHSE 1350 KG - 250 X 125 X 155 CM\" \/>\n<meta property=\"og:description\" content=\"Viehtransporter, 2,5 m Achse, 1 x 1350 kg, gebremst von 1000 bis 1350 kg zul\u00e4ssigem Gesamtgewicht\" \/>\n<meta property=\"og:url\" content=\"https:\/\/sagrinex.com\/produit\/remorque-betaillere-lider-un-essieu-freine-1350-kg-250-x-125-x-155-cm\/\" \/>\n<meta property=\"og:site_name\" content=\"Sagrinex \u2013 Anhaenger, Container &amp; Landtechnik \ud83c\udf3e\ud83d\ude9c\" \/>\n<meta property=\"article:modified_time\" content=\"2026-04-15T21:12:19+00:00\" \/>\n<meta property=\"og:image\" content=\"https:\/\/sagrinex.com\/wp-content\/uploads\/2026\/03\/Image-27-3-scaled.jpeg\" \/>\n\t<meta property=\"og:image:width\" content=\"2560\" \/>\n\t<meta property=\"og:image:height\" content=\"1920\" \/>\n\t<meta property=\"og:image:type\" content=\"image\/jpeg\" \/>\n<meta name=\"twitter:card\" content=\"summary_large_image\" \/>\n<meta name=\"twitter:label1\" content=\"Gesch\u00e4tzte Lesezeit\" \/>\n\t<meta name=\"twitter:data1\" content=\"2\u00a0Minuten\" \/>\n<script type=\"application\/ld+json\" class=\"yoast-schema-graph\">{\"@context\":\"https:\\\/\\\/schema.org\",\"@graph\":[{\"@type\":\"WebPage\",\"@id\":\"https:\\\/\\\/sagrinex.com\\\/produit\\\/remorque-betaillere-lider-un-essieu-freine-1350-kg-250-x-125-x-155-cm\\\/\",\"url\":\"https:\\\/\\\/sagrinex.com\\\/produit\\\/remorque-betaillere-lider-un-essieu-freine-1350-kg-250-x-125-x-155-cm\\\/\",\"name\":\"VIEHH\u00c4NGER - LIDER - EINE GEBREMSTE ACHSE 1350 KG - 250 X 125 X 155 CM\",\"isPartOf\":{\"@id\":\"https:\\\/\\\/sagrinex.com\\\/#website\"},\"primaryImageOfPage\":{\"@id\":\"https:\\\/\\\/sagrinex.com\\\/produit\\\/remorque-betaillere-lider-un-essieu-freine-1350-kg-250-x-125-x-155-cm\\\/#primaryimage\"},\"image\":{\"@id\":\"https:\\\/\\\/sagrinex.com\\\/produit\\\/remorque-betaillere-lider-un-essieu-freine-1350-kg-250-x-125-x-155-cm\\\/#primaryimage\"},\"thumbnailUrl\":\"https:\\\/\\\/sagrinex.com\\\/wp-content\\\/uploads\\\/2026\\\/03\\\/Image-27-3-scaled.jpeg\",\"datePublished\":\"2026-03-15T11:09:55+00:00\",\"dateModified\":\"2026-04-15T21:12:19+00:00\",\"description\":\"Viehtransporter, 2,5 m Achse, 1 x 1350 kg, gebremst von 1000 bis 1350 kg zul\u00e4ssigem Gesamtgewicht\",\"breadcrumb\":{\"@id\":\"https:\\\/\\\/sagrinex.com\\\/produit\\\/remorque-betaillere-lider-un-essieu-freine-1350-kg-250-x-125-x-155-cm\\\/#breadcrumb\"},\"inLanguage\":\"de\",\"potentialAction\":[{\"@type\":\"ReadAction\",\"target\":[\"https:\\\/\\\/sagrinex.com\\\/produit\\\/remorque-betaillere-lider-un-essieu-freine-1350-kg-250-x-125-x-155-cm\\\/\"]}]},{\"@type\":\"ImageObject\",\"inLanguage\":\"de\",\"@id\":\"https:\\\/\\\/sagrinex.com\\\/produit\\\/remorque-betaillere-lider-un-essieu-freine-1350-kg-250-x-125-x-155-cm\\\/#primaryimage\",\"url\":\"https:\\\/\\\/sagrinex.com\\\/wp-content\\\/uploads\\\/2026\\\/03\\\/Image-27-3-scaled.jpeg\",\"contentUrl\":\"https:\\\/\\\/sagrinex.com\\\/wp-content\\\/uploads\\\/2026\\\/03\\\/Image-27-3-scaled.jpeg\",\"width\":2560,\"height\":1920},{\"@type\":\"BreadcrumbList\",\"@id\":\"https:\\\/\\\/sagrinex.com\\\/produit\\\/remorque-betaillere-lider-un-essieu-freine-1350-kg-250-x-125-x-155-cm\\\/#breadcrumb\",\"itemListElement\":[{\"@type\":\"ListItem\",\"position\":1,\"name\":\"Accueil\",\"item\":\"https:\\\/\\\/sagrinex.com\\\/?lang=de\"},{\"@type\":\"ListItem\",\"position\":2,\"name\":\"Shop\",\"item\":\"https:\\\/\\\/sagrinex.com\\\/shop\\\/\"},{\"@type\":\"ListItem\",\"position\":3,\"name\":\"Viehh\u00c4nger &#8211; Lider &#8211; eine Gebremste Achse 1350 Kg &#8211; 250 X 125 X 155 Cm\"}]},{\"@type\":\"WebSite\",\"@id\":\"https:\\\/\\\/sagrinex.com\\\/#website\",\"url\":\"https:\\\/\\\/sagrinex.com\\\/\",\"name\":\"Sagrinex \u2013 Spezialist f\u00fcr Anh\u00e4nger, Container & Landtechnik\",\"description\":\"Anhaenger, Container &amp; Landtechnik \u2014 Online-Verkauf &amp; kostenloses Angebot\",\"publisher\":{\"@id\":\"https:\\\/\\\/sagrinex.com\\\/#organization\"},\"potentialAction\":[{\"@type\":\"SearchAction\",\"target\":{\"@type\":\"EntryPoint\",\"urlTemplate\":\"https:\\\/\\\/sagrinex.com\\\/?s={search_term_string}\"},\"query-input\":{\"@type\":\"PropertyValueSpecification\",\"valueRequired\":true,\"valueName\":\"search_term_string\"}}],\"inLanguage\":\"de\"},{\"@type\":\"Organization\",\"@id\":\"https:\\\/\\\/sagrinex.com\\\/#organization\",\"name\":\"Sagrinex \u2013 Remorques, Conteneurs & Mat\u00e9riel Agricole\",\"url\":\"https:\\\/\\\/sagrinex.com\\\/\",\"logo\":{\"@type\":\"ImageObject\",\"inLanguage\":\"de\",\"@id\":\"https:\\\/\\\/sagrinex.com\\\/#\\\/schema\\\/logo\\\/image\\\/\",\"url\":\"https:\\\/\\\/sagrinex.com\\\/wp-content\\\/uploads\\\/2026\\\/03\\\/7f1ac463-ef5a-425d-bdd6-a5da03a334a9-1024x683.png\",\"contentUrl\":\"https:\\\/\\\/sagrinex.com\\\/wp-content\\\/uploads\\\/2026\\\/03\\\/7f1ac463-ef5a-425d-bdd6-a5da03a334a9-1024x683.png\",\"width\":1024,\"height\":683,\"caption\":\"Sagrinex \u2013 Remorques, Conteneurs & Mat\u00e9riel Agricole\"},\"image\":{\"@id\":\"https:\\\/\\\/sagrinex.com\\\/#\\\/schema\\\/logo\\\/image\\\/\"}}]}<\/script>\n<!-- \/ Yoast SEO plugin. -->","yoast_head_json":{"title":"VIEHH\u00c4NGER - LIDER - EINE GEBREMSTE ACHSE 1350 KG - 250 X 125 X 155 CM","description":"Viehtransporter, 2,5 m Achse, 1 x 1350 kg, gebremst von 1000 bis 1350 kg zul\u00e4ssigem Gesamtgewicht","robots":{"index":"index","follow":"follow","max-snippet":"max-snippet:-1","max-image-preview":"max-image-preview:large","max-video-preview":"max-video-preview:-1"},"canonical":"https:\/\/sagrinex.com\/produit\/remorque-betaillere-lider-un-essieu-freine-1350-kg-250-x-125-x-155-cm\/","og_locale":"de_DE","og_type":"article","og_title":"VIEHH\u00c4NGER - LIDER - EINE GEBREMSTE ACHSE 1350 KG - 250 X 125 X 155 CM","og_description":"Viehtransporter, 2,5 m Achse, 1 x 1350 kg, gebremst von 1000 bis 1350 kg zul\u00e4ssigem Gesamtgewicht","og_url":"https:\/\/sagrinex.com\/produit\/remorque-betaillere-lider-un-essieu-freine-1350-kg-250-x-125-x-155-cm\/","og_site_name":"Sagrinex \u2013 Anhaenger, Container &amp; Landtechnik \ud83c\udf3e\ud83d\ude9c","article_modified_time":"2026-04-15T21:12:19+00:00","og_image":[{"width":2560,"height":1920,"url":"https:\/\/sagrinex.com\/wp-content\/uploads\/2026\/03\/Image-27-3-scaled.jpeg","type":"image\/jpeg"}],"twitter_card":"summary_large_image","twitter_misc":{"Gesch\u00e4tzte Lesezeit":"2\u00a0Minuten"},"schema":{"@context":"https:\/\/schema.org","@graph":[{"@type":"WebPage","@id":"https:\/\/sagrinex.com\/produit\/remorque-betaillere-lider-un-essieu-freine-1350-kg-250-x-125-x-155-cm\/","url":"https:\/\/sagrinex.com\/produit\/remorque-betaillere-lider-un-essieu-freine-1350-kg-250-x-125-x-155-cm\/","name":"VIEHH\u00c4NGER - LIDER - EINE GEBREMSTE ACHSE 1350 KG - 250 X 125 X 155 CM","isPartOf":{"@id":"https:\/\/sagrinex.com\/#website"},"primaryImageOfPage":{"@id":"https:\/\/sagrinex.com\/produit\/remorque-betaillere-lider-un-essieu-freine-1350-kg-250-x-125-x-155-cm\/#primaryimage"},"image":{"@id":"https:\/\/sagrinex.com\/produit\/remorque-betaillere-lider-un-essieu-freine-1350-kg-250-x-125-x-155-cm\/#primaryimage"},"thumbnailUrl":"https:\/\/sagrinex.com\/wp-content\/uploads\/2026\/03\/Image-27-3-scaled.jpeg","datePublished":"2026-03-15T11:09:55+00:00","dateModified":"2026-04-15T21:12:19+00:00","description":"Viehtransporter, 2,5 m Achse, 1 x 1350 kg, gebremst von 1000 bis 1350 kg zul\u00e4ssigem Gesamtgewicht","breadcrumb":{"@id":"https:\/\/sagrinex.com\/produit\/remorque-betaillere-lider-un-essieu-freine-1350-kg-250-x-125-x-155-cm\/#breadcrumb"},"inLanguage":"de","potentialAction":[{"@type":"ReadAction","target":["https:\/\/sagrinex.com\/produit\/remorque-betaillere-lider-un-essieu-freine-1350-kg-250-x-125-x-155-cm\/"]}]},{"@type":"ImageObject","inLanguage":"de","@id":"https:\/\/sagrinex.com\/produit\/remorque-betaillere-lider-un-essieu-freine-1350-kg-250-x-125-x-155-cm\/#primaryimage","url":"https:\/\/sagrinex.com\/wp-content\/uploads\/2026\/03\/Image-27-3-scaled.jpeg","contentUrl":"https:\/\/sagrinex.com\/wp-content\/uploads\/2026\/03\/Image-27-3-scaled.jpeg","width":2560,"height":1920},{"@type":"BreadcrumbList","@id":"https:\/\/sagrinex.com\/produit\/remorque-betaillere-lider-un-essieu-freine-1350-kg-250-x-125-x-155-cm\/#breadcrumb","itemListElement":[{"@type":"ListItem","position":1,"name":"Accueil","item":"https:\/\/sagrinex.com\/?lang=de"},{"@type":"ListItem","position":2,"name":"Shop","item":"https:\/\/sagrinex.com\/shop\/"},{"@type":"ListItem","position":3,"name":"Viehh\u00c4nger &#8211; Lider &#8211; eine Gebremste Achse 1350 Kg &#8211; 250 X 125 X 155 Cm"}]},{"@type":"WebSite","@id":"https:\/\/sagrinex.com\/#website","url":"https:\/\/sagrinex.com\/","name":"Sagrinex \u2013 Spezialist f\u00fcr Anh\u00e4nger, Container & Landtechnik","description":"Anhaenger, Container &amp; Landtechnik \u2014 Online-Verkauf &amp; kostenloses Angebot","publisher":{"@id":"https:\/\/sagrinex.com\/#organization"},"potentialAction":[{"@type":"SearchAction","target":{"@type":"EntryPoint","urlTemplate":"https:\/\/sagrinex.com\/?s={search_term_string}"},"query-input":{"@type":"PropertyValueSpecification","valueRequired":true,"valueName":"search_term_string"}}],"inLanguage":"de"},{"@type":"Organization","@id":"https:\/\/sagrinex.com\/#organization","name":"Sagrinex \u2013 Remorques, Conteneurs & Mat\u00e9riel Agricole","url":"https:\/\/sagrinex.com\/","logo":{"@type":"ImageObject","inLanguage":"de","@id":"https:\/\/sagrinex.com\/#\/schema\/logo\/image\/","url":"https:\/\/sagrinex.com\/wp-content\/uploads\/2026\/03\/7f1ac463-ef5a-425d-bdd6-a5da03a334a9-1024x683.png","contentUrl":"https:\/\/sagrinex.com\/wp-content\/uploads\/2026\/03\/7f1ac463-ef5a-425d-bdd6-a5da03a334a9-1024x683.png","width":1024,"height":683,"caption":"Sagrinex \u2013 Remorques, Conteneurs & Mat\u00e9riel Agricole"},"image":{"@id":"https:\/\/sagrinex.com\/#\/schema\/logo\/image\/"}}]}},"jetpack_sharing_enabled":true,"_links":{"self":[{"href":"https:\/\/sagrinex.com\/de\/wp-json\/wp\/v2\/product\/14297","targetHints":{"allow":["GET"]}}],"collection":[{"href":"https:\/\/sagrinex.com\/de\/wp-json\/wp\/v2\/product"}],"about":[{"href":"https:\/\/sagrinex.com\/de\/wp-json\/wp\/v2\/types\/product"}],"replies":[{"embeddable":true,"href":"https:\/\/sagrinex.com\/de\/wp-json\/wp\/v2\/comments?post=14297"}],"version-history":[{"count":0,"href":"https:\/\/sagrinex.com\/de\/wp-json\/wp\/v2\/product\/14297\/revisions"}],"wp:featuredmedia":[{"embeddable":true,"href":"https:\/\/sagrinex.com\/de\/wp-json\/wp\/v2\/media\/16104"}],"wp:attachment":[{"href":"https:\/\/sagrinex.com\/de\/wp-json\/wp\/v2\/media?parent=14297"}],"wp:term":[{"taxonomy":"product_brand","embeddable":true,"href":"https:\/\/sagrinex.com\/de\/wp-json\/wp\/v2\/product_brand?post=14297"},{"taxonomy":"product_cat","embeddable":true,"href":"https:\/\/sagrinex.com\/de\/wp-json\/wp\/v2\/product_cat?post=14297"},{"taxonomy":"product_tag","embeddable":true,"href":"https:\/\/sagrinex.com\/de\/wp-json\/wp\/v2\/product_tag?post=14297"}],"curies":[{"name":"wp","href":"https:\/\/api.w.org\/{rel}","templated":true}]}}