{"id":14298,"date":"2026-03-15T21:47:30","date_gmt":"2026-03-15T21:47:30","guid":{"rendered":"https:\/\/sagrinex.com\/produit\/kuehl-seecontainer-fuer-lagerung-20-fuss-reefer\/"},"modified":"2026-04-15T21:12:19","modified_gmt":"2026-04-15T21:12:19","slug":"kuehl-seecontainer-fuer-lagerung-20-fuss-reefer","status":"publish","type":"product","link":"https:\/\/sagrinex.com\/de\/produit\/kuehl-seecontainer-fuer-lagerung-20-fuss-reefer\/","title":{"rendered":"K\u00fchl-seecontainer f\u00fcr Lagerung 20 Fu\u00df Reefer"},"content":{"rendered":"","protected":false},"excerpt":{"rendered":"<div class=\"content-caracteristiques\">\n<p class=\"h4 caracteristiques-titre\">Eigenschaften<\/p>\n<ul>\n<li>Sehr wettbewerbsf\u00e4higer Tarif (f\u00fcr das Gebrauchtmodell)<\/li>\n<li>Verschiedene Verwendungen: zus\u00e4tzlicher Lagerraum, Jagdh\u00fctte, Baustellencontainer, Pferdebox, Lagerung aller Art, etc<\/li>\n<li>Referenzprodukt f\u00fcr den Bau von Containerh\u00e4usern<\/li>\n<li>Doppelt\u00fcren verriegelbar durch 4 Espagnoletten und sicherbar durch ein Vorh\u00e4ngeschloss<\/li>\n<li>Marineschichtholzboden St\u00e4rke 28 mm<\/li>\n<\/ul>\n<\/div>\n<div class=\"content-content\">\n<p>Der Container <strong>45 Fu\u00df dry high cube PALLET WIDE<\/strong> ist ein Container, der f\u00fcr <strong>die Europ\u00e4er<\/strong> konzipiert wurde. Er bietet den Vorteil, 3 Reihen Euro-Paletten in der Breite (800 mm) laden zu k\u00f6nnen. Das sind insgesamt <strong>33 Euro-Paletten<\/strong>. Es ist der Container mit dem <strong>gr\u00f6\u00dften Ladevolumen<\/strong>.<\/p>\n<p>Der <strong>45 Fu\u00df dry high cube PALLET WIDE<\/strong> wird aus <strong>CORTEN-Stahl<\/strong> hergestellt. Diese Stahlart weist wichtige Widerstandseigenschaften gegen atmosph\u00e4rische Bedingungen auf See auf.<\/p>\n<p>Seine Doppelt\u00fcren sind durch 4 Espagnoletten verriegelbar und durch ein Sicherheitsvorh\u00e4ngeschloss sicherbar. Der Boden ist aus Marineschichtholz St\u00e4rke 28 mm.<\/p>\n<p>Der Container besitzt 4 <strong>ISO<\/strong>-Ecken, die seine Verriegelung beim <strong>Stra\u00dfen-, Schienen- oder Seetransport<\/strong> erm\u00f6glichen.<\/p>\n<p>Er kann <strong>personalisiert<\/strong> werden als G\u00e4stezimmer, Imbiss, Kiosk, B\u00fcro, Einrichtungen f\u00fcr die \u00d6ffentlichkeit wie Kinderg\u00e4rten und Schulen, Betriebsunterk\u00fcnfte f\u00fcr Unternehmen, Gemeinschaftsinfrastrukturen f\u00fcr Sport, Freizeit und Transport.<\/p>\n<\/div>\n","protected":false},"featured_media":16281,"comment_status":"open","ping_status":"closed","template":"","meta":[],"product_brand":[],"product_cat":[349,347],"product_tag":[],"class_list":{"0":"post-14298","1":"product","2":"type-product","3":"status-publish","4":"has-post-thumbnail","6":"product_cat-kuehllager","7":"product_cat-unsere-container","9":"first","10":"instock","11":"shipping-taxable","12":"purchasable","13":"product-type-variable"},"yoast_head":"<!-- This site is optimized with the Yoast SEO plugin v27.4 - https:\/\/yoast.com\/product\/yoast-seo-wordpress\/ -->\n<title>K\u00fchl-Seecontainer f\u00fcr Lagerung 20 Fu\u00df Reefer<\/title>\n<meta name=\"robots\" content=\"index, follow, max-snippet:-1, max-image-preview:large, max-video-preview:-1\" \/>\n<link rel=\"canonical\" href=\"https:\/\/sagrinex.com\/produit\/conteneur-maritime-de-stockage-frigorifique-20-pieds-reefer\/\" \/>\n<meta property=\"og:locale\" content=\"de_DE\" \/>\n<meta property=\"og:type\" content=\"article\" \/>\n<meta property=\"og:title\" content=\"K\u00fchl-Seecontainer f\u00fcr Lagerung 20 Fu\u00df Reefer\" \/>\n<meta property=\"og:description\" content=\"Eigenschaften   Sehr wettbewerbsf\u00e4higer Tarif (f\u00fcr das Gebrauchtmodell)  Verschiedene Verwendungen: zus\u00e4tzlicher Lagerraum, Jagdh\u00fctte, Baustellencontainer, Pferdebox, Lagerung aller Art, etc  Referenzprodukt f\u00fcr den Bau von Containerh\u00e4usern  Doppelt\u00fcren verriegelbar durch 4 Espagnoletten und sicherbar durch ein Vorh\u00e4ngeschloss  Marineschichtholzboden St\u00e4rke 28 mm   Der Container 45 Fu\u00df dry high cube PALLET WIDE ist ein Container, der f\u00fcr die Europ\u00e4er konzipiert wurde. Er bietet den Vorteil, 3 Reihen Euro-Paletten in der Breite (800 mm) laden zu k\u00f6nnen. Das sind insgesamt 33 Euro-Paletten. Es ist der Container mit dem gr\u00f6\u00dften Ladevolumen. Der 45 Fu\u00df dry high cube PALLET WIDE wird aus CORTEN-Stahl hergestellt. Diese Stahlart weist wichtige Widerstandseigenschaften gegen atmosph\u00e4rische Bedingungen auf See auf. Seine Doppelt\u00fcren sind durch 4 Espagnoletten verriegelbar und durch ein Sicherheitsvorh\u00e4ngeschloss sicherbar. Der Boden ist aus Marineschichtholz St\u00e4rke 28 mm. Der Container besitzt 4 ISO-Ecken, die seine Verriegelung beim Stra\u00dfen-, Schienen- oder Seetransport erm\u00f6glichen. Er kann personalisiert werden als G\u00e4stezimmer, Imbiss, Kiosk, B\u00fcro, Einrichtungen f\u00fcr die \u00d6ffentlichkeit wie Kinderg\u00e4rten und Schulen, Betriebsunterk\u00fcnfte f\u00fcr Unternehmen, Gemeinschaftsinfrastrukturen f\u00fcr Sport, Freizeit und Transport.\" \/>\n<meta property=\"og:url\" content=\"https:\/\/sagrinex.com\/produit\/conteneur-maritime-de-stockage-frigorifique-20-pieds-reefer\/\" \/>\n<meta property=\"og:site_name\" content=\"Sagrinex \u2013 Anhaenger, Container &amp; Landtechnik \ud83c\udf3e\ud83d\ude9c\" \/>\n<meta property=\"article:modified_time\" content=\"2026-04-15T21:12:19+00:00\" \/>\n<meta property=\"og:image\" content=\"https:\/\/sagrinex.com\/wp-content\/uploads\/2026\/03\/Image-239-2.jpeg\" \/>\n\t<meta property=\"og:image:width\" content=\"640\" \/>\n\t<meta property=\"og:image:height\" content=\"480\" \/>\n\t<meta property=\"og:image:type\" content=\"image\/jpeg\" \/>\n<meta name=\"twitter:card\" content=\"summary_large_image\" \/>\n<script type=\"application\/ld+json\" class=\"yoast-schema-graph\">{\"@context\":\"https:\\\/\\\/schema.org\",\"@graph\":[{\"@type\":\"WebPage\",\"@id\":\"https:\\\/\\\/sagrinex.com\\\/produit\\\/conteneur-maritime-de-stockage-frigorifique-20-pieds-reefer\\\/\",\"url\":\"https:\\\/\\\/sagrinex.com\\\/produit\\\/conteneur-maritime-de-stockage-frigorifique-20-pieds-reefer\\\/\",\"name\":\"K\u00fchl-Seecontainer f\u00fcr Lagerung 20 Fu\u00df Reefer\",\"isPartOf\":{\"@id\":\"https:\\\/\\\/sagrinex.com\\\/#website\"},\"primaryImageOfPage\":{\"@id\":\"https:\\\/\\\/sagrinex.com\\\/produit\\\/conteneur-maritime-de-stockage-frigorifique-20-pieds-reefer\\\/#primaryimage\"},\"image\":{\"@id\":\"https:\\\/\\\/sagrinex.com\\\/produit\\\/conteneur-maritime-de-stockage-frigorifique-20-pieds-reefer\\\/#primaryimage\"},\"thumbnailUrl\":\"https:\\\/\\\/sagrinex.com\\\/wp-content\\\/uploads\\\/2026\\\/03\\\/Image-239-2.jpeg\",\"datePublished\":\"2026-03-15T21:47:30+00:00\",\"dateModified\":\"2026-04-15T21:12:19+00:00\",\"breadcrumb\":{\"@id\":\"https:\\\/\\\/sagrinex.com\\\/produit\\\/conteneur-maritime-de-stockage-frigorifique-20-pieds-reefer\\\/#breadcrumb\"},\"inLanguage\":\"de\",\"potentialAction\":[{\"@type\":\"ReadAction\",\"target\":[\"https:\\\/\\\/sagrinex.com\\\/produit\\\/conteneur-maritime-de-stockage-frigorifique-20-pieds-reefer\\\/\"]}]},{\"@type\":\"ImageObject\",\"inLanguage\":\"de\",\"@id\":\"https:\\\/\\\/sagrinex.com\\\/produit\\\/conteneur-maritime-de-stockage-frigorifique-20-pieds-reefer\\\/#primaryimage\",\"url\":\"https:\\\/\\\/sagrinex.com\\\/wp-content\\\/uploads\\\/2026\\\/03\\\/Image-239-2.jpeg\",\"contentUrl\":\"https:\\\/\\\/sagrinex.com\\\/wp-content\\\/uploads\\\/2026\\\/03\\\/Image-239-2.jpeg\",\"width\":640,\"height\":480},{\"@type\":\"BreadcrumbList\",\"@id\":\"https:\\\/\\\/sagrinex.com\\\/produit\\\/conteneur-maritime-de-stockage-frigorifique-20-pieds-reefer\\\/#breadcrumb\",\"itemListElement\":[{\"@type\":\"ListItem\",\"position\":1,\"name\":\"Accueil\",\"item\":\"https:\\\/\\\/sagrinex.com\\\/?lang=de\"},{\"@type\":\"ListItem\",\"position\":2,\"name\":\"Shop\",\"item\":\"https:\\\/\\\/sagrinex.com\\\/shop\\\/\"},{\"@type\":\"ListItem\",\"position\":3,\"name\":\"K\u00fchl-seecontainer f\u00fcr Lagerung 20 Fu\u00df Reefer\"}]},{\"@type\":\"WebSite\",\"@id\":\"https:\\\/\\\/sagrinex.com\\\/#website\",\"url\":\"https:\\\/\\\/sagrinex.com\\\/\",\"name\":\"Sagrinex \u2013 Spezialist f\u00fcr Anh\u00e4nger, Container & Landtechnik\",\"description\":\"Anhaenger, Container &amp; Landtechnik \u2014 Online-Verkauf &amp; kostenloses Angebot\",\"publisher\":{\"@id\":\"https:\\\/\\\/sagrinex.com\\\/#organization\"},\"potentialAction\":[{\"@type\":\"SearchAction\",\"target\":{\"@type\":\"EntryPoint\",\"urlTemplate\":\"https:\\\/\\\/sagrinex.com\\\/?s={search_term_string}\"},\"query-input\":{\"@type\":\"PropertyValueSpecification\",\"valueRequired\":true,\"valueName\":\"search_term_string\"}}],\"inLanguage\":\"de\"},{\"@type\":\"Organization\",\"@id\":\"https:\\\/\\\/sagrinex.com\\\/#organization\",\"name\":\"Sagrinex \u2013 Remorques, Conteneurs & Mat\u00e9riel Agricole\",\"url\":\"https:\\\/\\\/sagrinex.com\\\/\",\"logo\":{\"@type\":\"ImageObject\",\"inLanguage\":\"de\",\"@id\":\"https:\\\/\\\/sagrinex.com\\\/#\\\/schema\\\/logo\\\/image\\\/\",\"url\":\"https:\\\/\\\/sagrinex.com\\\/wp-content\\\/uploads\\\/2026\\\/03\\\/7f1ac463-ef5a-425d-bdd6-a5da03a334a9-1024x683.png\",\"contentUrl\":\"https:\\\/\\\/sagrinex.com\\\/wp-content\\\/uploads\\\/2026\\\/03\\\/7f1ac463-ef5a-425d-bdd6-a5da03a334a9-1024x683.png\",\"width\":1024,\"height\":683,\"caption\":\"Sagrinex \u2013 Remorques, Conteneurs & Mat\u00e9riel Agricole\"},\"image\":{\"@id\":\"https:\\\/\\\/sagrinex.com\\\/#\\\/schema\\\/logo\\\/image\\\/\"}}]}<\/script>\n<!-- \/ Yoast SEO plugin. -->","yoast_head_json":{"title":"K\u00fchl-Seecontainer f\u00fcr Lagerung 20 Fu\u00df Reefer","robots":{"index":"index","follow":"follow","max-snippet":"max-snippet:-1","max-image-preview":"max-image-preview:large","max-video-preview":"max-video-preview:-1"},"canonical":"https:\/\/sagrinex.com\/produit\/conteneur-maritime-de-stockage-frigorifique-20-pieds-reefer\/","og_locale":"de_DE","og_type":"article","og_title":"K\u00fchl-Seecontainer f\u00fcr Lagerung 20 Fu\u00df Reefer","og_description":"Eigenschaften   Sehr wettbewerbsf\u00e4higer Tarif (f\u00fcr das Gebrauchtmodell)  Verschiedene Verwendungen: zus\u00e4tzlicher Lagerraum, Jagdh\u00fctte, Baustellencontainer, Pferdebox, Lagerung aller Art, etc  Referenzprodukt f\u00fcr den Bau von Containerh\u00e4usern  Doppelt\u00fcren verriegelbar durch 4 Espagnoletten und sicherbar durch ein Vorh\u00e4ngeschloss  Marineschichtholzboden St\u00e4rke 28 mm   Der Container 45 Fu\u00df dry high cube PALLET WIDE ist ein Container, der f\u00fcr die Europ\u00e4er konzipiert wurde. Er bietet den Vorteil, 3 Reihen Euro-Paletten in der Breite (800 mm) laden zu k\u00f6nnen. Das sind insgesamt 33 Euro-Paletten. Es ist der Container mit dem gr\u00f6\u00dften Ladevolumen. Der 45 Fu\u00df dry high cube PALLET WIDE wird aus CORTEN-Stahl hergestellt. Diese Stahlart weist wichtige Widerstandseigenschaften gegen atmosph\u00e4rische Bedingungen auf See auf. Seine Doppelt\u00fcren sind durch 4 Espagnoletten verriegelbar und durch ein Sicherheitsvorh\u00e4ngeschloss sicherbar. Der Boden ist aus Marineschichtholz St\u00e4rke 28 mm. Der Container besitzt 4 ISO-Ecken, die seine Verriegelung beim Stra\u00dfen-, Schienen- oder Seetransport erm\u00f6glichen. Er kann personalisiert werden als G\u00e4stezimmer, Imbiss, Kiosk, B\u00fcro, Einrichtungen f\u00fcr die \u00d6ffentlichkeit wie Kinderg\u00e4rten und Schulen, Betriebsunterk\u00fcnfte f\u00fcr Unternehmen, Gemeinschaftsinfrastrukturen f\u00fcr Sport, Freizeit und Transport.","og_url":"https:\/\/sagrinex.com\/produit\/conteneur-maritime-de-stockage-frigorifique-20-pieds-reefer\/","og_site_name":"Sagrinex \u2013 Anhaenger, Container &amp; Landtechnik \ud83c\udf3e\ud83d\ude9c","article_modified_time":"2026-04-15T21:12:19+00:00","og_image":[{"width":640,"height":480,"url":"https:\/\/sagrinex.com\/wp-content\/uploads\/2026\/03\/Image-239-2.jpeg","type":"image\/jpeg"}],"twitter_card":"summary_large_image","schema":{"@context":"https:\/\/schema.org","@graph":[{"@type":"WebPage","@id":"https:\/\/sagrinex.com\/produit\/conteneur-maritime-de-stockage-frigorifique-20-pieds-reefer\/","url":"https:\/\/sagrinex.com\/produit\/conteneur-maritime-de-stockage-frigorifique-20-pieds-reefer\/","name":"K\u00fchl-Seecontainer f\u00fcr Lagerung 20 Fu\u00df Reefer","isPartOf":{"@id":"https:\/\/sagrinex.com\/#website"},"primaryImageOfPage":{"@id":"https:\/\/sagrinex.com\/produit\/conteneur-maritime-de-stockage-frigorifique-20-pieds-reefer\/#primaryimage"},"image":{"@id":"https:\/\/sagrinex.com\/produit\/conteneur-maritime-de-stockage-frigorifique-20-pieds-reefer\/#primaryimage"},"thumbnailUrl":"https:\/\/sagrinex.com\/wp-content\/uploads\/2026\/03\/Image-239-2.jpeg","datePublished":"2026-03-15T21:47:30+00:00","dateModified":"2026-04-15T21:12:19+00:00","breadcrumb":{"@id":"https:\/\/sagrinex.com\/produit\/conteneur-maritime-de-stockage-frigorifique-20-pieds-reefer\/#breadcrumb"},"inLanguage":"de","potentialAction":[{"@type":"ReadAction","target":["https:\/\/sagrinex.com\/produit\/conteneur-maritime-de-stockage-frigorifique-20-pieds-reefer\/"]}]},{"@type":"ImageObject","inLanguage":"de","@id":"https:\/\/sagrinex.com\/produit\/conteneur-maritime-de-stockage-frigorifique-20-pieds-reefer\/#primaryimage","url":"https:\/\/sagrinex.com\/wp-content\/uploads\/2026\/03\/Image-239-2.jpeg","contentUrl":"https:\/\/sagrinex.com\/wp-content\/uploads\/2026\/03\/Image-239-2.jpeg","width":640,"height":480},{"@type":"BreadcrumbList","@id":"https:\/\/sagrinex.com\/produit\/conteneur-maritime-de-stockage-frigorifique-20-pieds-reefer\/#breadcrumb","itemListElement":[{"@type":"ListItem","position":1,"name":"Accueil","item":"https:\/\/sagrinex.com\/?lang=de"},{"@type":"ListItem","position":2,"name":"Shop","item":"https:\/\/sagrinex.com\/shop\/"},{"@type":"ListItem","position":3,"name":"K\u00fchl-seecontainer f\u00fcr Lagerung 20 Fu\u00df Reefer"}]},{"@type":"WebSite","@id":"https:\/\/sagrinex.com\/#website","url":"https:\/\/sagrinex.com\/","name":"Sagrinex \u2013 Spezialist f\u00fcr Anh\u00e4nger, Container & Landtechnik","description":"Anhaenger, Container &amp; Landtechnik \u2014 Online-Verkauf &amp; kostenloses Angebot","publisher":{"@id":"https:\/\/sagrinex.com\/#organization"},"potentialAction":[{"@type":"SearchAction","target":{"@type":"EntryPoint","urlTemplate":"https:\/\/sagrinex.com\/?s={search_term_string}"},"query-input":{"@type":"PropertyValueSpecification","valueRequired":true,"valueName":"search_term_string"}}],"inLanguage":"de"},{"@type":"Organization","@id":"https:\/\/sagrinex.com\/#organization","name":"Sagrinex \u2013 Remorques, Conteneurs & Mat\u00e9riel Agricole","url":"https:\/\/sagrinex.com\/","logo":{"@type":"ImageObject","inLanguage":"de","@id":"https:\/\/sagrinex.com\/#\/schema\/logo\/image\/","url":"https:\/\/sagrinex.com\/wp-content\/uploads\/2026\/03\/7f1ac463-ef5a-425d-bdd6-a5da03a334a9-1024x683.png","contentUrl":"https:\/\/sagrinex.com\/wp-content\/uploads\/2026\/03\/7f1ac463-ef5a-425d-bdd6-a5da03a334a9-1024x683.png","width":1024,"height":683,"caption":"Sagrinex \u2013 Remorques, Conteneurs & Mat\u00e9riel Agricole"},"image":{"@id":"https:\/\/sagrinex.com\/#\/schema\/logo\/image\/"}}]}},"jetpack_sharing_enabled":true,"_links":{"self":[{"href":"https:\/\/sagrinex.com\/de\/wp-json\/wp\/v2\/product\/14298","targetHints":{"allow":["GET"]}}],"collection":[{"href":"https:\/\/sagrinex.com\/de\/wp-json\/wp\/v2\/product"}],"about":[{"href":"https:\/\/sagrinex.com\/de\/wp-json\/wp\/v2\/types\/product"}],"replies":[{"embeddable":true,"href":"https:\/\/sagrinex.com\/de\/wp-json\/wp\/v2\/comments?post=14298"}],"version-history":[{"count":0,"href":"https:\/\/sagrinex.com\/de\/wp-json\/wp\/v2\/product\/14298\/revisions"}],"wp:featuredmedia":[{"embeddable":true,"href":"https:\/\/sagrinex.com\/de\/wp-json\/wp\/v2\/media\/16281"}],"wp:attachment":[{"href":"https:\/\/sagrinex.com\/de\/wp-json\/wp\/v2\/media?parent=14298"}],"wp:term":[{"taxonomy":"product_brand","embeddable":true,"href":"https:\/\/sagrinex.com\/de\/wp-json\/wp\/v2\/product_brand?post=14298"},{"taxonomy":"product_cat","embeddable":true,"href":"https:\/\/sagrinex.com\/de\/wp-json\/wp\/v2\/product_cat?post=14298"},{"taxonomy":"product_tag","embeddable":true,"href":"https:\/\/sagrinex.com\/de\/wp-json\/wp\/v2\/product_tag?post=14298"}],"curies":[{"name":"wp","href":"https:\/\/api.w.org\/{rel}","templated":true}]}}