{"id":14332,"date":"2026-03-14T17:40:46","date_gmt":"2026-03-14T17:40:46","guid":{"rendered":"https:\/\/sagrinex.com\/produit\/lider-holzanhaenger-39440-201x133x40-cm-gesamtgewicht-500-750-kg\/"},"modified":"2026-04-15T21:12:19","modified_gmt":"2026-04-15T21:12:19","slug":"lider-holzanhaenger-39440-201x133x40-cm-gesamtgewicht-500-750-kg","status":"publish","type":"product","link":"https:\/\/sagrinex.com\/de\/produit\/lider-holzanhaenger-39440-201x133x40-cm-gesamtgewicht-500-750-kg\/","title":{"rendered":"Lider Holzanh\u00c4nger &#8211; 39440 &#8211; 201X133X40 Cm &#8211; Gesamtgewicht: 500\/750 Kg"},"content":{"rendered":"<p>Mit einem zul\u00e4ssigen Gesamtgewicht von 750 Kg und einer Achsst\u00e4rke bietet dieser <strong>Gep\u00e4ckanh\u00e4nger<\/strong> <strong>solide<\/strong> und <strong>leichte<\/strong> Werkzeuge f\u00fcr den <strong>sicheren Transport von Gartenger\u00e4ten, Kleinfahrzeugen (Rasenm\u00e4her, Motorr\u00e4der, Quad, Motorrollstuhl) oder zur Erledigung allt\u00e4glicher <strong>Heimwerk<\/strong>&#8211; und Gartenarbeiten (Hecke). Trimmen, Rasenm\u00e4hen, Recycling, Transport von Gipskartonplatten usw.).<\/p>\n<p>Sein<strong>Kippk\u00f6rper<\/strong>system erm\u00f6glicht dem Benutzer ein vereinfachtes<strong>Be- und<strong>Entladen<\/strong>. Die <strong>geschwei\u00dften Zurr\u00f6sen<\/strong> au\u00dferhalb des Aufbaus sowie die auf den Bordw\u00e4nden aufgesetzten <strong>verzinkten Stahlrohrreling<\/strong>en sorgen f\u00fcr die <strong>Sicherheit<\/strong> und <strong>Stabilit\u00e4t<\/strong> Ihrer Ladung nach der Verzurrung.<\/p>\n<p>Dank der<b><\/b>Holzseitenw\u00e4nde k\u00f6nnen Sie Ihren Anh\u00e4nger beladen, ohne dass die Gefahr einer Verformung der Seiten und St\u00f6\u00dfe besteht. Profitieren Sie bei diesen <strong>Seitenw\u00e4nden<\/strong> von der <strong>Sto\u00dfd\u00e4mpfung<\/strong> von Holz und der <strong>Witterungsbest\u00e4ndigkeit<\/strong> dank der Kunststoffbeschichtung.<\/p>\n<p>Erweitern Sie die Einsatzm\u00f6glichkeiten mit den verf\u00fcgbaren <strong>zus\u00e4tzlichen Optionen<\/strong>:<\/p>\n<ul>\n<li><strong>Flache Plane<\/strong> und <strong>80 cm hohe Plane<\/strong> (zum Schutz Ihrer Ladung vor Blicken von au\u00dfen oder schlechtem Wetter).<\/li>\n<li><strong>Ersatzrad + St\u00fctze<\/strong>(zur Vermeidung kleinerer Stra\u00dfenprobleme).<\/li>\n<li><strong>35 cm Lochblechverl\u00e4ngerungen<\/strong> (zur Verdoppelung der Nutzh\u00f6he des Korpus)<\/li>\n<li><strong>60-cm-Maschenverl\u00e4ngerungen<\/strong> (sehr n\u00fctzlich f\u00fcr die Gestaltung von Gr\u00fcnfl\u00e4chen und den Hin- und R\u00fcckweg zum Recyclingzentrum).<\/li>\n<li><strong>1m20 Br\u00fcckent\u00fcr + Heckst\u00e4nder<\/strong> (Um das Beladen von Kleinfahrzeugen wie Motorr\u00e4dern, Quads, Rasenm\u00e4hern usw. zu vereinfachen)<\/li>\n<\/ul>\n<p><em><strong>F\u00fcr Holzgep\u00e4ck mit einem zul\u00e4ssigen Gesamtgewicht von mehr als 500 kg ist die Erstellung eines Fahrzeugscheins erforderlich.\u00a0<\/strong><\/em><\/p>\n<ul>\n<li>Hohe Widerstandsf\u00e4higkeit gegen St\u00f6\u00dfe und St\u00f6\u00dfe dank der versiegelten Holzseiten.<\/li>\n<li>Sie sind leicht (einfach zu handhaben)<\/li>\n<li>Die au\u00dfen verschwei\u00dften Zurrringe sind f\u00fcr eine bessere Widerstandsf\u00e4higkeit und die Sicherung von Kleinfahrzeugen \u00fcber 100 kg ausgelegt<\/li>\n<li>Au\u00dfergew\u00f6hnliches Preis-Leistungs-Verh\u00e4ltnis<\/li>\n<li>Ein Achswiderstand von 750 kg sorgt f\u00fcr eine ruhige Beladung und eine lange Lebensdauer des Anh\u00e4ngers.<\/li>\n<\/ul>\n<p>Mit einer gro\u00dfen Auswahl an Kippanh\u00e4ngern auf Lager kann Sagrinex Sie bei Ihrem Kauf entsprechend Ihren Erwartungen in Bezug auf Nutzung, Qualit\u00e4t und Budget beraten.<\/p>\n<p><strong>Sagrinex k\u00fcmmert sich um die Lieferung Ihres Anh\u00e4ngers<\/strong>.<\/p>\n<p>Z\u00f6gern Sie nicht, uns f\u00fcr weitere Informationen zu kontaktieren<\/p>\n","protected":false},"excerpt":{"rendered":"<p>Dieser exklusive Gep\u00e4ckanh\u00e4nger mit Holzseiten der Marke Lider eignet sich f\u00fcr den Arbeitsalltag und den Transport kleiner motorisierter Fahrzeuge.<\/p>\n<div class=\"mod_fa_customizablefields_v14_list\">\n<div class=\"mod_fa_champspersonnalisables_v14_title\"><strong>Gesamtgewicht: <\/strong><span class=\"mod_fa_champspersonnalisables_v14_value\">750 kg<\/span><\/div>\n<\/div>\n<div class=\"mod_fa_customizablefields_v14_list\">\n<div class=\"mod_fa_champspersonnalisables_v14_titre\"><strong>Leermasse:<\/strong> <span class=\"mod_fa_champspersonnalisables_v14_value\">195 kg<\/span><\/div>\n<\/div>\n<div class=\"mod_fa_customizablefields_v14_list\">\n<div class=\"mod_fa_champspersonnalisables_v14_title\"><strong>Nutzma\u00dfe: <\/strong><span class=\"mod_fa_champspersonnalisables_v14_value\">201x133x40 cm<\/span><\/div>\n<\/div>\n<div class=\"mod_fa_customizablefields_v14_list\">\n<div class=\"mod_fa_champspersonnalisables_v14_titre\"><strong>Gesamtabmessungen: <\/strong><span class=\"mod_fa_champspersonnalisables_v14_value\">322 x 182 cm<\/span><\/div>\n<\/div>\n<div class=\"mod_fa_customizablefields_v14_list\">\n<div class=\"mod_fa_champspersonnalisables_v14_titre\"><strong>Achswiderstand(e): <\/strong><span class=\"mod_fa_champspersonnalisables_v14_value\">750 KG<\/span><\/div>\n<\/div>\n<div class=\"mod_fa_customizablefields_v14_list\">\n<div class=\"mod_fa_champspersonnalisables_v14_title\"><strong>R\u00e4der: <\/strong><span class=\"mod_fa_champspersonnalisables_v14_valeur\">155\/70R13<\/span><\/div>\n<\/div>\n<div class=\"mod_fa_customizablefields_v14_list\">\n<div class=\"mod_fa_champspersonnalisables_v14_titre\"><strong>Ausstattung: <\/strong><span class=\"mod_fa_champspersonnalisables_v14_valeur\">St\u00fctzraddurchmesser 48 &#8211; vordere und hintere Klappseiten<\/span><\/div>\n<\/div>\n","protected":false},"featured_media":15909,"comment_status":"open","ping_status":"closed","template":"","meta":[],"product_brand":[],"product_cat":[353,352],"product_tag":[],"class_list":{"0":"post-14332","1":"product","2":"type-product","3":"status-publish","4":"has-post-thumbnail","6":"product_cat-gepaeckanhaenger","7":"product_cat-unsere-trailer","9":"first","10":"instock","11":"shipping-taxable","12":"purchasable","13":"product-type-simple"},"yoast_head":"<!-- This site is optimized with the Yoast SEO plugin v27.4 - https:\/\/yoast.com\/product\/yoast-seo-wordpress\/ -->\n<title>LIDER HOLZANH\u00c4NGER - 39440 - 201X133X40 CM - Gesamtgewicht: 500\/750 KG<\/title>\n<meta name=\"description\" content=\"Dieser exklusive Gep\u00e4ckanh\u00e4nger mit Holzseiten der Marke Lider eignet sich f\u00fcr den Arbeitsalltag und den Transport kleiner motorisierter Fahrzeuge.\" \/>\n<meta name=\"robots\" content=\"index, follow, max-snippet:-1, max-image-preview:large, max-video-preview:-1\" \/>\n<link rel=\"canonical\" href=\"https:\/\/sagrinex.com\/produit\/remorque-bois-lider-39440-201x133x40-cm-ptac-500-750-kg\/\" \/>\n<meta property=\"og:locale\" content=\"de_DE\" \/>\n<meta property=\"og:type\" content=\"article\" \/>\n<meta property=\"og:title\" content=\"LIDER HOLZANH\u00c4NGER - 39440 - 201X133X40 CM - Gesamtgewicht: 500\/750 KG\" \/>\n<meta property=\"og:description\" content=\"Dieser exklusive Gep\u00e4ckanh\u00e4nger mit Holzseiten der Marke Lider eignet sich f\u00fcr den Arbeitsalltag und den Transport kleiner motorisierter Fahrzeuge.\" \/>\n<meta property=\"og:url\" content=\"https:\/\/sagrinex.com\/produit\/remorque-bois-lider-39440-201x133x40-cm-ptac-500-750-kg\/\" \/>\n<meta property=\"og:site_name\" content=\"Sagrinex \u2013 Anhaenger, Container &amp; Landtechnik \ud83c\udf3e\ud83d\ude9c\" \/>\n<meta property=\"article:modified_time\" content=\"2026-04-15T21:12:19+00:00\" \/>\n<meta property=\"og:image\" content=\"https:\/\/sagrinex.com\/wp-content\/uploads\/2026\/03\/Image-208-1.jpeg\" \/>\n\t<meta property=\"og:image:width\" content=\"600\" \/>\n\t<meta property=\"og:image:height\" content=\"356\" \/>\n\t<meta property=\"og:image:type\" content=\"image\/jpeg\" \/>\n<meta name=\"twitter:card\" content=\"summary_large_image\" \/>\n<meta name=\"twitter:label1\" content=\"Gesch\u00e4tzte Lesezeit\" \/>\n\t<meta name=\"twitter:data1\" content=\"2\u00a0Minuten\" \/>\n<script type=\"application\/ld+json\" class=\"yoast-schema-graph\">{\"@context\":\"https:\\\/\\\/schema.org\",\"@graph\":[{\"@type\":\"WebPage\",\"@id\":\"https:\\\/\\\/sagrinex.com\\\/produit\\\/remorque-bois-lider-39440-201x133x40-cm-ptac-500-750-kg\\\/\",\"url\":\"https:\\\/\\\/sagrinex.com\\\/produit\\\/remorque-bois-lider-39440-201x133x40-cm-ptac-500-750-kg\\\/\",\"name\":\"LIDER HOLZANH\u00c4NGER - 39440 - 201X133X40 CM - Gesamtgewicht: 500\\\/750 KG\",\"isPartOf\":{\"@id\":\"https:\\\/\\\/sagrinex.com\\\/#website\"},\"primaryImageOfPage\":{\"@id\":\"https:\\\/\\\/sagrinex.com\\\/produit\\\/remorque-bois-lider-39440-201x133x40-cm-ptac-500-750-kg\\\/#primaryimage\"},\"image\":{\"@id\":\"https:\\\/\\\/sagrinex.com\\\/produit\\\/remorque-bois-lider-39440-201x133x40-cm-ptac-500-750-kg\\\/#primaryimage\"},\"thumbnailUrl\":\"https:\\\/\\\/sagrinex.com\\\/wp-content\\\/uploads\\\/2026\\\/03\\\/Image-208-1.jpeg\",\"datePublished\":\"2026-03-14T17:40:46+00:00\",\"dateModified\":\"2026-04-15T21:12:19+00:00\",\"description\":\"Dieser exklusive Gep\u00e4ckanh\u00e4nger mit Holzseiten der Marke Lider eignet sich f\u00fcr den Arbeitsalltag und den Transport kleiner motorisierter Fahrzeuge.\",\"breadcrumb\":{\"@id\":\"https:\\\/\\\/sagrinex.com\\\/produit\\\/remorque-bois-lider-39440-201x133x40-cm-ptac-500-750-kg\\\/#breadcrumb\"},\"inLanguage\":\"de\",\"potentialAction\":[{\"@type\":\"ReadAction\",\"target\":[\"https:\\\/\\\/sagrinex.com\\\/produit\\\/remorque-bois-lider-39440-201x133x40-cm-ptac-500-750-kg\\\/\"]}]},{\"@type\":\"ImageObject\",\"inLanguage\":\"de\",\"@id\":\"https:\\\/\\\/sagrinex.com\\\/produit\\\/remorque-bois-lider-39440-201x133x40-cm-ptac-500-750-kg\\\/#primaryimage\",\"url\":\"https:\\\/\\\/sagrinex.com\\\/wp-content\\\/uploads\\\/2026\\\/03\\\/Image-208-1.jpeg\",\"contentUrl\":\"https:\\\/\\\/sagrinex.com\\\/wp-content\\\/uploads\\\/2026\\\/03\\\/Image-208-1.jpeg\",\"width\":600,\"height\":356},{\"@type\":\"BreadcrumbList\",\"@id\":\"https:\\\/\\\/sagrinex.com\\\/produit\\\/remorque-bois-lider-39440-201x133x40-cm-ptac-500-750-kg\\\/#breadcrumb\",\"itemListElement\":[{\"@type\":\"ListItem\",\"position\":1,\"name\":\"Accueil\",\"item\":\"https:\\\/\\\/sagrinex.com\\\/?lang=de\"},{\"@type\":\"ListItem\",\"position\":2,\"name\":\"Shop\",\"item\":\"https:\\\/\\\/sagrinex.com\\\/shop\\\/\"},{\"@type\":\"ListItem\",\"position\":3,\"name\":\"Lider Holzanh\u00c4nger &#8211; 39440 &#8211; 201X133X40 Cm &#8211; Gesamtgewicht: 500\\\/750 Kg\"}]},{\"@type\":\"WebSite\",\"@id\":\"https:\\\/\\\/sagrinex.com\\\/#website\",\"url\":\"https:\\\/\\\/sagrinex.com\\\/\",\"name\":\"Sagrinex \u2013 Spezialist f\u00fcr Anh\u00e4nger, Container & Landtechnik\",\"description\":\"Anhaenger, Container &amp; Landtechnik \u2014 Online-Verkauf &amp; kostenloses Angebot\",\"publisher\":{\"@id\":\"https:\\\/\\\/sagrinex.com\\\/#organization\"},\"potentialAction\":[{\"@type\":\"SearchAction\",\"target\":{\"@type\":\"EntryPoint\",\"urlTemplate\":\"https:\\\/\\\/sagrinex.com\\\/?s={search_term_string}\"},\"query-input\":{\"@type\":\"PropertyValueSpecification\",\"valueRequired\":true,\"valueName\":\"search_term_string\"}}],\"inLanguage\":\"de\"},{\"@type\":\"Organization\",\"@id\":\"https:\\\/\\\/sagrinex.com\\\/#organization\",\"name\":\"Sagrinex \u2013 Remorques, Conteneurs & Mat\u00e9riel Agricole\",\"url\":\"https:\\\/\\\/sagrinex.com\\\/\",\"logo\":{\"@type\":\"ImageObject\",\"inLanguage\":\"de\",\"@id\":\"https:\\\/\\\/sagrinex.com\\\/#\\\/schema\\\/logo\\\/image\\\/\",\"url\":\"https:\\\/\\\/sagrinex.com\\\/wp-content\\\/uploads\\\/2026\\\/03\\\/7f1ac463-ef5a-425d-bdd6-a5da03a334a9-1024x683.png\",\"contentUrl\":\"https:\\\/\\\/sagrinex.com\\\/wp-content\\\/uploads\\\/2026\\\/03\\\/7f1ac463-ef5a-425d-bdd6-a5da03a334a9-1024x683.png\",\"width\":1024,\"height\":683,\"caption\":\"Sagrinex \u2013 Remorques, Conteneurs & Mat\u00e9riel Agricole\"},\"image\":{\"@id\":\"https:\\\/\\\/sagrinex.com\\\/#\\\/schema\\\/logo\\\/image\\\/\"}}]}<\/script>\n<!-- \/ Yoast SEO plugin. -->","yoast_head_json":{"title":"LIDER HOLZANH\u00c4NGER - 39440 - 201X133X40 CM - Gesamtgewicht: 500\/750 KG","description":"Dieser exklusive Gep\u00e4ckanh\u00e4nger mit Holzseiten der Marke Lider eignet sich f\u00fcr den Arbeitsalltag und den Transport kleiner motorisierter Fahrzeuge.","robots":{"index":"index","follow":"follow","max-snippet":"max-snippet:-1","max-image-preview":"max-image-preview:large","max-video-preview":"max-video-preview:-1"},"canonical":"https:\/\/sagrinex.com\/produit\/remorque-bois-lider-39440-201x133x40-cm-ptac-500-750-kg\/","og_locale":"de_DE","og_type":"article","og_title":"LIDER HOLZANH\u00c4NGER - 39440 - 201X133X40 CM - Gesamtgewicht: 500\/750 KG","og_description":"Dieser exklusive Gep\u00e4ckanh\u00e4nger mit Holzseiten der Marke Lider eignet sich f\u00fcr den Arbeitsalltag und den Transport kleiner motorisierter Fahrzeuge.","og_url":"https:\/\/sagrinex.com\/produit\/remorque-bois-lider-39440-201x133x40-cm-ptac-500-750-kg\/","og_site_name":"Sagrinex \u2013 Anhaenger, Container &amp; Landtechnik \ud83c\udf3e\ud83d\ude9c","article_modified_time":"2026-04-15T21:12:19+00:00","og_image":[{"width":600,"height":356,"url":"https:\/\/sagrinex.com\/wp-content\/uploads\/2026\/03\/Image-208-1.jpeg","type":"image\/jpeg"}],"twitter_card":"summary_large_image","twitter_misc":{"Gesch\u00e4tzte Lesezeit":"2\u00a0Minuten"},"schema":{"@context":"https:\/\/schema.org","@graph":[{"@type":"WebPage","@id":"https:\/\/sagrinex.com\/produit\/remorque-bois-lider-39440-201x133x40-cm-ptac-500-750-kg\/","url":"https:\/\/sagrinex.com\/produit\/remorque-bois-lider-39440-201x133x40-cm-ptac-500-750-kg\/","name":"LIDER HOLZANH\u00c4NGER - 39440 - 201X133X40 CM - Gesamtgewicht: 500\/750 KG","isPartOf":{"@id":"https:\/\/sagrinex.com\/#website"},"primaryImageOfPage":{"@id":"https:\/\/sagrinex.com\/produit\/remorque-bois-lider-39440-201x133x40-cm-ptac-500-750-kg\/#primaryimage"},"image":{"@id":"https:\/\/sagrinex.com\/produit\/remorque-bois-lider-39440-201x133x40-cm-ptac-500-750-kg\/#primaryimage"},"thumbnailUrl":"https:\/\/sagrinex.com\/wp-content\/uploads\/2026\/03\/Image-208-1.jpeg","datePublished":"2026-03-14T17:40:46+00:00","dateModified":"2026-04-15T21:12:19+00:00","description":"Dieser exklusive Gep\u00e4ckanh\u00e4nger mit Holzseiten der Marke Lider eignet sich f\u00fcr den Arbeitsalltag und den Transport kleiner motorisierter Fahrzeuge.","breadcrumb":{"@id":"https:\/\/sagrinex.com\/produit\/remorque-bois-lider-39440-201x133x40-cm-ptac-500-750-kg\/#breadcrumb"},"inLanguage":"de","potentialAction":[{"@type":"ReadAction","target":["https:\/\/sagrinex.com\/produit\/remorque-bois-lider-39440-201x133x40-cm-ptac-500-750-kg\/"]}]},{"@type":"ImageObject","inLanguage":"de","@id":"https:\/\/sagrinex.com\/produit\/remorque-bois-lider-39440-201x133x40-cm-ptac-500-750-kg\/#primaryimage","url":"https:\/\/sagrinex.com\/wp-content\/uploads\/2026\/03\/Image-208-1.jpeg","contentUrl":"https:\/\/sagrinex.com\/wp-content\/uploads\/2026\/03\/Image-208-1.jpeg","width":600,"height":356},{"@type":"BreadcrumbList","@id":"https:\/\/sagrinex.com\/produit\/remorque-bois-lider-39440-201x133x40-cm-ptac-500-750-kg\/#breadcrumb","itemListElement":[{"@type":"ListItem","position":1,"name":"Accueil","item":"https:\/\/sagrinex.com\/?lang=de"},{"@type":"ListItem","position":2,"name":"Shop","item":"https:\/\/sagrinex.com\/shop\/"},{"@type":"ListItem","position":3,"name":"Lider Holzanh\u00c4nger &#8211; 39440 &#8211; 201X133X40 Cm &#8211; Gesamtgewicht: 500\/750 Kg"}]},{"@type":"WebSite","@id":"https:\/\/sagrinex.com\/#website","url":"https:\/\/sagrinex.com\/","name":"Sagrinex \u2013 Spezialist f\u00fcr Anh\u00e4nger, Container & Landtechnik","description":"Anhaenger, Container &amp; Landtechnik \u2014 Online-Verkauf &amp; kostenloses Angebot","publisher":{"@id":"https:\/\/sagrinex.com\/#organization"},"potentialAction":[{"@type":"SearchAction","target":{"@type":"EntryPoint","urlTemplate":"https:\/\/sagrinex.com\/?s={search_term_string}"},"query-input":{"@type":"PropertyValueSpecification","valueRequired":true,"valueName":"search_term_string"}}],"inLanguage":"de"},{"@type":"Organization","@id":"https:\/\/sagrinex.com\/#organization","name":"Sagrinex \u2013 Remorques, Conteneurs & Mat\u00e9riel Agricole","url":"https:\/\/sagrinex.com\/","logo":{"@type":"ImageObject","inLanguage":"de","@id":"https:\/\/sagrinex.com\/#\/schema\/logo\/image\/","url":"https:\/\/sagrinex.com\/wp-content\/uploads\/2026\/03\/7f1ac463-ef5a-425d-bdd6-a5da03a334a9-1024x683.png","contentUrl":"https:\/\/sagrinex.com\/wp-content\/uploads\/2026\/03\/7f1ac463-ef5a-425d-bdd6-a5da03a334a9-1024x683.png","width":1024,"height":683,"caption":"Sagrinex \u2013 Remorques, Conteneurs & Mat\u00e9riel Agricole"},"image":{"@id":"https:\/\/sagrinex.com\/#\/schema\/logo\/image\/"}}]}},"jetpack_sharing_enabled":true,"_links":{"self":[{"href":"https:\/\/sagrinex.com\/de\/wp-json\/wp\/v2\/product\/14332","targetHints":{"allow":["GET"]}}],"collection":[{"href":"https:\/\/sagrinex.com\/de\/wp-json\/wp\/v2\/product"}],"about":[{"href":"https:\/\/sagrinex.com\/de\/wp-json\/wp\/v2\/types\/product"}],"replies":[{"embeddable":true,"href":"https:\/\/sagrinex.com\/de\/wp-json\/wp\/v2\/comments?post=14332"}],"version-history":[{"count":0,"href":"https:\/\/sagrinex.com\/de\/wp-json\/wp\/v2\/product\/14332\/revisions"}],"wp:featuredmedia":[{"embeddable":true,"href":"https:\/\/sagrinex.com\/de\/wp-json\/wp\/v2\/media\/15909"}],"wp:attachment":[{"href":"https:\/\/sagrinex.com\/de\/wp-json\/wp\/v2\/media?parent=14332"}],"wp:term":[{"taxonomy":"product_brand","embeddable":true,"href":"https:\/\/sagrinex.com\/de\/wp-json\/wp\/v2\/product_brand?post=14332"},{"taxonomy":"product_cat","embeddable":true,"href":"https:\/\/sagrinex.com\/de\/wp-json\/wp\/v2\/product_cat?post=14332"},{"taxonomy":"product_tag","embeddable":true,"href":"https:\/\/sagrinex.com\/de\/wp-json\/wp\/v2\/product_tag?post=14332"}],"curies":[{"name":"wp","href":"https:\/\/api.w.org\/{rel}","templated":true}]}}