{"id":14342,"date":"2026-03-14T17:13:17","date_gmt":"2026-03-14T17:13:17","guid":{"rendered":"https:\/\/sagrinex.com\/produit\/mehrzweck-holzanhaenger-woody-fw150-1-gebremste-achse-zulaessiges-gesamtgewicht-1500-kg-306-x-154-cm\/"},"modified":"2026-04-15T21:12:19","modified_gmt":"2026-04-15T21:12:19","slug":"mehrzweck-holzanhaenger-woody-fw150-1-gebremste-achse-zulaessiges-gesamtgewicht-1500-kg-306-x-154-cm","status":"publish","type":"product","link":"https:\/\/sagrinex.com\/de\/produit\/mehrzweck-holzanhaenger-woody-fw150-1-gebremste-achse-zulaessiges-gesamtgewicht-1500-kg-306-x-154-cm\/","title":{"rendered":"Mehrzweck-holzanh\u00e4nger \u2013 Woody FW150 \u2013 1 Gebremste Achse \u2013 Zul\u00e4ssiges Gesamtgewicht: 1500 Kg \u2013 306 X 154 Cm"},"content":{"rendered":"<p>Mit einem zul\u00e4ssigen Gesamtgewicht von 1.200\/1.300\/1.350\/1.500 kg eignet sich dieser <strong>Mehrzweck-Holzanh\u00e4nger<\/strong> ideal f\u00fcr <strong>Arbeiten<\/strong>, die eine gr\u00f6\u00dfere Nutzlast erfordern als Gep\u00e4ckanh\u00e4nger (<strong>Renovierungsarbeiten<\/strong>, Transport von <strong>Brennholz<\/strong>, Transport von <strong>schweren<\/strong> M\u00f6beln oder anderen <strong>kleine motorisierte Fahrzeuge<\/strong> wie Motorr\u00e4der, Quads und schwere motorisierte Rasenm\u00e4her).<\/p>\n<p>Sein<strong>kippbares<\/strong> System erm\u00f6glicht dem Benutzer ein vereinfachtes Be- und Entladen. Die Zurr\u00f6sen sorgen f\u00fcr die<strong>Sicherheit<\/strong>und die<strong>Stabilit\u00e4t<\/strong> Ihrer Ladung.<br \/>\nMit einem Rahmen aus feuerverzinktem Stahl, der durch Quertr\u00e4ger aus verzinktem Stahl verst\u00e4rkt wird, verformt sich der Boden im Laufe der Zeit nicht und beh\u00e4lt seine urspr\u00fcngliche Robustheit.<\/p>\n<p>F\u00fcr dieses Modell stehen <strong>viele Optionen<\/strong> zur Verf\u00fcgung:<\/p>\n<ul>\n<li><strong>Leitergestell<\/strong> (zum Transport langer Gegenst\u00e4nde: Leitern, Holzbretter, Metallstangen)<\/li>\n<li><strong>Flache Plane und 120 cm hohe Plane + Rahmen<\/strong> (um Ihre Ladung vor schlechtem Wetter zu sch\u00fctzen)<\/li>\n<li><strong>50-cm-Gitterverl\u00e4ngerungen<\/strong> (f\u00fcr den Transport von Gr\u00fcnabf\u00e4llen zum Recyclinghof)<\/li>\n<li><strong>Laubschutznetz oder komplettes 250 x 160 cm gro\u00dfes Netz<\/strong> (um zu verhindern, dass Gr\u00fcnabf\u00e4lle auf die Stra\u00dfe fliegen)<\/li>\n<li><strong>Ersatzrad + St\u00fctze<\/strong>(zur Vermeidung von Gefahren im Stra\u00dfenverkehr)<\/li>\n<li><strong>St\u00fctzrad + Ring<\/strong>(vereinfachtes Leerhandling und Abh\u00e4ngen des Anh\u00e4ngers)<\/li>\n<li><strong>Satz Heckst\u00e4nder<\/strong>(stabilisieren Ihren Anh\u00e4nger bei Leerladung)<\/li>\n<li><strong>Rampen<\/strong> (zum einfachen Beladen kleiner motorisierter Fahrzeuge)<\/li>\n<li><strong>Gurtsatz<\/strong>(zur Sicherung Ihrer Ladung w\u00e4hrend der Fahrt)<\/li>\n<\/ul>\n<p><em><strong>Mehrzweck-Holzanh\u00e4nger mit einem zul\u00e4ssigen Gesamtgewicht von mehr als 500 kg erfordern die Erstellung eines Zulassungsdokuments.<\/strong><\/em><\/p>\n<ul>\n<li>Holz rostet nicht<\/li>\n<li>Nicht durch St\u00f6\u00dfe verformen (Holz, Schutt, Sand)<\/li>\n<li>Leichter als ein Modell aus verst\u00e4rktem Stahl<\/li>\n<li>G\u00fcnstiger als ein ALU-Anh\u00e4nger.<\/li>\n<li>Authentischeres Design als ein Anh\u00e4nger aus Aluminium oder verzinktem Stahl.<\/li>\n<li>Solide Ausr\u00fcstung f\u00fcr Privatpersonen und Profis.<\/li>\n<\/ul>\n<p><strong>Woody<\/strong>-Anh\u00e4nger von <strong>Saris<\/strong> werden von vielen Profis in Europa genutzt. Sie geh\u00f6ren zu den <strong>Klassikern<\/strong>, die sich sowohl in puncto <strong>Komfort<\/strong> als auch <strong>Vielseitigkeit<\/strong> bew\u00e4hrt haben.<\/p>\n","protected":false},"excerpt":{"rendered":"<p>Dieser vielseitige Holzanh\u00e4nger der Marke Saris eignet sich f\u00fcr Heimwerker- und Renovierungsarbeiten sowie den Transport von Brennholz und Gr\u00fcnabf\u00e4llen f\u00fcr Privatpersonen und Profis (maximale Nutzlast 1150 kg).<\/p>\n<div class=\"mod_fa_customizablefields_v14_list\">\n<div class=\"mod_fa_champspersonnalisables_v14_title\"><strong>Zul\u00e4ssiges Gesamtgewicht: <\/strong><span class=\"mod_fa_champspersonnalisables_v14_value\">1200\/1300\/1350\/1500 kg<\/span><\/div>\n<\/div>\n<div class=\"mod_fa_customizablefields_v14_list\">\n<div class=\"mod_fa_champspersonnalisables_v14_titre\"><strong>Leermasse: <\/strong><span class=\"mod_fa_champspersonnalisables_v14_value\">350 kg<\/span><\/div>\n<\/div>\n<div class=\"mod_fa_customizablefields_v14_list\">\n<div class=\"mod_fa_champspersonnalisables_v14_titre\"><strong>Nutzlast: <\/strong><span class=\"mod_fa_champspersonnalisables_v14_value\">maximal 1150 kg<\/span><\/div>\n<\/div>\n<div class=\"mod_fa_customizablefields_v14_list\">\n<div class=\"mod_fa_champspersonnalisables_v14_titre\"><strong>Gesamtabmessungen: <\/strong><span class=\"mod_fa_champspersonnalisables_v14_value\">436 x 208 x H126 cm<\/span><\/div>\n<\/div>\n<div class=\"mod_fa_customizablefields_v14_list\">\n<div class=\"mod_fa_champspersonnalisables_v14_titre\"><strong>Nutzh\u00f6he \/ Boden: <\/strong><span class=\"mod_fa_champspersonnalisables_v14_value\">54 cm<\/span><\/div>\n<\/div>\n<div class=\"mod_fa_customizablefields_v14_list\">\n<div class=\"mod_fa_champspersonnalisables_v14_title\"><strong>Boden: <\/strong><span class=\"mod_fa_champspersonnalisables_v14_value\">Anti-Rutsch-CP<\/span><\/div>\n<\/div>\n<div class=\"mod_fa_customizablefields_v14_list\">\n<div class=\"mod_fa_champspersonnalisables_v14_title\"><strong>Pfeil: <\/strong><span class=\"mod_fa_champspersonnalisables_v14_value\">Feuerverzinkt in V<\/span><\/div>\n<\/div>\n<div class=\"mod_fa_customizablefields_v14_list\">\n<div class=\"mod_fa_champspersonnalisables_v14_titre\"><strong>Kopf gebremst: <\/strong><span class=\"mod_fa_champspersonnalisables_v14_value\">Ja<\/span><\/div>\n<\/div>\n<div class=\"mod_fa_customizablefields_v14_list\">\n<div class=\"mod_fa_champspersonnalisables_v14_titre\"><strong>Rahmentyp: <\/strong><span class=\"mod_fa_champspersonnalisables_v14_value\">Feuerverzinkt<\/span><\/div>\n<\/div>\n<div class=\"mod_fa_customizablefields_v14_list\">\n<div class=\"mod_fa_champspersonnalisables_v14_titre\"><strong>R\u00e4der: <\/strong><span class=\"mod_fa_champspersonnalisables_v14_value\">14 Zoll<\/span><\/div>\n<\/div>\n<div class=\"mod_fa_customizablefields_v14_list\">\n<div class=\"mod_fa_champspersonnalisables_v14_titre\"><strong>Ausstattung: <\/strong><span class=\"mod_fa_champspersonnalisables_v14_valeur\">Kotfl\u00fcgel aus schwarzem Kunststoff \/ St\u00fctzrad 48 \/ Verzurr\u00f6sen \/ Verst\u00e4rkter 15-mm-Holzk\u00f6rper \/ Seitengel\u00e4nder serienm\u00e4\u00dfig befestigt.<\/span><\/div>\n<\/div>\n","protected":false},"featured_media":15899,"comment_status":"open","ping_status":"closed","template":"","meta":[],"product_brand":[],"product_cat":[353,352],"product_tag":[],"class_list":{"0":"post-14342","1":"product","2":"type-product","3":"status-publish","4":"has-post-thumbnail","6":"product_cat-gepaeckanhaenger","7":"product_cat-unsere-trailer","9":"first","10":"instock","11":"shipping-taxable","12":"purchasable","13":"product-type-simple"},"yoast_head":"<!-- This site is optimized with the Yoast SEO plugin v27.4 - https:\/\/yoast.com\/product\/yoast-seo-wordpress\/ -->\n<title>Mehrzweck-Holzanh\u00e4nger \u2013 WOODY FW150 \u2013 1 gebremste Achse \u2013 zul\u00e4ssiges Gesamtgewicht: 1500 kg \u2013 306 x 154 cm<\/title>\n<meta name=\"description\" content=\"Dieser vielseitige Holzanh\u00e4nger der Marke Saris eignet sich f\u00fcr Heimwerker- und Renovierungsarbeiten sowie den Transport von Brennholz und Gr\u00fcnabf\u00e4llen f\u00fcr Privatpersonen und Profis (maximale Nutzlast 1150 kg).\" \/>\n<meta name=\"robots\" content=\"index, follow, max-snippet:-1, max-image-preview:large, max-video-preview:-1\" \/>\n<link rel=\"canonical\" href=\"https:\/\/sagrinex.com\/produit\/remorque-polyvalente-en-bois-woody-fw150-1-essieu-freine-ptac-1500-kg-306-x-154-cm\/\" \/>\n<meta property=\"og:locale\" content=\"de_DE\" \/>\n<meta property=\"og:type\" content=\"article\" \/>\n<meta property=\"og:title\" content=\"Mehrzweck-Holzanh\u00e4nger \u2013 WOODY FW150 \u2013 1 gebremste Achse \u2013 zul\u00e4ssiges Gesamtgewicht: 1500 kg \u2013 306 x 154 cm\" \/>\n<meta property=\"og:description\" content=\"Dieser vielseitige Holzanh\u00e4nger der Marke Saris eignet sich f\u00fcr Heimwerker- und Renovierungsarbeiten sowie den Transport von Brennholz und Gr\u00fcnabf\u00e4llen f\u00fcr Privatpersonen und Profis (maximale Nutzlast 1150 kg).\" \/>\n<meta property=\"og:url\" content=\"https:\/\/sagrinex.com\/produit\/remorque-polyvalente-en-bois-woody-fw150-1-essieu-freine-ptac-1500-kg-306-x-154-cm\/\" \/>\n<meta property=\"og:site_name\" content=\"Sagrinex \u2013 Anhaenger, Container &amp; Landtechnik \ud83c\udf3e\ud83d\ude9c\" \/>\n<meta property=\"article:modified_time\" content=\"2026-04-15T21:12:19+00:00\" \/>\n<meta property=\"og:image\" content=\"https:\/\/sagrinex.com\/wp-content\/uploads\/2026\/03\/Image-181-1.jpeg\" \/>\n\t<meta property=\"og:image:width\" content=\"2000\" \/>\n\t<meta property=\"og:image:height\" content=\"629\" \/>\n\t<meta property=\"og:image:type\" content=\"image\/jpeg\" \/>\n<meta name=\"twitter:card\" content=\"summary_large_image\" \/>\n<meta name=\"twitter:label1\" content=\"Gesch\u00e4tzte Lesezeit\" \/>\n\t<meta name=\"twitter:data1\" content=\"2\u00a0Minuten\" \/>\n<script type=\"application\/ld+json\" class=\"yoast-schema-graph\">{\"@context\":\"https:\\\/\\\/schema.org\",\"@graph\":[{\"@type\":\"WebPage\",\"@id\":\"https:\\\/\\\/sagrinex.com\\\/produit\\\/remorque-polyvalente-en-bois-woody-fw150-1-essieu-freine-ptac-1500-kg-306-x-154-cm\\\/\",\"url\":\"https:\\\/\\\/sagrinex.com\\\/produit\\\/remorque-polyvalente-en-bois-woody-fw150-1-essieu-freine-ptac-1500-kg-306-x-154-cm\\\/\",\"name\":\"Mehrzweck-Holzanh\u00e4nger \u2013 WOODY FW150 \u2013 1 gebremste Achse \u2013 zul\u00e4ssiges Gesamtgewicht: 1500 kg \u2013 306 x 154 cm\",\"isPartOf\":{\"@id\":\"https:\\\/\\\/sagrinex.com\\\/#website\"},\"primaryImageOfPage\":{\"@id\":\"https:\\\/\\\/sagrinex.com\\\/produit\\\/remorque-polyvalente-en-bois-woody-fw150-1-essieu-freine-ptac-1500-kg-306-x-154-cm\\\/#primaryimage\"},\"image\":{\"@id\":\"https:\\\/\\\/sagrinex.com\\\/produit\\\/remorque-polyvalente-en-bois-woody-fw150-1-essieu-freine-ptac-1500-kg-306-x-154-cm\\\/#primaryimage\"},\"thumbnailUrl\":\"https:\\\/\\\/sagrinex.com\\\/wp-content\\\/uploads\\\/2026\\\/03\\\/Image-181-1.jpeg\",\"datePublished\":\"2026-03-14T17:13:17+00:00\",\"dateModified\":\"2026-04-15T21:12:19+00:00\",\"description\":\"Dieser vielseitige Holzanh\u00e4nger der Marke Saris eignet sich f\u00fcr Heimwerker- und Renovierungsarbeiten sowie den Transport von Brennholz und Gr\u00fcnabf\u00e4llen f\u00fcr Privatpersonen und Profis (maximale Nutzlast 1150 kg).\",\"breadcrumb\":{\"@id\":\"https:\\\/\\\/sagrinex.com\\\/produit\\\/remorque-polyvalente-en-bois-woody-fw150-1-essieu-freine-ptac-1500-kg-306-x-154-cm\\\/#breadcrumb\"},\"inLanguage\":\"de\",\"potentialAction\":[{\"@type\":\"ReadAction\",\"target\":[\"https:\\\/\\\/sagrinex.com\\\/produit\\\/remorque-polyvalente-en-bois-woody-fw150-1-essieu-freine-ptac-1500-kg-306-x-154-cm\\\/\"]}]},{\"@type\":\"ImageObject\",\"inLanguage\":\"de\",\"@id\":\"https:\\\/\\\/sagrinex.com\\\/produit\\\/remorque-polyvalente-en-bois-woody-fw150-1-essieu-freine-ptac-1500-kg-306-x-154-cm\\\/#primaryimage\",\"url\":\"https:\\\/\\\/sagrinex.com\\\/wp-content\\\/uploads\\\/2026\\\/03\\\/Image-181-1.jpeg\",\"contentUrl\":\"https:\\\/\\\/sagrinex.com\\\/wp-content\\\/uploads\\\/2026\\\/03\\\/Image-181-1.jpeg\",\"width\":2000,\"height\":629},{\"@type\":\"BreadcrumbList\",\"@id\":\"https:\\\/\\\/sagrinex.com\\\/produit\\\/remorque-polyvalente-en-bois-woody-fw150-1-essieu-freine-ptac-1500-kg-306-x-154-cm\\\/#breadcrumb\",\"itemListElement\":[{\"@type\":\"ListItem\",\"position\":1,\"name\":\"Accueil\",\"item\":\"https:\\\/\\\/sagrinex.com\\\/?lang=de\"},{\"@type\":\"ListItem\",\"position\":2,\"name\":\"Shop\",\"item\":\"https:\\\/\\\/sagrinex.com\\\/shop\\\/\"},{\"@type\":\"ListItem\",\"position\":3,\"name\":\"Mehrzweck-holzanh\u00e4nger \u2013 Woody FW150 \u2013 1 Gebremste Achse \u2013 Zul\u00e4ssiges Gesamtgewicht: 1500 Kg \u2013 306 X 154 Cm\"}]},{\"@type\":\"WebSite\",\"@id\":\"https:\\\/\\\/sagrinex.com\\\/#website\",\"url\":\"https:\\\/\\\/sagrinex.com\\\/\",\"name\":\"Sagrinex \u2013 Spezialist f\u00fcr Anh\u00e4nger, Container & Landtechnik\",\"description\":\"Anhaenger, Container &amp; Landtechnik \u2014 Online-Verkauf &amp; kostenloses Angebot\",\"publisher\":{\"@id\":\"https:\\\/\\\/sagrinex.com\\\/#organization\"},\"potentialAction\":[{\"@type\":\"SearchAction\",\"target\":{\"@type\":\"EntryPoint\",\"urlTemplate\":\"https:\\\/\\\/sagrinex.com\\\/?s={search_term_string}\"},\"query-input\":{\"@type\":\"PropertyValueSpecification\",\"valueRequired\":true,\"valueName\":\"search_term_string\"}}],\"inLanguage\":\"de\"},{\"@type\":\"Organization\",\"@id\":\"https:\\\/\\\/sagrinex.com\\\/#organization\",\"name\":\"Sagrinex \u2013 Remorques, Conteneurs & Mat\u00e9riel Agricole\",\"url\":\"https:\\\/\\\/sagrinex.com\\\/\",\"logo\":{\"@type\":\"ImageObject\",\"inLanguage\":\"de\",\"@id\":\"https:\\\/\\\/sagrinex.com\\\/#\\\/schema\\\/logo\\\/image\\\/\",\"url\":\"https:\\\/\\\/sagrinex.com\\\/wp-content\\\/uploads\\\/2026\\\/03\\\/7f1ac463-ef5a-425d-bdd6-a5da03a334a9-1024x683.png\",\"contentUrl\":\"https:\\\/\\\/sagrinex.com\\\/wp-content\\\/uploads\\\/2026\\\/03\\\/7f1ac463-ef5a-425d-bdd6-a5da03a334a9-1024x683.png\",\"width\":1024,\"height\":683,\"caption\":\"Sagrinex \u2013 Remorques, Conteneurs & Mat\u00e9riel Agricole\"},\"image\":{\"@id\":\"https:\\\/\\\/sagrinex.com\\\/#\\\/schema\\\/logo\\\/image\\\/\"}}]}<\/script>\n<!-- \/ Yoast SEO plugin. -->","yoast_head_json":{"title":"Mehrzweck-Holzanh\u00e4nger \u2013 WOODY FW150 \u2013 1 gebremste Achse \u2013 zul\u00e4ssiges Gesamtgewicht: 1500 kg \u2013 306 x 154 cm","description":"Dieser vielseitige Holzanh\u00e4nger der Marke Saris eignet sich f\u00fcr Heimwerker- und Renovierungsarbeiten sowie den Transport von Brennholz und Gr\u00fcnabf\u00e4llen f\u00fcr Privatpersonen und Profis (maximale Nutzlast 1150 kg).","robots":{"index":"index","follow":"follow","max-snippet":"max-snippet:-1","max-image-preview":"max-image-preview:large","max-video-preview":"max-video-preview:-1"},"canonical":"https:\/\/sagrinex.com\/produit\/remorque-polyvalente-en-bois-woody-fw150-1-essieu-freine-ptac-1500-kg-306-x-154-cm\/","og_locale":"de_DE","og_type":"article","og_title":"Mehrzweck-Holzanh\u00e4nger \u2013 WOODY FW150 \u2013 1 gebremste Achse \u2013 zul\u00e4ssiges Gesamtgewicht: 1500 kg \u2013 306 x 154 cm","og_description":"Dieser vielseitige Holzanh\u00e4nger der Marke Saris eignet sich f\u00fcr Heimwerker- und Renovierungsarbeiten sowie den Transport von Brennholz und Gr\u00fcnabf\u00e4llen f\u00fcr Privatpersonen und Profis (maximale Nutzlast 1150 kg).","og_url":"https:\/\/sagrinex.com\/produit\/remorque-polyvalente-en-bois-woody-fw150-1-essieu-freine-ptac-1500-kg-306-x-154-cm\/","og_site_name":"Sagrinex \u2013 Anhaenger, Container &amp; Landtechnik \ud83c\udf3e\ud83d\ude9c","article_modified_time":"2026-04-15T21:12:19+00:00","og_image":[{"width":2000,"height":629,"url":"https:\/\/sagrinex.com\/wp-content\/uploads\/2026\/03\/Image-181-1.jpeg","type":"image\/jpeg"}],"twitter_card":"summary_large_image","twitter_misc":{"Gesch\u00e4tzte Lesezeit":"2\u00a0Minuten"},"schema":{"@context":"https:\/\/schema.org","@graph":[{"@type":"WebPage","@id":"https:\/\/sagrinex.com\/produit\/remorque-polyvalente-en-bois-woody-fw150-1-essieu-freine-ptac-1500-kg-306-x-154-cm\/","url":"https:\/\/sagrinex.com\/produit\/remorque-polyvalente-en-bois-woody-fw150-1-essieu-freine-ptac-1500-kg-306-x-154-cm\/","name":"Mehrzweck-Holzanh\u00e4nger \u2013 WOODY FW150 \u2013 1 gebremste Achse \u2013 zul\u00e4ssiges Gesamtgewicht: 1500 kg \u2013 306 x 154 cm","isPartOf":{"@id":"https:\/\/sagrinex.com\/#website"},"primaryImageOfPage":{"@id":"https:\/\/sagrinex.com\/produit\/remorque-polyvalente-en-bois-woody-fw150-1-essieu-freine-ptac-1500-kg-306-x-154-cm\/#primaryimage"},"image":{"@id":"https:\/\/sagrinex.com\/produit\/remorque-polyvalente-en-bois-woody-fw150-1-essieu-freine-ptac-1500-kg-306-x-154-cm\/#primaryimage"},"thumbnailUrl":"https:\/\/sagrinex.com\/wp-content\/uploads\/2026\/03\/Image-181-1.jpeg","datePublished":"2026-03-14T17:13:17+00:00","dateModified":"2026-04-15T21:12:19+00:00","description":"Dieser vielseitige Holzanh\u00e4nger der Marke Saris eignet sich f\u00fcr Heimwerker- und Renovierungsarbeiten sowie den Transport von Brennholz und Gr\u00fcnabf\u00e4llen f\u00fcr Privatpersonen und Profis (maximale Nutzlast 1150 kg).","breadcrumb":{"@id":"https:\/\/sagrinex.com\/produit\/remorque-polyvalente-en-bois-woody-fw150-1-essieu-freine-ptac-1500-kg-306-x-154-cm\/#breadcrumb"},"inLanguage":"de","potentialAction":[{"@type":"ReadAction","target":["https:\/\/sagrinex.com\/produit\/remorque-polyvalente-en-bois-woody-fw150-1-essieu-freine-ptac-1500-kg-306-x-154-cm\/"]}]},{"@type":"ImageObject","inLanguage":"de","@id":"https:\/\/sagrinex.com\/produit\/remorque-polyvalente-en-bois-woody-fw150-1-essieu-freine-ptac-1500-kg-306-x-154-cm\/#primaryimage","url":"https:\/\/sagrinex.com\/wp-content\/uploads\/2026\/03\/Image-181-1.jpeg","contentUrl":"https:\/\/sagrinex.com\/wp-content\/uploads\/2026\/03\/Image-181-1.jpeg","width":2000,"height":629},{"@type":"BreadcrumbList","@id":"https:\/\/sagrinex.com\/produit\/remorque-polyvalente-en-bois-woody-fw150-1-essieu-freine-ptac-1500-kg-306-x-154-cm\/#breadcrumb","itemListElement":[{"@type":"ListItem","position":1,"name":"Accueil","item":"https:\/\/sagrinex.com\/?lang=de"},{"@type":"ListItem","position":2,"name":"Shop","item":"https:\/\/sagrinex.com\/shop\/"},{"@type":"ListItem","position":3,"name":"Mehrzweck-holzanh\u00e4nger \u2013 Woody FW150 \u2013 1 Gebremste Achse \u2013 Zul\u00e4ssiges Gesamtgewicht: 1500 Kg \u2013 306 X 154 Cm"}]},{"@type":"WebSite","@id":"https:\/\/sagrinex.com\/#website","url":"https:\/\/sagrinex.com\/","name":"Sagrinex \u2013 Spezialist f\u00fcr Anh\u00e4nger, Container & Landtechnik","description":"Anhaenger, Container &amp; Landtechnik \u2014 Online-Verkauf &amp; kostenloses Angebot","publisher":{"@id":"https:\/\/sagrinex.com\/#organization"},"potentialAction":[{"@type":"SearchAction","target":{"@type":"EntryPoint","urlTemplate":"https:\/\/sagrinex.com\/?s={search_term_string}"},"query-input":{"@type":"PropertyValueSpecification","valueRequired":true,"valueName":"search_term_string"}}],"inLanguage":"de"},{"@type":"Organization","@id":"https:\/\/sagrinex.com\/#organization","name":"Sagrinex \u2013 Remorques, Conteneurs & Mat\u00e9riel Agricole","url":"https:\/\/sagrinex.com\/","logo":{"@type":"ImageObject","inLanguage":"de","@id":"https:\/\/sagrinex.com\/#\/schema\/logo\/image\/","url":"https:\/\/sagrinex.com\/wp-content\/uploads\/2026\/03\/7f1ac463-ef5a-425d-bdd6-a5da03a334a9-1024x683.png","contentUrl":"https:\/\/sagrinex.com\/wp-content\/uploads\/2026\/03\/7f1ac463-ef5a-425d-bdd6-a5da03a334a9-1024x683.png","width":1024,"height":683,"caption":"Sagrinex \u2013 Remorques, Conteneurs & Mat\u00e9riel Agricole"},"image":{"@id":"https:\/\/sagrinex.com\/#\/schema\/logo\/image\/"}}]}},"jetpack_sharing_enabled":true,"_links":{"self":[{"href":"https:\/\/sagrinex.com\/de\/wp-json\/wp\/v2\/product\/14342","targetHints":{"allow":["GET"]}}],"collection":[{"href":"https:\/\/sagrinex.com\/de\/wp-json\/wp\/v2\/product"}],"about":[{"href":"https:\/\/sagrinex.com\/de\/wp-json\/wp\/v2\/types\/product"}],"replies":[{"embeddable":true,"href":"https:\/\/sagrinex.com\/de\/wp-json\/wp\/v2\/comments?post=14342"}],"version-history":[{"count":0,"href":"https:\/\/sagrinex.com\/de\/wp-json\/wp\/v2\/product\/14342\/revisions"}],"wp:featuredmedia":[{"embeddable":true,"href":"https:\/\/sagrinex.com\/de\/wp-json\/wp\/v2\/media\/15899"}],"wp:attachment":[{"href":"https:\/\/sagrinex.com\/de\/wp-json\/wp\/v2\/media?parent=14342"}],"wp:term":[{"taxonomy":"product_brand","embeddable":true,"href":"https:\/\/sagrinex.com\/de\/wp-json\/wp\/v2\/product_brand?post=14342"},{"taxonomy":"product_cat","embeddable":true,"href":"https:\/\/sagrinex.com\/de\/wp-json\/wp\/v2\/product_cat?post=14342"},{"taxonomy":"product_tag","embeddable":true,"href":"https:\/\/sagrinex.com\/de\/wp-json\/wp\/v2\/product_tag?post=14342"}],"curies":[{"name":"wp","href":"https:\/\/api.w.org\/{rel}","templated":true}]}}