{"id":14348,"date":"2026-03-14T19:37:17","date_gmt":"2026-03-14T19:37:17","guid":{"rendered":"https:\/\/sagrinex.com\/produit\/lider-robust-2m50-mehrzweckanhaenger-1-gebremste-achse-gesamtgewicht-1300-kg-253-x-134-x-50-cm\/"},"modified":"2026-04-15T21:12:20","modified_gmt":"2026-04-15T21:12:20","slug":"lider-robust-2m50-mehrzweckanhaenger-1-gebremste-achse-gesamtgewicht-1300-kg-253-x-134-x-50-cm","status":"publish","type":"product","link":"https:\/\/sagrinex.com\/de\/produit\/lider-robust-2m50-mehrzweckanhaenger-1-gebremste-achse-gesamtgewicht-1300-kg-253-x-134-x-50-cm\/","title":{"rendered":"Lider Robust 2M50 Mehrzweckanh\u00c4nger &#8211; 1 Gebremste Achse &#8211; Gesamtgewicht: 1300 Kg &#8211; 253 X 134 X 50 Cm"},"content":{"rendered":"<p>Mit einem zul\u00e4ssigen Gesamtgewicht (GVWR) von 1.000\/1.100\/1.200\/1.300 kg ist dieser <strong>robuste<\/strong> und <strong>rustikale<\/strong> Anh\u00e4nger so konzipiert, dass er Belastungen standh\u00e4lt (schlechtes Wetter, St\u00f6\u00dfe, Transport von Kleinfahrzeugen oder Heimwerker- und Gartenger\u00e4ten). Mit <strong>verst\u00e4rkten Seitenw\u00e4nden<\/strong>, einem <strong>Fahrgestell<\/strong> und <strong>feuerverzinkten, geschwei\u00dften Leitplanken<\/strong> in seiner Gesamtheit ist dieser <strong>Anh\u00e4nger<\/strong> f\u00fcr <strong>Profis und Privatpersonen<\/strong> \u00e4u\u00dferst <strong>vielseitig<\/strong> und h\u00e4lt dem t\u00e4glichen Einsatz f\u00fcr <strong>alle Einsatzarten<\/strong> lange stand.<\/p>\n<p>Sein durch <strong>verzinkte Stahlrohrtraversen<\/strong> verst\u00e4rktes <strong>Kippk\u00f6rpersystem<\/strong> erm\u00f6glicht zudem ein vereinfachtes Be- und Entladen f\u00fcr den Benutzer.<\/p>\n<p>Auch f\u00fcr dieses Modell stehen <strong>viele Optionen<\/strong> zur Verf\u00fcgung:<\/p>\n<ul>\n<li><strong>Flache Plane<\/strong> und <strong>40 cm hohe Plane<\/strong> (zum Schutz Ihrer Ladung vor Blicken von au\u00dfen oder schlechtem Wetter).<\/li>\n<li><b>Leitergestell<\/b> (zum Laden langer Gegenst\u00e4nde (Leitern, Holzbretter, Metallstangen usw.)<\/li>\n<li><strong>Br\u00fcckent\u00fcr + Heckst\u00e4nder<\/strong> (zur Vereinfachung des Beladens kleiner Fahrzeuge)<\/li>\n<li><strong>Gegrillte Erweiterungen<\/strong> (Sehr n\u00fctzlich f\u00fcr die Entwicklung von Gr\u00fcnfl\u00e4chen und die R\u00fcckgabe an das Recyclingzentrum).<\/li>\n<\/ul>\n<p><strong>Anh\u00e4nger mit einem zul\u00e4ssigen Gesamtgewicht von mehr als 500 kg erfordern die Erstellung eines Zulassungsdokuments. Bei einem zul\u00e4ssigen Gesamtgewicht von 500 kg verf\u00fcgt dieser Anh\u00e4nger nicht \u00fcber eine zul\u00e4ssige Gesamtmasse.<\/strong><\/p>\n<ul>\n<li>Die Seiten und der Rahmen bestehen aus feuerverzinktem Stahl und sind mit einer kreisf\u00f6rmigen Rohrzurrkante versehen.<\/li>\n<li>Gemacht, um schlechter Behandlung standzuhalten.<\/li>\n<li>Ertr\u00e4gt Misshandlungen und schlechtes Wetter<\/li>\n<li>Die \u201eV\u201c-f\u00f6rmige Deichsel ist verst\u00e4rkt und der Aufbau ist neigbar.<\/li>\n<li>Das beste Lider-Gep\u00e4ck f\u00fcr vielseitigen und langlebigen Einsatz.<\/li>\n<\/ul>\n<p>Alle unsere Lider-Anh\u00e4nger werden in Frankreich zusammengebaut und strengen Tests und Versuchen unterzogen, um unseren Benutzern Qualit\u00e4t und einen zuverl\u00e4ssigen und sicheren Einsatz auf lange Sicht zu garantieren.<\/p>\n<p>Mit einer gro\u00dfen Auswahl an Kippanh\u00e4ngern auf Lager kann Sagrinex Sie bei Ihrem Kauf entsprechend Ihren Erwartungen in Bezug auf Nutzung, Qualit\u00e4t und Budget beraten.<\/p>\n<p><strong>Sagrinex k\u00fcmmert sich um die Lieferung Ihres Anh\u00e4ngers<\/strong>.<\/p>\n<p>Z\u00f6gern Sie nicht, uns f\u00fcr weitere Informationen zu kontaktieren<\/p>\n","protected":false},"excerpt":{"rendered":"<p>Dieser solide und robuste Anh\u00e4nger der Marke Lider ist so konzipiert, dass er St\u00f6\u00dfen und schlechtem Wetter standh\u00e4lt (maximale Nutzlast 1010 kg).<\/p>\n<div class=\"mod_fa_customizablefields_v14_list\">\n<div class=\"mod_fa_champspersonnalisables_v14_title\"><strong>Gesamtgewicht: <\/strong><span class=\"mod_fa_champspersonnalisables_v14_value\">1000\/1100\/1200\/1300 kg<\/span><\/div>\n<\/div>\n<div class=\"mod_fa_customizablefields_v14_list\">\n<div class=\"mod_fa_champspersonnalisables_v14_titre\"><strong>Leermasse: <\/strong><span class=\"mod_fa_champspersonnalisables_v14_value\">290 kg<\/span><\/div>\n<\/div>\n<div class=\"mod_fa_customizablefields_v14_list\">\n<div class=\"mod_fa_champspersonnalisables_v14_titre\"><strong>Nutzlast: <\/strong><span class=\"mod_fa_champspersonnalisables_v14_value\">maximal 1010 kg<\/span><\/div>\n<\/div>\n<div class=\"mod_fa_customizablefields_v14_list\">\n<div class=\"mod_fa_champspersonnalisables_v14_titre\"><strong>Gesamtabmessungen: <\/strong><span class=\"mod_fa_champspersonnalisables_v14_value\">386 x 184 cm<\/span><\/div>\n<\/div>\n<div class=\"mod_fa_customizablefields_v14_list\">\n<div class=\"mod_fa_champspersonnalisables_v14_titre\"><strong>Achswiderstand(e): <\/strong><span class=\"mod_fa_champspersonnalisables_v14_value\">1300 kg<\/span><\/div>\n<\/div>\n<div class=\"mod_fa_customizablefields_v14_list\">\n<div class=\"mod_fa_champspersonnalisables_v14_title\"><strong>Boden: <\/strong><span class=\"mod_fa_champspersonnalisables_v14_value\">Anti-Rutsch-CP<\/span><\/div>\n<\/div>\n<div class=\"mod_fa_customizablefields_v14_list\">\n<div class=\"mod_fa_champspersonnalisables_v14_title\"><strong>Pfeil: <\/strong><span class=\"mod_fa_champspersonnalisables_v14_value\">Feuerverzinkt in V<\/span><\/div>\n<\/div>\n<div class=\"mod_fa_customizablefields_v14_list\">\n<div class=\"mod_fa_champspersonnalisables_v14_titre\"><strong>Kopf gebremst: <\/strong><span class=\"mod_fa_champspersonnalisables_v14_value\">Ja<\/span><\/div>\n<\/div>\n<div class=\"mod_fa_customizablefields_v14_list\">\n<div class=\"mod_fa_champspersonnalisables_v14_title\"><strong>Kippkiste: <\/strong><span class=\"mod_fa_champspersonnalisables_v14_value\">Ja<\/span><\/div>\n<\/div>\n<div class=\"mod_fa_customizablefields_v14_list\">\n<div class=\"mod_fa_champspersonnalisables_v14_titre\"><strong>Rahmentyp: <\/strong><span class=\"mod_fa_champspersonnalisables_v14_value\">Feuerverzinkt<\/span><\/div>\n<\/div>\n<div class=\"mod_fa_customizablefields_v14_list\">\n<div class=\"mod_fa_champspersonnalisables_v14_titre\"><strong>R\u00e4der: <\/strong><span class=\"mod_fa_champspersonnalisables_v14_valeur\">165R13C<\/span><\/div>\n<\/div>\n<div class=\"mod_fa_customizablefields_v14_list\">\n<div class=\"mod_fa_champspersonnalisables_v14_titre\"><strong>Ausstattung: <\/strong><span class=\"mod_fa_champspersonnalisables_v14_valeur\">Feuerverzinktes, geschwei\u00dftes Fahrgestell, verst\u00e4rkt durch r\u00f6hrenf\u00f6rmige Karosseriequertr\u00e4ger aus verzinktem Stahl \/ Planenrollen \/ Verzinkte, geschwei\u00dfte einteilige Karosserie \/ 4 innere Zurrringe \/ Boden 12 mm<\/span><\/div>\n<\/div>\n","protected":false},"featured_media":15940,"comment_status":"open","ping_status":"closed","template":"","meta":[],"product_brand":[],"product_cat":[353,352],"product_tag":[],"class_list":{"0":"post-14348","1":"product","2":"type-product","3":"status-publish","4":"has-post-thumbnail","6":"product_cat-gepaeckanhaenger","7":"product_cat-unsere-trailer","9":"first","10":"instock","11":"shipping-taxable","12":"purchasable","13":"product-type-simple"},"yoast_head":"<!-- This site is optimized with the Yoast SEO plugin v27.4 - https:\/\/yoast.com\/product\/yoast-seo-wordpress\/ -->\n<title>LIDER ROBUST 2M50 MEHRZWECKANH\u00c4NGER - 1 GEBREMSTE ACHSE - Gesamtgewicht: 1300 kg - 253 x 134 x 50 cm<\/title>\n<meta name=\"description\" content=\"Dieser solide und robuste Anh\u00e4nger der Marke Lider ist so konzipiert, dass er St\u00f6\u00dfen und schlechtem Wetter standh\u00e4lt (maximale Nutzlast 1010 kg).\" \/>\n<meta name=\"robots\" content=\"index, follow, max-snippet:-1, max-image-preview:large, max-video-preview:-1\" \/>\n<link rel=\"canonical\" href=\"https:\/\/sagrinex.com\/produit\/remorque-polyvalente-lider-robust-2m50-1-essieux-freine-ptac-1300-kg-253-x-134-x-h50-cm\/\" \/>\n<meta property=\"og:locale\" content=\"de_DE\" \/>\n<meta property=\"og:type\" content=\"article\" \/>\n<meta property=\"og:title\" content=\"LIDER ROBUST 2M50 MEHRZWECKANH\u00c4NGER - 1 GEBREMSTE ACHSE - Gesamtgewicht: 1300 kg - 253 x 134 x 50 cm\" \/>\n<meta property=\"og:description\" content=\"Dieser solide und robuste Anh\u00e4nger der Marke Lider ist so konzipiert, dass er St\u00f6\u00dfen und schlechtem Wetter standh\u00e4lt (maximale Nutzlast 1010 kg).\" \/>\n<meta property=\"og:url\" content=\"https:\/\/sagrinex.com\/produit\/remorque-polyvalente-lider-robust-2m50-1-essieux-freine-ptac-1300-kg-253-x-134-x-h50-cm\/\" \/>\n<meta property=\"og:site_name\" content=\"Sagrinex \u2013 Anhaenger, Container &amp; Landtechnik \ud83c\udf3e\ud83d\ude9c\" \/>\n<meta property=\"article:modified_time\" content=\"2026-04-15T21:12:20+00:00\" \/>\n<meta property=\"og:image\" content=\"https:\/\/sagrinex.com\/wp-content\/uploads\/2026\/03\/Image-252-1.jpeg\" \/>\n\t<meta property=\"og:image:width\" content=\"1000\" \/>\n\t<meta property=\"og:image:height\" content=\"547\" \/>\n\t<meta property=\"og:image:type\" content=\"image\/jpeg\" \/>\n<meta name=\"twitter:card\" content=\"summary_large_image\" \/>\n<meta name=\"twitter:label1\" content=\"Gesch\u00e4tzte Lesezeit\" \/>\n\t<meta name=\"twitter:data1\" content=\"2\u00a0Minuten\" \/>\n<script type=\"application\/ld+json\" class=\"yoast-schema-graph\">{\"@context\":\"https:\\\/\\\/schema.org\",\"@graph\":[{\"@type\":\"WebPage\",\"@id\":\"https:\\\/\\\/sagrinex.com\\\/produit\\\/remorque-polyvalente-lider-robust-2m50-1-essieux-freine-ptac-1300-kg-253-x-134-x-h50-cm\\\/\",\"url\":\"https:\\\/\\\/sagrinex.com\\\/produit\\\/remorque-polyvalente-lider-robust-2m50-1-essieux-freine-ptac-1300-kg-253-x-134-x-h50-cm\\\/\",\"name\":\"LIDER ROBUST 2M50 MEHRZWECKANH\u00c4NGER - 1 GEBREMSTE ACHSE - Gesamtgewicht: 1300 kg - 253 x 134 x 50 cm\",\"isPartOf\":{\"@id\":\"https:\\\/\\\/sagrinex.com\\\/#website\"},\"primaryImageOfPage\":{\"@id\":\"https:\\\/\\\/sagrinex.com\\\/produit\\\/remorque-polyvalente-lider-robust-2m50-1-essieux-freine-ptac-1300-kg-253-x-134-x-h50-cm\\\/#primaryimage\"},\"image\":{\"@id\":\"https:\\\/\\\/sagrinex.com\\\/produit\\\/remorque-polyvalente-lider-robust-2m50-1-essieux-freine-ptac-1300-kg-253-x-134-x-h50-cm\\\/#primaryimage\"},\"thumbnailUrl\":\"https:\\\/\\\/sagrinex.com\\\/wp-content\\\/uploads\\\/2026\\\/03\\\/Image-252-1.jpeg\",\"datePublished\":\"2026-03-14T19:37:17+00:00\",\"dateModified\":\"2026-04-15T21:12:20+00:00\",\"description\":\"Dieser solide und robuste Anh\u00e4nger der Marke Lider ist so konzipiert, dass er St\u00f6\u00dfen und schlechtem Wetter standh\u00e4lt (maximale Nutzlast 1010 kg).\",\"breadcrumb\":{\"@id\":\"https:\\\/\\\/sagrinex.com\\\/produit\\\/remorque-polyvalente-lider-robust-2m50-1-essieux-freine-ptac-1300-kg-253-x-134-x-h50-cm\\\/#breadcrumb\"},\"inLanguage\":\"de\",\"potentialAction\":[{\"@type\":\"ReadAction\",\"target\":[\"https:\\\/\\\/sagrinex.com\\\/produit\\\/remorque-polyvalente-lider-robust-2m50-1-essieux-freine-ptac-1300-kg-253-x-134-x-h50-cm\\\/\"]}]},{\"@type\":\"ImageObject\",\"inLanguage\":\"de\",\"@id\":\"https:\\\/\\\/sagrinex.com\\\/produit\\\/remorque-polyvalente-lider-robust-2m50-1-essieux-freine-ptac-1300-kg-253-x-134-x-h50-cm\\\/#primaryimage\",\"url\":\"https:\\\/\\\/sagrinex.com\\\/wp-content\\\/uploads\\\/2026\\\/03\\\/Image-252-1.jpeg\",\"contentUrl\":\"https:\\\/\\\/sagrinex.com\\\/wp-content\\\/uploads\\\/2026\\\/03\\\/Image-252-1.jpeg\",\"width\":1000,\"height\":547},{\"@type\":\"BreadcrumbList\",\"@id\":\"https:\\\/\\\/sagrinex.com\\\/produit\\\/remorque-polyvalente-lider-robust-2m50-1-essieux-freine-ptac-1300-kg-253-x-134-x-h50-cm\\\/#breadcrumb\",\"itemListElement\":[{\"@type\":\"ListItem\",\"position\":1,\"name\":\"Accueil\",\"item\":\"https:\\\/\\\/sagrinex.com\\\/?lang=de\"},{\"@type\":\"ListItem\",\"position\":2,\"name\":\"Shop\",\"item\":\"https:\\\/\\\/sagrinex.com\\\/shop\\\/\"},{\"@type\":\"ListItem\",\"position\":3,\"name\":\"Lider Robust 2M50 Mehrzweckanh\u00c4nger &#8211; 1 Gebremste Achse &#8211; Gesamtgewicht: 1300 Kg &#8211; 253 X 134 X 50 Cm\"}]},{\"@type\":\"WebSite\",\"@id\":\"https:\\\/\\\/sagrinex.com\\\/#website\",\"url\":\"https:\\\/\\\/sagrinex.com\\\/\",\"name\":\"Sagrinex \u2013 Spezialist f\u00fcr Anh\u00e4nger, Container & Landtechnik\",\"description\":\"Anhaenger, Container &amp; Landtechnik \u2014 Online-Verkauf &amp; kostenloses Angebot\",\"publisher\":{\"@id\":\"https:\\\/\\\/sagrinex.com\\\/#organization\"},\"potentialAction\":[{\"@type\":\"SearchAction\",\"target\":{\"@type\":\"EntryPoint\",\"urlTemplate\":\"https:\\\/\\\/sagrinex.com\\\/?s={search_term_string}\"},\"query-input\":{\"@type\":\"PropertyValueSpecification\",\"valueRequired\":true,\"valueName\":\"search_term_string\"}}],\"inLanguage\":\"de\"},{\"@type\":\"Organization\",\"@id\":\"https:\\\/\\\/sagrinex.com\\\/#organization\",\"name\":\"Sagrinex \u2013 Remorques, Conteneurs & Mat\u00e9riel Agricole\",\"url\":\"https:\\\/\\\/sagrinex.com\\\/\",\"logo\":{\"@type\":\"ImageObject\",\"inLanguage\":\"de\",\"@id\":\"https:\\\/\\\/sagrinex.com\\\/#\\\/schema\\\/logo\\\/image\\\/\",\"url\":\"https:\\\/\\\/sagrinex.com\\\/wp-content\\\/uploads\\\/2026\\\/03\\\/7f1ac463-ef5a-425d-bdd6-a5da03a334a9-1024x683.png\",\"contentUrl\":\"https:\\\/\\\/sagrinex.com\\\/wp-content\\\/uploads\\\/2026\\\/03\\\/7f1ac463-ef5a-425d-bdd6-a5da03a334a9-1024x683.png\",\"width\":1024,\"height\":683,\"caption\":\"Sagrinex \u2013 Remorques, Conteneurs & Mat\u00e9riel Agricole\"},\"image\":{\"@id\":\"https:\\\/\\\/sagrinex.com\\\/#\\\/schema\\\/logo\\\/image\\\/\"}}]}<\/script>\n<!-- \/ Yoast SEO plugin. -->","yoast_head_json":{"title":"LIDER ROBUST 2M50 MEHRZWECKANH\u00c4NGER - 1 GEBREMSTE ACHSE - Gesamtgewicht: 1300 kg - 253 x 134 x 50 cm","description":"Dieser solide und robuste Anh\u00e4nger der Marke Lider ist so konzipiert, dass er St\u00f6\u00dfen und schlechtem Wetter standh\u00e4lt (maximale Nutzlast 1010 kg).","robots":{"index":"index","follow":"follow","max-snippet":"max-snippet:-1","max-image-preview":"max-image-preview:large","max-video-preview":"max-video-preview:-1"},"canonical":"https:\/\/sagrinex.com\/produit\/remorque-polyvalente-lider-robust-2m50-1-essieux-freine-ptac-1300-kg-253-x-134-x-h50-cm\/","og_locale":"de_DE","og_type":"article","og_title":"LIDER ROBUST 2M50 MEHRZWECKANH\u00c4NGER - 1 GEBREMSTE ACHSE - Gesamtgewicht: 1300 kg - 253 x 134 x 50 cm","og_description":"Dieser solide und robuste Anh\u00e4nger der Marke Lider ist so konzipiert, dass er St\u00f6\u00dfen und schlechtem Wetter standh\u00e4lt (maximale Nutzlast 1010 kg).","og_url":"https:\/\/sagrinex.com\/produit\/remorque-polyvalente-lider-robust-2m50-1-essieux-freine-ptac-1300-kg-253-x-134-x-h50-cm\/","og_site_name":"Sagrinex \u2013 Anhaenger, Container &amp; Landtechnik \ud83c\udf3e\ud83d\ude9c","article_modified_time":"2026-04-15T21:12:20+00:00","og_image":[{"width":1000,"height":547,"url":"https:\/\/sagrinex.com\/wp-content\/uploads\/2026\/03\/Image-252-1.jpeg","type":"image\/jpeg"}],"twitter_card":"summary_large_image","twitter_misc":{"Gesch\u00e4tzte Lesezeit":"2\u00a0Minuten"},"schema":{"@context":"https:\/\/schema.org","@graph":[{"@type":"WebPage","@id":"https:\/\/sagrinex.com\/produit\/remorque-polyvalente-lider-robust-2m50-1-essieux-freine-ptac-1300-kg-253-x-134-x-h50-cm\/","url":"https:\/\/sagrinex.com\/produit\/remorque-polyvalente-lider-robust-2m50-1-essieux-freine-ptac-1300-kg-253-x-134-x-h50-cm\/","name":"LIDER ROBUST 2M50 MEHRZWECKANH\u00c4NGER - 1 GEBREMSTE ACHSE - Gesamtgewicht: 1300 kg - 253 x 134 x 50 cm","isPartOf":{"@id":"https:\/\/sagrinex.com\/#website"},"primaryImageOfPage":{"@id":"https:\/\/sagrinex.com\/produit\/remorque-polyvalente-lider-robust-2m50-1-essieux-freine-ptac-1300-kg-253-x-134-x-h50-cm\/#primaryimage"},"image":{"@id":"https:\/\/sagrinex.com\/produit\/remorque-polyvalente-lider-robust-2m50-1-essieux-freine-ptac-1300-kg-253-x-134-x-h50-cm\/#primaryimage"},"thumbnailUrl":"https:\/\/sagrinex.com\/wp-content\/uploads\/2026\/03\/Image-252-1.jpeg","datePublished":"2026-03-14T19:37:17+00:00","dateModified":"2026-04-15T21:12:20+00:00","description":"Dieser solide und robuste Anh\u00e4nger der Marke Lider ist so konzipiert, dass er St\u00f6\u00dfen und schlechtem Wetter standh\u00e4lt (maximale Nutzlast 1010 kg).","breadcrumb":{"@id":"https:\/\/sagrinex.com\/produit\/remorque-polyvalente-lider-robust-2m50-1-essieux-freine-ptac-1300-kg-253-x-134-x-h50-cm\/#breadcrumb"},"inLanguage":"de","potentialAction":[{"@type":"ReadAction","target":["https:\/\/sagrinex.com\/produit\/remorque-polyvalente-lider-robust-2m50-1-essieux-freine-ptac-1300-kg-253-x-134-x-h50-cm\/"]}]},{"@type":"ImageObject","inLanguage":"de","@id":"https:\/\/sagrinex.com\/produit\/remorque-polyvalente-lider-robust-2m50-1-essieux-freine-ptac-1300-kg-253-x-134-x-h50-cm\/#primaryimage","url":"https:\/\/sagrinex.com\/wp-content\/uploads\/2026\/03\/Image-252-1.jpeg","contentUrl":"https:\/\/sagrinex.com\/wp-content\/uploads\/2026\/03\/Image-252-1.jpeg","width":1000,"height":547},{"@type":"BreadcrumbList","@id":"https:\/\/sagrinex.com\/produit\/remorque-polyvalente-lider-robust-2m50-1-essieux-freine-ptac-1300-kg-253-x-134-x-h50-cm\/#breadcrumb","itemListElement":[{"@type":"ListItem","position":1,"name":"Accueil","item":"https:\/\/sagrinex.com\/?lang=de"},{"@type":"ListItem","position":2,"name":"Shop","item":"https:\/\/sagrinex.com\/shop\/"},{"@type":"ListItem","position":3,"name":"Lider Robust 2M50 Mehrzweckanh\u00c4nger &#8211; 1 Gebremste Achse &#8211; Gesamtgewicht: 1300 Kg &#8211; 253 X 134 X 50 Cm"}]},{"@type":"WebSite","@id":"https:\/\/sagrinex.com\/#website","url":"https:\/\/sagrinex.com\/","name":"Sagrinex \u2013 Spezialist f\u00fcr Anh\u00e4nger, Container & Landtechnik","description":"Anhaenger, Container &amp; Landtechnik \u2014 Online-Verkauf &amp; kostenloses Angebot","publisher":{"@id":"https:\/\/sagrinex.com\/#organization"},"potentialAction":[{"@type":"SearchAction","target":{"@type":"EntryPoint","urlTemplate":"https:\/\/sagrinex.com\/?s={search_term_string}"},"query-input":{"@type":"PropertyValueSpecification","valueRequired":true,"valueName":"search_term_string"}}],"inLanguage":"de"},{"@type":"Organization","@id":"https:\/\/sagrinex.com\/#organization","name":"Sagrinex \u2013 Remorques, Conteneurs & Mat\u00e9riel Agricole","url":"https:\/\/sagrinex.com\/","logo":{"@type":"ImageObject","inLanguage":"de","@id":"https:\/\/sagrinex.com\/#\/schema\/logo\/image\/","url":"https:\/\/sagrinex.com\/wp-content\/uploads\/2026\/03\/7f1ac463-ef5a-425d-bdd6-a5da03a334a9-1024x683.png","contentUrl":"https:\/\/sagrinex.com\/wp-content\/uploads\/2026\/03\/7f1ac463-ef5a-425d-bdd6-a5da03a334a9-1024x683.png","width":1024,"height":683,"caption":"Sagrinex \u2013 Remorques, Conteneurs & Mat\u00e9riel Agricole"},"image":{"@id":"https:\/\/sagrinex.com\/#\/schema\/logo\/image\/"}}]}},"jetpack_sharing_enabled":true,"_links":{"self":[{"href":"https:\/\/sagrinex.com\/de\/wp-json\/wp\/v2\/product\/14348","targetHints":{"allow":["GET"]}}],"collection":[{"href":"https:\/\/sagrinex.com\/de\/wp-json\/wp\/v2\/product"}],"about":[{"href":"https:\/\/sagrinex.com\/de\/wp-json\/wp\/v2\/types\/product"}],"replies":[{"embeddable":true,"href":"https:\/\/sagrinex.com\/de\/wp-json\/wp\/v2\/comments?post=14348"}],"version-history":[{"count":0,"href":"https:\/\/sagrinex.com\/de\/wp-json\/wp\/v2\/product\/14348\/revisions"}],"wp:featuredmedia":[{"embeddable":true,"href":"https:\/\/sagrinex.com\/de\/wp-json\/wp\/v2\/media\/15940"}],"wp:attachment":[{"href":"https:\/\/sagrinex.com\/de\/wp-json\/wp\/v2\/media?parent=14348"}],"wp:term":[{"taxonomy":"product_brand","embeddable":true,"href":"https:\/\/sagrinex.com\/de\/wp-json\/wp\/v2\/product_brand?post=14348"},{"taxonomy":"product_cat","embeddable":true,"href":"https:\/\/sagrinex.com\/de\/wp-json\/wp\/v2\/product_cat?post=14348"},{"taxonomy":"product_tag","embeddable":true,"href":"https:\/\/sagrinex.com\/de\/wp-json\/wp\/v2\/product_tag?post=14348"}],"curies":[{"name":"wp","href":"https:\/\/api.w.org\/{rel}","templated":true}]}}