{"id":14350,"date":"2026-03-14T18:25:29","date_gmt":"2026-03-14T18:25:29","guid":{"rendered":"https:\/\/sagrinex.com\/produit\/lider-tolede-mehrzweckanhaenger-radunter-2-achsen-gesamtgewicht-750-kg-256-x-148-x-h30-cm\/"},"modified":"2026-04-15T21:12:20","modified_gmt":"2026-04-15T21:12:20","slug":"lider-tolede-mehrzweckanhaenger-radunter-2-achsen-gesamtgewicht-750-kg-256-x-148-x-h30-cm","status":"publish","type":"product","link":"https:\/\/sagrinex.com\/de\/produit\/lider-tolede-mehrzweckanhaenger-radunter-2-achsen-gesamtgewicht-750-kg-256-x-148-x-h30-cm\/","title":{"rendered":"Lider Tolede Mehrzweckanh\u00c4nger Radunter &#8211; 2 Achsen &#8211; Gesamtgewicht: 750 Kg &#8211; 256 X 148 X H30 Cm"},"content":{"rendered":"<p>Dieser <strong>Mehrzweckanh\u00e4nger<\/strong> mit Rad darunter bietet viel Nutzraum und eine Nutzlast von <strong>470 kg<\/strong> bei einem zul\u00e4ssigen Gesamtgewicht von <strong>750 kg<\/strong> (kompatibel mit einem Standard-B-F\u00fchrerschein).<br \/>\nEr eignet sich ideal f\u00fcr <strong>die t\u00e4gliche Arbeit<\/strong> (Heimwerken, Gartenarbeit, Transport von Werkzeugen oder Gipskartonplatten).<\/p>\n<p>Verf\u00fcgbare Optionen f\u00fcr diesen Trailer:<\/p>\n<ul>\n<li><strong>Flache Plane<\/strong>: Zum Schutz Ihrer Ladung vor schlechtem Wetter<\/li>\n<li><strong>Ersatzrad und St\u00fctze<\/strong>: Bei starken St\u00f6\u00dfen auf der Stra\u00dfe<\/li>\n<li><strong>Grill-Erweiterungen<\/strong>: Zur Vergr\u00f6\u00dferung Ihres Nutzraums<\/li>\n<li><strong>Laderampen<\/strong>: Um das Verladen kleiner Fahrzeuge in Ihren Anh\u00e4nger zu erleichtern<\/li>\n<li><strong>Leiterhalter<\/strong>: F\u00fcr alle Arten von Langmaterialien (Metallstangen, Holzbretter, Rohre usw.)<\/li>\n<li><strong>Diebstahlschutz<\/strong>: Sehr n\u00fctzlich in diesen Zeiten&#8230;<\/li>\n<\/ul>\n<p>4-seitig klappbare\/abnehmbare Seitenteile aus verzinktem Blech<\/p>\n<p>Verschluss mit Riegeln<\/p>\n<p>Planenrollen<\/p>\n<p>Rutschfester Holzboden<\/p>\n<p>Zurrring (x4 innen)<\/p>\n<p>Verzinkter, geschwei\u00dfter Rahmen<\/p>\n<p>Verzinkte, geschwei\u00dfte V-Deichsel<\/p>\n<p>St\u00fctzraddurchmesser 48<\/p>\n<p>Versenkte R\u00fcckleuchten<\/p>\n<p>Vordere Positionslichter<\/p>\n<p>Verzinkter halber Kotfl\u00fcgel<\/p>\n<p>Mobiler Reifen<\/p>\n<p><u>Produktvorteile:<\/u><\/p>\n<p>R\u00e4der unter dem Fahrgestell<\/p>\n<p>4 klappbare und abnehmbare Seitenteile<\/p>\n<p>Dieser Anh\u00e4nger erleichtert das Beladen und Sie haben die M\u00f6glichkeit, ihn problemlos in einen Pritschenanh\u00e4nger umzuwandeln.<\/p>\n","protected":false},"excerpt":{"rendered":"<p>Mehrzweck-Radanh\u00e4nger mit abnehmbaren Bordw\u00e4nden. Zuladung 470 kg max.<\/p>\n<div class=\"mod_fa_customizablefields_v14_list\">\n<div class=\"mod_fa_champspersonnalisables_v14_title\"><strong>Gesamtgewicht: <\/strong><span class=\"mod_fa_champspersonnalisables_v14_value\">500 \/ 600 \/ 650 \/ 750 kg<\/span><\/div>\n<\/div>\n<div class=\"mod_fa_customizablefields_v14_list\">\n<div class=\"mod_fa_champspersonnalisables_v14_titre\"><strong>Leermasse: <\/strong><span class=\"mod_fa_champspersonnalisables_v14_value\">280 kg<\/span><\/div>\n<\/div>\n<div class=\"mod_fa_customizablefields_v14_list\">\n<div class=\"mod_fa_champspersonnalisables_v14_titre\"><strong>Nutzlast: <\/strong><span class=\"mod_fa_champspersonnalisables_v14_value\">maximal 470 kg<\/span><\/div>\n<\/div>\n<div class=\"mod_fa_customizablefields_v14_list\">\n<div class=\"mod_fa_champspersonnalisables_v14_titre\"><strong>Achswiderstand(e): <\/strong><span class=\"mod_fa_champspersonnalisables_v14_value\">2 Achsen 750 kg<\/span><\/div>\n<\/div>\n<div class=\"mod_fa_customizablefields_v14_list\">\n<div class=\"mod_fa_champspersonnalisables_v14_titre\"><strong>Klappbare Seitengitter: <\/strong><span class=\"mod_fa_champspersonnalisables_v14_valeur\">Seitenw\u00e4nde aus verzinktem Stahl \u2013 vorne, hinten und an den Seiten klappbar<\/span><\/div>\n<\/div>\n<div class=\"mod_fa_customizablefields_v14_list\">\n<div class=\"mod_fa_champspersonnalisables_v14_titre\"><strong>Boden: <\/strong><span class=\"mod_fa_champspersonnalisables_v14_valeur\">Marine rutschfester CP<\/span><\/div>\n<\/div>\n<div class=\"mod_fa_customizablefields_v14_list\">\n<div class=\"mod_fa_champspersonnalisables_v14_title\"><strong>Pfeil: <\/strong><span class=\"mod_fa_champspersonnalisables_v14_value\">Feuerverzinkt in V<\/span><\/div>\n<\/div>\n<div class=\"mod_fa_customizablefields_v14_list\">\n<div class=\"mod_fa_champspersonnalisables_v14_titre\"><strong>Kopf gebremst: <\/strong><span class=\"mod_fa_champspersonnalisables_v14_value\">Nein<\/span><\/div>\n<\/div>\n<div class=\"mod_fa_customizablefields_v14_list\">\n<div class=\"mod_fa_champspersonnalisables_v14_titre\"><strong>Rahmentyp: <\/strong><span class=\"mod_fa_champspersonnalisables_v14_value\">Feuerverzinkt<\/span><\/div>\n<\/div>\n<div class=\"mod_fa_customizablefields_v14_list\">\n<div class=\"mod_fa_champspersonnalisables_v14_title\"><strong>R\u00e4der: <\/strong><span class=\"mod_fa_champspersonnalisables_v14_valeur\">155\/70&#215;13<\/span><\/div>\n<\/div>\n<div class=\"mod_fa_customizablefields_v14_list\">\n<div class=\"mod_fa_champspersonnalisables_v14_titre\"><strong>Ausstattung: <\/strong><span class=\"mod_fa_champspersonnalisables_v14_valeur\">Verzurrgriffe \/ Gesch\u00fctzte vertikale Lichter \/ Joker-Rad am Innenquertr\u00e4ger<\/span><\/div>\n<\/div>\n","protected":false},"featured_media":15914,"comment_status":"open","ping_status":"closed","template":"","meta":[],"product_brand":[],"product_cat":[353,352],"product_tag":[],"class_list":{"0":"post-14350","1":"product","2":"type-product","3":"status-publish","4":"has-post-thumbnail","6":"product_cat-gepaeckanhaenger","7":"product_cat-unsere-trailer","9":"first","10":"instock","11":"shipping-taxable","12":"purchasable","13":"product-type-simple"},"yoast_head":"<!-- This site is optimized with the Yoast SEO plugin v27.4 - https:\/\/yoast.com\/product\/yoast-seo-wordpress\/ -->\n<title>LIDER TOLEDE MEHRZWECKANH\u00c4NGER RADUNTER - 2 ACHSEN - Gesamtgewicht: 750 KG - 256 X 148 X H30 CM<\/title>\n<meta name=\"description\" content=\"Mehrzweck-Radanh\u00e4nger mit abnehmbaren Bordw\u00e4nden. Zuladung 470 kg max.\" \/>\n<meta name=\"robots\" content=\"index, follow, max-snippet:-1, max-image-preview:large, max-video-preview:-1\" \/>\n<link rel=\"canonical\" href=\"https:\/\/sagrinex.com\/produit\/remorque-polyvalente-lider-tolede-roue-dessous-2-essieux-ptac-750-kg-256-x-148-x-h30-cm\/\" \/>\n<meta property=\"og:locale\" content=\"de_DE\" \/>\n<meta property=\"og:type\" content=\"article\" \/>\n<meta property=\"og:title\" content=\"LIDER TOLEDE MEHRZWECKANH\u00c4NGER RADUNTER - 2 ACHSEN - Gesamtgewicht: 750 KG - 256 X 148 X H30 CM\" \/>\n<meta property=\"og:description\" content=\"Mehrzweck-Radanh\u00e4nger mit abnehmbaren Bordw\u00e4nden. Zuladung 470 kg max.\" \/>\n<meta property=\"og:url\" content=\"https:\/\/sagrinex.com\/produit\/remorque-polyvalente-lider-tolede-roue-dessous-2-essieux-ptac-750-kg-256-x-148-x-h30-cm\/\" \/>\n<meta property=\"og:site_name\" content=\"Sagrinex \u2013 Anhaenger, Container &amp; Landtechnik \ud83c\udf3e\ud83d\ude9c\" \/>\n<meta property=\"article:modified_time\" content=\"2026-04-15T21:12:20+00:00\" \/>\n<meta property=\"og:image\" content=\"https:\/\/sagrinex.com\/wp-content\/uploads\/2026\/03\/Image-209-1.jpeg\" \/>\n\t<meta property=\"og:image:width\" content=\"600\" \/>\n\t<meta property=\"og:image:height\" content=\"600\" \/>\n\t<meta property=\"og:image:type\" content=\"image\/jpeg\" \/>\n<meta name=\"twitter:card\" content=\"summary_large_image\" \/>\n<meta name=\"twitter:label1\" content=\"Gesch\u00e4tzte Lesezeit\" \/>\n\t<meta name=\"twitter:data1\" content=\"1\u00a0Minute\" \/>\n<script type=\"application\/ld+json\" class=\"yoast-schema-graph\">{\"@context\":\"https:\\\/\\\/schema.org\",\"@graph\":[{\"@type\":\"WebPage\",\"@id\":\"https:\\\/\\\/sagrinex.com\\\/produit\\\/remorque-polyvalente-lider-tolede-roue-dessous-2-essieux-ptac-750-kg-256-x-148-x-h30-cm\\\/\",\"url\":\"https:\\\/\\\/sagrinex.com\\\/produit\\\/remorque-polyvalente-lider-tolede-roue-dessous-2-essieux-ptac-750-kg-256-x-148-x-h30-cm\\\/\",\"name\":\"LIDER TOLEDE MEHRZWECKANH\u00c4NGER RADUNTER - 2 ACHSEN - Gesamtgewicht: 750 KG - 256 X 148 X H30 CM\",\"isPartOf\":{\"@id\":\"https:\\\/\\\/sagrinex.com\\\/#website\"},\"primaryImageOfPage\":{\"@id\":\"https:\\\/\\\/sagrinex.com\\\/produit\\\/remorque-polyvalente-lider-tolede-roue-dessous-2-essieux-ptac-750-kg-256-x-148-x-h30-cm\\\/#primaryimage\"},\"image\":{\"@id\":\"https:\\\/\\\/sagrinex.com\\\/produit\\\/remorque-polyvalente-lider-tolede-roue-dessous-2-essieux-ptac-750-kg-256-x-148-x-h30-cm\\\/#primaryimage\"},\"thumbnailUrl\":\"https:\\\/\\\/sagrinex.com\\\/wp-content\\\/uploads\\\/2026\\\/03\\\/Image-209-1.jpeg\",\"datePublished\":\"2026-03-14T18:25:29+00:00\",\"dateModified\":\"2026-04-15T21:12:20+00:00\",\"description\":\"Mehrzweck-Radanh\u00e4nger mit abnehmbaren Bordw\u00e4nden. Zuladung 470 kg max.\",\"breadcrumb\":{\"@id\":\"https:\\\/\\\/sagrinex.com\\\/produit\\\/remorque-polyvalente-lider-tolede-roue-dessous-2-essieux-ptac-750-kg-256-x-148-x-h30-cm\\\/#breadcrumb\"},\"inLanguage\":\"de\",\"potentialAction\":[{\"@type\":\"ReadAction\",\"target\":[\"https:\\\/\\\/sagrinex.com\\\/produit\\\/remorque-polyvalente-lider-tolede-roue-dessous-2-essieux-ptac-750-kg-256-x-148-x-h30-cm\\\/\"]}]},{\"@type\":\"ImageObject\",\"inLanguage\":\"de\",\"@id\":\"https:\\\/\\\/sagrinex.com\\\/produit\\\/remorque-polyvalente-lider-tolede-roue-dessous-2-essieux-ptac-750-kg-256-x-148-x-h30-cm\\\/#primaryimage\",\"url\":\"https:\\\/\\\/sagrinex.com\\\/wp-content\\\/uploads\\\/2026\\\/03\\\/Image-209-1.jpeg\",\"contentUrl\":\"https:\\\/\\\/sagrinex.com\\\/wp-content\\\/uploads\\\/2026\\\/03\\\/Image-209-1.jpeg\",\"width\":600,\"height\":600},{\"@type\":\"BreadcrumbList\",\"@id\":\"https:\\\/\\\/sagrinex.com\\\/produit\\\/remorque-polyvalente-lider-tolede-roue-dessous-2-essieux-ptac-750-kg-256-x-148-x-h30-cm\\\/#breadcrumb\",\"itemListElement\":[{\"@type\":\"ListItem\",\"position\":1,\"name\":\"Accueil\",\"item\":\"https:\\\/\\\/sagrinex.com\\\/?lang=de\"},{\"@type\":\"ListItem\",\"position\":2,\"name\":\"Shop\",\"item\":\"https:\\\/\\\/sagrinex.com\\\/shop\\\/\"},{\"@type\":\"ListItem\",\"position\":3,\"name\":\"Lider Tolede Mehrzweckanh\u00c4nger Radunter &#8211; 2 Achsen &#8211; Gesamtgewicht: 750 Kg &#8211; 256 X 148 X H30 Cm\"}]},{\"@type\":\"WebSite\",\"@id\":\"https:\\\/\\\/sagrinex.com\\\/#website\",\"url\":\"https:\\\/\\\/sagrinex.com\\\/\",\"name\":\"Sagrinex \u2013 Spezialist f\u00fcr Anh\u00e4nger, Container & Landtechnik\",\"description\":\"Anhaenger, Container &amp; Landtechnik \u2014 Online-Verkauf &amp; kostenloses Angebot\",\"publisher\":{\"@id\":\"https:\\\/\\\/sagrinex.com\\\/#organization\"},\"potentialAction\":[{\"@type\":\"SearchAction\",\"target\":{\"@type\":\"EntryPoint\",\"urlTemplate\":\"https:\\\/\\\/sagrinex.com\\\/?s={search_term_string}\"},\"query-input\":{\"@type\":\"PropertyValueSpecification\",\"valueRequired\":true,\"valueName\":\"search_term_string\"}}],\"inLanguage\":\"de\"},{\"@type\":\"Organization\",\"@id\":\"https:\\\/\\\/sagrinex.com\\\/#organization\",\"name\":\"Sagrinex \u2013 Remorques, Conteneurs & Mat\u00e9riel Agricole\",\"url\":\"https:\\\/\\\/sagrinex.com\\\/\",\"logo\":{\"@type\":\"ImageObject\",\"inLanguage\":\"de\",\"@id\":\"https:\\\/\\\/sagrinex.com\\\/#\\\/schema\\\/logo\\\/image\\\/\",\"url\":\"https:\\\/\\\/sagrinex.com\\\/wp-content\\\/uploads\\\/2026\\\/03\\\/7f1ac463-ef5a-425d-bdd6-a5da03a334a9-1024x683.png\",\"contentUrl\":\"https:\\\/\\\/sagrinex.com\\\/wp-content\\\/uploads\\\/2026\\\/03\\\/7f1ac463-ef5a-425d-bdd6-a5da03a334a9-1024x683.png\",\"width\":1024,\"height\":683,\"caption\":\"Sagrinex \u2013 Remorques, Conteneurs & Mat\u00e9riel Agricole\"},\"image\":{\"@id\":\"https:\\\/\\\/sagrinex.com\\\/#\\\/schema\\\/logo\\\/image\\\/\"}}]}<\/script>\n<!-- \/ Yoast SEO plugin. -->","yoast_head_json":{"title":"LIDER TOLEDE MEHRZWECKANH\u00c4NGER RADUNTER - 2 ACHSEN - Gesamtgewicht: 750 KG - 256 X 148 X H30 CM","description":"Mehrzweck-Radanh\u00e4nger mit abnehmbaren Bordw\u00e4nden. Zuladung 470 kg max.","robots":{"index":"index","follow":"follow","max-snippet":"max-snippet:-1","max-image-preview":"max-image-preview:large","max-video-preview":"max-video-preview:-1"},"canonical":"https:\/\/sagrinex.com\/produit\/remorque-polyvalente-lider-tolede-roue-dessous-2-essieux-ptac-750-kg-256-x-148-x-h30-cm\/","og_locale":"de_DE","og_type":"article","og_title":"LIDER TOLEDE MEHRZWECKANH\u00c4NGER RADUNTER - 2 ACHSEN - Gesamtgewicht: 750 KG - 256 X 148 X H30 CM","og_description":"Mehrzweck-Radanh\u00e4nger mit abnehmbaren Bordw\u00e4nden. Zuladung 470 kg max.","og_url":"https:\/\/sagrinex.com\/produit\/remorque-polyvalente-lider-tolede-roue-dessous-2-essieux-ptac-750-kg-256-x-148-x-h30-cm\/","og_site_name":"Sagrinex \u2013 Anhaenger, Container &amp; Landtechnik \ud83c\udf3e\ud83d\ude9c","article_modified_time":"2026-04-15T21:12:20+00:00","og_image":[{"width":600,"height":600,"url":"https:\/\/sagrinex.com\/wp-content\/uploads\/2026\/03\/Image-209-1.jpeg","type":"image\/jpeg"}],"twitter_card":"summary_large_image","twitter_misc":{"Gesch\u00e4tzte Lesezeit":"1\u00a0Minute"},"schema":{"@context":"https:\/\/schema.org","@graph":[{"@type":"WebPage","@id":"https:\/\/sagrinex.com\/produit\/remorque-polyvalente-lider-tolede-roue-dessous-2-essieux-ptac-750-kg-256-x-148-x-h30-cm\/","url":"https:\/\/sagrinex.com\/produit\/remorque-polyvalente-lider-tolede-roue-dessous-2-essieux-ptac-750-kg-256-x-148-x-h30-cm\/","name":"LIDER TOLEDE MEHRZWECKANH\u00c4NGER RADUNTER - 2 ACHSEN - Gesamtgewicht: 750 KG - 256 X 148 X H30 CM","isPartOf":{"@id":"https:\/\/sagrinex.com\/#website"},"primaryImageOfPage":{"@id":"https:\/\/sagrinex.com\/produit\/remorque-polyvalente-lider-tolede-roue-dessous-2-essieux-ptac-750-kg-256-x-148-x-h30-cm\/#primaryimage"},"image":{"@id":"https:\/\/sagrinex.com\/produit\/remorque-polyvalente-lider-tolede-roue-dessous-2-essieux-ptac-750-kg-256-x-148-x-h30-cm\/#primaryimage"},"thumbnailUrl":"https:\/\/sagrinex.com\/wp-content\/uploads\/2026\/03\/Image-209-1.jpeg","datePublished":"2026-03-14T18:25:29+00:00","dateModified":"2026-04-15T21:12:20+00:00","description":"Mehrzweck-Radanh\u00e4nger mit abnehmbaren Bordw\u00e4nden. Zuladung 470 kg max.","breadcrumb":{"@id":"https:\/\/sagrinex.com\/produit\/remorque-polyvalente-lider-tolede-roue-dessous-2-essieux-ptac-750-kg-256-x-148-x-h30-cm\/#breadcrumb"},"inLanguage":"de","potentialAction":[{"@type":"ReadAction","target":["https:\/\/sagrinex.com\/produit\/remorque-polyvalente-lider-tolede-roue-dessous-2-essieux-ptac-750-kg-256-x-148-x-h30-cm\/"]}]},{"@type":"ImageObject","inLanguage":"de","@id":"https:\/\/sagrinex.com\/produit\/remorque-polyvalente-lider-tolede-roue-dessous-2-essieux-ptac-750-kg-256-x-148-x-h30-cm\/#primaryimage","url":"https:\/\/sagrinex.com\/wp-content\/uploads\/2026\/03\/Image-209-1.jpeg","contentUrl":"https:\/\/sagrinex.com\/wp-content\/uploads\/2026\/03\/Image-209-1.jpeg","width":600,"height":600},{"@type":"BreadcrumbList","@id":"https:\/\/sagrinex.com\/produit\/remorque-polyvalente-lider-tolede-roue-dessous-2-essieux-ptac-750-kg-256-x-148-x-h30-cm\/#breadcrumb","itemListElement":[{"@type":"ListItem","position":1,"name":"Accueil","item":"https:\/\/sagrinex.com\/?lang=de"},{"@type":"ListItem","position":2,"name":"Shop","item":"https:\/\/sagrinex.com\/shop\/"},{"@type":"ListItem","position":3,"name":"Lider Tolede Mehrzweckanh\u00c4nger Radunter &#8211; 2 Achsen &#8211; Gesamtgewicht: 750 Kg &#8211; 256 X 148 X H30 Cm"}]},{"@type":"WebSite","@id":"https:\/\/sagrinex.com\/#website","url":"https:\/\/sagrinex.com\/","name":"Sagrinex \u2013 Spezialist f\u00fcr Anh\u00e4nger, Container & Landtechnik","description":"Anhaenger, Container &amp; Landtechnik \u2014 Online-Verkauf &amp; kostenloses Angebot","publisher":{"@id":"https:\/\/sagrinex.com\/#organization"},"potentialAction":[{"@type":"SearchAction","target":{"@type":"EntryPoint","urlTemplate":"https:\/\/sagrinex.com\/?s={search_term_string}"},"query-input":{"@type":"PropertyValueSpecification","valueRequired":true,"valueName":"search_term_string"}}],"inLanguage":"de"},{"@type":"Organization","@id":"https:\/\/sagrinex.com\/#organization","name":"Sagrinex \u2013 Remorques, Conteneurs & Mat\u00e9riel Agricole","url":"https:\/\/sagrinex.com\/","logo":{"@type":"ImageObject","inLanguage":"de","@id":"https:\/\/sagrinex.com\/#\/schema\/logo\/image\/","url":"https:\/\/sagrinex.com\/wp-content\/uploads\/2026\/03\/7f1ac463-ef5a-425d-bdd6-a5da03a334a9-1024x683.png","contentUrl":"https:\/\/sagrinex.com\/wp-content\/uploads\/2026\/03\/7f1ac463-ef5a-425d-bdd6-a5da03a334a9-1024x683.png","width":1024,"height":683,"caption":"Sagrinex \u2013 Remorques, Conteneurs & Mat\u00e9riel Agricole"},"image":{"@id":"https:\/\/sagrinex.com\/#\/schema\/logo\/image\/"}}]}},"jetpack_sharing_enabled":true,"_links":{"self":[{"href":"https:\/\/sagrinex.com\/de\/wp-json\/wp\/v2\/product\/14350","targetHints":{"allow":["GET"]}}],"collection":[{"href":"https:\/\/sagrinex.com\/de\/wp-json\/wp\/v2\/product"}],"about":[{"href":"https:\/\/sagrinex.com\/de\/wp-json\/wp\/v2\/types\/product"}],"replies":[{"embeddable":true,"href":"https:\/\/sagrinex.com\/de\/wp-json\/wp\/v2\/comments?post=14350"}],"version-history":[{"count":0,"href":"https:\/\/sagrinex.com\/de\/wp-json\/wp\/v2\/product\/14350\/revisions"}],"wp:featuredmedia":[{"embeddable":true,"href":"https:\/\/sagrinex.com\/de\/wp-json\/wp\/v2\/media\/15914"}],"wp:attachment":[{"href":"https:\/\/sagrinex.com\/de\/wp-json\/wp\/v2\/media?parent=14350"}],"wp:term":[{"taxonomy":"product_brand","embeddable":true,"href":"https:\/\/sagrinex.com\/de\/wp-json\/wp\/v2\/product_brand?post=14350"},{"taxonomy":"product_cat","embeddable":true,"href":"https:\/\/sagrinex.com\/de\/wp-json\/wp\/v2\/product_cat?post=14350"},{"taxonomy":"product_tag","embeddable":true,"href":"https:\/\/sagrinex.com\/de\/wp-json\/wp\/v2\/product_tag?post=14350"}],"curies":[{"name":"wp","href":"https:\/\/api.w.org\/{rel}","templated":true}]}}