{"id":14355,"date":"2026-03-14T19:03:29","date_gmt":"2026-03-14T19:03:29","guid":{"rendered":"https:\/\/sagrinex.com\/produit\/lider-robust-2m50-mehrzweckanhaenger-2-ungebremste-achsen-253-x-134-cm-zulaessiges-gesamtgewicht-750-kg\/"},"modified":"2026-04-15T21:12:20","modified_gmt":"2026-04-15T21:12:20","slug":"lider-robust-2m50-mehrzweckanhaenger-2-ungebremste-achsen-253-x-134-cm-zulaessiges-gesamtgewicht-750-kg","status":"publish","type":"product","link":"https:\/\/sagrinex.com\/de\/produit\/lider-robust-2m50-mehrzweckanhaenger-2-ungebremste-achsen-253-x-134-cm-zulaessiges-gesamtgewicht-750-kg\/","title":{"rendered":"Lider Robust 2M50 Mehrzweckanh\u00c4nger \u2013 2 Ungebremste Achsen \u2013 253 X 134 Cm \u2013 Zul\u00e4ssiges Gesamtgewicht 750 Kg"},"content":{"rendered":"<p>M\u00f6chten Sie Ihr <strong>Haupthaus<\/strong> oder <strong>Nebenhaus<\/strong> <strong>renovieren<\/strong>?<\/p>\n<p>Sie m\u00fcssen Werkzeuge und Materialien transportieren, die manchmal zu sperrig f\u00fcr Ihr Fahrzeug sind. Der Kauf eines <strong>ROBUST LIDER 2-Achs-Anh\u00e4ngers<\/strong> ist eine <strong>praktische<\/strong> und <strong>wirtschaftliche<\/strong> Wahl, die Ihnen im Alltag hilft, indem sie <strong>Robustheit<\/strong>, <strong>Benutzerfreundlichkeit<\/strong> und <strong>einfaches Fahren<\/strong> garantiert.<\/p>\n<p>Tats\u00e4chlich sind die <strong>feuerverzinkten, verst\u00e4rkten Seitenw\u00e4nde<\/strong> besonders <strong>widerstandsf\u00e4hig<\/strong> und weisen eine <strong>hervorragende Lebensdauer<\/strong> auf. Die <strong>Stabilit\u00e4t<\/strong> auf der Stra\u00dfe und die <strong>einfache Beladung<\/strong> eines Doppelachsanh\u00e4ngers sind ebenfalls ein Pluspunkt f\u00fcr diesen <strong>750 kg<\/strong>-Anh\u00e4nger (aufh\u00e4ngbar auf 650\/600 oder 500 kg).<\/p>\n<p>Die <strong>maximale Nutzlast<\/strong> von 476 kg reicht f\u00fcr den Transport von <strong>Gipskartonplatten<\/strong>, <strong>Werkzeugen<\/strong>, <strong>Gipss\u00e4cken<\/strong> und <strong>Kies<\/strong> aus. Denken Sie daran, Ihre Ladung vor dem Transport zu wiegen.\u00a0Bestimmte Materialien wie <strong>Sand<\/strong> oder <strong>Brennholz<\/strong> k\u00f6nnen sehr schnell ein Gewicht von mehr als 500 kg erreichen.<\/p>\n<ul>\n<li>F\u00fcr diesen Trailer ist <strong>keine spezielle Trailer-Lizenz erforderlich<\/strong>.<\/li>\n<li>Feuerverzinkt ist dieser <strong>vielseitige<\/strong> Anh\u00e4nger \u00e4u\u00dferst <strong>widerstandsf\u00e4hig<\/strong> f\u00fcr den <strong>t\u00e4glichen Einsatz<\/strong>.<\/li>\n<li>Anh\u00e4nger ohne Bremssystem (<strong>g\u00fcnstigere Wartung<\/strong>).<\/li>\n<li><strong>Seitenw\u00e4nde<\/strong> <strong>50 cm hoch<\/strong> + oberes Gel\u00e4nder.<\/li>\n<li>Gro\u00dfe Auswahl an Optionen (<strong>Netzverl\u00e4ngerungen, Planen<\/strong>{flach und hoch<\/strong>, Heckladefl\u00e4che + Kr\u00fccken, Ersatzrad<\/strong>usw.).<\/li>\n<\/ul>\n<p>Mit einer gro\u00dfen Auswahl an Kippanh\u00e4ngern auf Lager kann Sagrinex Sie bei Ihrem Kauf entsprechend Ihren Erwartungen in Bezug auf Nutzung, Qualit\u00e4t und Budget beraten.<\/p>\n<p><strong>Sagrinex k\u00fcmmert sich um die Lieferung Ihres Anh\u00e4ngers<\/strong>.<\/p>\n<p>Z\u00f6gern Sie nicht, uns f\u00fcr weitere Informationen zu kontaktieren<\/p>\n","protected":false},"excerpt":{"rendered":"<p>Robuster, feuerverzinkter Mehrzweckanh\u00e4nger f\u00fcr Renovierungsarbeiten und den Transport von Werkzeugen unter 500 kg.<\/p>\n<div class=\"mod_fa_customizablefields_v14_list\">\n<div class=\"mod_fa_champspersonnalisables_v14_titre\"><strong>Zul\u00e4ssiges Gesamtgewicht: <\/strong><span class=\"mod_fa_champspersonnalisables_v14_value\">500 \/ 600 \/ 650 \/ 750 kg<\/span><\/div>\n<\/div>\n<div class=\"mod_fa_customizablefields_v14_list\">\n<div class=\"mod_fa_champspersonnalisables_v14_titre\"><strong>Leermasse: <\/strong><span class=\"mod_fa_champspersonnalisables_v14_value\">274 kg<\/span><\/div>\n<\/div>\n<div class=\"mod_fa_customizablefields_v14_list\">\n<div class=\"mod_fa_champspersonnalisables_v14_titre\"><strong>Nutzlast: <\/strong><span class=\"mod_fa_champspersonnalisables_v14_value\">Mini: 226 kg | max: 476 kg<\/span><\/div>\n<\/div>\n<div class=\"mod_fa_customizablefields_v14_list\">\n<div class=\"mod_fa_champspersonnalisables_v14_titre\"><strong>Gesamtabmessungen: <\/strong><span class=\"mod_fa_champspersonnalisables_v14_value\">372 x 185 cm<\/span><\/div>\n<\/div>\n<div class=\"mod_fa_customizablefields_v14_list\">\n<div class=\"mod_fa_champspersonnalisables_v14_titre\"><strong>Achswiderstand(e): <\/strong><span class=\"mod_fa_champspersonnalisables_v14_value\">2 Achsen 750 kg<\/span><\/div>\n<\/div>\n<div class=\"mod_fa_customizablefields_v14_list\">\n<div class=\"mod_fa_champspersonnalisables_v14_title\"><strong>Pfeil: <\/strong><span class=\"mod_fa_champspersonnalisables_v14_value\">Feuerverzinkt in V<\/span><\/div>\n<\/div>\n<div class=\"mod_fa_customizablefields_v14_list\">\n<div class=\"mod_fa_champspersonnalisables_v14_titre\"><strong>Rahmentyp: <\/strong><span class=\"mod_fa_champspersonnalisables_v14_value\">Feuerverzinkt<\/span><\/div>\n<\/div>\n<div class=\"mod_fa_customizablefields_v14_list\">\n<div class=\"mod_fa_champspersonnalisables_v14_title\"><strong>R\u00e4der: <\/strong><span class=\"mod_fa_champspersonnalisables_v14_valeur\">155\/70R13<\/span><\/div>\n<\/div>\n<div class=\"mod_fa_customizablefields_v14_list\">\n<div class=\"mod_fa_champspersonnalisables_v14_titre\"><strong>Ausstattung: <\/strong><span class=\"mod_fa_champspersonnalisables_v14_valeur\">50 cm feuerverzinkte Seitenw\u00e4nde + oberes Gel\u00e4nder \/ St\u00fctzrad \/ Unterbodenverst\u00e4rkungsquertr\u00e4ger<\/span><\/div>\n<\/div>\n","protected":false},"featured_media":15924,"comment_status":"open","ping_status":"closed","template":"","meta":[],"product_brand":[],"product_cat":[353,352],"product_tag":[],"class_list":{"0":"post-14355","1":"product","2":"type-product","3":"status-publish","4":"has-post-thumbnail","6":"product_cat-gepaeckanhaenger","7":"product_cat-unsere-trailer","9":"first","10":"instock","11":"shipping-taxable","12":"purchasable","13":"product-type-simple"},"yoast_head":"<!-- This site is optimized with the Yoast SEO plugin v27.4 - https:\/\/yoast.com\/product\/yoast-seo-wordpress\/ -->\n<title>LIDER ROBUST 2M50 MEHRZWECKANH\u00c4NGER \u2013 2 UNGEBREMSTE ACHSEN \u2013 253 x 134 cm \u2013 zul\u00e4ssiges Gesamtgewicht 750 kg<\/title>\n<meta name=\"description\" content=\"Robuster, feuerverzinkter Mehrzweckanh\u00e4nger f\u00fcr Renovierungsarbeiten und den Transport von Werkzeugen unter 500 kg.\" \/>\n<meta name=\"robots\" content=\"index, follow, max-snippet:-1, max-image-preview:large, max-video-preview:-1\" \/>\n<link rel=\"canonical\" href=\"https:\/\/sagrinex.com\/produit\/remorque-polyvalente-lider-robust-2m50-2-essieux-non-freine-253-x-134-cm-ptac-750-kg\/\" \/>\n<meta property=\"og:locale\" content=\"de_DE\" \/>\n<meta property=\"og:type\" content=\"article\" \/>\n<meta property=\"og:title\" content=\"LIDER ROBUST 2M50 MEHRZWECKANH\u00c4NGER \u2013 2 UNGEBREMSTE ACHSEN \u2013 253 x 134 cm \u2013 zul\u00e4ssiges Gesamtgewicht 750 kg\" \/>\n<meta property=\"og:description\" content=\"Robuster, feuerverzinkter Mehrzweckanh\u00e4nger f\u00fcr Renovierungsarbeiten und den Transport von Werkzeugen unter 500 kg.\" \/>\n<meta property=\"og:url\" content=\"https:\/\/sagrinex.com\/produit\/remorque-polyvalente-lider-robust-2m50-2-essieux-non-freine-253-x-134-cm-ptac-750-kg\/\" \/>\n<meta property=\"og:site_name\" content=\"Sagrinex \u2013 Anhaenger, Container &amp; Landtechnik \ud83c\udf3e\ud83d\ude9c\" \/>\n<meta property=\"article:modified_time\" content=\"2026-04-15T21:12:20+00:00\" \/>\n<meta property=\"og:image\" content=\"https:\/\/sagrinex.com\/wp-content\/uploads\/2026\/03\/Image-219-1.jpeg\" \/>\n\t<meta property=\"og:image:width\" content=\"998\" \/>\n\t<meta property=\"og:image:height\" content=\"656\" \/>\n\t<meta property=\"og:image:type\" content=\"image\/jpeg\" \/>\n<meta name=\"twitter:card\" content=\"summary_large_image\" \/>\n<meta name=\"twitter:label1\" content=\"Gesch\u00e4tzte Lesezeit\" \/>\n\t<meta name=\"twitter:data1\" content=\"1\u00a0Minute\" \/>\n<script type=\"application\/ld+json\" class=\"yoast-schema-graph\">{\"@context\":\"https:\\\/\\\/schema.org\",\"@graph\":[{\"@type\":\"WebPage\",\"@id\":\"https:\\\/\\\/sagrinex.com\\\/produit\\\/remorque-polyvalente-lider-robust-2m50-2-essieux-non-freine-253-x-134-cm-ptac-750-kg\\\/\",\"url\":\"https:\\\/\\\/sagrinex.com\\\/produit\\\/remorque-polyvalente-lider-robust-2m50-2-essieux-non-freine-253-x-134-cm-ptac-750-kg\\\/\",\"name\":\"LIDER ROBUST 2M50 MEHRZWECKANH\u00c4NGER \u2013 2 UNGEBREMSTE ACHSEN \u2013 253 x 134 cm \u2013 zul\u00e4ssiges Gesamtgewicht 750 kg\",\"isPartOf\":{\"@id\":\"https:\\\/\\\/sagrinex.com\\\/#website\"},\"primaryImageOfPage\":{\"@id\":\"https:\\\/\\\/sagrinex.com\\\/produit\\\/remorque-polyvalente-lider-robust-2m50-2-essieux-non-freine-253-x-134-cm-ptac-750-kg\\\/#primaryimage\"},\"image\":{\"@id\":\"https:\\\/\\\/sagrinex.com\\\/produit\\\/remorque-polyvalente-lider-robust-2m50-2-essieux-non-freine-253-x-134-cm-ptac-750-kg\\\/#primaryimage\"},\"thumbnailUrl\":\"https:\\\/\\\/sagrinex.com\\\/wp-content\\\/uploads\\\/2026\\\/03\\\/Image-219-1.jpeg\",\"datePublished\":\"2026-03-14T19:03:29+00:00\",\"dateModified\":\"2026-04-15T21:12:20+00:00\",\"description\":\"Robuster, feuerverzinkter Mehrzweckanh\u00e4nger f\u00fcr Renovierungsarbeiten und den Transport von Werkzeugen unter 500 kg.\",\"breadcrumb\":{\"@id\":\"https:\\\/\\\/sagrinex.com\\\/produit\\\/remorque-polyvalente-lider-robust-2m50-2-essieux-non-freine-253-x-134-cm-ptac-750-kg\\\/#breadcrumb\"},\"inLanguage\":\"de\",\"potentialAction\":[{\"@type\":\"ReadAction\",\"target\":[\"https:\\\/\\\/sagrinex.com\\\/produit\\\/remorque-polyvalente-lider-robust-2m50-2-essieux-non-freine-253-x-134-cm-ptac-750-kg\\\/\"]}]},{\"@type\":\"ImageObject\",\"inLanguage\":\"de\",\"@id\":\"https:\\\/\\\/sagrinex.com\\\/produit\\\/remorque-polyvalente-lider-robust-2m50-2-essieux-non-freine-253-x-134-cm-ptac-750-kg\\\/#primaryimage\",\"url\":\"https:\\\/\\\/sagrinex.com\\\/wp-content\\\/uploads\\\/2026\\\/03\\\/Image-219-1.jpeg\",\"contentUrl\":\"https:\\\/\\\/sagrinex.com\\\/wp-content\\\/uploads\\\/2026\\\/03\\\/Image-219-1.jpeg\",\"width\":998,\"height\":656},{\"@type\":\"BreadcrumbList\",\"@id\":\"https:\\\/\\\/sagrinex.com\\\/produit\\\/remorque-polyvalente-lider-robust-2m50-2-essieux-non-freine-253-x-134-cm-ptac-750-kg\\\/#breadcrumb\",\"itemListElement\":[{\"@type\":\"ListItem\",\"position\":1,\"name\":\"Accueil\",\"item\":\"https:\\\/\\\/sagrinex.com\\\/?lang=de\"},{\"@type\":\"ListItem\",\"position\":2,\"name\":\"Shop\",\"item\":\"https:\\\/\\\/sagrinex.com\\\/shop\\\/\"},{\"@type\":\"ListItem\",\"position\":3,\"name\":\"Lider Robust 2M50 Mehrzweckanh\u00c4nger \u2013 2 Ungebremste Achsen \u2013 253 X 134 Cm \u2013 Zul\u00e4ssiges Gesamtgewicht 750 Kg\"}]},{\"@type\":\"WebSite\",\"@id\":\"https:\\\/\\\/sagrinex.com\\\/#website\",\"url\":\"https:\\\/\\\/sagrinex.com\\\/\",\"name\":\"Sagrinex \u2013 Spezialist f\u00fcr Anh\u00e4nger, Container & Landtechnik\",\"description\":\"Anhaenger, Container &amp; Landtechnik \u2014 Online-Verkauf &amp; kostenloses Angebot\",\"publisher\":{\"@id\":\"https:\\\/\\\/sagrinex.com\\\/#organization\"},\"potentialAction\":[{\"@type\":\"SearchAction\",\"target\":{\"@type\":\"EntryPoint\",\"urlTemplate\":\"https:\\\/\\\/sagrinex.com\\\/?s={search_term_string}\"},\"query-input\":{\"@type\":\"PropertyValueSpecification\",\"valueRequired\":true,\"valueName\":\"search_term_string\"}}],\"inLanguage\":\"de\"},{\"@type\":\"Organization\",\"@id\":\"https:\\\/\\\/sagrinex.com\\\/#organization\",\"name\":\"Sagrinex \u2013 Remorques, Conteneurs & Mat\u00e9riel Agricole\",\"url\":\"https:\\\/\\\/sagrinex.com\\\/\",\"logo\":{\"@type\":\"ImageObject\",\"inLanguage\":\"de\",\"@id\":\"https:\\\/\\\/sagrinex.com\\\/#\\\/schema\\\/logo\\\/image\\\/\",\"url\":\"https:\\\/\\\/sagrinex.com\\\/wp-content\\\/uploads\\\/2026\\\/03\\\/7f1ac463-ef5a-425d-bdd6-a5da03a334a9-1024x683.png\",\"contentUrl\":\"https:\\\/\\\/sagrinex.com\\\/wp-content\\\/uploads\\\/2026\\\/03\\\/7f1ac463-ef5a-425d-bdd6-a5da03a334a9-1024x683.png\",\"width\":1024,\"height\":683,\"caption\":\"Sagrinex \u2013 Remorques, Conteneurs & Mat\u00e9riel Agricole\"},\"image\":{\"@id\":\"https:\\\/\\\/sagrinex.com\\\/#\\\/schema\\\/logo\\\/image\\\/\"}}]}<\/script>\n<!-- \/ Yoast SEO plugin. -->","yoast_head_json":{"title":"LIDER ROBUST 2M50 MEHRZWECKANH\u00c4NGER \u2013 2 UNGEBREMSTE ACHSEN \u2013 253 x 134 cm \u2013 zul\u00e4ssiges Gesamtgewicht 750 kg","description":"Robuster, feuerverzinkter Mehrzweckanh\u00e4nger f\u00fcr Renovierungsarbeiten und den Transport von Werkzeugen unter 500 kg.","robots":{"index":"index","follow":"follow","max-snippet":"max-snippet:-1","max-image-preview":"max-image-preview:large","max-video-preview":"max-video-preview:-1"},"canonical":"https:\/\/sagrinex.com\/produit\/remorque-polyvalente-lider-robust-2m50-2-essieux-non-freine-253-x-134-cm-ptac-750-kg\/","og_locale":"de_DE","og_type":"article","og_title":"LIDER ROBUST 2M50 MEHRZWECKANH\u00c4NGER \u2013 2 UNGEBREMSTE ACHSEN \u2013 253 x 134 cm \u2013 zul\u00e4ssiges Gesamtgewicht 750 kg","og_description":"Robuster, feuerverzinkter Mehrzweckanh\u00e4nger f\u00fcr Renovierungsarbeiten und den Transport von Werkzeugen unter 500 kg.","og_url":"https:\/\/sagrinex.com\/produit\/remorque-polyvalente-lider-robust-2m50-2-essieux-non-freine-253-x-134-cm-ptac-750-kg\/","og_site_name":"Sagrinex \u2013 Anhaenger, Container &amp; Landtechnik \ud83c\udf3e\ud83d\ude9c","article_modified_time":"2026-04-15T21:12:20+00:00","og_image":[{"width":998,"height":656,"url":"https:\/\/sagrinex.com\/wp-content\/uploads\/2026\/03\/Image-219-1.jpeg","type":"image\/jpeg"}],"twitter_card":"summary_large_image","twitter_misc":{"Gesch\u00e4tzte Lesezeit":"1\u00a0Minute"},"schema":{"@context":"https:\/\/schema.org","@graph":[{"@type":"WebPage","@id":"https:\/\/sagrinex.com\/produit\/remorque-polyvalente-lider-robust-2m50-2-essieux-non-freine-253-x-134-cm-ptac-750-kg\/","url":"https:\/\/sagrinex.com\/produit\/remorque-polyvalente-lider-robust-2m50-2-essieux-non-freine-253-x-134-cm-ptac-750-kg\/","name":"LIDER ROBUST 2M50 MEHRZWECKANH\u00c4NGER \u2013 2 UNGEBREMSTE ACHSEN \u2013 253 x 134 cm \u2013 zul\u00e4ssiges Gesamtgewicht 750 kg","isPartOf":{"@id":"https:\/\/sagrinex.com\/#website"},"primaryImageOfPage":{"@id":"https:\/\/sagrinex.com\/produit\/remorque-polyvalente-lider-robust-2m50-2-essieux-non-freine-253-x-134-cm-ptac-750-kg\/#primaryimage"},"image":{"@id":"https:\/\/sagrinex.com\/produit\/remorque-polyvalente-lider-robust-2m50-2-essieux-non-freine-253-x-134-cm-ptac-750-kg\/#primaryimage"},"thumbnailUrl":"https:\/\/sagrinex.com\/wp-content\/uploads\/2026\/03\/Image-219-1.jpeg","datePublished":"2026-03-14T19:03:29+00:00","dateModified":"2026-04-15T21:12:20+00:00","description":"Robuster, feuerverzinkter Mehrzweckanh\u00e4nger f\u00fcr Renovierungsarbeiten und den Transport von Werkzeugen unter 500 kg.","breadcrumb":{"@id":"https:\/\/sagrinex.com\/produit\/remorque-polyvalente-lider-robust-2m50-2-essieux-non-freine-253-x-134-cm-ptac-750-kg\/#breadcrumb"},"inLanguage":"de","potentialAction":[{"@type":"ReadAction","target":["https:\/\/sagrinex.com\/produit\/remorque-polyvalente-lider-robust-2m50-2-essieux-non-freine-253-x-134-cm-ptac-750-kg\/"]}]},{"@type":"ImageObject","inLanguage":"de","@id":"https:\/\/sagrinex.com\/produit\/remorque-polyvalente-lider-robust-2m50-2-essieux-non-freine-253-x-134-cm-ptac-750-kg\/#primaryimage","url":"https:\/\/sagrinex.com\/wp-content\/uploads\/2026\/03\/Image-219-1.jpeg","contentUrl":"https:\/\/sagrinex.com\/wp-content\/uploads\/2026\/03\/Image-219-1.jpeg","width":998,"height":656},{"@type":"BreadcrumbList","@id":"https:\/\/sagrinex.com\/produit\/remorque-polyvalente-lider-robust-2m50-2-essieux-non-freine-253-x-134-cm-ptac-750-kg\/#breadcrumb","itemListElement":[{"@type":"ListItem","position":1,"name":"Accueil","item":"https:\/\/sagrinex.com\/?lang=de"},{"@type":"ListItem","position":2,"name":"Shop","item":"https:\/\/sagrinex.com\/shop\/"},{"@type":"ListItem","position":3,"name":"Lider Robust 2M50 Mehrzweckanh\u00c4nger \u2013 2 Ungebremste Achsen \u2013 253 X 134 Cm \u2013 Zul\u00e4ssiges Gesamtgewicht 750 Kg"}]},{"@type":"WebSite","@id":"https:\/\/sagrinex.com\/#website","url":"https:\/\/sagrinex.com\/","name":"Sagrinex \u2013 Spezialist f\u00fcr Anh\u00e4nger, Container & Landtechnik","description":"Anhaenger, Container &amp; Landtechnik \u2014 Online-Verkauf &amp; kostenloses Angebot","publisher":{"@id":"https:\/\/sagrinex.com\/#organization"},"potentialAction":[{"@type":"SearchAction","target":{"@type":"EntryPoint","urlTemplate":"https:\/\/sagrinex.com\/?s={search_term_string}"},"query-input":{"@type":"PropertyValueSpecification","valueRequired":true,"valueName":"search_term_string"}}],"inLanguage":"de"},{"@type":"Organization","@id":"https:\/\/sagrinex.com\/#organization","name":"Sagrinex \u2013 Remorques, Conteneurs & Mat\u00e9riel Agricole","url":"https:\/\/sagrinex.com\/","logo":{"@type":"ImageObject","inLanguage":"de","@id":"https:\/\/sagrinex.com\/#\/schema\/logo\/image\/","url":"https:\/\/sagrinex.com\/wp-content\/uploads\/2026\/03\/7f1ac463-ef5a-425d-bdd6-a5da03a334a9-1024x683.png","contentUrl":"https:\/\/sagrinex.com\/wp-content\/uploads\/2026\/03\/7f1ac463-ef5a-425d-bdd6-a5da03a334a9-1024x683.png","width":1024,"height":683,"caption":"Sagrinex \u2013 Remorques, Conteneurs & Mat\u00e9riel Agricole"},"image":{"@id":"https:\/\/sagrinex.com\/#\/schema\/logo\/image\/"}}]}},"jetpack_sharing_enabled":true,"_links":{"self":[{"href":"https:\/\/sagrinex.com\/de\/wp-json\/wp\/v2\/product\/14355","targetHints":{"allow":["GET"]}}],"collection":[{"href":"https:\/\/sagrinex.com\/de\/wp-json\/wp\/v2\/product"}],"about":[{"href":"https:\/\/sagrinex.com\/de\/wp-json\/wp\/v2\/types\/product"}],"replies":[{"embeddable":true,"href":"https:\/\/sagrinex.com\/de\/wp-json\/wp\/v2\/comments?post=14355"}],"version-history":[{"count":0,"href":"https:\/\/sagrinex.com\/de\/wp-json\/wp\/v2\/product\/14355\/revisions"}],"wp:featuredmedia":[{"embeddable":true,"href":"https:\/\/sagrinex.com\/de\/wp-json\/wp\/v2\/media\/15924"}],"wp:attachment":[{"href":"https:\/\/sagrinex.com\/de\/wp-json\/wp\/v2\/media?parent=14355"}],"wp:term":[{"taxonomy":"product_brand","embeddable":true,"href":"https:\/\/sagrinex.com\/de\/wp-json\/wp\/v2\/product_brand?post=14355"},{"taxonomy":"product_cat","embeddable":true,"href":"https:\/\/sagrinex.com\/de\/wp-json\/wp\/v2\/product_cat?post=14355"},{"taxonomy":"product_tag","embeddable":true,"href":"https:\/\/sagrinex.com\/de\/wp-json\/wp\/v2\/product_tag?post=14355"}],"curies":[{"name":"wp","href":"https:\/\/api.w.org\/{rel}","templated":true}]}}