{"id":14361,"date":"2026-03-14T21:41:31","date_gmt":"2026-03-14T21:41:31","guid":{"rendered":"https:\/\/sagrinex.com\/produit\/gebremster-aluminiumanhaenger-mcalu-fw150-1-achse-gesamtgewicht-1500-kg-305-x-153-cm\/"},"modified":"2026-04-15T21:12:20","modified_gmt":"2026-04-15T21:12:20","slug":"gebremster-aluminiumanhaenger-mcalu-fw150-1-achse-gesamtgewicht-1500-kg-305-x-153-cm","status":"publish","type":"product","link":"https:\/\/sagrinex.com\/de\/produit\/gebremster-aluminiumanhaenger-mcalu-fw150-1-achse-gesamtgewicht-1500-kg-305-x-153-cm\/","title":{"rendered":"Gebremster Aluminiumanh\u00c4nger &#8211; Mcalu &#8211; FW150 &#8211; 1 Achse &#8211; Gesamtgewicht: 1500 Kg &#8211; 305 X 153 Cm"},"content":{"rendered":"<p>Dieser zuverl\u00e4ssige und solide Aluminiumanh\u00e4nger der Marke Saris eignet sich f\u00fcr Heimwerkerarbeiten und den Transport schwerer Gegenst\u00e4nde (Bauschutt, Brennholz usw.) sowohl f\u00fcr Privatpersonen als auch f\u00fcr Profis.<br \/>\nMit einem <strong>zul\u00e4ssigen Gesamtgewicht<\/strong> von 1200\/1300\/1350\/1500 kg kann er eine maximale Nutzlast von 1185 kg <strong>v\u00f6llig sicher<\/strong> transportieren.<\/p>\n<p>Dar\u00fcber hinaus erm\u00f6glichen seine <strong>Nutzma\u00dfe<\/strong> von {cp:Useful Body Dimensions:4} auch die <strong>Verladung kleiner motorisierter Fahrzeuge<\/strong> (Motorr\u00e4der, Fahrr\u00e4der, Roller, Quads, Rasenm\u00e4her etc.) und die serienm\u00e4\u00dfigen Schutzgel\u00e4nder sorgen nach der Sicherung f\u00fcr eine solide und zuverl\u00e4ssige Stabilit\u00e4t Ihrer Ladung.<\/p>\n<p>Eine praktische und vielf\u00e4ltige Auswahl an Optionen f\u00fcr dieses Modell:<\/p>\n<ul>\n<li><b>Flache Plane oder hohe Plane<\/b>(zum Schutz vor Sicht und schlechtem Wetter von au\u00dfen)<\/li>\n<li><b>Leiterhalter<\/b>(zum Transport langer Materialien oder Gegenst\u00e4nde: Leitern, Holzbretter, Metallstangen usw.)<\/li>\n<li><strong>Befestigungsrampen, Alurampen oder Laderampen<\/strong> (zur Erleichterung der Beladung von Kleinfahrzeugen wie Rasenm\u00e4her, Motorr\u00e4der, Quads usw.)<\/li>\n<li><strong>Br\u00fcckentr\u00e4ger<\/strong> (zum vereinfachten Be- und Entladen Ihrer Ladung auf R\u00e4dern (Kleinfahrzeuge: Motorr\u00e4der, Quads, Rasenm\u00e4her, Fahrr\u00e4der, Roller \/ K\u00fcchenger\u00e4te auf R\u00e4dern, Profi-Fritteusen, Arbeitsplatten, K\u00fchlschr\u00e4nke \/ Verladen von M\u00f6beln auf Rolltabletts)<\/li>\n<li><b>Mesh-Verl\u00e4ngerungen<\/b>(zur Vergr\u00f6\u00dferung der nutzbaren K\u00f6rperh\u00f6he)<\/li>\n<li><strong>Reserverad + St\u00fctze<\/strong> (um Gefahren im Stra\u00dfenverkehr vorzubeugen: Eine Reifenpanne am Morgen ohne Reserverad ist ein verlorener Arbeitstag).<\/li>\n<li><strong>Komplettes Netz<\/strong>oder<strong>Laubschutznetz<\/strong> (um zu verhindern, dass Ihre Ladung w\u00e4hrend der Fahrt auf der Stra\u00dfe wegfliegt)<\/li>\n<\/ul>\n<p><em><strong>Freizeit- und Mehrzweckanh\u00e4nger mit einem zul\u00e4ssigen Gesamtgewicht von mehr als 500 kg erfordern die Erstellung eines Zulassungsdokuments.<\/strong><\/em><\/p>\n<ul>\n<li>Aluminium rostet nicht<\/li>\n<li>Leichtes Gewicht, aber starker Widerstand<\/li>\n<li>Professionelle Verarbeitung und Qualit\u00e4t<\/li>\n<li>Eine gro\u00dfe Auswahl an Optionen (Gitterverl\u00e4ngerungen, Leitergestell, Aluminiumboden, Planen usw.)<\/li>\n<li>Seitenschienen serienm\u00e4\u00dfig f\u00fcr eine solide und einfache Sicherung Ihrer Ladung.<\/li>\n<\/ul>\n<p>Mit mehr als 30 Jahren Erfahrung in der Branche wissen wir bei <strong>Sagrinex<\/strong>, wie man die Qualit\u00e4t eines Anh\u00e4ngers auf den ersten Blick erkennt. Die <strong>ALU-Gep\u00e4ck<\/strong>-Saris sind aufgrund der Qualit\u00e4t ihrer Verarbeitung und der f\u00fcr das Design dieser High-End-<strong>MACALU<\/strong>-Modelle verwendeten Materialien einfach erstaunlich. Wenn Sie auf der Suche nach <strong>solidem und langlebigem<\/strong> Material mit dem auf diesem Produktblatt genannten zul\u00e4ssigen Gesamtgewicht sind, z\u00f6gern Sie nicht, dieses Modell ist genau das Richtige f\u00fcr Sie!<\/p>\n","protected":false},"excerpt":{"rendered":"<p>Dieser vielseitige, zuverl\u00e4ssige und solide Aluminiumanh\u00e4nger von Saris eignet sich f\u00fcr Heimwerkerarbeiten und den Transport kleiner Fahrzeuge oder schwerer Gegenst\u00e4nde (Bauschutt, Brennholz usw.). Maximale Nutzlast von 1185 kg!<\/p>\n<div class=\"mod_fa_customizablefields_v14_list\">\n<div class=\"mod_fa_champspersonnalisables_v14_title\"><strong>Zul\u00e4ssiges Gesamtgewicht: <\/strong><span class=\"mod_fa_champspersonnalisables_v14_value\">1200\/1300\/1350\/1500 kg<\/span><\/div>\n<\/div>\n<div class=\"mod_fa_customizablefields_v14_list\">\n<div class=\"mod_fa_champspersonnalisables_v14_titre\"><strong>Leermasse: <\/strong><span class=\"mod_fa_champspersonnalisables_v14_value\">305 kg<\/span><\/div>\n<\/div>\n<div class=\"mod_fa_customizablefields_v14_list\">\n<div class=\"mod_fa_champspersonnalisables_v14_titre\"><strong>Nutzlast: <\/strong><span class=\"mod_fa_champspersonnalisables_v14_value\">maximal 1195 kg<\/span><\/div>\n<\/div>\n<div class=\"mod_fa_customizablefields_v14_list\">\n<div class=\"mod_fa_champspersonnalisables_v14_titre\"><strong>Gesamtabmessungen: <\/strong><span class=\"mod_fa_champspersonnalisables_v14_value\">436 x 208 x H94 cm<\/span><\/div>\n<\/div>\n<div class=\"mod_fa_customizablefields_v14_list\">\n<div class=\"mod_fa_champspersonnalisables_v14_titre\"><strong>Nutzh\u00f6he \/ Boden: <\/strong><span class=\"mod_fa_champspersonnalisables_v14_value\">54 cm<\/span><\/div>\n<\/div>\n<div class=\"mod_fa_customizablefields_v14_list\">\n<div class=\"mod_fa_champspersonnalisables_v14_titre\"><strong>Achswiderstand(e): <\/strong><span class=\"mod_fa_champspersonnalisables_v14_value\">1600 kg<\/span><\/div>\n<\/div>\n<div class=\"mod_fa_customizablefields_v14_list\">\n<div class=\"mod_fa_champspersonnalisables_v14_title\"><strong>Pfeil: <\/strong><span class=\"mod_fa_champspersonnalisables_v14_value\">Feuerverzinkt in V<\/span><\/div>\n<\/div>\n<div class=\"mod_fa_customizablefields_v14_list\">\n<div class=\"mod_fa_champspersonnalisables_v14_titre\"><strong>Rahmentyp: <\/strong><span class=\"mod_fa_champspersonnalisables_v14_value\">Feuerverzinkt<\/span><\/div>\n<\/div>\n<div class=\"mod_fa_customizablefields_v14_list\">\n<div class=\"mod_fa_champspersonnalisables_v14_titre\"><strong>R\u00e4der: <\/strong><span class=\"mod_fa_champspersonnalisables_v14_value\">14 Zoll<\/span><\/div>\n<\/div>\n<div class=\"mod_fa_customizablefields_v14_list\">\n<div class=\"mod_fa_champspersonnalisables_v14_titre\"><strong>Ausstattung: <\/strong><span class=\"mod_fa_champspersonnalisables_v14_valeur\">1 gebremste Achse \/ Feuerverzinkter V-f\u00f6rmiger Ausleger \/ doppelwandiger Aluminiumk\u00f6rper \/ rutschfester CP-Boden \/ integrierte Zurrhaken \/ feste Seitenschiene \/ verl\u00e4ngerte Deichsel und zus\u00e4tzlicher Holm<\/span><\/div>\n<\/div>\n","protected":false},"featured_media":16002,"comment_status":"open","ping_status":"closed","template":"","meta":[],"product_brand":[],"product_cat":[353,352],"product_tag":[],"class_list":{"0":"post-14361","1":"product","2":"type-product","3":"status-publish","4":"has-post-thumbnail","6":"product_cat-gepaeckanhaenger","7":"product_cat-unsere-trailer","9":"first","10":"instock","11":"shipping-taxable","12":"purchasable","13":"product-type-simple"},"yoast_head":"<!-- This site is optimized with the Yoast SEO plugin v27.4 - https:\/\/yoast.com\/product\/yoast-seo-wordpress\/ -->\n<title>GEBREMSTER ALUMINIUMANH\u00c4NGER - MCALU - FW150 - 1 ACHSE - Gesamtgewicht: 1500 kg - 305 x 153 cm<\/title>\n<meta name=\"description\" content=\"Dieser vielseitige, zuverl\u00e4ssige und solide Aluminiumanh\u00e4nger von Saris eignet sich f\u00fcr Heimwerkerarbeiten und den Transport kleiner Fahrzeuge oder schwerer Gegenst\u00e4nde (Bauschutt, Brennholz usw.). Maximale Nutzlast von 1185 kg!\" \/>\n<meta name=\"robots\" content=\"index, follow, max-snippet:-1, max-image-preview:large, max-video-preview:-1\" \/>\n<link rel=\"canonical\" href=\"https:\/\/sagrinex.com\/produit\/remorque-freinee-aluminium-mcalu-fw150-1-essieu-ptac-1500-kg-305-x-153-cm\/\" \/>\n<meta property=\"og:locale\" content=\"de_DE\" \/>\n<meta property=\"og:type\" content=\"article\" \/>\n<meta property=\"og:title\" content=\"GEBREMSTER ALUMINIUMANH\u00c4NGER - MCALU - FW150 - 1 ACHSE - Gesamtgewicht: 1500 kg - 305 x 153 cm\" \/>\n<meta property=\"og:description\" content=\"Dieser vielseitige, zuverl\u00e4ssige und solide Aluminiumanh\u00e4nger von Saris eignet sich f\u00fcr Heimwerkerarbeiten und den Transport kleiner Fahrzeuge oder schwerer Gegenst\u00e4nde (Bauschutt, Brennholz usw.). Maximale Nutzlast von 1185 kg!\" \/>\n<meta property=\"og:url\" content=\"https:\/\/sagrinex.com\/produit\/remorque-freinee-aluminium-mcalu-fw150-1-essieu-ptac-1500-kg-305-x-153-cm\/\" \/>\n<meta property=\"og:site_name\" content=\"Sagrinex \u2013 Anhaenger, Container &amp; Landtechnik \ud83c\udf3e\ud83d\ude9c\" \/>\n<meta property=\"article:modified_time\" content=\"2026-04-15T21:12:20+00:00\" \/>\n<meta property=\"og:image\" content=\"https:\/\/sagrinex.com\/wp-content\/uploads\/2026\/03\/Image-331-1.jpeg\" \/>\n\t<meta property=\"og:image:width\" content=\"2000\" \/>\n\t<meta property=\"og:image:height\" content=\"672\" \/>\n\t<meta property=\"og:image:type\" content=\"image\/jpeg\" \/>\n<meta name=\"twitter:card\" content=\"summary_large_image\" \/>\n<meta name=\"twitter:label1\" content=\"Gesch\u00e4tzte Lesezeit\" \/>\n\t<meta name=\"twitter:data1\" content=\"2\u00a0Minuten\" \/>\n<script type=\"application\/ld+json\" class=\"yoast-schema-graph\">{\"@context\":\"https:\\\/\\\/schema.org\",\"@graph\":[{\"@type\":\"WebPage\",\"@id\":\"https:\\\/\\\/sagrinex.com\\\/produit\\\/remorque-freinee-aluminium-mcalu-fw150-1-essieu-ptac-1500-kg-305-x-153-cm\\\/\",\"url\":\"https:\\\/\\\/sagrinex.com\\\/produit\\\/remorque-freinee-aluminium-mcalu-fw150-1-essieu-ptac-1500-kg-305-x-153-cm\\\/\",\"name\":\"GEBREMSTER ALUMINIUMANH\u00c4NGER - MCALU - FW150 - 1 ACHSE - Gesamtgewicht: 1500 kg - 305 x 153 cm\",\"isPartOf\":{\"@id\":\"https:\\\/\\\/sagrinex.com\\\/#website\"},\"primaryImageOfPage\":{\"@id\":\"https:\\\/\\\/sagrinex.com\\\/produit\\\/remorque-freinee-aluminium-mcalu-fw150-1-essieu-ptac-1500-kg-305-x-153-cm\\\/#primaryimage\"},\"image\":{\"@id\":\"https:\\\/\\\/sagrinex.com\\\/produit\\\/remorque-freinee-aluminium-mcalu-fw150-1-essieu-ptac-1500-kg-305-x-153-cm\\\/#primaryimage\"},\"thumbnailUrl\":\"https:\\\/\\\/sagrinex.com\\\/wp-content\\\/uploads\\\/2026\\\/03\\\/Image-331-1.jpeg\",\"datePublished\":\"2026-03-14T21:41:31+00:00\",\"dateModified\":\"2026-04-15T21:12:20+00:00\",\"description\":\"Dieser vielseitige, zuverl\u00e4ssige und solide Aluminiumanh\u00e4nger von Saris eignet sich f\u00fcr Heimwerkerarbeiten und den Transport kleiner Fahrzeuge oder schwerer Gegenst\u00e4nde (Bauschutt, Brennholz usw.). Maximale Nutzlast von 1185 kg!\",\"breadcrumb\":{\"@id\":\"https:\\\/\\\/sagrinex.com\\\/produit\\\/remorque-freinee-aluminium-mcalu-fw150-1-essieu-ptac-1500-kg-305-x-153-cm\\\/#breadcrumb\"},\"inLanguage\":\"de\",\"potentialAction\":[{\"@type\":\"ReadAction\",\"target\":[\"https:\\\/\\\/sagrinex.com\\\/produit\\\/remorque-freinee-aluminium-mcalu-fw150-1-essieu-ptac-1500-kg-305-x-153-cm\\\/\"]}]},{\"@type\":\"ImageObject\",\"inLanguage\":\"de\",\"@id\":\"https:\\\/\\\/sagrinex.com\\\/produit\\\/remorque-freinee-aluminium-mcalu-fw150-1-essieu-ptac-1500-kg-305-x-153-cm\\\/#primaryimage\",\"url\":\"https:\\\/\\\/sagrinex.com\\\/wp-content\\\/uploads\\\/2026\\\/03\\\/Image-331-1.jpeg\",\"contentUrl\":\"https:\\\/\\\/sagrinex.com\\\/wp-content\\\/uploads\\\/2026\\\/03\\\/Image-331-1.jpeg\",\"width\":2000,\"height\":672},{\"@type\":\"BreadcrumbList\",\"@id\":\"https:\\\/\\\/sagrinex.com\\\/produit\\\/remorque-freinee-aluminium-mcalu-fw150-1-essieu-ptac-1500-kg-305-x-153-cm\\\/#breadcrumb\",\"itemListElement\":[{\"@type\":\"ListItem\",\"position\":1,\"name\":\"Accueil\",\"item\":\"https:\\\/\\\/sagrinex.com\\\/?lang=de\"},{\"@type\":\"ListItem\",\"position\":2,\"name\":\"Shop\",\"item\":\"https:\\\/\\\/sagrinex.com\\\/shop\\\/\"},{\"@type\":\"ListItem\",\"position\":3,\"name\":\"Gebremster Aluminiumanh\u00c4nger &#8211; Mcalu &#8211; FW150 &#8211; 1 Achse &#8211; Gesamtgewicht: 1500 Kg &#8211; 305 X 153 Cm\"}]},{\"@type\":\"WebSite\",\"@id\":\"https:\\\/\\\/sagrinex.com\\\/#website\",\"url\":\"https:\\\/\\\/sagrinex.com\\\/\",\"name\":\"Sagrinex \u2013 Spezialist f\u00fcr Anh\u00e4nger, Container & Landtechnik\",\"description\":\"Anhaenger, Container &amp; Landtechnik \u2014 Online-Verkauf &amp; kostenloses Angebot\",\"publisher\":{\"@id\":\"https:\\\/\\\/sagrinex.com\\\/#organization\"},\"potentialAction\":[{\"@type\":\"SearchAction\",\"target\":{\"@type\":\"EntryPoint\",\"urlTemplate\":\"https:\\\/\\\/sagrinex.com\\\/?s={search_term_string}\"},\"query-input\":{\"@type\":\"PropertyValueSpecification\",\"valueRequired\":true,\"valueName\":\"search_term_string\"}}],\"inLanguage\":\"de\"},{\"@type\":\"Organization\",\"@id\":\"https:\\\/\\\/sagrinex.com\\\/#organization\",\"name\":\"Sagrinex \u2013 Remorques, Conteneurs & Mat\u00e9riel Agricole\",\"url\":\"https:\\\/\\\/sagrinex.com\\\/\",\"logo\":{\"@type\":\"ImageObject\",\"inLanguage\":\"de\",\"@id\":\"https:\\\/\\\/sagrinex.com\\\/#\\\/schema\\\/logo\\\/image\\\/\",\"url\":\"https:\\\/\\\/sagrinex.com\\\/wp-content\\\/uploads\\\/2026\\\/03\\\/7f1ac463-ef5a-425d-bdd6-a5da03a334a9-1024x683.png\",\"contentUrl\":\"https:\\\/\\\/sagrinex.com\\\/wp-content\\\/uploads\\\/2026\\\/03\\\/7f1ac463-ef5a-425d-bdd6-a5da03a334a9-1024x683.png\",\"width\":1024,\"height\":683,\"caption\":\"Sagrinex \u2013 Remorques, Conteneurs & Mat\u00e9riel Agricole\"},\"image\":{\"@id\":\"https:\\\/\\\/sagrinex.com\\\/#\\\/schema\\\/logo\\\/image\\\/\"}}]}<\/script>\n<!-- \/ Yoast SEO plugin. -->","yoast_head_json":{"title":"GEBREMSTER ALUMINIUMANH\u00c4NGER - MCALU - FW150 - 1 ACHSE - Gesamtgewicht: 1500 kg - 305 x 153 cm","description":"Dieser vielseitige, zuverl\u00e4ssige und solide Aluminiumanh\u00e4nger von Saris eignet sich f\u00fcr Heimwerkerarbeiten und den Transport kleiner Fahrzeuge oder schwerer Gegenst\u00e4nde (Bauschutt, Brennholz usw.). Maximale Nutzlast von 1185 kg!","robots":{"index":"index","follow":"follow","max-snippet":"max-snippet:-1","max-image-preview":"max-image-preview:large","max-video-preview":"max-video-preview:-1"},"canonical":"https:\/\/sagrinex.com\/produit\/remorque-freinee-aluminium-mcalu-fw150-1-essieu-ptac-1500-kg-305-x-153-cm\/","og_locale":"de_DE","og_type":"article","og_title":"GEBREMSTER ALUMINIUMANH\u00c4NGER - MCALU - FW150 - 1 ACHSE - Gesamtgewicht: 1500 kg - 305 x 153 cm","og_description":"Dieser vielseitige, zuverl\u00e4ssige und solide Aluminiumanh\u00e4nger von Saris eignet sich f\u00fcr Heimwerkerarbeiten und den Transport kleiner Fahrzeuge oder schwerer Gegenst\u00e4nde (Bauschutt, Brennholz usw.). Maximale Nutzlast von 1185 kg!","og_url":"https:\/\/sagrinex.com\/produit\/remorque-freinee-aluminium-mcalu-fw150-1-essieu-ptac-1500-kg-305-x-153-cm\/","og_site_name":"Sagrinex \u2013 Anhaenger, Container &amp; Landtechnik \ud83c\udf3e\ud83d\ude9c","article_modified_time":"2026-04-15T21:12:20+00:00","og_image":[{"width":2000,"height":672,"url":"https:\/\/sagrinex.com\/wp-content\/uploads\/2026\/03\/Image-331-1.jpeg","type":"image\/jpeg"}],"twitter_card":"summary_large_image","twitter_misc":{"Gesch\u00e4tzte Lesezeit":"2\u00a0Minuten"},"schema":{"@context":"https:\/\/schema.org","@graph":[{"@type":"WebPage","@id":"https:\/\/sagrinex.com\/produit\/remorque-freinee-aluminium-mcalu-fw150-1-essieu-ptac-1500-kg-305-x-153-cm\/","url":"https:\/\/sagrinex.com\/produit\/remorque-freinee-aluminium-mcalu-fw150-1-essieu-ptac-1500-kg-305-x-153-cm\/","name":"GEBREMSTER ALUMINIUMANH\u00c4NGER - MCALU - FW150 - 1 ACHSE - Gesamtgewicht: 1500 kg - 305 x 153 cm","isPartOf":{"@id":"https:\/\/sagrinex.com\/#website"},"primaryImageOfPage":{"@id":"https:\/\/sagrinex.com\/produit\/remorque-freinee-aluminium-mcalu-fw150-1-essieu-ptac-1500-kg-305-x-153-cm\/#primaryimage"},"image":{"@id":"https:\/\/sagrinex.com\/produit\/remorque-freinee-aluminium-mcalu-fw150-1-essieu-ptac-1500-kg-305-x-153-cm\/#primaryimage"},"thumbnailUrl":"https:\/\/sagrinex.com\/wp-content\/uploads\/2026\/03\/Image-331-1.jpeg","datePublished":"2026-03-14T21:41:31+00:00","dateModified":"2026-04-15T21:12:20+00:00","description":"Dieser vielseitige, zuverl\u00e4ssige und solide Aluminiumanh\u00e4nger von Saris eignet sich f\u00fcr Heimwerkerarbeiten und den Transport kleiner Fahrzeuge oder schwerer Gegenst\u00e4nde (Bauschutt, Brennholz usw.). Maximale Nutzlast von 1185 kg!","breadcrumb":{"@id":"https:\/\/sagrinex.com\/produit\/remorque-freinee-aluminium-mcalu-fw150-1-essieu-ptac-1500-kg-305-x-153-cm\/#breadcrumb"},"inLanguage":"de","potentialAction":[{"@type":"ReadAction","target":["https:\/\/sagrinex.com\/produit\/remorque-freinee-aluminium-mcalu-fw150-1-essieu-ptac-1500-kg-305-x-153-cm\/"]}]},{"@type":"ImageObject","inLanguage":"de","@id":"https:\/\/sagrinex.com\/produit\/remorque-freinee-aluminium-mcalu-fw150-1-essieu-ptac-1500-kg-305-x-153-cm\/#primaryimage","url":"https:\/\/sagrinex.com\/wp-content\/uploads\/2026\/03\/Image-331-1.jpeg","contentUrl":"https:\/\/sagrinex.com\/wp-content\/uploads\/2026\/03\/Image-331-1.jpeg","width":2000,"height":672},{"@type":"BreadcrumbList","@id":"https:\/\/sagrinex.com\/produit\/remorque-freinee-aluminium-mcalu-fw150-1-essieu-ptac-1500-kg-305-x-153-cm\/#breadcrumb","itemListElement":[{"@type":"ListItem","position":1,"name":"Accueil","item":"https:\/\/sagrinex.com\/?lang=de"},{"@type":"ListItem","position":2,"name":"Shop","item":"https:\/\/sagrinex.com\/shop\/"},{"@type":"ListItem","position":3,"name":"Gebremster Aluminiumanh\u00c4nger &#8211; Mcalu &#8211; FW150 &#8211; 1 Achse &#8211; Gesamtgewicht: 1500 Kg &#8211; 305 X 153 Cm"}]},{"@type":"WebSite","@id":"https:\/\/sagrinex.com\/#website","url":"https:\/\/sagrinex.com\/","name":"Sagrinex \u2013 Spezialist f\u00fcr Anh\u00e4nger, Container & Landtechnik","description":"Anhaenger, Container &amp; Landtechnik \u2014 Online-Verkauf &amp; kostenloses Angebot","publisher":{"@id":"https:\/\/sagrinex.com\/#organization"},"potentialAction":[{"@type":"SearchAction","target":{"@type":"EntryPoint","urlTemplate":"https:\/\/sagrinex.com\/?s={search_term_string}"},"query-input":{"@type":"PropertyValueSpecification","valueRequired":true,"valueName":"search_term_string"}}],"inLanguage":"de"},{"@type":"Organization","@id":"https:\/\/sagrinex.com\/#organization","name":"Sagrinex \u2013 Remorques, Conteneurs & Mat\u00e9riel Agricole","url":"https:\/\/sagrinex.com\/","logo":{"@type":"ImageObject","inLanguage":"de","@id":"https:\/\/sagrinex.com\/#\/schema\/logo\/image\/","url":"https:\/\/sagrinex.com\/wp-content\/uploads\/2026\/03\/7f1ac463-ef5a-425d-bdd6-a5da03a334a9-1024x683.png","contentUrl":"https:\/\/sagrinex.com\/wp-content\/uploads\/2026\/03\/7f1ac463-ef5a-425d-bdd6-a5da03a334a9-1024x683.png","width":1024,"height":683,"caption":"Sagrinex \u2013 Remorques, Conteneurs & Mat\u00e9riel Agricole"},"image":{"@id":"https:\/\/sagrinex.com\/#\/schema\/logo\/image\/"}}]}},"jetpack_sharing_enabled":true,"_links":{"self":[{"href":"https:\/\/sagrinex.com\/de\/wp-json\/wp\/v2\/product\/14361","targetHints":{"allow":["GET"]}}],"collection":[{"href":"https:\/\/sagrinex.com\/de\/wp-json\/wp\/v2\/product"}],"about":[{"href":"https:\/\/sagrinex.com\/de\/wp-json\/wp\/v2\/types\/product"}],"replies":[{"embeddable":true,"href":"https:\/\/sagrinex.com\/de\/wp-json\/wp\/v2\/comments?post=14361"}],"version-history":[{"count":0,"href":"https:\/\/sagrinex.com\/de\/wp-json\/wp\/v2\/product\/14361\/revisions"}],"wp:featuredmedia":[{"embeddable":true,"href":"https:\/\/sagrinex.com\/de\/wp-json\/wp\/v2\/media\/16002"}],"wp:attachment":[{"href":"https:\/\/sagrinex.com\/de\/wp-json\/wp\/v2\/media?parent=14361"}],"wp:term":[{"taxonomy":"product_brand","embeddable":true,"href":"https:\/\/sagrinex.com\/de\/wp-json\/wp\/v2\/product_brand?post=14361"},{"taxonomy":"product_cat","embeddable":true,"href":"https:\/\/sagrinex.com\/de\/wp-json\/wp\/v2\/product_cat?post=14361"},{"taxonomy":"product_tag","embeddable":true,"href":"https:\/\/sagrinex.com\/de\/wp-json\/wp\/v2\/product_tag?post=14361"}],"curies":[{"name":"wp","href":"https:\/\/api.w.org\/{rel}","templated":true}]}}