{"id":14370,"date":"2026-03-14T20:47:13","date_gmt":"2026-03-14T20:47:13","guid":{"rendered":"https:\/\/sagrinex.com\/produit\/aluminium-anhaenger-humbaur-1-achse-ungebremst-zulaessiges-gesamtgewicht-750-kg-25-x-130-m-bordwaende-von-35cm\/"},"modified":"2026-04-15T21:12:20","modified_gmt":"2026-04-15T21:12:20","slug":"aluminium-anhaenger-humbaur-1-achse-ungebremst-zulaessiges-gesamtgewicht-750-kg-25-x-130-m-bordwaende-von-35cm","status":"publish","type":"product","link":"https:\/\/sagrinex.com\/de\/produit\/aluminium-anhaenger-humbaur-1-achse-ungebremst-zulaessiges-gesamtgewicht-750-kg-25-x-130-m-bordwaende-von-35cm\/","title":{"rendered":"Aluminium Anh\u00c4nger Humbaur 1 Achse Ungebremst Zul\u00c4ssiges Gesamtgewicht 750 Kg 2,5 X 1,30 M Bordw\u00c4nde von 35CM"},"content":{"rendered":"","protected":false},"excerpt":{"rendered":"<div class=\"mod_fa_champspersonnalisables_v14_liste\">\n<div class=\"mod_fa_champspersonnalisables_v14_titre\"><strong>PTAC: <\/strong><span class=\"mod_fa_champspersonnalisables_v14_valeur\">750 Kg<\/span><\/div>\n<\/div>\n<div class=\"mod_fa_champspersonnalisables_v14_liste\">\n<div class=\"mod_fa_champspersonnalisables_v14_titre\"><strong>Leergewicht: <\/strong><span class=\"mod_fa_champspersonnalisables_v14_valeur\">165 Kg<\/span><\/div>\n<\/div>\n<div class=\"mod_fa_champspersonnalisables_v14_liste\">\n<div class=\"mod_fa_champspersonnalisables_v14_titre\"><strong>Nutzlast: <\/strong><span class=\"mod_fa_champspersonnalisables_v14_valeur\">585 Kg<\/span><\/div>\n<\/div>\n<div class=\"mod_fa_champspersonnalisables_v14_liste\">\n<div class=\"mod_fa_champspersonnalisables_v14_titre\"><strong>Au\u00dfenabmessungen: <\/strong><span class=\"mod_fa_champspersonnalisables_v14_valeur\">3566 x 1757 x 862 mm<\/span><\/div>\n<\/div>\n<div class=\"mod_fa_champspersonnalisables_v14_liste\">\n<div class=\"mod_fa_champspersonnalisables_v14_titre\"><strong>Achslast(en): <\/strong><span class=\"mod_fa_champspersonnalisables_v14_valeur\">1 x 750 Kg<\/span><\/div>\n<\/div>\n<div class=\"mod_fa_champspersonnalisables_v14_liste\">\n<div class=\"mod_fa_champspersonnalisables_v14_titre\"><strong>Klappbare Bordwand(w\u00e4nde): <\/strong><span class=\"mod_fa_champspersonnalisables_v14_valeur\">Hintere Bordwand<\/span><\/div>\n<\/div>\n<div class=\"mod_fa_champspersonnalisables_v14_liste\">\n<div class=\"mod_fa_champspersonnalisables_v14_titre\"><strong>Boden: <\/strong><span class=\"mod_fa_champspersonnalisables_v14_valeur\">Marineholz-Sperrholz<\/span><\/div>\n<\/div>\n<div class=\"mod_fa_champspersonnalisables_v14_liste\">\n<div class=\"mod_fa_champspersonnalisables_v14_titre\"><strong>Deichsel: <\/strong><span class=\"mod_fa_champspersonnalisables_v14_valeur\">V<\/span><\/div>\n<\/div>\n<div class=\"mod_fa_champspersonnalisables_v14_liste\">\n<div class=\"mod_fa_champspersonnalisables_v14_titre\"><strong>Gebremste Kupplung: <\/strong><span class=\"mod_fa_champspersonnalisables_v14_valeur\">Nein<\/span><\/div>\n<\/div>\n<div class=\"mod_fa_champspersonnalisables_v14_liste\">\n<div class=\"mod_fa_champspersonnalisables_v14_titre\"><strong>Kippbare Ladefl\u00e4che: <\/strong><span class=\"mod_fa_champspersonnalisables_v14_valeur\">Nein<\/span><\/div>\n<\/div>\n<div class=\"mod_fa_champspersonnalisables_v14_liste\">\n<div class=\"mod_fa_champspersonnalisables_v14_titre\"><strong>Fahrgestelltyp: <\/strong><span class=\"mod_fa_champspersonnalisables_v14_valeur\">Feuerverzinkt<\/span><\/div>\n<\/div>\n<div class=\"mod_fa_champspersonnalisables_v14_liste\">\n<div class=\"mod_fa_champspersonnalisables_v14_titre\"><strong>R\u00e4der: <\/strong><span class=\"mod_fa_champspersonnalisables_v14_valeur\">13 Zoll<\/span><\/div>\n<\/div>\n","protected":false},"featured_media":15969,"comment_status":"open","ping_status":"closed","template":"","meta":[],"product_brand":[],"product_cat":[353,352],"product_tag":[],"class_list":{"0":"post-14370","1":"product","2":"type-product","3":"status-publish","4":"has-post-thumbnail","6":"product_cat-gepaeckanhaenger","7":"product_cat-unsere-trailer","9":"first","10":"instock","11":"shipping-taxable","12":"purchasable","13":"product-type-simple"},"yoast_head":"<!-- This site is optimized with the Yoast SEO plugin v27.4 - https:\/\/yoast.com\/product\/yoast-seo-wordpress\/ -->\n<title>ALUMINIUM ANH\u00c4NGER HUMBAUR 1 ACHSE UNGEBREMST ZUL\u00c4SSIGES GESAMTGEWICHT 750 KG 2,5 X 1,30 M BORDW\u00c4NDE VON 35CM<\/title>\n<meta name=\"robots\" content=\"index, follow, max-snippet:-1, max-image-preview:large, max-video-preview:-1\" \/>\n<link rel=\"canonical\" href=\"https:\/\/sagrinex.com\/produit\/remorque-aluminium-humbaur-1-essieu-non-freine-ptac-750-kg-2-5-x-1-30-m-ridelles-de-35cm\/\" \/>\n<meta property=\"og:locale\" content=\"de_DE\" \/>\n<meta property=\"og:type\" content=\"article\" \/>\n<meta property=\"og:title\" content=\"ALUMINIUM ANH\u00c4NGER HUMBAUR 1 ACHSE UNGEBREMST ZUL\u00c4SSIGES GESAMTGEWICHT 750 KG 2,5 X 1,30 M BORDW\u00c4NDE VON 35CM\" \/>\n<meta property=\"og:description\" content=\"PTAC: 750 Kg  Leergewicht: 165 Kg  Nutzlast: 585 Kg  Au\u00dfenabmessungen: 3566 x 1757 x 862 mm  Achslast(en): 1 x 750 Kg  Klappbare Bordwand(w\u00e4nde): Hintere Bordwand  Boden: Marineholz-Sperrholz  Deichsel: V  Gebremste Kupplung: Nein  Kippbare Ladefl\u00e4che: Nein  Fahrgestelltyp: Feuerverzinkt  R\u00e4der: 13 Zoll\" \/>\n<meta property=\"og:url\" content=\"https:\/\/sagrinex.com\/produit\/remorque-aluminium-humbaur-1-essieu-non-freine-ptac-750-kg-2-5-x-1-30-m-ridelles-de-35cm\/\" \/>\n<meta property=\"og:site_name\" content=\"Sagrinex \u2013 Anhaenger, Container &amp; Landtechnik \ud83c\udf3e\ud83d\ude9c\" \/>\n<meta property=\"article:modified_time\" content=\"2026-04-15T21:12:20+00:00\" \/>\n<meta property=\"og:image\" content=\"https:\/\/sagrinex.com\/wp-content\/uploads\/2026\/03\/Image-296-1.jpeg\" \/>\n\t<meta property=\"og:image:width\" content=\"610\" \/>\n\t<meta property=\"og:image:height\" content=\"273\" \/>\n\t<meta property=\"og:image:type\" content=\"image\/jpeg\" \/>\n<meta name=\"twitter:card\" content=\"summary_large_image\" \/>\n<script type=\"application\/ld+json\" class=\"yoast-schema-graph\">{\"@context\":\"https:\\\/\\\/schema.org\",\"@graph\":[{\"@type\":\"WebPage\",\"@id\":\"https:\\\/\\\/sagrinex.com\\\/produit\\\/remorque-aluminium-humbaur-1-essieu-non-freine-ptac-750-kg-2-5-x-1-30-m-ridelles-de-35cm\\\/\",\"url\":\"https:\\\/\\\/sagrinex.com\\\/produit\\\/remorque-aluminium-humbaur-1-essieu-non-freine-ptac-750-kg-2-5-x-1-30-m-ridelles-de-35cm\\\/\",\"name\":\"ALUMINIUM ANH\u00c4NGER HUMBAUR 1 ACHSE UNGEBREMST ZUL\u00c4SSIGES GESAMTGEWICHT 750 KG 2,5 X 1,30 M BORDW\u00c4NDE VON 35CM\",\"isPartOf\":{\"@id\":\"https:\\\/\\\/sagrinex.com\\\/#website\"},\"primaryImageOfPage\":{\"@id\":\"https:\\\/\\\/sagrinex.com\\\/produit\\\/remorque-aluminium-humbaur-1-essieu-non-freine-ptac-750-kg-2-5-x-1-30-m-ridelles-de-35cm\\\/#primaryimage\"},\"image\":{\"@id\":\"https:\\\/\\\/sagrinex.com\\\/produit\\\/remorque-aluminium-humbaur-1-essieu-non-freine-ptac-750-kg-2-5-x-1-30-m-ridelles-de-35cm\\\/#primaryimage\"},\"thumbnailUrl\":\"https:\\\/\\\/sagrinex.com\\\/wp-content\\\/uploads\\\/2026\\\/03\\\/Image-296-1.jpeg\",\"datePublished\":\"2026-03-14T20:47:13+00:00\",\"dateModified\":\"2026-04-15T21:12:20+00:00\",\"breadcrumb\":{\"@id\":\"https:\\\/\\\/sagrinex.com\\\/produit\\\/remorque-aluminium-humbaur-1-essieu-non-freine-ptac-750-kg-2-5-x-1-30-m-ridelles-de-35cm\\\/#breadcrumb\"},\"inLanguage\":\"de\",\"potentialAction\":[{\"@type\":\"ReadAction\",\"target\":[\"https:\\\/\\\/sagrinex.com\\\/produit\\\/remorque-aluminium-humbaur-1-essieu-non-freine-ptac-750-kg-2-5-x-1-30-m-ridelles-de-35cm\\\/\"]}]},{\"@type\":\"ImageObject\",\"inLanguage\":\"de\",\"@id\":\"https:\\\/\\\/sagrinex.com\\\/produit\\\/remorque-aluminium-humbaur-1-essieu-non-freine-ptac-750-kg-2-5-x-1-30-m-ridelles-de-35cm\\\/#primaryimage\",\"url\":\"https:\\\/\\\/sagrinex.com\\\/wp-content\\\/uploads\\\/2026\\\/03\\\/Image-296-1.jpeg\",\"contentUrl\":\"https:\\\/\\\/sagrinex.com\\\/wp-content\\\/uploads\\\/2026\\\/03\\\/Image-296-1.jpeg\",\"width\":610,\"height\":273},{\"@type\":\"BreadcrumbList\",\"@id\":\"https:\\\/\\\/sagrinex.com\\\/produit\\\/remorque-aluminium-humbaur-1-essieu-non-freine-ptac-750-kg-2-5-x-1-30-m-ridelles-de-35cm\\\/#breadcrumb\",\"itemListElement\":[{\"@type\":\"ListItem\",\"position\":1,\"name\":\"Accueil\",\"item\":\"https:\\\/\\\/sagrinex.com\\\/?lang=de\"},{\"@type\":\"ListItem\",\"position\":2,\"name\":\"Shop\",\"item\":\"https:\\\/\\\/sagrinex.com\\\/shop\\\/\"},{\"@type\":\"ListItem\",\"position\":3,\"name\":\"Aluminium Anh\u00c4nger Humbaur 1 Achse Ungebremst Zul\u00c4ssiges Gesamtgewicht 750 Kg 2,5 X 1,30 M Bordw\u00c4nde von 35CM\"}]},{\"@type\":\"WebSite\",\"@id\":\"https:\\\/\\\/sagrinex.com\\\/#website\",\"url\":\"https:\\\/\\\/sagrinex.com\\\/\",\"name\":\"Sagrinex \u2013 Spezialist f\u00fcr Anh\u00e4nger, Container & Landtechnik\",\"description\":\"Anhaenger, Container &amp; Landtechnik \u2014 Online-Verkauf &amp; kostenloses Angebot\",\"publisher\":{\"@id\":\"https:\\\/\\\/sagrinex.com\\\/#organization\"},\"potentialAction\":[{\"@type\":\"SearchAction\",\"target\":{\"@type\":\"EntryPoint\",\"urlTemplate\":\"https:\\\/\\\/sagrinex.com\\\/?s={search_term_string}\"},\"query-input\":{\"@type\":\"PropertyValueSpecification\",\"valueRequired\":true,\"valueName\":\"search_term_string\"}}],\"inLanguage\":\"de\"},{\"@type\":\"Organization\",\"@id\":\"https:\\\/\\\/sagrinex.com\\\/#organization\",\"name\":\"Sagrinex \u2013 Remorques, Conteneurs & Mat\u00e9riel Agricole\",\"url\":\"https:\\\/\\\/sagrinex.com\\\/\",\"logo\":{\"@type\":\"ImageObject\",\"inLanguage\":\"de\",\"@id\":\"https:\\\/\\\/sagrinex.com\\\/#\\\/schema\\\/logo\\\/image\\\/\",\"url\":\"https:\\\/\\\/sagrinex.com\\\/wp-content\\\/uploads\\\/2026\\\/03\\\/7f1ac463-ef5a-425d-bdd6-a5da03a334a9-1024x683.png\",\"contentUrl\":\"https:\\\/\\\/sagrinex.com\\\/wp-content\\\/uploads\\\/2026\\\/03\\\/7f1ac463-ef5a-425d-bdd6-a5da03a334a9-1024x683.png\",\"width\":1024,\"height\":683,\"caption\":\"Sagrinex \u2013 Remorques, Conteneurs & Mat\u00e9riel Agricole\"},\"image\":{\"@id\":\"https:\\\/\\\/sagrinex.com\\\/#\\\/schema\\\/logo\\\/image\\\/\"}}]}<\/script>\n<!-- \/ Yoast SEO plugin. -->","yoast_head_json":{"title":"ALUMINIUM ANH\u00c4NGER HUMBAUR 1 ACHSE UNGEBREMST ZUL\u00c4SSIGES GESAMTGEWICHT 750 KG 2,5 X 1,30 M BORDW\u00c4NDE VON 35CM","robots":{"index":"index","follow":"follow","max-snippet":"max-snippet:-1","max-image-preview":"max-image-preview:large","max-video-preview":"max-video-preview:-1"},"canonical":"https:\/\/sagrinex.com\/produit\/remorque-aluminium-humbaur-1-essieu-non-freine-ptac-750-kg-2-5-x-1-30-m-ridelles-de-35cm\/","og_locale":"de_DE","og_type":"article","og_title":"ALUMINIUM ANH\u00c4NGER HUMBAUR 1 ACHSE UNGEBREMST ZUL\u00c4SSIGES GESAMTGEWICHT 750 KG 2,5 X 1,30 M BORDW\u00c4NDE VON 35CM","og_description":"PTAC: 750 Kg  Leergewicht: 165 Kg  Nutzlast: 585 Kg  Au\u00dfenabmessungen: 3566 x 1757 x 862 mm  Achslast(en): 1 x 750 Kg  Klappbare Bordwand(w\u00e4nde): Hintere Bordwand  Boden: Marineholz-Sperrholz  Deichsel: V  Gebremste Kupplung: Nein  Kippbare Ladefl\u00e4che: Nein  Fahrgestelltyp: Feuerverzinkt  R\u00e4der: 13 Zoll","og_url":"https:\/\/sagrinex.com\/produit\/remorque-aluminium-humbaur-1-essieu-non-freine-ptac-750-kg-2-5-x-1-30-m-ridelles-de-35cm\/","og_site_name":"Sagrinex \u2013 Anhaenger, Container &amp; Landtechnik \ud83c\udf3e\ud83d\ude9c","article_modified_time":"2026-04-15T21:12:20+00:00","og_image":[{"width":610,"height":273,"url":"https:\/\/sagrinex.com\/wp-content\/uploads\/2026\/03\/Image-296-1.jpeg","type":"image\/jpeg"}],"twitter_card":"summary_large_image","schema":{"@context":"https:\/\/schema.org","@graph":[{"@type":"WebPage","@id":"https:\/\/sagrinex.com\/produit\/remorque-aluminium-humbaur-1-essieu-non-freine-ptac-750-kg-2-5-x-1-30-m-ridelles-de-35cm\/","url":"https:\/\/sagrinex.com\/produit\/remorque-aluminium-humbaur-1-essieu-non-freine-ptac-750-kg-2-5-x-1-30-m-ridelles-de-35cm\/","name":"ALUMINIUM ANH\u00c4NGER HUMBAUR 1 ACHSE UNGEBREMST ZUL\u00c4SSIGES GESAMTGEWICHT 750 KG 2,5 X 1,30 M BORDW\u00c4NDE VON 35CM","isPartOf":{"@id":"https:\/\/sagrinex.com\/#website"},"primaryImageOfPage":{"@id":"https:\/\/sagrinex.com\/produit\/remorque-aluminium-humbaur-1-essieu-non-freine-ptac-750-kg-2-5-x-1-30-m-ridelles-de-35cm\/#primaryimage"},"image":{"@id":"https:\/\/sagrinex.com\/produit\/remorque-aluminium-humbaur-1-essieu-non-freine-ptac-750-kg-2-5-x-1-30-m-ridelles-de-35cm\/#primaryimage"},"thumbnailUrl":"https:\/\/sagrinex.com\/wp-content\/uploads\/2026\/03\/Image-296-1.jpeg","datePublished":"2026-03-14T20:47:13+00:00","dateModified":"2026-04-15T21:12:20+00:00","breadcrumb":{"@id":"https:\/\/sagrinex.com\/produit\/remorque-aluminium-humbaur-1-essieu-non-freine-ptac-750-kg-2-5-x-1-30-m-ridelles-de-35cm\/#breadcrumb"},"inLanguage":"de","potentialAction":[{"@type":"ReadAction","target":["https:\/\/sagrinex.com\/produit\/remorque-aluminium-humbaur-1-essieu-non-freine-ptac-750-kg-2-5-x-1-30-m-ridelles-de-35cm\/"]}]},{"@type":"ImageObject","inLanguage":"de","@id":"https:\/\/sagrinex.com\/produit\/remorque-aluminium-humbaur-1-essieu-non-freine-ptac-750-kg-2-5-x-1-30-m-ridelles-de-35cm\/#primaryimage","url":"https:\/\/sagrinex.com\/wp-content\/uploads\/2026\/03\/Image-296-1.jpeg","contentUrl":"https:\/\/sagrinex.com\/wp-content\/uploads\/2026\/03\/Image-296-1.jpeg","width":610,"height":273},{"@type":"BreadcrumbList","@id":"https:\/\/sagrinex.com\/produit\/remorque-aluminium-humbaur-1-essieu-non-freine-ptac-750-kg-2-5-x-1-30-m-ridelles-de-35cm\/#breadcrumb","itemListElement":[{"@type":"ListItem","position":1,"name":"Accueil","item":"https:\/\/sagrinex.com\/?lang=de"},{"@type":"ListItem","position":2,"name":"Shop","item":"https:\/\/sagrinex.com\/shop\/"},{"@type":"ListItem","position":3,"name":"Aluminium Anh\u00c4nger Humbaur 1 Achse Ungebremst Zul\u00c4ssiges Gesamtgewicht 750 Kg 2,5 X 1,30 M Bordw\u00c4nde von 35CM"}]},{"@type":"WebSite","@id":"https:\/\/sagrinex.com\/#website","url":"https:\/\/sagrinex.com\/","name":"Sagrinex \u2013 Spezialist f\u00fcr Anh\u00e4nger, Container & Landtechnik","description":"Anhaenger, Container &amp; Landtechnik \u2014 Online-Verkauf &amp; kostenloses Angebot","publisher":{"@id":"https:\/\/sagrinex.com\/#organization"},"potentialAction":[{"@type":"SearchAction","target":{"@type":"EntryPoint","urlTemplate":"https:\/\/sagrinex.com\/?s={search_term_string}"},"query-input":{"@type":"PropertyValueSpecification","valueRequired":true,"valueName":"search_term_string"}}],"inLanguage":"de"},{"@type":"Organization","@id":"https:\/\/sagrinex.com\/#organization","name":"Sagrinex \u2013 Remorques, Conteneurs & Mat\u00e9riel Agricole","url":"https:\/\/sagrinex.com\/","logo":{"@type":"ImageObject","inLanguage":"de","@id":"https:\/\/sagrinex.com\/#\/schema\/logo\/image\/","url":"https:\/\/sagrinex.com\/wp-content\/uploads\/2026\/03\/7f1ac463-ef5a-425d-bdd6-a5da03a334a9-1024x683.png","contentUrl":"https:\/\/sagrinex.com\/wp-content\/uploads\/2026\/03\/7f1ac463-ef5a-425d-bdd6-a5da03a334a9-1024x683.png","width":1024,"height":683,"caption":"Sagrinex \u2013 Remorques, Conteneurs & Mat\u00e9riel Agricole"},"image":{"@id":"https:\/\/sagrinex.com\/#\/schema\/logo\/image\/"}}]}},"jetpack_sharing_enabled":true,"_links":{"self":[{"href":"https:\/\/sagrinex.com\/de\/wp-json\/wp\/v2\/product\/14370","targetHints":{"allow":["GET"]}}],"collection":[{"href":"https:\/\/sagrinex.com\/de\/wp-json\/wp\/v2\/product"}],"about":[{"href":"https:\/\/sagrinex.com\/de\/wp-json\/wp\/v2\/types\/product"}],"replies":[{"embeddable":true,"href":"https:\/\/sagrinex.com\/de\/wp-json\/wp\/v2\/comments?post=14370"}],"version-history":[{"count":0,"href":"https:\/\/sagrinex.com\/de\/wp-json\/wp\/v2\/product\/14370\/revisions"}],"wp:featuredmedia":[{"embeddable":true,"href":"https:\/\/sagrinex.com\/de\/wp-json\/wp\/v2\/media\/15969"}],"wp:attachment":[{"href":"https:\/\/sagrinex.com\/de\/wp-json\/wp\/v2\/media?parent=14370"}],"wp:term":[{"taxonomy":"product_brand","embeddable":true,"href":"https:\/\/sagrinex.com\/de\/wp-json\/wp\/v2\/product_brand?post=14370"},{"taxonomy":"product_cat","embeddable":true,"href":"https:\/\/sagrinex.com\/de\/wp-json\/wp\/v2\/product_cat?post=14370"},{"taxonomy":"product_tag","embeddable":true,"href":"https:\/\/sagrinex.com\/de\/wp-json\/wp\/v2\/product_tag?post=14370"}],"curies":[{"name":"wp","href":"https:\/\/api.w.org\/{rel}","templated":true}]}}