{"id":14373,"date":"2026-03-14T20:56:41","date_gmt":"2026-03-14T20:56:41","guid":{"rendered":"https:\/\/sagrinex.com\/produit\/aluminium-gepaeckanhaenger-mcalu-pro-1-achse-gvw-750-kg-1-achse-255-x-133-cm\/"},"modified":"2026-04-15T21:12:20","modified_gmt":"2026-04-15T21:12:20","slug":"aluminium-gepaeckanhaenger-mcalu-pro-1-achse-gvw-750-kg-1-achse-255-x-133-cm","status":"publish","type":"product","link":"https:\/\/sagrinex.com\/de\/produit\/aluminium-gepaeckanhaenger-mcalu-pro-1-achse-gvw-750-kg-1-achse-255-x-133-cm\/","title":{"rendered":"Aluminium-gep\u00c4ckanh\u00c4nger &#8211; Mcalu Pro &#8211; 1 Achse &#8211; Gvw: 750 Kg &#8211; 1 Achse &#8211; 255 X 133 Cm"},"content":{"rendered":"<p>Dieser Aluminium-Gep\u00e4ckanh\u00e4nger der Marke Saris eignet sich f\u00fcr Urlaub, Freizeit und kleine Alltagsaufgaben (Gartenarbeit, Heimwerken, Recycling, Transport von Kleinm\u00f6beln) f\u00fcr <strong>Einzelpersonen<\/strong> und <strong>Profis<\/strong>.<br \/>\nMit einem <strong>zul\u00e4ssigen Gesamtgewicht<\/strong> von 500\/600\/750 kg kann er eine maximale Nutzlast von 570 kg <strong>v\u00f6llig sicher<\/strong> transportieren.<\/p>\n<p>Eine praktische und vielf\u00e4ltige Auswahl an Optionen f\u00fcr dieses Modell:<\/p>\n<ul>\n<li><b>Flache Plane oder hohe Plane<\/b>(zum Schutz vor Sicht und schlechtem Wetter)<\/li>\n<li><b>Leitergestell<\/b>(zum Transport langer Materialien oder Gegenst\u00e4nde: Leitern, Holzbretter, Metallstangen usw.)<\/li>\n<li><strong>Befestigungsrampen, Alurampen oder Laderampe<\/strong> (um das Beladen von Kleinfahrzeugen wie Rasenm\u00e4her, Motorr\u00e4der, Quads etc. zu erleichtern)<\/li>\n<li><strong>Br\u00fcckentr\u00e4ger<\/strong> (zum vereinfachten Be- und Entladen Ihrer Ladung auf R\u00e4dern (Kleinfahrzeuge: Motorr\u00e4der, Quads, Rasenm\u00e4her, Fahrr\u00e4der, Roller \/ K\u00fcchenger\u00e4te auf R\u00e4dern: Profi-Fritteusen, Arbeitsplatten, K\u00fchlschr\u00e4nke \/ Verladen von M\u00f6beln auf Rolltabletts)<\/li>\n<li><b>Mesh-Verl\u00e4ngerungen<\/b>(zur Erh\u00f6hung der nutzbaren K\u00f6rpergr\u00f6\u00dfe)<\/li>\n<li><strong>Reserverad + St\u00fctze<\/strong> (um Gefahren im Stra\u00dfenverkehr vorzubeugen: Eine Reifenpanne am Morgen ohne Reserverad ist ein verlorener Arbeitstag).<\/li>\n<li><strong>Komplettes Netz<\/strong> bzw. <strong>Laubschutznetz<\/strong> (um zu verhindern, dass Ihre Ladung w\u00e4hrend der Fahrt auf der Stra\u00dfe wegfliegt)<\/li>\n<\/ul>\n<p><em><strong>Gep\u00e4ck-Freizeitanh\u00e4nger mit einem zul\u00e4ssigen Gesamtgewicht von mehr als 500 kg erfordern die Erstellung eines Zulassungsdokuments. F\u00fcr Personen mit einem zul\u00e4ssigen Gesamtgewicht von 500 kg gibt es keine Zulassungskarte.<\/strong><\/em><\/p>\n<ul>\n<li>Aluminium rostet nicht<\/li>\n<li>Leichtes Gewicht, aber starker Widerstand<\/li>\n<li>Professionelle Verarbeitung und Qualit\u00e4t<\/li>\n<li>Eine gro\u00dfe Auswahl an Optionen (Gitterverl\u00e4ngerungen, Leitergestell, Aluminiumboden, Planen usw.)<\/li>\n<li>Seitenschienen serienm\u00e4\u00dfig f\u00fcr eine solide und einfache Sicherung Ihrer Ladung.<\/li>\n<\/ul>\n<p>Mit mehr als 30 Jahren Erfahrung in der Branche wissen wir bei <strong>Sagrinex<\/strong>, wie man die Qualit\u00e4t eines Anh\u00e4ngers auf den ersten Blick erkennt. Die <strong>ALU-Gep\u00e4ck<\/strong>-Saris sind aufgrund der Qualit\u00e4t ihrer Verarbeitung und der f\u00fcr das Design dieser High-End-<strong>MACALU<\/strong>-Modelle verwendeten Materialien einfach erstaunlich. Wenn Sie auf der Suche nach einem <strong>starken und langlebigen<\/strong> Material mit dem auf diesem Produktblatt genannten zul\u00e4ssigen Gesamtgewicht sind, z\u00f6gern Sie nicht, dieses Modell ist genau das Richtige f\u00fcr Sie!<\/p>\n","protected":false},"excerpt":{"rendered":"<div class=\"mod_fa_customizablefields_v14_list\">\n<div>Diese zuverl\u00e4ssige und solide Aluminium-Gep\u00e4cktasche der Marke Saris eignet sich f\u00fcr Urlaub, Freizeitaktivit\u00e4ten und kleine Alltagsaufgaben. Maximale Nutzlast von 570 kg!<\/div>\n<div><\/div>\n<div class=\"mod_fa_champspersonnalisables_v14_titre\"><strong>Zul\u00e4ssiges Gesamtgewicht: <\/strong><span class=\"mod_fa_champspersonnalisables_v14_value\">500\/600\/750 kg<\/span><\/div>\n<\/div>\n<div class=\"mod_fa_customizablefields_v14_list\">\n<div class=\"mod_fa_champspersonnalisables_v14_titre\"><strong>Leermasse: <\/strong><span class=\"mod_fa_champspersonnalisables_v14_value\">180 kg<\/span><\/div>\n<\/div>\n<div class=\"mod_fa_customizablefields_v14_list\">\n<div class=\"mod_fa_champspersonnalisables_v14_titre\"><strong>Nutzlast: <\/strong><span class=\"mod_fa_champspersonnalisables_v14_value\">maximal 570 kg<\/span><\/div>\n<\/div>\n<div class=\"mod_fa_customizablefields_v14_list\">\n<div class=\"mod_fa_champspersonnalisables_v14_titre\"><strong>Gesamtabmessungen: <\/strong><span class=\"mod_fa_champspersonnalisables_v14_value\">353 x 179 x H117 cm<\/span><\/div>\n<\/div>\n<div class=\"mod_fa_customizablefields_v14_list\">\n<div class=\"mod_fa_champspersonnalisables_v14_titre\"><strong>Nutzh\u00f6he \/ Boden: <\/strong><span class=\"mod_fa_champspersonnalisables_v14_value\">45 cm<\/span><\/div>\n<\/div>\n<div class=\"mod_fa_customizablefields_v14_list\">\n<div class=\"mod_fa_champspersonnalisables_v14_titre\"><strong>Achswiderstand(e): <\/strong><span class=\"mod_fa_champspersonnalisables_v14_value\">750 kg<\/span><\/div>\n<\/div>\n<div class=\"mod_fa_customizablefields_v14_list\">\n<div class=\"mod_fa_champspersonnalisables_v14_title\"><strong>Pfeil: <\/strong><span class=\"mod_fa_champspersonnalisables_v14_value\">Feuerverzinkt in V<\/span><\/div>\n<\/div>\n<div class=\"mod_fa_customizablefields_v14_list\">\n<div class=\"mod_fa_champspersonnalisables_v14_titre\"><strong>Rahmentyp: <\/strong><span class=\"mod_fa_champspersonnalisables_v14_value\">Feuerverzinkt<\/span><\/div>\n<\/div>\n<div class=\"mod_fa_customizablefields_v14_list\">\n<div class=\"mod_fa_champspersonnalisables_v14_titre\"><strong>R\u00e4der: <\/strong><span class=\"mod_fa_champspersonnalisables_v14_value\">13 Zoll<\/span><\/div>\n<\/div>\n<div class=\"mod_fa_customizablefields_v14_list\">\n<div class=\"mod_fa_champspersonnalisables_v14_titre\"><strong>Ausstattung: <\/strong><span class=\"mod_fa_champspersonnalisables_v14_valeur\">Feuerverzinkter V-f\u00f6rmiger Ausleger \/ doppelwandiger Aluminiumk\u00f6rper \/ rutschfester CP-Boden \/ integrierte Zurrhaken \/ festes Seitengel\u00e4nder \/ verl\u00e4ngerte Deichsel und zus\u00e4tzlicher Holm<\/span><\/div>\n<\/div>\n","protected":false},"featured_media":15970,"comment_status":"open","ping_status":"closed","template":"","meta":[],"product_brand":[],"product_cat":[353,352],"product_tag":[],"class_list":{"0":"post-14373","1":"product","2":"type-product","3":"status-publish","4":"has-post-thumbnail","6":"product_cat-gepaeckanhaenger","7":"product_cat-unsere-trailer","9":"first","10":"instock","11":"shipping-taxable","12":"purchasable","13":"product-type-simple"},"yoast_head":"<!-- This site is optimized with the Yoast SEO plugin v27.4 - https:\/\/yoast.com\/product\/yoast-seo-wordpress\/ -->\n<title>ALUMINIUM-GEP\u00c4CKANH\u00c4NGER - MCALU PRO - 1 ACHSE - GVW: 750 KG - 1 ACHSE - 255 X 133 CM<\/title>\n<meta name=\"description\" content=\"Diese zuverl\u00e4ssige und solide Aluminium-Gep\u00e4cktasche von Saris eignet sich f\u00fcr Urlaub, Freizeitaktivit\u00e4ten und kleine Alltagsaufgaben. Maximale Nutzlast von 570 kg!\" \/>\n<meta name=\"robots\" content=\"index, follow, max-snippet:-1, max-image-preview:large, max-video-preview:-1\" \/>\n<link rel=\"canonical\" href=\"https:\/\/sagrinex.com\/produit\/remorque-bagagere-en-aluminium-mcalu-pro-1-essieu-ptac-750-kg-1-essieu-255-x-133-cm\/\" \/>\n<meta property=\"og:locale\" content=\"de_DE\" \/>\n<meta property=\"og:type\" content=\"article\" \/>\n<meta property=\"og:title\" content=\"ALUMINIUM-GEP\u00c4CKANH\u00c4NGER - MCALU PRO - 1 ACHSE - GVW: 750 KG - 1 ACHSE - 255 X 133 CM\" \/>\n<meta property=\"og:description\" content=\"Diese zuverl\u00e4ssige und solide Aluminium-Gep\u00e4cktasche von Saris eignet sich f\u00fcr Urlaub, Freizeitaktivit\u00e4ten und kleine Alltagsaufgaben. Maximale Nutzlast von 570 kg!\" \/>\n<meta property=\"og:url\" content=\"https:\/\/sagrinex.com\/produit\/remorque-bagagere-en-aluminium-mcalu-pro-1-essieu-ptac-750-kg-1-essieu-255-x-133-cm\/\" \/>\n<meta property=\"og:site_name\" content=\"Sagrinex \u2013 Anhaenger, Container &amp; Landtechnik \ud83c\udf3e\ud83d\ude9c\" \/>\n<meta property=\"article:modified_time\" content=\"2026-04-15T21:12:20+00:00\" \/>\n<meta property=\"og:image\" content=\"https:\/\/sagrinex.com\/wp-content\/uploads\/2026\/03\/Image-297-1.jpeg\" \/>\n\t<meta property=\"og:image:width\" content=\"1200\" \/>\n\t<meta property=\"og:image:height\" content=\"1200\" \/>\n\t<meta property=\"og:image:type\" content=\"image\/jpeg\" \/>\n<meta name=\"twitter:card\" content=\"summary_large_image\" \/>\n<meta name=\"twitter:label1\" content=\"Gesch\u00e4tzte Lesezeit\" \/>\n\t<meta name=\"twitter:data1\" content=\"2\u00a0Minuten\" \/>\n<script type=\"application\/ld+json\" class=\"yoast-schema-graph\">{\"@context\":\"https:\\\/\\\/schema.org\",\"@graph\":[{\"@type\":\"WebPage\",\"@id\":\"https:\\\/\\\/sagrinex.com\\\/produit\\\/remorque-bagagere-en-aluminium-mcalu-pro-1-essieu-ptac-750-kg-1-essieu-255-x-133-cm\\\/\",\"url\":\"https:\\\/\\\/sagrinex.com\\\/produit\\\/remorque-bagagere-en-aluminium-mcalu-pro-1-essieu-ptac-750-kg-1-essieu-255-x-133-cm\\\/\",\"name\":\"ALUMINIUM-GEP\u00c4CKANH\u00c4NGER - MCALU PRO - 1 ACHSE - GVW: 750 KG - 1 ACHSE - 255 X 133 CM\",\"isPartOf\":{\"@id\":\"https:\\\/\\\/sagrinex.com\\\/#website\"},\"primaryImageOfPage\":{\"@id\":\"https:\\\/\\\/sagrinex.com\\\/produit\\\/remorque-bagagere-en-aluminium-mcalu-pro-1-essieu-ptac-750-kg-1-essieu-255-x-133-cm\\\/#primaryimage\"},\"image\":{\"@id\":\"https:\\\/\\\/sagrinex.com\\\/produit\\\/remorque-bagagere-en-aluminium-mcalu-pro-1-essieu-ptac-750-kg-1-essieu-255-x-133-cm\\\/#primaryimage\"},\"thumbnailUrl\":\"https:\\\/\\\/sagrinex.com\\\/wp-content\\\/uploads\\\/2026\\\/03\\\/Image-297-1.jpeg\",\"datePublished\":\"2026-03-14T20:56:41+00:00\",\"dateModified\":\"2026-04-15T21:12:20+00:00\",\"description\":\"Diese zuverl\u00e4ssige und solide Aluminium-Gep\u00e4cktasche von Saris eignet sich f\u00fcr Urlaub, Freizeitaktivit\u00e4ten und kleine Alltagsaufgaben. Maximale Nutzlast von 570 kg!\",\"breadcrumb\":{\"@id\":\"https:\\\/\\\/sagrinex.com\\\/produit\\\/remorque-bagagere-en-aluminium-mcalu-pro-1-essieu-ptac-750-kg-1-essieu-255-x-133-cm\\\/#breadcrumb\"},\"inLanguage\":\"de\",\"potentialAction\":[{\"@type\":\"ReadAction\",\"target\":[\"https:\\\/\\\/sagrinex.com\\\/produit\\\/remorque-bagagere-en-aluminium-mcalu-pro-1-essieu-ptac-750-kg-1-essieu-255-x-133-cm\\\/\"]}]},{\"@type\":\"ImageObject\",\"inLanguage\":\"de\",\"@id\":\"https:\\\/\\\/sagrinex.com\\\/produit\\\/remorque-bagagere-en-aluminium-mcalu-pro-1-essieu-ptac-750-kg-1-essieu-255-x-133-cm\\\/#primaryimage\",\"url\":\"https:\\\/\\\/sagrinex.com\\\/wp-content\\\/uploads\\\/2026\\\/03\\\/Image-297-1.jpeg\",\"contentUrl\":\"https:\\\/\\\/sagrinex.com\\\/wp-content\\\/uploads\\\/2026\\\/03\\\/Image-297-1.jpeg\",\"width\":1200,\"height\":1200},{\"@type\":\"BreadcrumbList\",\"@id\":\"https:\\\/\\\/sagrinex.com\\\/produit\\\/remorque-bagagere-en-aluminium-mcalu-pro-1-essieu-ptac-750-kg-1-essieu-255-x-133-cm\\\/#breadcrumb\",\"itemListElement\":[{\"@type\":\"ListItem\",\"position\":1,\"name\":\"Accueil\",\"item\":\"https:\\\/\\\/sagrinex.com\\\/?lang=de\"},{\"@type\":\"ListItem\",\"position\":2,\"name\":\"Shop\",\"item\":\"https:\\\/\\\/sagrinex.com\\\/shop\\\/\"},{\"@type\":\"ListItem\",\"position\":3,\"name\":\"Aluminium-gep\u00c4ckanh\u00c4nger &#8211; Mcalu Pro &#8211; 1 Achse &#8211; Gvw: 750 Kg &#8211; 1 Achse &#8211; 255 X 133 Cm\"}]},{\"@type\":\"WebSite\",\"@id\":\"https:\\\/\\\/sagrinex.com\\\/#website\",\"url\":\"https:\\\/\\\/sagrinex.com\\\/\",\"name\":\"Sagrinex \u2013 Spezialist f\u00fcr Anh\u00e4nger, Container & Landtechnik\",\"description\":\"Anhaenger, Container &amp; Landtechnik \u2014 Online-Verkauf &amp; kostenloses Angebot\",\"publisher\":{\"@id\":\"https:\\\/\\\/sagrinex.com\\\/#organization\"},\"potentialAction\":[{\"@type\":\"SearchAction\",\"target\":{\"@type\":\"EntryPoint\",\"urlTemplate\":\"https:\\\/\\\/sagrinex.com\\\/?s={search_term_string}\"},\"query-input\":{\"@type\":\"PropertyValueSpecification\",\"valueRequired\":true,\"valueName\":\"search_term_string\"}}],\"inLanguage\":\"de\"},{\"@type\":\"Organization\",\"@id\":\"https:\\\/\\\/sagrinex.com\\\/#organization\",\"name\":\"Sagrinex \u2013 Remorques, Conteneurs & Mat\u00e9riel Agricole\",\"url\":\"https:\\\/\\\/sagrinex.com\\\/\",\"logo\":{\"@type\":\"ImageObject\",\"inLanguage\":\"de\",\"@id\":\"https:\\\/\\\/sagrinex.com\\\/#\\\/schema\\\/logo\\\/image\\\/\",\"url\":\"https:\\\/\\\/sagrinex.com\\\/wp-content\\\/uploads\\\/2026\\\/03\\\/7f1ac463-ef5a-425d-bdd6-a5da03a334a9-1024x683.png\",\"contentUrl\":\"https:\\\/\\\/sagrinex.com\\\/wp-content\\\/uploads\\\/2026\\\/03\\\/7f1ac463-ef5a-425d-bdd6-a5da03a334a9-1024x683.png\",\"width\":1024,\"height\":683,\"caption\":\"Sagrinex \u2013 Remorques, Conteneurs & Mat\u00e9riel Agricole\"},\"image\":{\"@id\":\"https:\\\/\\\/sagrinex.com\\\/#\\\/schema\\\/logo\\\/image\\\/\"}}]}<\/script>\n<!-- \/ Yoast SEO plugin. -->","yoast_head_json":{"title":"ALUMINIUM-GEP\u00c4CKANH\u00c4NGER - MCALU PRO - 1 ACHSE - GVW: 750 KG - 1 ACHSE - 255 X 133 CM","description":"Diese zuverl\u00e4ssige und solide Aluminium-Gep\u00e4cktasche von Saris eignet sich f\u00fcr Urlaub, Freizeitaktivit\u00e4ten und kleine Alltagsaufgaben. Maximale Nutzlast von 570 kg!","robots":{"index":"index","follow":"follow","max-snippet":"max-snippet:-1","max-image-preview":"max-image-preview:large","max-video-preview":"max-video-preview:-1"},"canonical":"https:\/\/sagrinex.com\/produit\/remorque-bagagere-en-aluminium-mcalu-pro-1-essieu-ptac-750-kg-1-essieu-255-x-133-cm\/","og_locale":"de_DE","og_type":"article","og_title":"ALUMINIUM-GEP\u00c4CKANH\u00c4NGER - MCALU PRO - 1 ACHSE - GVW: 750 KG - 1 ACHSE - 255 X 133 CM","og_description":"Diese zuverl\u00e4ssige und solide Aluminium-Gep\u00e4cktasche von Saris eignet sich f\u00fcr Urlaub, Freizeitaktivit\u00e4ten und kleine Alltagsaufgaben. Maximale Nutzlast von 570 kg!","og_url":"https:\/\/sagrinex.com\/produit\/remorque-bagagere-en-aluminium-mcalu-pro-1-essieu-ptac-750-kg-1-essieu-255-x-133-cm\/","og_site_name":"Sagrinex \u2013 Anhaenger, Container &amp; Landtechnik \ud83c\udf3e\ud83d\ude9c","article_modified_time":"2026-04-15T21:12:20+00:00","og_image":[{"width":1200,"height":1200,"url":"https:\/\/sagrinex.com\/wp-content\/uploads\/2026\/03\/Image-297-1.jpeg","type":"image\/jpeg"}],"twitter_card":"summary_large_image","twitter_misc":{"Gesch\u00e4tzte Lesezeit":"2\u00a0Minuten"},"schema":{"@context":"https:\/\/schema.org","@graph":[{"@type":"WebPage","@id":"https:\/\/sagrinex.com\/produit\/remorque-bagagere-en-aluminium-mcalu-pro-1-essieu-ptac-750-kg-1-essieu-255-x-133-cm\/","url":"https:\/\/sagrinex.com\/produit\/remorque-bagagere-en-aluminium-mcalu-pro-1-essieu-ptac-750-kg-1-essieu-255-x-133-cm\/","name":"ALUMINIUM-GEP\u00c4CKANH\u00c4NGER - MCALU PRO - 1 ACHSE - GVW: 750 KG - 1 ACHSE - 255 X 133 CM","isPartOf":{"@id":"https:\/\/sagrinex.com\/#website"},"primaryImageOfPage":{"@id":"https:\/\/sagrinex.com\/produit\/remorque-bagagere-en-aluminium-mcalu-pro-1-essieu-ptac-750-kg-1-essieu-255-x-133-cm\/#primaryimage"},"image":{"@id":"https:\/\/sagrinex.com\/produit\/remorque-bagagere-en-aluminium-mcalu-pro-1-essieu-ptac-750-kg-1-essieu-255-x-133-cm\/#primaryimage"},"thumbnailUrl":"https:\/\/sagrinex.com\/wp-content\/uploads\/2026\/03\/Image-297-1.jpeg","datePublished":"2026-03-14T20:56:41+00:00","dateModified":"2026-04-15T21:12:20+00:00","description":"Diese zuverl\u00e4ssige und solide Aluminium-Gep\u00e4cktasche von Saris eignet sich f\u00fcr Urlaub, Freizeitaktivit\u00e4ten und kleine Alltagsaufgaben. Maximale Nutzlast von 570 kg!","breadcrumb":{"@id":"https:\/\/sagrinex.com\/produit\/remorque-bagagere-en-aluminium-mcalu-pro-1-essieu-ptac-750-kg-1-essieu-255-x-133-cm\/#breadcrumb"},"inLanguage":"de","potentialAction":[{"@type":"ReadAction","target":["https:\/\/sagrinex.com\/produit\/remorque-bagagere-en-aluminium-mcalu-pro-1-essieu-ptac-750-kg-1-essieu-255-x-133-cm\/"]}]},{"@type":"ImageObject","inLanguage":"de","@id":"https:\/\/sagrinex.com\/produit\/remorque-bagagere-en-aluminium-mcalu-pro-1-essieu-ptac-750-kg-1-essieu-255-x-133-cm\/#primaryimage","url":"https:\/\/sagrinex.com\/wp-content\/uploads\/2026\/03\/Image-297-1.jpeg","contentUrl":"https:\/\/sagrinex.com\/wp-content\/uploads\/2026\/03\/Image-297-1.jpeg","width":1200,"height":1200},{"@type":"BreadcrumbList","@id":"https:\/\/sagrinex.com\/produit\/remorque-bagagere-en-aluminium-mcalu-pro-1-essieu-ptac-750-kg-1-essieu-255-x-133-cm\/#breadcrumb","itemListElement":[{"@type":"ListItem","position":1,"name":"Accueil","item":"https:\/\/sagrinex.com\/?lang=de"},{"@type":"ListItem","position":2,"name":"Shop","item":"https:\/\/sagrinex.com\/shop\/"},{"@type":"ListItem","position":3,"name":"Aluminium-gep\u00c4ckanh\u00c4nger &#8211; Mcalu Pro &#8211; 1 Achse &#8211; Gvw: 750 Kg &#8211; 1 Achse &#8211; 255 X 133 Cm"}]},{"@type":"WebSite","@id":"https:\/\/sagrinex.com\/#website","url":"https:\/\/sagrinex.com\/","name":"Sagrinex \u2013 Spezialist f\u00fcr Anh\u00e4nger, Container & Landtechnik","description":"Anhaenger, Container &amp; Landtechnik \u2014 Online-Verkauf &amp; kostenloses Angebot","publisher":{"@id":"https:\/\/sagrinex.com\/#organization"},"potentialAction":[{"@type":"SearchAction","target":{"@type":"EntryPoint","urlTemplate":"https:\/\/sagrinex.com\/?s={search_term_string}"},"query-input":{"@type":"PropertyValueSpecification","valueRequired":true,"valueName":"search_term_string"}}],"inLanguage":"de"},{"@type":"Organization","@id":"https:\/\/sagrinex.com\/#organization","name":"Sagrinex \u2013 Remorques, Conteneurs & Mat\u00e9riel Agricole","url":"https:\/\/sagrinex.com\/","logo":{"@type":"ImageObject","inLanguage":"de","@id":"https:\/\/sagrinex.com\/#\/schema\/logo\/image\/","url":"https:\/\/sagrinex.com\/wp-content\/uploads\/2026\/03\/7f1ac463-ef5a-425d-bdd6-a5da03a334a9-1024x683.png","contentUrl":"https:\/\/sagrinex.com\/wp-content\/uploads\/2026\/03\/7f1ac463-ef5a-425d-bdd6-a5da03a334a9-1024x683.png","width":1024,"height":683,"caption":"Sagrinex \u2013 Remorques, Conteneurs & Mat\u00e9riel Agricole"},"image":{"@id":"https:\/\/sagrinex.com\/#\/schema\/logo\/image\/"}}]}},"jetpack_sharing_enabled":true,"_links":{"self":[{"href":"https:\/\/sagrinex.com\/de\/wp-json\/wp\/v2\/product\/14373","targetHints":{"allow":["GET"]}}],"collection":[{"href":"https:\/\/sagrinex.com\/de\/wp-json\/wp\/v2\/product"}],"about":[{"href":"https:\/\/sagrinex.com\/de\/wp-json\/wp\/v2\/types\/product"}],"replies":[{"embeddable":true,"href":"https:\/\/sagrinex.com\/de\/wp-json\/wp\/v2\/comments?post=14373"}],"version-history":[{"count":0,"href":"https:\/\/sagrinex.com\/de\/wp-json\/wp\/v2\/product\/14373\/revisions"}],"wp:featuredmedia":[{"embeddable":true,"href":"https:\/\/sagrinex.com\/de\/wp-json\/wp\/v2\/media\/15970"}],"wp:attachment":[{"href":"https:\/\/sagrinex.com\/de\/wp-json\/wp\/v2\/media?parent=14373"}],"wp:term":[{"taxonomy":"product_brand","embeddable":true,"href":"https:\/\/sagrinex.com\/de\/wp-json\/wp\/v2\/product_brand?post=14373"},{"taxonomy":"product_cat","embeddable":true,"href":"https:\/\/sagrinex.com\/de\/wp-json\/wp\/v2\/product_cat?post=14373"},{"taxonomy":"product_tag","embeddable":true,"href":"https:\/\/sagrinex.com\/de\/wp-json\/wp\/v2\/product_tag?post=14373"}],"curies":[{"name":"wp","href":"https:\/\/api.w.org\/{rel}","templated":true}]}}