{"id":14377,"date":"2026-03-14T16:43:13","date_gmt":"2026-03-14T16:43:13","guid":{"rendered":"https:\/\/sagrinex.com\/produit\/holzgepaeckanhaenger-woody-dv75-1-achse-zulaessiges-gesamtgewicht-750-kg-256-x-134-cm\/"},"modified":"2026-04-15T21:12:20","modified_gmt":"2026-04-15T21:12:20","slug":"holzgepaeckanhaenger-woody-dv75-1-achse-zulaessiges-gesamtgewicht-750-kg-256-x-134-cm","status":"publish","type":"product","link":"https:\/\/sagrinex.com\/de\/produit\/holzgepaeckanhaenger-woody-dv75-1-achse-zulaessiges-gesamtgewicht-750-kg-256-x-134-cm\/","title":{"rendered":"Holzgep\u00c4ckanh\u00c4nger &#8211; Woody DV75 &#8211; 1 Achse &#8211; Zul\u00e4ssiges Gesamtgewicht: 750 Kg &#8211; 256 X 134 Cm"},"content":{"rendered":"<p>Mit seinem <strong>deklassifizierbaren zul\u00e4ssigen Gesamtgewicht<\/strong> von 500\/600\/750 kg eignet sich dieses <strong>widerstandsf\u00e4hige Gep\u00e4ck<\/strong> mit den n\u00fctzlichen Abmessungen {cp:Useful box dimensions:4} ideal f\u00fcr kleine Alltagsarbeiten (<strong>Abfahrten in den Urlaub<\/strong>, <strong>Transport von Werkzeugen<\/strong>, <strong>M\u00e4hern<\/strong>, <strong>Heckenschneiden<\/strong> usw.<\/p>\n<p>Es stehen viele <strong>Optionen<\/strong> zur Verf\u00fcgung, damit sich Ihr Anh\u00e4nger an die verschiedenen Arbeiten anpasst, die Sie ausf\u00fchren m\u00f6chten (<strong>Recyclingcenter<\/strong>, <strong>Verlegung von Gipskartonplatten<\/strong> usw.). Sie finden daher <strong>n\u00fctzliche Optionen<\/strong> wie:<\/p>\n<ul>\n<li><strong>Leitergestell<\/strong> (zum Transport langer Gegenst\u00e4nde: Leitern, Holzbretter, Metallstangen)<\/li>\n<li><strong>Flache Plane und 120 cm hohe Plane + Rahmen<\/strong> (um Ihre Ladung vor schlechtem Wetter zu sch\u00fctzen)<\/li>\n<li><strong>50-cm-Gitterverl\u00e4ngerungen<\/strong> (f\u00fcr den Transport von Gr\u00fcnabf\u00e4llen zum Recyclinghof)<\/li>\n<li><strong>Laubschutznetz oder komplettes 250 x 160 cm gro\u00dfes Netz<\/strong> (um zu verhindern, dass Gr\u00fcnabf\u00e4lle auf die Stra\u00dfe fliegen)<\/li>\n<li><strong>Ersatzrad + St\u00fctze<\/strong>(zur Vermeidung von Gefahren im Stra\u00dfenverkehr)<\/li>\n<li><strong>St\u00fctzrad + Ring<\/strong>(Leerman\u00f6vrierf\u00e4higkeit und vereinfachtes Abh\u00e4ngen des Anh\u00e4ngers)<\/li>\n<li><strong>Satz Heckst\u00e4nder<\/strong>(zur Stabilisierung Ihres Anh\u00e4ngers beim Leerladen)<\/li>\n<li><strong>Rampen<\/strong> (zum einfachen Beladen kleiner motorisierter Fahrzeuge)<\/li>\n<li><strong>Gurtsatz<\/strong>(zur Sicherung Ihrer Ladung w\u00e4hrend der Fahrt)<\/li>\n<\/ul>\n<p>Dieses Modell kann sowohl als Freizeitanh\u00e4nger f\u00fcr Privatpersonen als auch als zuverl\u00e4ssiges Qualit\u00e4tswerkzeug f\u00fcr Profis verwendet werden.<\/p>\n<p><em><strong>F\u00fcr Holzgep\u00e4ck mit einem zul\u00e4ssigen Gesamtgewicht von mehr als 500 kg ist die Erstellung eines Fahrzeugscheins erforderlich. Bei einem zul\u00e4ssigen Gesamtgewicht von 500 kg verf\u00fcgt dieser Anh\u00e4nger hingegen nicht \u00fcber eine Zulassungsbescheinigung.<\/strong><\/em><\/p>\n<ul>\n<li>Holz rostet nicht<\/li>\n<li>Nicht durch St\u00f6\u00dfe verformen<\/li>\n<li>Leichter<\/li>\n<li>G\u00fcnstiger als Aluminiummodelle<\/li>\n<\/ul>\n<p><strong>Woody<\/strong>-Anh\u00e4nger von <strong>Saris<\/strong> werden von vielen Profis in Europa genutzt. Sie geh\u00f6ren zu den <strong>Klassikern<\/strong>, die sich sowohl in puncto <strong>Komfort<\/strong> als auch <strong>Vielseitigkeit<\/strong> bew\u00e4hrt haben.<\/p>\n","protected":false},"excerpt":{"rendered":"<p>Dieser h\u00f6lzerne Gep\u00e4ckanh\u00e4nger der Marke Saris eignet sich f\u00fcr den Urlaub, den Transport von Garten- und Heimwerkerwerkzeugen oder f\u00fcr die t\u00e4gliche Arbeit. (Maximale Nutzlast von 545 kg)<\/p>\n<div class=\"mod_fa_customizablefields_v14_list\">\n<div class=\"mod_fa_champspersonnalisables_v14_title\"><strong>Gesamtgewicht: <\/strong><span class=\"mod_fa_champspersonnalisables_v14_value\">500\/600\/750 kg<\/span><\/div>\n<\/div>\n<div class=\"mod_fa_customizablefields_v14_list\">\n<div class=\"mod_fa_champspersonnalisables_v14_titre\"><strong>Leermasse: <\/strong><span class=\"mod_fa_champspersonnalisables_v14_value\">205 kg<\/span><\/div>\n<\/div>\n<div class=\"mod_fa_customizablefields_v14_list\">\n<div class=\"mod_fa_champspersonnalisables_v14_titre\"><strong>Nutzlast: <\/strong><span class=\"mod_fa_champspersonnalisables_v14_value\">maximal 545 kg<\/span><\/div>\n<\/div>\n<div class=\"mod_fa_customizablefields_v14_list\">\n<div class=\"mod_fa_champspersonnalisables_v14_titre\"><strong>Gesamtabmessungen: <\/strong><span class=\"mod_fa_champspersonnalisables_v14_value\">353 x 179 x H122 cm<\/span><\/div>\n<\/div>\n<div class=\"mod_fa_customizablefields_v14_list\">\n<div class=\"mod_fa_champspersonnalisables_v14_titre\"><strong>Nutzh\u00f6he \/ Boden: <\/strong><span class=\"mod_fa_champspersonnalisables_v14_value\">50 cm<\/span><\/div>\n<\/div>\n<div class=\"mod_fa_customizablefields_v14_list\">\n<div class=\"mod_fa_champspersonnalisables_v14_title\"><strong>Boden: <\/strong><span class=\"mod_fa_champspersonnalisables_v14_value\">Anti-Rutsch-CP<\/span><\/div>\n<\/div>\n<div class=\"mod_fa_customizablefields_v14_list\">\n<div class=\"mod_fa_champspersonnalisables_v14_title\"><strong>Pfeil: <\/strong><span class=\"mod_fa_champspersonnalisables_v14_value\">Feuerverzinkt in V<\/span><\/div>\n<\/div>\n<div class=\"mod_fa_customizablefields_v14_list\">\n<div class=\"mod_fa_champspersonnalisables_v14_titre\"><strong>Kopf gebremst: <\/strong><span class=\"mod_fa_champspersonnalisables_v14_value\">Nein<\/span><\/div>\n<\/div>\n<div class=\"mod_fa_customizablefields_v14_list\">\n<div class=\"mod_fa_champspersonnalisables_v14_titre\"><strong>Rahmentyp: <\/strong><span class=\"mod_fa_champspersonnalisables_v14_value\">Feuerverzinkt<\/span><\/div>\n<\/div>\n<div class=\"mod_fa_customizablefields_v14_list\">\n<div class=\"mod_fa_champspersonnalisables_v14_titre\"><strong>R\u00e4der: <\/strong><span class=\"mod_fa_champspersonnalisables_v14_value\">13 Zoll<\/span><\/div>\n<\/div>\n<div class=\"mod_fa_customizablefields_v14_list\">\n<div class=\"mod_fa_champspersonnalisables_v14_titre\"><strong>Ausstattung: <\/strong><span class=\"mod_fa_champspersonnalisables_v14_valeur\">Kotfl\u00fcgel aus schwarzem Kunststoff \/ St\u00fctzrad 48 \/ Verzurr\u00f6sen \/ Verst\u00e4rkter 15-mm-Holzk\u00f6rper \/ Seitengel\u00e4nder serienm\u00e4\u00dfig befestigt.<\/span><\/div>\n<\/div>\n","protected":false},"featured_media":15880,"comment_status":"open","ping_status":"closed","template":"","meta":[],"product_brand":[],"product_cat":[353,352],"product_tag":[],"class_list":{"0":"post-14377","1":"product","2":"type-product","3":"status-publish","4":"has-post-thumbnail","6":"product_cat-gepaeckanhaenger","7":"product_cat-unsere-trailer","9":"first","10":"instock","11":"shipping-taxable","12":"purchasable","13":"product-type-simple"},"yoast_head":"<!-- This site is optimized with the Yoast SEO plugin v27.4 - https:\/\/yoast.com\/product\/yoast-seo-wordpress\/ -->\n<title>HOLZGEP\u00c4CKANH\u00c4NGER - WOODY DV75 - 1 ACHSE - zul\u00e4ssiges Gesamtgewicht: 750 kg - 256 x 134 cm<\/title>\n<meta name=\"description\" content=\"Dieser h\u00f6lzerne Gep\u00e4ckanh\u00e4nger der Marke Saris eignet sich f\u00fcr den Urlaub, den Transport von Garten- und Heimwerkerwerkzeugen oder f\u00fcr die t\u00e4gliche Arbeit. (Maximale Nutzlast von 545 kg)\" \/>\n<meta name=\"robots\" content=\"index, follow, max-snippet:-1, max-image-preview:large, max-video-preview:-1\" \/>\n<link rel=\"canonical\" href=\"https:\/\/sagrinex.com\/produit\/remorque-bagagere-en-bois-woody-dv75-1-essieu-ptac-750-kg-256-x-134-cm\/\" \/>\n<meta property=\"og:locale\" content=\"de_DE\" \/>\n<meta property=\"og:type\" content=\"article\" \/>\n<meta property=\"og:title\" content=\"HOLZGEP\u00c4CKANH\u00c4NGER - WOODY DV75 - 1 ACHSE - zul\u00e4ssiges Gesamtgewicht: 750 kg - 256 x 134 cm\" \/>\n<meta property=\"og:description\" content=\"Dieser h\u00f6lzerne Gep\u00e4ckanh\u00e4nger der Marke Saris eignet sich f\u00fcr den Urlaub, den Transport von Garten- und Heimwerkerwerkzeugen oder f\u00fcr die t\u00e4gliche Arbeit. (Maximale Nutzlast von 545 kg)\" \/>\n<meta property=\"og:url\" content=\"https:\/\/sagrinex.com\/produit\/remorque-bagagere-en-bois-woody-dv75-1-essieu-ptac-750-kg-256-x-134-cm\/\" \/>\n<meta property=\"og:site_name\" content=\"Sagrinex \u2013 Anhaenger, Container &amp; Landtechnik \ud83c\udf3e\ud83d\ude9c\" \/>\n<meta property=\"article:modified_time\" content=\"2026-04-15T21:12:20+00:00\" \/>\n<meta property=\"og:image\" content=\"https:\/\/sagrinex.com\/wp-content\/uploads\/2026\/03\/Image-169-1.jpeg\" \/>\n\t<meta property=\"og:image:width\" content=\"1000\" \/>\n\t<meta property=\"og:image:height\" content=\"653\" \/>\n\t<meta property=\"og:image:type\" content=\"image\/jpeg\" \/>\n<meta name=\"twitter:card\" content=\"summary_large_image\" \/>\n<meta name=\"twitter:label1\" content=\"Gesch\u00e4tzte Lesezeit\" \/>\n\t<meta name=\"twitter:data1\" content=\"1\u00a0Minute\" \/>\n<script type=\"application\/ld+json\" class=\"yoast-schema-graph\">{\"@context\":\"https:\\\/\\\/schema.org\",\"@graph\":[{\"@type\":\"WebPage\",\"@id\":\"https:\\\/\\\/sagrinex.com\\\/produit\\\/remorque-bagagere-en-bois-woody-dv75-1-essieu-ptac-750-kg-256-x-134-cm\\\/\",\"url\":\"https:\\\/\\\/sagrinex.com\\\/produit\\\/remorque-bagagere-en-bois-woody-dv75-1-essieu-ptac-750-kg-256-x-134-cm\\\/\",\"name\":\"HOLZGEP\u00c4CKANH\u00c4NGER - WOODY DV75 - 1 ACHSE - zul\u00e4ssiges Gesamtgewicht: 750 kg - 256 x 134 cm\",\"isPartOf\":{\"@id\":\"https:\\\/\\\/sagrinex.com\\\/#website\"},\"primaryImageOfPage\":{\"@id\":\"https:\\\/\\\/sagrinex.com\\\/produit\\\/remorque-bagagere-en-bois-woody-dv75-1-essieu-ptac-750-kg-256-x-134-cm\\\/#primaryimage\"},\"image\":{\"@id\":\"https:\\\/\\\/sagrinex.com\\\/produit\\\/remorque-bagagere-en-bois-woody-dv75-1-essieu-ptac-750-kg-256-x-134-cm\\\/#primaryimage\"},\"thumbnailUrl\":\"https:\\\/\\\/sagrinex.com\\\/wp-content\\\/uploads\\\/2026\\\/03\\\/Image-169-1.jpeg\",\"datePublished\":\"2026-03-14T16:43:13+00:00\",\"dateModified\":\"2026-04-15T21:12:20+00:00\",\"description\":\"Dieser h\u00f6lzerne Gep\u00e4ckanh\u00e4nger der Marke Saris eignet sich f\u00fcr den Urlaub, den Transport von Garten- und Heimwerkerwerkzeugen oder f\u00fcr die t\u00e4gliche Arbeit. (Maximale Nutzlast von 545 kg)\",\"breadcrumb\":{\"@id\":\"https:\\\/\\\/sagrinex.com\\\/produit\\\/remorque-bagagere-en-bois-woody-dv75-1-essieu-ptac-750-kg-256-x-134-cm\\\/#breadcrumb\"},\"inLanguage\":\"de\",\"potentialAction\":[{\"@type\":\"ReadAction\",\"target\":[\"https:\\\/\\\/sagrinex.com\\\/produit\\\/remorque-bagagere-en-bois-woody-dv75-1-essieu-ptac-750-kg-256-x-134-cm\\\/\"]}]},{\"@type\":\"ImageObject\",\"inLanguage\":\"de\",\"@id\":\"https:\\\/\\\/sagrinex.com\\\/produit\\\/remorque-bagagere-en-bois-woody-dv75-1-essieu-ptac-750-kg-256-x-134-cm\\\/#primaryimage\",\"url\":\"https:\\\/\\\/sagrinex.com\\\/wp-content\\\/uploads\\\/2026\\\/03\\\/Image-169-1.jpeg\",\"contentUrl\":\"https:\\\/\\\/sagrinex.com\\\/wp-content\\\/uploads\\\/2026\\\/03\\\/Image-169-1.jpeg\",\"width\":1000,\"height\":653},{\"@type\":\"BreadcrumbList\",\"@id\":\"https:\\\/\\\/sagrinex.com\\\/produit\\\/remorque-bagagere-en-bois-woody-dv75-1-essieu-ptac-750-kg-256-x-134-cm\\\/#breadcrumb\",\"itemListElement\":[{\"@type\":\"ListItem\",\"position\":1,\"name\":\"Accueil\",\"item\":\"https:\\\/\\\/sagrinex.com\\\/?lang=de\"},{\"@type\":\"ListItem\",\"position\":2,\"name\":\"Shop\",\"item\":\"https:\\\/\\\/sagrinex.com\\\/shop\\\/\"},{\"@type\":\"ListItem\",\"position\":3,\"name\":\"Holzgep\u00c4ckanh\u00c4nger &#8211; Woody DV75 &#8211; 1 Achse &#8211; Zul\u00e4ssiges Gesamtgewicht: 750 Kg &#8211; 256 X 134 Cm\"}]},{\"@type\":\"WebSite\",\"@id\":\"https:\\\/\\\/sagrinex.com\\\/#website\",\"url\":\"https:\\\/\\\/sagrinex.com\\\/\",\"name\":\"Sagrinex \u2013 Spezialist f\u00fcr Anh\u00e4nger, Container & Landtechnik\",\"description\":\"Anhaenger, Container &amp; Landtechnik \u2014 Online-Verkauf &amp; kostenloses Angebot\",\"publisher\":{\"@id\":\"https:\\\/\\\/sagrinex.com\\\/#organization\"},\"potentialAction\":[{\"@type\":\"SearchAction\",\"target\":{\"@type\":\"EntryPoint\",\"urlTemplate\":\"https:\\\/\\\/sagrinex.com\\\/?s={search_term_string}\"},\"query-input\":{\"@type\":\"PropertyValueSpecification\",\"valueRequired\":true,\"valueName\":\"search_term_string\"}}],\"inLanguage\":\"de\"},{\"@type\":\"Organization\",\"@id\":\"https:\\\/\\\/sagrinex.com\\\/#organization\",\"name\":\"Sagrinex \u2013 Remorques, Conteneurs & Mat\u00e9riel Agricole\",\"url\":\"https:\\\/\\\/sagrinex.com\\\/\",\"logo\":{\"@type\":\"ImageObject\",\"inLanguage\":\"de\",\"@id\":\"https:\\\/\\\/sagrinex.com\\\/#\\\/schema\\\/logo\\\/image\\\/\",\"url\":\"https:\\\/\\\/sagrinex.com\\\/wp-content\\\/uploads\\\/2026\\\/03\\\/7f1ac463-ef5a-425d-bdd6-a5da03a334a9-1024x683.png\",\"contentUrl\":\"https:\\\/\\\/sagrinex.com\\\/wp-content\\\/uploads\\\/2026\\\/03\\\/7f1ac463-ef5a-425d-bdd6-a5da03a334a9-1024x683.png\",\"width\":1024,\"height\":683,\"caption\":\"Sagrinex \u2013 Remorques, Conteneurs & Mat\u00e9riel Agricole\"},\"image\":{\"@id\":\"https:\\\/\\\/sagrinex.com\\\/#\\\/schema\\\/logo\\\/image\\\/\"}}]}<\/script>\n<!-- \/ Yoast SEO plugin. -->","yoast_head_json":{"title":"HOLZGEP\u00c4CKANH\u00c4NGER - WOODY DV75 - 1 ACHSE - zul\u00e4ssiges Gesamtgewicht: 750 kg - 256 x 134 cm","description":"Dieser h\u00f6lzerne Gep\u00e4ckanh\u00e4nger der Marke Saris eignet sich f\u00fcr den Urlaub, den Transport von Garten- und Heimwerkerwerkzeugen oder f\u00fcr die t\u00e4gliche Arbeit. (Maximale Nutzlast von 545 kg)","robots":{"index":"index","follow":"follow","max-snippet":"max-snippet:-1","max-image-preview":"max-image-preview:large","max-video-preview":"max-video-preview:-1"},"canonical":"https:\/\/sagrinex.com\/produit\/remorque-bagagere-en-bois-woody-dv75-1-essieu-ptac-750-kg-256-x-134-cm\/","og_locale":"de_DE","og_type":"article","og_title":"HOLZGEP\u00c4CKANH\u00c4NGER - WOODY DV75 - 1 ACHSE - zul\u00e4ssiges Gesamtgewicht: 750 kg - 256 x 134 cm","og_description":"Dieser h\u00f6lzerne Gep\u00e4ckanh\u00e4nger der Marke Saris eignet sich f\u00fcr den Urlaub, den Transport von Garten- und Heimwerkerwerkzeugen oder f\u00fcr die t\u00e4gliche Arbeit. (Maximale Nutzlast von 545 kg)","og_url":"https:\/\/sagrinex.com\/produit\/remorque-bagagere-en-bois-woody-dv75-1-essieu-ptac-750-kg-256-x-134-cm\/","og_site_name":"Sagrinex \u2013 Anhaenger, Container &amp; Landtechnik \ud83c\udf3e\ud83d\ude9c","article_modified_time":"2026-04-15T21:12:20+00:00","og_image":[{"width":1000,"height":653,"url":"https:\/\/sagrinex.com\/wp-content\/uploads\/2026\/03\/Image-169-1.jpeg","type":"image\/jpeg"}],"twitter_card":"summary_large_image","twitter_misc":{"Gesch\u00e4tzte Lesezeit":"1\u00a0Minute"},"schema":{"@context":"https:\/\/schema.org","@graph":[{"@type":"WebPage","@id":"https:\/\/sagrinex.com\/produit\/remorque-bagagere-en-bois-woody-dv75-1-essieu-ptac-750-kg-256-x-134-cm\/","url":"https:\/\/sagrinex.com\/produit\/remorque-bagagere-en-bois-woody-dv75-1-essieu-ptac-750-kg-256-x-134-cm\/","name":"HOLZGEP\u00c4CKANH\u00c4NGER - WOODY DV75 - 1 ACHSE - zul\u00e4ssiges Gesamtgewicht: 750 kg - 256 x 134 cm","isPartOf":{"@id":"https:\/\/sagrinex.com\/#website"},"primaryImageOfPage":{"@id":"https:\/\/sagrinex.com\/produit\/remorque-bagagere-en-bois-woody-dv75-1-essieu-ptac-750-kg-256-x-134-cm\/#primaryimage"},"image":{"@id":"https:\/\/sagrinex.com\/produit\/remorque-bagagere-en-bois-woody-dv75-1-essieu-ptac-750-kg-256-x-134-cm\/#primaryimage"},"thumbnailUrl":"https:\/\/sagrinex.com\/wp-content\/uploads\/2026\/03\/Image-169-1.jpeg","datePublished":"2026-03-14T16:43:13+00:00","dateModified":"2026-04-15T21:12:20+00:00","description":"Dieser h\u00f6lzerne Gep\u00e4ckanh\u00e4nger der Marke Saris eignet sich f\u00fcr den Urlaub, den Transport von Garten- und Heimwerkerwerkzeugen oder f\u00fcr die t\u00e4gliche Arbeit. (Maximale Nutzlast von 545 kg)","breadcrumb":{"@id":"https:\/\/sagrinex.com\/produit\/remorque-bagagere-en-bois-woody-dv75-1-essieu-ptac-750-kg-256-x-134-cm\/#breadcrumb"},"inLanguage":"de","potentialAction":[{"@type":"ReadAction","target":["https:\/\/sagrinex.com\/produit\/remorque-bagagere-en-bois-woody-dv75-1-essieu-ptac-750-kg-256-x-134-cm\/"]}]},{"@type":"ImageObject","inLanguage":"de","@id":"https:\/\/sagrinex.com\/produit\/remorque-bagagere-en-bois-woody-dv75-1-essieu-ptac-750-kg-256-x-134-cm\/#primaryimage","url":"https:\/\/sagrinex.com\/wp-content\/uploads\/2026\/03\/Image-169-1.jpeg","contentUrl":"https:\/\/sagrinex.com\/wp-content\/uploads\/2026\/03\/Image-169-1.jpeg","width":1000,"height":653},{"@type":"BreadcrumbList","@id":"https:\/\/sagrinex.com\/produit\/remorque-bagagere-en-bois-woody-dv75-1-essieu-ptac-750-kg-256-x-134-cm\/#breadcrumb","itemListElement":[{"@type":"ListItem","position":1,"name":"Accueil","item":"https:\/\/sagrinex.com\/?lang=de"},{"@type":"ListItem","position":2,"name":"Shop","item":"https:\/\/sagrinex.com\/shop\/"},{"@type":"ListItem","position":3,"name":"Holzgep\u00c4ckanh\u00c4nger &#8211; Woody DV75 &#8211; 1 Achse &#8211; Zul\u00e4ssiges Gesamtgewicht: 750 Kg &#8211; 256 X 134 Cm"}]},{"@type":"WebSite","@id":"https:\/\/sagrinex.com\/#website","url":"https:\/\/sagrinex.com\/","name":"Sagrinex \u2013 Spezialist f\u00fcr Anh\u00e4nger, Container & Landtechnik","description":"Anhaenger, Container &amp; Landtechnik \u2014 Online-Verkauf &amp; kostenloses Angebot","publisher":{"@id":"https:\/\/sagrinex.com\/#organization"},"potentialAction":[{"@type":"SearchAction","target":{"@type":"EntryPoint","urlTemplate":"https:\/\/sagrinex.com\/?s={search_term_string}"},"query-input":{"@type":"PropertyValueSpecification","valueRequired":true,"valueName":"search_term_string"}}],"inLanguage":"de"},{"@type":"Organization","@id":"https:\/\/sagrinex.com\/#organization","name":"Sagrinex \u2013 Remorques, Conteneurs & Mat\u00e9riel Agricole","url":"https:\/\/sagrinex.com\/","logo":{"@type":"ImageObject","inLanguage":"de","@id":"https:\/\/sagrinex.com\/#\/schema\/logo\/image\/","url":"https:\/\/sagrinex.com\/wp-content\/uploads\/2026\/03\/7f1ac463-ef5a-425d-bdd6-a5da03a334a9-1024x683.png","contentUrl":"https:\/\/sagrinex.com\/wp-content\/uploads\/2026\/03\/7f1ac463-ef5a-425d-bdd6-a5da03a334a9-1024x683.png","width":1024,"height":683,"caption":"Sagrinex \u2013 Remorques, Conteneurs & Mat\u00e9riel Agricole"},"image":{"@id":"https:\/\/sagrinex.com\/#\/schema\/logo\/image\/"}}]}},"jetpack_sharing_enabled":true,"_links":{"self":[{"href":"https:\/\/sagrinex.com\/de\/wp-json\/wp\/v2\/product\/14377","targetHints":{"allow":["GET"]}}],"collection":[{"href":"https:\/\/sagrinex.com\/de\/wp-json\/wp\/v2\/product"}],"about":[{"href":"https:\/\/sagrinex.com\/de\/wp-json\/wp\/v2\/types\/product"}],"replies":[{"embeddable":true,"href":"https:\/\/sagrinex.com\/de\/wp-json\/wp\/v2\/comments?post=14377"}],"version-history":[{"count":0,"href":"https:\/\/sagrinex.com\/de\/wp-json\/wp\/v2\/product\/14377\/revisions"}],"wp:featuredmedia":[{"embeddable":true,"href":"https:\/\/sagrinex.com\/de\/wp-json\/wp\/v2\/media\/15880"}],"wp:attachment":[{"href":"https:\/\/sagrinex.com\/de\/wp-json\/wp\/v2\/media?parent=14377"}],"wp:term":[{"taxonomy":"product_brand","embeddable":true,"href":"https:\/\/sagrinex.com\/de\/wp-json\/wp\/v2\/product_brand?post=14377"},{"taxonomy":"product_cat","embeddable":true,"href":"https:\/\/sagrinex.com\/de\/wp-json\/wp\/v2\/product_cat?post=14377"},{"taxonomy":"product_tag","embeddable":true,"href":"https:\/\/sagrinex.com\/de\/wp-json\/wp\/v2\/product_tag?post=14377"}],"curies":[{"name":"wp","href":"https:\/\/api.w.org\/{rel}","templated":true}]}}