{"id":14397,"date":"2026-03-14T16:56:38","date_gmt":"2026-03-14T16:56:38","guid":{"rendered":"https:\/\/sagrinex.com\/produit\/mehrzweckanhaenger-holz-cw-255-133-1350-1-1-gebremste-achse-zulaessiges-gesamtgewicht-1350-kg-255-x-133-cm\/"},"modified":"2026-04-15T21:12:20","modified_gmt":"2026-04-15T21:12:20","slug":"mehrzweckanhaenger-holz-cw-255-133-1350-1-1-gebremste-achse-zulaessiges-gesamtgewicht-1350-kg-255-x-133-cm","status":"publish","type":"product","link":"https:\/\/sagrinex.com\/de\/produit\/mehrzweckanhaenger-holz-cw-255-133-1350-1-1-gebremste-achse-zulaessiges-gesamtgewicht-1350-kg-255-x-133-cm\/","title":{"rendered":"Mehrzweckanh\u00e4nger \u2013 Holz Cw 255 133 1350 1 \u2013 1 Gebremste Achse \u2013 Zul\u00e4ssiges Gesamtgewicht: 1350 Kg \u2013 255 X 133 Cm"},"content":{"rendered":"<p>Mit einem zul\u00e4ssigen Gesamtgewicht von 750\/1000\/1200\/1300\/1350 kg eignet sich dieser <strong>Mehrzweck-Holzanh\u00e4nger<\/strong> ideal f\u00fcr <strong>Arbeiten<\/strong>, die <strong>eine gr\u00f6\u00dfere Nutzlast<\/strong> als die von Gep\u00e4ckanh\u00e4ngern erfordern (<strong>Renovierungsarbeiten<\/strong>, Transport von <strong>Brennholz<\/strong>, Transport von <strong>schweren G\u00fctern<\/strong> M\u00f6bel<\/strong>\u00a0oder von <strong>kleinen motorisierten Fahrzeugen<\/strong> wie Motorr\u00e4dern, Quads und schweren motorisierten Rasenm\u00e4hern).<\/p>\n<p>Die Zurr\u00f6sen sorgen f\u00fcr die<strong>Sicherheit<\/strong>und die<strong>Stabilit\u00e4t<\/strong> Ihrer Ladung.<br \/>\nMit einem Rahmen aus feuerverzinktem Stahl, der durch Quertr\u00e4ger aus verzinktem Stahl verst\u00e4rkt wird, verformt sich der Boden im Laufe der Zeit nicht und beh\u00e4lt seine urspr\u00fcngliche Robustheit.<\/p>\n<p>F\u00fcr dieses Modell stehen <strong>viele Optionen<\/strong> zur Verf\u00fcgung:<\/p>\n<ul>\n<li><strong>Leitergestell<\/strong> (zum Transport langer Gegenst\u00e4nde: Leitern, Holzbretter, Metallstangen)<\/li>\n<li><strong>Flache Plane und 120 cm hohe Plane + Rahmen<\/strong> (um Ihre Ladung vor schlechtem Wetter zu sch\u00fctzen)<\/li>\n<li><strong>50-cm-Gitterverl\u00e4ngerungen<\/strong> (f\u00fcr den Transport von Gr\u00fcnabf\u00e4llen zum Recyclinghof)<\/li>\n<li><strong>Laubschutznetz oder komplettes 250 x 160 cm gro\u00dfes Netz<\/strong> (um zu verhindern, dass Gr\u00fcnabf\u00e4lle auf die Stra\u00dfe fliegen)<\/li>\n<li><strong>Ersatzrad + St\u00fctze<\/strong>(zur Vermeidung von Gefahren im Stra\u00dfenverkehr)<\/li>\n<li><strong>St\u00fctzrad + Ring<\/strong>(vereinfachtes Leerhandling und Abh\u00e4ngen des Anh\u00e4ngers)<\/li>\n<li><strong>Satz Heckst\u00e4nder<\/strong>(stabilisieren Ihren Anh\u00e4nger bei Leerladung)<\/li>\n<li><strong>Rampen<\/strong> (zum einfachen Beladen kleiner motorisierter Fahrzeuge)<\/li>\n<li><strong>Gurtsatz<\/strong>(zur Sicherung Ihrer Ladung w\u00e4hrend der Fahrt)<\/li>\n<\/ul>\n<p><em><strong>Mehrzweck-Holzanh\u00e4nger mit einem zul\u00e4ssigen Gesamtgewicht von mehr als 500 kg erfordern die Erstellung eines Zulassungsdokuments.<\/strong><\/em><\/p>\n<ul>\n<li>Holz rostet nicht<\/li>\n<li>Nicht durch St\u00f6\u00dfe verformen (Holz, Schutt, Sand)<\/li>\n<li>Leichter als ein Modell aus verst\u00e4rktem Stahl<\/li>\n<li>G\u00fcnstiger als ein ALU-Anh\u00e4nger.<\/li>\n<li>Authentischeres Design als ein Anh\u00e4nger aus Aluminium oder verzinktem Stahl.<\/li>\n<li>Solide Ausr\u00fcstung f\u00fcr Privatpersonen und Profis.<\/li>\n<\/ul>\n<p><strong>Woody<\/strong>-Anh\u00e4nger von <strong>Saris<\/strong> werden von vielen Profis in Europa genutzt. Sie geh\u00f6ren zu den <strong>Klassikern<\/strong>, die sich sowohl in puncto <strong>Komfort<\/strong> als auch <strong>Vielseitigkeit<\/strong> bew\u00e4hrt haben.<\/p>\n","protected":false},"excerpt":{"rendered":"<p>Dieser vielseitige Holzanh\u00e4nger der Marke Saris eignet sich f\u00fcr Heimwerker- und Renovierungsarbeiten sowie den Transport von Brennholz und Gr\u00fcnabf\u00e4llen f\u00fcr Privatpersonen und Profis (maximale Nutzlast 1060 kg).<\/p>\n<div class=\"mod_fa_customizablefields_v14_list\">\n<div class=\"mod_fa_champspersonnalisables_v14_title\"><strong>Gesamtgewicht: <\/strong><span class=\"mod_fa_champspersonnalisables_v14_value\">750\/1000\/1200\/1300\/1350 kg<\/span><\/div>\n<\/div>\n<div class=\"mod_fa_customizablefields_v14_list\">\n<div class=\"mod_fa_champspersonnalisables_v14_titre\"><strong>Leermasse: <\/strong><span class=\"mod_fa_champspersonnalisables_v14_value\">290 kg<\/span><\/div>\n<\/div>\n<div class=\"mod_fa_customizablefields_v14_list\">\n<div class=\"mod_fa_champspersonnalisables_v14_titre\"><strong>Nutzlast: <\/strong><span class=\"mod_fa_champspersonnalisables_v14_value\">maximal 1060 kg<\/span><\/div>\n<\/div>\n<div class=\"mod_fa_customizablefields_v14_list\">\n<div class=\"mod_fa_champspersonnalisables_v14_titre\"><strong>Gesamtabmessungen: <\/strong><span class=\"mod_fa_champspersonnalisables_v14_valeur\">375 x 187 x H97 cm<\/span><\/div>\n<\/div>\n<div class=\"mod_fa_customizablefields_v14_list\">\n<div class=\"mod_fa_champspersonnalisables_v14_titre\"><strong>Nutzh\u00f6he \/ Boden: <\/strong><span class=\"mod_fa_champspersonnalisables_v14_value\">52 cm<\/span><\/div>\n<\/div>\n<div class=\"mod_fa_customizablefields_v14_list\">\n<div class=\"mod_fa_champspersonnalisables_v14_title\"><strong>Boden: <\/strong><span class=\"mod_fa_champspersonnalisables_v14_value\">Anti-Rutsch-CP<\/span><\/div>\n<\/div>\n<div class=\"mod_fa_customizablefields_v14_list\">\n<div class=\"mod_fa_champspersonnalisables_v14_title\"><strong>Pfeil: <\/strong><span class=\"mod_fa_champspersonnalisables_v14_value\">Feuerverzinkt rechts<\/span><\/div>\n<\/div>\n<div class=\"mod_fa_customizablefields_v14_list\">\n<div class=\"mod_fa_champspersonnalisables_v14_titre\"><strong>Gebremster Kopf: <\/strong><span class=\"mod_fa_champspersonnalisables_v14_value\">Ja (f\u00fcr zul\u00e4ssiges Gesamtgewicht \u00fcber 750 kg)<\/span><\/div>\n<\/div>\n<div class=\"mod_fa_customizablefields_v14_list\">\n<div class=\"mod_fa_champspersonnalisables_v14_titre\"><strong>Rahmentyp: <\/strong><span class=\"mod_fa_champspersonnalisables_v14_value\">Feuerverzinkt<\/span><\/div>\n<\/div>\n<div class=\"mod_fa_customizablefields_v14_list\">\n<div class=\"mod_fa_champspersonnalisables_v14_titre\"><strong>R\u00e4der: <\/strong><span class=\"mod_fa_champspersonnalisables_v14_value\">14 Zoll<\/span><\/div>\n<\/div>\n<div class=\"mod_fa_customizablefields_v14_list\">\n<div class=\"mod_fa_champspersonnalisables_v14_titre\"><strong>Ausstattung: <\/strong><span class=\"mod_fa_champspersonnalisables_v14_valeur\">Kotfl\u00fcgel aus schwarzem Kunststoff \/ St\u00fctzrad 48 \/ Verzurr\u00f6sen \/ Verst\u00e4rkte 15-mm-Holzkarosserie \/ Seitengel\u00e4nder serienm\u00e4\u00dfig befestigt<\/span><\/div>\n<\/div>\n","protected":false},"featured_media":15892,"comment_status":"open","ping_status":"closed","template":"","meta":[],"product_brand":[],"product_cat":[353,352],"product_tag":[],"class_list":{"0":"post-14397","1":"product","2":"type-product","3":"status-publish","4":"has-post-thumbnail","6":"product_cat-gepaeckanhaenger","7":"product_cat-unsere-trailer","9":"first","10":"instock","11":"shipping-taxable","12":"purchasable","13":"product-type-simple"},"yoast_head":"<!-- This site is optimized with the Yoast SEO plugin v27.4 - https:\/\/yoast.com\/product\/yoast-seo-wordpress\/ -->\n<title>Mehrzweckanh\u00e4nger \u2013 Holz CW 255 133 1350 1 \u2013 1 gebremste Achse \u2013 zul\u00e4ssiges Gesamtgewicht: 1350 kg \u2013 255 x 133 cm<\/title>\n<meta name=\"description\" content=\"Dieser vielseitige Holzanh\u00e4nger der Marke Saris eignet sich f\u00fcr Heimwerker- und Renovierungsarbeiten sowie den Transport von Brennholz und Gr\u00fcnabf\u00e4llen f\u00fcr Privatpersonen und Profis (maximale Nutzlast 1060 kg).\" \/>\n<meta name=\"robots\" content=\"index, follow, max-snippet:-1, max-image-preview:large, max-video-preview:-1\" \/>\n<link rel=\"canonical\" href=\"https:\/\/sagrinex.com\/produit\/remorque-polyvalente-wood-cw-255-133-1350-1-1-essieu-freine-ptac-1350-kg-255-x-133-cm\/\" \/>\n<meta property=\"og:locale\" content=\"de_DE\" \/>\n<meta property=\"og:type\" content=\"article\" \/>\n<meta property=\"og:title\" content=\"Mehrzweckanh\u00e4nger \u2013 Holz CW 255 133 1350 1 \u2013 1 gebremste Achse \u2013 zul\u00e4ssiges Gesamtgewicht: 1350 kg \u2013 255 x 133 cm\" \/>\n<meta property=\"og:description\" content=\"Dieser vielseitige Holzanh\u00e4nger der Marke Saris eignet sich f\u00fcr Heimwerker- und Renovierungsarbeiten sowie den Transport von Brennholz und Gr\u00fcnabf\u00e4llen f\u00fcr Privatpersonen und Profis (maximale Nutzlast 1060 kg).\" \/>\n<meta property=\"og:url\" content=\"https:\/\/sagrinex.com\/produit\/remorque-polyvalente-wood-cw-255-133-1350-1-1-essieu-freine-ptac-1350-kg-255-x-133-cm\/\" \/>\n<meta property=\"og:site_name\" content=\"Sagrinex \u2013 Anhaenger, Container &amp; Landtechnik \ud83c\udf3e\ud83d\ude9c\" \/>\n<meta property=\"article:modified_time\" content=\"2026-04-15T21:12:20+00:00\" \/>\n<meta property=\"og:image\" content=\"https:\/\/sagrinex.com\/wp-content\/uploads\/2026\/03\/Image-173-1.jpeg\" \/>\n\t<meta property=\"og:image:width\" content=\"1200\" \/>\n\t<meta property=\"og:image:height\" content=\"1200\" \/>\n\t<meta property=\"og:image:type\" content=\"image\/jpeg\" \/>\n<meta name=\"twitter:card\" content=\"summary_large_image\" \/>\n<meta name=\"twitter:label1\" content=\"Gesch\u00e4tzte Lesezeit\" \/>\n\t<meta name=\"twitter:data1\" content=\"1\u00a0Minute\" \/>\n<script type=\"application\/ld+json\" class=\"yoast-schema-graph\">{\"@context\":\"https:\\\/\\\/schema.org\",\"@graph\":[{\"@type\":\"WebPage\",\"@id\":\"https:\\\/\\\/sagrinex.com\\\/produit\\\/remorque-polyvalente-wood-cw-255-133-1350-1-1-essieu-freine-ptac-1350-kg-255-x-133-cm\\\/\",\"url\":\"https:\\\/\\\/sagrinex.com\\\/produit\\\/remorque-polyvalente-wood-cw-255-133-1350-1-1-essieu-freine-ptac-1350-kg-255-x-133-cm\\\/\",\"name\":\"Mehrzweckanh\u00e4nger \u2013 Holz CW 255 133 1350 1 \u2013 1 gebremste Achse \u2013 zul\u00e4ssiges Gesamtgewicht: 1350 kg \u2013 255 x 133 cm\",\"isPartOf\":{\"@id\":\"https:\\\/\\\/sagrinex.com\\\/#website\"},\"primaryImageOfPage\":{\"@id\":\"https:\\\/\\\/sagrinex.com\\\/produit\\\/remorque-polyvalente-wood-cw-255-133-1350-1-1-essieu-freine-ptac-1350-kg-255-x-133-cm\\\/#primaryimage\"},\"image\":{\"@id\":\"https:\\\/\\\/sagrinex.com\\\/produit\\\/remorque-polyvalente-wood-cw-255-133-1350-1-1-essieu-freine-ptac-1350-kg-255-x-133-cm\\\/#primaryimage\"},\"thumbnailUrl\":\"https:\\\/\\\/sagrinex.com\\\/wp-content\\\/uploads\\\/2026\\\/03\\\/Image-173-1.jpeg\",\"datePublished\":\"2026-03-14T16:56:38+00:00\",\"dateModified\":\"2026-04-15T21:12:20+00:00\",\"description\":\"Dieser vielseitige Holzanh\u00e4nger der Marke Saris eignet sich f\u00fcr Heimwerker- und Renovierungsarbeiten sowie den Transport von Brennholz und Gr\u00fcnabf\u00e4llen f\u00fcr Privatpersonen und Profis (maximale Nutzlast 1060 kg).\",\"breadcrumb\":{\"@id\":\"https:\\\/\\\/sagrinex.com\\\/produit\\\/remorque-polyvalente-wood-cw-255-133-1350-1-1-essieu-freine-ptac-1350-kg-255-x-133-cm\\\/#breadcrumb\"},\"inLanguage\":\"de\",\"potentialAction\":[{\"@type\":\"ReadAction\",\"target\":[\"https:\\\/\\\/sagrinex.com\\\/produit\\\/remorque-polyvalente-wood-cw-255-133-1350-1-1-essieu-freine-ptac-1350-kg-255-x-133-cm\\\/\"]}]},{\"@type\":\"ImageObject\",\"inLanguage\":\"de\",\"@id\":\"https:\\\/\\\/sagrinex.com\\\/produit\\\/remorque-polyvalente-wood-cw-255-133-1350-1-1-essieu-freine-ptac-1350-kg-255-x-133-cm\\\/#primaryimage\",\"url\":\"https:\\\/\\\/sagrinex.com\\\/wp-content\\\/uploads\\\/2026\\\/03\\\/Image-173-1.jpeg\",\"contentUrl\":\"https:\\\/\\\/sagrinex.com\\\/wp-content\\\/uploads\\\/2026\\\/03\\\/Image-173-1.jpeg\",\"width\":1200,\"height\":1200},{\"@type\":\"BreadcrumbList\",\"@id\":\"https:\\\/\\\/sagrinex.com\\\/produit\\\/remorque-polyvalente-wood-cw-255-133-1350-1-1-essieu-freine-ptac-1350-kg-255-x-133-cm\\\/#breadcrumb\",\"itemListElement\":[{\"@type\":\"ListItem\",\"position\":1,\"name\":\"Accueil\",\"item\":\"https:\\\/\\\/sagrinex.com\\\/?lang=de\"},{\"@type\":\"ListItem\",\"position\":2,\"name\":\"Shop\",\"item\":\"https:\\\/\\\/sagrinex.com\\\/shop\\\/\"},{\"@type\":\"ListItem\",\"position\":3,\"name\":\"Mehrzweckanh\u00e4nger \u2013 Holz Cw 255 133 1350 1 \u2013 1 Gebremste Achse \u2013 Zul\u00e4ssiges Gesamtgewicht: 1350 Kg \u2013 255 X 133 Cm\"}]},{\"@type\":\"WebSite\",\"@id\":\"https:\\\/\\\/sagrinex.com\\\/#website\",\"url\":\"https:\\\/\\\/sagrinex.com\\\/\",\"name\":\"Sagrinex \u2013 Spezialist f\u00fcr Anh\u00e4nger, Container & Landtechnik\",\"description\":\"Anhaenger, Container &amp; Landtechnik \u2014 Online-Verkauf &amp; kostenloses Angebot\",\"publisher\":{\"@id\":\"https:\\\/\\\/sagrinex.com\\\/#organization\"},\"potentialAction\":[{\"@type\":\"SearchAction\",\"target\":{\"@type\":\"EntryPoint\",\"urlTemplate\":\"https:\\\/\\\/sagrinex.com\\\/?s={search_term_string}\"},\"query-input\":{\"@type\":\"PropertyValueSpecification\",\"valueRequired\":true,\"valueName\":\"search_term_string\"}}],\"inLanguage\":\"de\"},{\"@type\":\"Organization\",\"@id\":\"https:\\\/\\\/sagrinex.com\\\/#organization\",\"name\":\"Sagrinex \u2013 Remorques, Conteneurs & Mat\u00e9riel Agricole\",\"url\":\"https:\\\/\\\/sagrinex.com\\\/\",\"logo\":{\"@type\":\"ImageObject\",\"inLanguage\":\"de\",\"@id\":\"https:\\\/\\\/sagrinex.com\\\/#\\\/schema\\\/logo\\\/image\\\/\",\"url\":\"https:\\\/\\\/sagrinex.com\\\/wp-content\\\/uploads\\\/2026\\\/03\\\/7f1ac463-ef5a-425d-bdd6-a5da03a334a9-1024x683.png\",\"contentUrl\":\"https:\\\/\\\/sagrinex.com\\\/wp-content\\\/uploads\\\/2026\\\/03\\\/7f1ac463-ef5a-425d-bdd6-a5da03a334a9-1024x683.png\",\"width\":1024,\"height\":683,\"caption\":\"Sagrinex \u2013 Remorques, Conteneurs & Mat\u00e9riel Agricole\"},\"image\":{\"@id\":\"https:\\\/\\\/sagrinex.com\\\/#\\\/schema\\\/logo\\\/image\\\/\"}}]}<\/script>\n<!-- \/ Yoast SEO plugin. -->","yoast_head_json":{"title":"Mehrzweckanh\u00e4nger \u2013 Holz CW 255 133 1350 1 \u2013 1 gebremste Achse \u2013 zul\u00e4ssiges Gesamtgewicht: 1350 kg \u2013 255 x 133 cm","description":"Dieser vielseitige Holzanh\u00e4nger der Marke Saris eignet sich f\u00fcr Heimwerker- und Renovierungsarbeiten sowie den Transport von Brennholz und Gr\u00fcnabf\u00e4llen f\u00fcr Privatpersonen und Profis (maximale Nutzlast 1060 kg).","robots":{"index":"index","follow":"follow","max-snippet":"max-snippet:-1","max-image-preview":"max-image-preview:large","max-video-preview":"max-video-preview:-1"},"canonical":"https:\/\/sagrinex.com\/produit\/remorque-polyvalente-wood-cw-255-133-1350-1-1-essieu-freine-ptac-1350-kg-255-x-133-cm\/","og_locale":"de_DE","og_type":"article","og_title":"Mehrzweckanh\u00e4nger \u2013 Holz CW 255 133 1350 1 \u2013 1 gebremste Achse \u2013 zul\u00e4ssiges Gesamtgewicht: 1350 kg \u2013 255 x 133 cm","og_description":"Dieser vielseitige Holzanh\u00e4nger der Marke Saris eignet sich f\u00fcr Heimwerker- und Renovierungsarbeiten sowie den Transport von Brennholz und Gr\u00fcnabf\u00e4llen f\u00fcr Privatpersonen und Profis (maximale Nutzlast 1060 kg).","og_url":"https:\/\/sagrinex.com\/produit\/remorque-polyvalente-wood-cw-255-133-1350-1-1-essieu-freine-ptac-1350-kg-255-x-133-cm\/","og_site_name":"Sagrinex \u2013 Anhaenger, Container &amp; Landtechnik \ud83c\udf3e\ud83d\ude9c","article_modified_time":"2026-04-15T21:12:20+00:00","og_image":[{"width":1200,"height":1200,"url":"https:\/\/sagrinex.com\/wp-content\/uploads\/2026\/03\/Image-173-1.jpeg","type":"image\/jpeg"}],"twitter_card":"summary_large_image","twitter_misc":{"Gesch\u00e4tzte Lesezeit":"1\u00a0Minute"},"schema":{"@context":"https:\/\/schema.org","@graph":[{"@type":"WebPage","@id":"https:\/\/sagrinex.com\/produit\/remorque-polyvalente-wood-cw-255-133-1350-1-1-essieu-freine-ptac-1350-kg-255-x-133-cm\/","url":"https:\/\/sagrinex.com\/produit\/remorque-polyvalente-wood-cw-255-133-1350-1-1-essieu-freine-ptac-1350-kg-255-x-133-cm\/","name":"Mehrzweckanh\u00e4nger \u2013 Holz CW 255 133 1350 1 \u2013 1 gebremste Achse \u2013 zul\u00e4ssiges Gesamtgewicht: 1350 kg \u2013 255 x 133 cm","isPartOf":{"@id":"https:\/\/sagrinex.com\/#website"},"primaryImageOfPage":{"@id":"https:\/\/sagrinex.com\/produit\/remorque-polyvalente-wood-cw-255-133-1350-1-1-essieu-freine-ptac-1350-kg-255-x-133-cm\/#primaryimage"},"image":{"@id":"https:\/\/sagrinex.com\/produit\/remorque-polyvalente-wood-cw-255-133-1350-1-1-essieu-freine-ptac-1350-kg-255-x-133-cm\/#primaryimage"},"thumbnailUrl":"https:\/\/sagrinex.com\/wp-content\/uploads\/2026\/03\/Image-173-1.jpeg","datePublished":"2026-03-14T16:56:38+00:00","dateModified":"2026-04-15T21:12:20+00:00","description":"Dieser vielseitige Holzanh\u00e4nger der Marke Saris eignet sich f\u00fcr Heimwerker- und Renovierungsarbeiten sowie den Transport von Brennholz und Gr\u00fcnabf\u00e4llen f\u00fcr Privatpersonen und Profis (maximale Nutzlast 1060 kg).","breadcrumb":{"@id":"https:\/\/sagrinex.com\/produit\/remorque-polyvalente-wood-cw-255-133-1350-1-1-essieu-freine-ptac-1350-kg-255-x-133-cm\/#breadcrumb"},"inLanguage":"de","potentialAction":[{"@type":"ReadAction","target":["https:\/\/sagrinex.com\/produit\/remorque-polyvalente-wood-cw-255-133-1350-1-1-essieu-freine-ptac-1350-kg-255-x-133-cm\/"]}]},{"@type":"ImageObject","inLanguage":"de","@id":"https:\/\/sagrinex.com\/produit\/remorque-polyvalente-wood-cw-255-133-1350-1-1-essieu-freine-ptac-1350-kg-255-x-133-cm\/#primaryimage","url":"https:\/\/sagrinex.com\/wp-content\/uploads\/2026\/03\/Image-173-1.jpeg","contentUrl":"https:\/\/sagrinex.com\/wp-content\/uploads\/2026\/03\/Image-173-1.jpeg","width":1200,"height":1200},{"@type":"BreadcrumbList","@id":"https:\/\/sagrinex.com\/produit\/remorque-polyvalente-wood-cw-255-133-1350-1-1-essieu-freine-ptac-1350-kg-255-x-133-cm\/#breadcrumb","itemListElement":[{"@type":"ListItem","position":1,"name":"Accueil","item":"https:\/\/sagrinex.com\/?lang=de"},{"@type":"ListItem","position":2,"name":"Shop","item":"https:\/\/sagrinex.com\/shop\/"},{"@type":"ListItem","position":3,"name":"Mehrzweckanh\u00e4nger \u2013 Holz Cw 255 133 1350 1 \u2013 1 Gebremste Achse \u2013 Zul\u00e4ssiges Gesamtgewicht: 1350 Kg \u2013 255 X 133 Cm"}]},{"@type":"WebSite","@id":"https:\/\/sagrinex.com\/#website","url":"https:\/\/sagrinex.com\/","name":"Sagrinex \u2013 Spezialist f\u00fcr Anh\u00e4nger, Container & Landtechnik","description":"Anhaenger, Container &amp; Landtechnik \u2014 Online-Verkauf &amp; kostenloses Angebot","publisher":{"@id":"https:\/\/sagrinex.com\/#organization"},"potentialAction":[{"@type":"SearchAction","target":{"@type":"EntryPoint","urlTemplate":"https:\/\/sagrinex.com\/?s={search_term_string}"},"query-input":{"@type":"PropertyValueSpecification","valueRequired":true,"valueName":"search_term_string"}}],"inLanguage":"de"},{"@type":"Organization","@id":"https:\/\/sagrinex.com\/#organization","name":"Sagrinex \u2013 Remorques, Conteneurs & Mat\u00e9riel Agricole","url":"https:\/\/sagrinex.com\/","logo":{"@type":"ImageObject","inLanguage":"de","@id":"https:\/\/sagrinex.com\/#\/schema\/logo\/image\/","url":"https:\/\/sagrinex.com\/wp-content\/uploads\/2026\/03\/7f1ac463-ef5a-425d-bdd6-a5da03a334a9-1024x683.png","contentUrl":"https:\/\/sagrinex.com\/wp-content\/uploads\/2026\/03\/7f1ac463-ef5a-425d-bdd6-a5da03a334a9-1024x683.png","width":1024,"height":683,"caption":"Sagrinex \u2013 Remorques, Conteneurs & Mat\u00e9riel Agricole"},"image":{"@id":"https:\/\/sagrinex.com\/#\/schema\/logo\/image\/"}}]}},"jetpack_sharing_enabled":true,"_links":{"self":[{"href":"https:\/\/sagrinex.com\/de\/wp-json\/wp\/v2\/product\/14397","targetHints":{"allow":["GET"]}}],"collection":[{"href":"https:\/\/sagrinex.com\/de\/wp-json\/wp\/v2\/product"}],"about":[{"href":"https:\/\/sagrinex.com\/de\/wp-json\/wp\/v2\/types\/product"}],"replies":[{"embeddable":true,"href":"https:\/\/sagrinex.com\/de\/wp-json\/wp\/v2\/comments?post=14397"}],"version-history":[{"count":0,"href":"https:\/\/sagrinex.com\/de\/wp-json\/wp\/v2\/product\/14397\/revisions"}],"wp:featuredmedia":[{"embeddable":true,"href":"https:\/\/sagrinex.com\/de\/wp-json\/wp\/v2\/media\/15892"}],"wp:attachment":[{"href":"https:\/\/sagrinex.com\/de\/wp-json\/wp\/v2\/media?parent=14397"}],"wp:term":[{"taxonomy":"product_brand","embeddable":true,"href":"https:\/\/sagrinex.com\/de\/wp-json\/wp\/v2\/product_brand?post=14397"},{"taxonomy":"product_cat","embeddable":true,"href":"https:\/\/sagrinex.com\/de\/wp-json\/wp\/v2\/product_cat?post=14397"},{"taxonomy":"product_tag","embeddable":true,"href":"https:\/\/sagrinex.com\/de\/wp-json\/wp\/v2\/product_tag?post=14397"}],"curies":[{"name":"wp","href":"https:\/\/api.w.org\/{rel}","templated":true}]}}