{"id":14404,"date":"2026-03-14T21:07:54","date_gmt":"2026-03-14T21:07:54","guid":{"rendered":"https:\/\/sagrinex.com\/produit\/anhaenger-humbaur-aluminium-zulaessiges-gesamtgewicht-750-kg-ungebremst-21001100350-mm-gesicherte-wasserdichte-haube\/"},"modified":"2026-04-15T21:12:20","modified_gmt":"2026-04-15T21:12:20","slug":"anhaenger-humbaur-aluminium-zulaessiges-gesamtgewicht-750-kg-ungebremst-21001100350-mm-gesicherte-wasserdichte-haube","status":"publish","type":"product","link":"https:\/\/sagrinex.com\/de\/produit\/anhaenger-humbaur-aluminium-zulaessiges-gesamtgewicht-750-kg-ungebremst-21001100350-mm-gesicherte-wasserdichte-haube\/","title":{"rendered":"Anh\u00c4nger Humbaur Aluminium Zul\u00c4ssiges Gesamtgewicht 750 Kg Ungebremst 2100*1100*350 Mm + Gesicherte Wasserdichte Haube"},"content":{"rendered":"<p>Dieser leichte, robuste und wasserdichte Aluminiumanh\u00e4nger ist ideal f\u00fcr Urlaubsreisen oder f\u00fcr Profis aus der Veranstaltungsbranche.<\/p>\n<p>Mit einem zGG von 750 kg ist dieser zugelassene Anh\u00e4nger f\u00fcr den Stra\u00dfenverkehr in Frankreich und Europa homologiert. Seine starre Abdeckung mit seitlicher \u00d6ffnung bietet eine bemerkenswerte Beladungsfreundlichkeit. Die Gasfedern im Inneren des Anh\u00e4ngers erm\u00f6glichen es, dass die Abdeckung bei der Nutzung in der H\u00f6he bleibt.<\/p>\n<p>Die V-f\u00f6rmige Deichsel sowie das Fahrgestell ist vollst\u00e4ndig feuerverzinkt und die Aluminiumbordborde gew\u00e4hrleisten eine lange Nutzung ohne Rostspuren.<\/p>\n<p>Dieser Anh\u00e4nger ist perfekt, wenn Sie am Meer wohnen oder ihn das ganze Jahr \u00fcber im Freien lagern m\u00fcssen. Sie haben auch die M\u00f6glichkeit, die Abdeckung zu entfernen, wenn Sie eine vielseitigere Nutzung w\u00fcnschen.<\/p>\n<p>Dieser Humbaur-Anh\u00e4nger ist ein kleines Wunderwerk, das Ihnen bei Ihren pers\u00f6nlichen und beruflichen Projekten problemlos helfen wird!<\/p>\n","protected":false},"excerpt":{"rendered":"<p>Dieser leichte, robuste und wasserdichte Aluminiumanh\u00e4nger ist ideal f\u00fcr Urlaubsreisen oder f\u00fcr Profis aus der Veranstaltungsbranche.<\/p>\n<div class=\"mod_fa_champspersonnalisables_v14_liste\">\n<div class=\"mod_fa_champspersonnalisables_v14_titre\"><strong>Zul\u00e4ssiges Gesamtgewicht: <\/strong><span class=\"mod_fa_champspersonnalisables_v14_valeur\">750Kg<\/span><\/div>\n<\/div>\n<div class=\"mod_fa_champspersonnalisables_v14_liste\">\n<div class=\"mod_fa_champspersonnalisables_v14_titre\"><strong>Leergewicht: <\/strong><span class=\"mod_fa_champspersonnalisables_v14_valeur\">152 Kg<\/span><\/div>\n<\/div>\n<div class=\"mod_fa_champspersonnalisables_v14_liste\">\n<div class=\"mod_fa_champspersonnalisables_v14_titre\"><strong>Nutzlast: <\/strong><span class=\"mod_fa_champspersonnalisables_v14_valeur\">598 Kg<\/span><\/div>\n<\/div>\n<div class=\"mod_fa_champspersonnalisables_v14_liste\">\n<div class=\"mod_fa_champspersonnalisables_v14_titre\"><strong>Achslast: <\/strong><span class=\"mod_fa_champspersonnalisables_v14_valeur\">750 Kg<\/span><\/div>\n<\/div>\n<div class=\"mod_fa_champspersonnalisables_v14_liste\">\n<div class=\"mod_fa_champspersonnalisables_v14_titre\"><strong>Klappbare Bordwand(w\u00e4nde): <\/strong><span class=\"mod_fa_champspersonnalisables_v14_valeur\">Hinten<\/span><\/div>\n<\/div>\n<div class=\"mod_fa_champspersonnalisables_v14_liste\">\n<div class=\"mod_fa_champspersonnalisables_v14_titre\"><strong>Boden: <\/strong><span class=\"mod_fa_champspersonnalisables_v14_valeur\">Sperrholz Holz<\/span><\/div>\n<\/div>\n<div class=\"mod_fa_champspersonnalisables_v14_liste\">\n<div class=\"mod_fa_champspersonnalisables_v14_titre\"><strong>Deichsel: <\/strong><span class=\"mod_fa_champspersonnalisables_v14_valeur\">V<\/span><\/div>\n<\/div>\n<div class=\"mod_fa_champspersonnalisables_v14_liste\">\n<div class=\"mod_fa_champspersonnalisables_v14_titre\"><strong>Gebremste Kupplung: <\/strong><span class=\"mod_fa_champspersonnalisables_v14_valeur\">Nein<\/span><\/div>\n<\/div>\n<div class=\"mod_fa_champspersonnalisables_v14_liste\">\n<div class=\"mod_fa_champspersonnalisables_v14_titre\"><strong>Kippbare Ladefl\u00e4che: <\/strong><span class=\"mod_fa_champspersonnalisables_v14_valeur\">Nein<\/span><\/div>\n<\/div>\n<div class=\"mod_fa_champspersonnalisables_v14_liste\">\n<div class=\"mod_fa_champspersonnalisables_v14_titre\"><strong>Fahrgestelltyp: <\/strong><span class=\"mod_fa_champspersonnalisables_v14_valeur\">Verzinkt<\/span><\/div>\n<\/div>\n<div class=\"mod_fa_champspersonnalisables_v14_liste\">\n<div class=\"mod_fa_champspersonnalisables_v14_titre\"><strong>R\u00e4der: <\/strong><span class=\"mod_fa_champspersonnalisables_v14_valeur\">13 Zoll<\/span><\/div>\n<\/div>\n","protected":false},"featured_media":15978,"comment_status":"open","ping_status":"closed","template":"","meta":[],"product_brand":[],"product_cat":[353,352],"product_tag":[],"class_list":{"0":"post-14404","1":"product","2":"type-product","3":"status-publish","4":"has-post-thumbnail","6":"product_cat-gepaeckanhaenger","7":"product_cat-unsere-trailer","9":"first","10":"instock","11":"shipping-taxable","12":"purchasable","13":"product-type-simple"},"yoast_head":"<!-- This site is optimized with the Yoast SEO plugin v27.5 - https:\/\/yoast.com\/product\/yoast-seo-wordpress\/ -->\n<title>ANH\u00c4NGER HUMBAUR ALUMINIUM ZUL\u00c4SSIGES GESAMTGEWICHT 750 KG UNGEBREMST 2100*1100*350 MM + GESICHERTE WASSERDICHTE HAUBE<\/title>\n<meta name=\"description\" content=\"Dieser leichte, robuste und wasserdichte Anh\u00e4nger aus Aluminium ist ideal f\u00fcr Urlaubsreisen oder f\u00fcr Profis aus der Veranstaltungsbranche.\" \/>\n<meta name=\"robots\" content=\"index, follow, max-snippet:-1, max-image-preview:large, max-video-preview:-1\" \/>\n<link rel=\"canonical\" href=\"https:\/\/sagrinex.com\/produit\/remorque-humbaur-aluminium-ptac-750-kg-non-freine-21001100350-mm-capot-securise-etanche\/\" \/>\n<meta property=\"og:locale\" content=\"de_DE\" \/>\n<meta property=\"og:type\" content=\"article\" \/>\n<meta property=\"og:title\" content=\"ANH\u00c4NGER HUMBAUR ALUMINIUM ZUL\u00c4SSIGES GESAMTGEWICHT 750 KG UNGEBREMST 2100*1100*350 MM + GESICHERTE WASSERDICHTE HAUBE\" \/>\n<meta property=\"og:description\" content=\"Dieser leichte, robuste und wasserdichte Anh\u00e4nger aus Aluminium ist ideal f\u00fcr Urlaubsreisen oder f\u00fcr Profis aus der Veranstaltungsbranche.\" \/>\n<meta property=\"og:url\" content=\"https:\/\/sagrinex.com\/produit\/remorque-humbaur-aluminium-ptac-750-kg-non-freine-21001100350-mm-capot-securise-etanche\/\" \/>\n<meta property=\"og:site_name\" content=\"Sagrinex \u2013 Anhaenger, Container &amp; Landtechnik \ud83c\udf3e\ud83d\ude9c\" \/>\n<meta property=\"article:modified_time\" content=\"2026-04-15T21:12:20+00:00\" \/>\n<meta property=\"og:image\" content=\"https:\/\/sagrinex.com\/wp-content\/uploads\/2026\/03\/Image-306-1.jpeg\" \/>\n\t<meta property=\"og:image:width\" content=\"1000\" \/>\n\t<meta property=\"og:image:height\" content=\"654\" \/>\n\t<meta property=\"og:image:type\" content=\"image\/jpeg\" \/>\n<meta name=\"twitter:card\" content=\"summary_large_image\" \/>\n<meta name=\"twitter:label1\" content=\"Gesch\u00e4tzte Lesezeit\" \/>\n\t<meta name=\"twitter:data1\" content=\"1\u00a0Minute\" \/>\n<script type=\"application\/ld+json\" class=\"yoast-schema-graph\">{\"@context\":\"https:\\\/\\\/schema.org\",\"@graph\":[{\"@type\":\"WebPage\",\"@id\":\"https:\\\/\\\/sagrinex.com\\\/produit\\\/remorque-humbaur-aluminium-ptac-750-kg-non-freine-21001100350-mm-capot-securise-etanche\\\/\",\"url\":\"https:\\\/\\\/sagrinex.com\\\/produit\\\/remorque-humbaur-aluminium-ptac-750-kg-non-freine-21001100350-mm-capot-securise-etanche\\\/\",\"name\":\"ANH\u00c4NGER HUMBAUR ALUMINIUM ZUL\u00c4SSIGES GESAMTGEWICHT 750 KG UNGEBREMST 2100*1100*350 MM + GESICHERTE WASSERDICHTE HAUBE\",\"isPartOf\":{\"@id\":\"https:\\\/\\\/sagrinex.com\\\/#website\"},\"primaryImageOfPage\":{\"@id\":\"https:\\\/\\\/sagrinex.com\\\/produit\\\/remorque-humbaur-aluminium-ptac-750-kg-non-freine-21001100350-mm-capot-securise-etanche\\\/#primaryimage\"},\"image\":{\"@id\":\"https:\\\/\\\/sagrinex.com\\\/produit\\\/remorque-humbaur-aluminium-ptac-750-kg-non-freine-21001100350-mm-capot-securise-etanche\\\/#primaryimage\"},\"thumbnailUrl\":\"https:\\\/\\\/sagrinex.com\\\/wp-content\\\/uploads\\\/2026\\\/03\\\/Image-306-1.jpeg\",\"datePublished\":\"2026-03-14T21:07:54+00:00\",\"dateModified\":\"2026-04-15T21:12:20+00:00\",\"description\":\"Dieser leichte, robuste und wasserdichte Anh\u00e4nger aus Aluminium ist ideal f\u00fcr Urlaubsreisen oder f\u00fcr Profis aus der Veranstaltungsbranche.\",\"breadcrumb\":{\"@id\":\"https:\\\/\\\/sagrinex.com\\\/produit\\\/remorque-humbaur-aluminium-ptac-750-kg-non-freine-21001100350-mm-capot-securise-etanche\\\/#breadcrumb\"},\"inLanguage\":\"de\",\"potentialAction\":[{\"@type\":\"ReadAction\",\"target\":[\"https:\\\/\\\/sagrinex.com\\\/produit\\\/remorque-humbaur-aluminium-ptac-750-kg-non-freine-21001100350-mm-capot-securise-etanche\\\/\"]}]},{\"@type\":\"ImageObject\",\"inLanguage\":\"de\",\"@id\":\"https:\\\/\\\/sagrinex.com\\\/produit\\\/remorque-humbaur-aluminium-ptac-750-kg-non-freine-21001100350-mm-capot-securise-etanche\\\/#primaryimage\",\"url\":\"https:\\\/\\\/sagrinex.com\\\/wp-content\\\/uploads\\\/2026\\\/03\\\/Image-306-1.jpeg\",\"contentUrl\":\"https:\\\/\\\/sagrinex.com\\\/wp-content\\\/uploads\\\/2026\\\/03\\\/Image-306-1.jpeg\",\"width\":1000,\"height\":654},{\"@type\":\"BreadcrumbList\",\"@id\":\"https:\\\/\\\/sagrinex.com\\\/produit\\\/remorque-humbaur-aluminium-ptac-750-kg-non-freine-21001100350-mm-capot-securise-etanche\\\/#breadcrumb\",\"itemListElement\":[{\"@type\":\"ListItem\",\"position\":1,\"name\":\"Accueil\",\"item\":\"https:\\\/\\\/sagrinex.com\\\/?lang=de\"},{\"@type\":\"ListItem\",\"position\":2,\"name\":\"Shop\",\"item\":\"https:\\\/\\\/sagrinex.com\\\/shop\\\/\"},{\"@type\":\"ListItem\",\"position\":3,\"name\":\"Anh\u00c4nger Humbaur Aluminium Zul\u00c4ssiges Gesamtgewicht 750 Kg Ungebremst 2100*1100*350 Mm + Gesicherte Wasserdichte Haube\"}]},{\"@type\":\"WebSite\",\"@id\":\"https:\\\/\\\/sagrinex.com\\\/#website\",\"url\":\"https:\\\/\\\/sagrinex.com\\\/\",\"name\":\"Sagrinex \u2013 Spezialist f\u00fcr Anh\u00e4nger, Container & Landtechnik\",\"description\":\"Anhaenger, Container &amp; Landtechnik \u2014 Online-Verkauf &amp; kostenloses Angebot\",\"publisher\":{\"@id\":\"https:\\\/\\\/sagrinex.com\\\/#organization\"},\"potentialAction\":[{\"@type\":\"SearchAction\",\"target\":{\"@type\":\"EntryPoint\",\"urlTemplate\":\"https:\\\/\\\/sagrinex.com\\\/?s={search_term_string}\"},\"query-input\":{\"@type\":\"PropertyValueSpecification\",\"valueRequired\":true,\"valueName\":\"search_term_string\"}}],\"inLanguage\":\"de\"},{\"@type\":\"Organization\",\"@id\":\"https:\\\/\\\/sagrinex.com\\\/#organization\",\"name\":\"Sagrinex \u2013 Remorques, Conteneurs & Mat\u00e9riel Agricole\",\"url\":\"https:\\\/\\\/sagrinex.com\\\/\",\"logo\":{\"@type\":\"ImageObject\",\"inLanguage\":\"de\",\"@id\":\"https:\\\/\\\/sagrinex.com\\\/#\\\/schema\\\/logo\\\/image\\\/\",\"url\":\"https:\\\/\\\/sagrinex.com\\\/wp-content\\\/uploads\\\/2026\\\/03\\\/7f1ac463-ef5a-425d-bdd6-a5da03a334a9-1024x683.png\",\"contentUrl\":\"https:\\\/\\\/sagrinex.com\\\/wp-content\\\/uploads\\\/2026\\\/03\\\/7f1ac463-ef5a-425d-bdd6-a5da03a334a9-1024x683.png\",\"width\":1024,\"height\":683,\"caption\":\"Sagrinex \u2013 Remorques, Conteneurs & Mat\u00e9riel Agricole\"},\"image\":{\"@id\":\"https:\\\/\\\/sagrinex.com\\\/#\\\/schema\\\/logo\\\/image\\\/\"}}]}<\/script>\n<!-- \/ Yoast SEO plugin. -->","yoast_head_json":{"title":"ANH\u00c4NGER HUMBAUR ALUMINIUM ZUL\u00c4SSIGES GESAMTGEWICHT 750 KG UNGEBREMST 2100*1100*350 MM + GESICHERTE WASSERDICHTE HAUBE","description":"Dieser leichte, robuste und wasserdichte Anh\u00e4nger aus Aluminium ist ideal f\u00fcr Urlaubsreisen oder f\u00fcr Profis aus der Veranstaltungsbranche.","robots":{"index":"index","follow":"follow","max-snippet":"max-snippet:-1","max-image-preview":"max-image-preview:large","max-video-preview":"max-video-preview:-1"},"canonical":"https:\/\/sagrinex.com\/produit\/remorque-humbaur-aluminium-ptac-750-kg-non-freine-21001100350-mm-capot-securise-etanche\/","og_locale":"de_DE","og_type":"article","og_title":"ANH\u00c4NGER HUMBAUR ALUMINIUM ZUL\u00c4SSIGES GESAMTGEWICHT 750 KG UNGEBREMST 2100*1100*350 MM + GESICHERTE WASSERDICHTE HAUBE","og_description":"Dieser leichte, robuste und wasserdichte Anh\u00e4nger aus Aluminium ist ideal f\u00fcr Urlaubsreisen oder f\u00fcr Profis aus der Veranstaltungsbranche.","og_url":"https:\/\/sagrinex.com\/produit\/remorque-humbaur-aluminium-ptac-750-kg-non-freine-21001100350-mm-capot-securise-etanche\/","og_site_name":"Sagrinex \u2013 Anhaenger, Container &amp; Landtechnik \ud83c\udf3e\ud83d\ude9c","article_modified_time":"2026-04-15T21:12:20+00:00","og_image":[{"width":1000,"height":654,"url":"https:\/\/sagrinex.com\/wp-content\/uploads\/2026\/03\/Image-306-1.jpeg","type":"image\/jpeg"}],"twitter_card":"summary_large_image","twitter_misc":{"Gesch\u00e4tzte Lesezeit":"1\u00a0Minute"},"schema":{"@context":"https:\/\/schema.org","@graph":[{"@type":"WebPage","@id":"https:\/\/sagrinex.com\/produit\/remorque-humbaur-aluminium-ptac-750-kg-non-freine-21001100350-mm-capot-securise-etanche\/","url":"https:\/\/sagrinex.com\/produit\/remorque-humbaur-aluminium-ptac-750-kg-non-freine-21001100350-mm-capot-securise-etanche\/","name":"ANH\u00c4NGER HUMBAUR ALUMINIUM ZUL\u00c4SSIGES GESAMTGEWICHT 750 KG UNGEBREMST 2100*1100*350 MM + GESICHERTE WASSERDICHTE HAUBE","isPartOf":{"@id":"https:\/\/sagrinex.com\/#website"},"primaryImageOfPage":{"@id":"https:\/\/sagrinex.com\/produit\/remorque-humbaur-aluminium-ptac-750-kg-non-freine-21001100350-mm-capot-securise-etanche\/#primaryimage"},"image":{"@id":"https:\/\/sagrinex.com\/produit\/remorque-humbaur-aluminium-ptac-750-kg-non-freine-21001100350-mm-capot-securise-etanche\/#primaryimage"},"thumbnailUrl":"https:\/\/sagrinex.com\/wp-content\/uploads\/2026\/03\/Image-306-1.jpeg","datePublished":"2026-03-14T21:07:54+00:00","dateModified":"2026-04-15T21:12:20+00:00","description":"Dieser leichte, robuste und wasserdichte Anh\u00e4nger aus Aluminium ist ideal f\u00fcr Urlaubsreisen oder f\u00fcr Profis aus der Veranstaltungsbranche.","breadcrumb":{"@id":"https:\/\/sagrinex.com\/produit\/remorque-humbaur-aluminium-ptac-750-kg-non-freine-21001100350-mm-capot-securise-etanche\/#breadcrumb"},"inLanguage":"de","potentialAction":[{"@type":"ReadAction","target":["https:\/\/sagrinex.com\/produit\/remorque-humbaur-aluminium-ptac-750-kg-non-freine-21001100350-mm-capot-securise-etanche\/"]}]},{"@type":"ImageObject","inLanguage":"de","@id":"https:\/\/sagrinex.com\/produit\/remorque-humbaur-aluminium-ptac-750-kg-non-freine-21001100350-mm-capot-securise-etanche\/#primaryimage","url":"https:\/\/sagrinex.com\/wp-content\/uploads\/2026\/03\/Image-306-1.jpeg","contentUrl":"https:\/\/sagrinex.com\/wp-content\/uploads\/2026\/03\/Image-306-1.jpeg","width":1000,"height":654},{"@type":"BreadcrumbList","@id":"https:\/\/sagrinex.com\/produit\/remorque-humbaur-aluminium-ptac-750-kg-non-freine-21001100350-mm-capot-securise-etanche\/#breadcrumb","itemListElement":[{"@type":"ListItem","position":1,"name":"Accueil","item":"https:\/\/sagrinex.com\/?lang=de"},{"@type":"ListItem","position":2,"name":"Shop","item":"https:\/\/sagrinex.com\/shop\/"},{"@type":"ListItem","position":3,"name":"Anh\u00c4nger Humbaur Aluminium Zul\u00c4ssiges Gesamtgewicht 750 Kg Ungebremst 2100*1100*350 Mm + Gesicherte Wasserdichte Haube"}]},{"@type":"WebSite","@id":"https:\/\/sagrinex.com\/#website","url":"https:\/\/sagrinex.com\/","name":"Sagrinex \u2013 Spezialist f\u00fcr Anh\u00e4nger, Container & Landtechnik","description":"Anhaenger, Container &amp; Landtechnik \u2014 Online-Verkauf &amp; kostenloses Angebot","publisher":{"@id":"https:\/\/sagrinex.com\/#organization"},"potentialAction":[{"@type":"SearchAction","target":{"@type":"EntryPoint","urlTemplate":"https:\/\/sagrinex.com\/?s={search_term_string}"},"query-input":{"@type":"PropertyValueSpecification","valueRequired":true,"valueName":"search_term_string"}}],"inLanguage":"de"},{"@type":"Organization","@id":"https:\/\/sagrinex.com\/#organization","name":"Sagrinex \u2013 Remorques, Conteneurs & Mat\u00e9riel Agricole","url":"https:\/\/sagrinex.com\/","logo":{"@type":"ImageObject","inLanguage":"de","@id":"https:\/\/sagrinex.com\/#\/schema\/logo\/image\/","url":"https:\/\/sagrinex.com\/wp-content\/uploads\/2026\/03\/7f1ac463-ef5a-425d-bdd6-a5da03a334a9-1024x683.png","contentUrl":"https:\/\/sagrinex.com\/wp-content\/uploads\/2026\/03\/7f1ac463-ef5a-425d-bdd6-a5da03a334a9-1024x683.png","width":1024,"height":683,"caption":"Sagrinex \u2013 Remorques, Conteneurs & Mat\u00e9riel Agricole"},"image":{"@id":"https:\/\/sagrinex.com\/#\/schema\/logo\/image\/"}}]}},"jetpack_sharing_enabled":true,"_links":{"self":[{"href":"https:\/\/sagrinex.com\/de\/wp-json\/wp\/v2\/product\/14404","targetHints":{"allow":["GET"]}}],"collection":[{"href":"https:\/\/sagrinex.com\/de\/wp-json\/wp\/v2\/product"}],"about":[{"href":"https:\/\/sagrinex.com\/de\/wp-json\/wp\/v2\/types\/product"}],"replies":[{"embeddable":true,"href":"https:\/\/sagrinex.com\/de\/wp-json\/wp\/v2\/comments?post=14404"}],"version-history":[{"count":0,"href":"https:\/\/sagrinex.com\/de\/wp-json\/wp\/v2\/product\/14404\/revisions"}],"wp:featuredmedia":[{"embeddable":true,"href":"https:\/\/sagrinex.com\/de\/wp-json\/wp\/v2\/media\/15978"}],"wp:attachment":[{"href":"https:\/\/sagrinex.com\/de\/wp-json\/wp\/v2\/media?parent=14404"}],"wp:term":[{"taxonomy":"product_brand","embeddable":true,"href":"https:\/\/sagrinex.com\/de\/wp-json\/wp\/v2\/product_brand?post=14404"},{"taxonomy":"product_cat","embeddable":true,"href":"https:\/\/sagrinex.com\/de\/wp-json\/wp\/v2\/product_cat?post=14404"},{"taxonomy":"product_tag","embeddable":true,"href":"https:\/\/sagrinex.com\/de\/wp-json\/wp\/v2\/product_tag?post=14404"}],"curies":[{"name":"wp","href":"https:\/\/api.w.org\/{rel}","templated":true}]}}