{"id":17111,"date":"2026-03-12T15:56:38","date_gmt":"2026-03-12T15:56:38","guid":{"rendered":"https:\/\/sagrinex.com\/produit\/kubota-b-1181-d-18-hp-tractor\/"},"modified":"2026-04-15T21:12:20","modified_gmt":"2026-04-15T21:12:20","slug":"kubota-b-1181-d-18-hp-tractor","status":"publish","type":"product","link":"https:\/\/sagrinex.com\/de\/produit\/kubota-b-1181-d-18-hp-tractor\/","title":{"rendered":"Kubota B 1181 D 18 Hp Tractor"},"content":{"rendered":"<p><b>EQUIPEMENT<\/b><\/p>\n<p>Hintergrundbeleuchtetes Armaturenbrett, hochreflektierende Frontscheinwerfer, klappbarer hinterer \u00dcberrollb\u00fcgel, 2 R\u00fcckspiegel, Sitz mit Sicherheitsgurt und Anwesenheitskontrolle, Anh\u00e4ngerkupplungshaken vorne und hinten sowie Anh\u00e4ngerkupplung. Vorderrad: 5,12. Hinterrad: 8\u201316.  <\/p>\n<p><strong>MOTEUR<\/strong><\/p>\n<p>\u2022 Kubota-Dieselmotor mit E-TVCS-Technologie, Stufe V<\/p>\n<p>\u2022 Mechanische Einspritzung<\/p>\n<p>\u2022 Nenndrehzahl: 3000 U\/min<\/p>\n<p>\u2022 Fl\u00fcssigkeitsk\u00fchlung<\/p>\n<p>\u2022 Kraftstofftank: 14 l<\/p>\n<p><strong>RELEVAGE<\/strong><\/p>\n<p>\u2022 Sequenzgesteuerte Hubvorrichtung \u2022 Hubkraft: 540 kg an den Kugelgelenken (410 kg bei 610 mm)<\/p>\n<p>\u2022 Einstellung der Absenkgeschwindigkeit des Hubwerks<\/p>\n<p>\u2022 3-Punkt-Anbau der Kategorie I<\/p>\n<p>\u2022 Von au\u00dfen einstellbare Stabilisatoren<\/p>\n<p>\u2022 Gerade Leuchte und verstellbare 3-Punkt-Halterung<\/p>\n<p><strong>GETRIEBE<\/strong><\/p>\n<p>\u2022 Mechanisches Getriebe mit 6 Vorw\u00e4rts- und 2 R\u00fcckw\u00e4rtsg\u00e4ngen<\/p>\n<p>\u2022 zuschaltbarer Allradantrieb<\/p>\n<p><strong>\u2022 Selectable all-wheel driveSYST\u00c8ME HYDRAULIQUE<\/strong><\/p>\n<p>\u2022 Hydrauliksystem mit offenem Kreislauf<\/p>\n<p>\u2022 F\u00f6rderleistung:<\/p>\n<p>\u2022 F\u00f6rderleistung:\u2013 7,9 l\/min pour le B1121<\/p>\n<p>\u2013 14,1 l\/min (+8,6 l\/min pour la direction du B1181)<\/p>\n<p>\u2013 16,6 l\/min<\/p>\n<p><strong>\u2013 14.1 l\/min (+8.6 l\/min for line B1181)PRISE DE FORCE<\/strong><\/p>\n<p>\u2013 14.1 L\/min (+8.6 L\/min for line B1181)\u2022 PDF arri\u00e8re 540 tr\/min et 1000 tr\/min<\/p>\n<p>\u2022 Standard bottom-mounted PDF, 2,500 rpm<\/p>\n<p>\u2022 Freewheel transmission<\/p>\n<p>\u2022 Flexibler und benutzerfreundlicher PDF-Modus-Wahlschalter<\/p>\n<p><strong>FAHRERKABINE<\/strong><\/p>\n<p>\u2022 Halbflache Plattform mit Gummimatte<\/p>\n<p>\u2022 Ergonomische Bedienelemente, die auf dem Armaturenbrett und an den Kotfl\u00fcgeln angeordnet sind<\/p>\n<p>\u2022 Hintergrundbeleuchtetes Armaturenbrett<\/p>\n<p>\u2022 Intuitive Bedienelemente f\u00fcr die Signalanlage in der N\u00e4he des Lenkrads<\/p>\n<p>\u2022 Komfortsitz<\/p>\n<p>\u2022 Integrierter Getr\u00e4nkehalter<\/p>\n<p><strong>VORDERACHSE<\/strong><\/p>\n<p>\u2022 Allradantrieb auf Knopfdruck<\/p>\n<p>\u2022 Wenderadius von 1,8 m<\/p>\n<p>\u2022 Bodenfreiheit von 24 bis 31 cm<\/p>\n<p>\u2022 Hydrostatische Lenkung mit separater Pumpe<\/p>\n<p>\u2022 Kegelradgetriebe<\/p>\n<p><strong>HINTERACHSE<\/strong><\/p>\n<p>\u2022 Serienm\u00e4\u00dfige Differenzialsperre<\/p>\n<p>\u2022 Untergetauchte Lamellenbremsen<\/p>\n<p><strong>ABMESSUNGEN (je nach Modell und Ausstattung)<\/strong><\/p>\n<p>\u2022 Spurweite vorne: 767 bis 867 mm<\/p>\n<p>\u2022 Radstand hinten: 760 bis 1006 mm<\/p>\n<p>\u2022 Gesamtbreite: 938 bis 1247 mm<\/p>\n<p>\u2022 Gesamth\u00f6he: 2217 bis 2293 mm<\/p>\n<p>\u2022 Gewicht: 600 bis 670 kg<\/p>\n<p>\u2022 Gross vehicle weight rating (GVWR): 1,300 kg \/ Gross trailer weight rating (GTWR): 1,983 kg<\/p>\n<p><strong>Montage und Inbetriebnahme erfolgen in unseren Werkst\u00e4tten.<\/strong><\/p>\n","protected":false},"excerpt":{"rendered":"<p>Der Traktor B 1181 D 18 PS basiert auf dem un\u00fcbertroffenen Know-how von Kubota und ist ein wahres Kraftpaket. Klein in der Statur, aber gro\u00df in der Leistung.<\/p>\n<p>Im Einsatz bietet die B1-Serie die bew\u00e4hrte Kubota-Qualit\u00e4t mit leistungsstarken, kompakten und sparsamen Allrad-Dieseltraktoren. Diese benutzerfreundlichen Traktoren erm\u00f6glichen es Ihnen, ihre Leistung mit allen auf dem Markt erh\u00e4ltlichen Anbauger\u00e4ten voll auszusch\u00f6pfen: So lassen sich Mulchger\u00e4te und Bodenbearbeitungsger\u00e4te problemlos an die leistungsstarke Heckhubvorrichtung anbauen. <\/p>\n","protected":false},"featured_media":15249,"comment_status":"open","ping_status":"closed","template":"","meta":[],"product_brand":[],"product_cat":[322,340],"product_tag":[],"class_list":{"0":"post-17111","1":"product","2":"type-product","3":"status-publish","4":"has-post-thumbnail","6":"product_cat-landwirtschaftliche-geraete-und-zubehoer","7":"product_cat-traktoren","9":"first","10":"instock","11":"shipping-taxable","12":"purchasable","13":"product-type-simple"},"yoast_head":"<!-- This site is optimized with the Yoast SEO plugin v27.4 - https:\/\/yoast.com\/product\/yoast-seo-wordpress\/ -->\n<title>KUBOTA B 1181 D 18 HP TRACTOR<\/title>\n<meta name=\"description\" content=\"Der Traktor B 1181 D mit 18 PS basiert auf dem un\u00fcbertroffenen Know-how von Kubota und ist ein wahres Kraftpaket. Klein in der Bauweise, aber gro\u00df in der Leistung. Bei der Arbeit bietet die B1-Serie die un\u00fcbertroffene Kubota-Qualit\u00e4t mit leistungsstarken, kompakten und sparsamen Allrad-Dieseltraktoren. Diese Traktoren sind einfach zu bedienen und erm\u00f6glichen es Ihnen, ihre Leistung mit allen auf dem Markt erh\u00e4ltlichen Anbauger\u00e4ten voll auszusch\u00f6pfen: So lassen sich Mulchger\u00e4te und Bodenbearbeitungsger\u00e4te problemlos an die leistungsstarke Heckhubvorrichtung anbauen.\u00dcbersetzt mit DeepL.com (kostenlose Version)\" \/>\n<meta name=\"robots\" content=\"index, follow, max-snippet:-1, max-image-preview:large, max-video-preview:-1\" \/>\n<link rel=\"canonical\" href=\"https:\/\/sagrinex.com\/produit\/tracteur-kubota-b-1181-d-18-ch\/\" \/>\n<meta property=\"og:locale\" content=\"de_DE\" \/>\n<meta property=\"og:type\" content=\"article\" \/>\n<meta property=\"og:title\" content=\"KUBOTA B 1181 D 18 HP TRACTOR\" \/>\n<meta property=\"og:description\" content=\"Der Traktor B 1181 D mit 18 PS basiert auf dem un\u00fcbertroffenen Know-how von Kubota und ist ein wahres Kraftpaket. Klein in der Bauweise, aber gro\u00df in der Leistung. Bei der Arbeit bietet die B1-Serie die un\u00fcbertroffene Kubota-Qualit\u00e4t mit leistungsstarken, kompakten und sparsamen Allrad-Dieseltraktoren. Diese Traktoren sind einfach zu bedienen und erm\u00f6glichen es Ihnen, ihre Leistung mit allen auf dem Markt erh\u00e4ltlichen Anbauger\u00e4ten voll auszusch\u00f6pfen: So lassen sich Mulchger\u00e4te und Bodenbearbeitungsger\u00e4te problemlos an die leistungsstarke Heckhubvorrichtung anbauen.\u00dcbersetzt mit DeepL.com (kostenlose Version)\" \/>\n<meta property=\"og:url\" content=\"https:\/\/sagrinex.com\/produit\/tracteur-kubota-b-1181-d-18-ch\/\" \/>\n<meta property=\"og:site_name\" content=\"Sagrinex \u2013 Anhaenger, Container &amp; Landtechnik \ud83c\udf3e\ud83d\ude9c\" \/>\n<meta property=\"article:modified_time\" content=\"2026-04-15T21:12:20+00:00\" \/>\n<meta property=\"og:image\" content=\"https:\/\/sagrinex.com\/wp-content\/uploads\/2026\/03\/Image-360.jpeg\" \/>\n\t<meta property=\"og:image:width\" content=\"710\" \/>\n\t<meta property=\"og:image:height\" content=\"800\" \/>\n\t<meta property=\"og:image:type\" content=\"image\/jpeg\" \/>\n<meta name=\"twitter:card\" content=\"summary_large_image\" \/>\n<meta name=\"twitter:label1\" content=\"Gesch\u00e4tzte Lesezeit\" \/>\n\t<meta name=\"twitter:data1\" content=\"1\u00a0Minute\" \/>\n<script type=\"application\/ld+json\" class=\"yoast-schema-graph\">{\"@context\":\"https:\\\/\\\/schema.org\",\"@graph\":[{\"@type\":\"WebPage\",\"@id\":\"https:\\\/\\\/sagrinex.com\\\/produit\\\/tracteur-kubota-b-1181-d-18-ch\\\/\",\"url\":\"https:\\\/\\\/sagrinex.com\\\/produit\\\/tracteur-kubota-b-1181-d-18-ch\\\/\",\"name\":\"KUBOTA B 1181 D 18 HP TRACTOR\",\"isPartOf\":{\"@id\":\"https:\\\/\\\/sagrinex.com\\\/#website\"},\"primaryImageOfPage\":{\"@id\":\"https:\\\/\\\/sagrinex.com\\\/produit\\\/tracteur-kubota-b-1181-d-18-ch\\\/#primaryimage\"},\"image\":{\"@id\":\"https:\\\/\\\/sagrinex.com\\\/produit\\\/tracteur-kubota-b-1181-d-18-ch\\\/#primaryimage\"},\"thumbnailUrl\":\"https:\\\/\\\/sagrinex.com\\\/wp-content\\\/uploads\\\/2026\\\/03\\\/Image-360.jpeg\",\"datePublished\":\"2026-03-12T15:56:38+00:00\",\"dateModified\":\"2026-04-15T21:12:20+00:00\",\"description\":\"Der Traktor B 1181 D mit 18 PS basiert auf dem un\u00fcbertroffenen Know-how von Kubota und ist ein wahres Kraftpaket. Klein in der Bauweise, aber gro\u00df in der Leistung. Bei der Arbeit bietet die B1-Serie die un\u00fcbertroffene Kubota-Qualit\u00e4t mit leistungsstarken, kompakten und sparsamen Allrad-Dieseltraktoren. Diese Traktoren sind einfach zu bedienen und erm\u00f6glichen es Ihnen, ihre Leistung mit allen auf dem Markt erh\u00e4ltlichen Anbauger\u00e4ten voll auszusch\u00f6pfen: So lassen sich Mulchger\u00e4te und Bodenbearbeitungsger\u00e4te problemlos an die leistungsstarke Heckhubvorrichtung anbauen.\u00dcbersetzt mit DeepL.com (kostenlose Version)\",\"breadcrumb\":{\"@id\":\"https:\\\/\\\/sagrinex.com\\\/produit\\\/tracteur-kubota-b-1181-d-18-ch\\\/#breadcrumb\"},\"inLanguage\":\"de\",\"potentialAction\":[{\"@type\":\"ReadAction\",\"target\":[\"https:\\\/\\\/sagrinex.com\\\/produit\\\/tracteur-kubota-b-1181-d-18-ch\\\/\"]}]},{\"@type\":\"ImageObject\",\"inLanguage\":\"de\",\"@id\":\"https:\\\/\\\/sagrinex.com\\\/produit\\\/tracteur-kubota-b-1181-d-18-ch\\\/#primaryimage\",\"url\":\"https:\\\/\\\/sagrinex.com\\\/wp-content\\\/uploads\\\/2026\\\/03\\\/Image-360.jpeg\",\"contentUrl\":\"https:\\\/\\\/sagrinex.com\\\/wp-content\\\/uploads\\\/2026\\\/03\\\/Image-360.jpeg\",\"width\":710,\"height\":800},{\"@type\":\"BreadcrumbList\",\"@id\":\"https:\\\/\\\/sagrinex.com\\\/produit\\\/tracteur-kubota-b-1181-d-18-ch\\\/#breadcrumb\",\"itemListElement\":[{\"@type\":\"ListItem\",\"position\":1,\"name\":\"Accueil\",\"item\":\"https:\\\/\\\/sagrinex.com\\\/?lang=de\"},{\"@type\":\"ListItem\",\"position\":2,\"name\":\"Shop\",\"item\":\"https:\\\/\\\/sagrinex.com\\\/shop\\\/\"},{\"@type\":\"ListItem\",\"position\":3,\"name\":\"Kubota B 1181 D 18 Hp Tractor\"}]},{\"@type\":\"WebSite\",\"@id\":\"https:\\\/\\\/sagrinex.com\\\/#website\",\"url\":\"https:\\\/\\\/sagrinex.com\\\/\",\"name\":\"Sagrinex \u2013 Spezialist f\u00fcr Anh\u00e4nger, Container & Landtechnik\",\"description\":\"Anhaenger, Container &amp; Landtechnik \u2014 Online-Verkauf &amp; kostenloses Angebot\",\"publisher\":{\"@id\":\"https:\\\/\\\/sagrinex.com\\\/#organization\"},\"potentialAction\":[{\"@type\":\"SearchAction\",\"target\":{\"@type\":\"EntryPoint\",\"urlTemplate\":\"https:\\\/\\\/sagrinex.com\\\/?s={search_term_string}\"},\"query-input\":{\"@type\":\"PropertyValueSpecification\",\"valueRequired\":true,\"valueName\":\"search_term_string\"}}],\"inLanguage\":\"de\"},{\"@type\":\"Organization\",\"@id\":\"https:\\\/\\\/sagrinex.com\\\/#organization\",\"name\":\"Sagrinex \u2013 Remorques, Conteneurs & Mat\u00e9riel Agricole\",\"url\":\"https:\\\/\\\/sagrinex.com\\\/\",\"logo\":{\"@type\":\"ImageObject\",\"inLanguage\":\"de\",\"@id\":\"https:\\\/\\\/sagrinex.com\\\/#\\\/schema\\\/logo\\\/image\\\/\",\"url\":\"https:\\\/\\\/sagrinex.com\\\/wp-content\\\/uploads\\\/2026\\\/03\\\/7f1ac463-ef5a-425d-bdd6-a5da03a334a9-1024x683.png\",\"contentUrl\":\"https:\\\/\\\/sagrinex.com\\\/wp-content\\\/uploads\\\/2026\\\/03\\\/7f1ac463-ef5a-425d-bdd6-a5da03a334a9-1024x683.png\",\"width\":1024,\"height\":683,\"caption\":\"Sagrinex \u2013 Remorques, Conteneurs & Mat\u00e9riel Agricole\"},\"image\":{\"@id\":\"https:\\\/\\\/sagrinex.com\\\/#\\\/schema\\\/logo\\\/image\\\/\"}}]}<\/script>\n<!-- \/ Yoast SEO plugin. -->","yoast_head_json":{"title":"KUBOTA B 1181 D 18 HP TRACTOR","description":"Der Traktor B 1181 D mit 18 PS basiert auf dem un\u00fcbertroffenen Know-how von Kubota und ist ein wahres Kraftpaket. Klein in der Bauweise, aber gro\u00df in der Leistung. Bei der Arbeit bietet die B1-Serie die un\u00fcbertroffene Kubota-Qualit\u00e4t mit leistungsstarken, kompakten und sparsamen Allrad-Dieseltraktoren. Diese Traktoren sind einfach zu bedienen und erm\u00f6glichen es Ihnen, ihre Leistung mit allen auf dem Markt erh\u00e4ltlichen Anbauger\u00e4ten voll auszusch\u00f6pfen: So lassen sich Mulchger\u00e4te und Bodenbearbeitungsger\u00e4te problemlos an die leistungsstarke Heckhubvorrichtung anbauen.\u00dcbersetzt mit DeepL.com (kostenlose Version)","robots":{"index":"index","follow":"follow","max-snippet":"max-snippet:-1","max-image-preview":"max-image-preview:large","max-video-preview":"max-video-preview:-1"},"canonical":"https:\/\/sagrinex.com\/produit\/tracteur-kubota-b-1181-d-18-ch\/","og_locale":"de_DE","og_type":"article","og_title":"KUBOTA B 1181 D 18 HP TRACTOR","og_description":"Der Traktor B 1181 D mit 18 PS basiert auf dem un\u00fcbertroffenen Know-how von Kubota und ist ein wahres Kraftpaket. Klein in der Bauweise, aber gro\u00df in der Leistung. Bei der Arbeit bietet die B1-Serie die un\u00fcbertroffene Kubota-Qualit\u00e4t mit leistungsstarken, kompakten und sparsamen Allrad-Dieseltraktoren. Diese Traktoren sind einfach zu bedienen und erm\u00f6glichen es Ihnen, ihre Leistung mit allen auf dem Markt erh\u00e4ltlichen Anbauger\u00e4ten voll auszusch\u00f6pfen: So lassen sich Mulchger\u00e4te und Bodenbearbeitungsger\u00e4te problemlos an die leistungsstarke Heckhubvorrichtung anbauen.\u00dcbersetzt mit DeepL.com (kostenlose Version)","og_url":"https:\/\/sagrinex.com\/produit\/tracteur-kubota-b-1181-d-18-ch\/","og_site_name":"Sagrinex \u2013 Anhaenger, Container &amp; Landtechnik \ud83c\udf3e\ud83d\ude9c","article_modified_time":"2026-04-15T21:12:20+00:00","og_image":[{"width":710,"height":800,"url":"https:\/\/sagrinex.com\/wp-content\/uploads\/2026\/03\/Image-360.jpeg","type":"image\/jpeg"}],"twitter_card":"summary_large_image","twitter_misc":{"Gesch\u00e4tzte Lesezeit":"1\u00a0Minute"},"schema":{"@context":"https:\/\/schema.org","@graph":[{"@type":"WebPage","@id":"https:\/\/sagrinex.com\/produit\/tracteur-kubota-b-1181-d-18-ch\/","url":"https:\/\/sagrinex.com\/produit\/tracteur-kubota-b-1181-d-18-ch\/","name":"KUBOTA B 1181 D 18 HP TRACTOR","isPartOf":{"@id":"https:\/\/sagrinex.com\/#website"},"primaryImageOfPage":{"@id":"https:\/\/sagrinex.com\/produit\/tracteur-kubota-b-1181-d-18-ch\/#primaryimage"},"image":{"@id":"https:\/\/sagrinex.com\/produit\/tracteur-kubota-b-1181-d-18-ch\/#primaryimage"},"thumbnailUrl":"https:\/\/sagrinex.com\/wp-content\/uploads\/2026\/03\/Image-360.jpeg","datePublished":"2026-03-12T15:56:38+00:00","dateModified":"2026-04-15T21:12:20+00:00","description":"Der Traktor B 1181 D mit 18 PS basiert auf dem un\u00fcbertroffenen Know-how von Kubota und ist ein wahres Kraftpaket. Klein in der Bauweise, aber gro\u00df in der Leistung. Bei der Arbeit bietet die B1-Serie die un\u00fcbertroffene Kubota-Qualit\u00e4t mit leistungsstarken, kompakten und sparsamen Allrad-Dieseltraktoren. Diese Traktoren sind einfach zu bedienen und erm\u00f6glichen es Ihnen, ihre Leistung mit allen auf dem Markt erh\u00e4ltlichen Anbauger\u00e4ten voll auszusch\u00f6pfen: So lassen sich Mulchger\u00e4te und Bodenbearbeitungsger\u00e4te problemlos an die leistungsstarke Heckhubvorrichtung anbauen.\u00dcbersetzt mit DeepL.com (kostenlose Version)","breadcrumb":{"@id":"https:\/\/sagrinex.com\/produit\/tracteur-kubota-b-1181-d-18-ch\/#breadcrumb"},"inLanguage":"de","potentialAction":[{"@type":"ReadAction","target":["https:\/\/sagrinex.com\/produit\/tracteur-kubota-b-1181-d-18-ch\/"]}]},{"@type":"ImageObject","inLanguage":"de","@id":"https:\/\/sagrinex.com\/produit\/tracteur-kubota-b-1181-d-18-ch\/#primaryimage","url":"https:\/\/sagrinex.com\/wp-content\/uploads\/2026\/03\/Image-360.jpeg","contentUrl":"https:\/\/sagrinex.com\/wp-content\/uploads\/2026\/03\/Image-360.jpeg","width":710,"height":800},{"@type":"BreadcrumbList","@id":"https:\/\/sagrinex.com\/produit\/tracteur-kubota-b-1181-d-18-ch\/#breadcrumb","itemListElement":[{"@type":"ListItem","position":1,"name":"Accueil","item":"https:\/\/sagrinex.com\/?lang=de"},{"@type":"ListItem","position":2,"name":"Shop","item":"https:\/\/sagrinex.com\/shop\/"},{"@type":"ListItem","position":3,"name":"Kubota B 1181 D 18 Hp Tractor"}]},{"@type":"WebSite","@id":"https:\/\/sagrinex.com\/#website","url":"https:\/\/sagrinex.com\/","name":"Sagrinex \u2013 Spezialist f\u00fcr Anh\u00e4nger, Container & Landtechnik","description":"Anhaenger, Container &amp; Landtechnik \u2014 Online-Verkauf &amp; kostenloses Angebot","publisher":{"@id":"https:\/\/sagrinex.com\/#organization"},"potentialAction":[{"@type":"SearchAction","target":{"@type":"EntryPoint","urlTemplate":"https:\/\/sagrinex.com\/?s={search_term_string}"},"query-input":{"@type":"PropertyValueSpecification","valueRequired":true,"valueName":"search_term_string"}}],"inLanguage":"de"},{"@type":"Organization","@id":"https:\/\/sagrinex.com\/#organization","name":"Sagrinex \u2013 Remorques, Conteneurs & Mat\u00e9riel Agricole","url":"https:\/\/sagrinex.com\/","logo":{"@type":"ImageObject","inLanguage":"de","@id":"https:\/\/sagrinex.com\/#\/schema\/logo\/image\/","url":"https:\/\/sagrinex.com\/wp-content\/uploads\/2026\/03\/7f1ac463-ef5a-425d-bdd6-a5da03a334a9-1024x683.png","contentUrl":"https:\/\/sagrinex.com\/wp-content\/uploads\/2026\/03\/7f1ac463-ef5a-425d-bdd6-a5da03a334a9-1024x683.png","width":1024,"height":683,"caption":"Sagrinex \u2013 Remorques, Conteneurs & Mat\u00e9riel Agricole"},"image":{"@id":"https:\/\/sagrinex.com\/#\/schema\/logo\/image\/"}}]}},"jetpack_sharing_enabled":true,"_links":{"self":[{"href":"https:\/\/sagrinex.com\/de\/wp-json\/wp\/v2\/product\/17111","targetHints":{"allow":["GET"]}}],"collection":[{"href":"https:\/\/sagrinex.com\/de\/wp-json\/wp\/v2\/product"}],"about":[{"href":"https:\/\/sagrinex.com\/de\/wp-json\/wp\/v2\/types\/product"}],"replies":[{"embeddable":true,"href":"https:\/\/sagrinex.com\/de\/wp-json\/wp\/v2\/comments?post=17111"}],"version-history":[{"count":0,"href":"https:\/\/sagrinex.com\/de\/wp-json\/wp\/v2\/product\/17111\/revisions"}],"wp:featuredmedia":[{"embeddable":true,"href":"https:\/\/sagrinex.com\/de\/wp-json\/wp\/v2\/media\/15249"}],"wp:attachment":[{"href":"https:\/\/sagrinex.com\/de\/wp-json\/wp\/v2\/media?parent=17111"}],"wp:term":[{"taxonomy":"product_brand","embeddable":true,"href":"https:\/\/sagrinex.com\/de\/wp-json\/wp\/v2\/product_brand?post=17111"},{"taxonomy":"product_cat","embeddable":true,"href":"https:\/\/sagrinex.com\/de\/wp-json\/wp\/v2\/product_cat?post=17111"},{"taxonomy":"product_tag","embeddable":true,"href":"https:\/\/sagrinex.com\/de\/wp-json\/wp\/v2\/product_tag?post=17111"}],"curies":[{"name":"wp","href":"https:\/\/api.w.org\/{rel}","templated":true}]}}