{"id":17200,"date":"2026-04-15T09:17:17","date_gmt":"2026-04-15T09:17:17","guid":{"rendered":"https:\/\/sagrinex.com\/produit\/daewoo-62v-25ah-akku-leicht-hohe-leistung-fuer-62v-werkzeuge-dalb62-25\/"},"modified":"2026-04-15T21:12:21","modified_gmt":"2026-04-15T21:12:21","slug":"daewoo-62v-25ah-akku-leicht-hohe-leistung-fuer-62v-werkzeuge-dalb62-25","status":"publish","type":"product","link":"https:\/\/sagrinex.com\/de\/produit\/daewoo-62v-25ah-akku-leicht-hohe-leistung-fuer-62v-werkzeuge-dalb62-25\/","title":{"rendered":"Daewoo 62V 2,5ah Akku, Leicht, Hohe Leistung f\u00fcr 62v-werkzeuge &#8211; DALB62-25"},"content":{"rendered":"<h3><strong>DAEWOO Akku 62V : Leistung und Vielseitigkeit f\u00fcr Ihre Ger\u00e4te<\/strong><\/h3>\n<p>Die <strong>62V DAEWOO-Serie<\/strong>, entwickelt mit fortschrittlicher <strong>koreanischer Technologie<\/strong>, bietet <strong>vergleichbare Leistung<\/strong> zu Benzinmotoren, aber ohne die Nachteile wie <strong>Schadstoffemissionen<\/strong>, <strong>Vibrationen<\/strong> oder <strong>\u00fcberm\u00e4\u00dfigen L\u00e4rm<\/strong>. Genie\u00dfen Sie ein reibungsloses Gartenerlebnis ohne Wartung und ohne \u00c4rger.<\/p>\n<p>Kompatibel mit <strong>allen DAEWOO 62V-Ger\u00e4ten<\/strong>, ist dieser Akku ideal f\u00fcr Ihre unterschiedlichen Gartenarbeiten.<\/p>\n<p><strong>Verwendungshinweise<\/strong> :<\/p>\n<ul>\n<li><strong>2,5Ah<\/strong> : perfekt f\u00fcr leichte Ger\u00e4te wie <strong>Heckenschere<\/strong> und <strong>Astschere<\/strong>, bietet <strong>ausreichende Laufzeit<\/strong> f\u00fcr kurze Arbeiten.<\/li>\n<li><strong>4Ah<\/strong> : eine ausgezeichnete Wahl f\u00fcr Ger\u00e4te wie <strong>Kettens\u00e4ge<\/strong> und <strong>Freischneider<\/strong>, kombiniert <strong>Leistung und Laufzeit<\/strong> f\u00fcr intensivere Nutzung.<\/li>\n<li><strong>8Ah<\/strong> : ideal f\u00fcr Ger\u00e4te wie <strong>Rasenm\u00e4her<\/strong> und <strong>Laubgebl\u00e4se<\/strong>, erm\u00f6glicht <strong>erh\u00f6hte Laufzeit<\/strong> f\u00fcr lange und anspruchsvolle Arbeiten.<\/li>\n<\/ul>\n<p><strong>Hinweis<\/strong> : Die Wahl eines <strong>leistungsst\u00e4rkeren Akkus<\/strong> erm\u00f6glicht es Ihnen, die <strong>Laufzeit<\/strong> Ihrer Ger\u00e4te zu <strong>verl\u00e4ngern<\/strong>.<\/p>\n<h3><strong>Garantie<\/strong><\/h3>\n<p>Produkte der 62V-Serie sind durch eine <strong>2-Jahres-Garantie<\/strong> abgedeckt, und Akkus erhalten eine <strong>2-Jahres-Garantie<\/strong>.<\/p>\n<p class=\"page_heading\">TECHNISCHES DATENBLATT<\/p>\n<dl class=\"data-sheet flex_container\">\n<dt class=\"name\">Funktion<\/dt>\n<dd class=\"value flex_child\">Stromversorgung f\u00fcr kabellose Ger\u00e4te<\/dd>\n<\/dl>\n<dl class=\"data-sheet flex_container\">\n<dt class=\"name\">Farbe<\/dt>\n<dd class=\"value flex_child\">Orange<\/dd>\n<\/dl>\n<dl class=\"data-sheet flex_container\">\n<dt class=\"name\">Nettogewicht (Kg)<\/dt>\n<dd class=\"value flex_child\">1,50<\/dd>\n<\/dl>\n<dl class=\"data-sheet flex_container\">\n<dt class=\"name\">Garantie<\/dt>\n<dd class=\"value flex_child\">2 Jahre<\/dd>\n<\/dl>\n<dl class=\"data-sheet flex_container\">\n<dt class=\"name\">Produkttyp<\/dt>\n<dd class=\"value flex_child\">Akku<\/dd>\n<\/dl>\n<dl class=\"data-sheet flex_container\">\n<dt class=\"name\">Spannung (Volt)<\/dt>\n<dd class=\"value flex_child\">82<\/dd>\n<\/dl>\n<dl class=\"data-sheet flex_container\">\n<dt class=\"name\">Akkukapazit\u00e4t (Ah)<\/dt>\n<dd class=\"value flex_child\">2.5<\/dd>\n<\/dl>\n<dl class=\"data-sheet flex_container\">\n<dt class=\"name\">Anwendungen<\/dt>\n<dd class=\"value flex_child\">Kabellose Gartenger\u00e4te<\/dd>\n<\/dl>\n<dl class=\"data-sheet flex_container\">\n<dt class=\"name\">Akkutyp<\/dt>\n<dd class=\"value flex_child\">Lithium-ion<\/dd>\n<\/dl>\n","protected":false},"excerpt":{"rendered":"<ul>\n<li><strong>62V 2,5Ah DAEWOO Lithium-Ionen-Akku<\/strong>, mit einer Kapazit\u00e4t von <strong>2,5 Ah<\/strong> Angebot <strong>zuverl\u00e4ssige Leistung<\/strong> f\u00fcr leichte bis mittelschwere Aufgaben.<\/li>\n<li><strong>Ideal f\u00fcr alle DAEWOO 62V-Werkzeuge<\/strong>, bietet a <strong>erweiterte Kompatibilit\u00e4t<\/strong> f\u00fcr Ihre Gartenbed\u00fcrfnisse.<\/li>\n<li><strong>LED-Anzeige<\/strong> integriert zur einfachen Verwaltung von <strong>Restladung<\/strong>.<\/li>\n<li><strong>Integrierter USB-Anschluss<\/strong> zum Aufladen <strong>mobile Ger\u00e4te<\/strong> wie Telefone, unterwegs.<\/li>\n<li><strong>2 Jahre Garantie<\/strong> auf der Batterie. Das Ladeger\u00e4t ist <strong>separat erh\u00e4ltlich<\/strong>.<\/li>\n<\/ul>\n","protected":false},"featured_media":4523,"comment_status":"open","ping_status":"closed","template":"","meta":[],"product_brand":[],"product_cat":[323,320],"product_tag":[],"class_list":{"0":"post-17200","1":"product","2":"type-product","3":"status-publish","4":"has-post-thumbnail","6":"product_cat-akku","7":"product_cat-unsere-rasenmaher","9":"first","10":"instock","11":"sale","12":"shipping-taxable","13":"purchasable","14":"product-type-simple"},"yoast_head":"<!-- This site is optimized with the Yoast SEO plugin v27.4 - https:\/\/yoast.com\/product\/yoast-seo-wordpress\/ -->\n<title>Daewoo 62V 2,5ah Akku, Leicht, Hohe Leistung f\u00fcr 62v-werkzeuge - DALB62-25 - Sagrinex \u2013 Anhaenger, Container &amp; Landtechnik \ud83c\udf3e\ud83d\ude9c<\/title>\n<meta name=\"robots\" content=\"index, follow, max-snippet:-1, max-image-preview:large, max-video-preview:-1\" \/>\n<link rel=\"canonical\" href=\"https:\/\/sagrinex.com\/produit\/daewoo-62v-25ah-akku-leicht-hohe-leistung-fuer-62v-werkzeuge-dalb62-25\/?lang=de\" \/>\n<meta property=\"og:locale\" content=\"de_DE\" \/>\n<meta property=\"og:type\" content=\"article\" \/>\n<meta property=\"og:title\" content=\"Daewoo 62V 2,5ah Akku, Leicht, Hohe Leistung f\u00fcr 62v-werkzeuge - DALB62-25 - Sagrinex \u2013 Anhaenger, Container &amp; Landtechnik \ud83c\udf3e\ud83d\ude9c\" \/>\n<meta property=\"og:description\" content=\"62V 2,5Ah DAEWOO Lithium-Ionen-Akku, mit einer Kapazit\u00e4t von 2,5 Ah Angebot zuverl\u00e4ssige Leistung f\u00fcr leichte bis mittelschwere Aufgaben. Ideal f\u00fcr alle DAEWOO 62V-Werkzeuge, bietet a erweiterte Kompatibilit\u00e4t f\u00fcr Ihre Gartenbed\u00fcrfnisse. LED-Anzeige integriert zur einfachen Verwaltung von Restladung. Integrierter USB-Anschluss zum Aufladen mobile Ger\u00e4te wie Telefone, unterwegs. 2 Jahre Garantie auf der Batterie. Das Ladeger\u00e4t ist separat erh\u00e4ltlich.\" \/>\n<meta property=\"og:url\" content=\"https:\/\/sagrinex.com\/produit\/daewoo-62v-25ah-akku-leicht-hohe-leistung-fuer-62v-werkzeuge-dalb62-25\/?lang=de\" \/>\n<meta property=\"og:site_name\" content=\"Sagrinex \u2013 Anhaenger, Container &amp; Landtechnik \ud83c\udf3e\ud83d\ude9c\" \/>\n<meta property=\"article:modified_time\" content=\"2026-04-15T21:12:21+00:00\" \/>\n<meta property=\"og:image\" content=\"https:\/\/sagrinex.com\/wp-content\/uploads\/2026\/03\/batterie-62v-25ah-daewoo-legere-performante-pour-outils-62v-dalb62-25.jpg\" \/>\n\t<meta property=\"og:image:width\" content=\"1200\" \/>\n\t<meta property=\"og:image:height\" content=\"1372\" \/>\n\t<meta property=\"og:image:type\" content=\"image\/jpeg\" \/>\n<meta name=\"twitter:card\" content=\"summary_large_image\" \/>\n<meta name=\"twitter:label1\" content=\"Gesch\u00e4tzte Lesezeit\" \/>\n\t<meta name=\"twitter:data1\" content=\"1\u00a0Minute\" \/>\n<script type=\"application\/ld+json\" class=\"yoast-schema-graph\">{\"@context\":\"https:\\\/\\\/schema.org\",\"@graph\":[{\"@type\":\"WebPage\",\"@id\":\"https:\\\/\\\/sagrinex.com\\\/produit\\\/daewoo-62v-25ah-akku-leicht-hohe-leistung-fuer-62v-werkzeuge-dalb62-25\\\/?lang=de\",\"url\":\"https:\\\/\\\/sagrinex.com\\\/produit\\\/daewoo-62v-25ah-akku-leicht-hohe-leistung-fuer-62v-werkzeuge-dalb62-25\\\/?lang=de\",\"name\":\"Daewoo 62V 2,5ah Akku, Leicht, Hohe Leistung f\u00fcr 62v-werkzeuge - DALB62-25 - Sagrinex \u2013 Anhaenger, Container &amp; Landtechnik \ud83c\udf3e\ud83d\ude9c\",\"isPartOf\":{\"@id\":\"https:\\\/\\\/sagrinex.com\\\/#website\"},\"primaryImageOfPage\":{\"@id\":\"https:\\\/\\\/sagrinex.com\\\/produit\\\/daewoo-62v-25ah-akku-leicht-hohe-leistung-fuer-62v-werkzeuge-dalb62-25\\\/?lang=de#primaryimage\"},\"image\":{\"@id\":\"https:\\\/\\\/sagrinex.com\\\/produit\\\/daewoo-62v-25ah-akku-leicht-hohe-leistung-fuer-62v-werkzeuge-dalb62-25\\\/?lang=de#primaryimage\"},\"thumbnailUrl\":\"https:\\\/\\\/sagrinex.com\\\/wp-content\\\/uploads\\\/2026\\\/03\\\/batterie-62v-25ah-daewoo-legere-performante-pour-outils-62v-dalb62-25.jpg\",\"datePublished\":\"2026-04-15T09:17:17+00:00\",\"dateModified\":\"2026-04-15T21:12:21+00:00\",\"breadcrumb\":{\"@id\":\"https:\\\/\\\/sagrinex.com\\\/produit\\\/daewoo-62v-25ah-akku-leicht-hohe-leistung-fuer-62v-werkzeuge-dalb62-25\\\/?lang=de#breadcrumb\"},\"inLanguage\":\"de\",\"potentialAction\":[{\"@type\":\"ReadAction\",\"target\":[\"https:\\\/\\\/sagrinex.com\\\/produit\\\/daewoo-62v-25ah-akku-leicht-hohe-leistung-fuer-62v-werkzeuge-dalb62-25\\\/?lang=de\"]}]},{\"@type\":\"ImageObject\",\"inLanguage\":\"de\",\"@id\":\"https:\\\/\\\/sagrinex.com\\\/produit\\\/daewoo-62v-25ah-akku-leicht-hohe-leistung-fuer-62v-werkzeuge-dalb62-25\\\/?lang=de#primaryimage\",\"url\":\"https:\\\/\\\/sagrinex.com\\\/wp-content\\\/uploads\\\/2026\\\/03\\\/batterie-62v-25ah-daewoo-legere-performante-pour-outils-62v-dalb62-25.jpg\",\"contentUrl\":\"https:\\\/\\\/sagrinex.com\\\/wp-content\\\/uploads\\\/2026\\\/03\\\/batterie-62v-25ah-daewoo-legere-performante-pour-outils-62v-dalb62-25.jpg\",\"width\":1200,\"height\":1372},{\"@type\":\"BreadcrumbList\",\"@id\":\"https:\\\/\\\/sagrinex.com\\\/produit\\\/daewoo-62v-25ah-akku-leicht-hohe-leistung-fuer-62v-werkzeuge-dalb62-25\\\/?lang=de#breadcrumb\",\"itemListElement\":[{\"@type\":\"ListItem\",\"position\":1,\"name\":\"Accueil\",\"item\":\"https:\\\/\\\/sagrinex.com\\\/?lang=de\"},{\"@type\":\"ListItem\",\"position\":2,\"name\":\"Shop\",\"item\":\"https:\\\/\\\/sagrinex.com\\\/shop\\\/\"},{\"@type\":\"ListItem\",\"position\":3,\"name\":\"Daewoo 62V 2,5ah Akku, Leicht, Hohe Leistung f\u00fcr 62v-werkzeuge &#8211; DALB62-25\"}]},{\"@type\":\"WebSite\",\"@id\":\"https:\\\/\\\/sagrinex.com\\\/#website\",\"url\":\"https:\\\/\\\/sagrinex.com\\\/\",\"name\":\"Sagrinex \u2013 Spezialist f\u00fcr Anh\u00e4nger, Container & Landtechnik\",\"description\":\"Anhaenger, Container &amp; Landtechnik \u2014 Online-Verkauf &amp; kostenloses Angebot\",\"publisher\":{\"@id\":\"https:\\\/\\\/sagrinex.com\\\/#organization\"},\"potentialAction\":[{\"@type\":\"SearchAction\",\"target\":{\"@type\":\"EntryPoint\",\"urlTemplate\":\"https:\\\/\\\/sagrinex.com\\\/?s={search_term_string}\"},\"query-input\":{\"@type\":\"PropertyValueSpecification\",\"valueRequired\":true,\"valueName\":\"search_term_string\"}}],\"inLanguage\":\"de\"},{\"@type\":\"Organization\",\"@id\":\"https:\\\/\\\/sagrinex.com\\\/#organization\",\"name\":\"Sagrinex \u2013 Remorques, Conteneurs & Mat\u00e9riel Agricole\",\"url\":\"https:\\\/\\\/sagrinex.com\\\/\",\"logo\":{\"@type\":\"ImageObject\",\"inLanguage\":\"de\",\"@id\":\"https:\\\/\\\/sagrinex.com\\\/#\\\/schema\\\/logo\\\/image\\\/\",\"url\":\"https:\\\/\\\/sagrinex.com\\\/wp-content\\\/uploads\\\/2026\\\/03\\\/7f1ac463-ef5a-425d-bdd6-a5da03a334a9-1024x683.png\",\"contentUrl\":\"https:\\\/\\\/sagrinex.com\\\/wp-content\\\/uploads\\\/2026\\\/03\\\/7f1ac463-ef5a-425d-bdd6-a5da03a334a9-1024x683.png\",\"width\":1024,\"height\":683,\"caption\":\"Sagrinex \u2013 Remorques, Conteneurs & Mat\u00e9riel Agricole\"},\"image\":{\"@id\":\"https:\\\/\\\/sagrinex.com\\\/#\\\/schema\\\/logo\\\/image\\\/\"}}]}<\/script>\n<!-- \/ Yoast SEO plugin. -->","yoast_head_json":{"title":"Daewoo 62V 2,5ah Akku, Leicht, Hohe Leistung f\u00fcr 62v-werkzeuge - DALB62-25 - Sagrinex \u2013 Anhaenger, Container &amp; Landtechnik \ud83c\udf3e\ud83d\ude9c","robots":{"index":"index","follow":"follow","max-snippet":"max-snippet:-1","max-image-preview":"max-image-preview:large","max-video-preview":"max-video-preview:-1"},"canonical":"https:\/\/sagrinex.com\/produit\/daewoo-62v-25ah-akku-leicht-hohe-leistung-fuer-62v-werkzeuge-dalb62-25\/?lang=de","og_locale":"de_DE","og_type":"article","og_title":"Daewoo 62V 2,5ah Akku, Leicht, Hohe Leistung f\u00fcr 62v-werkzeuge - DALB62-25 - Sagrinex \u2013 Anhaenger, Container &amp; Landtechnik \ud83c\udf3e\ud83d\ude9c","og_description":"62V 2,5Ah DAEWOO Lithium-Ionen-Akku, mit einer Kapazit\u00e4t von 2,5 Ah Angebot zuverl\u00e4ssige Leistung f\u00fcr leichte bis mittelschwere Aufgaben. Ideal f\u00fcr alle DAEWOO 62V-Werkzeuge, bietet a erweiterte Kompatibilit\u00e4t f\u00fcr Ihre Gartenbed\u00fcrfnisse. LED-Anzeige integriert zur einfachen Verwaltung von Restladung. Integrierter USB-Anschluss zum Aufladen mobile Ger\u00e4te wie Telefone, unterwegs. 2 Jahre Garantie auf der Batterie. Das Ladeger\u00e4t ist separat erh\u00e4ltlich.","og_url":"https:\/\/sagrinex.com\/produit\/daewoo-62v-25ah-akku-leicht-hohe-leistung-fuer-62v-werkzeuge-dalb62-25\/?lang=de","og_site_name":"Sagrinex \u2013 Anhaenger, Container &amp; Landtechnik \ud83c\udf3e\ud83d\ude9c","article_modified_time":"2026-04-15T21:12:21+00:00","og_image":[{"width":1200,"height":1372,"url":"https:\/\/sagrinex.com\/wp-content\/uploads\/2026\/03\/batterie-62v-25ah-daewoo-legere-performante-pour-outils-62v-dalb62-25.jpg","type":"image\/jpeg"}],"twitter_card":"summary_large_image","twitter_misc":{"Gesch\u00e4tzte Lesezeit":"1\u00a0Minute"},"schema":{"@context":"https:\/\/schema.org","@graph":[{"@type":"WebPage","@id":"https:\/\/sagrinex.com\/produit\/daewoo-62v-25ah-akku-leicht-hohe-leistung-fuer-62v-werkzeuge-dalb62-25\/?lang=de","url":"https:\/\/sagrinex.com\/produit\/daewoo-62v-25ah-akku-leicht-hohe-leistung-fuer-62v-werkzeuge-dalb62-25\/?lang=de","name":"Daewoo 62V 2,5ah Akku, Leicht, Hohe Leistung f\u00fcr 62v-werkzeuge - DALB62-25 - Sagrinex \u2013 Anhaenger, Container &amp; Landtechnik \ud83c\udf3e\ud83d\ude9c","isPartOf":{"@id":"https:\/\/sagrinex.com\/#website"},"primaryImageOfPage":{"@id":"https:\/\/sagrinex.com\/produit\/daewoo-62v-25ah-akku-leicht-hohe-leistung-fuer-62v-werkzeuge-dalb62-25\/?lang=de#primaryimage"},"image":{"@id":"https:\/\/sagrinex.com\/produit\/daewoo-62v-25ah-akku-leicht-hohe-leistung-fuer-62v-werkzeuge-dalb62-25\/?lang=de#primaryimage"},"thumbnailUrl":"https:\/\/sagrinex.com\/wp-content\/uploads\/2026\/03\/batterie-62v-25ah-daewoo-legere-performante-pour-outils-62v-dalb62-25.jpg","datePublished":"2026-04-15T09:17:17+00:00","dateModified":"2026-04-15T21:12:21+00:00","breadcrumb":{"@id":"https:\/\/sagrinex.com\/produit\/daewoo-62v-25ah-akku-leicht-hohe-leistung-fuer-62v-werkzeuge-dalb62-25\/?lang=de#breadcrumb"},"inLanguage":"de","potentialAction":[{"@type":"ReadAction","target":["https:\/\/sagrinex.com\/produit\/daewoo-62v-25ah-akku-leicht-hohe-leistung-fuer-62v-werkzeuge-dalb62-25\/?lang=de"]}]},{"@type":"ImageObject","inLanguage":"de","@id":"https:\/\/sagrinex.com\/produit\/daewoo-62v-25ah-akku-leicht-hohe-leistung-fuer-62v-werkzeuge-dalb62-25\/?lang=de#primaryimage","url":"https:\/\/sagrinex.com\/wp-content\/uploads\/2026\/03\/batterie-62v-25ah-daewoo-legere-performante-pour-outils-62v-dalb62-25.jpg","contentUrl":"https:\/\/sagrinex.com\/wp-content\/uploads\/2026\/03\/batterie-62v-25ah-daewoo-legere-performante-pour-outils-62v-dalb62-25.jpg","width":1200,"height":1372},{"@type":"BreadcrumbList","@id":"https:\/\/sagrinex.com\/produit\/daewoo-62v-25ah-akku-leicht-hohe-leistung-fuer-62v-werkzeuge-dalb62-25\/?lang=de#breadcrumb","itemListElement":[{"@type":"ListItem","position":1,"name":"Accueil","item":"https:\/\/sagrinex.com\/?lang=de"},{"@type":"ListItem","position":2,"name":"Shop","item":"https:\/\/sagrinex.com\/shop\/"},{"@type":"ListItem","position":3,"name":"Daewoo 62V 2,5ah Akku, Leicht, Hohe Leistung f\u00fcr 62v-werkzeuge &#8211; DALB62-25"}]},{"@type":"WebSite","@id":"https:\/\/sagrinex.com\/#website","url":"https:\/\/sagrinex.com\/","name":"Sagrinex \u2013 Spezialist f\u00fcr Anh\u00e4nger, Container & Landtechnik","description":"Anhaenger, Container &amp; Landtechnik \u2014 Online-Verkauf &amp; kostenloses Angebot","publisher":{"@id":"https:\/\/sagrinex.com\/#organization"},"potentialAction":[{"@type":"SearchAction","target":{"@type":"EntryPoint","urlTemplate":"https:\/\/sagrinex.com\/?s={search_term_string}"},"query-input":{"@type":"PropertyValueSpecification","valueRequired":true,"valueName":"search_term_string"}}],"inLanguage":"de"},{"@type":"Organization","@id":"https:\/\/sagrinex.com\/#organization","name":"Sagrinex \u2013 Remorques, Conteneurs & Mat\u00e9riel Agricole","url":"https:\/\/sagrinex.com\/","logo":{"@type":"ImageObject","inLanguage":"de","@id":"https:\/\/sagrinex.com\/#\/schema\/logo\/image\/","url":"https:\/\/sagrinex.com\/wp-content\/uploads\/2026\/03\/7f1ac463-ef5a-425d-bdd6-a5da03a334a9-1024x683.png","contentUrl":"https:\/\/sagrinex.com\/wp-content\/uploads\/2026\/03\/7f1ac463-ef5a-425d-bdd6-a5da03a334a9-1024x683.png","width":1024,"height":683,"caption":"Sagrinex \u2013 Remorques, Conteneurs & Mat\u00e9riel Agricole"},"image":{"@id":"https:\/\/sagrinex.com\/#\/schema\/logo\/image\/"}}]}},"jetpack_sharing_enabled":true,"_links":{"self":[{"href":"https:\/\/sagrinex.com\/de\/wp-json\/wp\/v2\/product\/17200","targetHints":{"allow":["GET"]}}],"collection":[{"href":"https:\/\/sagrinex.com\/de\/wp-json\/wp\/v2\/product"}],"about":[{"href":"https:\/\/sagrinex.com\/de\/wp-json\/wp\/v2\/types\/product"}],"replies":[{"embeddable":true,"href":"https:\/\/sagrinex.com\/de\/wp-json\/wp\/v2\/comments?post=17200"}],"version-history":[{"count":0,"href":"https:\/\/sagrinex.com\/de\/wp-json\/wp\/v2\/product\/17200\/revisions"}],"wp:featuredmedia":[{"embeddable":true,"href":"https:\/\/sagrinex.com\/de\/wp-json\/wp\/v2\/media\/4523"}],"wp:attachment":[{"href":"https:\/\/sagrinex.com\/de\/wp-json\/wp\/v2\/media?parent=17200"}],"wp:term":[{"taxonomy":"product_brand","embeddable":true,"href":"https:\/\/sagrinex.com\/de\/wp-json\/wp\/v2\/product_brand?post=17200"},{"taxonomy":"product_cat","embeddable":true,"href":"https:\/\/sagrinex.com\/de\/wp-json\/wp\/v2\/product_cat?post=17200"},{"taxonomy":"product_tag","embeddable":true,"href":"https:\/\/sagrinex.com\/de\/wp-json\/wp\/v2\/product_tag?post=17200"}],"curies":[{"name":"wp","href":"https:\/\/api.w.org\/{rel}","templated":true}]}}