{"id":17202,"date":"2026-04-15T09:23:44","date_gmt":"2026-04-15T09:23:44","guid":{"rendered":"https:\/\/sagrinex.com\/produit\/rider-villager-aufsitzmaeher-61-cm-schnitt-loncin-motor-2000-m%c2%b2-vtr650\/"},"modified":"2026-04-15T21:12:21","modified_gmt":"2026-04-15T21:12:21","slug":"rider-villager-aufsitzmaeher-61-cm-schnitt-loncin-motor-2000-m%c2%b2-vtr650","status":"publish","type":"product","link":"https:\/\/sagrinex.com\/de\/produit\/rider-villager-aufsitzmaeher-61-cm-schnitt-loncin-motor-2000-m%c2%b2-vtr650\/","title":{"rendered":"Rider Villager Aufsitzm\u00e4her \u2013 61 Cm Schnitt, Loncin-motor, 2000 M\u00b2 \u2013 VTR650"},"content":{"rendered":"<h3 data-end=\"247\" data-start=\"169\"><strong data-end=\"247\" data-start=\"173\">Aufsitzrasenm\u00e4her Rider VILLAGER VTR650 \u2013 Schnittbreite 61 cm, Loncin-Motor<\/strong><\/h3>\n<p data-end=\"562\" data-start=\"249\">Der <strong data-end=\"297\" data-start=\"252\">Aufsitzrasenm\u00e4her Rider VILLAGER VTR650<\/strong> ist ein leistungsstarker Benzin-Rasenm\u00e4her, der zur effizienten Pflege gro\u00dfer Rasenfl\u00e4chen konzipiert ist. Mit seinen gut durchdachten technischen Eigenschaften und seinem robusten Motor bietet er <strong data-end=\"561\" data-start=\"505\">schnelles, komfortables und f\u00fcr ausgedehnte Fl\u00e4chen geeignetes M\u00e4hen<\/strong>.<\/p>\n<h3 data-end=\"597\" data-start=\"564\"><strong data-end=\"597\" data-start=\"568\">Leistungsstarker und zuverl\u00e4ssiger Motor<\/strong><\/h3>\n<p data-end=\"931\" data-start=\"599\">Der VTR650 ist mit einem <strong data-end=\"671\" data-start=\"626\">LONCIN LC1P70 Benzinmotor mit 196 cm\u00b3<\/strong> ausgestattet, der eine Leistung von <strong data-end=\"727\" data-start=\"700\">4,8 kW (etwa 6,5 PS)<\/strong> bietet und perfekt f\u00fcr die Pflege von Fl\u00e4chen bis zu <strong data-end=\"799\" data-start=\"787\">4 000 m\u00b2<\/strong> geeignet ist.<br data-end=\"803\" data-start=\"800\" \/>Dieser luftgek\u00fchlte 4-Takt-Benzinmotor garantiert <strong data-end=\"886\" data-start=\"863\">konstante Leistung<\/strong>, auch beim M\u00e4hen dichteren Grases.<\/p>\n<h3 data-end=\"982\" data-start=\"933\"><strong data-end=\"982\" data-start=\"937\">Schnittbreite und Schnitth\u00f6henverstellung<\/strong><\/h3>\n<p data-end=\"1308\" data-start=\"984\">Mit einer <strong data-end=\"1025\" data-start=\"996\">Schnittbreite von 61 cm<\/strong> erm\u00f6glicht dieser Aufsitzrasenm\u00e4her, gro\u00dfe Fl\u00e4chen schnell zu bew\u00e4ltigen und die Anzahl der \u00dcberfahrten zu begrenzen.<br data-end=\"1139\" data-start=\"1136\" \/>Die <strong data-end=\"1205\" data-start=\"1142\">Schnitth\u00f6he ist von 35 bis 75 mm in 5 Positionen verstellbar<\/strong> und bietet gro\u00dfe Flexibilit\u00e4t, um das M\u00e4hen an die Beschaffenheit Ihres Rasens und das gew\u00fcnschte Ergebnis anzupassen.<\/p>\n<h3 data-end=\"1345\" data-start=\"1310\"><strong data-end=\"1345\" data-start=\"1314\">Getriebe und Man\u00f6vrierbarkeit<\/strong><\/h3>\n<p data-end=\"1650\" data-start=\"1347\">Das <strong data-end=\"1375\" data-start=\"1350\">manuelle Getriebe<\/strong> bietet <strong data-end=\"1424\" data-start=\"1384\">4 Vorw\u00e4rtsg\u00e4nge und 1 R\u00fcckw\u00e4rtsgang<\/strong>, was eine kontrollierte Fahrt in allen Situationen gew\u00e4hrleistet.<br data-end=\"1496\" data-start=\"1493\" \/>Die <strong data-end=\"1544\" data-start=\"1500\">gro\u00dfen Hinterr\u00e4der mit einem Durchmesser von 325 mm<\/strong> verbessern die Traktion und erleichtern die Fortbewegung, auch auf leicht unebenem Gel\u00e4nde.<\/p>\n<h3 data-end=\"1690\" data-start=\"1652\"><strong data-end=\"1690\" data-start=\"1656\">M\u00e4hoptionen und Auswurf<\/strong><\/h3>\n<p data-end=\"1797\" data-start=\"1692\">Der Aufsitzrasenm\u00e4her VILLAGER VTR650 bietet mehrere L\u00f6sungen f\u00fcr die Verwaltung des Schnittguts:<\/p>\n<ul data-end=\"2026\" data-start=\"1799\">\n<li data-end=\"1893\" data-start=\"1801\"><strong data-end=\"1814\" data-start=\"1801\">Sammlung<\/strong> durch einen <strong data-end=\"1855\" data-start=\"1826\">150-Liter-Heckbeh\u00e4lter<\/strong>, was die Pausen zum Entleeren begrenzt.<\/li>\n<li data-end=\"2026\" data-start=\"1896\"><strong data-end=\"1915\" data-start=\"1896\">Mulching enthalten<\/strong>, erm\u00f6glicht es, das Gras fein zu zerkleinern und auf dem Boden zu verteilen, um den Rasen nat\u00fcrlich zu d\u00fcngen.<\/li>\n<\/ul>\n<h3 data-end=\"2057\" data-start=\"2028\"><strong data-end=\"2057\" data-start=\"2032\">Benutzerfreundlichkeit<\/strong><\/h3>\n<p data-end=\"2299\" data-start=\"2059\">Der <strong data-end=\"2083\" data-start=\"2062\">ergonomische Sitz<\/strong> und das <strong data-end=\"2112\" data-start=\"2090\">komfortable Lenkrad<\/strong> sorgen f\u00fcr eine angenehme Fahrposition und reduzieren die Erm\u00fcdung bei langen M\u00e4hvorg\u00e4ngen. Diese Konstruktion macht die Pflege gro\u00dfer Fl\u00e4chen einfacher und komfortabler.<\/p>\n<h3 data-end=\"2340\" data-start=\"2301\"><strong data-end=\"2340\" data-start=\"2305\">Robuste und langlebige Konstruktion<\/strong><\/h3>\n<p data-end=\"2574\" data-start=\"2342\">Das <strong data-end=\"2373\" data-start=\"2345\">Stahlm\u00e4hwerk<\/strong> garantiert eine ausgezeichnete Verschlei\u00df- und Sto\u00dffestigkeit und gew\u00e4hrleistet eine <strong data-end=\"2466\" data-start=\"2446\">l\u00e4ngere Lebensdauer<\/strong> des Ger\u00e4tes. Dieser Aufsitzrasenm\u00e4her ist darauf ausgelegt, langfristig zuverl\u00e4ssige Leistung zu bieten.<\/p>\n<h3 data-end=\"2615\" data-start=\"2576\"><strong data-end=\"2615\" data-start=\"2580\">Garantie und Kundenservice<\/strong><\/h3>\n<p data-end=\"2829\" data-start=\"2617\">Dieses Modell wird durch eine <strong data-end=\"2677\" data-start=\"2643\">Herstellergarantie von 2 Jahren<\/strong> unterst\u00fctzt, ein Zeichen f\u00fcr Qualit\u00e4t und Sicherheit. <strong data-end=\"2773\" data-start=\"2715\">Ersatzteile sind \u00fcber einen langen Zeitraum verf\u00fcgbar<\/strong>, was die Wartung und eventuelle Reparaturen erleichtert.<\/p>\n<p data-end=\"3044\" data-start=\"2831\"><strong data-end=\"2860\" data-start=\"2831\">Hinweis vor Gebrauch<\/strong>: Lesen Sie vor der ersten Inbetriebnahme die Bedienungsanleitung sorgf\u00e4ltig durch. \u00dcberpr\u00fcfen Sie den Motor\u00f6lstand vor dem Starten und f\u00fchren Sie die notwendigen Einstellungen durch f\u00fcr optimale Verwendung.<\/p>\n","protected":false},"excerpt":{"rendered":"<ul>\n<li><strong>Rasentraktor<\/strong> Art <strong>\u201eFahrer\u201c VILLAGER VTR650 <\/strong>mit Motor <strong>Loncin 196 cm\u00b3 LC1P70<\/strong> (4,8 kW).<\/li>\n<li>Schnittbreite von <strong>610 mm<\/strong>, Schnitth\u00f6he je nach Vorlieben einstellbar <strong>35 bis 75 mm (5 Stufen).<\/strong><\/li>\n<li>Schaltgetriebe mit<strong> 4 Vorw\u00e4rtsg\u00e4nge<\/strong> Und <strong>1 R\u00fcckw\u00e4rtsgang<\/strong>, zum M\u00e4hen gro\u00dfer Fl\u00e4chen bis zu 2<strong>000 m\u00b2<\/strong>.<\/li>\n<li><strong>\u00dcbergro\u00dfe Hinterr\u00e4der <\/strong>von <strong>325mm<\/strong> f\u00fcr optimale Man\u00f6vrierf\u00e4higkeit.<\/li>\n<li><strong>150-Liter-Sammelbeh\u00e4lter hinten<\/strong> praktisch und <strong>bequemer Sitz<\/strong> Entwickelt f\u00fcr lange Gartenarbeiten.<\/li>\n<\/ul>\n","protected":false},"featured_media":5081,"comment_status":"open","ping_status":"closed","template":"","meta":[],"product_brand":[],"product_cat":[329,325,320],"product_tag":[],"class_list":{"0":"post-17202","1":"product","2":"type-product","3":"status-publish","4":"has-post-thumbnail","6":"product_cat-aufsitzmaher","7":"product_cat-benzin-rasenmaeher","8":"product_cat-unsere-rasenmaher","10":"first","11":"instock","12":"shipping-taxable","13":"purchasable","14":"product-type-simple"},"yoast_head":"<!-- This site is optimized with the Yoast SEO plugin v27.5 - https:\/\/yoast.com\/product\/yoast-seo-wordpress\/ -->\n<title>Rider Villager Aufsitzm\u00e4her \u2013 61 Cm Schnitt, Loncin-motor, 2000 M\u00b2 \u2013 VTR650 - Sagrinex \u2013 Anhaenger, Container &amp; Landtechnik \ud83c\udf3e\ud83d\ude9c<\/title>\n<meta name=\"robots\" content=\"index, follow, max-snippet:-1, max-image-preview:large, max-video-preview:-1\" \/>\n<link rel=\"canonical\" href=\"https:\/\/sagrinex.com\/produit\/rider-villager-aufsitzmaeher-61-cm-schnitt-loncin-motor-2000-m\u00b2-vtr650\/?lang=de\" \/>\n<meta property=\"og:locale\" content=\"de_DE\" \/>\n<meta property=\"og:type\" content=\"article\" \/>\n<meta property=\"og:title\" content=\"Rider Villager Aufsitzm\u00e4her \u2013 61 Cm Schnitt, Loncin-motor, 2000 M\u00b2 \u2013 VTR650 - Sagrinex \u2013 Anhaenger, Container &amp; Landtechnik \ud83c\udf3e\ud83d\ude9c\" \/>\n<meta property=\"og:description\" content=\"Rasentraktor Art \u201eFahrer\u201c VILLAGER VTR650 mit Motor Loncin 196 cm\u00b3 LC1P70 (4,8 kW). Schnittbreite von 610 mm, Schnitth\u00f6he je nach Vorlieben einstellbar 35 bis 75 mm (5 Stufen). Schaltgetriebe mit 4 Vorw\u00e4rtsg\u00e4nge Und 1 R\u00fcckw\u00e4rtsgang, zum M\u00e4hen gro\u00dfer Fl\u00e4chen bis zu 2000 m\u00b2. \u00dcbergro\u00dfe Hinterr\u00e4der von 325mm f\u00fcr optimale Man\u00f6vrierf\u00e4higkeit. 150-Liter-Sammelbeh\u00e4lter hinten praktisch und bequemer Sitz Entwickelt f\u00fcr lange Gartenarbeiten.\" \/>\n<meta property=\"og:url\" content=\"https:\/\/sagrinex.com\/produit\/rider-villager-aufsitzmaeher-61-cm-schnitt-loncin-motor-2000-m\u00b2-vtr650\/?lang=de\" \/>\n<meta property=\"og:site_name\" content=\"Sagrinex \u2013 Anhaenger, Container &amp; Landtechnik \ud83c\udf3e\ud83d\ude9c\" \/>\n<meta property=\"article:modified_time\" content=\"2026-04-15T21:12:21+00:00\" \/>\n<meta property=\"og:image\" content=\"https:\/\/sagrinex.com\/wp-content\/uploads\/2026\/03\/tondeuse-autoportee-rider-villager-coupe-61cm-moteur-loncin-2000-m-vtr650.jpg\" \/>\n\t<meta property=\"og:image:width\" content=\"1200\" \/>\n\t<meta property=\"og:image:height\" content=\"1372\" \/>\n\t<meta property=\"og:image:type\" content=\"image\/jpeg\" \/>\n<meta name=\"twitter:card\" content=\"summary_large_image\" \/>\n<meta name=\"twitter:label1\" content=\"Gesch\u00e4tzte Lesezeit\" \/>\n\t<meta name=\"twitter:data1\" content=\"2\u00a0Minuten\" \/>\n<script type=\"application\/ld+json\" class=\"yoast-schema-graph\">{\"@context\":\"https:\\\/\\\/schema.org\",\"@graph\":[{\"@type\":\"WebPage\",\"@id\":\"https:\\\/\\\/sagrinex.com\\\/produit\\\/rider-villager-aufsitzmaeher-61-cm-schnitt-loncin-motor-2000-m%c2%b2-vtr650\\\/?lang=de\",\"url\":\"https:\\\/\\\/sagrinex.com\\\/produit\\\/rider-villager-aufsitzmaeher-61-cm-schnitt-loncin-motor-2000-m%c2%b2-vtr650\\\/?lang=de\",\"name\":\"Rider Villager Aufsitzm\u00e4her \u2013 61 Cm Schnitt, Loncin-motor, 2000 M\u00b2 \u2013 VTR650 - Sagrinex \u2013 Anhaenger, Container &amp; Landtechnik \ud83c\udf3e\ud83d\ude9c\",\"isPartOf\":{\"@id\":\"https:\\\/\\\/sagrinex.com\\\/#website\"},\"primaryImageOfPage\":{\"@id\":\"https:\\\/\\\/sagrinex.com\\\/produit\\\/rider-villager-aufsitzmaeher-61-cm-schnitt-loncin-motor-2000-m%c2%b2-vtr650\\\/?lang=de#primaryimage\"},\"image\":{\"@id\":\"https:\\\/\\\/sagrinex.com\\\/produit\\\/rider-villager-aufsitzmaeher-61-cm-schnitt-loncin-motor-2000-m%c2%b2-vtr650\\\/?lang=de#primaryimage\"},\"thumbnailUrl\":\"https:\\\/\\\/sagrinex.com\\\/wp-content\\\/uploads\\\/2026\\\/03\\\/tondeuse-autoportee-rider-villager-coupe-61cm-moteur-loncin-2000-m-vtr650.jpg\",\"datePublished\":\"2026-04-15T09:23:44+00:00\",\"dateModified\":\"2026-04-15T21:12:21+00:00\",\"breadcrumb\":{\"@id\":\"https:\\\/\\\/sagrinex.com\\\/produit\\\/rider-villager-aufsitzmaeher-61-cm-schnitt-loncin-motor-2000-m%c2%b2-vtr650\\\/?lang=de#breadcrumb\"},\"inLanguage\":\"de\",\"potentialAction\":[{\"@type\":\"ReadAction\",\"target\":[\"https:\\\/\\\/sagrinex.com\\\/produit\\\/rider-villager-aufsitzmaeher-61-cm-schnitt-loncin-motor-2000-m%c2%b2-vtr650\\\/?lang=de\"]}]},{\"@type\":\"ImageObject\",\"inLanguage\":\"de\",\"@id\":\"https:\\\/\\\/sagrinex.com\\\/produit\\\/rider-villager-aufsitzmaeher-61-cm-schnitt-loncin-motor-2000-m%c2%b2-vtr650\\\/?lang=de#primaryimage\",\"url\":\"https:\\\/\\\/sagrinex.com\\\/wp-content\\\/uploads\\\/2026\\\/03\\\/tondeuse-autoportee-rider-villager-coupe-61cm-moteur-loncin-2000-m-vtr650.jpg\",\"contentUrl\":\"https:\\\/\\\/sagrinex.com\\\/wp-content\\\/uploads\\\/2026\\\/03\\\/tondeuse-autoportee-rider-villager-coupe-61cm-moteur-loncin-2000-m-vtr650.jpg\",\"width\":1200,\"height\":1372},{\"@type\":\"BreadcrumbList\",\"@id\":\"https:\\\/\\\/sagrinex.com\\\/produit\\\/rider-villager-aufsitzmaeher-61-cm-schnitt-loncin-motor-2000-m%c2%b2-vtr650\\\/?lang=de#breadcrumb\",\"itemListElement\":[{\"@type\":\"ListItem\",\"position\":1,\"name\":\"Accueil\",\"item\":\"https:\\\/\\\/sagrinex.com\\\/?lang=de\"},{\"@type\":\"ListItem\",\"position\":2,\"name\":\"Shop\",\"item\":\"https:\\\/\\\/sagrinex.com\\\/shop\\\/\"},{\"@type\":\"ListItem\",\"position\":3,\"name\":\"Rider Villager Aufsitzm\u00e4her \u2013 61 Cm Schnitt, Loncin-motor, 2000 M\u00b2 \u2013 VTR650\"}]},{\"@type\":\"WebSite\",\"@id\":\"https:\\\/\\\/sagrinex.com\\\/#website\",\"url\":\"https:\\\/\\\/sagrinex.com\\\/\",\"name\":\"Sagrinex \u2013 Spezialist f\u00fcr Anh\u00e4nger, Container & Landtechnik\",\"description\":\"Anhaenger, Container &amp; Landtechnik \u2014 Online-Verkauf &amp; kostenloses Angebot\",\"publisher\":{\"@id\":\"https:\\\/\\\/sagrinex.com\\\/#organization\"},\"potentialAction\":[{\"@type\":\"SearchAction\",\"target\":{\"@type\":\"EntryPoint\",\"urlTemplate\":\"https:\\\/\\\/sagrinex.com\\\/?s={search_term_string}\"},\"query-input\":{\"@type\":\"PropertyValueSpecification\",\"valueRequired\":true,\"valueName\":\"search_term_string\"}}],\"inLanguage\":\"de\"},{\"@type\":\"Organization\",\"@id\":\"https:\\\/\\\/sagrinex.com\\\/#organization\",\"name\":\"Sagrinex \u2013 Remorques, Conteneurs & Mat\u00e9riel Agricole\",\"url\":\"https:\\\/\\\/sagrinex.com\\\/\",\"logo\":{\"@type\":\"ImageObject\",\"inLanguage\":\"de\",\"@id\":\"https:\\\/\\\/sagrinex.com\\\/#\\\/schema\\\/logo\\\/image\\\/\",\"url\":\"https:\\\/\\\/sagrinex.com\\\/wp-content\\\/uploads\\\/2026\\\/03\\\/7f1ac463-ef5a-425d-bdd6-a5da03a334a9-1024x683.png\",\"contentUrl\":\"https:\\\/\\\/sagrinex.com\\\/wp-content\\\/uploads\\\/2026\\\/03\\\/7f1ac463-ef5a-425d-bdd6-a5da03a334a9-1024x683.png\",\"width\":1024,\"height\":683,\"caption\":\"Sagrinex \u2013 Remorques, Conteneurs & Mat\u00e9riel Agricole\"},\"image\":{\"@id\":\"https:\\\/\\\/sagrinex.com\\\/#\\\/schema\\\/logo\\\/image\\\/\"}}]}<\/script>\n<!-- \/ Yoast SEO plugin. -->","yoast_head_json":{"title":"Rider Villager Aufsitzm\u00e4her \u2013 61 Cm Schnitt, Loncin-motor, 2000 M\u00b2 \u2013 VTR650 - Sagrinex \u2013 Anhaenger, Container &amp; Landtechnik \ud83c\udf3e\ud83d\ude9c","robots":{"index":"index","follow":"follow","max-snippet":"max-snippet:-1","max-image-preview":"max-image-preview:large","max-video-preview":"max-video-preview:-1"},"canonical":"https:\/\/sagrinex.com\/produit\/rider-villager-aufsitzmaeher-61-cm-schnitt-loncin-motor-2000-m\u00b2-vtr650\/?lang=de","og_locale":"de_DE","og_type":"article","og_title":"Rider Villager Aufsitzm\u00e4her \u2013 61 Cm Schnitt, Loncin-motor, 2000 M\u00b2 \u2013 VTR650 - Sagrinex \u2013 Anhaenger, Container &amp; Landtechnik \ud83c\udf3e\ud83d\ude9c","og_description":"Rasentraktor Art \u201eFahrer\u201c VILLAGER VTR650 mit Motor Loncin 196 cm\u00b3 LC1P70 (4,8 kW). Schnittbreite von 610 mm, Schnitth\u00f6he je nach Vorlieben einstellbar 35 bis 75 mm (5 Stufen). Schaltgetriebe mit 4 Vorw\u00e4rtsg\u00e4nge Und 1 R\u00fcckw\u00e4rtsgang, zum M\u00e4hen gro\u00dfer Fl\u00e4chen bis zu 2000 m\u00b2. \u00dcbergro\u00dfe Hinterr\u00e4der von 325mm f\u00fcr optimale Man\u00f6vrierf\u00e4higkeit. 150-Liter-Sammelbeh\u00e4lter hinten praktisch und bequemer Sitz Entwickelt f\u00fcr lange Gartenarbeiten.","og_url":"https:\/\/sagrinex.com\/produit\/rider-villager-aufsitzmaeher-61-cm-schnitt-loncin-motor-2000-m\u00b2-vtr650\/?lang=de","og_site_name":"Sagrinex \u2013 Anhaenger, Container &amp; Landtechnik \ud83c\udf3e\ud83d\ude9c","article_modified_time":"2026-04-15T21:12:21+00:00","og_image":[{"width":1200,"height":1372,"url":"https:\/\/sagrinex.com\/wp-content\/uploads\/2026\/03\/tondeuse-autoportee-rider-villager-coupe-61cm-moteur-loncin-2000-m-vtr650.jpg","type":"image\/jpeg"}],"twitter_card":"summary_large_image","twitter_misc":{"Gesch\u00e4tzte Lesezeit":"2\u00a0Minuten"},"schema":{"@context":"https:\/\/schema.org","@graph":[{"@type":"WebPage","@id":"https:\/\/sagrinex.com\/produit\/rider-villager-aufsitzmaeher-61-cm-schnitt-loncin-motor-2000-m%c2%b2-vtr650\/?lang=de","url":"https:\/\/sagrinex.com\/produit\/rider-villager-aufsitzmaeher-61-cm-schnitt-loncin-motor-2000-m%c2%b2-vtr650\/?lang=de","name":"Rider Villager Aufsitzm\u00e4her \u2013 61 Cm Schnitt, Loncin-motor, 2000 M\u00b2 \u2013 VTR650 - Sagrinex \u2013 Anhaenger, Container &amp; Landtechnik \ud83c\udf3e\ud83d\ude9c","isPartOf":{"@id":"https:\/\/sagrinex.com\/#website"},"primaryImageOfPage":{"@id":"https:\/\/sagrinex.com\/produit\/rider-villager-aufsitzmaeher-61-cm-schnitt-loncin-motor-2000-m%c2%b2-vtr650\/?lang=de#primaryimage"},"image":{"@id":"https:\/\/sagrinex.com\/produit\/rider-villager-aufsitzmaeher-61-cm-schnitt-loncin-motor-2000-m%c2%b2-vtr650\/?lang=de#primaryimage"},"thumbnailUrl":"https:\/\/sagrinex.com\/wp-content\/uploads\/2026\/03\/tondeuse-autoportee-rider-villager-coupe-61cm-moteur-loncin-2000-m-vtr650.jpg","datePublished":"2026-04-15T09:23:44+00:00","dateModified":"2026-04-15T21:12:21+00:00","breadcrumb":{"@id":"https:\/\/sagrinex.com\/produit\/rider-villager-aufsitzmaeher-61-cm-schnitt-loncin-motor-2000-m%c2%b2-vtr650\/?lang=de#breadcrumb"},"inLanguage":"de","potentialAction":[{"@type":"ReadAction","target":["https:\/\/sagrinex.com\/produit\/rider-villager-aufsitzmaeher-61-cm-schnitt-loncin-motor-2000-m%c2%b2-vtr650\/?lang=de"]}]},{"@type":"ImageObject","inLanguage":"de","@id":"https:\/\/sagrinex.com\/produit\/rider-villager-aufsitzmaeher-61-cm-schnitt-loncin-motor-2000-m%c2%b2-vtr650\/?lang=de#primaryimage","url":"https:\/\/sagrinex.com\/wp-content\/uploads\/2026\/03\/tondeuse-autoportee-rider-villager-coupe-61cm-moteur-loncin-2000-m-vtr650.jpg","contentUrl":"https:\/\/sagrinex.com\/wp-content\/uploads\/2026\/03\/tondeuse-autoportee-rider-villager-coupe-61cm-moteur-loncin-2000-m-vtr650.jpg","width":1200,"height":1372},{"@type":"BreadcrumbList","@id":"https:\/\/sagrinex.com\/produit\/rider-villager-aufsitzmaeher-61-cm-schnitt-loncin-motor-2000-m%c2%b2-vtr650\/?lang=de#breadcrumb","itemListElement":[{"@type":"ListItem","position":1,"name":"Accueil","item":"https:\/\/sagrinex.com\/?lang=de"},{"@type":"ListItem","position":2,"name":"Shop","item":"https:\/\/sagrinex.com\/shop\/"},{"@type":"ListItem","position":3,"name":"Rider Villager Aufsitzm\u00e4her \u2013 61 Cm Schnitt, Loncin-motor, 2000 M\u00b2 \u2013 VTR650"}]},{"@type":"WebSite","@id":"https:\/\/sagrinex.com\/#website","url":"https:\/\/sagrinex.com\/","name":"Sagrinex \u2013 Spezialist f\u00fcr Anh\u00e4nger, Container & Landtechnik","description":"Anhaenger, Container &amp; Landtechnik \u2014 Online-Verkauf &amp; kostenloses Angebot","publisher":{"@id":"https:\/\/sagrinex.com\/#organization"},"potentialAction":[{"@type":"SearchAction","target":{"@type":"EntryPoint","urlTemplate":"https:\/\/sagrinex.com\/?s={search_term_string}"},"query-input":{"@type":"PropertyValueSpecification","valueRequired":true,"valueName":"search_term_string"}}],"inLanguage":"de"},{"@type":"Organization","@id":"https:\/\/sagrinex.com\/#organization","name":"Sagrinex \u2013 Remorques, Conteneurs & Mat\u00e9riel Agricole","url":"https:\/\/sagrinex.com\/","logo":{"@type":"ImageObject","inLanguage":"de","@id":"https:\/\/sagrinex.com\/#\/schema\/logo\/image\/","url":"https:\/\/sagrinex.com\/wp-content\/uploads\/2026\/03\/7f1ac463-ef5a-425d-bdd6-a5da03a334a9-1024x683.png","contentUrl":"https:\/\/sagrinex.com\/wp-content\/uploads\/2026\/03\/7f1ac463-ef5a-425d-bdd6-a5da03a334a9-1024x683.png","width":1024,"height":683,"caption":"Sagrinex \u2013 Remorques, Conteneurs & Mat\u00e9riel Agricole"},"image":{"@id":"https:\/\/sagrinex.com\/#\/schema\/logo\/image\/"}}]}},"jetpack_sharing_enabled":true,"_links":{"self":[{"href":"https:\/\/sagrinex.com\/de\/wp-json\/wp\/v2\/product\/17202","targetHints":{"allow":["GET"]}}],"collection":[{"href":"https:\/\/sagrinex.com\/de\/wp-json\/wp\/v2\/product"}],"about":[{"href":"https:\/\/sagrinex.com\/de\/wp-json\/wp\/v2\/types\/product"}],"replies":[{"embeddable":true,"href":"https:\/\/sagrinex.com\/de\/wp-json\/wp\/v2\/comments?post=17202"}],"version-history":[{"count":0,"href":"https:\/\/sagrinex.com\/de\/wp-json\/wp\/v2\/product\/17202\/revisions"}],"wp:featuredmedia":[{"embeddable":true,"href":"https:\/\/sagrinex.com\/de\/wp-json\/wp\/v2\/media\/5081"}],"wp:attachment":[{"href":"https:\/\/sagrinex.com\/de\/wp-json\/wp\/v2\/media?parent=17202"}],"wp:term":[{"taxonomy":"product_brand","embeddable":true,"href":"https:\/\/sagrinex.com\/de\/wp-json\/wp\/v2\/product_brand?post=17202"},{"taxonomy":"product_cat","embeddable":true,"href":"https:\/\/sagrinex.com\/de\/wp-json\/wp\/v2\/product_cat?post=17202"},{"taxonomy":"product_tag","embeddable":true,"href":"https:\/\/sagrinex.com\/de\/wp-json\/wp\/v2\/product_tag?post=17202"}],"curies":[{"name":"wp","href":"https:\/\/api.w.org\/{rel}","templated":true}]}}