{"id":17203,"date":"2026-04-15T09:24:58","date_gmt":"2026-04-15T09:24:58","guid":{"rendered":"https:\/\/sagrinex.com\/produit\/74-cm-aufsitzmaeher-loncin-352-cm%c2%b3-motor-elektrostart-popster-trm074sh-l352\/"},"modified":"2026-04-15T21:12:21","modified_gmt":"2026-04-15T21:12:21","slug":"74-cm-aufsitzmaeher-loncin-352-cm%c2%b3-motor-elektrostart-popster-trm074sh-l352","status":"publish","type":"product","link":"https:\/\/sagrinex.com\/de\/produit\/74-cm-aufsitzmaeher-loncin-352-cm%c2%b3-motor-elektrostart-popster-trm074sh-l352\/","title":{"rendered":"74 Cm Aufsitzm\u00e4her, Loncin 352 Cm\u00b3 Motor, Elektrostart &#8211; Popster TRM074SH-L352"},"content":{"rendered":"<h2><strong>Rasentraktor kompakt POPSTER 74cm 352 cc<\/strong><\/h2>\n<p>Auf der Suche nach einem Rasentraktor f\u00fcr Ihren Garten? Entdecken Sie den Popster TRM074SH-L352 EJL. Ausgestattet mit einem leistungsstarken Benzinmotor und einem leistungsstarken Schnittsystem k\u00f6nnen Sie Ihre Gr\u00fcnfl\u00e4chen bis zu 2500 m\u00b2 m\u00fchelos und perfekt m\u00e4hen.<\/p>\n<p>Diese Maschine ist f\u00fcr regelm\u00e4\u00dfige und intensive Nutzung konzipiert und soll Ihre Arbeit erleichtern.<\/p>\n<h3><strong>Motor<\/strong><\/h3>\n<p>Dieser Rasentraktor ist mit einem 4-Takt-Benzinmotor LONCIN mit einem Hubraum von 352 cm\u00b3 ausgestattet, der eine Leistung von 6500 W (8,84 PS) entwickelt.<\/p>\n<p>Dieser luftgek\u00fchlte Motor l\u00e4uft mit 2800 U\/min und erm\u00f6glicht so ein optimales Gleichgewicht zwischen Leistung, Drehmoment und Verbrauch.<\/p>\n<p>Das Elektrostartystem mit 12V-Batterie gew\u00e4hrleistet einfaches und sofortiges Starten. Diese Batterie l\u00e4dt sich selbst \u00fcber einen Lichtmaschine auf und muss nicht zum Betrieb geladen werden.<br \/>\nEin Ladeger\u00e4t ist jedoch optional erh\u00e4ltlich, falls erforderlich, zum Beispiel nach einer Winterpause.<\/p>\n<p>Dieser Rasentraktor l\u00e4uft mit handels\u00fcblichem bleifreiem Benzin (95 E5 oder 98 E5)<\/p>\n<h3><strong>Leistungen<\/strong><\/h3>\n<p>Der Aufsitzrasenm\u00e4her TRM074SH-L352 EJL hat eine Schnittbreite von 74 cm und kann gro\u00dfe Fl\u00e4chen mit minimalem Aufwand abdecken. Er bietet eine zentralisierte Schnitth\u00f6henverstellung (von 30 bis 80 mm) mit 7 Positionen, um sich an verschiedene Rasensorten und pers\u00f6nliche Vorlieben anzupassen.<\/p>\n<p>Sein Schnittsystem umfasst ein Mulch-System f\u00fcr ein sauberes Finish und nat\u00fcrliche Grasfasern sowie einen seitlichen Auswurf, um die Evakuierung von R\u00fcckst\u00e4nden auf hohem und feuchtem Gras zu erleichtern.<\/p>\n<p>Mit seiner Schnittkapazit\u00e4t von 2500 m\u00b2 ist dieser Rasenm\u00e4her perfekt f\u00fcr die Pflege von mittelgro\u00dfen bis gro\u00dfen G\u00e4rten.<\/p>\n<p>Sein enger Wendekreis von 45 cm erm\u00f6glicht es dem Rasenm\u00e4her, sich sehr engradius zu drehen. Dies ist besonders n\u00fctzlich, um Hindernisse wie B\u00e4ume, B\u00e4nke und Blumenbeete zu umgehen, ohne Streifen ungecuttenes Gras zu hinterlassen.<\/p>\n<h3><strong>Komfort bei der Verwendung<\/strong><\/h3>\n<p>Das Modell TRM074SH-L352 EJL zeichnet sich durch sein hydrostatisches Getriebe mit stufenloser Geschwindigkeit aus, das es dem Benutzer erm\u00f6glicht, die Geschwindigkeit pr\u00e4zise zu kontrollieren und die Fahrt an verschiedene Gel\u00e4nde und Situationen anzupassen.<\/p>\n<h4><strong>Was ist ein hydrostatisches Antriebssystem?<\/strong><\/h4>\n<p>Im Gegensatz zu einem traditionellen mechanischen Getriebe, das Zahnr\u00e4der verwendet, um die Motorleistung auf die R\u00e4der zu \u00fcbertragen, verwendet ein hydrostatisches System eine Fl\u00fcssigkeit unter Druck. Diese Fl\u00fcssigkeit wird von einer Pumpe verdr\u00e4ngt und treibt einen hydraulischen Motor an, der mit den R\u00e4dern verbunden ist.<\/p>\n<p>Dies erm\u00f6glicht es Ihnen insbesondere, die Geschwindigkeit Ihres Traktors zu \u00e4ndern, ohne kuppeln oder auskuppeln zu m\u00fcssen, oder die M\u00f6glichkeit, die Fahrtrichtung umzukehren, ohne die Maschine anzuhalten.<\/p>\n<p>Sein robustes Geh\u00e4use und sein Metallm\u00e4hwerk sorgen f\u00fcr gro\u00dfe Widerstandsf\u00e4higkeit gegen versehentliche St\u00f6\u00dfe, w\u00e4hrend seine 15&#215;11&#8243;-R\u00e4der optimale Stabilit\u00e4t und Traktion gew\u00e4hrleisten, auch auf unebenem Gel\u00e4nde.<\/p>\n<h3><strong>Praktische Informationen<\/strong><\/h3>\n<p>Mit einem Gesamtgewicht von 170 kg (Leergewicht 130 kg) ist dieser Aufsitzrasenm\u00e4her f\u00fcr die Anforderungen einer intensiven Nutzung ausgelegt. Sein Schalldruckpegel w\u00e4hrend des Betriebs betr\u00e4gt 100 dBA, was ber\u00fccksichtigt werden kann, wenn Sie in l\u00e4rmempfindlichen Bereichen t\u00e4tig sind.<\/p>\n<h3><strong>Zubeh\u00f6r und Wartung<\/strong><\/h3>\n<p>Der Rasenm\u00e4her TRM074SH-L352 EJL wird mit allem notwendigen Zubeh\u00f6r f\u00fcr den Betrieb geliefert, einschlie\u00dflich eines Mulch-Kits, einer 12V-Batterie sowie einer Montage- und Aufbauanleitung auf Franz\u00f6sisch.<\/p>\n<p>POPSTER empfiehlt die Verwendung von SAE 30 Motor\u00f6l, um den ordnungsgem\u00e4\u00dfen Betrieb dieser Rasenm\u00e4her zu gew\u00e4hrleisten.<\/p>\n<h3><strong>Verwendungsbeispiele<\/strong><\/h3>\n<ul>\n<li>Rasenm\u00e4hen von mittlerer bis gro\u00dfer Fl\u00e4che bis zu 2500 m\u00b2.<\/li>\n<li>Wartung von komplexem Gel\u00e4nde mit Hindernissen dank des engen Wendekreises.<\/li>\n<li>Verwendung als professioneller Rasenm\u00e4her f\u00fcr regelm\u00e4\u00dfige Gartenarbeiten.<\/li>\n<\/ul>\n<h3><strong>Garantie<\/strong><\/h3>\n<p>Mit einer 2-j\u00e4hrigen Garantie des Herstellers wird der hydrostatische Rasentraktor TRM074SH-L352 EJL von einem fachkundigen After-Sales-Service mit mehr als 330 zugelassenen Stationen in Frankreich und einer garantierten Verf\u00fcgbarkeit von Ersatzteilen f\u00fcr 10 Jahre begleitet.<\/p>\n<p>Dieser Rasentraktor ist eine robuste und leistungsstarke L\u00f6sung f\u00fcr Benutzer, die eine effiziente Maschine zur Wartung ihrer Au\u00dfenfl\u00e4chen in perfektem Zustand suchen. Mit seinem leistungsstarken Motor, seinen Einstellm\u00f6glichkeiten und seinem Bedienungskomfort ist er eine unbedingt notwendige Wahl f\u00fcr mittelgro\u00dfe bis gro\u00dfe G\u00e4rten.<\/p>\n","protected":false},"excerpt":{"rendered":"<ul>\n<li>Aufsitzrasentraktor POPSTER <strong>TRM074SH-L352<\/strong> mit <strong>Loncin 352 cm\u00b3 W\u00e4rmekraftmaschine<\/strong>, <strong>Elektrostart<\/strong> Und <strong>automatisches hydrostatisches Getriebe<\/strong>.<\/li>\n<li><strong>Schnittbreite von 74 cm<\/strong>Zentralverstellung in 7 Positionen (30 bis 80 mm), ideal f\u00fcr alle Rasenarten.<\/li>\n<li>Funktion <strong>Mulchen<\/strong>, Seitenauswurf und <strong>Wenderadius von 45 cm<\/strong> f\u00fcr einen <strong>optimale Man\u00f6vrierf\u00e4higkeit<\/strong> in engen Bereichen und um Hindernisse herum.<\/li>\n<li>Entwickelt, um Oberfl\u00e4chen bis zu abzudecken <strong>2500 m\u00b2<\/strong>, mit <strong>robustes M\u00e4hdeck aus Metall<\/strong> und R\u00e4der <strong>15\u00d711\u2033<\/strong>.<\/li>\n<li><strong>12-V-Akku im Lieferumfang enthalten (ohne Ladeger\u00e4t)<\/strong>, Handbuch in Franz\u00f6sisch und <strong>2 Jahre Herstellergarantie<\/strong>.<\/li>\n<li><strong>2 Jahre Herstellergarantie<\/strong> \u2013 <strong>Marke TOPSUN<\/strong> \u2013 <strong>Zugelassener Kundendienst<\/strong> (330 Stationen in Frankreich) \u2013 <strong>Ersatzteile 10 Jahre lang verf\u00fcgbar<\/strong><\/li>\n<\/ul>\n","protected":false},"featured_media":5107,"comment_status":"open","ping_status":"closed","template":"","meta":[],"product_brand":[],"product_cat":[329,325,320],"product_tag":[],"class_list":{"0":"post-17203","1":"product","2":"type-product","3":"status-publish","4":"has-post-thumbnail","6":"product_cat-aufsitzmaher","7":"product_cat-benzin-rasenmaeher","8":"product_cat-unsere-rasenmaher","10":"first","11":"instock","12":"shipping-taxable","13":"purchasable","14":"product-type-simple"},"yoast_head":"<!-- This site is optimized with the Yoast SEO plugin v27.4 - https:\/\/yoast.com\/product\/yoast-seo-wordpress\/ -->\n<title>74 Cm Aufsitzm\u00e4her, Loncin 352 Cm\u00b3 Motor, Elektrostart - Popster TRM074SH-L352 - Sagrinex \u2013 Anhaenger, Container &amp; Landtechnik \ud83c\udf3e\ud83d\ude9c<\/title>\n<meta name=\"robots\" content=\"index, follow, max-snippet:-1, max-image-preview:large, max-video-preview:-1\" \/>\n<link rel=\"canonical\" href=\"https:\/\/sagrinex.com\/produit\/74-cm-aufsitzmaeher-loncin-352-cm\u00b3-motor-elektrostart-popster-trm074sh-l352\/?lang=de\" \/>\n<meta property=\"og:locale\" content=\"de_DE\" \/>\n<meta property=\"og:type\" content=\"article\" \/>\n<meta property=\"og:title\" content=\"74 Cm Aufsitzm\u00e4her, Loncin 352 Cm\u00b3 Motor, Elektrostart - Popster TRM074SH-L352 - Sagrinex \u2013 Anhaenger, Container &amp; Landtechnik \ud83c\udf3e\ud83d\ude9c\" \/>\n<meta property=\"og:description\" content=\"Aufsitzrasentraktor POPSTER TRM074SH-L352 mit Loncin 352 cm\u00b3 W\u00e4rmekraftmaschine, Elektrostart Und automatisches hydrostatisches Getriebe. Schnittbreite von 74 cmZentralverstellung in 7 Positionen (30 bis 80 mm), ideal f\u00fcr alle Rasenarten. Funktion Mulchen, Seitenauswurf und Wenderadius von 45 cm f\u00fcr einen optimale Man\u00f6vrierf\u00e4higkeit in engen Bereichen und um Hindernisse herum. Entwickelt, um Oberfl\u00e4chen bis zu abzudecken 2500 m\u00b2, mit robustes M\u00e4hdeck aus Metall und R\u00e4der 15\u00d711\u2033. 12-V-Akku im Lieferumfang enthalten (ohne Ladeger\u00e4t), Handbuch in Franz\u00f6sisch und 2 Jahre Herstellergarantie. 2 Jahre Herstellergarantie \u2013 Marke TOPSUN \u2013 Zugelassener Kundendienst (330 Stationen in Frankreich) \u2013 Ersatzteile 10 Jahre lang verf\u00fcgbar\" \/>\n<meta property=\"og:url\" content=\"https:\/\/sagrinex.com\/produit\/74-cm-aufsitzmaeher-loncin-352-cm\u00b3-motor-elektrostart-popster-trm074sh-l352\/?lang=de\" \/>\n<meta property=\"og:site_name\" content=\"Sagrinex \u2013 Anhaenger, Container &amp; Landtechnik \ud83c\udf3e\ud83d\ude9c\" \/>\n<meta property=\"article:modified_time\" content=\"2026-04-15T21:12:21+00:00\" \/>\n<meta property=\"og:image\" content=\"https:\/\/sagrinex.com\/wp-content\/uploads\/2026\/03\/tondeuse-rider-autoportee-74-cm-moteur-loncin-352-cm-demarrage-electrique-popster-trm074sh-l352.jpg\" \/>\n\t<meta property=\"og:image:width\" content=\"1200\" \/>\n\t<meta property=\"og:image:height\" content=\"1372\" \/>\n\t<meta property=\"og:image:type\" content=\"image\/jpeg\" \/>\n<meta name=\"twitter:card\" content=\"summary_large_image\" \/>\n<meta name=\"twitter:label1\" content=\"Gesch\u00e4tzte Lesezeit\" \/>\n\t<meta name=\"twitter:data1\" content=\"3\u00a0Minuten\" \/>\n<script type=\"application\/ld+json\" class=\"yoast-schema-graph\">{\"@context\":\"https:\\\/\\\/schema.org\",\"@graph\":[{\"@type\":\"WebPage\",\"@id\":\"https:\\\/\\\/sagrinex.com\\\/produit\\\/74-cm-aufsitzmaeher-loncin-352-cm%c2%b3-motor-elektrostart-popster-trm074sh-l352\\\/?lang=de\",\"url\":\"https:\\\/\\\/sagrinex.com\\\/produit\\\/74-cm-aufsitzmaeher-loncin-352-cm%c2%b3-motor-elektrostart-popster-trm074sh-l352\\\/?lang=de\",\"name\":\"74 Cm Aufsitzm\u00e4her, Loncin 352 Cm\u00b3 Motor, Elektrostart - Popster TRM074SH-L352 - Sagrinex \u2013 Anhaenger, Container &amp; Landtechnik \ud83c\udf3e\ud83d\ude9c\",\"isPartOf\":{\"@id\":\"https:\\\/\\\/sagrinex.com\\\/#website\"},\"primaryImageOfPage\":{\"@id\":\"https:\\\/\\\/sagrinex.com\\\/produit\\\/74-cm-aufsitzmaeher-loncin-352-cm%c2%b3-motor-elektrostart-popster-trm074sh-l352\\\/?lang=de#primaryimage\"},\"image\":{\"@id\":\"https:\\\/\\\/sagrinex.com\\\/produit\\\/74-cm-aufsitzmaeher-loncin-352-cm%c2%b3-motor-elektrostart-popster-trm074sh-l352\\\/?lang=de#primaryimage\"},\"thumbnailUrl\":\"https:\\\/\\\/sagrinex.com\\\/wp-content\\\/uploads\\\/2026\\\/03\\\/tondeuse-rider-autoportee-74-cm-moteur-loncin-352-cm-demarrage-electrique-popster-trm074sh-l352.jpg\",\"datePublished\":\"2026-04-15T09:24:58+00:00\",\"dateModified\":\"2026-04-15T21:12:21+00:00\",\"breadcrumb\":{\"@id\":\"https:\\\/\\\/sagrinex.com\\\/produit\\\/74-cm-aufsitzmaeher-loncin-352-cm%c2%b3-motor-elektrostart-popster-trm074sh-l352\\\/?lang=de#breadcrumb\"},\"inLanguage\":\"de\",\"potentialAction\":[{\"@type\":\"ReadAction\",\"target\":[\"https:\\\/\\\/sagrinex.com\\\/produit\\\/74-cm-aufsitzmaeher-loncin-352-cm%c2%b3-motor-elektrostart-popster-trm074sh-l352\\\/?lang=de\"]}]},{\"@type\":\"ImageObject\",\"inLanguage\":\"de\",\"@id\":\"https:\\\/\\\/sagrinex.com\\\/produit\\\/74-cm-aufsitzmaeher-loncin-352-cm%c2%b3-motor-elektrostart-popster-trm074sh-l352\\\/?lang=de#primaryimage\",\"url\":\"https:\\\/\\\/sagrinex.com\\\/wp-content\\\/uploads\\\/2026\\\/03\\\/tondeuse-rider-autoportee-74-cm-moteur-loncin-352-cm-demarrage-electrique-popster-trm074sh-l352.jpg\",\"contentUrl\":\"https:\\\/\\\/sagrinex.com\\\/wp-content\\\/uploads\\\/2026\\\/03\\\/tondeuse-rider-autoportee-74-cm-moteur-loncin-352-cm-demarrage-electrique-popster-trm074sh-l352.jpg\",\"width\":1200,\"height\":1372},{\"@type\":\"BreadcrumbList\",\"@id\":\"https:\\\/\\\/sagrinex.com\\\/produit\\\/74-cm-aufsitzmaeher-loncin-352-cm%c2%b3-motor-elektrostart-popster-trm074sh-l352\\\/?lang=de#breadcrumb\",\"itemListElement\":[{\"@type\":\"ListItem\",\"position\":1,\"name\":\"Accueil\",\"item\":\"https:\\\/\\\/sagrinex.com\\\/?lang=de\"},{\"@type\":\"ListItem\",\"position\":2,\"name\":\"Shop\",\"item\":\"https:\\\/\\\/sagrinex.com\\\/shop\\\/\"},{\"@type\":\"ListItem\",\"position\":3,\"name\":\"74 Cm Aufsitzm\u00e4her, Loncin 352 Cm\u00b3 Motor, Elektrostart &#8211; Popster TRM074SH-L352\"}]},{\"@type\":\"WebSite\",\"@id\":\"https:\\\/\\\/sagrinex.com\\\/#website\",\"url\":\"https:\\\/\\\/sagrinex.com\\\/\",\"name\":\"Sagrinex \u2013 Spezialist f\u00fcr Anh\u00e4nger, Container & Landtechnik\",\"description\":\"Anhaenger, Container &amp; Landtechnik \u2014 Online-Verkauf &amp; kostenloses Angebot\",\"publisher\":{\"@id\":\"https:\\\/\\\/sagrinex.com\\\/#organization\"},\"potentialAction\":[{\"@type\":\"SearchAction\",\"target\":{\"@type\":\"EntryPoint\",\"urlTemplate\":\"https:\\\/\\\/sagrinex.com\\\/?s={search_term_string}\"},\"query-input\":{\"@type\":\"PropertyValueSpecification\",\"valueRequired\":true,\"valueName\":\"search_term_string\"}}],\"inLanguage\":\"de\"},{\"@type\":\"Organization\",\"@id\":\"https:\\\/\\\/sagrinex.com\\\/#organization\",\"name\":\"Sagrinex \u2013 Remorques, Conteneurs & Mat\u00e9riel Agricole\",\"url\":\"https:\\\/\\\/sagrinex.com\\\/\",\"logo\":{\"@type\":\"ImageObject\",\"inLanguage\":\"de\",\"@id\":\"https:\\\/\\\/sagrinex.com\\\/#\\\/schema\\\/logo\\\/image\\\/\",\"url\":\"https:\\\/\\\/sagrinex.com\\\/wp-content\\\/uploads\\\/2026\\\/03\\\/7f1ac463-ef5a-425d-bdd6-a5da03a334a9-1024x683.png\",\"contentUrl\":\"https:\\\/\\\/sagrinex.com\\\/wp-content\\\/uploads\\\/2026\\\/03\\\/7f1ac463-ef5a-425d-bdd6-a5da03a334a9-1024x683.png\",\"width\":1024,\"height\":683,\"caption\":\"Sagrinex \u2013 Remorques, Conteneurs & Mat\u00e9riel Agricole\"},\"image\":{\"@id\":\"https:\\\/\\\/sagrinex.com\\\/#\\\/schema\\\/logo\\\/image\\\/\"}}]}<\/script>\n<!-- \/ Yoast SEO plugin. -->","yoast_head_json":{"title":"74 Cm Aufsitzm\u00e4her, Loncin 352 Cm\u00b3 Motor, Elektrostart - Popster TRM074SH-L352 - Sagrinex \u2013 Anhaenger, Container &amp; Landtechnik \ud83c\udf3e\ud83d\ude9c","robots":{"index":"index","follow":"follow","max-snippet":"max-snippet:-1","max-image-preview":"max-image-preview:large","max-video-preview":"max-video-preview:-1"},"canonical":"https:\/\/sagrinex.com\/produit\/74-cm-aufsitzmaeher-loncin-352-cm\u00b3-motor-elektrostart-popster-trm074sh-l352\/?lang=de","og_locale":"de_DE","og_type":"article","og_title":"74 Cm Aufsitzm\u00e4her, Loncin 352 Cm\u00b3 Motor, Elektrostart - Popster TRM074SH-L352 - Sagrinex \u2013 Anhaenger, Container &amp; Landtechnik \ud83c\udf3e\ud83d\ude9c","og_description":"Aufsitzrasentraktor POPSTER TRM074SH-L352 mit Loncin 352 cm\u00b3 W\u00e4rmekraftmaschine, Elektrostart Und automatisches hydrostatisches Getriebe. Schnittbreite von 74 cmZentralverstellung in 7 Positionen (30 bis 80 mm), ideal f\u00fcr alle Rasenarten. Funktion Mulchen, Seitenauswurf und Wenderadius von 45 cm f\u00fcr einen optimale Man\u00f6vrierf\u00e4higkeit in engen Bereichen und um Hindernisse herum. Entwickelt, um Oberfl\u00e4chen bis zu abzudecken 2500 m\u00b2, mit robustes M\u00e4hdeck aus Metall und R\u00e4der 15\u00d711\u2033. 12-V-Akku im Lieferumfang enthalten (ohne Ladeger\u00e4t), Handbuch in Franz\u00f6sisch und 2 Jahre Herstellergarantie. 2 Jahre Herstellergarantie \u2013 Marke TOPSUN \u2013 Zugelassener Kundendienst (330 Stationen in Frankreich) \u2013 Ersatzteile 10 Jahre lang verf\u00fcgbar","og_url":"https:\/\/sagrinex.com\/produit\/74-cm-aufsitzmaeher-loncin-352-cm\u00b3-motor-elektrostart-popster-trm074sh-l352\/?lang=de","og_site_name":"Sagrinex \u2013 Anhaenger, Container &amp; Landtechnik \ud83c\udf3e\ud83d\ude9c","article_modified_time":"2026-04-15T21:12:21+00:00","og_image":[{"width":1200,"height":1372,"url":"https:\/\/sagrinex.com\/wp-content\/uploads\/2026\/03\/tondeuse-rider-autoportee-74-cm-moteur-loncin-352-cm-demarrage-electrique-popster-trm074sh-l352.jpg","type":"image\/jpeg"}],"twitter_card":"summary_large_image","twitter_misc":{"Gesch\u00e4tzte Lesezeit":"3\u00a0Minuten"},"schema":{"@context":"https:\/\/schema.org","@graph":[{"@type":"WebPage","@id":"https:\/\/sagrinex.com\/produit\/74-cm-aufsitzmaeher-loncin-352-cm%c2%b3-motor-elektrostart-popster-trm074sh-l352\/?lang=de","url":"https:\/\/sagrinex.com\/produit\/74-cm-aufsitzmaeher-loncin-352-cm%c2%b3-motor-elektrostart-popster-trm074sh-l352\/?lang=de","name":"74 Cm Aufsitzm\u00e4her, Loncin 352 Cm\u00b3 Motor, Elektrostart - Popster TRM074SH-L352 - Sagrinex \u2013 Anhaenger, Container &amp; Landtechnik \ud83c\udf3e\ud83d\ude9c","isPartOf":{"@id":"https:\/\/sagrinex.com\/#website"},"primaryImageOfPage":{"@id":"https:\/\/sagrinex.com\/produit\/74-cm-aufsitzmaeher-loncin-352-cm%c2%b3-motor-elektrostart-popster-trm074sh-l352\/?lang=de#primaryimage"},"image":{"@id":"https:\/\/sagrinex.com\/produit\/74-cm-aufsitzmaeher-loncin-352-cm%c2%b3-motor-elektrostart-popster-trm074sh-l352\/?lang=de#primaryimage"},"thumbnailUrl":"https:\/\/sagrinex.com\/wp-content\/uploads\/2026\/03\/tondeuse-rider-autoportee-74-cm-moteur-loncin-352-cm-demarrage-electrique-popster-trm074sh-l352.jpg","datePublished":"2026-04-15T09:24:58+00:00","dateModified":"2026-04-15T21:12:21+00:00","breadcrumb":{"@id":"https:\/\/sagrinex.com\/produit\/74-cm-aufsitzmaeher-loncin-352-cm%c2%b3-motor-elektrostart-popster-trm074sh-l352\/?lang=de#breadcrumb"},"inLanguage":"de","potentialAction":[{"@type":"ReadAction","target":["https:\/\/sagrinex.com\/produit\/74-cm-aufsitzmaeher-loncin-352-cm%c2%b3-motor-elektrostart-popster-trm074sh-l352\/?lang=de"]}]},{"@type":"ImageObject","inLanguage":"de","@id":"https:\/\/sagrinex.com\/produit\/74-cm-aufsitzmaeher-loncin-352-cm%c2%b3-motor-elektrostart-popster-trm074sh-l352\/?lang=de#primaryimage","url":"https:\/\/sagrinex.com\/wp-content\/uploads\/2026\/03\/tondeuse-rider-autoportee-74-cm-moteur-loncin-352-cm-demarrage-electrique-popster-trm074sh-l352.jpg","contentUrl":"https:\/\/sagrinex.com\/wp-content\/uploads\/2026\/03\/tondeuse-rider-autoportee-74-cm-moteur-loncin-352-cm-demarrage-electrique-popster-trm074sh-l352.jpg","width":1200,"height":1372},{"@type":"BreadcrumbList","@id":"https:\/\/sagrinex.com\/produit\/74-cm-aufsitzmaeher-loncin-352-cm%c2%b3-motor-elektrostart-popster-trm074sh-l352\/?lang=de#breadcrumb","itemListElement":[{"@type":"ListItem","position":1,"name":"Accueil","item":"https:\/\/sagrinex.com\/?lang=de"},{"@type":"ListItem","position":2,"name":"Shop","item":"https:\/\/sagrinex.com\/shop\/"},{"@type":"ListItem","position":3,"name":"74 Cm Aufsitzm\u00e4her, Loncin 352 Cm\u00b3 Motor, Elektrostart &#8211; Popster TRM074SH-L352"}]},{"@type":"WebSite","@id":"https:\/\/sagrinex.com\/#website","url":"https:\/\/sagrinex.com\/","name":"Sagrinex \u2013 Spezialist f\u00fcr Anh\u00e4nger, Container & Landtechnik","description":"Anhaenger, Container &amp; Landtechnik \u2014 Online-Verkauf &amp; kostenloses Angebot","publisher":{"@id":"https:\/\/sagrinex.com\/#organization"},"potentialAction":[{"@type":"SearchAction","target":{"@type":"EntryPoint","urlTemplate":"https:\/\/sagrinex.com\/?s={search_term_string}"},"query-input":{"@type":"PropertyValueSpecification","valueRequired":true,"valueName":"search_term_string"}}],"inLanguage":"de"},{"@type":"Organization","@id":"https:\/\/sagrinex.com\/#organization","name":"Sagrinex \u2013 Remorques, Conteneurs & Mat\u00e9riel Agricole","url":"https:\/\/sagrinex.com\/","logo":{"@type":"ImageObject","inLanguage":"de","@id":"https:\/\/sagrinex.com\/#\/schema\/logo\/image\/","url":"https:\/\/sagrinex.com\/wp-content\/uploads\/2026\/03\/7f1ac463-ef5a-425d-bdd6-a5da03a334a9-1024x683.png","contentUrl":"https:\/\/sagrinex.com\/wp-content\/uploads\/2026\/03\/7f1ac463-ef5a-425d-bdd6-a5da03a334a9-1024x683.png","width":1024,"height":683,"caption":"Sagrinex \u2013 Remorques, Conteneurs & Mat\u00e9riel Agricole"},"image":{"@id":"https:\/\/sagrinex.com\/#\/schema\/logo\/image\/"}}]}},"jetpack_sharing_enabled":true,"_links":{"self":[{"href":"https:\/\/sagrinex.com\/de\/wp-json\/wp\/v2\/product\/17203","targetHints":{"allow":["GET"]}}],"collection":[{"href":"https:\/\/sagrinex.com\/de\/wp-json\/wp\/v2\/product"}],"about":[{"href":"https:\/\/sagrinex.com\/de\/wp-json\/wp\/v2\/types\/product"}],"replies":[{"embeddable":true,"href":"https:\/\/sagrinex.com\/de\/wp-json\/wp\/v2\/comments?post=17203"}],"version-history":[{"count":0,"href":"https:\/\/sagrinex.com\/de\/wp-json\/wp\/v2\/product\/17203\/revisions"}],"wp:featuredmedia":[{"embeddable":true,"href":"https:\/\/sagrinex.com\/de\/wp-json\/wp\/v2\/media\/5107"}],"wp:attachment":[{"href":"https:\/\/sagrinex.com\/de\/wp-json\/wp\/v2\/media?parent=17203"}],"wp:term":[{"taxonomy":"product_brand","embeddable":true,"href":"https:\/\/sagrinex.com\/de\/wp-json\/wp\/v2\/product_brand?post=17203"},{"taxonomy":"product_cat","embeddable":true,"href":"https:\/\/sagrinex.com\/de\/wp-json\/wp\/v2\/product_cat?post=17203"},{"taxonomy":"product_tag","embeddable":true,"href":"https:\/\/sagrinex.com\/de\/wp-json\/wp\/v2\/product_tag?post=17203"}],"curies":[{"name":"wp","href":"https:\/\/api.w.org\/{rel}","templated":true}]}}