{"id":17205,"date":"2026-04-15T09:27:24","date_gmt":"2026-04-15T09:27:24","guid":{"rendered":"https:\/\/sagrinex.com\/produit\/grin-thermoschleifer-70-mm-briggs-stratton-306-cc-elektrostart-bioch70\/"},"modified":"2026-04-15T21:12:21","modified_gmt":"2026-04-15T21:12:21","slug":"grin-thermoschleifer-70-mm-briggs-stratton-306-cc-elektrostart-bioch70","status":"publish","type":"product","link":"https:\/\/sagrinex.com\/de\/produit\/grin-thermoschleifer-70-mm-briggs-stratton-306-cc-elektrostart-bioch70\/","title":{"rendered":"Grin Thermoschleifer, 70 Mm, Briggs Stratton 306 Cc, Elektrostart \u2013 BIOCH70"},"content":{"rendered":"<div class=\"flex-shrink-0 flex flex-col relative items-end\">\n<div class=\"pt-0\">\n<div class=\"gizmo-bot-avatar flex h-8 w-8 items-center justify-center overflow-hidden rounded-full\">\n<div class=\"relative p-1 rounded-sm flex items-center justify-center bg-token-main-surface-primary text-token-text-primary h-8 w-8\">Der H\u00e4cksler GRIN BIOCH70 ist eine robuste und flexible L\u00f6sung, ideal f\u00fcr Profis wie Landschaftsg\u00e4rtner, Landwirte sowie f\u00fcr Privatpersonen. Er ist in der Lage, \u00c4ste und Abfallstoffe mit einem Durchmesser von bis zu 75 mm zu verarbeiten, einschlie\u00dflich Hartholz wie Oliven- und Palmenholz. Sein kompaktes Design und sein geringes Gewicht machen ihn zu einem benutzerfreundlichen Ger\u00e4t, w\u00e4hrend er gleichzeitig gro\u00dfe Leistung f\u00fcr effiziente Ergebnisse bietet.<\/div>\n<\/div>\n<\/div>\n<\/div>\n<h3>Schneidesystem und Leistung<\/h3>\n<p>Der <strong>GRIN BIOCH70<\/strong> ist mit einem <strong>GRIN-H\u00e4ckslersystem<\/strong> ausgestattet, das eine <strong>Scheibe von 340 mm<\/strong> Dicke (10 mm) mit <strong>2 Messern<\/strong> und <strong>12 H\u00e4mmern<\/strong> aufweist. Dieses System erm\u00f6glicht die schnelle und feine Umwandlung aller Arten von Schnittabf\u00e4llen in hochwertige Mulch, auch f\u00fcr schwierige Materialien wie faserige Pflanzen. Der Motor <strong>Briggs &amp; Stratton XR 1450<\/strong> (306 cm\u00b3) bietet ausreichende Leistung f\u00fcr intensive Arbeiten, und das <strong>Elektrostarter-System<\/strong> erleichtert die Bedienung.<\/p>\n<h3>Robuste Konstruktion und Handhabung<\/h3>\n<p>Der <strong>GRIN BIOCH70<\/strong> ist mit einer <strong>robusten Stahlstruktur<\/strong> konstruiert und garantiert optimale <strong>Haltbarkeit<\/strong>, auch nach l\u00e4ngerer Nutzung. Die Maschine ist mit <strong>GRIP GRIN Pannenresistenzr\u00e4dern<\/strong> ausgestattet, die <strong>Stabilit\u00e4t<\/strong> und <strong>au\u00dfergew\u00f6hnliche Handhabung<\/strong> auf allen Gel\u00e4ndearten gew\u00e4hrleisten. Seine <strong>praktischen Transportgriffe<\/strong> erm\u00f6glichen ein einfaches Verschieben des H\u00e4ckslers auch in beengten R\u00e4umen.<\/p>\n<h3>Trichter und Auswurf<\/h3>\n<p>Der <strong>Trichter<\/strong> des <strong>GRIN BIOCH70<\/strong> ist <strong>abnehmbar<\/strong>, was Transport und Lagerung der Maschine erleichtert. Sein <strong>hoher und breiter Trichter<\/strong> erm\u00f6glicht das sichere Laden gro\u00dfer Materialmengen. Dank einer <strong>270\u00b0-Auswurfvorrichtung<\/strong> mit <strong>schnellem Einstellsystem<\/strong> kann der Benutzer das Mulch problemlos direkt in einen Lastwagen oder Wagen umleeren, ohne zus\u00e4tzliche Anstrengung. Die <strong>Stahlkonstruktion<\/strong> gew\u00e4hrleistet Robustheit und lange Lebensdauer des Auswurfsystems.<\/p>\n<h3>Wartungshinweise<\/h3>\n<p>Um die Lebensdauer Ihres <strong>GRIN BIOCH70<\/strong> H\u00e4ckslers zu verl\u00e4ngern:<\/p>\n<ul>\n<li><strong>\u00dcberpr\u00fcfen Sie regelm\u00e4\u00dfig den Zustand von Messern und H\u00e4mmern<\/strong>, um optimales H\u00e4ckseln zu gew\u00e4hrleisten.<\/li>\n<li><strong>Reinigen Sie die Schneidscheibe<\/strong> nach jeder Nutzung, um Ansammlung von Pflanzenresten zu vermeiden.<\/li>\n<li><strong>Warten Sie die R\u00e4der und Griffe<\/strong>, um gute Mobilit\u00e4t zu erhalten.<\/li>\n<\/ul>\n<p>Der <strong>GRIN BIOCH70<\/strong> ist die ideale L\u00f6sung f\u00fcr Benutzer, die eine leistungsstarke, zuverl\u00e4ssige und handliche Maschine suchen. Sein effizientes Schneidesystem, seine Robustheit und seine praktischen Eigenschaften machen ihn zu einem H\u00e4cksler, der sich f\u00fcr anspruchsvolle Aufgaben und intensive Nutzung eignet.<\/p>\n","protected":false},"excerpt":{"rendered":"<ul>\n<li><strong>Kompakte und leistungsstarke M\u00fchle<\/strong>, ideal f\u00fcr Landschaftsg\u00e4rtner, Landwirte und anspruchsvolle Privatpersonen, in der Lage, \u00c4ste bis zu zerkleinern <strong>70\u201375 mm Durchmesser<\/strong>, einschlie\u00dflich faseriger H\u00f6lzer wie Oliven- und Palmenb\u00e4ume.<\/li>\n<li><strong>Briggs &amp; Stratton XR 1450-Motor<\/strong> 306 cm3 mit <strong>Elektrostart<\/strong>und liefert zuverl\u00e4ssige Leistung f\u00fcr anspruchsvolle Arbeiten.<\/li>\n<li><strong>GRIN-Schleifsystem<\/strong> mit <strong>340-mm-Scheibe<\/strong>, 2 Messer und 12 H\u00e4mmer f\u00fcr ein feines und schnelles Mulchen, auch f\u00fcr faserige Abf\u00e4lle.<\/li>\n<li><strong>Hoher und breiter Trichter<\/strong> f\u00fcr sicheres Beladen und <strong>270\u00b0 schwenkbarer Auslauf<\/strong>, was das direkte Entladen in einen LKW oder Karren erleichtert.<\/li>\n<li><strong>Robuste Stahlkonstruktion<\/strong> Und <strong>gro\u00dfe pannensichere R\u00e4der<\/strong>, was eine lange Lebensdauer und optimale Handhabung garantiert.<\/li>\n<\/ul>\n","protected":false},"featured_media":5323,"comment_status":"open","ping_status":"closed","template":"","meta":[],"product_brand":[],"product_cat":[330,322],"product_tag":[],"class_list":{"0":"post-17205","1":"product","2":"type-product","3":"status-publish","4":"has-post-thumbnail","6":"product_cat-hacksler","7":"product_cat-landwirtschaftliche-geraete-und-zubehoer","9":"first","10":"instock","11":"shipping-taxable","12":"purchasable","13":"product-type-simple"},"yoast_head":"<!-- This site is optimized with the Yoast SEO plugin v27.4 - https:\/\/yoast.com\/product\/yoast-seo-wordpress\/ -->\n<title>Grin Thermoschleifer, 70 Mm, Briggs Stratton 306 Cc, Elektrostart \u2013 BIOCH70 - Sagrinex \u2013 Anhaenger, Container &amp; Landtechnik \ud83c\udf3e\ud83d\ude9c<\/title>\n<meta name=\"robots\" content=\"index, follow, max-snippet:-1, max-image-preview:large, max-video-preview:-1\" \/>\n<link rel=\"canonical\" href=\"https:\/\/sagrinex.com\/produit\/grin-thermoschleifer-70-mm-briggs-stratton-306-cc-elektrostart-bioch70\/?lang=de\" \/>\n<meta property=\"og:locale\" content=\"de_DE\" \/>\n<meta property=\"og:type\" content=\"article\" \/>\n<meta property=\"og:title\" content=\"Grin Thermoschleifer, 70 Mm, Briggs Stratton 306 Cc, Elektrostart \u2013 BIOCH70 - Sagrinex \u2013 Anhaenger, Container &amp; Landtechnik \ud83c\udf3e\ud83d\ude9c\" \/>\n<meta property=\"og:description\" content=\"Kompakte und leistungsstarke M\u00fchle, ideal f\u00fcr Landschaftsg\u00e4rtner, Landwirte und anspruchsvolle Privatpersonen, in der Lage, \u00c4ste bis zu zerkleinern 70\u201375 mm Durchmesser, einschlie\u00dflich faseriger H\u00f6lzer wie Oliven- und Palmenb\u00e4ume. Briggs &amp; Stratton XR 1450-Motor 306 cm3 mit Elektrostartund liefert zuverl\u00e4ssige Leistung f\u00fcr anspruchsvolle Arbeiten. GRIN-Schleifsystem mit 340-mm-Scheibe, 2 Messer und 12 H\u00e4mmer f\u00fcr ein feines und schnelles Mulchen, auch f\u00fcr faserige Abf\u00e4lle. Hoher und breiter Trichter f\u00fcr sicheres Beladen und 270\u00b0 schwenkbarer Auslauf, was das direkte Entladen in einen LKW oder Karren erleichtert. Robuste Stahlkonstruktion Und gro\u00dfe pannensichere R\u00e4der, was eine lange Lebensdauer und optimale Handhabung garantiert.\" \/>\n<meta property=\"og:url\" content=\"https:\/\/sagrinex.com\/produit\/grin-thermoschleifer-70-mm-briggs-stratton-306-cc-elektrostart-bioch70\/?lang=de\" \/>\n<meta property=\"og:site_name\" content=\"Sagrinex \u2013 Anhaenger, Container &amp; Landtechnik \ud83c\udf3e\ud83d\ude9c\" \/>\n<meta property=\"article:modified_time\" content=\"2026-04-15T21:12:21+00:00\" \/>\n<meta property=\"og:image\" content=\"https:\/\/sagrinex.com\/wp-content\/uploads\/2026\/03\/broyeur-thermique-grin-70mm-briggs-stratton-306cc-demarrage-electrique-bioch70.jpg\" \/>\n\t<meta property=\"og:image:width\" content=\"1200\" \/>\n\t<meta property=\"og:image:height\" content=\"1372\" \/>\n\t<meta property=\"og:image:type\" content=\"image\/jpeg\" \/>\n<meta name=\"twitter:card\" content=\"summary_large_image\" \/>\n<meta name=\"twitter:label1\" content=\"Gesch\u00e4tzte Lesezeit\" \/>\n\t<meta name=\"twitter:data1\" content=\"2\u00a0Minuten\" \/>\n<script type=\"application\/ld+json\" class=\"yoast-schema-graph\">{\"@context\":\"https:\\\/\\\/schema.org\",\"@graph\":[{\"@type\":\"WebPage\",\"@id\":\"https:\\\/\\\/sagrinex.com\\\/produit\\\/grin-thermoschleifer-70-mm-briggs-stratton-306-cc-elektrostart-bioch70\\\/?lang=de\",\"url\":\"https:\\\/\\\/sagrinex.com\\\/produit\\\/grin-thermoschleifer-70-mm-briggs-stratton-306-cc-elektrostart-bioch70\\\/?lang=de\",\"name\":\"Grin Thermoschleifer, 70 Mm, Briggs Stratton 306 Cc, Elektrostart \u2013 BIOCH70 - Sagrinex \u2013 Anhaenger, Container &amp; Landtechnik \ud83c\udf3e\ud83d\ude9c\",\"isPartOf\":{\"@id\":\"https:\\\/\\\/sagrinex.com\\\/#website\"},\"primaryImageOfPage\":{\"@id\":\"https:\\\/\\\/sagrinex.com\\\/produit\\\/grin-thermoschleifer-70-mm-briggs-stratton-306-cc-elektrostart-bioch70\\\/?lang=de#primaryimage\"},\"image\":{\"@id\":\"https:\\\/\\\/sagrinex.com\\\/produit\\\/grin-thermoschleifer-70-mm-briggs-stratton-306-cc-elektrostart-bioch70\\\/?lang=de#primaryimage\"},\"thumbnailUrl\":\"https:\\\/\\\/sagrinex.com\\\/wp-content\\\/uploads\\\/2026\\\/03\\\/broyeur-thermique-grin-70mm-briggs-stratton-306cc-demarrage-electrique-bioch70.jpg\",\"datePublished\":\"2026-04-15T09:27:24+00:00\",\"dateModified\":\"2026-04-15T21:12:21+00:00\",\"breadcrumb\":{\"@id\":\"https:\\\/\\\/sagrinex.com\\\/produit\\\/grin-thermoschleifer-70-mm-briggs-stratton-306-cc-elektrostart-bioch70\\\/?lang=de#breadcrumb\"},\"inLanguage\":\"de\",\"potentialAction\":[{\"@type\":\"ReadAction\",\"target\":[\"https:\\\/\\\/sagrinex.com\\\/produit\\\/grin-thermoschleifer-70-mm-briggs-stratton-306-cc-elektrostart-bioch70\\\/?lang=de\"]}]},{\"@type\":\"ImageObject\",\"inLanguage\":\"de\",\"@id\":\"https:\\\/\\\/sagrinex.com\\\/produit\\\/grin-thermoschleifer-70-mm-briggs-stratton-306-cc-elektrostart-bioch70\\\/?lang=de#primaryimage\",\"url\":\"https:\\\/\\\/sagrinex.com\\\/wp-content\\\/uploads\\\/2026\\\/03\\\/broyeur-thermique-grin-70mm-briggs-stratton-306cc-demarrage-electrique-bioch70.jpg\",\"contentUrl\":\"https:\\\/\\\/sagrinex.com\\\/wp-content\\\/uploads\\\/2026\\\/03\\\/broyeur-thermique-grin-70mm-briggs-stratton-306cc-demarrage-electrique-bioch70.jpg\",\"width\":1200,\"height\":1372},{\"@type\":\"BreadcrumbList\",\"@id\":\"https:\\\/\\\/sagrinex.com\\\/produit\\\/grin-thermoschleifer-70-mm-briggs-stratton-306-cc-elektrostart-bioch70\\\/?lang=de#breadcrumb\",\"itemListElement\":[{\"@type\":\"ListItem\",\"position\":1,\"name\":\"Accueil\",\"item\":\"https:\\\/\\\/sagrinex.com\\\/?lang=de\"},{\"@type\":\"ListItem\",\"position\":2,\"name\":\"Shop\",\"item\":\"https:\\\/\\\/sagrinex.com\\\/shop\\\/\"},{\"@type\":\"ListItem\",\"position\":3,\"name\":\"Grin Thermoschleifer, 70 Mm, Briggs Stratton 306 Cc, Elektrostart \u2013 BIOCH70\"}]},{\"@type\":\"WebSite\",\"@id\":\"https:\\\/\\\/sagrinex.com\\\/#website\",\"url\":\"https:\\\/\\\/sagrinex.com\\\/\",\"name\":\"Sagrinex \u2013 Spezialist f\u00fcr Anh\u00e4nger, Container & Landtechnik\",\"description\":\"Anhaenger, Container &amp; Landtechnik \u2014 Online-Verkauf &amp; kostenloses Angebot\",\"publisher\":{\"@id\":\"https:\\\/\\\/sagrinex.com\\\/#organization\"},\"potentialAction\":[{\"@type\":\"SearchAction\",\"target\":{\"@type\":\"EntryPoint\",\"urlTemplate\":\"https:\\\/\\\/sagrinex.com\\\/?s={search_term_string}\"},\"query-input\":{\"@type\":\"PropertyValueSpecification\",\"valueRequired\":true,\"valueName\":\"search_term_string\"}}],\"inLanguage\":\"de\"},{\"@type\":\"Organization\",\"@id\":\"https:\\\/\\\/sagrinex.com\\\/#organization\",\"name\":\"Sagrinex \u2013 Remorques, Conteneurs & Mat\u00e9riel Agricole\",\"url\":\"https:\\\/\\\/sagrinex.com\\\/\",\"logo\":{\"@type\":\"ImageObject\",\"inLanguage\":\"de\",\"@id\":\"https:\\\/\\\/sagrinex.com\\\/#\\\/schema\\\/logo\\\/image\\\/\",\"url\":\"https:\\\/\\\/sagrinex.com\\\/wp-content\\\/uploads\\\/2026\\\/03\\\/7f1ac463-ef5a-425d-bdd6-a5da03a334a9-1024x683.png\",\"contentUrl\":\"https:\\\/\\\/sagrinex.com\\\/wp-content\\\/uploads\\\/2026\\\/03\\\/7f1ac463-ef5a-425d-bdd6-a5da03a334a9-1024x683.png\",\"width\":1024,\"height\":683,\"caption\":\"Sagrinex \u2013 Remorques, Conteneurs & Mat\u00e9riel Agricole\"},\"image\":{\"@id\":\"https:\\\/\\\/sagrinex.com\\\/#\\\/schema\\\/logo\\\/image\\\/\"}}]}<\/script>\n<!-- \/ Yoast SEO plugin. -->","yoast_head_json":{"title":"Grin Thermoschleifer, 70 Mm, Briggs Stratton 306 Cc, Elektrostart \u2013 BIOCH70 - Sagrinex \u2013 Anhaenger, Container &amp; Landtechnik \ud83c\udf3e\ud83d\ude9c","robots":{"index":"index","follow":"follow","max-snippet":"max-snippet:-1","max-image-preview":"max-image-preview:large","max-video-preview":"max-video-preview:-1"},"canonical":"https:\/\/sagrinex.com\/produit\/grin-thermoschleifer-70-mm-briggs-stratton-306-cc-elektrostart-bioch70\/?lang=de","og_locale":"de_DE","og_type":"article","og_title":"Grin Thermoschleifer, 70 Mm, Briggs Stratton 306 Cc, Elektrostart \u2013 BIOCH70 - Sagrinex \u2013 Anhaenger, Container &amp; Landtechnik \ud83c\udf3e\ud83d\ude9c","og_description":"Kompakte und leistungsstarke M\u00fchle, ideal f\u00fcr Landschaftsg\u00e4rtner, Landwirte und anspruchsvolle Privatpersonen, in der Lage, \u00c4ste bis zu zerkleinern 70\u201375 mm Durchmesser, einschlie\u00dflich faseriger H\u00f6lzer wie Oliven- und Palmenb\u00e4ume. Briggs &amp; Stratton XR 1450-Motor 306 cm3 mit Elektrostartund liefert zuverl\u00e4ssige Leistung f\u00fcr anspruchsvolle Arbeiten. GRIN-Schleifsystem mit 340-mm-Scheibe, 2 Messer und 12 H\u00e4mmer f\u00fcr ein feines und schnelles Mulchen, auch f\u00fcr faserige Abf\u00e4lle. Hoher und breiter Trichter f\u00fcr sicheres Beladen und 270\u00b0 schwenkbarer Auslauf, was das direkte Entladen in einen LKW oder Karren erleichtert. Robuste Stahlkonstruktion Und gro\u00dfe pannensichere R\u00e4der, was eine lange Lebensdauer und optimale Handhabung garantiert.","og_url":"https:\/\/sagrinex.com\/produit\/grin-thermoschleifer-70-mm-briggs-stratton-306-cc-elektrostart-bioch70\/?lang=de","og_site_name":"Sagrinex \u2013 Anhaenger, Container &amp; Landtechnik \ud83c\udf3e\ud83d\ude9c","article_modified_time":"2026-04-15T21:12:21+00:00","og_image":[{"width":1200,"height":1372,"url":"https:\/\/sagrinex.com\/wp-content\/uploads\/2026\/03\/broyeur-thermique-grin-70mm-briggs-stratton-306cc-demarrage-electrique-bioch70.jpg","type":"image\/jpeg"}],"twitter_card":"summary_large_image","twitter_misc":{"Gesch\u00e4tzte Lesezeit":"2\u00a0Minuten"},"schema":{"@context":"https:\/\/schema.org","@graph":[{"@type":"WebPage","@id":"https:\/\/sagrinex.com\/produit\/grin-thermoschleifer-70-mm-briggs-stratton-306-cc-elektrostart-bioch70\/?lang=de","url":"https:\/\/sagrinex.com\/produit\/grin-thermoschleifer-70-mm-briggs-stratton-306-cc-elektrostart-bioch70\/?lang=de","name":"Grin Thermoschleifer, 70 Mm, Briggs Stratton 306 Cc, Elektrostart \u2013 BIOCH70 - Sagrinex \u2013 Anhaenger, Container &amp; Landtechnik \ud83c\udf3e\ud83d\ude9c","isPartOf":{"@id":"https:\/\/sagrinex.com\/#website"},"primaryImageOfPage":{"@id":"https:\/\/sagrinex.com\/produit\/grin-thermoschleifer-70-mm-briggs-stratton-306-cc-elektrostart-bioch70\/?lang=de#primaryimage"},"image":{"@id":"https:\/\/sagrinex.com\/produit\/grin-thermoschleifer-70-mm-briggs-stratton-306-cc-elektrostart-bioch70\/?lang=de#primaryimage"},"thumbnailUrl":"https:\/\/sagrinex.com\/wp-content\/uploads\/2026\/03\/broyeur-thermique-grin-70mm-briggs-stratton-306cc-demarrage-electrique-bioch70.jpg","datePublished":"2026-04-15T09:27:24+00:00","dateModified":"2026-04-15T21:12:21+00:00","breadcrumb":{"@id":"https:\/\/sagrinex.com\/produit\/grin-thermoschleifer-70-mm-briggs-stratton-306-cc-elektrostart-bioch70\/?lang=de#breadcrumb"},"inLanguage":"de","potentialAction":[{"@type":"ReadAction","target":["https:\/\/sagrinex.com\/produit\/grin-thermoschleifer-70-mm-briggs-stratton-306-cc-elektrostart-bioch70\/?lang=de"]}]},{"@type":"ImageObject","inLanguage":"de","@id":"https:\/\/sagrinex.com\/produit\/grin-thermoschleifer-70-mm-briggs-stratton-306-cc-elektrostart-bioch70\/?lang=de#primaryimage","url":"https:\/\/sagrinex.com\/wp-content\/uploads\/2026\/03\/broyeur-thermique-grin-70mm-briggs-stratton-306cc-demarrage-electrique-bioch70.jpg","contentUrl":"https:\/\/sagrinex.com\/wp-content\/uploads\/2026\/03\/broyeur-thermique-grin-70mm-briggs-stratton-306cc-demarrage-electrique-bioch70.jpg","width":1200,"height":1372},{"@type":"BreadcrumbList","@id":"https:\/\/sagrinex.com\/produit\/grin-thermoschleifer-70-mm-briggs-stratton-306-cc-elektrostart-bioch70\/?lang=de#breadcrumb","itemListElement":[{"@type":"ListItem","position":1,"name":"Accueil","item":"https:\/\/sagrinex.com\/?lang=de"},{"@type":"ListItem","position":2,"name":"Shop","item":"https:\/\/sagrinex.com\/shop\/"},{"@type":"ListItem","position":3,"name":"Grin Thermoschleifer, 70 Mm, Briggs Stratton 306 Cc, Elektrostart \u2013 BIOCH70"}]},{"@type":"WebSite","@id":"https:\/\/sagrinex.com\/#website","url":"https:\/\/sagrinex.com\/","name":"Sagrinex \u2013 Spezialist f\u00fcr Anh\u00e4nger, Container & Landtechnik","description":"Anhaenger, Container &amp; Landtechnik \u2014 Online-Verkauf &amp; kostenloses Angebot","publisher":{"@id":"https:\/\/sagrinex.com\/#organization"},"potentialAction":[{"@type":"SearchAction","target":{"@type":"EntryPoint","urlTemplate":"https:\/\/sagrinex.com\/?s={search_term_string}"},"query-input":{"@type":"PropertyValueSpecification","valueRequired":true,"valueName":"search_term_string"}}],"inLanguage":"de"},{"@type":"Organization","@id":"https:\/\/sagrinex.com\/#organization","name":"Sagrinex \u2013 Remorques, Conteneurs & Mat\u00e9riel Agricole","url":"https:\/\/sagrinex.com\/","logo":{"@type":"ImageObject","inLanguage":"de","@id":"https:\/\/sagrinex.com\/#\/schema\/logo\/image\/","url":"https:\/\/sagrinex.com\/wp-content\/uploads\/2026\/03\/7f1ac463-ef5a-425d-bdd6-a5da03a334a9-1024x683.png","contentUrl":"https:\/\/sagrinex.com\/wp-content\/uploads\/2026\/03\/7f1ac463-ef5a-425d-bdd6-a5da03a334a9-1024x683.png","width":1024,"height":683,"caption":"Sagrinex \u2013 Remorques, Conteneurs & Mat\u00e9riel Agricole"},"image":{"@id":"https:\/\/sagrinex.com\/#\/schema\/logo\/image\/"}}]}},"jetpack_sharing_enabled":true,"_links":{"self":[{"href":"https:\/\/sagrinex.com\/de\/wp-json\/wp\/v2\/product\/17205","targetHints":{"allow":["GET"]}}],"collection":[{"href":"https:\/\/sagrinex.com\/de\/wp-json\/wp\/v2\/product"}],"about":[{"href":"https:\/\/sagrinex.com\/de\/wp-json\/wp\/v2\/types\/product"}],"replies":[{"embeddable":true,"href":"https:\/\/sagrinex.com\/de\/wp-json\/wp\/v2\/comments?post=17205"}],"version-history":[{"count":0,"href":"https:\/\/sagrinex.com\/de\/wp-json\/wp\/v2\/product\/17205\/revisions"}],"wp:featuredmedia":[{"embeddable":true,"href":"https:\/\/sagrinex.com\/de\/wp-json\/wp\/v2\/media\/5323"}],"wp:attachment":[{"href":"https:\/\/sagrinex.com\/de\/wp-json\/wp\/v2\/media?parent=17205"}],"wp:term":[{"taxonomy":"product_brand","embeddable":true,"href":"https:\/\/sagrinex.com\/de\/wp-json\/wp\/v2\/product_brand?post=17205"},{"taxonomy":"product_cat","embeddable":true,"href":"https:\/\/sagrinex.com\/de\/wp-json\/wp\/v2\/product_cat?post=17205"},{"taxonomy":"product_tag","embeddable":true,"href":"https:\/\/sagrinex.com\/de\/wp-json\/wp\/v2\/product_tag?post=17205"}],"curies":[{"name":"wp","href":"https:\/\/api.w.org\/{rel}","templated":true}]}}