{"id":17206,"date":"2026-04-15T09:28:41","date_gmt":"2026-04-15T09:28:41","guid":{"rendered":"https:\/\/sagrinex.com\/produit\/grin-thermischer-gemuesezerkleinerer-50-mm-briggs-stratton-208-cc-elektrostart-bioch50\/"},"modified":"2026-04-15T21:12:21","modified_gmt":"2026-04-15T21:12:21","slug":"grin-thermischer-gemuesezerkleinerer-50-mm-briggs-stratton-208-cc-elektrostart-bioch50","status":"publish","type":"product","link":"https:\/\/sagrinex.com\/de\/produit\/grin-thermischer-gemuesezerkleinerer-50-mm-briggs-stratton-208-cc-elektrostart-bioch50\/","title":{"rendered":"Grin Thermischer Gem\u00fcsezerkleinerer, 50 Mm, Briggs Stratton 208 Cc, Elektrostart \u2013 BIOCH50"},"content":{"rendered":"<p>Ausgestattet mit einem effizienten Zerkleinerungssystem und einem leistungsstarken Motor verwandelt dieser thermische H\u00e4cksler schnell und einfach Zweige, Bl\u00e4tter und andere Gartenabf\u00e4lle in einen feinen und homogenen Mulch, der f\u00fcr Ihren Garten wertvoll ist.<\/p>\n<p><strong>Angepasst an die Bed\u00fcrfnisse anspruchsvoller Privatpersonen und Profis<\/strong>BIOCH50 GRIN bew\u00e4ltigt m\u00fchelos die hartn\u00e4ckigsten Gr\u00fcnabf\u00e4lle und sorgt so daf\u00fcr, dass Ihr Garten sauber und gesund bleibt. Seine solide, \u00e4u\u00dferst robuste Stahlkonstruktion garantiert eine intensive und lange Nutzung \u00fcber einen l\u00e4ngeren Zeitraum.<\/p>\n<p>Der BIOCH50 GRIN ist mit einem ausgestattet <strong>Elektrostart<\/strong> f\u00fcr einen einfachen und m\u00fchelosen Start. Der ger\u00e4umige Einf\u00fcllschacht mit 50 mm Durchmesser erleichtert das Einf\u00fchren auch sperriger \u00c4ste. Das Launcher-Startsystem bleibt bei Bedarf weiterhin verf\u00fcgbar.<\/p>\n<p><strong>Dank seiner pannensicheren GRIP GRIN-R\u00e4der und seines ergonomischen Griffs<\/strong>Der Brecher BIOCH50 GRIN bietet einfache Man\u00f6vrierf\u00e4higkeit auf jedem Gel\u00e4nde, auch auf unebenem Gel\u00e4nde.<\/p>\n","protected":false},"excerpt":{"rendered":"<ul>\n<li><strong>GRIN BIOCH50 Astzerkleinerer<\/strong>, ausgestattet mit einem Motor <strong>Briggs &amp; Stratton XR PROFESSIONAL<\/strong> von <strong>208 cm\u00b3<\/strong> mit Elektrostart.<\/li>\n<li>System von<strong> effizientes Schleifen<\/strong> <strong>GRINSEN<\/strong> Scheibe von <strong>280mm <\/strong>mit <strong>2 Klingen <\/strong>Und <strong>8 H\u00e4mmer<\/strong> zum schnellen und feinen Zerkleinern von \u00c4sten, Bl\u00e4ttern, St\u00e4ngeln usw.<\/li>\n<li><strong>50 mm Futterschacht <\/strong>im Durchmesser zum einfachen Einf\u00fchren von \u00c4sten.<\/li>\n<li>Produkt a<strong> Qualit\u00e4tsmulch,<\/strong> Ideal f\u00fcr Gartenarbeit und Remulchen.<\/li>\n<li><strong>Pannensichere GRIP GRIN-R\u00e4der, <\/strong>Einfache Man\u00f6vrierf\u00e4higkeit auf jedem Gel\u00e4nde.<\/li>\n<li>Struktur in<strong> robuster Stahl<\/strong> f\u00fcr hohe Sto\u00df- und Verschlei\u00dffestigkeit.<\/li>\n<\/ul>\n","protected":false},"featured_media":5329,"comment_status":"open","ping_status":"closed","template":"","meta":[],"product_brand":[],"product_cat":[330,322],"product_tag":[],"class_list":{"0":"post-17206","1":"product","2":"type-product","3":"status-publish","4":"has-post-thumbnail","6":"product_cat-hacksler","7":"product_cat-landwirtschaftliche-geraete-und-zubehoer","9":"first","10":"instock","11":"shipping-taxable","12":"purchasable","13":"product-type-simple"},"yoast_head":"<!-- This site is optimized with the Yoast SEO plugin v27.4 - https:\/\/yoast.com\/product\/yoast-seo-wordpress\/ -->\n<title>Grin Thermischer Gem\u00fcsezerkleinerer, 50 Mm, Briggs Stratton 208 Cc, Elektrostart \u2013 BIOCH50 - Sagrinex \u2013 Anhaenger, Container &amp; Landtechnik \ud83c\udf3e\ud83d\ude9c<\/title>\n<meta name=\"robots\" content=\"index, follow, max-snippet:-1, max-image-preview:large, max-video-preview:-1\" \/>\n<link rel=\"canonical\" href=\"https:\/\/sagrinex.com\/produit\/grin-thermischer-gemuesezerkleinerer-50-mm-briggs-stratton-208-cc-elektrostart-bioch50\/?lang=de\" \/>\n<meta property=\"og:locale\" content=\"de_DE\" \/>\n<meta property=\"og:type\" content=\"article\" \/>\n<meta property=\"og:title\" content=\"Grin Thermischer Gem\u00fcsezerkleinerer, 50 Mm, Briggs Stratton 208 Cc, Elektrostart \u2013 BIOCH50 - Sagrinex \u2013 Anhaenger, Container &amp; Landtechnik \ud83c\udf3e\ud83d\ude9c\" \/>\n<meta property=\"og:description\" content=\"GRIN BIOCH50 Astzerkleinerer, ausgestattet mit einem Motor Briggs &amp; Stratton XR PROFESSIONAL von 208 cm\u00b3 mit Elektrostart. System von effizientes Schleifen GRINSEN Scheibe von 280mm mit 2 Klingen Und 8 H\u00e4mmer zum schnellen und feinen Zerkleinern von \u00c4sten, Bl\u00e4ttern, St\u00e4ngeln usw. 50 mm Futterschacht im Durchmesser zum einfachen Einf\u00fchren von \u00c4sten. Produkt a Qualit\u00e4tsmulch, Ideal f\u00fcr Gartenarbeit und Remulchen. Pannensichere GRIP GRIN-R\u00e4der, Einfache Man\u00f6vrierf\u00e4higkeit auf jedem Gel\u00e4nde. Struktur in robuster Stahl f\u00fcr hohe Sto\u00df- und Verschlei\u00dffestigkeit.\" \/>\n<meta property=\"og:url\" content=\"https:\/\/sagrinex.com\/produit\/grin-thermischer-gemuesezerkleinerer-50-mm-briggs-stratton-208-cc-elektrostart-bioch50\/?lang=de\" \/>\n<meta property=\"og:site_name\" content=\"Sagrinex \u2013 Anhaenger, Container &amp; Landtechnik \ud83c\udf3e\ud83d\ude9c\" \/>\n<meta property=\"article:modified_time\" content=\"2026-04-15T21:12:21+00:00\" \/>\n<meta property=\"og:image\" content=\"https:\/\/sagrinex.com\/wp-content\/uploads\/2026\/03\/broyeur-de-vegetaux-thermique-grin-50mm-briggs-stratton-208cc-demarrage-electrique-bioch50.jpg\" \/>\n\t<meta property=\"og:image:width\" content=\"1200\" \/>\n\t<meta property=\"og:image:height\" content=\"1372\" \/>\n\t<meta property=\"og:image:type\" content=\"image\/jpeg\" \/>\n<meta name=\"twitter:card\" content=\"summary_large_image\" \/>\n<meta name=\"twitter:label1\" content=\"Gesch\u00e4tzte Lesezeit\" \/>\n\t<meta name=\"twitter:data1\" content=\"1\u00a0Minute\" \/>\n<script type=\"application\/ld+json\" class=\"yoast-schema-graph\">{\"@context\":\"https:\\\/\\\/schema.org\",\"@graph\":[{\"@type\":\"WebPage\",\"@id\":\"https:\\\/\\\/sagrinex.com\\\/produit\\\/grin-thermischer-gemuesezerkleinerer-50-mm-briggs-stratton-208-cc-elektrostart-bioch50\\\/?lang=de\",\"url\":\"https:\\\/\\\/sagrinex.com\\\/produit\\\/grin-thermischer-gemuesezerkleinerer-50-mm-briggs-stratton-208-cc-elektrostart-bioch50\\\/?lang=de\",\"name\":\"Grin Thermischer Gem\u00fcsezerkleinerer, 50 Mm, Briggs Stratton 208 Cc, Elektrostart \u2013 BIOCH50 - Sagrinex \u2013 Anhaenger, Container &amp; Landtechnik \ud83c\udf3e\ud83d\ude9c\",\"isPartOf\":{\"@id\":\"https:\\\/\\\/sagrinex.com\\\/#website\"},\"primaryImageOfPage\":{\"@id\":\"https:\\\/\\\/sagrinex.com\\\/produit\\\/grin-thermischer-gemuesezerkleinerer-50-mm-briggs-stratton-208-cc-elektrostart-bioch50\\\/?lang=de#primaryimage\"},\"image\":{\"@id\":\"https:\\\/\\\/sagrinex.com\\\/produit\\\/grin-thermischer-gemuesezerkleinerer-50-mm-briggs-stratton-208-cc-elektrostart-bioch50\\\/?lang=de#primaryimage\"},\"thumbnailUrl\":\"https:\\\/\\\/sagrinex.com\\\/wp-content\\\/uploads\\\/2026\\\/03\\\/broyeur-de-vegetaux-thermique-grin-50mm-briggs-stratton-208cc-demarrage-electrique-bioch50.jpg\",\"datePublished\":\"2026-04-15T09:28:41+00:00\",\"dateModified\":\"2026-04-15T21:12:21+00:00\",\"breadcrumb\":{\"@id\":\"https:\\\/\\\/sagrinex.com\\\/produit\\\/grin-thermischer-gemuesezerkleinerer-50-mm-briggs-stratton-208-cc-elektrostart-bioch50\\\/?lang=de#breadcrumb\"},\"inLanguage\":\"de\",\"potentialAction\":[{\"@type\":\"ReadAction\",\"target\":[\"https:\\\/\\\/sagrinex.com\\\/produit\\\/grin-thermischer-gemuesezerkleinerer-50-mm-briggs-stratton-208-cc-elektrostart-bioch50\\\/?lang=de\"]}]},{\"@type\":\"ImageObject\",\"inLanguage\":\"de\",\"@id\":\"https:\\\/\\\/sagrinex.com\\\/produit\\\/grin-thermischer-gemuesezerkleinerer-50-mm-briggs-stratton-208-cc-elektrostart-bioch50\\\/?lang=de#primaryimage\",\"url\":\"https:\\\/\\\/sagrinex.com\\\/wp-content\\\/uploads\\\/2026\\\/03\\\/broyeur-de-vegetaux-thermique-grin-50mm-briggs-stratton-208cc-demarrage-electrique-bioch50.jpg\",\"contentUrl\":\"https:\\\/\\\/sagrinex.com\\\/wp-content\\\/uploads\\\/2026\\\/03\\\/broyeur-de-vegetaux-thermique-grin-50mm-briggs-stratton-208cc-demarrage-electrique-bioch50.jpg\",\"width\":1200,\"height\":1372},{\"@type\":\"BreadcrumbList\",\"@id\":\"https:\\\/\\\/sagrinex.com\\\/produit\\\/grin-thermischer-gemuesezerkleinerer-50-mm-briggs-stratton-208-cc-elektrostart-bioch50\\\/?lang=de#breadcrumb\",\"itemListElement\":[{\"@type\":\"ListItem\",\"position\":1,\"name\":\"Accueil\",\"item\":\"https:\\\/\\\/sagrinex.com\\\/?lang=de\"},{\"@type\":\"ListItem\",\"position\":2,\"name\":\"Shop\",\"item\":\"https:\\\/\\\/sagrinex.com\\\/shop\\\/\"},{\"@type\":\"ListItem\",\"position\":3,\"name\":\"Grin Thermischer Gem\u00fcsezerkleinerer, 50 Mm, Briggs Stratton 208 Cc, Elektrostart \u2013 BIOCH50\"}]},{\"@type\":\"WebSite\",\"@id\":\"https:\\\/\\\/sagrinex.com\\\/#website\",\"url\":\"https:\\\/\\\/sagrinex.com\\\/\",\"name\":\"Sagrinex \u2013 Spezialist f\u00fcr Anh\u00e4nger, Container & Landtechnik\",\"description\":\"Anhaenger, Container &amp; Landtechnik \u2014 Online-Verkauf &amp; kostenloses Angebot\",\"publisher\":{\"@id\":\"https:\\\/\\\/sagrinex.com\\\/#organization\"},\"potentialAction\":[{\"@type\":\"SearchAction\",\"target\":{\"@type\":\"EntryPoint\",\"urlTemplate\":\"https:\\\/\\\/sagrinex.com\\\/?s={search_term_string}\"},\"query-input\":{\"@type\":\"PropertyValueSpecification\",\"valueRequired\":true,\"valueName\":\"search_term_string\"}}],\"inLanguage\":\"de\"},{\"@type\":\"Organization\",\"@id\":\"https:\\\/\\\/sagrinex.com\\\/#organization\",\"name\":\"Sagrinex \u2013 Remorques, Conteneurs & Mat\u00e9riel Agricole\",\"url\":\"https:\\\/\\\/sagrinex.com\\\/\",\"logo\":{\"@type\":\"ImageObject\",\"inLanguage\":\"de\",\"@id\":\"https:\\\/\\\/sagrinex.com\\\/#\\\/schema\\\/logo\\\/image\\\/\",\"url\":\"https:\\\/\\\/sagrinex.com\\\/wp-content\\\/uploads\\\/2026\\\/03\\\/7f1ac463-ef5a-425d-bdd6-a5da03a334a9-1024x683.png\",\"contentUrl\":\"https:\\\/\\\/sagrinex.com\\\/wp-content\\\/uploads\\\/2026\\\/03\\\/7f1ac463-ef5a-425d-bdd6-a5da03a334a9-1024x683.png\",\"width\":1024,\"height\":683,\"caption\":\"Sagrinex \u2013 Remorques, Conteneurs & Mat\u00e9riel Agricole\"},\"image\":{\"@id\":\"https:\\\/\\\/sagrinex.com\\\/#\\\/schema\\\/logo\\\/image\\\/\"}}]}<\/script>\n<!-- \/ Yoast SEO plugin. -->","yoast_head_json":{"title":"Grin Thermischer Gem\u00fcsezerkleinerer, 50 Mm, Briggs Stratton 208 Cc, Elektrostart \u2013 BIOCH50 - Sagrinex \u2013 Anhaenger, Container &amp; Landtechnik \ud83c\udf3e\ud83d\ude9c","robots":{"index":"index","follow":"follow","max-snippet":"max-snippet:-1","max-image-preview":"max-image-preview:large","max-video-preview":"max-video-preview:-1"},"canonical":"https:\/\/sagrinex.com\/produit\/grin-thermischer-gemuesezerkleinerer-50-mm-briggs-stratton-208-cc-elektrostart-bioch50\/?lang=de","og_locale":"de_DE","og_type":"article","og_title":"Grin Thermischer Gem\u00fcsezerkleinerer, 50 Mm, Briggs Stratton 208 Cc, Elektrostart \u2013 BIOCH50 - Sagrinex \u2013 Anhaenger, Container &amp; Landtechnik \ud83c\udf3e\ud83d\ude9c","og_description":"GRIN BIOCH50 Astzerkleinerer, ausgestattet mit einem Motor Briggs &amp; Stratton XR PROFESSIONAL von 208 cm\u00b3 mit Elektrostart. System von effizientes Schleifen GRINSEN Scheibe von 280mm mit 2 Klingen Und 8 H\u00e4mmer zum schnellen und feinen Zerkleinern von \u00c4sten, Bl\u00e4ttern, St\u00e4ngeln usw. 50 mm Futterschacht im Durchmesser zum einfachen Einf\u00fchren von \u00c4sten. Produkt a Qualit\u00e4tsmulch, Ideal f\u00fcr Gartenarbeit und Remulchen. Pannensichere GRIP GRIN-R\u00e4der, Einfache Man\u00f6vrierf\u00e4higkeit auf jedem Gel\u00e4nde. Struktur in robuster Stahl f\u00fcr hohe Sto\u00df- und Verschlei\u00dffestigkeit.","og_url":"https:\/\/sagrinex.com\/produit\/grin-thermischer-gemuesezerkleinerer-50-mm-briggs-stratton-208-cc-elektrostart-bioch50\/?lang=de","og_site_name":"Sagrinex \u2013 Anhaenger, Container &amp; Landtechnik \ud83c\udf3e\ud83d\ude9c","article_modified_time":"2026-04-15T21:12:21+00:00","og_image":[{"width":1200,"height":1372,"url":"https:\/\/sagrinex.com\/wp-content\/uploads\/2026\/03\/broyeur-de-vegetaux-thermique-grin-50mm-briggs-stratton-208cc-demarrage-electrique-bioch50.jpg","type":"image\/jpeg"}],"twitter_card":"summary_large_image","twitter_misc":{"Gesch\u00e4tzte Lesezeit":"1\u00a0Minute"},"schema":{"@context":"https:\/\/schema.org","@graph":[{"@type":"WebPage","@id":"https:\/\/sagrinex.com\/produit\/grin-thermischer-gemuesezerkleinerer-50-mm-briggs-stratton-208-cc-elektrostart-bioch50\/?lang=de","url":"https:\/\/sagrinex.com\/produit\/grin-thermischer-gemuesezerkleinerer-50-mm-briggs-stratton-208-cc-elektrostart-bioch50\/?lang=de","name":"Grin Thermischer Gem\u00fcsezerkleinerer, 50 Mm, Briggs Stratton 208 Cc, Elektrostart \u2013 BIOCH50 - Sagrinex \u2013 Anhaenger, Container &amp; Landtechnik \ud83c\udf3e\ud83d\ude9c","isPartOf":{"@id":"https:\/\/sagrinex.com\/#website"},"primaryImageOfPage":{"@id":"https:\/\/sagrinex.com\/produit\/grin-thermischer-gemuesezerkleinerer-50-mm-briggs-stratton-208-cc-elektrostart-bioch50\/?lang=de#primaryimage"},"image":{"@id":"https:\/\/sagrinex.com\/produit\/grin-thermischer-gemuesezerkleinerer-50-mm-briggs-stratton-208-cc-elektrostart-bioch50\/?lang=de#primaryimage"},"thumbnailUrl":"https:\/\/sagrinex.com\/wp-content\/uploads\/2026\/03\/broyeur-de-vegetaux-thermique-grin-50mm-briggs-stratton-208cc-demarrage-electrique-bioch50.jpg","datePublished":"2026-04-15T09:28:41+00:00","dateModified":"2026-04-15T21:12:21+00:00","breadcrumb":{"@id":"https:\/\/sagrinex.com\/produit\/grin-thermischer-gemuesezerkleinerer-50-mm-briggs-stratton-208-cc-elektrostart-bioch50\/?lang=de#breadcrumb"},"inLanguage":"de","potentialAction":[{"@type":"ReadAction","target":["https:\/\/sagrinex.com\/produit\/grin-thermischer-gemuesezerkleinerer-50-mm-briggs-stratton-208-cc-elektrostart-bioch50\/?lang=de"]}]},{"@type":"ImageObject","inLanguage":"de","@id":"https:\/\/sagrinex.com\/produit\/grin-thermischer-gemuesezerkleinerer-50-mm-briggs-stratton-208-cc-elektrostart-bioch50\/?lang=de#primaryimage","url":"https:\/\/sagrinex.com\/wp-content\/uploads\/2026\/03\/broyeur-de-vegetaux-thermique-grin-50mm-briggs-stratton-208cc-demarrage-electrique-bioch50.jpg","contentUrl":"https:\/\/sagrinex.com\/wp-content\/uploads\/2026\/03\/broyeur-de-vegetaux-thermique-grin-50mm-briggs-stratton-208cc-demarrage-electrique-bioch50.jpg","width":1200,"height":1372},{"@type":"BreadcrumbList","@id":"https:\/\/sagrinex.com\/produit\/grin-thermischer-gemuesezerkleinerer-50-mm-briggs-stratton-208-cc-elektrostart-bioch50\/?lang=de#breadcrumb","itemListElement":[{"@type":"ListItem","position":1,"name":"Accueil","item":"https:\/\/sagrinex.com\/?lang=de"},{"@type":"ListItem","position":2,"name":"Shop","item":"https:\/\/sagrinex.com\/shop\/"},{"@type":"ListItem","position":3,"name":"Grin Thermischer Gem\u00fcsezerkleinerer, 50 Mm, Briggs Stratton 208 Cc, Elektrostart \u2013 BIOCH50"}]},{"@type":"WebSite","@id":"https:\/\/sagrinex.com\/#website","url":"https:\/\/sagrinex.com\/","name":"Sagrinex \u2013 Spezialist f\u00fcr Anh\u00e4nger, Container & Landtechnik","description":"Anhaenger, Container &amp; Landtechnik \u2014 Online-Verkauf &amp; kostenloses Angebot","publisher":{"@id":"https:\/\/sagrinex.com\/#organization"},"potentialAction":[{"@type":"SearchAction","target":{"@type":"EntryPoint","urlTemplate":"https:\/\/sagrinex.com\/?s={search_term_string}"},"query-input":{"@type":"PropertyValueSpecification","valueRequired":true,"valueName":"search_term_string"}}],"inLanguage":"de"},{"@type":"Organization","@id":"https:\/\/sagrinex.com\/#organization","name":"Sagrinex \u2013 Remorques, Conteneurs & Mat\u00e9riel Agricole","url":"https:\/\/sagrinex.com\/","logo":{"@type":"ImageObject","inLanguage":"de","@id":"https:\/\/sagrinex.com\/#\/schema\/logo\/image\/","url":"https:\/\/sagrinex.com\/wp-content\/uploads\/2026\/03\/7f1ac463-ef5a-425d-bdd6-a5da03a334a9-1024x683.png","contentUrl":"https:\/\/sagrinex.com\/wp-content\/uploads\/2026\/03\/7f1ac463-ef5a-425d-bdd6-a5da03a334a9-1024x683.png","width":1024,"height":683,"caption":"Sagrinex \u2013 Remorques, Conteneurs & Mat\u00e9riel Agricole"},"image":{"@id":"https:\/\/sagrinex.com\/#\/schema\/logo\/image\/"}}]}},"jetpack_sharing_enabled":true,"_links":{"self":[{"href":"https:\/\/sagrinex.com\/de\/wp-json\/wp\/v2\/product\/17206","targetHints":{"allow":["GET"]}}],"collection":[{"href":"https:\/\/sagrinex.com\/de\/wp-json\/wp\/v2\/product"}],"about":[{"href":"https:\/\/sagrinex.com\/de\/wp-json\/wp\/v2\/types\/product"}],"replies":[{"embeddable":true,"href":"https:\/\/sagrinex.com\/de\/wp-json\/wp\/v2\/comments?post=17206"}],"version-history":[{"count":0,"href":"https:\/\/sagrinex.com\/de\/wp-json\/wp\/v2\/product\/17206\/revisions"}],"wp:featuredmedia":[{"embeddable":true,"href":"https:\/\/sagrinex.com\/de\/wp-json\/wp\/v2\/media\/5329"}],"wp:attachment":[{"href":"https:\/\/sagrinex.com\/de\/wp-json\/wp\/v2\/media?parent=17206"}],"wp:term":[{"taxonomy":"product_brand","embeddable":true,"href":"https:\/\/sagrinex.com\/de\/wp-json\/wp\/v2\/product_brand?post=17206"},{"taxonomy":"product_cat","embeddable":true,"href":"https:\/\/sagrinex.com\/de\/wp-json\/wp\/v2\/product_cat?post=17206"},{"taxonomy":"product_tag","embeddable":true,"href":"https:\/\/sagrinex.com\/de\/wp-json\/wp\/v2\/product_tag?post=17206"}],"curies":[{"name":"wp","href":"https:\/\/api.w.org\/{rel}","templated":true}]}}