{"id":17208,"date":"2026-04-15T09:30:13","date_gmt":"2026-04-15T09:30:13","guid":{"rendered":"https:\/\/sagrinex.com\/produit\/leistungsstarker-420-cm%c2%b3-holzhaecksler-120-mm-schleifdurchmesser-koenner-soehnen-ks-700ws\/"},"modified":"2026-04-15T21:12:21","modified_gmt":"2026-04-15T21:12:21","slug":"leistungsstarker-420-cm%c2%b3-holzhaecksler-120-mm-schleifdurchmesser-koenner-soehnen-ks-700ws","status":"publish","type":"product","link":"https:\/\/sagrinex.com\/de\/produit\/leistungsstarker-420-cm%c2%b3-holzhaecksler-120-mm-schleifdurchmesser-koenner-soehnen-ks-700ws\/","title":{"rendered":"Leistungsstarker 420-cm\u00b3-holzh\u00e4cksler, 120-mm-schleifdurchmesser K\u00f6nner S\u00f6hnen Ks 700WS"},"content":{"rendered":"<h3 data-end=\"395\" data-start=\"301\"><strong data-end=\"395\" data-start=\"305\">Thermischer Astschredder Konner &amp; Sohnen KS 700WS \u2013 Leistungsstark, robust und effizient<\/strong><\/h3>\n<p data-end=\"909\" data-start=\"397\">Der <strong data-end=\"458\" data-start=\"400\">thermische Astschredder Konner &amp; Sohnen KS 700WS<\/strong> ist eine Maschine, die entwickelt wurde, um <strong data-end=\"571\" data-start=\"487\">Gr\u00fcnschnitt und \u00c4ste bis zu gro\u00dfen Durchmessern effizient zu zerkleinern<\/strong>, und bietet eine praktische L\u00f6sung, um Gartenabf\u00e4lle in verwendbaren Mulch oder zu entsorgenden Hackschnitzel umzuwandeln. Dank seines <strong data-end=\"735\" data-start=\"701\">sehr leistungsstarken Thermomotors<\/strong> ist dieser Schredder perfekt f\u00fcr die Anforderungen anspruchsvoller Benutzer und gro\u00dfer G\u00e4rten oder Grundst\u00fccke geeignet, auf denen gro\u00dfe Mengen an Holz und Pflanzenmaterial zu verarbeiten sind.<\/p>\n<h3 data-end=\"960\" data-start=\"911\"><strong data-end=\"960\" data-start=\"915\">Thermomotor 420 cc hochperformant<\/strong><\/h3>\n<p data-end=\"1339\" data-start=\"962\">Der KS 700WS ist mit einem <strong data-end=\"1021\" data-start=\"990\">Thermomotor mit 420 cm\u00b3<\/strong> ausgestattet, der eine <strong data-end=\"1069\" data-start=\"1037\">hohe und kontinuierliche Leistung<\/strong> liefert, die es erm\u00f6glicht, \u00c4ste und hartes Pflanzenmaterial leicht zu zerkleinern. Dieser Thermomotor gew\u00e4hrleistet eine dauerhaft hohe Arbeitsleistung, auch wenn das zu zerkleiner Material widerstandsf\u00e4hig oder dick ist, f\u00fcr optimale Schneid- und Zerkleinerungseffizienz bei jeder Verwendung.<\/p>\n<h3 data-end=\"1383\" data-start=\"1341\"><strong data-end=\"1383\" data-start=\"1345\">Zerkleinerungsdurchmesser bis zu 120 mm<\/strong><\/h3>\n<p data-end=\"1737\" data-start=\"1385\">Dieses Modell verf\u00fcgt \u00fcber einen <strong data-end=\"1456\" data-start=\"1408\">Zerkleinerungsdurchmesser von bis zu 120 mm<\/strong>, wodurch dicke \u00c4ste ohne Vorzerkleinerung in feinere Abschnitte verarbeitet werden k\u00f6nnen. Diese gro\u00dfe Zerkleinerungskapazit\u00e4t macht den KS 700WS besonders n\u00fctzlich f\u00fcr die Pflege gro\u00dfer Gr\u00fcnfl\u00e4chen, imposanter Hecken oder nach St\u00fcrmen gefallener B\u00e4ume.<\/p>\n<h3 data-end=\"1798\" data-start=\"1739\"><strong data-end=\"1798\" data-start=\"1743\">Robuste Konstruktion f\u00fcr intensive Nutzung<\/strong><\/h3>\n<p data-end=\"2137\" data-start=\"1800\">Der Schredder KS 700WS ist aus <strong data-end=\"1872\" data-start=\"1849\">soliden und langlebigen Materialien<\/strong> konstruiert, die den Anforderungen h\u00e4ufiger und intensiver Nutzung standhalten k\u00f6nnen. Seine robuste Struktur garantiert nicht nur eine <strong data-end=\"2021\" data-start=\"2001\">erh\u00f6hte Lebensdauer<\/strong>, sondern auch bessere Sto\u00dffestigkeit und Widerstandsf\u00e4higkeit gegen Belastungen beim Zerkleinern von h\u00e4rterem Holz.<\/p>\n<h3 data-end=\"2192\" data-start=\"2139\"><strong data-end=\"2192\" data-start=\"2143\">Vereinfachte Bedienung und angepasste Ergonomie<\/strong><\/h3>\n<p data-end=\"2544\" data-start=\"2194\">Die Maschine wurde entwickelt, um eine <strong data-end=\"2274\" data-start=\"2234\">intuitive und komfortable Bedienung<\/strong> zu bieten. Die Bedienelemente sind ergonomisch positioniert und erleichtern Inbetriebnahme und Handhabung, w\u00e4hrend das stabile Geh\u00e4use w\u00e4hrend des Schredders einen sicheren Stand gew\u00e4hrleistet. Dies erm\u00f6glicht effizientes und sicheres Arbeiten, auch \u00fcber l\u00e4ngere Zeitr\u00e4ume.<\/p>\n<h3 data-end=\"2596\" data-start=\"2546\"><strong data-end=\"2596\" data-start=\"2550\">Abfallsammlung und -verwaltungssystem<\/strong><\/h3>\n<p data-end=\"2906\" data-start=\"2598\">Der KS 700WS ist daf\u00fcr ausgelegt, \u00c4ste und Pflanzenmaterial in <strong data-end=\"2683\" data-start=\"2660\">verwendbare Hackschnitzel<\/strong> zu zerkleinern, die als Mulch f\u00fcr den Garten verwendet oder leichter entsorgt werden k\u00f6nnen. Das zerkleinertes Material wird gleichm\u00e4\u00dfig ausgesto\u00dfen, wodurch die Baustelle sauber bleibt und das Volumen der zu transportierenden Gr\u00fcnabf\u00e4lle reduziert wird.<\/p>\n<h3 data-end=\"2950\" data-start=\"2908\"><strong data-end=\"2950\" data-start=\"2912\">Sicherheit und Gebrauchsanweisungen<\/strong><\/h3>\n<p data-end=\"3401\" data-start=\"2952\">F\u00fcr eine optimale Nutzung wird empfohlen, <strong data-end=\"3052\" data-start=\"3015\">geeignete Schutzausr\u00fcstung<\/strong> zu tragen: Handschuhe, Schutzbrille, Geh\u00f6rschutz und angemessene Kleidung. Vor der ersten Inbetriebnahme sicherstellen, dass alle Teile ordnungsgem\u00e4\u00df montiert sind und dass die Motor- und Kraftstoff\u00f6lst\u00e4nde \u00fcberpr\u00fcft wurden. Beachten Sie die in der Bedienungsanleitung angegebenen Sicherheitsvorkehrungen, um einen sicheren und effizienten Betrieb zu gew\u00e4hrleisten.<\/p>\n<h3 data-end=\"3442\" data-start=\"3403\"><strong data-end=\"3442\" data-start=\"3407\">Garantie und Kundenservice<\/strong><\/h3>\n<p data-end=\"3720\" data-start=\"3444\">Dieses Modell genie\u00dft eine <strong data-end=\"3504\" data-start=\"3470\">Herstellergarantie von 2 Jahren<\/strong> und bietet nach dem Kauf Ruhe. Es wird auch empfohlen, die mit dem Produkt gelieferte Bedienungsanleitung vor jeder Verwendung sorgf\u00e4ltig zu lesen, um einen <strong data-end=\"3719\" data-start=\"3681\">optimalen und sicheren Betrieb<\/strong> zu gew\u00e4hrleisten.<\/p>\n","protected":false},"excerpt":{"rendered":"<ul>\n<li>Sehr leistungsstarker Thermoschleifer in professioneller Qualit\u00e4t <strong>420-cm\u00b3-Motor <\/strong>Marke K\u00f6nner &amp; S\u00f6hnen und deutsche Qualit\u00e4t.<\/li>\n<li>Eine zentrale Rutsche f\u00fcr alle Gr\u00fcnabf\u00e4lle f\u00fcr Durchmesser <strong>bis zu 120mm.<\/strong><\/li>\n<li>Leicht transportierbar dank Deichsel.<\/li>\n<li>Geh\u00e4rtete Stahlklingen f\u00fcr Haltbarkeit und St\u00e4rke.<\/li>\n<li>Vertikaler Spanauswurf mit Auswurfh\u00f6henverstellung.<\/li>\n<li>Lieferung mit Zubeh\u00f6rsatz.<\/li>\n<li>2 Jahre Garantie.<\/li>\n<\/ul>\n","protected":false},"featured_media":5340,"comment_status":"open","ping_status":"closed","template":"","meta":[],"product_brand":[],"product_cat":[330,322],"product_tag":[],"class_list":{"0":"post-17208","1":"product","2":"type-product","3":"status-publish","4":"has-post-thumbnail","6":"product_cat-hacksler","7":"product_cat-landwirtschaftliche-geraete-und-zubehoer","9":"first","10":"instock","11":"shipping-taxable","12":"purchasable","13":"product-type-simple"},"yoast_head":"<!-- This site is optimized with the Yoast SEO plugin v27.4 - https:\/\/yoast.com\/product\/yoast-seo-wordpress\/ -->\n<title>Leistungsstarker 420-cm\u00b3-holzh\u00e4cksler, 120-mm-schleifdurchmesser K\u00f6nner S\u00f6hnen Ks 700WS - Sagrinex \u2013 Anhaenger, Container &amp; Landtechnik \ud83c\udf3e\ud83d\ude9c<\/title>\n<meta name=\"robots\" content=\"index, follow, max-snippet:-1, max-image-preview:large, max-video-preview:-1\" \/>\n<link rel=\"canonical\" href=\"https:\/\/sagrinex.com\/produit\/leistungsstarker-420-cm\u00b3-holzhaecksler-120-mm-schleifdurchmesser-koenner-soehnen-ks-700ws\/?lang=de\" \/>\n<meta property=\"og:locale\" content=\"de_DE\" \/>\n<meta property=\"og:type\" content=\"article\" \/>\n<meta property=\"og:title\" content=\"Leistungsstarker 420-cm\u00b3-holzh\u00e4cksler, 120-mm-schleifdurchmesser K\u00f6nner S\u00f6hnen Ks 700WS - Sagrinex \u2013 Anhaenger, Container &amp; Landtechnik \ud83c\udf3e\ud83d\ude9c\" \/>\n<meta property=\"og:description\" content=\"Sehr leistungsstarker Thermoschleifer in professioneller Qualit\u00e4t 420-cm\u00b3-Motor Marke K\u00f6nner &amp; S\u00f6hnen und deutsche Qualit\u00e4t. Eine zentrale Rutsche f\u00fcr alle Gr\u00fcnabf\u00e4lle f\u00fcr Durchmesser bis zu 120mm. Leicht transportierbar dank Deichsel. Geh\u00e4rtete Stahlklingen f\u00fcr Haltbarkeit und St\u00e4rke. Vertikaler Spanauswurf mit Auswurfh\u00f6henverstellung. Lieferung mit Zubeh\u00f6rsatz. 2 Jahre Garantie.\" \/>\n<meta property=\"og:url\" content=\"https:\/\/sagrinex.com\/produit\/leistungsstarker-420-cm\u00b3-holzhaecksler-120-mm-schleifdurchmesser-koenner-soehnen-ks-700ws\/?lang=de\" \/>\n<meta property=\"og:site_name\" content=\"Sagrinex \u2013 Anhaenger, Container &amp; Landtechnik \ud83c\udf3e\ud83d\ude9c\" \/>\n<meta property=\"article:modified_time\" content=\"2026-04-15T21:12:21+00:00\" \/>\n<meta property=\"og:image\" content=\"https:\/\/sagrinex.com\/wp-content\/uploads\/2026\/03\/broyeur-de-branches-puissant-de-420cc-diametre-de-broyage-de-120mm-konner-sohnen-ks-700ws.jpg\" \/>\n\t<meta property=\"og:image:width\" content=\"1200\" \/>\n\t<meta property=\"og:image:height\" content=\"1372\" \/>\n\t<meta property=\"og:image:type\" content=\"image\/jpeg\" \/>\n<meta name=\"twitter:card\" content=\"summary_large_image\" \/>\n<meta name=\"twitter:label1\" content=\"Gesch\u00e4tzte Lesezeit\" \/>\n\t<meta name=\"twitter:data1\" content=\"2\u00a0Minuten\" \/>\n<script type=\"application\/ld+json\" class=\"yoast-schema-graph\">{\"@context\":\"https:\\\/\\\/schema.org\",\"@graph\":[{\"@type\":\"WebPage\",\"@id\":\"https:\\\/\\\/sagrinex.com\\\/produit\\\/leistungsstarker-420-cm%c2%b3-holzhaecksler-120-mm-schleifdurchmesser-koenner-soehnen-ks-700ws\\\/?lang=de\",\"url\":\"https:\\\/\\\/sagrinex.com\\\/produit\\\/leistungsstarker-420-cm%c2%b3-holzhaecksler-120-mm-schleifdurchmesser-koenner-soehnen-ks-700ws\\\/?lang=de\",\"name\":\"Leistungsstarker 420-cm\u00b3-holzh\u00e4cksler, 120-mm-schleifdurchmesser K\u00f6nner S\u00f6hnen Ks 700WS - Sagrinex \u2013 Anhaenger, Container &amp; Landtechnik \ud83c\udf3e\ud83d\ude9c\",\"isPartOf\":{\"@id\":\"https:\\\/\\\/sagrinex.com\\\/#website\"},\"primaryImageOfPage\":{\"@id\":\"https:\\\/\\\/sagrinex.com\\\/produit\\\/leistungsstarker-420-cm%c2%b3-holzhaecksler-120-mm-schleifdurchmesser-koenner-soehnen-ks-700ws\\\/?lang=de#primaryimage\"},\"image\":{\"@id\":\"https:\\\/\\\/sagrinex.com\\\/produit\\\/leistungsstarker-420-cm%c2%b3-holzhaecksler-120-mm-schleifdurchmesser-koenner-soehnen-ks-700ws\\\/?lang=de#primaryimage\"},\"thumbnailUrl\":\"https:\\\/\\\/sagrinex.com\\\/wp-content\\\/uploads\\\/2026\\\/03\\\/broyeur-de-branches-puissant-de-420cc-diametre-de-broyage-de-120mm-konner-sohnen-ks-700ws.jpg\",\"datePublished\":\"2026-04-15T09:30:13+00:00\",\"dateModified\":\"2026-04-15T21:12:21+00:00\",\"breadcrumb\":{\"@id\":\"https:\\\/\\\/sagrinex.com\\\/produit\\\/leistungsstarker-420-cm%c2%b3-holzhaecksler-120-mm-schleifdurchmesser-koenner-soehnen-ks-700ws\\\/?lang=de#breadcrumb\"},\"inLanguage\":\"de\",\"potentialAction\":[{\"@type\":\"ReadAction\",\"target\":[\"https:\\\/\\\/sagrinex.com\\\/produit\\\/leistungsstarker-420-cm%c2%b3-holzhaecksler-120-mm-schleifdurchmesser-koenner-soehnen-ks-700ws\\\/?lang=de\"]}]},{\"@type\":\"ImageObject\",\"inLanguage\":\"de\",\"@id\":\"https:\\\/\\\/sagrinex.com\\\/produit\\\/leistungsstarker-420-cm%c2%b3-holzhaecksler-120-mm-schleifdurchmesser-koenner-soehnen-ks-700ws\\\/?lang=de#primaryimage\",\"url\":\"https:\\\/\\\/sagrinex.com\\\/wp-content\\\/uploads\\\/2026\\\/03\\\/broyeur-de-branches-puissant-de-420cc-diametre-de-broyage-de-120mm-konner-sohnen-ks-700ws.jpg\",\"contentUrl\":\"https:\\\/\\\/sagrinex.com\\\/wp-content\\\/uploads\\\/2026\\\/03\\\/broyeur-de-branches-puissant-de-420cc-diametre-de-broyage-de-120mm-konner-sohnen-ks-700ws.jpg\",\"width\":1200,\"height\":1372},{\"@type\":\"BreadcrumbList\",\"@id\":\"https:\\\/\\\/sagrinex.com\\\/produit\\\/leistungsstarker-420-cm%c2%b3-holzhaecksler-120-mm-schleifdurchmesser-koenner-soehnen-ks-700ws\\\/?lang=de#breadcrumb\",\"itemListElement\":[{\"@type\":\"ListItem\",\"position\":1,\"name\":\"Accueil\",\"item\":\"https:\\\/\\\/sagrinex.com\\\/?lang=de\"},{\"@type\":\"ListItem\",\"position\":2,\"name\":\"Shop\",\"item\":\"https:\\\/\\\/sagrinex.com\\\/shop\\\/\"},{\"@type\":\"ListItem\",\"position\":3,\"name\":\"Leistungsstarker 420-cm\u00b3-holzh\u00e4cksler, 120-mm-schleifdurchmesser K\u00f6nner S\u00f6hnen Ks 700WS\"}]},{\"@type\":\"WebSite\",\"@id\":\"https:\\\/\\\/sagrinex.com\\\/#website\",\"url\":\"https:\\\/\\\/sagrinex.com\\\/\",\"name\":\"Sagrinex \u2013 Spezialist f\u00fcr Anh\u00e4nger, Container & Landtechnik\",\"description\":\"Anhaenger, Container &amp; Landtechnik \u2014 Online-Verkauf &amp; kostenloses Angebot\",\"publisher\":{\"@id\":\"https:\\\/\\\/sagrinex.com\\\/#organization\"},\"potentialAction\":[{\"@type\":\"SearchAction\",\"target\":{\"@type\":\"EntryPoint\",\"urlTemplate\":\"https:\\\/\\\/sagrinex.com\\\/?s={search_term_string}\"},\"query-input\":{\"@type\":\"PropertyValueSpecification\",\"valueRequired\":true,\"valueName\":\"search_term_string\"}}],\"inLanguage\":\"de\"},{\"@type\":\"Organization\",\"@id\":\"https:\\\/\\\/sagrinex.com\\\/#organization\",\"name\":\"Sagrinex \u2013 Remorques, Conteneurs & Mat\u00e9riel Agricole\",\"url\":\"https:\\\/\\\/sagrinex.com\\\/\",\"logo\":{\"@type\":\"ImageObject\",\"inLanguage\":\"de\",\"@id\":\"https:\\\/\\\/sagrinex.com\\\/#\\\/schema\\\/logo\\\/image\\\/\",\"url\":\"https:\\\/\\\/sagrinex.com\\\/wp-content\\\/uploads\\\/2026\\\/03\\\/7f1ac463-ef5a-425d-bdd6-a5da03a334a9-1024x683.png\",\"contentUrl\":\"https:\\\/\\\/sagrinex.com\\\/wp-content\\\/uploads\\\/2026\\\/03\\\/7f1ac463-ef5a-425d-bdd6-a5da03a334a9-1024x683.png\",\"width\":1024,\"height\":683,\"caption\":\"Sagrinex \u2013 Remorques, Conteneurs & Mat\u00e9riel Agricole\"},\"image\":{\"@id\":\"https:\\\/\\\/sagrinex.com\\\/#\\\/schema\\\/logo\\\/image\\\/\"}}]}<\/script>\n<!-- \/ Yoast SEO plugin. -->","yoast_head_json":{"title":"Leistungsstarker 420-cm\u00b3-holzh\u00e4cksler, 120-mm-schleifdurchmesser K\u00f6nner S\u00f6hnen Ks 700WS - Sagrinex \u2013 Anhaenger, Container &amp; Landtechnik \ud83c\udf3e\ud83d\ude9c","robots":{"index":"index","follow":"follow","max-snippet":"max-snippet:-1","max-image-preview":"max-image-preview:large","max-video-preview":"max-video-preview:-1"},"canonical":"https:\/\/sagrinex.com\/produit\/leistungsstarker-420-cm\u00b3-holzhaecksler-120-mm-schleifdurchmesser-koenner-soehnen-ks-700ws\/?lang=de","og_locale":"de_DE","og_type":"article","og_title":"Leistungsstarker 420-cm\u00b3-holzh\u00e4cksler, 120-mm-schleifdurchmesser K\u00f6nner S\u00f6hnen Ks 700WS - Sagrinex \u2013 Anhaenger, Container &amp; Landtechnik \ud83c\udf3e\ud83d\ude9c","og_description":"Sehr leistungsstarker Thermoschleifer in professioneller Qualit\u00e4t 420-cm\u00b3-Motor Marke K\u00f6nner &amp; S\u00f6hnen und deutsche Qualit\u00e4t. Eine zentrale Rutsche f\u00fcr alle Gr\u00fcnabf\u00e4lle f\u00fcr Durchmesser bis zu 120mm. Leicht transportierbar dank Deichsel. Geh\u00e4rtete Stahlklingen f\u00fcr Haltbarkeit und St\u00e4rke. Vertikaler Spanauswurf mit Auswurfh\u00f6henverstellung. Lieferung mit Zubeh\u00f6rsatz. 2 Jahre Garantie.","og_url":"https:\/\/sagrinex.com\/produit\/leistungsstarker-420-cm\u00b3-holzhaecksler-120-mm-schleifdurchmesser-koenner-soehnen-ks-700ws\/?lang=de","og_site_name":"Sagrinex \u2013 Anhaenger, Container &amp; Landtechnik \ud83c\udf3e\ud83d\ude9c","article_modified_time":"2026-04-15T21:12:21+00:00","og_image":[{"width":1200,"height":1372,"url":"https:\/\/sagrinex.com\/wp-content\/uploads\/2026\/03\/broyeur-de-branches-puissant-de-420cc-diametre-de-broyage-de-120mm-konner-sohnen-ks-700ws.jpg","type":"image\/jpeg"}],"twitter_card":"summary_large_image","twitter_misc":{"Gesch\u00e4tzte Lesezeit":"2\u00a0Minuten"},"schema":{"@context":"https:\/\/schema.org","@graph":[{"@type":"WebPage","@id":"https:\/\/sagrinex.com\/produit\/leistungsstarker-420-cm%c2%b3-holzhaecksler-120-mm-schleifdurchmesser-koenner-soehnen-ks-700ws\/?lang=de","url":"https:\/\/sagrinex.com\/produit\/leistungsstarker-420-cm%c2%b3-holzhaecksler-120-mm-schleifdurchmesser-koenner-soehnen-ks-700ws\/?lang=de","name":"Leistungsstarker 420-cm\u00b3-holzh\u00e4cksler, 120-mm-schleifdurchmesser K\u00f6nner S\u00f6hnen Ks 700WS - Sagrinex \u2013 Anhaenger, Container &amp; Landtechnik \ud83c\udf3e\ud83d\ude9c","isPartOf":{"@id":"https:\/\/sagrinex.com\/#website"},"primaryImageOfPage":{"@id":"https:\/\/sagrinex.com\/produit\/leistungsstarker-420-cm%c2%b3-holzhaecksler-120-mm-schleifdurchmesser-koenner-soehnen-ks-700ws\/?lang=de#primaryimage"},"image":{"@id":"https:\/\/sagrinex.com\/produit\/leistungsstarker-420-cm%c2%b3-holzhaecksler-120-mm-schleifdurchmesser-koenner-soehnen-ks-700ws\/?lang=de#primaryimage"},"thumbnailUrl":"https:\/\/sagrinex.com\/wp-content\/uploads\/2026\/03\/broyeur-de-branches-puissant-de-420cc-diametre-de-broyage-de-120mm-konner-sohnen-ks-700ws.jpg","datePublished":"2026-04-15T09:30:13+00:00","dateModified":"2026-04-15T21:12:21+00:00","breadcrumb":{"@id":"https:\/\/sagrinex.com\/produit\/leistungsstarker-420-cm%c2%b3-holzhaecksler-120-mm-schleifdurchmesser-koenner-soehnen-ks-700ws\/?lang=de#breadcrumb"},"inLanguage":"de","potentialAction":[{"@type":"ReadAction","target":["https:\/\/sagrinex.com\/produit\/leistungsstarker-420-cm%c2%b3-holzhaecksler-120-mm-schleifdurchmesser-koenner-soehnen-ks-700ws\/?lang=de"]}]},{"@type":"ImageObject","inLanguage":"de","@id":"https:\/\/sagrinex.com\/produit\/leistungsstarker-420-cm%c2%b3-holzhaecksler-120-mm-schleifdurchmesser-koenner-soehnen-ks-700ws\/?lang=de#primaryimage","url":"https:\/\/sagrinex.com\/wp-content\/uploads\/2026\/03\/broyeur-de-branches-puissant-de-420cc-diametre-de-broyage-de-120mm-konner-sohnen-ks-700ws.jpg","contentUrl":"https:\/\/sagrinex.com\/wp-content\/uploads\/2026\/03\/broyeur-de-branches-puissant-de-420cc-diametre-de-broyage-de-120mm-konner-sohnen-ks-700ws.jpg","width":1200,"height":1372},{"@type":"BreadcrumbList","@id":"https:\/\/sagrinex.com\/produit\/leistungsstarker-420-cm%c2%b3-holzhaecksler-120-mm-schleifdurchmesser-koenner-soehnen-ks-700ws\/?lang=de#breadcrumb","itemListElement":[{"@type":"ListItem","position":1,"name":"Accueil","item":"https:\/\/sagrinex.com\/?lang=de"},{"@type":"ListItem","position":2,"name":"Shop","item":"https:\/\/sagrinex.com\/shop\/"},{"@type":"ListItem","position":3,"name":"Leistungsstarker 420-cm\u00b3-holzh\u00e4cksler, 120-mm-schleifdurchmesser K\u00f6nner S\u00f6hnen Ks 700WS"}]},{"@type":"WebSite","@id":"https:\/\/sagrinex.com\/#website","url":"https:\/\/sagrinex.com\/","name":"Sagrinex \u2013 Spezialist f\u00fcr Anh\u00e4nger, Container & Landtechnik","description":"Anhaenger, Container &amp; Landtechnik \u2014 Online-Verkauf &amp; kostenloses Angebot","publisher":{"@id":"https:\/\/sagrinex.com\/#organization"},"potentialAction":[{"@type":"SearchAction","target":{"@type":"EntryPoint","urlTemplate":"https:\/\/sagrinex.com\/?s={search_term_string}"},"query-input":{"@type":"PropertyValueSpecification","valueRequired":true,"valueName":"search_term_string"}}],"inLanguage":"de"},{"@type":"Organization","@id":"https:\/\/sagrinex.com\/#organization","name":"Sagrinex \u2013 Remorques, Conteneurs & Mat\u00e9riel Agricole","url":"https:\/\/sagrinex.com\/","logo":{"@type":"ImageObject","inLanguage":"de","@id":"https:\/\/sagrinex.com\/#\/schema\/logo\/image\/","url":"https:\/\/sagrinex.com\/wp-content\/uploads\/2026\/03\/7f1ac463-ef5a-425d-bdd6-a5da03a334a9-1024x683.png","contentUrl":"https:\/\/sagrinex.com\/wp-content\/uploads\/2026\/03\/7f1ac463-ef5a-425d-bdd6-a5da03a334a9-1024x683.png","width":1024,"height":683,"caption":"Sagrinex \u2013 Remorques, Conteneurs & Mat\u00e9riel Agricole"},"image":{"@id":"https:\/\/sagrinex.com\/#\/schema\/logo\/image\/"}}]}},"jetpack_sharing_enabled":true,"_links":{"self":[{"href":"https:\/\/sagrinex.com\/de\/wp-json\/wp\/v2\/product\/17208","targetHints":{"allow":["GET"]}}],"collection":[{"href":"https:\/\/sagrinex.com\/de\/wp-json\/wp\/v2\/product"}],"about":[{"href":"https:\/\/sagrinex.com\/de\/wp-json\/wp\/v2\/types\/product"}],"replies":[{"embeddable":true,"href":"https:\/\/sagrinex.com\/de\/wp-json\/wp\/v2\/comments?post=17208"}],"version-history":[{"count":0,"href":"https:\/\/sagrinex.com\/de\/wp-json\/wp\/v2\/product\/17208\/revisions"}],"wp:featuredmedia":[{"embeddable":true,"href":"https:\/\/sagrinex.com\/de\/wp-json\/wp\/v2\/media\/5340"}],"wp:attachment":[{"href":"https:\/\/sagrinex.com\/de\/wp-json\/wp\/v2\/media?parent=17208"}],"wp:term":[{"taxonomy":"product_brand","embeddable":true,"href":"https:\/\/sagrinex.com\/de\/wp-json\/wp\/v2\/product_brand?post=17208"},{"taxonomy":"product_cat","embeddable":true,"href":"https:\/\/sagrinex.com\/de\/wp-json\/wp\/v2\/product_cat?post=17208"},{"taxonomy":"product_tag","embeddable":true,"href":"https:\/\/sagrinex.com\/de\/wp-json\/wp\/v2\/product_tag?post=17208"}],"curies":[{"name":"wp","href":"https:\/\/api.w.org\/{rel}","templated":true}]}}