{"id":17210,"date":"2026-04-15T09:33:36","date_gmt":"2026-04-15T09:33:36","guid":{"rendered":"https:\/\/sagrinex.com\/produit\/professioneller-benzinhaecksler-420-cc-mahldurchmesser-125-mm-hydraulische-saugpumpe-daewoo-dafwc-560au\/"},"modified":"2026-04-15T21:12:21","modified_gmt":"2026-04-15T21:12:21","slug":"professioneller-benzinhaecksler-420-cc-mahldurchmesser-125-mm-hydraulische-saugpumpe-daewoo-dafwc-560au","status":"publish","type":"product","link":"https:\/\/sagrinex.com\/de\/produit\/professioneller-benzinhaecksler-420-cc-mahldurchmesser-125-mm-hydraulische-saugpumpe-daewoo-dafwc-560au\/","title":{"rendered":"Professioneller Benzinh\u00e4cksler 420 Cc, Mahldurchmesser 125 Mm, Hydraulische Saugpumpe \u2013 Daewoo DAFWC-560AU"},"content":{"rendered":"<p>Das Herzst\u00fcck des DAFWC-560AU ist ein 420-cm\u00b3-Motor, der Zweige, trockene Bl\u00e4tter und andere Pflanzenreste bis zu einer Gr\u00f6\u00dfe von 12,5 cm m\u00fchelos zerkleinern kann.<\/p>\n<p>Keine verschwendeten Morgen mehr mit dem Kampf gegen einen widerspenstigen Starter! Der DAFWC-560AU verf\u00fcgt \u00fcber a <strong>Zuverl\u00e4ssiger Elektrostart<\/strong> So k\u00f6nnen Sie Ihre M\u00fchle im Handumdrehen starten, <strong>auch bei kaltem oder nassem Wetter, <\/strong>Der Launcher-Start bleibt bei Bedarf verf\u00fcgbar.<\/p>\n<p>Die Anh\u00e4ngerkupplung erm\u00f6glicht es Ihnen <strong>Schleppen Sie den Brecher<\/strong> Verwendung eines motorisierten Fahrzeugs, beispielsweise eines Quads, Aufsitzm\u00e4hers oder Traktors. Dadurch ist es einfacher, den Brecher \u00fcber gro\u00dfe Fl\u00e4chen zu bewegen und sorgt zudem f\u00fcr mehr Sicherheit <strong>erh\u00f6hte Stabilit\u00e4t<\/strong> maschinell, insbesondere beim Zerkleinern schwerer oder sperriger \u00c4ste.<\/p>\n<p><strong>Starke Saugleistung<\/strong> der Hydraulikpumpe gepaart mit einem ger\u00e4umigen Trichter von 660 x 500 mm erm\u00f6glicht <strong>reduzieren den Aufwand f\u00fcr die Gartenpflege erheblich<\/strong>, ob f\u00fcr Privatpersonen oder Profis.<\/p>\n<p>Scharfe Klingen aus geh\u00e4rtetem Stahl <strong>verschlei\u00dffest<\/strong> Schneiden Sie Pflanzen (\u00c4ste, Str\u00e4ucher, Hecken usw.) pr\u00e4zise und erzeugen Sie ein feines und homogenes H\u00e4ckselgut.<\/p>\n<p>Entdecken Sie noch heute die Leistung koreanischer Technologie mit dem DAEWOO DAFWC-560AU.<\/p>\n<p><strong>Diese Thermoschleifmaschine wird ohne Motor\u00f6l geliefert, <\/strong><strong>Daher ist es notwendig, vor Inbetriebnahme der M\u00fchle den \u00d6lstand zu pr\u00fcfen und nachzuf\u00fcllen.<\/strong><\/p>\n<p><strong>Bitte lesen Sie vor dem Gebrauch die Gebrauchsanweisung sorgf\u00e4ltig durch.<\/strong><\/p>\n","protected":false},"excerpt":{"rendered":"<ul>\n<li>Pflanzenh\u00e4cksler <strong>DAEWOO DAFWC-560AU<\/strong> mit Motor <strong>420cc<\/strong> von <strong>15 PS<\/strong> (11,03 kW).<\/li>\n<li>Durchmesser von <strong>Maximaler Schnitt 125 mm<\/strong> (<strong>5 Zoll<\/strong>), zum Zerkleinern von Zweigen, trockenen Bl\u00e4ttern und anderen Pflanzenabf\u00e4llen konzipiert.<\/li>\n<li><strong>Elektrostart<\/strong> zuverl\u00e4ssig, auch bei kaltem und nassem Wetter.<\/li>\n<li><strong>Hydraulikpumpe<\/strong> F\u00fcr <strong>m\u00fcheloses Absaugen<\/strong> Schmutz und vereinfacht so die Pflege von Gr\u00fcnfl\u00e4chen.<\/li>\n<li><strong>560-mm-Trommel<\/strong> mit zwei Klingen <strong>geh\u00e4rteter Stahl<\/strong> f\u00fcr hohe Mahlleistung.<\/li>\n<li><strong>Kupplung<\/strong> erleichtert den Transport des Brechers weiter<strong> schwieriges Gel\u00e4nde<\/strong> (H\u00e4nge, unebene Fl\u00e4chen, dichte Vegetation usw.).<\/li>\n<\/ul>\n","protected":false},"featured_media":5356,"comment_status":"open","ping_status":"closed","template":"","meta":[],"product_brand":[],"product_cat":[330,322],"product_tag":[],"class_list":{"0":"post-17210","1":"product","2":"type-product","3":"status-publish","4":"has-post-thumbnail","6":"product_cat-hacksler","7":"product_cat-landwirtschaftliche-geraete-und-zubehoer","9":"first","10":"instock","11":"shipping-taxable","12":"purchasable","13":"product-type-simple"},"yoast_head":"<!-- This site is optimized with the Yoast SEO plugin v27.4 - https:\/\/yoast.com\/product\/yoast-seo-wordpress\/ -->\n<title>Professioneller Benzinh\u00e4cksler 420 Cc, Mahldurchmesser 125 Mm, Hydraulische Saugpumpe \u2013 Daewoo DAFWC-560AU - Sagrinex \u2013 Anhaenger, Container &amp; Landtechnik \ud83c\udf3e\ud83d\ude9c<\/title>\n<meta name=\"robots\" content=\"index, follow, max-snippet:-1, max-image-preview:large, max-video-preview:-1\" \/>\n<link rel=\"canonical\" href=\"https:\/\/sagrinex.com\/produit\/professioneller-benzinhaecksler-420-cc-mahldurchmesser-125-mm-hydraulische-saugpumpe-daewoo-dafwc-560au\/?lang=de\" \/>\n<meta property=\"og:locale\" content=\"de_DE\" \/>\n<meta property=\"og:type\" content=\"article\" \/>\n<meta property=\"og:title\" content=\"Professioneller Benzinh\u00e4cksler 420 Cc, Mahldurchmesser 125 Mm, Hydraulische Saugpumpe \u2013 Daewoo DAFWC-560AU - Sagrinex \u2013 Anhaenger, Container &amp; Landtechnik \ud83c\udf3e\ud83d\ude9c\" \/>\n<meta property=\"og:description\" content=\"Pflanzenh\u00e4cksler DAEWOO DAFWC-560AU mit Motor 420cc von 15 PS (11,03 kW). Durchmesser von Maximaler Schnitt 125 mm (5 Zoll), zum Zerkleinern von Zweigen, trockenen Bl\u00e4ttern und anderen Pflanzenabf\u00e4llen konzipiert. Elektrostart zuverl\u00e4ssig, auch bei kaltem und nassem Wetter. Hydraulikpumpe F\u00fcr m\u00fcheloses Absaugen Schmutz und vereinfacht so die Pflege von Gr\u00fcnfl\u00e4chen. 560-mm-Trommel mit zwei Klingen geh\u00e4rteter Stahl f\u00fcr hohe Mahlleistung. Kupplung erleichtert den Transport des Brechers weiter schwieriges Gel\u00e4nde (H\u00e4nge, unebene Fl\u00e4chen, dichte Vegetation usw.).\" \/>\n<meta property=\"og:url\" content=\"https:\/\/sagrinex.com\/produit\/professioneller-benzinhaecksler-420-cc-mahldurchmesser-125-mm-hydraulische-saugpumpe-daewoo-dafwc-560au\/?lang=de\" \/>\n<meta property=\"og:site_name\" content=\"Sagrinex \u2013 Anhaenger, Container &amp; Landtechnik \ud83c\udf3e\ud83d\ude9c\" \/>\n<meta property=\"article:modified_time\" content=\"2026-04-15T21:12:21+00:00\" \/>\n<meta property=\"og:image\" content=\"https:\/\/sagrinex.com\/wp-content\/uploads\/2026\/03\/broyeur-professionnel-a-essence-420cc-diametre-broyage-125mm-pompe-d-aspiration-hydraulique-daewoo-dafwc-560au.jpg\" \/>\n\t<meta property=\"og:image:width\" content=\"1200\" \/>\n\t<meta property=\"og:image:height\" content=\"1372\" \/>\n\t<meta property=\"og:image:type\" content=\"image\/jpeg\" \/>\n<meta name=\"twitter:card\" content=\"summary_large_image\" \/>\n<meta name=\"twitter:label1\" content=\"Gesch\u00e4tzte Lesezeit\" \/>\n\t<meta name=\"twitter:data1\" content=\"1\u00a0Minute\" \/>\n<script type=\"application\/ld+json\" class=\"yoast-schema-graph\">{\"@context\":\"https:\\\/\\\/schema.org\",\"@graph\":[{\"@type\":\"WebPage\",\"@id\":\"https:\\\/\\\/sagrinex.com\\\/produit\\\/professioneller-benzinhaecksler-420-cc-mahldurchmesser-125-mm-hydraulische-saugpumpe-daewoo-dafwc-560au\\\/?lang=de\",\"url\":\"https:\\\/\\\/sagrinex.com\\\/produit\\\/professioneller-benzinhaecksler-420-cc-mahldurchmesser-125-mm-hydraulische-saugpumpe-daewoo-dafwc-560au\\\/?lang=de\",\"name\":\"Professioneller Benzinh\u00e4cksler 420 Cc, Mahldurchmesser 125 Mm, Hydraulische Saugpumpe \u2013 Daewoo DAFWC-560AU - Sagrinex \u2013 Anhaenger, Container &amp; Landtechnik \ud83c\udf3e\ud83d\ude9c\",\"isPartOf\":{\"@id\":\"https:\\\/\\\/sagrinex.com\\\/#website\"},\"primaryImageOfPage\":{\"@id\":\"https:\\\/\\\/sagrinex.com\\\/produit\\\/professioneller-benzinhaecksler-420-cc-mahldurchmesser-125-mm-hydraulische-saugpumpe-daewoo-dafwc-560au\\\/?lang=de#primaryimage\"},\"image\":{\"@id\":\"https:\\\/\\\/sagrinex.com\\\/produit\\\/professioneller-benzinhaecksler-420-cc-mahldurchmesser-125-mm-hydraulische-saugpumpe-daewoo-dafwc-560au\\\/?lang=de#primaryimage\"},\"thumbnailUrl\":\"https:\\\/\\\/sagrinex.com\\\/wp-content\\\/uploads\\\/2026\\\/03\\\/broyeur-professionnel-a-essence-420cc-diametre-broyage-125mm-pompe-d-aspiration-hydraulique-daewoo-dafwc-560au.jpg\",\"datePublished\":\"2026-04-15T09:33:36+00:00\",\"dateModified\":\"2026-04-15T21:12:21+00:00\",\"breadcrumb\":{\"@id\":\"https:\\\/\\\/sagrinex.com\\\/produit\\\/professioneller-benzinhaecksler-420-cc-mahldurchmesser-125-mm-hydraulische-saugpumpe-daewoo-dafwc-560au\\\/?lang=de#breadcrumb\"},\"inLanguage\":\"de\",\"potentialAction\":[{\"@type\":\"ReadAction\",\"target\":[\"https:\\\/\\\/sagrinex.com\\\/produit\\\/professioneller-benzinhaecksler-420-cc-mahldurchmesser-125-mm-hydraulische-saugpumpe-daewoo-dafwc-560au\\\/?lang=de\"]}]},{\"@type\":\"ImageObject\",\"inLanguage\":\"de\",\"@id\":\"https:\\\/\\\/sagrinex.com\\\/produit\\\/professioneller-benzinhaecksler-420-cc-mahldurchmesser-125-mm-hydraulische-saugpumpe-daewoo-dafwc-560au\\\/?lang=de#primaryimage\",\"url\":\"https:\\\/\\\/sagrinex.com\\\/wp-content\\\/uploads\\\/2026\\\/03\\\/broyeur-professionnel-a-essence-420cc-diametre-broyage-125mm-pompe-d-aspiration-hydraulique-daewoo-dafwc-560au.jpg\",\"contentUrl\":\"https:\\\/\\\/sagrinex.com\\\/wp-content\\\/uploads\\\/2026\\\/03\\\/broyeur-professionnel-a-essence-420cc-diametre-broyage-125mm-pompe-d-aspiration-hydraulique-daewoo-dafwc-560au.jpg\",\"width\":1200,\"height\":1372},{\"@type\":\"BreadcrumbList\",\"@id\":\"https:\\\/\\\/sagrinex.com\\\/produit\\\/professioneller-benzinhaecksler-420-cc-mahldurchmesser-125-mm-hydraulische-saugpumpe-daewoo-dafwc-560au\\\/?lang=de#breadcrumb\",\"itemListElement\":[{\"@type\":\"ListItem\",\"position\":1,\"name\":\"Accueil\",\"item\":\"https:\\\/\\\/sagrinex.com\\\/?lang=de\"},{\"@type\":\"ListItem\",\"position\":2,\"name\":\"Shop\",\"item\":\"https:\\\/\\\/sagrinex.com\\\/shop\\\/\"},{\"@type\":\"ListItem\",\"position\":3,\"name\":\"Professioneller Benzinh\u00e4cksler 420 Cc, Mahldurchmesser 125 Mm, Hydraulische Saugpumpe \u2013 Daewoo DAFWC-560AU\"}]},{\"@type\":\"WebSite\",\"@id\":\"https:\\\/\\\/sagrinex.com\\\/#website\",\"url\":\"https:\\\/\\\/sagrinex.com\\\/\",\"name\":\"Sagrinex \u2013 Spezialist f\u00fcr Anh\u00e4nger, Container & Landtechnik\",\"description\":\"Anhaenger, Container &amp; Landtechnik \u2014 Online-Verkauf &amp; kostenloses Angebot\",\"publisher\":{\"@id\":\"https:\\\/\\\/sagrinex.com\\\/#organization\"},\"potentialAction\":[{\"@type\":\"SearchAction\",\"target\":{\"@type\":\"EntryPoint\",\"urlTemplate\":\"https:\\\/\\\/sagrinex.com\\\/?s={search_term_string}\"},\"query-input\":{\"@type\":\"PropertyValueSpecification\",\"valueRequired\":true,\"valueName\":\"search_term_string\"}}],\"inLanguage\":\"de\"},{\"@type\":\"Organization\",\"@id\":\"https:\\\/\\\/sagrinex.com\\\/#organization\",\"name\":\"Sagrinex \u2013 Remorques, Conteneurs & Mat\u00e9riel Agricole\",\"url\":\"https:\\\/\\\/sagrinex.com\\\/\",\"logo\":{\"@type\":\"ImageObject\",\"inLanguage\":\"de\",\"@id\":\"https:\\\/\\\/sagrinex.com\\\/#\\\/schema\\\/logo\\\/image\\\/\",\"url\":\"https:\\\/\\\/sagrinex.com\\\/wp-content\\\/uploads\\\/2026\\\/03\\\/7f1ac463-ef5a-425d-bdd6-a5da03a334a9-1024x683.png\",\"contentUrl\":\"https:\\\/\\\/sagrinex.com\\\/wp-content\\\/uploads\\\/2026\\\/03\\\/7f1ac463-ef5a-425d-bdd6-a5da03a334a9-1024x683.png\",\"width\":1024,\"height\":683,\"caption\":\"Sagrinex \u2013 Remorques, Conteneurs & Mat\u00e9riel Agricole\"},\"image\":{\"@id\":\"https:\\\/\\\/sagrinex.com\\\/#\\\/schema\\\/logo\\\/image\\\/\"}}]}<\/script>\n<!-- \/ Yoast SEO plugin. -->","yoast_head_json":{"title":"Professioneller Benzinh\u00e4cksler 420 Cc, Mahldurchmesser 125 Mm, Hydraulische Saugpumpe \u2013 Daewoo DAFWC-560AU - Sagrinex \u2013 Anhaenger, Container &amp; Landtechnik \ud83c\udf3e\ud83d\ude9c","robots":{"index":"index","follow":"follow","max-snippet":"max-snippet:-1","max-image-preview":"max-image-preview:large","max-video-preview":"max-video-preview:-1"},"canonical":"https:\/\/sagrinex.com\/produit\/professioneller-benzinhaecksler-420-cc-mahldurchmesser-125-mm-hydraulische-saugpumpe-daewoo-dafwc-560au\/?lang=de","og_locale":"de_DE","og_type":"article","og_title":"Professioneller Benzinh\u00e4cksler 420 Cc, Mahldurchmesser 125 Mm, Hydraulische Saugpumpe \u2013 Daewoo DAFWC-560AU - Sagrinex \u2013 Anhaenger, Container &amp; Landtechnik \ud83c\udf3e\ud83d\ude9c","og_description":"Pflanzenh\u00e4cksler DAEWOO DAFWC-560AU mit Motor 420cc von 15 PS (11,03 kW). Durchmesser von Maximaler Schnitt 125 mm (5 Zoll), zum Zerkleinern von Zweigen, trockenen Bl\u00e4ttern und anderen Pflanzenabf\u00e4llen konzipiert. Elektrostart zuverl\u00e4ssig, auch bei kaltem und nassem Wetter. Hydraulikpumpe F\u00fcr m\u00fcheloses Absaugen Schmutz und vereinfacht so die Pflege von Gr\u00fcnfl\u00e4chen. 560-mm-Trommel mit zwei Klingen geh\u00e4rteter Stahl f\u00fcr hohe Mahlleistung. Kupplung erleichtert den Transport des Brechers weiter schwieriges Gel\u00e4nde (H\u00e4nge, unebene Fl\u00e4chen, dichte Vegetation usw.).","og_url":"https:\/\/sagrinex.com\/produit\/professioneller-benzinhaecksler-420-cc-mahldurchmesser-125-mm-hydraulische-saugpumpe-daewoo-dafwc-560au\/?lang=de","og_site_name":"Sagrinex \u2013 Anhaenger, Container &amp; Landtechnik \ud83c\udf3e\ud83d\ude9c","article_modified_time":"2026-04-15T21:12:21+00:00","og_image":[{"width":1200,"height":1372,"url":"https:\/\/sagrinex.com\/wp-content\/uploads\/2026\/03\/broyeur-professionnel-a-essence-420cc-diametre-broyage-125mm-pompe-d-aspiration-hydraulique-daewoo-dafwc-560au.jpg","type":"image\/jpeg"}],"twitter_card":"summary_large_image","twitter_misc":{"Gesch\u00e4tzte Lesezeit":"1\u00a0Minute"},"schema":{"@context":"https:\/\/schema.org","@graph":[{"@type":"WebPage","@id":"https:\/\/sagrinex.com\/produit\/professioneller-benzinhaecksler-420-cc-mahldurchmesser-125-mm-hydraulische-saugpumpe-daewoo-dafwc-560au\/?lang=de","url":"https:\/\/sagrinex.com\/produit\/professioneller-benzinhaecksler-420-cc-mahldurchmesser-125-mm-hydraulische-saugpumpe-daewoo-dafwc-560au\/?lang=de","name":"Professioneller Benzinh\u00e4cksler 420 Cc, Mahldurchmesser 125 Mm, Hydraulische Saugpumpe \u2013 Daewoo DAFWC-560AU - Sagrinex \u2013 Anhaenger, Container &amp; Landtechnik \ud83c\udf3e\ud83d\ude9c","isPartOf":{"@id":"https:\/\/sagrinex.com\/#website"},"primaryImageOfPage":{"@id":"https:\/\/sagrinex.com\/produit\/professioneller-benzinhaecksler-420-cc-mahldurchmesser-125-mm-hydraulische-saugpumpe-daewoo-dafwc-560au\/?lang=de#primaryimage"},"image":{"@id":"https:\/\/sagrinex.com\/produit\/professioneller-benzinhaecksler-420-cc-mahldurchmesser-125-mm-hydraulische-saugpumpe-daewoo-dafwc-560au\/?lang=de#primaryimage"},"thumbnailUrl":"https:\/\/sagrinex.com\/wp-content\/uploads\/2026\/03\/broyeur-professionnel-a-essence-420cc-diametre-broyage-125mm-pompe-d-aspiration-hydraulique-daewoo-dafwc-560au.jpg","datePublished":"2026-04-15T09:33:36+00:00","dateModified":"2026-04-15T21:12:21+00:00","breadcrumb":{"@id":"https:\/\/sagrinex.com\/produit\/professioneller-benzinhaecksler-420-cc-mahldurchmesser-125-mm-hydraulische-saugpumpe-daewoo-dafwc-560au\/?lang=de#breadcrumb"},"inLanguage":"de","potentialAction":[{"@type":"ReadAction","target":["https:\/\/sagrinex.com\/produit\/professioneller-benzinhaecksler-420-cc-mahldurchmesser-125-mm-hydraulische-saugpumpe-daewoo-dafwc-560au\/?lang=de"]}]},{"@type":"ImageObject","inLanguage":"de","@id":"https:\/\/sagrinex.com\/produit\/professioneller-benzinhaecksler-420-cc-mahldurchmesser-125-mm-hydraulische-saugpumpe-daewoo-dafwc-560au\/?lang=de#primaryimage","url":"https:\/\/sagrinex.com\/wp-content\/uploads\/2026\/03\/broyeur-professionnel-a-essence-420cc-diametre-broyage-125mm-pompe-d-aspiration-hydraulique-daewoo-dafwc-560au.jpg","contentUrl":"https:\/\/sagrinex.com\/wp-content\/uploads\/2026\/03\/broyeur-professionnel-a-essence-420cc-diametre-broyage-125mm-pompe-d-aspiration-hydraulique-daewoo-dafwc-560au.jpg","width":1200,"height":1372},{"@type":"BreadcrumbList","@id":"https:\/\/sagrinex.com\/produit\/professioneller-benzinhaecksler-420-cc-mahldurchmesser-125-mm-hydraulische-saugpumpe-daewoo-dafwc-560au\/?lang=de#breadcrumb","itemListElement":[{"@type":"ListItem","position":1,"name":"Accueil","item":"https:\/\/sagrinex.com\/?lang=de"},{"@type":"ListItem","position":2,"name":"Shop","item":"https:\/\/sagrinex.com\/shop\/"},{"@type":"ListItem","position":3,"name":"Professioneller Benzinh\u00e4cksler 420 Cc, Mahldurchmesser 125 Mm, Hydraulische Saugpumpe \u2013 Daewoo DAFWC-560AU"}]},{"@type":"WebSite","@id":"https:\/\/sagrinex.com\/#website","url":"https:\/\/sagrinex.com\/","name":"Sagrinex \u2013 Spezialist f\u00fcr Anh\u00e4nger, Container & Landtechnik","description":"Anhaenger, Container &amp; Landtechnik \u2014 Online-Verkauf &amp; kostenloses Angebot","publisher":{"@id":"https:\/\/sagrinex.com\/#organization"},"potentialAction":[{"@type":"SearchAction","target":{"@type":"EntryPoint","urlTemplate":"https:\/\/sagrinex.com\/?s={search_term_string}"},"query-input":{"@type":"PropertyValueSpecification","valueRequired":true,"valueName":"search_term_string"}}],"inLanguage":"de"},{"@type":"Organization","@id":"https:\/\/sagrinex.com\/#organization","name":"Sagrinex \u2013 Remorques, Conteneurs & Mat\u00e9riel Agricole","url":"https:\/\/sagrinex.com\/","logo":{"@type":"ImageObject","inLanguage":"de","@id":"https:\/\/sagrinex.com\/#\/schema\/logo\/image\/","url":"https:\/\/sagrinex.com\/wp-content\/uploads\/2026\/03\/7f1ac463-ef5a-425d-bdd6-a5da03a334a9-1024x683.png","contentUrl":"https:\/\/sagrinex.com\/wp-content\/uploads\/2026\/03\/7f1ac463-ef5a-425d-bdd6-a5da03a334a9-1024x683.png","width":1024,"height":683,"caption":"Sagrinex \u2013 Remorques, Conteneurs & Mat\u00e9riel Agricole"},"image":{"@id":"https:\/\/sagrinex.com\/#\/schema\/logo\/image\/"}}]}},"jetpack_sharing_enabled":true,"_links":{"self":[{"href":"https:\/\/sagrinex.com\/de\/wp-json\/wp\/v2\/product\/17210","targetHints":{"allow":["GET"]}}],"collection":[{"href":"https:\/\/sagrinex.com\/de\/wp-json\/wp\/v2\/product"}],"about":[{"href":"https:\/\/sagrinex.com\/de\/wp-json\/wp\/v2\/types\/product"}],"replies":[{"embeddable":true,"href":"https:\/\/sagrinex.com\/de\/wp-json\/wp\/v2\/comments?post=17210"}],"version-history":[{"count":0,"href":"https:\/\/sagrinex.com\/de\/wp-json\/wp\/v2\/product\/17210\/revisions"}],"wp:featuredmedia":[{"embeddable":true,"href":"https:\/\/sagrinex.com\/de\/wp-json\/wp\/v2\/media\/5356"}],"wp:attachment":[{"href":"https:\/\/sagrinex.com\/de\/wp-json\/wp\/v2\/media?parent=17210"}],"wp:term":[{"taxonomy":"product_brand","embeddable":true,"href":"https:\/\/sagrinex.com\/de\/wp-json\/wp\/v2\/product_brand?post=17210"},{"taxonomy":"product_cat","embeddable":true,"href":"https:\/\/sagrinex.com\/de\/wp-json\/wp\/v2\/product_cat?post=17210"},{"taxonomy":"product_tag","embeddable":true,"href":"https:\/\/sagrinex.com\/de\/wp-json\/wp\/v2\/product_tag?post=17210"}],"curies":[{"name":"wp","href":"https:\/\/api.w.org\/{rel}","templated":true}]}}