{"id":17211,"date":"2026-04-15T09:34:44","date_gmt":"2026-04-15T09:34:44","guid":{"rendered":"https:\/\/sagrinex.com\/produit\/gemuese-scheibenzerkleinerer-50-mm-schnitt-212-cm3-7-ps-motor-doppeltrichter-und-absaugung-daewoo-dafdwc425\/"},"modified":"2026-04-15T21:12:21","modified_gmt":"2026-04-15T21:12:21","slug":"gemuese-scheibenzerkleinerer-50-mm-schnitt-212-cm3-7-ps-motor-doppeltrichter-und-absaugung-daewoo-dafdwc425","status":"publish","type":"product","link":"https:\/\/sagrinex.com\/de\/produit\/gemuese-scheibenzerkleinerer-50-mm-schnitt-212-cm3-7-ps-motor-doppeltrichter-und-absaugung-daewoo-dafdwc425\/","title":{"rendered":"Gem\u00fcse-scheibenzerkleinerer, 50-mm-schnitt, 212-cm3-7-ps-motor, Doppeltrichter und Absaugung \u2013 Daewoo DAFDWC425"},"content":{"rendered":"<p>Teil der DAEWOO Forestry-Reihe von H\u00e4ckslern f\u00fcr Privatpersonen und Profis.<\/p>\n<p>Dieser Pflanzenh\u00e4cksler ist mit einem robusten Viertakt-Benzinmotor mit OHV-Technologie und einer Leistung von mehr als 7 PS ausgestattet.<\/p>\n<p>Dieser H\u00e4cksler ist f\u00fcr die effektive Bearbeitung aller Arten von Pflanzen in Ihrem Garten konzipiert, egal ob Hecken, B\u00e4ume, Gras oder Bl\u00e4tter, und bietet optimale Vielseitigkeit f\u00fcr alle Ihre H\u00e4cksleranforderungen.<\/p>\n<div class=\"group\/conversation-turn relative flex w-full min-w-0 flex-col agent-turn\">\n<div class=\"flex-col gap-1 md:gap-3\">\n<div class=\"flex flex-grow flex-col max-w-full\">\n<div class=\"min-h-[20px] text-message flex flex-col items-start whitespace-pre-wrap break-words [.text-message+&amp;]:mt-5 juice:w-full juice:items-end overflow-x-auto gap-2\">\n<div class=\"flex w-full flex-col gap-1 juice:empty:hidden juice:first:pt-[3px]\">\n<div class=\"markdown prose w-full break-words dark:prose-invert light\">\n<p>Die Saugfunktion ist ideal im Herbst und Winter, um trockenes Laub effizient einzusammeln und zu zerkleinern.<\/p>\n<p>Leicht zu bewegen dank seines Fahrgestells auf 145\/70-6-R\u00e4dern;<\/p>\n<p>F\u00fcr diesen Astzerkleinerer gilt eine zweij\u00e4hrige Garantie auf Teile und Arbeitsleistung.<\/p>\n<p><strong>Diese Thermoschleifmaschine wird ohne Motor\u00f6l geliefert, <\/strong><strong>Daher ist es notwendig, vor Inbetriebnahme der M\u00fchle den \u00d6lstand zu pr\u00fcfen und nachzuf\u00fcllen.<\/strong><\/p>\n<p><strong>Bitte lesen Sie vor dem Gebrauch die Gebrauchsanweisung sorgf\u00e4ltig durch.<\/strong><\/p>\n<\/div>\n<\/div>\n<\/div>\n<\/div>\n<\/div>\n<\/div>\n","protected":false},"excerpt":{"rendered":"<ul>\n<li><strong>DAEWOO DAFDWC425 thermischer Aktenvernichter<\/strong>, angetrieben durch einen Motor <strong>OHV <\/strong>von <strong>212cc<\/strong> (7CV).<\/li>\n<li><strong>3 in 1 Funktion<\/strong> mit <strong>zwei Einlauftrichter<\/strong> Und <strong>Saugfunktion<\/strong>, zum Zerkleinern harter Pflanzen bis zu <strong>50mm<\/strong> (2 Zoll).<\/li>\n<li>Auf einem montiert <strong>mobiles Fahrgestell<\/strong> f\u00fcr mehr Bewegungsfreiheit.<\/li>\n<li>Ideal zum Selbermachen <strong>Kompost<\/strong> und von <strong>Laubdecke<\/strong>.<\/li>\n<li><strong>2 Jahre Garantie.<\/strong><\/li>\n<\/ul>\n","protected":false},"featured_media":5367,"comment_status":"open","ping_status":"closed","template":"","meta":[],"product_brand":[],"product_cat":[330,322],"product_tag":[],"class_list":{"0":"post-17211","1":"product","2":"type-product","3":"status-publish","4":"has-post-thumbnail","6":"product_cat-hacksler","7":"product_cat-landwirtschaftliche-geraete-und-zubehoer","9":"first","10":"instock","11":"shipping-taxable","12":"purchasable","13":"product-type-simple"},"yoast_head":"<!-- This site is optimized with the Yoast SEO plugin v27.4 - https:\/\/yoast.com\/product\/yoast-seo-wordpress\/ -->\n<title>Gem\u00fcse-scheibenzerkleinerer, 50-mm-schnitt, 212-cm3-7-ps-motor, Doppeltrichter und Absaugung \u2013 Daewoo DAFDWC425 - Sagrinex \u2013 Anhaenger, Container &amp; Landtechnik \ud83c\udf3e\ud83d\ude9c<\/title>\n<meta name=\"robots\" content=\"index, follow, max-snippet:-1, max-image-preview:large, max-video-preview:-1\" \/>\n<link rel=\"canonical\" href=\"https:\/\/sagrinex.com\/produit\/gemuese-scheibenzerkleinerer-50-mm-schnitt-212-cm3-7-ps-motor-doppeltrichter-und-absaugung-daewoo-dafdwc425\/?lang=de\" \/>\n<meta property=\"og:locale\" content=\"de_DE\" \/>\n<meta property=\"og:type\" content=\"article\" \/>\n<meta property=\"og:title\" content=\"Gem\u00fcse-scheibenzerkleinerer, 50-mm-schnitt, 212-cm3-7-ps-motor, Doppeltrichter und Absaugung \u2013 Daewoo DAFDWC425 - Sagrinex \u2013 Anhaenger, Container &amp; Landtechnik \ud83c\udf3e\ud83d\ude9c\" \/>\n<meta property=\"og:description\" content=\"DAEWOO DAFDWC425 thermischer Aktenvernichter, angetrieben durch einen Motor OHV von 212cc (7CV). 3 in 1 Funktion mit zwei Einlauftrichter Und Saugfunktion, zum Zerkleinern harter Pflanzen bis zu 50mm (2 Zoll). Auf einem montiert mobiles Fahrgestell f\u00fcr mehr Bewegungsfreiheit. Ideal zum Selbermachen Kompost und von Laubdecke. 2 Jahre Garantie.\" \/>\n<meta property=\"og:url\" content=\"https:\/\/sagrinex.com\/produit\/gemuese-scheibenzerkleinerer-50-mm-schnitt-212-cm3-7-ps-motor-doppeltrichter-und-absaugung-daewoo-dafdwc425\/?lang=de\" \/>\n<meta property=\"og:site_name\" content=\"Sagrinex \u2013 Anhaenger, Container &amp; Landtechnik \ud83c\udf3e\ud83d\ude9c\" \/>\n<meta property=\"article:modified_time\" content=\"2026-04-15T21:12:21+00:00\" \/>\n<meta property=\"og:image\" content=\"https:\/\/sagrinex.com\/wp-content\/uploads\/2026\/03\/broyeur-vegetaux-a-disque-coupe-50mm-moteur-212cc-7cv-double-tremie-et-aspiration-daewoo-dafdwc425.jpg\" \/>\n\t<meta property=\"og:image:width\" content=\"1200\" \/>\n\t<meta property=\"og:image:height\" content=\"1372\" \/>\n\t<meta property=\"og:image:type\" content=\"image\/jpeg\" \/>\n<meta name=\"twitter:card\" content=\"summary_large_image\" \/>\n<meta name=\"twitter:label1\" content=\"Gesch\u00e4tzte Lesezeit\" \/>\n\t<meta name=\"twitter:data1\" content=\"1\u00a0Minute\" \/>\n<script type=\"application\/ld+json\" class=\"yoast-schema-graph\">{\"@context\":\"https:\\\/\\\/schema.org\",\"@graph\":[{\"@type\":\"WebPage\",\"@id\":\"https:\\\/\\\/sagrinex.com\\\/produit\\\/gemuese-scheibenzerkleinerer-50-mm-schnitt-212-cm3-7-ps-motor-doppeltrichter-und-absaugung-daewoo-dafdwc425\\\/?lang=de\",\"url\":\"https:\\\/\\\/sagrinex.com\\\/produit\\\/gemuese-scheibenzerkleinerer-50-mm-schnitt-212-cm3-7-ps-motor-doppeltrichter-und-absaugung-daewoo-dafdwc425\\\/?lang=de\",\"name\":\"Gem\u00fcse-scheibenzerkleinerer, 50-mm-schnitt, 212-cm3-7-ps-motor, Doppeltrichter und Absaugung \u2013 Daewoo DAFDWC425 - Sagrinex \u2013 Anhaenger, Container &amp; Landtechnik \ud83c\udf3e\ud83d\ude9c\",\"isPartOf\":{\"@id\":\"https:\\\/\\\/sagrinex.com\\\/#website\"},\"primaryImageOfPage\":{\"@id\":\"https:\\\/\\\/sagrinex.com\\\/produit\\\/gemuese-scheibenzerkleinerer-50-mm-schnitt-212-cm3-7-ps-motor-doppeltrichter-und-absaugung-daewoo-dafdwc425\\\/?lang=de#primaryimage\"},\"image\":{\"@id\":\"https:\\\/\\\/sagrinex.com\\\/produit\\\/gemuese-scheibenzerkleinerer-50-mm-schnitt-212-cm3-7-ps-motor-doppeltrichter-und-absaugung-daewoo-dafdwc425\\\/?lang=de#primaryimage\"},\"thumbnailUrl\":\"https:\\\/\\\/sagrinex.com\\\/wp-content\\\/uploads\\\/2026\\\/03\\\/broyeur-vegetaux-a-disque-coupe-50mm-moteur-212cc-7cv-double-tremie-et-aspiration-daewoo-dafdwc425.jpg\",\"datePublished\":\"2026-04-15T09:34:44+00:00\",\"dateModified\":\"2026-04-15T21:12:21+00:00\",\"breadcrumb\":{\"@id\":\"https:\\\/\\\/sagrinex.com\\\/produit\\\/gemuese-scheibenzerkleinerer-50-mm-schnitt-212-cm3-7-ps-motor-doppeltrichter-und-absaugung-daewoo-dafdwc425\\\/?lang=de#breadcrumb\"},\"inLanguage\":\"de\",\"potentialAction\":[{\"@type\":\"ReadAction\",\"target\":[\"https:\\\/\\\/sagrinex.com\\\/produit\\\/gemuese-scheibenzerkleinerer-50-mm-schnitt-212-cm3-7-ps-motor-doppeltrichter-und-absaugung-daewoo-dafdwc425\\\/?lang=de\"]}]},{\"@type\":\"ImageObject\",\"inLanguage\":\"de\",\"@id\":\"https:\\\/\\\/sagrinex.com\\\/produit\\\/gemuese-scheibenzerkleinerer-50-mm-schnitt-212-cm3-7-ps-motor-doppeltrichter-und-absaugung-daewoo-dafdwc425\\\/?lang=de#primaryimage\",\"url\":\"https:\\\/\\\/sagrinex.com\\\/wp-content\\\/uploads\\\/2026\\\/03\\\/broyeur-vegetaux-a-disque-coupe-50mm-moteur-212cc-7cv-double-tremie-et-aspiration-daewoo-dafdwc425.jpg\",\"contentUrl\":\"https:\\\/\\\/sagrinex.com\\\/wp-content\\\/uploads\\\/2026\\\/03\\\/broyeur-vegetaux-a-disque-coupe-50mm-moteur-212cc-7cv-double-tremie-et-aspiration-daewoo-dafdwc425.jpg\",\"width\":1200,\"height\":1372},{\"@type\":\"BreadcrumbList\",\"@id\":\"https:\\\/\\\/sagrinex.com\\\/produit\\\/gemuese-scheibenzerkleinerer-50-mm-schnitt-212-cm3-7-ps-motor-doppeltrichter-und-absaugung-daewoo-dafdwc425\\\/?lang=de#breadcrumb\",\"itemListElement\":[{\"@type\":\"ListItem\",\"position\":1,\"name\":\"Accueil\",\"item\":\"https:\\\/\\\/sagrinex.com\\\/?lang=de\"},{\"@type\":\"ListItem\",\"position\":2,\"name\":\"Shop\",\"item\":\"https:\\\/\\\/sagrinex.com\\\/shop\\\/\"},{\"@type\":\"ListItem\",\"position\":3,\"name\":\"Gem\u00fcse-scheibenzerkleinerer, 50-mm-schnitt, 212-cm3-7-ps-motor, Doppeltrichter und Absaugung \u2013 Daewoo DAFDWC425\"}]},{\"@type\":\"WebSite\",\"@id\":\"https:\\\/\\\/sagrinex.com\\\/#website\",\"url\":\"https:\\\/\\\/sagrinex.com\\\/\",\"name\":\"Sagrinex \u2013 Spezialist f\u00fcr Anh\u00e4nger, Container & Landtechnik\",\"description\":\"Anhaenger, Container &amp; Landtechnik \u2014 Online-Verkauf &amp; kostenloses Angebot\",\"publisher\":{\"@id\":\"https:\\\/\\\/sagrinex.com\\\/#organization\"},\"potentialAction\":[{\"@type\":\"SearchAction\",\"target\":{\"@type\":\"EntryPoint\",\"urlTemplate\":\"https:\\\/\\\/sagrinex.com\\\/?s={search_term_string}\"},\"query-input\":{\"@type\":\"PropertyValueSpecification\",\"valueRequired\":true,\"valueName\":\"search_term_string\"}}],\"inLanguage\":\"de\"},{\"@type\":\"Organization\",\"@id\":\"https:\\\/\\\/sagrinex.com\\\/#organization\",\"name\":\"Sagrinex \u2013 Remorques, Conteneurs & Mat\u00e9riel Agricole\",\"url\":\"https:\\\/\\\/sagrinex.com\\\/\",\"logo\":{\"@type\":\"ImageObject\",\"inLanguage\":\"de\",\"@id\":\"https:\\\/\\\/sagrinex.com\\\/#\\\/schema\\\/logo\\\/image\\\/\",\"url\":\"https:\\\/\\\/sagrinex.com\\\/wp-content\\\/uploads\\\/2026\\\/03\\\/7f1ac463-ef5a-425d-bdd6-a5da03a334a9-1024x683.png\",\"contentUrl\":\"https:\\\/\\\/sagrinex.com\\\/wp-content\\\/uploads\\\/2026\\\/03\\\/7f1ac463-ef5a-425d-bdd6-a5da03a334a9-1024x683.png\",\"width\":1024,\"height\":683,\"caption\":\"Sagrinex \u2013 Remorques, Conteneurs & Mat\u00e9riel Agricole\"},\"image\":{\"@id\":\"https:\\\/\\\/sagrinex.com\\\/#\\\/schema\\\/logo\\\/image\\\/\"}}]}<\/script>\n<!-- \/ Yoast SEO plugin. -->","yoast_head_json":{"title":"Gem\u00fcse-scheibenzerkleinerer, 50-mm-schnitt, 212-cm3-7-ps-motor, Doppeltrichter und Absaugung \u2013 Daewoo DAFDWC425 - Sagrinex \u2013 Anhaenger, Container &amp; Landtechnik \ud83c\udf3e\ud83d\ude9c","robots":{"index":"index","follow":"follow","max-snippet":"max-snippet:-1","max-image-preview":"max-image-preview:large","max-video-preview":"max-video-preview:-1"},"canonical":"https:\/\/sagrinex.com\/produit\/gemuese-scheibenzerkleinerer-50-mm-schnitt-212-cm3-7-ps-motor-doppeltrichter-und-absaugung-daewoo-dafdwc425\/?lang=de","og_locale":"de_DE","og_type":"article","og_title":"Gem\u00fcse-scheibenzerkleinerer, 50-mm-schnitt, 212-cm3-7-ps-motor, Doppeltrichter und Absaugung \u2013 Daewoo DAFDWC425 - Sagrinex \u2013 Anhaenger, Container &amp; Landtechnik \ud83c\udf3e\ud83d\ude9c","og_description":"DAEWOO DAFDWC425 thermischer Aktenvernichter, angetrieben durch einen Motor OHV von 212cc (7CV). 3 in 1 Funktion mit zwei Einlauftrichter Und Saugfunktion, zum Zerkleinern harter Pflanzen bis zu 50mm (2 Zoll). Auf einem montiert mobiles Fahrgestell f\u00fcr mehr Bewegungsfreiheit. Ideal zum Selbermachen Kompost und von Laubdecke. 2 Jahre Garantie.","og_url":"https:\/\/sagrinex.com\/produit\/gemuese-scheibenzerkleinerer-50-mm-schnitt-212-cm3-7-ps-motor-doppeltrichter-und-absaugung-daewoo-dafdwc425\/?lang=de","og_site_name":"Sagrinex \u2013 Anhaenger, Container &amp; Landtechnik \ud83c\udf3e\ud83d\ude9c","article_modified_time":"2026-04-15T21:12:21+00:00","og_image":[{"width":1200,"height":1372,"url":"https:\/\/sagrinex.com\/wp-content\/uploads\/2026\/03\/broyeur-vegetaux-a-disque-coupe-50mm-moteur-212cc-7cv-double-tremie-et-aspiration-daewoo-dafdwc425.jpg","type":"image\/jpeg"}],"twitter_card":"summary_large_image","twitter_misc":{"Gesch\u00e4tzte Lesezeit":"1\u00a0Minute"},"schema":{"@context":"https:\/\/schema.org","@graph":[{"@type":"WebPage","@id":"https:\/\/sagrinex.com\/produit\/gemuese-scheibenzerkleinerer-50-mm-schnitt-212-cm3-7-ps-motor-doppeltrichter-und-absaugung-daewoo-dafdwc425\/?lang=de","url":"https:\/\/sagrinex.com\/produit\/gemuese-scheibenzerkleinerer-50-mm-schnitt-212-cm3-7-ps-motor-doppeltrichter-und-absaugung-daewoo-dafdwc425\/?lang=de","name":"Gem\u00fcse-scheibenzerkleinerer, 50-mm-schnitt, 212-cm3-7-ps-motor, Doppeltrichter und Absaugung \u2013 Daewoo DAFDWC425 - Sagrinex \u2013 Anhaenger, Container &amp; Landtechnik \ud83c\udf3e\ud83d\ude9c","isPartOf":{"@id":"https:\/\/sagrinex.com\/#website"},"primaryImageOfPage":{"@id":"https:\/\/sagrinex.com\/produit\/gemuese-scheibenzerkleinerer-50-mm-schnitt-212-cm3-7-ps-motor-doppeltrichter-und-absaugung-daewoo-dafdwc425\/?lang=de#primaryimage"},"image":{"@id":"https:\/\/sagrinex.com\/produit\/gemuese-scheibenzerkleinerer-50-mm-schnitt-212-cm3-7-ps-motor-doppeltrichter-und-absaugung-daewoo-dafdwc425\/?lang=de#primaryimage"},"thumbnailUrl":"https:\/\/sagrinex.com\/wp-content\/uploads\/2026\/03\/broyeur-vegetaux-a-disque-coupe-50mm-moteur-212cc-7cv-double-tremie-et-aspiration-daewoo-dafdwc425.jpg","datePublished":"2026-04-15T09:34:44+00:00","dateModified":"2026-04-15T21:12:21+00:00","breadcrumb":{"@id":"https:\/\/sagrinex.com\/produit\/gemuese-scheibenzerkleinerer-50-mm-schnitt-212-cm3-7-ps-motor-doppeltrichter-und-absaugung-daewoo-dafdwc425\/?lang=de#breadcrumb"},"inLanguage":"de","potentialAction":[{"@type":"ReadAction","target":["https:\/\/sagrinex.com\/produit\/gemuese-scheibenzerkleinerer-50-mm-schnitt-212-cm3-7-ps-motor-doppeltrichter-und-absaugung-daewoo-dafdwc425\/?lang=de"]}]},{"@type":"ImageObject","inLanguage":"de","@id":"https:\/\/sagrinex.com\/produit\/gemuese-scheibenzerkleinerer-50-mm-schnitt-212-cm3-7-ps-motor-doppeltrichter-und-absaugung-daewoo-dafdwc425\/?lang=de#primaryimage","url":"https:\/\/sagrinex.com\/wp-content\/uploads\/2026\/03\/broyeur-vegetaux-a-disque-coupe-50mm-moteur-212cc-7cv-double-tremie-et-aspiration-daewoo-dafdwc425.jpg","contentUrl":"https:\/\/sagrinex.com\/wp-content\/uploads\/2026\/03\/broyeur-vegetaux-a-disque-coupe-50mm-moteur-212cc-7cv-double-tremie-et-aspiration-daewoo-dafdwc425.jpg","width":1200,"height":1372},{"@type":"BreadcrumbList","@id":"https:\/\/sagrinex.com\/produit\/gemuese-scheibenzerkleinerer-50-mm-schnitt-212-cm3-7-ps-motor-doppeltrichter-und-absaugung-daewoo-dafdwc425\/?lang=de#breadcrumb","itemListElement":[{"@type":"ListItem","position":1,"name":"Accueil","item":"https:\/\/sagrinex.com\/?lang=de"},{"@type":"ListItem","position":2,"name":"Shop","item":"https:\/\/sagrinex.com\/shop\/"},{"@type":"ListItem","position":3,"name":"Gem\u00fcse-scheibenzerkleinerer, 50-mm-schnitt, 212-cm3-7-ps-motor, Doppeltrichter und Absaugung \u2013 Daewoo DAFDWC425"}]},{"@type":"WebSite","@id":"https:\/\/sagrinex.com\/#website","url":"https:\/\/sagrinex.com\/","name":"Sagrinex \u2013 Spezialist f\u00fcr Anh\u00e4nger, Container & Landtechnik","description":"Anhaenger, Container &amp; Landtechnik \u2014 Online-Verkauf &amp; kostenloses Angebot","publisher":{"@id":"https:\/\/sagrinex.com\/#organization"},"potentialAction":[{"@type":"SearchAction","target":{"@type":"EntryPoint","urlTemplate":"https:\/\/sagrinex.com\/?s={search_term_string}"},"query-input":{"@type":"PropertyValueSpecification","valueRequired":true,"valueName":"search_term_string"}}],"inLanguage":"de"},{"@type":"Organization","@id":"https:\/\/sagrinex.com\/#organization","name":"Sagrinex \u2013 Remorques, Conteneurs & Mat\u00e9riel Agricole","url":"https:\/\/sagrinex.com\/","logo":{"@type":"ImageObject","inLanguage":"de","@id":"https:\/\/sagrinex.com\/#\/schema\/logo\/image\/","url":"https:\/\/sagrinex.com\/wp-content\/uploads\/2026\/03\/7f1ac463-ef5a-425d-bdd6-a5da03a334a9-1024x683.png","contentUrl":"https:\/\/sagrinex.com\/wp-content\/uploads\/2026\/03\/7f1ac463-ef5a-425d-bdd6-a5da03a334a9-1024x683.png","width":1024,"height":683,"caption":"Sagrinex \u2013 Remorques, Conteneurs & Mat\u00e9riel Agricole"},"image":{"@id":"https:\/\/sagrinex.com\/#\/schema\/logo\/image\/"}}]}},"jetpack_sharing_enabled":true,"_links":{"self":[{"href":"https:\/\/sagrinex.com\/de\/wp-json\/wp\/v2\/product\/17211","targetHints":{"allow":["GET"]}}],"collection":[{"href":"https:\/\/sagrinex.com\/de\/wp-json\/wp\/v2\/product"}],"about":[{"href":"https:\/\/sagrinex.com\/de\/wp-json\/wp\/v2\/types\/product"}],"replies":[{"embeddable":true,"href":"https:\/\/sagrinex.com\/de\/wp-json\/wp\/v2\/comments?post=17211"}],"version-history":[{"count":0,"href":"https:\/\/sagrinex.com\/de\/wp-json\/wp\/v2\/product\/17211\/revisions"}],"wp:featuredmedia":[{"embeddable":true,"href":"https:\/\/sagrinex.com\/de\/wp-json\/wp\/v2\/media\/5367"}],"wp:attachment":[{"href":"https:\/\/sagrinex.com\/de\/wp-json\/wp\/v2\/media?parent=17211"}],"wp:term":[{"taxonomy":"product_brand","embeddable":true,"href":"https:\/\/sagrinex.com\/de\/wp-json\/wp\/v2\/product_brand?post=17211"},{"taxonomy":"product_cat","embeddable":true,"href":"https:\/\/sagrinex.com\/de\/wp-json\/wp\/v2\/product_cat?post=17211"},{"taxonomy":"product_tag","embeddable":true,"href":"https:\/\/sagrinex.com\/de\/wp-json\/wp\/v2\/product_tag?post=17211"}],"curies":[{"name":"wp","href":"https:\/\/api.w.org\/{rel}","templated":true}]}}