{"id":17213,"date":"2026-04-15T09:36:36","date_gmt":"2026-04-15T09:36:36","guid":{"rendered":"https:\/\/sagrinex.com\/produit\/thermischer-zerkleinerer-fuer-gruenabfaelle-196-cm%c2%b3-schnittdurchmesser-76-mm-deutsche-qualitaet-koenner-soehnen-ks-400ws\/"},"modified":"2026-04-15T21:12:21","modified_gmt":"2026-04-15T21:12:21","slug":"thermischer-zerkleinerer-fuer-gruenabfaelle-196-cm%c2%b3-schnittdurchmesser-76-mm-deutsche-qualitaet-koenner-soehnen-ks-400ws","status":"publish","type":"product","link":"https:\/\/sagrinex.com\/de\/produit\/thermischer-zerkleinerer-fuer-gruenabfaelle-196-cm%c2%b3-schnittdurchmesser-76-mm-deutsche-qualitaet-koenner-soehnen-ks-400ws\/","title":{"rendered":"Thermischer Zerkleinerer f\u00fcr Gr\u00fcnabf\u00e4lle 196 Cm\u00b3 Schnittdurchmesser 76 Mm Deutsche Qualit\u00e4t K\u00f6nner S\u00f6hnen Ks 400WS"},"content":{"rendered":"<h3 data-end=\"1480\" data-start=\"1384\"><strong data-end=\"1480\" data-start=\"1388\">H\u00e4cksler f\u00fcr Gr\u00fcnschnitt K\u00f6nner &amp; S\u00f6hnen KS 400WS \u2013 Leistung und Vielseitigkeit<\/strong><\/h3>\n<p data-end=\"1914\" data-start=\"1482\">Der <strong data-end=\"1550\" data-start=\"1485\">H\u00e4cksler f\u00fcr Gr\u00fcnschnitt K\u00f6nner &amp; S\u00f6hnen KS 400WS<\/strong> ist eine leistungsstarke und robuste L\u00f6sung, um Gartenreste in verwertbaren Mulch oder Kompost umzuwandeln. Mit einem <strong data-end=\"1712\" data-start=\"1674\">4-Takt-Benzinmotor von 196 cc<\/strong> verbindet dieser H\u00e4cksler Kraft, Unabh\u00e4ngigkeit und Benutzerfreundlichkeit, um den Anforderungen von anspruchsvollen G\u00e4rtnern gerecht zu werden, ob Privatpersonen oder Landschaftsg\u00e4rtner.<\/p>\n<h3 data-end=\"1977\" data-start=\"1916\"><strong data-end=\"1977\" data-start=\"1920\">4-Takt-Benzinmotor 196 cc \u2013 Konstante Leistung<\/strong><\/h3>\n<p data-end=\"2410\" data-start=\"1979\">Mit einem <strong data-end=\"2029\" data-start=\"1991\">4-Takt-Benzinmotor von 196 cc<\/strong> liefert dieser KS 400WS H\u00e4cksler ausreichend Leistung, um eine gro\u00dfe Vielfalt von Gr\u00fcnschnitt effizient zu h\u00e4ckseln, von frischem Gras bis zu dickeren \u00c4sten. Dieser Benzinmotor arbeitet unabh\u00e4ngig ohne Stromversorgung, was ideal f\u00fcr den Einsatz in stromunabh\u00e4ngigen oder abgelegenen Bereichen ist.<\/p>\n<h3 data-end=\"2479\" data-start=\"2412\"><strong data-end=\"2479\" data-start=\"2416\">Doppelte Zuf\u00fchrungs\u00f6ffnung \u2013 Effiziente Abfallbehandlung<\/strong><\/h3>\n<p data-end=\"2877\" data-start=\"2481\">Der KS 400WS ist mit <strong data-end=\"2544\" data-start=\"2505\">zwei separaten Zuf\u00fchrungs\u00f6ffnungen<\/strong> ausgestattet, um die Materialzuf\u00fchrung je nach Art anzupassen: eine \u00d6ffnung f\u00fcr weiche Materialien wie Bl\u00e4tter und Gras, die andere f\u00fcr <strong data-end=\"2729\" data-start=\"2691\">\u00c4ste bis zu 76 mm Durchmesser<\/strong>. Diese Konfiguration erleichtert die vielseitige Verarbeitung von Gartenabf\u00e4llen und optimiert die H\u00e4ckselzeit.<\/p>\n<h3 data-end=\"2924\" data-start=\"2879\"><strong data-end=\"2924\" data-start=\"2883\">Geh\u00e4rtete Stahlklingen f\u00fcr Langlebigkeit<\/strong><\/h3>\n<p data-end=\"3281\" data-start=\"2926\">Die <strong data-end=\"2955\" data-start=\"2930\">geh\u00e4rteten Stahlklingen<\/strong> gew\u00e4hrleisten einen zuverl\u00e4ssigen Schnitt und erh\u00f6hte Verschlei\u00dffestigkeit, auch bei intensiver H\u00e4ckselung. Diese robuste Bauweise erm\u00f6glicht es dem H\u00e4cksler, verschiedenste Materialien zu verarbeiten, von leichten Resten bis zu hartem Astwerk, w\u00e4hrend die Leistung zeitlich konstant bleibt.<\/p>\n<h3 data-end=\"3339\" data-start=\"3283\"><strong data-end=\"3339\" data-start=\"3287\">Auf Rahmen montiert und vereinfachte Mobilit\u00e4t<\/strong><\/h3>\n<p data-end=\"3665\" data-start=\"3341\">Der H\u00e4cksler ist auf einem <strong data-end=\"3399\" data-start=\"3369\">robusten Rahmen mit R\u00e4dern<\/strong> montiert, was seinen Transport \u00fcber verschiedene Gel\u00e4ndearten in Ihrem Garten oder auf Ihrem Grundst\u00fcck erleichtert. Diese Mobilit\u00e4t ist ein gro\u00dfer Vorteil, wenn es darum geht, schwer zug\u00e4ngliche oder ausgedehnte Bereiche m\u00fchelos zu erreichen.<\/p>\n<h3 data-end=\"3720\" data-start=\"3667\"><strong data-end=\"3720\" data-start=\"3671\">Verwertung von Gr\u00fcnschnitt f\u00fcr den Garten<\/strong><\/h3>\n<p data-end=\"4129\" data-start=\"3722\">Durch das H\u00e4ckseln von Gr\u00fcnschnitt wie Bl\u00e4ttern, Gras oder kleinen \u00c4sten erm\u00f6glicht der KS 400WS die Herstellung von <strong data-end=\"3879\" data-start=\"3838\">nat\u00fcrlichem Mulch oder angereichertem Kompost<\/strong>, ideal zur Bereicherung Ihrer Beete, zum Schutz des Bodens Ihrer Kulturen oder zur besseren Entwicklung Ihrer Bepflanzungen. Dieses Umwandlungssystem f\u00f6rdert eine \u00f6kologische Verwaltung Ihrer Gartenabf\u00e4lle.<\/p>\n<h3 data-end=\"4161\" data-start=\"4131\"><strong data-end=\"4161\" data-start=\"4135\">Nutzungshinweise<\/strong><\/h3>\n<p data-end=\"4587\" data-start=\"4163\">Stellen Sie vor jeder Nutzung sicher, dass der Kraftstoff frisch ist und der \u00d6lstand den Herstellerangaben entspricht. Platzieren Sie den H\u00e4cksler auf einer ebenen und stabilen Oberfl\u00e4che und tragen Sie <strong data-end=\"4397\" data-start=\"4360\">angepasste Schutzausr\u00fcstung<\/strong> (Handschuhe, Schutzbrille und Geh\u00f6rschutz). Es wird empfohlen, den Vergaser vor l\u00e4ngerer Lagerung zu entleeren, um den Zustand der Maschine zu bewahren.<\/p>\n<h3 data-end=\"4643\" data-start=\"4589\"><strong data-end=\"4643\" data-start=\"4593\">Herstellergarantie und Seelenfrieden<\/strong><\/h3>\n<p data-end=\"4957\" data-start=\"4645\">Dieses Modell profitiert von einer <strong data-end=\"4705\" data-start=\"4671\">Herstellergarantie von 2 Jahren<\/strong>, die Ihnen nach dem Kauf Sicherheit und Schutz gegen Herstellungsm\u00e4ngel unter normalen Nutzungsbedingungen bietet. Diese Garantie st\u00e4rkt das Vertrauen in die langfristige Leistung des KS 400WS.<\/p>\n","protected":false},"excerpt":{"rendered":"<ul>\n<li data-end=\"565\" data-start=\"393\"><strong data-end=\"458\" data-start=\"393\">Thermischer Zerkleinerer f\u00fcr Gr\u00fcnabf\u00e4lle K\u00f6nner &amp; S\u00f6hnen KS 400WS<\/strong> mit Motor <strong data-end=\"499\" data-start=\"471\">4-Takt-W\u00e4rmemotor 196 ccm<\/strong>f\u00fcr kraftvolles Schleifen.<\/li>\n<li data-end=\"715\" data-start=\"568\"><strong data-end=\"615\" data-start=\"568\">Schneidkapazit\u00e4t bis 76 mm Durchmesser<\/strong> f\u00fcr \u00c4ste, Bl\u00e4tter, Gras und andere Gartenabf\u00e4lle.<\/li>\n<li data-end=\"861\" data-start=\"718\"><strong data-end=\"746\" data-start=\"718\">Zwei Einlauftrichter<\/strong> getrennt, um weiche Abf\u00e4lle und gr\u00f6\u00dfere \u00c4ste effizient zu behandeln.<\/li>\n<li data-end=\"992\" data-start=\"864\"><strong data-end=\"889\" data-start=\"864\">Klingen aus geh\u00e4rtetem Stahl<\/strong> f\u00fcr erh\u00f6hte Haltbarkeit und Festigkeit beim Schleifen.<\/li>\n<li data-end=\"1109\" data-start=\"995\"><strong data-end=\"1027\" data-start=\"995\">Auf Fahrgestell mit R\u00e4dern montiert<\/strong> erleichtert die Bewegung im Garten.<\/li>\n<li data-end=\"1236\" data-start=\"1112\"><strong data-end=\"1171\" data-start=\"1112\">Verwandelt Abfall in hochwertigen Mulch oder Kompost<\/strong>, wiederverwendbar im Garten.<\/li>\n<li data-end=\"1341\" data-start=\"1239\"><strong data-end=\"1270\" data-start=\"1239\">2 Jahre Herstellergarantie<\/strong> f\u00fcr eine einfache Bedienung.<\/li>\n<\/ul>\n","protected":false},"featured_media":5384,"comment_status":"open","ping_status":"closed","template":"","meta":[],"product_brand":[],"product_cat":[330,322],"product_tag":[],"class_list":{"0":"post-17213","1":"product","2":"type-product","3":"status-publish","4":"has-post-thumbnail","6":"product_cat-hacksler","7":"product_cat-landwirtschaftliche-geraete-und-zubehoer","9":"first","10":"instock","11":"shipping-taxable","12":"purchasable","13":"product-type-simple"},"yoast_head":"<!-- This site is optimized with the Yoast SEO plugin v27.4 - https:\/\/yoast.com\/product\/yoast-seo-wordpress\/ -->\n<title>Thermischer Zerkleinerer f\u00fcr Gr\u00fcnabf\u00e4lle 196 Cm\u00b3 Schnittdurchmesser 76 Mm Deutsche Qualit\u00e4t K\u00f6nner S\u00f6hnen Ks 400WS - Sagrinex \u2013 Anhaenger, Container &amp; Landtechnik \ud83c\udf3e\ud83d\ude9c<\/title>\n<meta name=\"robots\" content=\"index, follow, max-snippet:-1, max-image-preview:large, max-video-preview:-1\" \/>\n<link rel=\"canonical\" href=\"https:\/\/sagrinex.com\/produit\/thermischer-zerkleinerer-fuer-gruenabfaelle-196-cm\u00b3-schnittdurchmesser-76-mm-deutsche-qualitaet-koenner-soehnen-ks-400ws\/?lang=de\" \/>\n<meta property=\"og:locale\" content=\"de_DE\" \/>\n<meta property=\"og:type\" content=\"article\" \/>\n<meta property=\"og:title\" content=\"Thermischer Zerkleinerer f\u00fcr Gr\u00fcnabf\u00e4lle 196 Cm\u00b3 Schnittdurchmesser 76 Mm Deutsche Qualit\u00e4t K\u00f6nner S\u00f6hnen Ks 400WS - Sagrinex \u2013 Anhaenger, Container &amp; Landtechnik \ud83c\udf3e\ud83d\ude9c\" \/>\n<meta property=\"og:description\" content=\"Thermischer Zerkleinerer f\u00fcr Gr\u00fcnabf\u00e4lle K\u00f6nner &amp; S\u00f6hnen KS 400WS mit Motor 4-Takt-W\u00e4rmemotor 196 ccmf\u00fcr kraftvolles Schleifen. Schneidkapazit\u00e4t bis 76 mm Durchmesser f\u00fcr \u00c4ste, Bl\u00e4tter, Gras und andere Gartenabf\u00e4lle. Zwei Einlauftrichter getrennt, um weiche Abf\u00e4lle und gr\u00f6\u00dfere \u00c4ste effizient zu behandeln. Klingen aus geh\u00e4rtetem Stahl f\u00fcr erh\u00f6hte Haltbarkeit und Festigkeit beim Schleifen. Auf Fahrgestell mit R\u00e4dern montiert erleichtert die Bewegung im Garten. Verwandelt Abfall in hochwertigen Mulch oder Kompost, wiederverwendbar im Garten. 2 Jahre Herstellergarantie f\u00fcr eine einfache Bedienung.\" \/>\n<meta property=\"og:url\" content=\"https:\/\/sagrinex.com\/produit\/thermischer-zerkleinerer-fuer-gruenabfaelle-196-cm\u00b3-schnittdurchmesser-76-mm-deutsche-qualitaet-koenner-soehnen-ks-400ws\/?lang=de\" \/>\n<meta property=\"og:site_name\" content=\"Sagrinex \u2013 Anhaenger, Container &amp; Landtechnik \ud83c\udf3e\ud83d\ude9c\" \/>\n<meta property=\"article:modified_time\" content=\"2026-04-15T21:12:21+00:00\" \/>\n<meta property=\"og:image\" content=\"https:\/\/sagrinex.com\/wp-content\/uploads\/2026\/03\/broyeur-thermique-pour-dechets-verts-196-cc-diametre-de-coupe-de-76-mm-qualite-allemande-konner-sohnen-ks-400ws.jpg\" \/>\n\t<meta property=\"og:image:width\" content=\"1200\" \/>\n\t<meta property=\"og:image:height\" content=\"1372\" \/>\n\t<meta property=\"og:image:type\" content=\"image\/jpeg\" \/>\n<meta name=\"twitter:card\" content=\"summary_large_image\" \/>\n<meta name=\"twitter:label1\" content=\"Gesch\u00e4tzte Lesezeit\" \/>\n\t<meta name=\"twitter:data1\" content=\"2\u00a0Minuten\" \/>\n<script type=\"application\/ld+json\" class=\"yoast-schema-graph\">{\"@context\":\"https:\\\/\\\/schema.org\",\"@graph\":[{\"@type\":\"WebPage\",\"@id\":\"https:\\\/\\\/sagrinex.com\\\/produit\\\/thermischer-zerkleinerer-fuer-gruenabfaelle-196-cm%c2%b3-schnittdurchmesser-76-mm-deutsche-qualitaet-koenner-soehnen-ks-400ws\\\/?lang=de\",\"url\":\"https:\\\/\\\/sagrinex.com\\\/produit\\\/thermischer-zerkleinerer-fuer-gruenabfaelle-196-cm%c2%b3-schnittdurchmesser-76-mm-deutsche-qualitaet-koenner-soehnen-ks-400ws\\\/?lang=de\",\"name\":\"Thermischer Zerkleinerer f\u00fcr Gr\u00fcnabf\u00e4lle 196 Cm\u00b3 Schnittdurchmesser 76 Mm Deutsche Qualit\u00e4t K\u00f6nner S\u00f6hnen Ks 400WS - Sagrinex \u2013 Anhaenger, Container &amp; Landtechnik \ud83c\udf3e\ud83d\ude9c\",\"isPartOf\":{\"@id\":\"https:\\\/\\\/sagrinex.com\\\/#website\"},\"primaryImageOfPage\":{\"@id\":\"https:\\\/\\\/sagrinex.com\\\/produit\\\/thermischer-zerkleinerer-fuer-gruenabfaelle-196-cm%c2%b3-schnittdurchmesser-76-mm-deutsche-qualitaet-koenner-soehnen-ks-400ws\\\/?lang=de#primaryimage\"},\"image\":{\"@id\":\"https:\\\/\\\/sagrinex.com\\\/produit\\\/thermischer-zerkleinerer-fuer-gruenabfaelle-196-cm%c2%b3-schnittdurchmesser-76-mm-deutsche-qualitaet-koenner-soehnen-ks-400ws\\\/?lang=de#primaryimage\"},\"thumbnailUrl\":\"https:\\\/\\\/sagrinex.com\\\/wp-content\\\/uploads\\\/2026\\\/03\\\/broyeur-thermique-pour-dechets-verts-196-cc-diametre-de-coupe-de-76-mm-qualite-allemande-konner-sohnen-ks-400ws.jpg\",\"datePublished\":\"2026-04-15T09:36:36+00:00\",\"dateModified\":\"2026-04-15T21:12:21+00:00\",\"breadcrumb\":{\"@id\":\"https:\\\/\\\/sagrinex.com\\\/produit\\\/thermischer-zerkleinerer-fuer-gruenabfaelle-196-cm%c2%b3-schnittdurchmesser-76-mm-deutsche-qualitaet-koenner-soehnen-ks-400ws\\\/?lang=de#breadcrumb\"},\"inLanguage\":\"de\",\"potentialAction\":[{\"@type\":\"ReadAction\",\"target\":[\"https:\\\/\\\/sagrinex.com\\\/produit\\\/thermischer-zerkleinerer-fuer-gruenabfaelle-196-cm%c2%b3-schnittdurchmesser-76-mm-deutsche-qualitaet-koenner-soehnen-ks-400ws\\\/?lang=de\"]}]},{\"@type\":\"ImageObject\",\"inLanguage\":\"de\",\"@id\":\"https:\\\/\\\/sagrinex.com\\\/produit\\\/thermischer-zerkleinerer-fuer-gruenabfaelle-196-cm%c2%b3-schnittdurchmesser-76-mm-deutsche-qualitaet-koenner-soehnen-ks-400ws\\\/?lang=de#primaryimage\",\"url\":\"https:\\\/\\\/sagrinex.com\\\/wp-content\\\/uploads\\\/2026\\\/03\\\/broyeur-thermique-pour-dechets-verts-196-cc-diametre-de-coupe-de-76-mm-qualite-allemande-konner-sohnen-ks-400ws.jpg\",\"contentUrl\":\"https:\\\/\\\/sagrinex.com\\\/wp-content\\\/uploads\\\/2026\\\/03\\\/broyeur-thermique-pour-dechets-verts-196-cc-diametre-de-coupe-de-76-mm-qualite-allemande-konner-sohnen-ks-400ws.jpg\",\"width\":1200,\"height\":1372},{\"@type\":\"BreadcrumbList\",\"@id\":\"https:\\\/\\\/sagrinex.com\\\/produit\\\/thermischer-zerkleinerer-fuer-gruenabfaelle-196-cm%c2%b3-schnittdurchmesser-76-mm-deutsche-qualitaet-koenner-soehnen-ks-400ws\\\/?lang=de#breadcrumb\",\"itemListElement\":[{\"@type\":\"ListItem\",\"position\":1,\"name\":\"Accueil\",\"item\":\"https:\\\/\\\/sagrinex.com\\\/?lang=de\"},{\"@type\":\"ListItem\",\"position\":2,\"name\":\"Shop\",\"item\":\"https:\\\/\\\/sagrinex.com\\\/shop\\\/\"},{\"@type\":\"ListItem\",\"position\":3,\"name\":\"Thermischer Zerkleinerer f\u00fcr Gr\u00fcnabf\u00e4lle 196 Cm\u00b3 Schnittdurchmesser 76 Mm Deutsche Qualit\u00e4t K\u00f6nner S\u00f6hnen Ks 400WS\"}]},{\"@type\":\"WebSite\",\"@id\":\"https:\\\/\\\/sagrinex.com\\\/#website\",\"url\":\"https:\\\/\\\/sagrinex.com\\\/\",\"name\":\"Sagrinex \u2013 Spezialist f\u00fcr Anh\u00e4nger, Container & Landtechnik\",\"description\":\"Anhaenger, Container &amp; Landtechnik \u2014 Online-Verkauf &amp; kostenloses Angebot\",\"publisher\":{\"@id\":\"https:\\\/\\\/sagrinex.com\\\/#organization\"},\"potentialAction\":[{\"@type\":\"SearchAction\",\"target\":{\"@type\":\"EntryPoint\",\"urlTemplate\":\"https:\\\/\\\/sagrinex.com\\\/?s={search_term_string}\"},\"query-input\":{\"@type\":\"PropertyValueSpecification\",\"valueRequired\":true,\"valueName\":\"search_term_string\"}}],\"inLanguage\":\"de\"},{\"@type\":\"Organization\",\"@id\":\"https:\\\/\\\/sagrinex.com\\\/#organization\",\"name\":\"Sagrinex \u2013 Remorques, Conteneurs & Mat\u00e9riel Agricole\",\"url\":\"https:\\\/\\\/sagrinex.com\\\/\",\"logo\":{\"@type\":\"ImageObject\",\"inLanguage\":\"de\",\"@id\":\"https:\\\/\\\/sagrinex.com\\\/#\\\/schema\\\/logo\\\/image\\\/\",\"url\":\"https:\\\/\\\/sagrinex.com\\\/wp-content\\\/uploads\\\/2026\\\/03\\\/7f1ac463-ef5a-425d-bdd6-a5da03a334a9-1024x683.png\",\"contentUrl\":\"https:\\\/\\\/sagrinex.com\\\/wp-content\\\/uploads\\\/2026\\\/03\\\/7f1ac463-ef5a-425d-bdd6-a5da03a334a9-1024x683.png\",\"width\":1024,\"height\":683,\"caption\":\"Sagrinex \u2013 Remorques, Conteneurs & Mat\u00e9riel Agricole\"},\"image\":{\"@id\":\"https:\\\/\\\/sagrinex.com\\\/#\\\/schema\\\/logo\\\/image\\\/\"}}]}<\/script>\n<!-- \/ Yoast SEO plugin. -->","yoast_head_json":{"title":"Thermischer Zerkleinerer f\u00fcr Gr\u00fcnabf\u00e4lle 196 Cm\u00b3 Schnittdurchmesser 76 Mm Deutsche Qualit\u00e4t K\u00f6nner S\u00f6hnen Ks 400WS - Sagrinex \u2013 Anhaenger, Container &amp; Landtechnik \ud83c\udf3e\ud83d\ude9c","robots":{"index":"index","follow":"follow","max-snippet":"max-snippet:-1","max-image-preview":"max-image-preview:large","max-video-preview":"max-video-preview:-1"},"canonical":"https:\/\/sagrinex.com\/produit\/thermischer-zerkleinerer-fuer-gruenabfaelle-196-cm\u00b3-schnittdurchmesser-76-mm-deutsche-qualitaet-koenner-soehnen-ks-400ws\/?lang=de","og_locale":"de_DE","og_type":"article","og_title":"Thermischer Zerkleinerer f\u00fcr Gr\u00fcnabf\u00e4lle 196 Cm\u00b3 Schnittdurchmesser 76 Mm Deutsche Qualit\u00e4t K\u00f6nner S\u00f6hnen Ks 400WS - Sagrinex \u2013 Anhaenger, Container &amp; Landtechnik \ud83c\udf3e\ud83d\ude9c","og_description":"Thermischer Zerkleinerer f\u00fcr Gr\u00fcnabf\u00e4lle K\u00f6nner &amp; S\u00f6hnen KS 400WS mit Motor 4-Takt-W\u00e4rmemotor 196 ccmf\u00fcr kraftvolles Schleifen. Schneidkapazit\u00e4t bis 76 mm Durchmesser f\u00fcr \u00c4ste, Bl\u00e4tter, Gras und andere Gartenabf\u00e4lle. Zwei Einlauftrichter getrennt, um weiche Abf\u00e4lle und gr\u00f6\u00dfere \u00c4ste effizient zu behandeln. Klingen aus geh\u00e4rtetem Stahl f\u00fcr erh\u00f6hte Haltbarkeit und Festigkeit beim Schleifen. Auf Fahrgestell mit R\u00e4dern montiert erleichtert die Bewegung im Garten. Verwandelt Abfall in hochwertigen Mulch oder Kompost, wiederverwendbar im Garten. 2 Jahre Herstellergarantie f\u00fcr eine einfache Bedienung.","og_url":"https:\/\/sagrinex.com\/produit\/thermischer-zerkleinerer-fuer-gruenabfaelle-196-cm\u00b3-schnittdurchmesser-76-mm-deutsche-qualitaet-koenner-soehnen-ks-400ws\/?lang=de","og_site_name":"Sagrinex \u2013 Anhaenger, Container &amp; Landtechnik \ud83c\udf3e\ud83d\ude9c","article_modified_time":"2026-04-15T21:12:21+00:00","og_image":[{"width":1200,"height":1372,"url":"https:\/\/sagrinex.com\/wp-content\/uploads\/2026\/03\/broyeur-thermique-pour-dechets-verts-196-cc-diametre-de-coupe-de-76-mm-qualite-allemande-konner-sohnen-ks-400ws.jpg","type":"image\/jpeg"}],"twitter_card":"summary_large_image","twitter_misc":{"Gesch\u00e4tzte Lesezeit":"2\u00a0Minuten"},"schema":{"@context":"https:\/\/schema.org","@graph":[{"@type":"WebPage","@id":"https:\/\/sagrinex.com\/produit\/thermischer-zerkleinerer-fuer-gruenabfaelle-196-cm%c2%b3-schnittdurchmesser-76-mm-deutsche-qualitaet-koenner-soehnen-ks-400ws\/?lang=de","url":"https:\/\/sagrinex.com\/produit\/thermischer-zerkleinerer-fuer-gruenabfaelle-196-cm%c2%b3-schnittdurchmesser-76-mm-deutsche-qualitaet-koenner-soehnen-ks-400ws\/?lang=de","name":"Thermischer Zerkleinerer f\u00fcr Gr\u00fcnabf\u00e4lle 196 Cm\u00b3 Schnittdurchmesser 76 Mm Deutsche Qualit\u00e4t K\u00f6nner S\u00f6hnen Ks 400WS - Sagrinex \u2013 Anhaenger, Container &amp; Landtechnik \ud83c\udf3e\ud83d\ude9c","isPartOf":{"@id":"https:\/\/sagrinex.com\/#website"},"primaryImageOfPage":{"@id":"https:\/\/sagrinex.com\/produit\/thermischer-zerkleinerer-fuer-gruenabfaelle-196-cm%c2%b3-schnittdurchmesser-76-mm-deutsche-qualitaet-koenner-soehnen-ks-400ws\/?lang=de#primaryimage"},"image":{"@id":"https:\/\/sagrinex.com\/produit\/thermischer-zerkleinerer-fuer-gruenabfaelle-196-cm%c2%b3-schnittdurchmesser-76-mm-deutsche-qualitaet-koenner-soehnen-ks-400ws\/?lang=de#primaryimage"},"thumbnailUrl":"https:\/\/sagrinex.com\/wp-content\/uploads\/2026\/03\/broyeur-thermique-pour-dechets-verts-196-cc-diametre-de-coupe-de-76-mm-qualite-allemande-konner-sohnen-ks-400ws.jpg","datePublished":"2026-04-15T09:36:36+00:00","dateModified":"2026-04-15T21:12:21+00:00","breadcrumb":{"@id":"https:\/\/sagrinex.com\/produit\/thermischer-zerkleinerer-fuer-gruenabfaelle-196-cm%c2%b3-schnittdurchmesser-76-mm-deutsche-qualitaet-koenner-soehnen-ks-400ws\/?lang=de#breadcrumb"},"inLanguage":"de","potentialAction":[{"@type":"ReadAction","target":["https:\/\/sagrinex.com\/produit\/thermischer-zerkleinerer-fuer-gruenabfaelle-196-cm%c2%b3-schnittdurchmesser-76-mm-deutsche-qualitaet-koenner-soehnen-ks-400ws\/?lang=de"]}]},{"@type":"ImageObject","inLanguage":"de","@id":"https:\/\/sagrinex.com\/produit\/thermischer-zerkleinerer-fuer-gruenabfaelle-196-cm%c2%b3-schnittdurchmesser-76-mm-deutsche-qualitaet-koenner-soehnen-ks-400ws\/?lang=de#primaryimage","url":"https:\/\/sagrinex.com\/wp-content\/uploads\/2026\/03\/broyeur-thermique-pour-dechets-verts-196-cc-diametre-de-coupe-de-76-mm-qualite-allemande-konner-sohnen-ks-400ws.jpg","contentUrl":"https:\/\/sagrinex.com\/wp-content\/uploads\/2026\/03\/broyeur-thermique-pour-dechets-verts-196-cc-diametre-de-coupe-de-76-mm-qualite-allemande-konner-sohnen-ks-400ws.jpg","width":1200,"height":1372},{"@type":"BreadcrumbList","@id":"https:\/\/sagrinex.com\/produit\/thermischer-zerkleinerer-fuer-gruenabfaelle-196-cm%c2%b3-schnittdurchmesser-76-mm-deutsche-qualitaet-koenner-soehnen-ks-400ws\/?lang=de#breadcrumb","itemListElement":[{"@type":"ListItem","position":1,"name":"Accueil","item":"https:\/\/sagrinex.com\/?lang=de"},{"@type":"ListItem","position":2,"name":"Shop","item":"https:\/\/sagrinex.com\/shop\/"},{"@type":"ListItem","position":3,"name":"Thermischer Zerkleinerer f\u00fcr Gr\u00fcnabf\u00e4lle 196 Cm\u00b3 Schnittdurchmesser 76 Mm Deutsche Qualit\u00e4t K\u00f6nner S\u00f6hnen Ks 400WS"}]},{"@type":"WebSite","@id":"https:\/\/sagrinex.com\/#website","url":"https:\/\/sagrinex.com\/","name":"Sagrinex \u2013 Spezialist f\u00fcr Anh\u00e4nger, Container & Landtechnik","description":"Anhaenger, Container &amp; Landtechnik \u2014 Online-Verkauf &amp; kostenloses Angebot","publisher":{"@id":"https:\/\/sagrinex.com\/#organization"},"potentialAction":[{"@type":"SearchAction","target":{"@type":"EntryPoint","urlTemplate":"https:\/\/sagrinex.com\/?s={search_term_string}"},"query-input":{"@type":"PropertyValueSpecification","valueRequired":true,"valueName":"search_term_string"}}],"inLanguage":"de"},{"@type":"Organization","@id":"https:\/\/sagrinex.com\/#organization","name":"Sagrinex \u2013 Remorques, Conteneurs & Mat\u00e9riel Agricole","url":"https:\/\/sagrinex.com\/","logo":{"@type":"ImageObject","inLanguage":"de","@id":"https:\/\/sagrinex.com\/#\/schema\/logo\/image\/","url":"https:\/\/sagrinex.com\/wp-content\/uploads\/2026\/03\/7f1ac463-ef5a-425d-bdd6-a5da03a334a9-1024x683.png","contentUrl":"https:\/\/sagrinex.com\/wp-content\/uploads\/2026\/03\/7f1ac463-ef5a-425d-bdd6-a5da03a334a9-1024x683.png","width":1024,"height":683,"caption":"Sagrinex \u2013 Remorques, Conteneurs & Mat\u00e9riel Agricole"},"image":{"@id":"https:\/\/sagrinex.com\/#\/schema\/logo\/image\/"}}]}},"jetpack_sharing_enabled":true,"_links":{"self":[{"href":"https:\/\/sagrinex.com\/de\/wp-json\/wp\/v2\/product\/17213","targetHints":{"allow":["GET"]}}],"collection":[{"href":"https:\/\/sagrinex.com\/de\/wp-json\/wp\/v2\/product"}],"about":[{"href":"https:\/\/sagrinex.com\/de\/wp-json\/wp\/v2\/types\/product"}],"replies":[{"embeddable":true,"href":"https:\/\/sagrinex.com\/de\/wp-json\/wp\/v2\/comments?post=17213"}],"version-history":[{"count":0,"href":"https:\/\/sagrinex.com\/de\/wp-json\/wp\/v2\/product\/17213\/revisions"}],"wp:featuredmedia":[{"embeddable":true,"href":"https:\/\/sagrinex.com\/de\/wp-json\/wp\/v2\/media\/5384"}],"wp:attachment":[{"href":"https:\/\/sagrinex.com\/de\/wp-json\/wp\/v2\/media?parent=17213"}],"wp:term":[{"taxonomy":"product_brand","embeddable":true,"href":"https:\/\/sagrinex.com\/de\/wp-json\/wp\/v2\/product_brand?post=17213"},{"taxonomy":"product_cat","embeddable":true,"href":"https:\/\/sagrinex.com\/de\/wp-json\/wp\/v2\/product_cat?post=17213"},{"taxonomy":"product_tag","embeddable":true,"href":"https:\/\/sagrinex.com\/de\/wp-json\/wp\/v2\/product_tag?post=17213"}],"curies":[{"name":"wp","href":"https:\/\/api.w.org\/{rel}","templated":true}]}}