{"id":17214,"date":"2026-04-15T09:37:50","date_gmt":"2026-04-15T09:37:50","guid":{"rendered":"https:\/\/sagrinex.com\/produit\/thermischer-pflanzenhaecksler-15-ps-125-mm-schnittbreite-elektrostart-und-schleppbar-daewoo-dafwc230\/"},"modified":"2026-04-15T21:12:21","modified_gmt":"2026-04-15T21:12:21","slug":"thermischer-pflanzenhaecksler-15-ps-125-mm-schnittbreite-elektrostart-und-schleppbar-daewoo-dafwc230","status":"publish","type":"product","link":"https:\/\/sagrinex.com\/de\/produit\/thermischer-pflanzenhaecksler-15-ps-125-mm-schnittbreite-elektrostart-und-schleppbar-daewoo-dafwc230\/","title":{"rendered":"Thermischer Pflanzenh\u00e4cksler 15 Ps, 125 Mm Schnittbreite, Elektrostart und Schleppbar \u2013 Daewoo DAFWC230"},"content":{"rendered":"<p>Profitieren Sie von koreanischer Technologie mit dem Asth\u00e4cksler DAFWC230 von DAEWOO, einem leistungsstarken und effizienten H\u00e4cksler zum einfachen Zerkleinern von \u00c4sten, Bl\u00e4ttern und anderen Gr\u00fcnabf\u00e4llen mit einem Durchmesser von bis zu 125 mm. Sein 420-cm\u00b3-Motor erm\u00f6glicht es Ihnen, die dicksten \u00c4ste m\u00fchelos zu zerkleinern.<\/p>\n<p>Das Trommelmahlsystem des DAFWC230 sorgt f\u00fcr ein reibungsloses und effizientes Mahlen und reduziert das Risiko von Papierstaus.<\/p>\n<p>Mit der Anh\u00e4ngerkupplung kann der Mulcher hinter ein Fahrzeug, beispielsweise einen Traktor oder ein Quad, gezogen werden, um ihn problemlos von einem Ort zum anderen auf dem Feld zu bewegen. Der Kugelkopf hat standardm\u00e4\u00dfig einen Durchmesser von 50 mm.<\/p>\n<div class=\"flex flex-grow flex-col max-w-full\">\n<div class=\"min-h-[20px] text-message flex flex-col items-start whitespace-pre-wrap break-words [.text-message+&amp;]:mt-5 juice:w-full juice:items-end overflow-x-auto gap-2\">\n<div class=\"flex w-full flex-col gap-1 juice:empty:hidden juice:first:pt-[3px]\">\n<div class=\"markdown prose w-full break-words dark:prose-invert light\">\n<p>Der DAFWC230 eignet sich sowohl f\u00fcr den professionellen Einsatz durch Landschaftsg\u00e4rtner als auch f\u00fcr Privatpersonen, die sich um die Pflege ihres Gartens k\u00fcmmern. Es verwandelt zerkleinerte Elemente in nat\u00fcrlichen Mulch f\u00fcr einen sauberen und bereicherten Garten.<\/p>\n<p><strong>Die Maschine wird ohne Motor\u00f6l geliefert. Daher ist es notwendig, vor Inbetriebnahme der M\u00fchle den \u00d6lstand zu pr\u00fcfen und nachzuf\u00fcllen.<\/strong><\/p>\n<p><strong>Bitte lesen Sie vor dem Gebrauch die Gebrauchsanweisung sorgf\u00e4ltig durch.<\/strong><\/p>\n<\/div>\n<\/div>\n<\/div>\n<\/div>\n","protected":false},"excerpt":{"rendered":"<ul>\n<li><strong>Holzbrecher<\/strong> DAEWOO DAFWC230 mit <strong>Leistungsstarker 420-cm\u00b3-Motor (15 PS).<\/strong>.<\/li>\n<li>Machen Sie es einfacher <strong>\u00c4ste zerquetschen<\/strong> bis <strong>12,5 cm<\/strong> im Durchmesser (<strong>5 Zoll<\/strong>) und andere Gr\u00fcnabf\u00e4lle.<\/li>\n<li><strong>Elektrostart<\/strong> praktisch, mit Startm\u00f6glichkeit <strong>per Launcher<\/strong> wenn n\u00f6tig.<\/li>\n<li><strong>Trommelsystem<\/strong> angetrieben von <strong>Doppelg\u00fcrtel<\/strong>, Schneidmesser hinein <strong>geh\u00e4rteter Stahl<\/strong> beidseitig verwendbar, zweischneidig.<\/li>\n<li><strong>Anh\u00e4ngerkupplung<\/strong> Robust, was den Transport des Brechers auf jedem Gel\u00e4nde erleichtert <strong>gro\u00dfe Stabilit\u00e4t<\/strong>.<\/li>\n<li><strong>2 Jahre Garantie.<\/strong><\/li>\n<\/ul>\n","protected":false},"featured_media":5392,"comment_status":"open","ping_status":"closed","template":"","meta":[],"product_brand":[],"product_cat":[330,322],"product_tag":[],"class_list":{"0":"post-17214","1":"product","2":"type-product","3":"status-publish","4":"has-post-thumbnail","6":"product_cat-hacksler","7":"product_cat-landwirtschaftliche-geraete-und-zubehoer","9":"first","10":"instock","11":"shipping-taxable","12":"purchasable","13":"product-type-simple"},"yoast_head":"<!-- This site is optimized with the Yoast SEO plugin v27.4 - https:\/\/yoast.com\/product\/yoast-seo-wordpress\/ -->\n<title>Thermischer Pflanzenh\u00e4cksler 15 Ps, 125 Mm Schnittbreite, Elektrostart und Schleppbar \u2013 Daewoo DAFWC230 - Sagrinex \u2013 Anhaenger, Container &amp; Landtechnik \ud83c\udf3e\ud83d\ude9c<\/title>\n<meta name=\"robots\" content=\"index, follow, max-snippet:-1, max-image-preview:large, max-video-preview:-1\" \/>\n<link rel=\"canonical\" href=\"https:\/\/sagrinex.com\/produit\/thermischer-pflanzenhaecksler-15-ps-125-mm-schnittbreite-elektrostart-und-schleppbar-daewoo-dafwc230\/?lang=de\" \/>\n<meta property=\"og:locale\" content=\"de_DE\" \/>\n<meta property=\"og:type\" content=\"article\" \/>\n<meta property=\"og:title\" content=\"Thermischer Pflanzenh\u00e4cksler 15 Ps, 125 Mm Schnittbreite, Elektrostart und Schleppbar \u2013 Daewoo DAFWC230 - Sagrinex \u2013 Anhaenger, Container &amp; Landtechnik \ud83c\udf3e\ud83d\ude9c\" \/>\n<meta property=\"og:description\" content=\"Holzbrecher DAEWOO DAFWC230 mit Leistungsstarker 420-cm\u00b3-Motor (15 PS).. Machen Sie es einfacher \u00c4ste zerquetschen bis 12,5 cm im Durchmesser (5 Zoll) und andere Gr\u00fcnabf\u00e4lle. Elektrostart praktisch, mit Startm\u00f6glichkeit per Launcher wenn n\u00f6tig. Trommelsystem angetrieben von Doppelg\u00fcrtel, Schneidmesser hinein geh\u00e4rteter Stahl beidseitig verwendbar, zweischneidig. Anh\u00e4ngerkupplung Robust, was den Transport des Brechers auf jedem Gel\u00e4nde erleichtert gro\u00dfe Stabilit\u00e4t. 2 Jahre Garantie.\" \/>\n<meta property=\"og:url\" content=\"https:\/\/sagrinex.com\/produit\/thermischer-pflanzenhaecksler-15-ps-125-mm-schnittbreite-elektrostart-und-schleppbar-daewoo-dafwc230\/?lang=de\" \/>\n<meta property=\"og:site_name\" content=\"Sagrinex \u2013 Anhaenger, Container &amp; Landtechnik \ud83c\udf3e\ud83d\ude9c\" \/>\n<meta property=\"article:modified_time\" content=\"2026-04-15T21:12:21+00:00\" \/>\n<meta property=\"og:image\" content=\"https:\/\/sagrinex.com\/wp-content\/uploads\/2026\/03\/broyeur-vegetaux-thermique-15cv-125mm-de-coupe-demarrage-electrique-et-remorquable-daewoo-dafwc230.jpg\" \/>\n\t<meta property=\"og:image:width\" content=\"1200\" \/>\n\t<meta property=\"og:image:height\" content=\"1372\" \/>\n\t<meta property=\"og:image:type\" content=\"image\/jpeg\" \/>\n<meta name=\"twitter:card\" content=\"summary_large_image\" \/>\n<meta name=\"twitter:label1\" content=\"Gesch\u00e4tzte Lesezeit\" \/>\n\t<meta name=\"twitter:data1\" content=\"1\u00a0Minute\" \/>\n<script type=\"application\/ld+json\" class=\"yoast-schema-graph\">{\"@context\":\"https:\\\/\\\/schema.org\",\"@graph\":[{\"@type\":\"WebPage\",\"@id\":\"https:\\\/\\\/sagrinex.com\\\/produit\\\/thermischer-pflanzenhaecksler-15-ps-125-mm-schnittbreite-elektrostart-und-schleppbar-daewoo-dafwc230\\\/?lang=de\",\"url\":\"https:\\\/\\\/sagrinex.com\\\/produit\\\/thermischer-pflanzenhaecksler-15-ps-125-mm-schnittbreite-elektrostart-und-schleppbar-daewoo-dafwc230\\\/?lang=de\",\"name\":\"Thermischer Pflanzenh\u00e4cksler 15 Ps, 125 Mm Schnittbreite, Elektrostart und Schleppbar \u2013 Daewoo DAFWC230 - Sagrinex \u2013 Anhaenger, Container &amp; Landtechnik \ud83c\udf3e\ud83d\ude9c\",\"isPartOf\":{\"@id\":\"https:\\\/\\\/sagrinex.com\\\/#website\"},\"primaryImageOfPage\":{\"@id\":\"https:\\\/\\\/sagrinex.com\\\/produit\\\/thermischer-pflanzenhaecksler-15-ps-125-mm-schnittbreite-elektrostart-und-schleppbar-daewoo-dafwc230\\\/?lang=de#primaryimage\"},\"image\":{\"@id\":\"https:\\\/\\\/sagrinex.com\\\/produit\\\/thermischer-pflanzenhaecksler-15-ps-125-mm-schnittbreite-elektrostart-und-schleppbar-daewoo-dafwc230\\\/?lang=de#primaryimage\"},\"thumbnailUrl\":\"https:\\\/\\\/sagrinex.com\\\/wp-content\\\/uploads\\\/2026\\\/03\\\/broyeur-vegetaux-thermique-15cv-125mm-de-coupe-demarrage-electrique-et-remorquable-daewoo-dafwc230.jpg\",\"datePublished\":\"2026-04-15T09:37:50+00:00\",\"dateModified\":\"2026-04-15T21:12:21+00:00\",\"breadcrumb\":{\"@id\":\"https:\\\/\\\/sagrinex.com\\\/produit\\\/thermischer-pflanzenhaecksler-15-ps-125-mm-schnittbreite-elektrostart-und-schleppbar-daewoo-dafwc230\\\/?lang=de#breadcrumb\"},\"inLanguage\":\"de\",\"potentialAction\":[{\"@type\":\"ReadAction\",\"target\":[\"https:\\\/\\\/sagrinex.com\\\/produit\\\/thermischer-pflanzenhaecksler-15-ps-125-mm-schnittbreite-elektrostart-und-schleppbar-daewoo-dafwc230\\\/?lang=de\"]}]},{\"@type\":\"ImageObject\",\"inLanguage\":\"de\",\"@id\":\"https:\\\/\\\/sagrinex.com\\\/produit\\\/thermischer-pflanzenhaecksler-15-ps-125-mm-schnittbreite-elektrostart-und-schleppbar-daewoo-dafwc230\\\/?lang=de#primaryimage\",\"url\":\"https:\\\/\\\/sagrinex.com\\\/wp-content\\\/uploads\\\/2026\\\/03\\\/broyeur-vegetaux-thermique-15cv-125mm-de-coupe-demarrage-electrique-et-remorquable-daewoo-dafwc230.jpg\",\"contentUrl\":\"https:\\\/\\\/sagrinex.com\\\/wp-content\\\/uploads\\\/2026\\\/03\\\/broyeur-vegetaux-thermique-15cv-125mm-de-coupe-demarrage-electrique-et-remorquable-daewoo-dafwc230.jpg\",\"width\":1200,\"height\":1372},{\"@type\":\"BreadcrumbList\",\"@id\":\"https:\\\/\\\/sagrinex.com\\\/produit\\\/thermischer-pflanzenhaecksler-15-ps-125-mm-schnittbreite-elektrostart-und-schleppbar-daewoo-dafwc230\\\/?lang=de#breadcrumb\",\"itemListElement\":[{\"@type\":\"ListItem\",\"position\":1,\"name\":\"Accueil\",\"item\":\"https:\\\/\\\/sagrinex.com\\\/?lang=de\"},{\"@type\":\"ListItem\",\"position\":2,\"name\":\"Shop\",\"item\":\"https:\\\/\\\/sagrinex.com\\\/shop\\\/\"},{\"@type\":\"ListItem\",\"position\":3,\"name\":\"Thermischer Pflanzenh\u00e4cksler 15 Ps, 125 Mm Schnittbreite, Elektrostart und Schleppbar \u2013 Daewoo DAFWC230\"}]},{\"@type\":\"WebSite\",\"@id\":\"https:\\\/\\\/sagrinex.com\\\/#website\",\"url\":\"https:\\\/\\\/sagrinex.com\\\/\",\"name\":\"Sagrinex \u2013 Spezialist f\u00fcr Anh\u00e4nger, Container & Landtechnik\",\"description\":\"Anhaenger, Container &amp; Landtechnik \u2014 Online-Verkauf &amp; kostenloses Angebot\",\"publisher\":{\"@id\":\"https:\\\/\\\/sagrinex.com\\\/#organization\"},\"potentialAction\":[{\"@type\":\"SearchAction\",\"target\":{\"@type\":\"EntryPoint\",\"urlTemplate\":\"https:\\\/\\\/sagrinex.com\\\/?s={search_term_string}\"},\"query-input\":{\"@type\":\"PropertyValueSpecification\",\"valueRequired\":true,\"valueName\":\"search_term_string\"}}],\"inLanguage\":\"de\"},{\"@type\":\"Organization\",\"@id\":\"https:\\\/\\\/sagrinex.com\\\/#organization\",\"name\":\"Sagrinex \u2013 Remorques, Conteneurs & Mat\u00e9riel Agricole\",\"url\":\"https:\\\/\\\/sagrinex.com\\\/\",\"logo\":{\"@type\":\"ImageObject\",\"inLanguage\":\"de\",\"@id\":\"https:\\\/\\\/sagrinex.com\\\/#\\\/schema\\\/logo\\\/image\\\/\",\"url\":\"https:\\\/\\\/sagrinex.com\\\/wp-content\\\/uploads\\\/2026\\\/03\\\/7f1ac463-ef5a-425d-bdd6-a5da03a334a9-1024x683.png\",\"contentUrl\":\"https:\\\/\\\/sagrinex.com\\\/wp-content\\\/uploads\\\/2026\\\/03\\\/7f1ac463-ef5a-425d-bdd6-a5da03a334a9-1024x683.png\",\"width\":1024,\"height\":683,\"caption\":\"Sagrinex \u2013 Remorques, Conteneurs & Mat\u00e9riel Agricole\"},\"image\":{\"@id\":\"https:\\\/\\\/sagrinex.com\\\/#\\\/schema\\\/logo\\\/image\\\/\"}}]}<\/script>\n<!-- \/ Yoast SEO plugin. -->","yoast_head_json":{"title":"Thermischer Pflanzenh\u00e4cksler 15 Ps, 125 Mm Schnittbreite, Elektrostart und Schleppbar \u2013 Daewoo DAFWC230 - Sagrinex \u2013 Anhaenger, Container &amp; Landtechnik \ud83c\udf3e\ud83d\ude9c","robots":{"index":"index","follow":"follow","max-snippet":"max-snippet:-1","max-image-preview":"max-image-preview:large","max-video-preview":"max-video-preview:-1"},"canonical":"https:\/\/sagrinex.com\/produit\/thermischer-pflanzenhaecksler-15-ps-125-mm-schnittbreite-elektrostart-und-schleppbar-daewoo-dafwc230\/?lang=de","og_locale":"de_DE","og_type":"article","og_title":"Thermischer Pflanzenh\u00e4cksler 15 Ps, 125 Mm Schnittbreite, Elektrostart und Schleppbar \u2013 Daewoo DAFWC230 - Sagrinex \u2013 Anhaenger, Container &amp; Landtechnik \ud83c\udf3e\ud83d\ude9c","og_description":"Holzbrecher DAEWOO DAFWC230 mit Leistungsstarker 420-cm\u00b3-Motor (15 PS).. Machen Sie es einfacher \u00c4ste zerquetschen bis 12,5 cm im Durchmesser (5 Zoll) und andere Gr\u00fcnabf\u00e4lle. Elektrostart praktisch, mit Startm\u00f6glichkeit per Launcher wenn n\u00f6tig. Trommelsystem angetrieben von Doppelg\u00fcrtel, Schneidmesser hinein geh\u00e4rteter Stahl beidseitig verwendbar, zweischneidig. Anh\u00e4ngerkupplung Robust, was den Transport des Brechers auf jedem Gel\u00e4nde erleichtert gro\u00dfe Stabilit\u00e4t. 2 Jahre Garantie.","og_url":"https:\/\/sagrinex.com\/produit\/thermischer-pflanzenhaecksler-15-ps-125-mm-schnittbreite-elektrostart-und-schleppbar-daewoo-dafwc230\/?lang=de","og_site_name":"Sagrinex \u2013 Anhaenger, Container &amp; Landtechnik \ud83c\udf3e\ud83d\ude9c","article_modified_time":"2026-04-15T21:12:21+00:00","og_image":[{"width":1200,"height":1372,"url":"https:\/\/sagrinex.com\/wp-content\/uploads\/2026\/03\/broyeur-vegetaux-thermique-15cv-125mm-de-coupe-demarrage-electrique-et-remorquable-daewoo-dafwc230.jpg","type":"image\/jpeg"}],"twitter_card":"summary_large_image","twitter_misc":{"Gesch\u00e4tzte Lesezeit":"1\u00a0Minute"},"schema":{"@context":"https:\/\/schema.org","@graph":[{"@type":"WebPage","@id":"https:\/\/sagrinex.com\/produit\/thermischer-pflanzenhaecksler-15-ps-125-mm-schnittbreite-elektrostart-und-schleppbar-daewoo-dafwc230\/?lang=de","url":"https:\/\/sagrinex.com\/produit\/thermischer-pflanzenhaecksler-15-ps-125-mm-schnittbreite-elektrostart-und-schleppbar-daewoo-dafwc230\/?lang=de","name":"Thermischer Pflanzenh\u00e4cksler 15 Ps, 125 Mm Schnittbreite, Elektrostart und Schleppbar \u2013 Daewoo DAFWC230 - Sagrinex \u2013 Anhaenger, Container &amp; Landtechnik \ud83c\udf3e\ud83d\ude9c","isPartOf":{"@id":"https:\/\/sagrinex.com\/#website"},"primaryImageOfPage":{"@id":"https:\/\/sagrinex.com\/produit\/thermischer-pflanzenhaecksler-15-ps-125-mm-schnittbreite-elektrostart-und-schleppbar-daewoo-dafwc230\/?lang=de#primaryimage"},"image":{"@id":"https:\/\/sagrinex.com\/produit\/thermischer-pflanzenhaecksler-15-ps-125-mm-schnittbreite-elektrostart-und-schleppbar-daewoo-dafwc230\/?lang=de#primaryimage"},"thumbnailUrl":"https:\/\/sagrinex.com\/wp-content\/uploads\/2026\/03\/broyeur-vegetaux-thermique-15cv-125mm-de-coupe-demarrage-electrique-et-remorquable-daewoo-dafwc230.jpg","datePublished":"2026-04-15T09:37:50+00:00","dateModified":"2026-04-15T21:12:21+00:00","breadcrumb":{"@id":"https:\/\/sagrinex.com\/produit\/thermischer-pflanzenhaecksler-15-ps-125-mm-schnittbreite-elektrostart-und-schleppbar-daewoo-dafwc230\/?lang=de#breadcrumb"},"inLanguage":"de","potentialAction":[{"@type":"ReadAction","target":["https:\/\/sagrinex.com\/produit\/thermischer-pflanzenhaecksler-15-ps-125-mm-schnittbreite-elektrostart-und-schleppbar-daewoo-dafwc230\/?lang=de"]}]},{"@type":"ImageObject","inLanguage":"de","@id":"https:\/\/sagrinex.com\/produit\/thermischer-pflanzenhaecksler-15-ps-125-mm-schnittbreite-elektrostart-und-schleppbar-daewoo-dafwc230\/?lang=de#primaryimage","url":"https:\/\/sagrinex.com\/wp-content\/uploads\/2026\/03\/broyeur-vegetaux-thermique-15cv-125mm-de-coupe-demarrage-electrique-et-remorquable-daewoo-dafwc230.jpg","contentUrl":"https:\/\/sagrinex.com\/wp-content\/uploads\/2026\/03\/broyeur-vegetaux-thermique-15cv-125mm-de-coupe-demarrage-electrique-et-remorquable-daewoo-dafwc230.jpg","width":1200,"height":1372},{"@type":"BreadcrumbList","@id":"https:\/\/sagrinex.com\/produit\/thermischer-pflanzenhaecksler-15-ps-125-mm-schnittbreite-elektrostart-und-schleppbar-daewoo-dafwc230\/?lang=de#breadcrumb","itemListElement":[{"@type":"ListItem","position":1,"name":"Accueil","item":"https:\/\/sagrinex.com\/?lang=de"},{"@type":"ListItem","position":2,"name":"Shop","item":"https:\/\/sagrinex.com\/shop\/"},{"@type":"ListItem","position":3,"name":"Thermischer Pflanzenh\u00e4cksler 15 Ps, 125 Mm Schnittbreite, Elektrostart und Schleppbar \u2013 Daewoo DAFWC230"}]},{"@type":"WebSite","@id":"https:\/\/sagrinex.com\/#website","url":"https:\/\/sagrinex.com\/","name":"Sagrinex \u2013 Spezialist f\u00fcr Anh\u00e4nger, Container & Landtechnik","description":"Anhaenger, Container &amp; Landtechnik \u2014 Online-Verkauf &amp; kostenloses Angebot","publisher":{"@id":"https:\/\/sagrinex.com\/#organization"},"potentialAction":[{"@type":"SearchAction","target":{"@type":"EntryPoint","urlTemplate":"https:\/\/sagrinex.com\/?s={search_term_string}"},"query-input":{"@type":"PropertyValueSpecification","valueRequired":true,"valueName":"search_term_string"}}],"inLanguage":"de"},{"@type":"Organization","@id":"https:\/\/sagrinex.com\/#organization","name":"Sagrinex \u2013 Remorques, Conteneurs & Mat\u00e9riel Agricole","url":"https:\/\/sagrinex.com\/","logo":{"@type":"ImageObject","inLanguage":"de","@id":"https:\/\/sagrinex.com\/#\/schema\/logo\/image\/","url":"https:\/\/sagrinex.com\/wp-content\/uploads\/2026\/03\/7f1ac463-ef5a-425d-bdd6-a5da03a334a9-1024x683.png","contentUrl":"https:\/\/sagrinex.com\/wp-content\/uploads\/2026\/03\/7f1ac463-ef5a-425d-bdd6-a5da03a334a9-1024x683.png","width":1024,"height":683,"caption":"Sagrinex \u2013 Remorques, Conteneurs & Mat\u00e9riel Agricole"},"image":{"@id":"https:\/\/sagrinex.com\/#\/schema\/logo\/image\/"}}]}},"jetpack_sharing_enabled":true,"_links":{"self":[{"href":"https:\/\/sagrinex.com\/de\/wp-json\/wp\/v2\/product\/17214","targetHints":{"allow":["GET"]}}],"collection":[{"href":"https:\/\/sagrinex.com\/de\/wp-json\/wp\/v2\/product"}],"about":[{"href":"https:\/\/sagrinex.com\/de\/wp-json\/wp\/v2\/types\/product"}],"replies":[{"embeddable":true,"href":"https:\/\/sagrinex.com\/de\/wp-json\/wp\/v2\/comments?post=17214"}],"version-history":[{"count":0,"href":"https:\/\/sagrinex.com\/de\/wp-json\/wp\/v2\/product\/17214\/revisions"}],"wp:featuredmedia":[{"embeddable":true,"href":"https:\/\/sagrinex.com\/de\/wp-json\/wp\/v2\/media\/5392"}],"wp:attachment":[{"href":"https:\/\/sagrinex.com\/de\/wp-json\/wp\/v2\/media?parent=17214"}],"wp:term":[{"taxonomy":"product_brand","embeddable":true,"href":"https:\/\/sagrinex.com\/de\/wp-json\/wp\/v2\/product_brand?post=17214"},{"taxonomy":"product_cat","embeddable":true,"href":"https:\/\/sagrinex.com\/de\/wp-json\/wp\/v2\/product_cat?post=17214"},{"taxonomy":"product_tag","embeddable":true,"href":"https:\/\/sagrinex.com\/de\/wp-json\/wp\/v2\/product_tag?post=17214"}],"curies":[{"name":"wp","href":"https:\/\/api.w.org\/{rel}","templated":true}]}}