{"id":17217,"date":"2026-04-15T09:41:30","date_gmt":"2026-04-15T09:41:30","guid":{"rendered":"https:\/\/sagrinex.com\/produit\/daewoo-pflanzenhaecksler-durchmesser-100-mm-212-cm%c2%b3-motor-mit-anhaengerkupplung-dafkcc350\/"},"modified":"2026-04-15T21:12:21","modified_gmt":"2026-04-15T21:12:21","slug":"daewoo-pflanzenhaecksler-durchmesser-100-mm-212-cm%c2%b3-motor-mit-anhaengerkupplung-dafkcc350","status":"publish","type":"product","link":"https:\/\/sagrinex.com\/de\/produit\/daewoo-pflanzenhaecksler-durchmesser-100-mm-212-cm%c2%b3-motor-mit-anhaengerkupplung-dafkcc350\/","title":{"rendered":"Daewoo Pflanzenh\u00e4cksler \u2013 Durchmesser 100 Mm, 212-cm\u00b3-motor, mit Anh\u00e4ngerkupplung \u2013 DAFKCC350"},"content":{"rendered":"<p>Der DAEWOO DAFKCC350 Holzh\u00e4cksler repr\u00e4sentiert <strong>Koreanische Innovation<\/strong> im Dienst von <strong>Professionelles und privates Schleifen.<\/strong><\/p>\n<p>Teil der Produktreihe thermischer und \u201ePTO\u201c-Gem\u00fcsezerkleinerer <strong>DAEWOO Forstwirtschaft.<\/strong><\/p>\n<p>Der DAFKCC350 zerkleinert Gr\u00fcnabf\u00e4lle dank seiner <strong>Behandelte und austauschbare Klingen<\/strong>. DAEWOO empfiehlt, die Sch\u00e4rfe der Klingen regelm\u00e4\u00dfig zu \u00fcberpr\u00fcfen, um einen optimalen Schnitt zu gew\u00e4hrleisten.<\/p>\n<p><strong>Mit der Anh\u00e4ngerkupplung k\u00f6nnen Sie den Brecher ziehen,<\/strong> Kompatibel mit einem Quad, Traktor oder LKW, was die Fortbewegung erleichtert, insbesondere auf unebenem Untergrund oder in steilem Gel\u00e4nde. Diese Funktion reduziert die Erm\u00fcdung, die mit dem manuellen Bewegen des Brechers einhergeht, erheblich und sorgt f\u00fcr eine hohe Stabilit\u00e4t.<\/p>\n<p><strong>Der Auswurf ist h\u00f6henverstellbar<\/strong>, wodurch das zerkleinerte Material in einen gegossen werden kann<strong> Kipper<\/strong> oder in einem <strong>Anh\u00e4nger.<\/strong><\/p>\n<p>F\u00fcr eine optimale Nutzung empfiehlt DAEWOO:<\/p>\n<ul>\n<li>Bevorzugen Sie das Schleifen von trockenem oder gr\u00fcnem Holz. Nasses Holz neigt dazu, zusammenzukleben und sich zu verdichten, was m\u00f6glicherweise zu Staus im H\u00e4cksler f\u00fchren kann.<\/li>\n<li>F\u00fchren Sie ausschlie\u00dflich \u00c4ste und Pflanzen in den H\u00e4cksler ein. Vermeiden Sie es, andere Materialien wie Steine, Kunststoff oder Metall darauf zu legen.<\/li>\n<li>\u00dcberladen Sie den H\u00e4cksler nicht, f\u00fchren Sie die Zweige einzeln in den Trichter ein, um einen optimalen Betrieb zu gew\u00e4hrleisten und Verstopfungen zu vermeiden.<\/li>\n<\/ul>\n<p><strong>Diese Thermoschleifmaschine wird ohne Motor\u00f6l geliefert, <\/strong><strong>Daher ist es notwendig, vor Inbetriebnahme der M\u00fchle den \u00d6lstand zu pr\u00fcfen und nachzuf\u00fcllen.<\/strong><\/p>\n<p><strong>Bitte lesen Sie vor dem Gebrauch die Gebrauchsanweisung sorgf\u00e4ltig durch.<\/strong><\/p>\n","protected":false},"excerpt":{"rendered":"<ul>\n<li class=\"relative p-1 rounded-sm flex items-center justify-center bg-token-main-surface-primary text-token-text-primary h-8 w-8\"><strong>DAEWOO DAFKCC350 thermischer Aktenvernichter<\/strong>, leistungsstarker Motor <strong>212 ccm, 7 PS<\/strong>, Luftk\u00fchlung.<\/li>\n<li class=\"relative p-1 rounded-sm flex items-center justify-center bg-token-main-surface-primary text-token-text-primary h-8 w-8\"><strong>Maximale Schnittkapazit\u00e4t von 100 mm<\/strong> (<strong>4 Zoll)<\/strong>, erm\u00f6glicht das Schneiden von \u00c4sten, kleinen Baumst\u00e4mmen und Zweigen geschnittener Hecken.<\/li>\n<li class=\"relative p-1 rounded-sm flex items-center justify-center bg-token-main-surface-primary text-token-text-primary h-8 w-8\"><strong>Anh\u00e4ngerkupplung inklusive<\/strong> erm\u00f6glicht den Transport des Brechers weiter<strong> schwieriges Gel\u00e4nde<\/strong> w\u00e4hrend er eine Rolle spielt <strong>Stabilisierung.<\/strong><\/li>\n<li class=\"relative p-1 rounded-sm flex items-center justify-center bg-token-main-surface-primary text-token-text-primary h-8 w-8\"><strong>Zerkleinerungstrommel 350 mm <\/strong>mit zwei wendbaren zweischneidigen Klingen <strong>aus geh\u00e4rtetem Stahl.<\/strong><\/li>\n<li class=\"relative p-1 rounded-sm flex items-center justify-center bg-token-main-surface-primary text-token-text-primary h-8 w-8\"><strong>Futterrutsche<\/strong> ger\u00e4umig (450\u00d7378 mm) f\u00fcr optimale Leistung.<\/li>\n<li class=\"relative p-1 rounded-sm flex items-center justify-center bg-token-main-surface-primary text-token-text-primary h-8 w-8\"><strong>2 Jahre Garantie.<\/strong><\/li>\n<\/ul>\n","protected":false},"featured_media":5413,"comment_status":"open","ping_status":"closed","template":"","meta":[],"product_brand":[],"product_cat":[330,322],"product_tag":[],"class_list":{"0":"post-17217","1":"product","2":"type-product","3":"status-publish","4":"has-post-thumbnail","6":"product_cat-hacksler","7":"product_cat-landwirtschaftliche-geraete-und-zubehoer","9":"first","10":"instock","11":"shipping-taxable","12":"purchasable","13":"product-type-simple"},"yoast_head":"<!-- This site is optimized with the Yoast SEO plugin v27.4 - https:\/\/yoast.com\/product\/yoast-seo-wordpress\/ -->\n<title>Daewoo Pflanzenh\u00e4cksler \u2013 Durchmesser 100 Mm, 212-cm\u00b3-motor, mit Anh\u00e4ngerkupplung \u2013 DAFKCC350 - Sagrinex \u2013 Anhaenger, Container &amp; Landtechnik \ud83c\udf3e\ud83d\ude9c<\/title>\n<meta name=\"robots\" content=\"index, follow, max-snippet:-1, max-image-preview:large, max-video-preview:-1\" \/>\n<link rel=\"canonical\" href=\"https:\/\/sagrinex.com\/produit\/daewoo-pflanzenhaecksler-durchmesser-100-mm-212-cm\u00b3-motor-mit-anhaengerkupplung-dafkcc350\/?lang=de\" \/>\n<meta property=\"og:locale\" content=\"de_DE\" \/>\n<meta property=\"og:type\" content=\"article\" \/>\n<meta property=\"og:title\" content=\"Daewoo Pflanzenh\u00e4cksler \u2013 Durchmesser 100 Mm, 212-cm\u00b3-motor, mit Anh\u00e4ngerkupplung \u2013 DAFKCC350 - Sagrinex \u2013 Anhaenger, Container &amp; Landtechnik \ud83c\udf3e\ud83d\ude9c\" \/>\n<meta property=\"og:description\" content=\"DAEWOO DAFKCC350 thermischer Aktenvernichter, leistungsstarker Motor 212 ccm, 7 PS, Luftk\u00fchlung. Maximale Schnittkapazit\u00e4t von 100 mm (4 Zoll), erm\u00f6glicht das Schneiden von \u00c4sten, kleinen Baumst\u00e4mmen und Zweigen geschnittener Hecken. Anh\u00e4ngerkupplung inklusive erm\u00f6glicht den Transport des Brechers weiter schwieriges Gel\u00e4nde w\u00e4hrend er eine Rolle spielt Stabilisierung. Zerkleinerungstrommel 350 mm mit zwei wendbaren zweischneidigen Klingen aus geh\u00e4rtetem Stahl. Futterrutsche ger\u00e4umig (450\u00d7378 mm) f\u00fcr optimale Leistung. 2 Jahre Garantie.\" \/>\n<meta property=\"og:url\" content=\"https:\/\/sagrinex.com\/produit\/daewoo-pflanzenhaecksler-durchmesser-100-mm-212-cm\u00b3-motor-mit-anhaengerkupplung-dafkcc350\/?lang=de\" \/>\n<meta property=\"og:site_name\" content=\"Sagrinex \u2013 Anhaenger, Container &amp; Landtechnik \ud83c\udf3e\ud83d\ude9c\" \/>\n<meta property=\"article:modified_time\" content=\"2026-04-15T21:12:21+00:00\" \/>\n<meta property=\"og:image\" content=\"https:\/\/sagrinex.com\/wp-content\/uploads\/2026\/03\/broyeur-de-vegetaux-daewoo-diametre-100mm-moteur-212cc-avec-barre-de-remorquage-dafkcc350.jpg\" \/>\n\t<meta property=\"og:image:width\" content=\"1200\" \/>\n\t<meta property=\"og:image:height\" content=\"1372\" \/>\n\t<meta property=\"og:image:type\" content=\"image\/jpeg\" \/>\n<meta name=\"twitter:card\" content=\"summary_large_image\" \/>\n<meta name=\"twitter:label1\" content=\"Gesch\u00e4tzte Lesezeit\" \/>\n\t<meta name=\"twitter:data1\" content=\"1\u00a0Minute\" \/>\n<script type=\"application\/ld+json\" class=\"yoast-schema-graph\">{\"@context\":\"https:\\\/\\\/schema.org\",\"@graph\":[{\"@type\":\"WebPage\",\"@id\":\"https:\\\/\\\/sagrinex.com\\\/produit\\\/daewoo-pflanzenhaecksler-durchmesser-100-mm-212-cm%c2%b3-motor-mit-anhaengerkupplung-dafkcc350\\\/?lang=de\",\"url\":\"https:\\\/\\\/sagrinex.com\\\/produit\\\/daewoo-pflanzenhaecksler-durchmesser-100-mm-212-cm%c2%b3-motor-mit-anhaengerkupplung-dafkcc350\\\/?lang=de\",\"name\":\"Daewoo Pflanzenh\u00e4cksler \u2013 Durchmesser 100 Mm, 212-cm\u00b3-motor, mit Anh\u00e4ngerkupplung \u2013 DAFKCC350 - Sagrinex \u2013 Anhaenger, Container &amp; Landtechnik \ud83c\udf3e\ud83d\ude9c\",\"isPartOf\":{\"@id\":\"https:\\\/\\\/sagrinex.com\\\/#website\"},\"primaryImageOfPage\":{\"@id\":\"https:\\\/\\\/sagrinex.com\\\/produit\\\/daewoo-pflanzenhaecksler-durchmesser-100-mm-212-cm%c2%b3-motor-mit-anhaengerkupplung-dafkcc350\\\/?lang=de#primaryimage\"},\"image\":{\"@id\":\"https:\\\/\\\/sagrinex.com\\\/produit\\\/daewoo-pflanzenhaecksler-durchmesser-100-mm-212-cm%c2%b3-motor-mit-anhaengerkupplung-dafkcc350\\\/?lang=de#primaryimage\"},\"thumbnailUrl\":\"https:\\\/\\\/sagrinex.com\\\/wp-content\\\/uploads\\\/2026\\\/03\\\/broyeur-de-vegetaux-daewoo-diametre-100mm-moteur-212cc-avec-barre-de-remorquage-dafkcc350.jpg\",\"datePublished\":\"2026-04-15T09:41:30+00:00\",\"dateModified\":\"2026-04-15T21:12:21+00:00\",\"breadcrumb\":{\"@id\":\"https:\\\/\\\/sagrinex.com\\\/produit\\\/daewoo-pflanzenhaecksler-durchmesser-100-mm-212-cm%c2%b3-motor-mit-anhaengerkupplung-dafkcc350\\\/?lang=de#breadcrumb\"},\"inLanguage\":\"de\",\"potentialAction\":[{\"@type\":\"ReadAction\",\"target\":[\"https:\\\/\\\/sagrinex.com\\\/produit\\\/daewoo-pflanzenhaecksler-durchmesser-100-mm-212-cm%c2%b3-motor-mit-anhaengerkupplung-dafkcc350\\\/?lang=de\"]}]},{\"@type\":\"ImageObject\",\"inLanguage\":\"de\",\"@id\":\"https:\\\/\\\/sagrinex.com\\\/produit\\\/daewoo-pflanzenhaecksler-durchmesser-100-mm-212-cm%c2%b3-motor-mit-anhaengerkupplung-dafkcc350\\\/?lang=de#primaryimage\",\"url\":\"https:\\\/\\\/sagrinex.com\\\/wp-content\\\/uploads\\\/2026\\\/03\\\/broyeur-de-vegetaux-daewoo-diametre-100mm-moteur-212cc-avec-barre-de-remorquage-dafkcc350.jpg\",\"contentUrl\":\"https:\\\/\\\/sagrinex.com\\\/wp-content\\\/uploads\\\/2026\\\/03\\\/broyeur-de-vegetaux-daewoo-diametre-100mm-moteur-212cc-avec-barre-de-remorquage-dafkcc350.jpg\",\"width\":1200,\"height\":1372},{\"@type\":\"BreadcrumbList\",\"@id\":\"https:\\\/\\\/sagrinex.com\\\/produit\\\/daewoo-pflanzenhaecksler-durchmesser-100-mm-212-cm%c2%b3-motor-mit-anhaengerkupplung-dafkcc350\\\/?lang=de#breadcrumb\",\"itemListElement\":[{\"@type\":\"ListItem\",\"position\":1,\"name\":\"Accueil\",\"item\":\"https:\\\/\\\/sagrinex.com\\\/?lang=de\"},{\"@type\":\"ListItem\",\"position\":2,\"name\":\"Shop\",\"item\":\"https:\\\/\\\/sagrinex.com\\\/shop\\\/\"},{\"@type\":\"ListItem\",\"position\":3,\"name\":\"Daewoo Pflanzenh\u00e4cksler \u2013 Durchmesser 100 Mm, 212-cm\u00b3-motor, mit Anh\u00e4ngerkupplung \u2013 DAFKCC350\"}]},{\"@type\":\"WebSite\",\"@id\":\"https:\\\/\\\/sagrinex.com\\\/#website\",\"url\":\"https:\\\/\\\/sagrinex.com\\\/\",\"name\":\"Sagrinex \u2013 Spezialist f\u00fcr Anh\u00e4nger, Container & Landtechnik\",\"description\":\"Anhaenger, Container &amp; Landtechnik \u2014 Online-Verkauf &amp; kostenloses Angebot\",\"publisher\":{\"@id\":\"https:\\\/\\\/sagrinex.com\\\/#organization\"},\"potentialAction\":[{\"@type\":\"SearchAction\",\"target\":{\"@type\":\"EntryPoint\",\"urlTemplate\":\"https:\\\/\\\/sagrinex.com\\\/?s={search_term_string}\"},\"query-input\":{\"@type\":\"PropertyValueSpecification\",\"valueRequired\":true,\"valueName\":\"search_term_string\"}}],\"inLanguage\":\"de\"},{\"@type\":\"Organization\",\"@id\":\"https:\\\/\\\/sagrinex.com\\\/#organization\",\"name\":\"Sagrinex \u2013 Remorques, Conteneurs & Mat\u00e9riel Agricole\",\"url\":\"https:\\\/\\\/sagrinex.com\\\/\",\"logo\":{\"@type\":\"ImageObject\",\"inLanguage\":\"de\",\"@id\":\"https:\\\/\\\/sagrinex.com\\\/#\\\/schema\\\/logo\\\/image\\\/\",\"url\":\"https:\\\/\\\/sagrinex.com\\\/wp-content\\\/uploads\\\/2026\\\/03\\\/7f1ac463-ef5a-425d-bdd6-a5da03a334a9-1024x683.png\",\"contentUrl\":\"https:\\\/\\\/sagrinex.com\\\/wp-content\\\/uploads\\\/2026\\\/03\\\/7f1ac463-ef5a-425d-bdd6-a5da03a334a9-1024x683.png\",\"width\":1024,\"height\":683,\"caption\":\"Sagrinex \u2013 Remorques, Conteneurs & Mat\u00e9riel Agricole\"},\"image\":{\"@id\":\"https:\\\/\\\/sagrinex.com\\\/#\\\/schema\\\/logo\\\/image\\\/\"}}]}<\/script>\n<!-- \/ Yoast SEO plugin. -->","yoast_head_json":{"title":"Daewoo Pflanzenh\u00e4cksler \u2013 Durchmesser 100 Mm, 212-cm\u00b3-motor, mit Anh\u00e4ngerkupplung \u2013 DAFKCC350 - Sagrinex \u2013 Anhaenger, Container &amp; Landtechnik \ud83c\udf3e\ud83d\ude9c","robots":{"index":"index","follow":"follow","max-snippet":"max-snippet:-1","max-image-preview":"max-image-preview:large","max-video-preview":"max-video-preview:-1"},"canonical":"https:\/\/sagrinex.com\/produit\/daewoo-pflanzenhaecksler-durchmesser-100-mm-212-cm\u00b3-motor-mit-anhaengerkupplung-dafkcc350\/?lang=de","og_locale":"de_DE","og_type":"article","og_title":"Daewoo Pflanzenh\u00e4cksler \u2013 Durchmesser 100 Mm, 212-cm\u00b3-motor, mit Anh\u00e4ngerkupplung \u2013 DAFKCC350 - Sagrinex \u2013 Anhaenger, Container &amp; Landtechnik \ud83c\udf3e\ud83d\ude9c","og_description":"DAEWOO DAFKCC350 thermischer Aktenvernichter, leistungsstarker Motor 212 ccm, 7 PS, Luftk\u00fchlung. Maximale Schnittkapazit\u00e4t von 100 mm (4 Zoll), erm\u00f6glicht das Schneiden von \u00c4sten, kleinen Baumst\u00e4mmen und Zweigen geschnittener Hecken. Anh\u00e4ngerkupplung inklusive erm\u00f6glicht den Transport des Brechers weiter schwieriges Gel\u00e4nde w\u00e4hrend er eine Rolle spielt Stabilisierung. Zerkleinerungstrommel 350 mm mit zwei wendbaren zweischneidigen Klingen aus geh\u00e4rtetem Stahl. Futterrutsche ger\u00e4umig (450\u00d7378 mm) f\u00fcr optimale Leistung. 2 Jahre Garantie.","og_url":"https:\/\/sagrinex.com\/produit\/daewoo-pflanzenhaecksler-durchmesser-100-mm-212-cm\u00b3-motor-mit-anhaengerkupplung-dafkcc350\/?lang=de","og_site_name":"Sagrinex \u2013 Anhaenger, Container &amp; Landtechnik \ud83c\udf3e\ud83d\ude9c","article_modified_time":"2026-04-15T21:12:21+00:00","og_image":[{"width":1200,"height":1372,"url":"https:\/\/sagrinex.com\/wp-content\/uploads\/2026\/03\/broyeur-de-vegetaux-daewoo-diametre-100mm-moteur-212cc-avec-barre-de-remorquage-dafkcc350.jpg","type":"image\/jpeg"}],"twitter_card":"summary_large_image","twitter_misc":{"Gesch\u00e4tzte Lesezeit":"1\u00a0Minute"},"schema":{"@context":"https:\/\/schema.org","@graph":[{"@type":"WebPage","@id":"https:\/\/sagrinex.com\/produit\/daewoo-pflanzenhaecksler-durchmesser-100-mm-212-cm%c2%b3-motor-mit-anhaengerkupplung-dafkcc350\/?lang=de","url":"https:\/\/sagrinex.com\/produit\/daewoo-pflanzenhaecksler-durchmesser-100-mm-212-cm%c2%b3-motor-mit-anhaengerkupplung-dafkcc350\/?lang=de","name":"Daewoo Pflanzenh\u00e4cksler \u2013 Durchmesser 100 Mm, 212-cm\u00b3-motor, mit Anh\u00e4ngerkupplung \u2013 DAFKCC350 - Sagrinex \u2013 Anhaenger, Container &amp; Landtechnik \ud83c\udf3e\ud83d\ude9c","isPartOf":{"@id":"https:\/\/sagrinex.com\/#website"},"primaryImageOfPage":{"@id":"https:\/\/sagrinex.com\/produit\/daewoo-pflanzenhaecksler-durchmesser-100-mm-212-cm%c2%b3-motor-mit-anhaengerkupplung-dafkcc350\/?lang=de#primaryimage"},"image":{"@id":"https:\/\/sagrinex.com\/produit\/daewoo-pflanzenhaecksler-durchmesser-100-mm-212-cm%c2%b3-motor-mit-anhaengerkupplung-dafkcc350\/?lang=de#primaryimage"},"thumbnailUrl":"https:\/\/sagrinex.com\/wp-content\/uploads\/2026\/03\/broyeur-de-vegetaux-daewoo-diametre-100mm-moteur-212cc-avec-barre-de-remorquage-dafkcc350.jpg","datePublished":"2026-04-15T09:41:30+00:00","dateModified":"2026-04-15T21:12:21+00:00","breadcrumb":{"@id":"https:\/\/sagrinex.com\/produit\/daewoo-pflanzenhaecksler-durchmesser-100-mm-212-cm%c2%b3-motor-mit-anhaengerkupplung-dafkcc350\/?lang=de#breadcrumb"},"inLanguage":"de","potentialAction":[{"@type":"ReadAction","target":["https:\/\/sagrinex.com\/produit\/daewoo-pflanzenhaecksler-durchmesser-100-mm-212-cm%c2%b3-motor-mit-anhaengerkupplung-dafkcc350\/?lang=de"]}]},{"@type":"ImageObject","inLanguage":"de","@id":"https:\/\/sagrinex.com\/produit\/daewoo-pflanzenhaecksler-durchmesser-100-mm-212-cm%c2%b3-motor-mit-anhaengerkupplung-dafkcc350\/?lang=de#primaryimage","url":"https:\/\/sagrinex.com\/wp-content\/uploads\/2026\/03\/broyeur-de-vegetaux-daewoo-diametre-100mm-moteur-212cc-avec-barre-de-remorquage-dafkcc350.jpg","contentUrl":"https:\/\/sagrinex.com\/wp-content\/uploads\/2026\/03\/broyeur-de-vegetaux-daewoo-diametre-100mm-moteur-212cc-avec-barre-de-remorquage-dafkcc350.jpg","width":1200,"height":1372},{"@type":"BreadcrumbList","@id":"https:\/\/sagrinex.com\/produit\/daewoo-pflanzenhaecksler-durchmesser-100-mm-212-cm%c2%b3-motor-mit-anhaengerkupplung-dafkcc350\/?lang=de#breadcrumb","itemListElement":[{"@type":"ListItem","position":1,"name":"Accueil","item":"https:\/\/sagrinex.com\/?lang=de"},{"@type":"ListItem","position":2,"name":"Shop","item":"https:\/\/sagrinex.com\/shop\/"},{"@type":"ListItem","position":3,"name":"Daewoo Pflanzenh\u00e4cksler \u2013 Durchmesser 100 Mm, 212-cm\u00b3-motor, mit Anh\u00e4ngerkupplung \u2013 DAFKCC350"}]},{"@type":"WebSite","@id":"https:\/\/sagrinex.com\/#website","url":"https:\/\/sagrinex.com\/","name":"Sagrinex \u2013 Spezialist f\u00fcr Anh\u00e4nger, Container & Landtechnik","description":"Anhaenger, Container &amp; Landtechnik \u2014 Online-Verkauf &amp; kostenloses Angebot","publisher":{"@id":"https:\/\/sagrinex.com\/#organization"},"potentialAction":[{"@type":"SearchAction","target":{"@type":"EntryPoint","urlTemplate":"https:\/\/sagrinex.com\/?s={search_term_string}"},"query-input":{"@type":"PropertyValueSpecification","valueRequired":true,"valueName":"search_term_string"}}],"inLanguage":"de"},{"@type":"Organization","@id":"https:\/\/sagrinex.com\/#organization","name":"Sagrinex \u2013 Remorques, Conteneurs & Mat\u00e9riel Agricole","url":"https:\/\/sagrinex.com\/","logo":{"@type":"ImageObject","inLanguage":"de","@id":"https:\/\/sagrinex.com\/#\/schema\/logo\/image\/","url":"https:\/\/sagrinex.com\/wp-content\/uploads\/2026\/03\/7f1ac463-ef5a-425d-bdd6-a5da03a334a9-1024x683.png","contentUrl":"https:\/\/sagrinex.com\/wp-content\/uploads\/2026\/03\/7f1ac463-ef5a-425d-bdd6-a5da03a334a9-1024x683.png","width":1024,"height":683,"caption":"Sagrinex \u2013 Remorques, Conteneurs & Mat\u00e9riel Agricole"},"image":{"@id":"https:\/\/sagrinex.com\/#\/schema\/logo\/image\/"}}]}},"jetpack_sharing_enabled":true,"_links":{"self":[{"href":"https:\/\/sagrinex.com\/de\/wp-json\/wp\/v2\/product\/17217","targetHints":{"allow":["GET"]}}],"collection":[{"href":"https:\/\/sagrinex.com\/de\/wp-json\/wp\/v2\/product"}],"about":[{"href":"https:\/\/sagrinex.com\/de\/wp-json\/wp\/v2\/types\/product"}],"replies":[{"embeddable":true,"href":"https:\/\/sagrinex.com\/de\/wp-json\/wp\/v2\/comments?post=17217"}],"version-history":[{"count":0,"href":"https:\/\/sagrinex.com\/de\/wp-json\/wp\/v2\/product\/17217\/revisions"}],"wp:featuredmedia":[{"embeddable":true,"href":"https:\/\/sagrinex.com\/de\/wp-json\/wp\/v2\/media\/5413"}],"wp:attachment":[{"href":"https:\/\/sagrinex.com\/de\/wp-json\/wp\/v2\/media?parent=17217"}],"wp:term":[{"taxonomy":"product_brand","embeddable":true,"href":"https:\/\/sagrinex.com\/de\/wp-json\/wp\/v2\/product_brand?post=17217"},{"taxonomy":"product_cat","embeddable":true,"href":"https:\/\/sagrinex.com\/de\/wp-json\/wp\/v2\/product_cat?post=17217"},{"taxonomy":"product_tag","embeddable":true,"href":"https:\/\/sagrinex.com\/de\/wp-json\/wp\/v2\/product_tag?post=17217"}],"curies":[{"name":"wp","href":"https:\/\/api.w.org\/{rel}","templated":true}]}}