{"id":17218,"date":"2026-04-15T09:42:41","date_gmt":"2026-04-15T09:42:41","guid":{"rendered":"https:\/\/sagrinex.com\/produit\/125-mm-asthaecksler-420-cm%c2%b3-15-ps-motor-elektrostarter-anhaengerbefestigung-daewoo-dafwc600\/"},"modified":"2026-04-15T21:12:22","modified_gmt":"2026-04-15T21:12:22","slug":"125-mm-asthaecksler-420-cm%c2%b3-15-ps-motor-elektrostarter-anhaengerbefestigung-daewoo-dafwc600","status":"publish","type":"product","link":"https:\/\/sagrinex.com\/de\/produit\/125-mm-asthaecksler-420-cm%c2%b3-15-ps-motor-elektrostarter-anhaengerbefestigung-daewoo-dafwc600\/","title":{"rendered":"125-mm-asth\u00e4cksler, 420-cm\u00b3-15-ps-motor, Elektrostarter, Anh\u00e4ngerbefestigung \u2013 Daewoo DAFWC600"},"content":{"rendered":"<p>Teil der DAEWOO Forestry-Reihe von H\u00e4ckslern f\u00fcr Privatpersonen und Profis.<\/p>\n<p>Der DAFWC600 bietet eine Schleifkapazit\u00e4t von 5 Zoll und erm\u00f6glicht so die effiziente Bearbeitung einer Vielzahl von Holzmaterialien.<\/p>\n<p>Mit seinem beeindruckenden Scheibendurchmesser von 600 mm bew\u00e4ltigt er problemlos gr\u00f6\u00dfere \u00c4ste und Baumst\u00e4mme.<\/p>\n<p>Die \u00dcbertragung auf das Zerkleinerungssystem erfolgt \u00fcber ein doppeltes Keilriemensystem und gew\u00e4hrleistet so den Schutz der Motorleistung bei verstopften \u00c4sten oder St\u00f6\u00dfen. Im Gegensatz zu vielen Gartenh\u00e4ckslern auf dem Markt, die \u00fcber einen Direktantrieb verf\u00fcgen, verringert diese Konfiguration das Risiko, dass der Motor bei Staus freigelegt wird, erheblich.<\/p>\n<p>Sein verst\u00e4rkter Stahlrahmen und die Anh\u00e4ngerkupplung sorgen f\u00fcr erh\u00f6hte Stabilit\u00e4t beim Zerkleinern von Gr\u00fcnabf\u00e4llen.<\/p>\n<p>Der Auswurf ist h\u00f6henverstellbar und erm\u00f6glicht so einen einfachen Auswurf des zerkleinerten Materials auf einen Anh\u00e4nger oder eine LKW-Ladefl\u00e4che.<\/p>\n<p>Geschnittene \u00c4ste eignen sich ideal als Mulch f\u00fcr Ihre Blumenbeete. Sollten die St\u00fccke zu gro\u00df sein, k\u00f6nnen Sie diese einfach im Mahlwerk auf eine kleinere Gr\u00f6\u00dfe weiterverarbeiten.<\/p>\n<p><strong>Diese Thermoschleifmaschine wird ohne Motor\u00f6l geliefert, <\/strong><strong>Daher ist es notwendig, vor Inbetriebnahme der M\u00fchle den \u00d6lstand zu pr\u00fcfen und nachzuf\u00fcllen.<\/strong><\/p>\n<p><strong>Bitte lesen Sie vor dem Gebrauch die Gebrauchsanweisung sorgf\u00e4ltig durch.<\/strong><\/p>\n","protected":false},"excerpt":{"rendered":"<ul>\n<li>Thermoschleifer<strong> DAEWOO DAFWC600<\/strong>, konzipiert f\u00fcr den intensiven Gebrauch.<\/li>\n<li>Motor <strong>OHV<\/strong> von <strong>420 cm\u00b3<\/strong>, eine Kraft entwickelnd <strong>15 PS.<\/strong><\/li>\n<li><strong>Elektrostarter<\/strong> praktisch f\u00fcr den Einsatz bei schlechtem Wetter <strong>feucht oder kalt<\/strong>, mit <strong>Bei Bedarf ist ein manueller Launcher verf\u00fcgbar.<\/strong><\/li>\n<li>Schneidleistung von <strong>125mm<\/strong>, geeignet zum Zerkleinern von kleinen Baumst\u00e4mmen, Str\u00e4uchern und sperrigem Laub.<\/li>\n<li><strong>Verst\u00e4rktes Chassis <\/strong>mit<strong> Anh\u00e4ngerkupplung<\/strong> um die Bewegung in schwierigem Gel\u00e4nde zu erleichtern.<\/li>\n<li><strong>2 Jahre Garantie.<\/strong><\/li>\n<\/ul>\n","protected":false},"featured_media":5422,"comment_status":"open","ping_status":"closed","template":"","meta":[],"product_brand":[],"product_cat":[330,322],"product_tag":[],"class_list":{"0":"post-17218","1":"product","2":"type-product","3":"status-publish","4":"has-post-thumbnail","6":"product_cat-hacksler","7":"product_cat-landwirtschaftliche-geraete-und-zubehoer","9":"first","10":"instock","11":"shipping-taxable","12":"purchasable","13":"product-type-simple"},"yoast_head":"<!-- This site is optimized with the Yoast SEO plugin v27.4 - https:\/\/yoast.com\/product\/yoast-seo-wordpress\/ -->\n<title>125-mm-asth\u00e4cksler, 420-cm\u00b3-15-ps-motor, Elektrostarter, Anh\u00e4ngerbefestigung \u2013 Daewoo DAFWC600 - Sagrinex \u2013 Anhaenger, Container &amp; Landtechnik \ud83c\udf3e\ud83d\ude9c<\/title>\n<meta name=\"robots\" content=\"index, follow, max-snippet:-1, max-image-preview:large, max-video-preview:-1\" \/>\n<link rel=\"canonical\" href=\"https:\/\/sagrinex.com\/produit\/125-mm-asthaecksler-420-cm\u00b3-15-ps-motor-elektrostarter-anhaengerbefestigung-daewoo-dafwc600\/?lang=de\" \/>\n<meta property=\"og:locale\" content=\"de_DE\" \/>\n<meta property=\"og:type\" content=\"article\" \/>\n<meta property=\"og:title\" content=\"125-mm-asth\u00e4cksler, 420-cm\u00b3-15-ps-motor, Elektrostarter, Anh\u00e4ngerbefestigung \u2013 Daewoo DAFWC600 - Sagrinex \u2013 Anhaenger, Container &amp; Landtechnik \ud83c\udf3e\ud83d\ude9c\" \/>\n<meta property=\"og:description\" content=\"Thermoschleifer DAEWOO DAFWC600, konzipiert f\u00fcr den intensiven Gebrauch. Motor OHV von 420 cm\u00b3, eine Kraft entwickelnd 15 PS. Elektrostarter praktisch f\u00fcr den Einsatz bei schlechtem Wetter feucht oder kalt, mit Bei Bedarf ist ein manueller Launcher verf\u00fcgbar. Schneidleistung von 125mm, geeignet zum Zerkleinern von kleinen Baumst\u00e4mmen, Str\u00e4uchern und sperrigem Laub. Verst\u00e4rktes Chassis mit Anh\u00e4ngerkupplung um die Bewegung in schwierigem Gel\u00e4nde zu erleichtern. 2 Jahre Garantie.\" \/>\n<meta property=\"og:url\" content=\"https:\/\/sagrinex.com\/produit\/125-mm-asthaecksler-420-cm\u00b3-15-ps-motor-elektrostarter-anhaengerbefestigung-daewoo-dafwc600\/?lang=de\" \/>\n<meta property=\"og:site_name\" content=\"Sagrinex \u2013 Anhaenger, Container &amp; Landtechnik \ud83c\udf3e\ud83d\ude9c\" \/>\n<meta property=\"article:modified_time\" content=\"2026-04-15T21:12:22+00:00\" \/>\n<meta property=\"og:image\" content=\"https:\/\/sagrinex.com\/wp-content\/uploads\/2026\/03\/broyeur-de-branches-125mm-moteur-420cc-15cv-demarrage-electrique-attache-remorque-daewoo-dafwc600.jpg\" \/>\n\t<meta property=\"og:image:width\" content=\"1200\" \/>\n\t<meta property=\"og:image:height\" content=\"1372\" \/>\n\t<meta property=\"og:image:type\" content=\"image\/jpeg\" \/>\n<meta name=\"twitter:card\" content=\"summary_large_image\" \/>\n<meta name=\"twitter:label1\" content=\"Gesch\u00e4tzte Lesezeit\" \/>\n\t<meta name=\"twitter:data1\" content=\"1\u00a0Minute\" \/>\n<script type=\"application\/ld+json\" class=\"yoast-schema-graph\">{\"@context\":\"https:\\\/\\\/schema.org\",\"@graph\":[{\"@type\":\"WebPage\",\"@id\":\"https:\\\/\\\/sagrinex.com\\\/produit\\\/125-mm-asthaecksler-420-cm%c2%b3-15-ps-motor-elektrostarter-anhaengerbefestigung-daewoo-dafwc600\\\/?lang=de\",\"url\":\"https:\\\/\\\/sagrinex.com\\\/produit\\\/125-mm-asthaecksler-420-cm%c2%b3-15-ps-motor-elektrostarter-anhaengerbefestigung-daewoo-dafwc600\\\/?lang=de\",\"name\":\"125-mm-asth\u00e4cksler, 420-cm\u00b3-15-ps-motor, Elektrostarter, Anh\u00e4ngerbefestigung \u2013 Daewoo DAFWC600 - Sagrinex \u2013 Anhaenger, Container &amp; Landtechnik \ud83c\udf3e\ud83d\ude9c\",\"isPartOf\":{\"@id\":\"https:\\\/\\\/sagrinex.com\\\/#website\"},\"primaryImageOfPage\":{\"@id\":\"https:\\\/\\\/sagrinex.com\\\/produit\\\/125-mm-asthaecksler-420-cm%c2%b3-15-ps-motor-elektrostarter-anhaengerbefestigung-daewoo-dafwc600\\\/?lang=de#primaryimage\"},\"image\":{\"@id\":\"https:\\\/\\\/sagrinex.com\\\/produit\\\/125-mm-asthaecksler-420-cm%c2%b3-15-ps-motor-elektrostarter-anhaengerbefestigung-daewoo-dafwc600\\\/?lang=de#primaryimage\"},\"thumbnailUrl\":\"https:\\\/\\\/sagrinex.com\\\/wp-content\\\/uploads\\\/2026\\\/03\\\/broyeur-de-branches-125mm-moteur-420cc-15cv-demarrage-electrique-attache-remorque-daewoo-dafwc600.jpg\",\"datePublished\":\"2026-04-15T09:42:41+00:00\",\"dateModified\":\"2026-04-15T21:12:22+00:00\",\"breadcrumb\":{\"@id\":\"https:\\\/\\\/sagrinex.com\\\/produit\\\/125-mm-asthaecksler-420-cm%c2%b3-15-ps-motor-elektrostarter-anhaengerbefestigung-daewoo-dafwc600\\\/?lang=de#breadcrumb\"},\"inLanguage\":\"de\",\"potentialAction\":[{\"@type\":\"ReadAction\",\"target\":[\"https:\\\/\\\/sagrinex.com\\\/produit\\\/125-mm-asthaecksler-420-cm%c2%b3-15-ps-motor-elektrostarter-anhaengerbefestigung-daewoo-dafwc600\\\/?lang=de\"]}]},{\"@type\":\"ImageObject\",\"inLanguage\":\"de\",\"@id\":\"https:\\\/\\\/sagrinex.com\\\/produit\\\/125-mm-asthaecksler-420-cm%c2%b3-15-ps-motor-elektrostarter-anhaengerbefestigung-daewoo-dafwc600\\\/?lang=de#primaryimage\",\"url\":\"https:\\\/\\\/sagrinex.com\\\/wp-content\\\/uploads\\\/2026\\\/03\\\/broyeur-de-branches-125mm-moteur-420cc-15cv-demarrage-electrique-attache-remorque-daewoo-dafwc600.jpg\",\"contentUrl\":\"https:\\\/\\\/sagrinex.com\\\/wp-content\\\/uploads\\\/2026\\\/03\\\/broyeur-de-branches-125mm-moteur-420cc-15cv-demarrage-electrique-attache-remorque-daewoo-dafwc600.jpg\",\"width\":1200,\"height\":1372},{\"@type\":\"BreadcrumbList\",\"@id\":\"https:\\\/\\\/sagrinex.com\\\/produit\\\/125-mm-asthaecksler-420-cm%c2%b3-15-ps-motor-elektrostarter-anhaengerbefestigung-daewoo-dafwc600\\\/?lang=de#breadcrumb\",\"itemListElement\":[{\"@type\":\"ListItem\",\"position\":1,\"name\":\"Accueil\",\"item\":\"https:\\\/\\\/sagrinex.com\\\/?lang=de\"},{\"@type\":\"ListItem\",\"position\":2,\"name\":\"Shop\",\"item\":\"https:\\\/\\\/sagrinex.com\\\/shop\\\/\"},{\"@type\":\"ListItem\",\"position\":3,\"name\":\"125-mm-asth\u00e4cksler, 420-cm\u00b3-15-ps-motor, Elektrostarter, Anh\u00e4ngerbefestigung \u2013 Daewoo DAFWC600\"}]},{\"@type\":\"WebSite\",\"@id\":\"https:\\\/\\\/sagrinex.com\\\/#website\",\"url\":\"https:\\\/\\\/sagrinex.com\\\/\",\"name\":\"Sagrinex \u2013 Spezialist f\u00fcr Anh\u00e4nger, Container & Landtechnik\",\"description\":\"Anhaenger, Container &amp; Landtechnik \u2014 Online-Verkauf &amp; kostenloses Angebot\",\"publisher\":{\"@id\":\"https:\\\/\\\/sagrinex.com\\\/#organization\"},\"potentialAction\":[{\"@type\":\"SearchAction\",\"target\":{\"@type\":\"EntryPoint\",\"urlTemplate\":\"https:\\\/\\\/sagrinex.com\\\/?s={search_term_string}\"},\"query-input\":{\"@type\":\"PropertyValueSpecification\",\"valueRequired\":true,\"valueName\":\"search_term_string\"}}],\"inLanguage\":\"de\"},{\"@type\":\"Organization\",\"@id\":\"https:\\\/\\\/sagrinex.com\\\/#organization\",\"name\":\"Sagrinex \u2013 Remorques, Conteneurs & Mat\u00e9riel Agricole\",\"url\":\"https:\\\/\\\/sagrinex.com\\\/\",\"logo\":{\"@type\":\"ImageObject\",\"inLanguage\":\"de\",\"@id\":\"https:\\\/\\\/sagrinex.com\\\/#\\\/schema\\\/logo\\\/image\\\/\",\"url\":\"https:\\\/\\\/sagrinex.com\\\/wp-content\\\/uploads\\\/2026\\\/03\\\/7f1ac463-ef5a-425d-bdd6-a5da03a334a9-1024x683.png\",\"contentUrl\":\"https:\\\/\\\/sagrinex.com\\\/wp-content\\\/uploads\\\/2026\\\/03\\\/7f1ac463-ef5a-425d-bdd6-a5da03a334a9-1024x683.png\",\"width\":1024,\"height\":683,\"caption\":\"Sagrinex \u2013 Remorques, Conteneurs & Mat\u00e9riel Agricole\"},\"image\":{\"@id\":\"https:\\\/\\\/sagrinex.com\\\/#\\\/schema\\\/logo\\\/image\\\/\"}}]}<\/script>\n<!-- \/ Yoast SEO plugin. -->","yoast_head_json":{"title":"125-mm-asth\u00e4cksler, 420-cm\u00b3-15-ps-motor, Elektrostarter, Anh\u00e4ngerbefestigung \u2013 Daewoo DAFWC600 - Sagrinex \u2013 Anhaenger, Container &amp; Landtechnik \ud83c\udf3e\ud83d\ude9c","robots":{"index":"index","follow":"follow","max-snippet":"max-snippet:-1","max-image-preview":"max-image-preview:large","max-video-preview":"max-video-preview:-1"},"canonical":"https:\/\/sagrinex.com\/produit\/125-mm-asthaecksler-420-cm\u00b3-15-ps-motor-elektrostarter-anhaengerbefestigung-daewoo-dafwc600\/?lang=de","og_locale":"de_DE","og_type":"article","og_title":"125-mm-asth\u00e4cksler, 420-cm\u00b3-15-ps-motor, Elektrostarter, Anh\u00e4ngerbefestigung \u2013 Daewoo DAFWC600 - Sagrinex \u2013 Anhaenger, Container &amp; Landtechnik \ud83c\udf3e\ud83d\ude9c","og_description":"Thermoschleifer DAEWOO DAFWC600, konzipiert f\u00fcr den intensiven Gebrauch. Motor OHV von 420 cm\u00b3, eine Kraft entwickelnd 15 PS. Elektrostarter praktisch f\u00fcr den Einsatz bei schlechtem Wetter feucht oder kalt, mit Bei Bedarf ist ein manueller Launcher verf\u00fcgbar. Schneidleistung von 125mm, geeignet zum Zerkleinern von kleinen Baumst\u00e4mmen, Str\u00e4uchern und sperrigem Laub. Verst\u00e4rktes Chassis mit Anh\u00e4ngerkupplung um die Bewegung in schwierigem Gel\u00e4nde zu erleichtern. 2 Jahre Garantie.","og_url":"https:\/\/sagrinex.com\/produit\/125-mm-asthaecksler-420-cm\u00b3-15-ps-motor-elektrostarter-anhaengerbefestigung-daewoo-dafwc600\/?lang=de","og_site_name":"Sagrinex \u2013 Anhaenger, Container &amp; Landtechnik \ud83c\udf3e\ud83d\ude9c","article_modified_time":"2026-04-15T21:12:22+00:00","og_image":[{"width":1200,"height":1372,"url":"https:\/\/sagrinex.com\/wp-content\/uploads\/2026\/03\/broyeur-de-branches-125mm-moteur-420cc-15cv-demarrage-electrique-attache-remorque-daewoo-dafwc600.jpg","type":"image\/jpeg"}],"twitter_card":"summary_large_image","twitter_misc":{"Gesch\u00e4tzte Lesezeit":"1\u00a0Minute"},"schema":{"@context":"https:\/\/schema.org","@graph":[{"@type":"WebPage","@id":"https:\/\/sagrinex.com\/produit\/125-mm-asthaecksler-420-cm%c2%b3-15-ps-motor-elektrostarter-anhaengerbefestigung-daewoo-dafwc600\/?lang=de","url":"https:\/\/sagrinex.com\/produit\/125-mm-asthaecksler-420-cm%c2%b3-15-ps-motor-elektrostarter-anhaengerbefestigung-daewoo-dafwc600\/?lang=de","name":"125-mm-asth\u00e4cksler, 420-cm\u00b3-15-ps-motor, Elektrostarter, Anh\u00e4ngerbefestigung \u2013 Daewoo DAFWC600 - Sagrinex \u2013 Anhaenger, Container &amp; Landtechnik \ud83c\udf3e\ud83d\ude9c","isPartOf":{"@id":"https:\/\/sagrinex.com\/#website"},"primaryImageOfPage":{"@id":"https:\/\/sagrinex.com\/produit\/125-mm-asthaecksler-420-cm%c2%b3-15-ps-motor-elektrostarter-anhaengerbefestigung-daewoo-dafwc600\/?lang=de#primaryimage"},"image":{"@id":"https:\/\/sagrinex.com\/produit\/125-mm-asthaecksler-420-cm%c2%b3-15-ps-motor-elektrostarter-anhaengerbefestigung-daewoo-dafwc600\/?lang=de#primaryimage"},"thumbnailUrl":"https:\/\/sagrinex.com\/wp-content\/uploads\/2026\/03\/broyeur-de-branches-125mm-moteur-420cc-15cv-demarrage-electrique-attache-remorque-daewoo-dafwc600.jpg","datePublished":"2026-04-15T09:42:41+00:00","dateModified":"2026-04-15T21:12:22+00:00","breadcrumb":{"@id":"https:\/\/sagrinex.com\/produit\/125-mm-asthaecksler-420-cm%c2%b3-15-ps-motor-elektrostarter-anhaengerbefestigung-daewoo-dafwc600\/?lang=de#breadcrumb"},"inLanguage":"de","potentialAction":[{"@type":"ReadAction","target":["https:\/\/sagrinex.com\/produit\/125-mm-asthaecksler-420-cm%c2%b3-15-ps-motor-elektrostarter-anhaengerbefestigung-daewoo-dafwc600\/?lang=de"]}]},{"@type":"ImageObject","inLanguage":"de","@id":"https:\/\/sagrinex.com\/produit\/125-mm-asthaecksler-420-cm%c2%b3-15-ps-motor-elektrostarter-anhaengerbefestigung-daewoo-dafwc600\/?lang=de#primaryimage","url":"https:\/\/sagrinex.com\/wp-content\/uploads\/2026\/03\/broyeur-de-branches-125mm-moteur-420cc-15cv-demarrage-electrique-attache-remorque-daewoo-dafwc600.jpg","contentUrl":"https:\/\/sagrinex.com\/wp-content\/uploads\/2026\/03\/broyeur-de-branches-125mm-moteur-420cc-15cv-demarrage-electrique-attache-remorque-daewoo-dafwc600.jpg","width":1200,"height":1372},{"@type":"BreadcrumbList","@id":"https:\/\/sagrinex.com\/produit\/125-mm-asthaecksler-420-cm%c2%b3-15-ps-motor-elektrostarter-anhaengerbefestigung-daewoo-dafwc600\/?lang=de#breadcrumb","itemListElement":[{"@type":"ListItem","position":1,"name":"Accueil","item":"https:\/\/sagrinex.com\/?lang=de"},{"@type":"ListItem","position":2,"name":"Shop","item":"https:\/\/sagrinex.com\/shop\/"},{"@type":"ListItem","position":3,"name":"125-mm-asth\u00e4cksler, 420-cm\u00b3-15-ps-motor, Elektrostarter, Anh\u00e4ngerbefestigung \u2013 Daewoo DAFWC600"}]},{"@type":"WebSite","@id":"https:\/\/sagrinex.com\/#website","url":"https:\/\/sagrinex.com\/","name":"Sagrinex \u2013 Spezialist f\u00fcr Anh\u00e4nger, Container & Landtechnik","description":"Anhaenger, Container &amp; Landtechnik \u2014 Online-Verkauf &amp; kostenloses Angebot","publisher":{"@id":"https:\/\/sagrinex.com\/#organization"},"potentialAction":[{"@type":"SearchAction","target":{"@type":"EntryPoint","urlTemplate":"https:\/\/sagrinex.com\/?s={search_term_string}"},"query-input":{"@type":"PropertyValueSpecification","valueRequired":true,"valueName":"search_term_string"}}],"inLanguage":"de"},{"@type":"Organization","@id":"https:\/\/sagrinex.com\/#organization","name":"Sagrinex \u2013 Remorques, Conteneurs & Mat\u00e9riel Agricole","url":"https:\/\/sagrinex.com\/","logo":{"@type":"ImageObject","inLanguage":"de","@id":"https:\/\/sagrinex.com\/#\/schema\/logo\/image\/","url":"https:\/\/sagrinex.com\/wp-content\/uploads\/2026\/03\/7f1ac463-ef5a-425d-bdd6-a5da03a334a9-1024x683.png","contentUrl":"https:\/\/sagrinex.com\/wp-content\/uploads\/2026\/03\/7f1ac463-ef5a-425d-bdd6-a5da03a334a9-1024x683.png","width":1024,"height":683,"caption":"Sagrinex \u2013 Remorques, Conteneurs & Mat\u00e9riel Agricole"},"image":{"@id":"https:\/\/sagrinex.com\/#\/schema\/logo\/image\/"}}]}},"jetpack_sharing_enabled":true,"_links":{"self":[{"href":"https:\/\/sagrinex.com\/de\/wp-json\/wp\/v2\/product\/17218","targetHints":{"allow":["GET"]}}],"collection":[{"href":"https:\/\/sagrinex.com\/de\/wp-json\/wp\/v2\/product"}],"about":[{"href":"https:\/\/sagrinex.com\/de\/wp-json\/wp\/v2\/types\/product"}],"replies":[{"embeddable":true,"href":"https:\/\/sagrinex.com\/de\/wp-json\/wp\/v2\/comments?post=17218"}],"version-history":[{"count":0,"href":"https:\/\/sagrinex.com\/de\/wp-json\/wp\/v2\/product\/17218\/revisions"}],"wp:featuredmedia":[{"embeddable":true,"href":"https:\/\/sagrinex.com\/de\/wp-json\/wp\/v2\/media\/5422"}],"wp:attachment":[{"href":"https:\/\/sagrinex.com\/de\/wp-json\/wp\/v2\/media?parent=17218"}],"wp:term":[{"taxonomy":"product_brand","embeddable":true,"href":"https:\/\/sagrinex.com\/de\/wp-json\/wp\/v2\/product_brand?post=17218"},{"taxonomy":"product_cat","embeddable":true,"href":"https:\/\/sagrinex.com\/de\/wp-json\/wp\/v2\/product_cat?post=17218"},{"taxonomy":"product_tag","embeddable":true,"href":"https:\/\/sagrinex.com\/de\/wp-json\/wp\/v2\/product_tag?post=17218"}],"curies":[{"name":"wp","href":"https:\/\/api.w.org\/{rel}","templated":true}]}}