{"id":17226,"date":"2026-04-15T09:51:50","date_gmt":"2026-04-15T09:51:50","guid":{"rendered":"https:\/\/sagrinex.com\/produit\/minibagger-bobcat-e14-2014-2202-stunden-3-schaufeln-gebraucht\/"},"modified":"2026-04-15T09:51:50","modified_gmt":"2026-04-15T09:51:50","slug":"minibagger-bobcat-e14-2014-2202-stunden-3-schaufeln-gebraucht","status":"publish","type":"product","link":"https:\/\/sagrinex.com\/de\/produit\/minibagger-bobcat-e14-2014-2202-stunden-3-schaufeln-gebraucht\/","title":{"rendered":"Minibagger Bobcat E14 2014 2202 Stunden + 3 Schaufeln \u2013 Gebraucht"},"content":{"rendered":"<ul>\n<li><strong>Marke :<\/strong> Rotluchs<\/li>\n<li><strong>Modell :<\/strong> E14<\/li>\n<li><strong>Jahr :<\/strong> 2014<\/li>\n<li><strong>Betriebsgewicht:<\/strong> 1.300 kg<\/li>\n<li><strong>Nutzungszeiten:<\/strong> 2.202 zertifizierte Stunden (ca. 183 Stunden pro Jahr)<\/li>\n<li><strong>Motor :<\/strong> Kubota D722-E3B 3-Zylinder-Diesel 10,5 kW (14 PS)<\/li>\n<li><strong>Grabtiefe:<\/strong> Maximal 2,13 m<\/li>\n<li><strong>Auswurfh\u00f6he:<\/strong> 2,01 m<\/li>\n<li><strong>Ausbrechkraft:<\/strong> 12,5-kN-L\u00f6ffel<\/li>\n<li><strong>Transportbreite:<\/strong> 0,99 m<\/li>\n<li><strong>Art der Gleise:<\/strong> Gummi zum Schutz empfindlicher Oberfl\u00e4chen<\/li>\n<li><strong>Schnellwechsler:<\/strong> Hydraulik inklusive<\/li>\n<li><strong>Zustand :<\/strong> Komplett \u00fcberarbeitet, ohne Spiel in den Achsen, sofort einsatzbereit<\/li>\n<\/ul>\n<h2>Ausr\u00fcstung inklusive<\/h2>\n<ul>\n<li>3 unterschiedlich gro\u00dfe Eimer (200\u2013250 mm schmal, 300\u2013400 mm Standard, 500\u2013600 mm breit)<\/li>\n<li>Hydraulischer Schnellwechsler f\u00fcr den Wechsel von der Kabine aus<\/li>\n<\/ul>\n","protected":false},"excerpt":{"rendered":"<p>Der Bobcat E14 aus dem Jahr 2014 ist ein kompakter 1,3-Tonnen-Minibagger mit Gummiketten und 2202 Stunden zertifizierter Nutzung, vollst\u00e4ndig von Fachleuten gewartet, ohne Spiel in den Achsen und direkt einsatzbereit f\u00fcr Erdarbeiten, Landschaftsbau und Eingriffe in st\u00e4dtischen Gebieten. Diese 12 Jahre alte Maschine, die etwa 183 Stunden pro Jahr verbraucht, wird mit 3 L\u00f6ffeln unterschiedlicher Gr\u00f6\u00dfe und einem hydraulischen Schnellwechsler f\u00fcr einen vereinfachten Werkzeugwechsel geliefert und ist ohne zus\u00e4tzliche Kosten einsatzbereit. Sie richtet sich an Bauunternehmen, die kleine Erdarbeiten und Gr\u00e4ben durchf\u00fchren, an Landschaftsbauunternehmen, die Gr\u00fcnfl\u00e4chen unter Schutz von Gras- und Plattenfl\u00e4chen gestalten, an Netzwerkunternehmen, die Rohre in st\u00e4dtischen Gebieten mit eingeschr\u00e4nktem Zugang verlegen, und an Handwerker, die ultrakompakte Minibagger f\u00fcr Gebiete mit begrenztem Zugang ben\u00f6tigen Raum oder empfindliche Oberfl\u00e4chen.<\/p>\n","protected":false},"featured_media":5508,"comment_status":"open","ping_status":"closed","template":"","meta":[],"product_brand":[],"product_cat":[322,343],"product_tag":[],"class_list":{"0":"post-17226","1":"product","2":"type-product","3":"status-publish","4":"has-post-thumbnail","6":"product_cat-landwirtschaftliche-geraete-und-zubehoer","7":"product_cat-minibagger","9":"first","10":"instock","11":"shipping-taxable","12":"purchasable","13":"product-type-simple"},"yoast_head":"<!-- This site is optimized with the Yoast SEO plugin v27.5 - https:\/\/yoast.com\/product\/yoast-seo-wordpress\/ -->\n<title>Minibagger Bobcat E14 2014 2202 Stunden + 3 Schaufeln \u2013 Gebraucht - Sagrinex \u2013 Anhaenger, Container &amp; Landtechnik \ud83c\udf3e\ud83d\ude9c<\/title>\n<meta name=\"robots\" content=\"index, follow, max-snippet:-1, max-image-preview:large, max-video-preview:-1\" \/>\n<link rel=\"canonical\" href=\"https:\/\/sagrinex.com\/produit\/minibagger-bobcat-e14-2014-2202-stunden-3-schaufeln-gebraucht\/?lang=de\" \/>\n<meta property=\"og:locale\" content=\"de_DE\" \/>\n<meta property=\"og:type\" content=\"article\" \/>\n<meta property=\"og:title\" content=\"Minibagger Bobcat E14 2014 2202 Stunden + 3 Schaufeln \u2013 Gebraucht - Sagrinex \u2013 Anhaenger, Container &amp; Landtechnik \ud83c\udf3e\ud83d\ude9c\" \/>\n<meta property=\"og:description\" content=\"Der Bobcat E14 aus dem Jahr 2014 ist ein kompakter 1,3-Tonnen-Minibagger mit Gummiketten und 2202 Stunden zertifizierter Nutzung, vollst\u00e4ndig von Fachleuten gewartet, ohne Spiel in den Achsen und direkt einsatzbereit f\u00fcr Erdarbeiten, Landschaftsbau und Eingriffe in st\u00e4dtischen Gebieten. Diese 12 Jahre alte Maschine, die etwa 183 Stunden pro Jahr verbraucht, wird mit 3 L\u00f6ffeln unterschiedlicher Gr\u00f6\u00dfe und einem hydraulischen Schnellwechsler f\u00fcr einen vereinfachten Werkzeugwechsel geliefert und ist ohne zus\u00e4tzliche Kosten einsatzbereit. Sie richtet sich an Bauunternehmen, die kleine Erdarbeiten und Gr\u00e4ben durchf\u00fchren, an Landschaftsbauunternehmen, die Gr\u00fcnfl\u00e4chen unter Schutz von Gras- und Plattenfl\u00e4chen gestalten, an Netzwerkunternehmen, die Rohre in st\u00e4dtischen Gebieten mit eingeschr\u00e4nktem Zugang verlegen, und an Handwerker, die ultrakompakte Minibagger f\u00fcr Gebiete mit begrenztem Zugang ben\u00f6tigen Raum oder empfindliche Oberfl\u00e4chen.\" \/>\n<meta property=\"og:url\" content=\"https:\/\/sagrinex.com\/produit\/minibagger-bobcat-e14-2014-2202-stunden-3-schaufeln-gebraucht\/?lang=de\" \/>\n<meta property=\"og:site_name\" content=\"Sagrinex \u2013 Anhaenger, Container &amp; Landtechnik \ud83c\udf3e\ud83d\ude9c\" \/>\n<meta name=\"twitter:card\" content=\"summary_large_image\" \/>\n<script type=\"application\/ld+json\" class=\"yoast-schema-graph\">{\"@context\":\"https:\\\/\\\/schema.org\",\"@graph\":[{\"@type\":\"WebPage\",\"@id\":\"https:\\\/\\\/sagrinex.com\\\/produit\\\/minibagger-bobcat-e14-2014-2202-stunden-3-schaufeln-gebraucht\\\/?lang=de\",\"url\":\"https:\\\/\\\/sagrinex.com\\\/produit\\\/minibagger-bobcat-e14-2014-2202-stunden-3-schaufeln-gebraucht\\\/?lang=de\",\"name\":\"Minibagger Bobcat E14 2014 2202 Stunden + 3 Schaufeln \u2013 Gebraucht - Sagrinex \u2013 Anhaenger, Container &amp; Landtechnik \ud83c\udf3e\ud83d\ude9c\",\"isPartOf\":{\"@id\":\"https:\\\/\\\/sagrinex.com\\\/#website\"},\"primaryImageOfPage\":{\"@id\":\"https:\\\/\\\/sagrinex.com\\\/produit\\\/minibagger-bobcat-e14-2014-2202-stunden-3-schaufeln-gebraucht\\\/?lang=de#primaryimage\"},\"image\":{\"@id\":\"https:\\\/\\\/sagrinex.com\\\/produit\\\/minibagger-bobcat-e14-2014-2202-stunden-3-schaufeln-gebraucht\\\/?lang=de#primaryimage\"},\"thumbnailUrl\":\"https:\\\/\\\/sagrinex.com\\\/wp-content\\\/uploads\\\/2026\\\/03\\\/Image-39.jpeg\",\"datePublished\":\"2026-04-15T09:51:50+00:00\",\"breadcrumb\":{\"@id\":\"https:\\\/\\\/sagrinex.com\\\/produit\\\/minibagger-bobcat-e14-2014-2202-stunden-3-schaufeln-gebraucht\\\/?lang=de#breadcrumb\"},\"inLanguage\":\"de\",\"potentialAction\":[{\"@type\":\"ReadAction\",\"target\":[\"https:\\\/\\\/sagrinex.com\\\/produit\\\/minibagger-bobcat-e14-2014-2202-stunden-3-schaufeln-gebraucht\\\/?lang=de\"]}]},{\"@type\":\"ImageObject\",\"inLanguage\":\"de\",\"@id\":\"https:\\\/\\\/sagrinex.com\\\/produit\\\/minibagger-bobcat-e14-2014-2202-stunden-3-schaufeln-gebraucht\\\/?lang=de#primaryimage\",\"url\":\"https:\\\/\\\/sagrinex.com\\\/wp-content\\\/uploads\\\/2026\\\/03\\\/Image-39.jpeg\",\"contentUrl\":\"https:\\\/\\\/sagrinex.com\\\/wp-content\\\/uploads\\\/2026\\\/03\\\/Image-39.jpeg\",\"width\":800,\"height\":450},{\"@type\":\"BreadcrumbList\",\"@id\":\"https:\\\/\\\/sagrinex.com\\\/produit\\\/minibagger-bobcat-e14-2014-2202-stunden-3-schaufeln-gebraucht\\\/?lang=de#breadcrumb\",\"itemListElement\":[{\"@type\":\"ListItem\",\"position\":1,\"name\":\"Accueil\",\"item\":\"https:\\\/\\\/sagrinex.com\\\/?lang=de\"},{\"@type\":\"ListItem\",\"position\":2,\"name\":\"Shop\",\"item\":\"https:\\\/\\\/sagrinex.com\\\/shop\\\/\"},{\"@type\":\"ListItem\",\"position\":3,\"name\":\"Minibagger Bobcat E14 2014 2202 Stunden + 3 Schaufeln \u2013 Gebraucht\"}]},{\"@type\":\"WebSite\",\"@id\":\"https:\\\/\\\/sagrinex.com\\\/#website\",\"url\":\"https:\\\/\\\/sagrinex.com\\\/\",\"name\":\"Sagrinex \u2013 Spezialist f\u00fcr Anh\u00e4nger, Container & Landtechnik\",\"description\":\"Anhaenger, Container &amp; Landtechnik \u2014 Online-Verkauf &amp; kostenloses Angebot\",\"publisher\":{\"@id\":\"https:\\\/\\\/sagrinex.com\\\/#organization\"},\"potentialAction\":[{\"@type\":\"SearchAction\",\"target\":{\"@type\":\"EntryPoint\",\"urlTemplate\":\"https:\\\/\\\/sagrinex.com\\\/?s={search_term_string}\"},\"query-input\":{\"@type\":\"PropertyValueSpecification\",\"valueRequired\":true,\"valueName\":\"search_term_string\"}}],\"inLanguage\":\"de\"},{\"@type\":\"Organization\",\"@id\":\"https:\\\/\\\/sagrinex.com\\\/#organization\",\"name\":\"Sagrinex \u2013 Remorques, Conteneurs & Mat\u00e9riel Agricole\",\"url\":\"https:\\\/\\\/sagrinex.com\\\/\",\"logo\":{\"@type\":\"ImageObject\",\"inLanguage\":\"de\",\"@id\":\"https:\\\/\\\/sagrinex.com\\\/#\\\/schema\\\/logo\\\/image\\\/\",\"url\":\"https:\\\/\\\/sagrinex.com\\\/wp-content\\\/uploads\\\/2026\\\/03\\\/7f1ac463-ef5a-425d-bdd6-a5da03a334a9-1024x683.png\",\"contentUrl\":\"https:\\\/\\\/sagrinex.com\\\/wp-content\\\/uploads\\\/2026\\\/03\\\/7f1ac463-ef5a-425d-bdd6-a5da03a334a9-1024x683.png\",\"width\":1024,\"height\":683,\"caption\":\"Sagrinex \u2013 Remorques, Conteneurs & Mat\u00e9riel Agricole\"},\"image\":{\"@id\":\"https:\\\/\\\/sagrinex.com\\\/#\\\/schema\\\/logo\\\/image\\\/\"}}]}<\/script>\n<!-- \/ Yoast SEO plugin. -->","yoast_head_json":{"title":"Minibagger Bobcat E14 2014 2202 Stunden + 3 Schaufeln \u2013 Gebraucht - Sagrinex \u2013 Anhaenger, Container &amp; Landtechnik \ud83c\udf3e\ud83d\ude9c","robots":{"index":"index","follow":"follow","max-snippet":"max-snippet:-1","max-image-preview":"max-image-preview:large","max-video-preview":"max-video-preview:-1"},"canonical":"https:\/\/sagrinex.com\/produit\/minibagger-bobcat-e14-2014-2202-stunden-3-schaufeln-gebraucht\/?lang=de","og_locale":"de_DE","og_type":"article","og_title":"Minibagger Bobcat E14 2014 2202 Stunden + 3 Schaufeln \u2013 Gebraucht - Sagrinex \u2013 Anhaenger, Container &amp; Landtechnik \ud83c\udf3e\ud83d\ude9c","og_description":"Der Bobcat E14 aus dem Jahr 2014 ist ein kompakter 1,3-Tonnen-Minibagger mit Gummiketten und 2202 Stunden zertifizierter Nutzung, vollst\u00e4ndig von Fachleuten gewartet, ohne Spiel in den Achsen und direkt einsatzbereit f\u00fcr Erdarbeiten, Landschaftsbau und Eingriffe in st\u00e4dtischen Gebieten. Diese 12 Jahre alte Maschine, die etwa 183 Stunden pro Jahr verbraucht, wird mit 3 L\u00f6ffeln unterschiedlicher Gr\u00f6\u00dfe und einem hydraulischen Schnellwechsler f\u00fcr einen vereinfachten Werkzeugwechsel geliefert und ist ohne zus\u00e4tzliche Kosten einsatzbereit. Sie richtet sich an Bauunternehmen, die kleine Erdarbeiten und Gr\u00e4ben durchf\u00fchren, an Landschaftsbauunternehmen, die Gr\u00fcnfl\u00e4chen unter Schutz von Gras- und Plattenfl\u00e4chen gestalten, an Netzwerkunternehmen, die Rohre in st\u00e4dtischen Gebieten mit eingeschr\u00e4nktem Zugang verlegen, und an Handwerker, die ultrakompakte Minibagger f\u00fcr Gebiete mit begrenztem Zugang ben\u00f6tigen Raum oder empfindliche Oberfl\u00e4chen.","og_url":"https:\/\/sagrinex.com\/produit\/minibagger-bobcat-e14-2014-2202-stunden-3-schaufeln-gebraucht\/?lang=de","og_site_name":"Sagrinex \u2013 Anhaenger, Container &amp; Landtechnik \ud83c\udf3e\ud83d\ude9c","twitter_card":"summary_large_image","schema":{"@context":"https:\/\/schema.org","@graph":[{"@type":"WebPage","@id":"https:\/\/sagrinex.com\/produit\/minibagger-bobcat-e14-2014-2202-stunden-3-schaufeln-gebraucht\/?lang=de","url":"https:\/\/sagrinex.com\/produit\/minibagger-bobcat-e14-2014-2202-stunden-3-schaufeln-gebraucht\/?lang=de","name":"Minibagger Bobcat E14 2014 2202 Stunden + 3 Schaufeln \u2013 Gebraucht - Sagrinex \u2013 Anhaenger, Container &amp; Landtechnik \ud83c\udf3e\ud83d\ude9c","isPartOf":{"@id":"https:\/\/sagrinex.com\/#website"},"primaryImageOfPage":{"@id":"https:\/\/sagrinex.com\/produit\/minibagger-bobcat-e14-2014-2202-stunden-3-schaufeln-gebraucht\/?lang=de#primaryimage"},"image":{"@id":"https:\/\/sagrinex.com\/produit\/minibagger-bobcat-e14-2014-2202-stunden-3-schaufeln-gebraucht\/?lang=de#primaryimage"},"thumbnailUrl":"https:\/\/sagrinex.com\/wp-content\/uploads\/2026\/03\/Image-39.jpeg","datePublished":"2026-04-15T09:51:50+00:00","breadcrumb":{"@id":"https:\/\/sagrinex.com\/produit\/minibagger-bobcat-e14-2014-2202-stunden-3-schaufeln-gebraucht\/?lang=de#breadcrumb"},"inLanguage":"de","potentialAction":[{"@type":"ReadAction","target":["https:\/\/sagrinex.com\/produit\/minibagger-bobcat-e14-2014-2202-stunden-3-schaufeln-gebraucht\/?lang=de"]}]},{"@type":"ImageObject","inLanguage":"de","@id":"https:\/\/sagrinex.com\/produit\/minibagger-bobcat-e14-2014-2202-stunden-3-schaufeln-gebraucht\/?lang=de#primaryimage","url":"https:\/\/sagrinex.com\/wp-content\/uploads\/2026\/03\/Image-39.jpeg","contentUrl":"https:\/\/sagrinex.com\/wp-content\/uploads\/2026\/03\/Image-39.jpeg","width":800,"height":450},{"@type":"BreadcrumbList","@id":"https:\/\/sagrinex.com\/produit\/minibagger-bobcat-e14-2014-2202-stunden-3-schaufeln-gebraucht\/?lang=de#breadcrumb","itemListElement":[{"@type":"ListItem","position":1,"name":"Accueil","item":"https:\/\/sagrinex.com\/?lang=de"},{"@type":"ListItem","position":2,"name":"Shop","item":"https:\/\/sagrinex.com\/shop\/"},{"@type":"ListItem","position":3,"name":"Minibagger Bobcat E14 2014 2202 Stunden + 3 Schaufeln \u2013 Gebraucht"}]},{"@type":"WebSite","@id":"https:\/\/sagrinex.com\/#website","url":"https:\/\/sagrinex.com\/","name":"Sagrinex \u2013 Spezialist f\u00fcr Anh\u00e4nger, Container & Landtechnik","description":"Anhaenger, Container &amp; Landtechnik \u2014 Online-Verkauf &amp; kostenloses Angebot","publisher":{"@id":"https:\/\/sagrinex.com\/#organization"},"potentialAction":[{"@type":"SearchAction","target":{"@type":"EntryPoint","urlTemplate":"https:\/\/sagrinex.com\/?s={search_term_string}"},"query-input":{"@type":"PropertyValueSpecification","valueRequired":true,"valueName":"search_term_string"}}],"inLanguage":"de"},{"@type":"Organization","@id":"https:\/\/sagrinex.com\/#organization","name":"Sagrinex \u2013 Remorques, Conteneurs & Mat\u00e9riel Agricole","url":"https:\/\/sagrinex.com\/","logo":{"@type":"ImageObject","inLanguage":"de","@id":"https:\/\/sagrinex.com\/#\/schema\/logo\/image\/","url":"https:\/\/sagrinex.com\/wp-content\/uploads\/2026\/03\/7f1ac463-ef5a-425d-bdd6-a5da03a334a9-1024x683.png","contentUrl":"https:\/\/sagrinex.com\/wp-content\/uploads\/2026\/03\/7f1ac463-ef5a-425d-bdd6-a5da03a334a9-1024x683.png","width":1024,"height":683,"caption":"Sagrinex \u2013 Remorques, Conteneurs & Mat\u00e9riel Agricole"},"image":{"@id":"https:\/\/sagrinex.com\/#\/schema\/logo\/image\/"}}]}},"jetpack_sharing_enabled":true,"_links":{"self":[{"href":"https:\/\/sagrinex.com\/de\/wp-json\/wp\/v2\/product\/17226","targetHints":{"allow":["GET"]}}],"collection":[{"href":"https:\/\/sagrinex.com\/de\/wp-json\/wp\/v2\/product"}],"about":[{"href":"https:\/\/sagrinex.com\/de\/wp-json\/wp\/v2\/types\/product"}],"replies":[{"embeddable":true,"href":"https:\/\/sagrinex.com\/de\/wp-json\/wp\/v2\/comments?post=17226"}],"version-history":[{"count":0,"href":"https:\/\/sagrinex.com\/de\/wp-json\/wp\/v2\/product\/17226\/revisions"}],"wp:featuredmedia":[{"embeddable":true,"href":"https:\/\/sagrinex.com\/de\/wp-json\/wp\/v2\/media\/5508"}],"wp:attachment":[{"href":"https:\/\/sagrinex.com\/de\/wp-json\/wp\/v2\/media?parent=17226"}],"wp:term":[{"taxonomy":"product_brand","embeddable":true,"href":"https:\/\/sagrinex.com\/de\/wp-json\/wp\/v2\/product_brand?post=17226"},{"taxonomy":"product_cat","embeddable":true,"href":"https:\/\/sagrinex.com\/de\/wp-json\/wp\/v2\/product_cat?post=17226"},{"taxonomy":"product_tag","embeddable":true,"href":"https:\/\/sagrinex.com\/de\/wp-json\/wp\/v2\/product_tag?post=17226"}],"curies":[{"name":"wp","href":"https:\/\/api.w.org\/{rel}","templated":true}]}}