{"id":17227,"date":"2026-04-15T09:52:55","date_gmt":"2026-04-15T09:52:55","guid":{"rendered":"https:\/\/sagrinex.com\/produit\/bobcat-e26-minibagger-2023-980-stunden-gebraucht\/"},"modified":"2026-04-15T09:52:55","modified_gmt":"2026-04-15T09:52:55","slug":"bobcat-e26-minibagger-2023-980-stunden-gebraucht","status":"publish","type":"product","link":"https:\/\/sagrinex.com\/de\/produit\/bobcat-e26-minibagger-2023-980-stunden-gebraucht\/","title":{"rendered":"Bobcat E26 Minibagger 2023 980 Stunden \u2013 Gebraucht"},"content":{"rendered":"<ul>\n<li><strong>Marke :<\/strong> Rotluchs<\/li>\n<li><strong>Modell :<\/strong> E26<\/li>\n<li><strong>Jahr :<\/strong> 2023<\/li>\n<li><strong>Nutzungszeiten:<\/strong> 980 Stunden (ca. 327 Stunden pro Jahr)<\/li>\n<li><strong>Betriebsgewicht:<\/strong> 2.560 kg<\/li>\n<li><strong>Motor :<\/strong> Kubota D1105-E4B-BCZ-1 3-Zylinder-Diesel 15,4 kW (21 PS)<\/li>\n<li><strong>Emissionsgrad:<\/strong> Tier-4-Finale<\/li>\n<li><strong>Ausbrechkraft:<\/strong> 15,8 kN<\/li>\n<li><strong>Baggertiefe:<\/strong> 2,58 m<\/li>\n<li><strong>Maximale horizontale Reichweite:<\/strong> 4,68 m<\/li>\n<li><strong>Spurweite:<\/strong> 300mm<\/li>\n<li><strong>Transportma\u00dfe:<\/strong> L\u00e4nge 4,33 m, Breite 1,51 m, H\u00f6he 2,41 m<\/li>\n<li><strong>Bedienerschutz:<\/strong> Ko Baldachin<\/li>\n<li><strong>Design :<\/strong> Ohne Heckversatz f\u00fcr enge Bereiche<\/li>\n<\/ul>\n","protected":false},"excerpt":{"rendered":"<p>Der Bobcat E26 2023 ist ein kompakter 2,56-Tonnen-Minibagger mit nur 980 Stunden direktem Einsatz f\u00fcr Erdbewegungs-, Landschaftsbau- und Abbrucharbeiten. Diese neue, 3 Jahre alte Maschine mit Kubota D1105-E4B-BCZ-1 15,4 kW Tier 4 Final-konformem Motor, Ausbrechkraft 15,8 kN, Baggertiefe 2,58 m, maximaler horizontaler Reichweite 4,68 m, Design ohne Heckversatz f\u00fcr enge R\u00e4ume und Bedienerschutz Ko-Schutzdach richtet sich an Bauunternehmen, die Erdarbeiten und Gr\u00e4ben mit Ger\u00e4ten ausf\u00fchren, die den Umweltstandards entsprechen, sowie an Landschaftsbauunternehmen, die die Entwicklung von Gr\u00fcnanlagen durchf\u00fchren R\u00e4ume, Netzwerkunternehmen f\u00fcr die Verlegung von Rohren in st\u00e4dtischen Gebieten und Handwerker, die nach modernen Minibaggern suchen, die hervorragende Leistung bei kompakten Abmessungen bieten.<\/p>\n","protected":false},"featured_media":5516,"comment_status":"open","ping_status":"closed","template":"","meta":[],"product_brand":[],"product_cat":[322,343],"product_tag":[],"class_list":{"0":"post-17227","1":"product","2":"type-product","3":"status-publish","4":"has-post-thumbnail","6":"product_cat-landwirtschaftliche-geraete-und-zubehoer","7":"product_cat-minibagger","9":"first","10":"instock","11":"shipping-taxable","12":"purchasable","13":"product-type-simple"},"yoast_head":"<!-- This site is optimized with the Yoast SEO plugin v27.5 - https:\/\/yoast.com\/product\/yoast-seo-wordpress\/ -->\n<title>Bobcat E26 Minibagger 2023 980 Stunden \u2013 Gebraucht - Sagrinex \u2013 Anhaenger, Container &amp; Landtechnik \ud83c\udf3e\ud83d\ude9c<\/title>\n<meta name=\"robots\" content=\"index, follow, max-snippet:-1, max-image-preview:large, max-video-preview:-1\" \/>\n<link rel=\"canonical\" href=\"https:\/\/sagrinex.com\/produit\/bobcat-e26-minibagger-2023-980-stunden-gebraucht\/?lang=de\" \/>\n<meta property=\"og:locale\" content=\"de_DE\" \/>\n<meta property=\"og:type\" content=\"article\" \/>\n<meta property=\"og:title\" content=\"Bobcat E26 Minibagger 2023 980 Stunden \u2013 Gebraucht - Sagrinex \u2013 Anhaenger, Container &amp; Landtechnik \ud83c\udf3e\ud83d\ude9c\" \/>\n<meta property=\"og:description\" content=\"Der Bobcat E26 2023 ist ein kompakter 2,56-Tonnen-Minibagger mit nur 980 Stunden direktem Einsatz f\u00fcr Erdbewegungs-, Landschaftsbau- und Abbrucharbeiten. Diese neue, 3 Jahre alte Maschine mit Kubota D1105-E4B-BCZ-1 15,4 kW Tier 4 Final-konformem Motor, Ausbrechkraft 15,8 kN, Baggertiefe 2,58 m, maximaler horizontaler Reichweite 4,68 m, Design ohne Heckversatz f\u00fcr enge R\u00e4ume und Bedienerschutz Ko-Schutzdach richtet sich an Bauunternehmen, die Erdarbeiten und Gr\u00e4ben mit Ger\u00e4ten ausf\u00fchren, die den Umweltstandards entsprechen, sowie an Landschaftsbauunternehmen, die die Entwicklung von Gr\u00fcnanlagen durchf\u00fchren R\u00e4ume, Netzwerkunternehmen f\u00fcr die Verlegung von Rohren in st\u00e4dtischen Gebieten und Handwerker, die nach modernen Minibaggern suchen, die hervorragende Leistung bei kompakten Abmessungen bieten.\" \/>\n<meta property=\"og:url\" content=\"https:\/\/sagrinex.com\/produit\/bobcat-e26-minibagger-2023-980-stunden-gebraucht\/?lang=de\" \/>\n<meta property=\"og:site_name\" content=\"Sagrinex \u2013 Anhaenger, Container &amp; Landtechnik \ud83c\udf3e\ud83d\ude9c\" \/>\n<meta name=\"twitter:card\" content=\"summary_large_image\" \/>\n<script type=\"application\/ld+json\" class=\"yoast-schema-graph\">{\"@context\":\"https:\\\/\\\/schema.org\",\"@graph\":[{\"@type\":\"WebPage\",\"@id\":\"https:\\\/\\\/sagrinex.com\\\/produit\\\/bobcat-e26-minibagger-2023-980-stunden-gebraucht\\\/?lang=de\",\"url\":\"https:\\\/\\\/sagrinex.com\\\/produit\\\/bobcat-e26-minibagger-2023-980-stunden-gebraucht\\\/?lang=de\",\"name\":\"Bobcat E26 Minibagger 2023 980 Stunden \u2013 Gebraucht - Sagrinex \u2013 Anhaenger, Container &amp; Landtechnik \ud83c\udf3e\ud83d\ude9c\",\"isPartOf\":{\"@id\":\"https:\\\/\\\/sagrinex.com\\\/#website\"},\"primaryImageOfPage\":{\"@id\":\"https:\\\/\\\/sagrinex.com\\\/produit\\\/bobcat-e26-minibagger-2023-980-stunden-gebraucht\\\/?lang=de#primaryimage\"},\"image\":{\"@id\":\"https:\\\/\\\/sagrinex.com\\\/produit\\\/bobcat-e26-minibagger-2023-980-stunden-gebraucht\\\/?lang=de#primaryimage\"},\"thumbnailUrl\":\"https:\\\/\\\/sagrinex.com\\\/wp-content\\\/uploads\\\/2026\\\/03\\\/Image-42.jpeg\",\"datePublished\":\"2026-04-15T09:52:55+00:00\",\"breadcrumb\":{\"@id\":\"https:\\\/\\\/sagrinex.com\\\/produit\\\/bobcat-e26-minibagger-2023-980-stunden-gebraucht\\\/?lang=de#breadcrumb\"},\"inLanguage\":\"de\",\"potentialAction\":[{\"@type\":\"ReadAction\",\"target\":[\"https:\\\/\\\/sagrinex.com\\\/produit\\\/bobcat-e26-minibagger-2023-980-stunden-gebraucht\\\/?lang=de\"]}]},{\"@type\":\"ImageObject\",\"inLanguage\":\"de\",\"@id\":\"https:\\\/\\\/sagrinex.com\\\/produit\\\/bobcat-e26-minibagger-2023-980-stunden-gebraucht\\\/?lang=de#primaryimage\",\"url\":\"https:\\\/\\\/sagrinex.com\\\/wp-content\\\/uploads\\\/2026\\\/03\\\/Image-42.jpeg\",\"contentUrl\":\"https:\\\/\\\/sagrinex.com\\\/wp-content\\\/uploads\\\/2026\\\/03\\\/Image-42.jpeg\",\"width\":900,\"height\":610},{\"@type\":\"BreadcrumbList\",\"@id\":\"https:\\\/\\\/sagrinex.com\\\/produit\\\/bobcat-e26-minibagger-2023-980-stunden-gebraucht\\\/?lang=de#breadcrumb\",\"itemListElement\":[{\"@type\":\"ListItem\",\"position\":1,\"name\":\"Accueil\",\"item\":\"https:\\\/\\\/sagrinex.com\\\/?lang=de\"},{\"@type\":\"ListItem\",\"position\":2,\"name\":\"Shop\",\"item\":\"https:\\\/\\\/sagrinex.com\\\/shop\\\/\"},{\"@type\":\"ListItem\",\"position\":3,\"name\":\"Bobcat E26 Minibagger 2023 980 Stunden \u2013 Gebraucht\"}]},{\"@type\":\"WebSite\",\"@id\":\"https:\\\/\\\/sagrinex.com\\\/#website\",\"url\":\"https:\\\/\\\/sagrinex.com\\\/\",\"name\":\"Sagrinex \u2013 Spezialist f\u00fcr Anh\u00e4nger, Container & Landtechnik\",\"description\":\"Anhaenger, Container &amp; Landtechnik \u2014 Online-Verkauf &amp; kostenloses Angebot\",\"publisher\":{\"@id\":\"https:\\\/\\\/sagrinex.com\\\/#organization\"},\"potentialAction\":[{\"@type\":\"SearchAction\",\"target\":{\"@type\":\"EntryPoint\",\"urlTemplate\":\"https:\\\/\\\/sagrinex.com\\\/?s={search_term_string}\"},\"query-input\":{\"@type\":\"PropertyValueSpecification\",\"valueRequired\":true,\"valueName\":\"search_term_string\"}}],\"inLanguage\":\"de\"},{\"@type\":\"Organization\",\"@id\":\"https:\\\/\\\/sagrinex.com\\\/#organization\",\"name\":\"Sagrinex \u2013 Remorques, Conteneurs & Mat\u00e9riel Agricole\",\"url\":\"https:\\\/\\\/sagrinex.com\\\/\",\"logo\":{\"@type\":\"ImageObject\",\"inLanguage\":\"de\",\"@id\":\"https:\\\/\\\/sagrinex.com\\\/#\\\/schema\\\/logo\\\/image\\\/\",\"url\":\"https:\\\/\\\/sagrinex.com\\\/wp-content\\\/uploads\\\/2026\\\/03\\\/7f1ac463-ef5a-425d-bdd6-a5da03a334a9-1024x683.png\",\"contentUrl\":\"https:\\\/\\\/sagrinex.com\\\/wp-content\\\/uploads\\\/2026\\\/03\\\/7f1ac463-ef5a-425d-bdd6-a5da03a334a9-1024x683.png\",\"width\":1024,\"height\":683,\"caption\":\"Sagrinex \u2013 Remorques, Conteneurs & Mat\u00e9riel Agricole\"},\"image\":{\"@id\":\"https:\\\/\\\/sagrinex.com\\\/#\\\/schema\\\/logo\\\/image\\\/\"}}]}<\/script>\n<!-- \/ Yoast SEO plugin. -->","yoast_head_json":{"title":"Bobcat E26 Minibagger 2023 980 Stunden \u2013 Gebraucht - Sagrinex \u2013 Anhaenger, Container &amp; Landtechnik \ud83c\udf3e\ud83d\ude9c","robots":{"index":"index","follow":"follow","max-snippet":"max-snippet:-1","max-image-preview":"max-image-preview:large","max-video-preview":"max-video-preview:-1"},"canonical":"https:\/\/sagrinex.com\/produit\/bobcat-e26-minibagger-2023-980-stunden-gebraucht\/?lang=de","og_locale":"de_DE","og_type":"article","og_title":"Bobcat E26 Minibagger 2023 980 Stunden \u2013 Gebraucht - Sagrinex \u2013 Anhaenger, Container &amp; Landtechnik \ud83c\udf3e\ud83d\ude9c","og_description":"Der Bobcat E26 2023 ist ein kompakter 2,56-Tonnen-Minibagger mit nur 980 Stunden direktem Einsatz f\u00fcr Erdbewegungs-, Landschaftsbau- und Abbrucharbeiten. Diese neue, 3 Jahre alte Maschine mit Kubota D1105-E4B-BCZ-1 15,4 kW Tier 4 Final-konformem Motor, Ausbrechkraft 15,8 kN, Baggertiefe 2,58 m, maximaler horizontaler Reichweite 4,68 m, Design ohne Heckversatz f\u00fcr enge R\u00e4ume und Bedienerschutz Ko-Schutzdach richtet sich an Bauunternehmen, die Erdarbeiten und Gr\u00e4ben mit Ger\u00e4ten ausf\u00fchren, die den Umweltstandards entsprechen, sowie an Landschaftsbauunternehmen, die die Entwicklung von Gr\u00fcnanlagen durchf\u00fchren R\u00e4ume, Netzwerkunternehmen f\u00fcr die Verlegung von Rohren in st\u00e4dtischen Gebieten und Handwerker, die nach modernen Minibaggern suchen, die hervorragende Leistung bei kompakten Abmessungen bieten.","og_url":"https:\/\/sagrinex.com\/produit\/bobcat-e26-minibagger-2023-980-stunden-gebraucht\/?lang=de","og_site_name":"Sagrinex \u2013 Anhaenger, Container &amp; Landtechnik \ud83c\udf3e\ud83d\ude9c","twitter_card":"summary_large_image","schema":{"@context":"https:\/\/schema.org","@graph":[{"@type":"WebPage","@id":"https:\/\/sagrinex.com\/produit\/bobcat-e26-minibagger-2023-980-stunden-gebraucht\/?lang=de","url":"https:\/\/sagrinex.com\/produit\/bobcat-e26-minibagger-2023-980-stunden-gebraucht\/?lang=de","name":"Bobcat E26 Minibagger 2023 980 Stunden \u2013 Gebraucht - Sagrinex \u2013 Anhaenger, Container &amp; Landtechnik \ud83c\udf3e\ud83d\ude9c","isPartOf":{"@id":"https:\/\/sagrinex.com\/#website"},"primaryImageOfPage":{"@id":"https:\/\/sagrinex.com\/produit\/bobcat-e26-minibagger-2023-980-stunden-gebraucht\/?lang=de#primaryimage"},"image":{"@id":"https:\/\/sagrinex.com\/produit\/bobcat-e26-minibagger-2023-980-stunden-gebraucht\/?lang=de#primaryimage"},"thumbnailUrl":"https:\/\/sagrinex.com\/wp-content\/uploads\/2026\/03\/Image-42.jpeg","datePublished":"2026-04-15T09:52:55+00:00","breadcrumb":{"@id":"https:\/\/sagrinex.com\/produit\/bobcat-e26-minibagger-2023-980-stunden-gebraucht\/?lang=de#breadcrumb"},"inLanguage":"de","potentialAction":[{"@type":"ReadAction","target":["https:\/\/sagrinex.com\/produit\/bobcat-e26-minibagger-2023-980-stunden-gebraucht\/?lang=de"]}]},{"@type":"ImageObject","inLanguage":"de","@id":"https:\/\/sagrinex.com\/produit\/bobcat-e26-minibagger-2023-980-stunden-gebraucht\/?lang=de#primaryimage","url":"https:\/\/sagrinex.com\/wp-content\/uploads\/2026\/03\/Image-42.jpeg","contentUrl":"https:\/\/sagrinex.com\/wp-content\/uploads\/2026\/03\/Image-42.jpeg","width":900,"height":610},{"@type":"BreadcrumbList","@id":"https:\/\/sagrinex.com\/produit\/bobcat-e26-minibagger-2023-980-stunden-gebraucht\/?lang=de#breadcrumb","itemListElement":[{"@type":"ListItem","position":1,"name":"Accueil","item":"https:\/\/sagrinex.com\/?lang=de"},{"@type":"ListItem","position":2,"name":"Shop","item":"https:\/\/sagrinex.com\/shop\/"},{"@type":"ListItem","position":3,"name":"Bobcat E26 Minibagger 2023 980 Stunden \u2013 Gebraucht"}]},{"@type":"WebSite","@id":"https:\/\/sagrinex.com\/#website","url":"https:\/\/sagrinex.com\/","name":"Sagrinex \u2013 Spezialist f\u00fcr Anh\u00e4nger, Container & Landtechnik","description":"Anhaenger, Container &amp; Landtechnik \u2014 Online-Verkauf &amp; kostenloses Angebot","publisher":{"@id":"https:\/\/sagrinex.com\/#organization"},"potentialAction":[{"@type":"SearchAction","target":{"@type":"EntryPoint","urlTemplate":"https:\/\/sagrinex.com\/?s={search_term_string}"},"query-input":{"@type":"PropertyValueSpecification","valueRequired":true,"valueName":"search_term_string"}}],"inLanguage":"de"},{"@type":"Organization","@id":"https:\/\/sagrinex.com\/#organization","name":"Sagrinex \u2013 Remorques, Conteneurs & Mat\u00e9riel Agricole","url":"https:\/\/sagrinex.com\/","logo":{"@type":"ImageObject","inLanguage":"de","@id":"https:\/\/sagrinex.com\/#\/schema\/logo\/image\/","url":"https:\/\/sagrinex.com\/wp-content\/uploads\/2026\/03\/7f1ac463-ef5a-425d-bdd6-a5da03a334a9-1024x683.png","contentUrl":"https:\/\/sagrinex.com\/wp-content\/uploads\/2026\/03\/7f1ac463-ef5a-425d-bdd6-a5da03a334a9-1024x683.png","width":1024,"height":683,"caption":"Sagrinex \u2013 Remorques, Conteneurs & Mat\u00e9riel Agricole"},"image":{"@id":"https:\/\/sagrinex.com\/#\/schema\/logo\/image\/"}}]}},"jetpack_sharing_enabled":true,"_links":{"self":[{"href":"https:\/\/sagrinex.com\/de\/wp-json\/wp\/v2\/product\/17227","targetHints":{"allow":["GET"]}}],"collection":[{"href":"https:\/\/sagrinex.com\/de\/wp-json\/wp\/v2\/product"}],"about":[{"href":"https:\/\/sagrinex.com\/de\/wp-json\/wp\/v2\/types\/product"}],"replies":[{"embeddable":true,"href":"https:\/\/sagrinex.com\/de\/wp-json\/wp\/v2\/comments?post=17227"}],"version-history":[{"count":0,"href":"https:\/\/sagrinex.com\/de\/wp-json\/wp\/v2\/product\/17227\/revisions"}],"wp:featuredmedia":[{"embeddable":true,"href":"https:\/\/sagrinex.com\/de\/wp-json\/wp\/v2\/media\/5516"}],"wp:attachment":[{"href":"https:\/\/sagrinex.com\/de\/wp-json\/wp\/v2\/media?parent=17227"}],"wp:term":[{"taxonomy":"product_brand","embeddable":true,"href":"https:\/\/sagrinex.com\/de\/wp-json\/wp\/v2\/product_brand?post=17227"},{"taxonomy":"product_cat","embeddable":true,"href":"https:\/\/sagrinex.com\/de\/wp-json\/wp\/v2\/product_cat?post=17227"},{"taxonomy":"product_tag","embeddable":true,"href":"https:\/\/sagrinex.com\/de\/wp-json\/wp\/v2\/product_tag?post=17227"}],"curies":[{"name":"wp","href":"https:\/\/api.w.org\/{rel}","templated":true}]}}