{"id":17230,"date":"2026-04-15T09:55:52","date_gmt":"2026-04-15T09:55:52","guid":{"rendered":"https:\/\/sagrinex.com\/produit\/minibagger-bobcat-e50-em-2013-587-stunden-gebraucht\/"},"modified":"2026-04-15T21:12:23","modified_gmt":"2026-04-15T21:12:23","slug":"minibagger-bobcat-e50-em-2013-587-stunden-gebraucht","status":"publish","type":"product","link":"https:\/\/sagrinex.com\/de\/produit\/minibagger-bobcat-e50-em-2013-587-stunden-gebraucht\/","title":{"rendered":"Minibagger Bobcat E50 Em 2013 587 Stunden \u2013 Gebraucht"},"content":{"rendered":"<ul>\n<li><strong>Marke :<\/strong> Rotluchs<\/li>\n<li><strong>Modell :<\/strong> E50 EM<\/li>\n<li><strong>Jahr :<\/strong> 2013<\/li>\n<li><strong>Betriebsgewicht:<\/strong> 5.000 kg<\/li>\n<li><strong>Nutzungszeiten:<\/strong> 587 Stunden (ca. 45 Stunden pro Jahr)<\/li>\n<li><strong>Motor :<\/strong> Kubota V2403-M-DI-E3B 4-Zylinder-Turbo-Direkteinspritzer-Diesel 30,4 kW (41 PS)<\/li>\n<li><strong>Grabtiefe:<\/strong> Maximal 3,53 m<\/li>\n<li><strong>Auswurfh\u00f6he:<\/strong> 3,24 m<\/li>\n<li><strong>Ausbrechkraft:<\/strong> 40,7 kN godet, 27,5 kN fl\u00e8che<\/li>\n<li><strong>Eimerkapazit\u00e4t:<\/strong> 0,16 bis 0,22 m\u00b3 SAE<\/li>\n<li><strong>Transportbreite:<\/strong> 1,98 m<\/li>\n<li><strong>Zustand :<\/strong> Sehr guter Allgemeinzustand, betriebsbereit, ohne dass Arbeiten erforderlich sind<\/li>\n<\/ul>\n","protected":false},"excerpt":{"rendered":"<p>Der Bobcat E50 EM aus dem Jahr 2013 ist ein 5-Tonnen-Minibagger mit nur 587 Betriebsstunden in sehr gutem Allgemeinzustand, direkt einsatzbereit f\u00fcr Erdarbeiten, Gr\u00e4ben und Landschaftsbau. Diese 13 Jahre alte Maschine mit au\u00dfergew\u00f6hnlich m\u00e4\u00dfiger Nutzung, die etwa 45 Stunden pro Jahr entspricht, in nahezu neuwertigem Zustand mit fast keinem Verschlei\u00df und ohne notwendige Reparaturarbeiten einsatzbereit ist, richtet sich an Bauunternehmen, die Erdarbeiten an Fundamenten und mittelgro\u00dfen bis gro\u00dfen Gr\u00e4ben durchf\u00fchren, an Landschaftsbauunternehmen, die Gr\u00fcnfl\u00e4chen mit gro\u00dfen Aushubarbeiten durchf\u00fchren, an \u00f6ffentliche Bauunternehmen f\u00fcr die Verlegung von unterirdischen Netzwerken und Gemeinden oder an Vermietungsunternehmen, die Minibagger mittlerer Kapazit\u00e4t anbieten, die Zuverl\u00e4ssigkeit und Leistung bieten. optimal.<\/p>\n","protected":false},"featured_media":5536,"comment_status":"open","ping_status":"closed","template":"","meta":[],"product_brand":[],"product_cat":[322,343],"product_tag":[],"class_list":{"0":"post-17230","1":"product","2":"type-product","3":"status-publish","4":"has-post-thumbnail","6":"product_cat-landwirtschaftliche-geraete-und-zubehoer","7":"product_cat-minibagger","9":"first","10":"instock","11":"shipping-taxable","12":"purchasable","13":"product-type-simple"},"yoast_head":"<!-- This site is optimized with the Yoast SEO plugin v27.5 - https:\/\/yoast.com\/product\/yoast-seo-wordpress\/ -->\n<title>Minibagger Bobcat E50 Em 2013 587 Stunden \u2013 Gebraucht - Sagrinex \u2013 Anhaenger, Container &amp; Landtechnik \ud83c\udf3e\ud83d\ude9c<\/title>\n<meta name=\"robots\" content=\"index, follow, max-snippet:-1, max-image-preview:large, max-video-preview:-1\" \/>\n<link rel=\"canonical\" href=\"https:\/\/sagrinex.com\/produit\/minibagger-bobcat-e50-em-2013-587-stunden-gebraucht\/?lang=de\" \/>\n<meta property=\"og:locale\" content=\"de_DE\" \/>\n<meta property=\"og:type\" content=\"article\" \/>\n<meta property=\"og:title\" content=\"Minibagger Bobcat E50 Em 2013 587 Stunden \u2013 Gebraucht - Sagrinex \u2013 Anhaenger, Container &amp; Landtechnik \ud83c\udf3e\ud83d\ude9c\" \/>\n<meta property=\"og:description\" content=\"Der Bobcat E50 EM aus dem Jahr 2013 ist ein 5-Tonnen-Minibagger mit nur 587 Betriebsstunden in sehr gutem Allgemeinzustand, direkt einsatzbereit f\u00fcr Erdarbeiten, Gr\u00e4ben und Landschaftsbau. Diese 13 Jahre alte Maschine mit au\u00dfergew\u00f6hnlich m\u00e4\u00dfiger Nutzung, die etwa 45 Stunden pro Jahr entspricht, in nahezu neuwertigem Zustand mit fast keinem Verschlei\u00df und ohne notwendige Reparaturarbeiten einsatzbereit ist, richtet sich an Bauunternehmen, die Erdarbeiten an Fundamenten und mittelgro\u00dfen bis gro\u00dfen Gr\u00e4ben durchf\u00fchren, an Landschaftsbauunternehmen, die Gr\u00fcnfl\u00e4chen mit gro\u00dfen Aushubarbeiten durchf\u00fchren, an \u00f6ffentliche Bauunternehmen f\u00fcr die Verlegung von unterirdischen Netzwerken und Gemeinden oder an Vermietungsunternehmen, die Minibagger mittlerer Kapazit\u00e4t anbieten, die Zuverl\u00e4ssigkeit und Leistung bieten. optimal.\" \/>\n<meta property=\"og:url\" content=\"https:\/\/sagrinex.com\/produit\/minibagger-bobcat-e50-em-2013-587-stunden-gebraucht\/?lang=de\" \/>\n<meta property=\"og:site_name\" content=\"Sagrinex \u2013 Anhaenger, Container &amp; Landtechnik \ud83c\udf3e\ud83d\ude9c\" \/>\n<meta property=\"article:modified_time\" content=\"2026-04-15T21:12:23+00:00\" \/>\n<meta property=\"og:image\" content=\"https:\/\/sagrinex.com\/wp-content\/uploads\/2026\/03\/Image-58.jpeg\" \/>\n\t<meta property=\"og:image:width\" content=\"1000\" \/>\n\t<meta property=\"og:image:height\" content=\"750\" \/>\n\t<meta property=\"og:image:type\" content=\"image\/jpeg\" \/>\n<meta name=\"twitter:card\" content=\"summary_large_image\" \/>\n<script type=\"application\/ld+json\" class=\"yoast-schema-graph\">{\"@context\":\"https:\\\/\\\/schema.org\",\"@graph\":[{\"@type\":\"WebPage\",\"@id\":\"https:\\\/\\\/sagrinex.com\\\/produit\\\/minibagger-bobcat-e50-em-2013-587-stunden-gebraucht\\\/?lang=de\",\"url\":\"https:\\\/\\\/sagrinex.com\\\/produit\\\/minibagger-bobcat-e50-em-2013-587-stunden-gebraucht\\\/?lang=de\",\"name\":\"Minibagger Bobcat E50 Em 2013 587 Stunden \u2013 Gebraucht - Sagrinex \u2013 Anhaenger, Container &amp; Landtechnik \ud83c\udf3e\ud83d\ude9c\",\"isPartOf\":{\"@id\":\"https:\\\/\\\/sagrinex.com\\\/#website\"},\"primaryImageOfPage\":{\"@id\":\"https:\\\/\\\/sagrinex.com\\\/produit\\\/minibagger-bobcat-e50-em-2013-587-stunden-gebraucht\\\/?lang=de#primaryimage\"},\"image\":{\"@id\":\"https:\\\/\\\/sagrinex.com\\\/produit\\\/minibagger-bobcat-e50-em-2013-587-stunden-gebraucht\\\/?lang=de#primaryimage\"},\"thumbnailUrl\":\"https:\\\/\\\/sagrinex.com\\\/wp-content\\\/uploads\\\/2026\\\/03\\\/Image-58.jpeg\",\"datePublished\":\"2026-04-15T09:55:52+00:00\",\"dateModified\":\"2026-04-15T21:12:23+00:00\",\"breadcrumb\":{\"@id\":\"https:\\\/\\\/sagrinex.com\\\/produit\\\/minibagger-bobcat-e50-em-2013-587-stunden-gebraucht\\\/?lang=de#breadcrumb\"},\"inLanguage\":\"de\",\"potentialAction\":[{\"@type\":\"ReadAction\",\"target\":[\"https:\\\/\\\/sagrinex.com\\\/produit\\\/minibagger-bobcat-e50-em-2013-587-stunden-gebraucht\\\/?lang=de\"]}]},{\"@type\":\"ImageObject\",\"inLanguage\":\"de\",\"@id\":\"https:\\\/\\\/sagrinex.com\\\/produit\\\/minibagger-bobcat-e50-em-2013-587-stunden-gebraucht\\\/?lang=de#primaryimage\",\"url\":\"https:\\\/\\\/sagrinex.com\\\/wp-content\\\/uploads\\\/2026\\\/03\\\/Image-58.jpeg\",\"contentUrl\":\"https:\\\/\\\/sagrinex.com\\\/wp-content\\\/uploads\\\/2026\\\/03\\\/Image-58.jpeg\",\"width\":1000,\"height\":750},{\"@type\":\"BreadcrumbList\",\"@id\":\"https:\\\/\\\/sagrinex.com\\\/produit\\\/minibagger-bobcat-e50-em-2013-587-stunden-gebraucht\\\/?lang=de#breadcrumb\",\"itemListElement\":[{\"@type\":\"ListItem\",\"position\":1,\"name\":\"Accueil\",\"item\":\"https:\\\/\\\/sagrinex.com\\\/?lang=de\"},{\"@type\":\"ListItem\",\"position\":2,\"name\":\"Shop\",\"item\":\"https:\\\/\\\/sagrinex.com\\\/shop\\\/\"},{\"@type\":\"ListItem\",\"position\":3,\"name\":\"Minibagger Bobcat E50 Em 2013 587 Stunden \u2013 Gebraucht\"}]},{\"@type\":\"WebSite\",\"@id\":\"https:\\\/\\\/sagrinex.com\\\/#website\",\"url\":\"https:\\\/\\\/sagrinex.com\\\/\",\"name\":\"Sagrinex \u2013 Spezialist f\u00fcr Anh\u00e4nger, Container & Landtechnik\",\"description\":\"Anhaenger, Container &amp; Landtechnik \u2014 Online-Verkauf &amp; kostenloses Angebot\",\"publisher\":{\"@id\":\"https:\\\/\\\/sagrinex.com\\\/#organization\"},\"potentialAction\":[{\"@type\":\"SearchAction\",\"target\":{\"@type\":\"EntryPoint\",\"urlTemplate\":\"https:\\\/\\\/sagrinex.com\\\/?s={search_term_string}\"},\"query-input\":{\"@type\":\"PropertyValueSpecification\",\"valueRequired\":true,\"valueName\":\"search_term_string\"}}],\"inLanguage\":\"de\"},{\"@type\":\"Organization\",\"@id\":\"https:\\\/\\\/sagrinex.com\\\/#organization\",\"name\":\"Sagrinex \u2013 Remorques, Conteneurs & Mat\u00e9riel Agricole\",\"url\":\"https:\\\/\\\/sagrinex.com\\\/\",\"logo\":{\"@type\":\"ImageObject\",\"inLanguage\":\"de\",\"@id\":\"https:\\\/\\\/sagrinex.com\\\/#\\\/schema\\\/logo\\\/image\\\/\",\"url\":\"https:\\\/\\\/sagrinex.com\\\/wp-content\\\/uploads\\\/2026\\\/03\\\/7f1ac463-ef5a-425d-bdd6-a5da03a334a9-1024x683.png\",\"contentUrl\":\"https:\\\/\\\/sagrinex.com\\\/wp-content\\\/uploads\\\/2026\\\/03\\\/7f1ac463-ef5a-425d-bdd6-a5da03a334a9-1024x683.png\",\"width\":1024,\"height\":683,\"caption\":\"Sagrinex \u2013 Remorques, Conteneurs & Mat\u00e9riel Agricole\"},\"image\":{\"@id\":\"https:\\\/\\\/sagrinex.com\\\/#\\\/schema\\\/logo\\\/image\\\/\"}}]}<\/script>\n<!-- \/ Yoast SEO plugin. -->","yoast_head_json":{"title":"Minibagger Bobcat E50 Em 2013 587 Stunden \u2013 Gebraucht - Sagrinex \u2013 Anhaenger, Container &amp; Landtechnik \ud83c\udf3e\ud83d\ude9c","robots":{"index":"index","follow":"follow","max-snippet":"max-snippet:-1","max-image-preview":"max-image-preview:large","max-video-preview":"max-video-preview:-1"},"canonical":"https:\/\/sagrinex.com\/produit\/minibagger-bobcat-e50-em-2013-587-stunden-gebraucht\/?lang=de","og_locale":"de_DE","og_type":"article","og_title":"Minibagger Bobcat E50 Em 2013 587 Stunden \u2013 Gebraucht - Sagrinex \u2013 Anhaenger, Container &amp; Landtechnik \ud83c\udf3e\ud83d\ude9c","og_description":"Der Bobcat E50 EM aus dem Jahr 2013 ist ein 5-Tonnen-Minibagger mit nur 587 Betriebsstunden in sehr gutem Allgemeinzustand, direkt einsatzbereit f\u00fcr Erdarbeiten, Gr\u00e4ben und Landschaftsbau. Diese 13 Jahre alte Maschine mit au\u00dfergew\u00f6hnlich m\u00e4\u00dfiger Nutzung, die etwa 45 Stunden pro Jahr entspricht, in nahezu neuwertigem Zustand mit fast keinem Verschlei\u00df und ohne notwendige Reparaturarbeiten einsatzbereit ist, richtet sich an Bauunternehmen, die Erdarbeiten an Fundamenten und mittelgro\u00dfen bis gro\u00dfen Gr\u00e4ben durchf\u00fchren, an Landschaftsbauunternehmen, die Gr\u00fcnfl\u00e4chen mit gro\u00dfen Aushubarbeiten durchf\u00fchren, an \u00f6ffentliche Bauunternehmen f\u00fcr die Verlegung von unterirdischen Netzwerken und Gemeinden oder an Vermietungsunternehmen, die Minibagger mittlerer Kapazit\u00e4t anbieten, die Zuverl\u00e4ssigkeit und Leistung bieten. optimal.","og_url":"https:\/\/sagrinex.com\/produit\/minibagger-bobcat-e50-em-2013-587-stunden-gebraucht\/?lang=de","og_site_name":"Sagrinex \u2013 Anhaenger, Container &amp; Landtechnik \ud83c\udf3e\ud83d\ude9c","article_modified_time":"2026-04-15T21:12:23+00:00","og_image":[{"width":1000,"height":750,"url":"https:\/\/sagrinex.com\/wp-content\/uploads\/2026\/03\/Image-58.jpeg","type":"image\/jpeg"}],"twitter_card":"summary_large_image","schema":{"@context":"https:\/\/schema.org","@graph":[{"@type":"WebPage","@id":"https:\/\/sagrinex.com\/produit\/minibagger-bobcat-e50-em-2013-587-stunden-gebraucht\/?lang=de","url":"https:\/\/sagrinex.com\/produit\/minibagger-bobcat-e50-em-2013-587-stunden-gebraucht\/?lang=de","name":"Minibagger Bobcat E50 Em 2013 587 Stunden \u2013 Gebraucht - Sagrinex \u2013 Anhaenger, Container &amp; Landtechnik \ud83c\udf3e\ud83d\ude9c","isPartOf":{"@id":"https:\/\/sagrinex.com\/#website"},"primaryImageOfPage":{"@id":"https:\/\/sagrinex.com\/produit\/minibagger-bobcat-e50-em-2013-587-stunden-gebraucht\/?lang=de#primaryimage"},"image":{"@id":"https:\/\/sagrinex.com\/produit\/minibagger-bobcat-e50-em-2013-587-stunden-gebraucht\/?lang=de#primaryimage"},"thumbnailUrl":"https:\/\/sagrinex.com\/wp-content\/uploads\/2026\/03\/Image-58.jpeg","datePublished":"2026-04-15T09:55:52+00:00","dateModified":"2026-04-15T21:12:23+00:00","breadcrumb":{"@id":"https:\/\/sagrinex.com\/produit\/minibagger-bobcat-e50-em-2013-587-stunden-gebraucht\/?lang=de#breadcrumb"},"inLanguage":"de","potentialAction":[{"@type":"ReadAction","target":["https:\/\/sagrinex.com\/produit\/minibagger-bobcat-e50-em-2013-587-stunden-gebraucht\/?lang=de"]}]},{"@type":"ImageObject","inLanguage":"de","@id":"https:\/\/sagrinex.com\/produit\/minibagger-bobcat-e50-em-2013-587-stunden-gebraucht\/?lang=de#primaryimage","url":"https:\/\/sagrinex.com\/wp-content\/uploads\/2026\/03\/Image-58.jpeg","contentUrl":"https:\/\/sagrinex.com\/wp-content\/uploads\/2026\/03\/Image-58.jpeg","width":1000,"height":750},{"@type":"BreadcrumbList","@id":"https:\/\/sagrinex.com\/produit\/minibagger-bobcat-e50-em-2013-587-stunden-gebraucht\/?lang=de#breadcrumb","itemListElement":[{"@type":"ListItem","position":1,"name":"Accueil","item":"https:\/\/sagrinex.com\/?lang=de"},{"@type":"ListItem","position":2,"name":"Shop","item":"https:\/\/sagrinex.com\/shop\/"},{"@type":"ListItem","position":3,"name":"Minibagger Bobcat E50 Em 2013 587 Stunden \u2013 Gebraucht"}]},{"@type":"WebSite","@id":"https:\/\/sagrinex.com\/#website","url":"https:\/\/sagrinex.com\/","name":"Sagrinex \u2013 Spezialist f\u00fcr Anh\u00e4nger, Container & Landtechnik","description":"Anhaenger, Container &amp; Landtechnik \u2014 Online-Verkauf &amp; kostenloses Angebot","publisher":{"@id":"https:\/\/sagrinex.com\/#organization"},"potentialAction":[{"@type":"SearchAction","target":{"@type":"EntryPoint","urlTemplate":"https:\/\/sagrinex.com\/?s={search_term_string}"},"query-input":{"@type":"PropertyValueSpecification","valueRequired":true,"valueName":"search_term_string"}}],"inLanguage":"de"},{"@type":"Organization","@id":"https:\/\/sagrinex.com\/#organization","name":"Sagrinex \u2013 Remorques, Conteneurs & Mat\u00e9riel Agricole","url":"https:\/\/sagrinex.com\/","logo":{"@type":"ImageObject","inLanguage":"de","@id":"https:\/\/sagrinex.com\/#\/schema\/logo\/image\/","url":"https:\/\/sagrinex.com\/wp-content\/uploads\/2026\/03\/7f1ac463-ef5a-425d-bdd6-a5da03a334a9-1024x683.png","contentUrl":"https:\/\/sagrinex.com\/wp-content\/uploads\/2026\/03\/7f1ac463-ef5a-425d-bdd6-a5da03a334a9-1024x683.png","width":1024,"height":683,"caption":"Sagrinex \u2013 Remorques, Conteneurs & Mat\u00e9riel Agricole"},"image":{"@id":"https:\/\/sagrinex.com\/#\/schema\/logo\/image\/"}}]}},"jetpack_sharing_enabled":true,"_links":{"self":[{"href":"https:\/\/sagrinex.com\/de\/wp-json\/wp\/v2\/product\/17230","targetHints":{"allow":["GET"]}}],"collection":[{"href":"https:\/\/sagrinex.com\/de\/wp-json\/wp\/v2\/product"}],"about":[{"href":"https:\/\/sagrinex.com\/de\/wp-json\/wp\/v2\/types\/product"}],"replies":[{"embeddable":true,"href":"https:\/\/sagrinex.com\/de\/wp-json\/wp\/v2\/comments?post=17230"}],"version-history":[{"count":0,"href":"https:\/\/sagrinex.com\/de\/wp-json\/wp\/v2\/product\/17230\/revisions"}],"wp:featuredmedia":[{"embeddable":true,"href":"https:\/\/sagrinex.com\/de\/wp-json\/wp\/v2\/media\/5536"}],"wp:attachment":[{"href":"https:\/\/sagrinex.com\/de\/wp-json\/wp\/v2\/media?parent=17230"}],"wp:term":[{"taxonomy":"product_brand","embeddable":true,"href":"https:\/\/sagrinex.com\/de\/wp-json\/wp\/v2\/product_brand?post=17230"},{"taxonomy":"product_cat","embeddable":true,"href":"https:\/\/sagrinex.com\/de\/wp-json\/wp\/v2\/product_cat?post=17230"},{"taxonomy":"product_tag","embeddable":true,"href":"https:\/\/sagrinex.com\/de\/wp-json\/wp\/v2\/product_tag?post=17230"}],"curies":[{"name":"wp","href":"https:\/\/api.w.org\/{rel}","templated":true}]}}