{"id":17231,"date":"2026-04-15T09:56:43","date_gmt":"2026-04-15T09:56:43","guid":{"rendered":"https:\/\/sagrinex.com\/produit\/bobcat-e62-minibagger-2019-2122-stunden-gebraucht\/"},"modified":"2026-04-15T09:56:43","modified_gmt":"2026-04-15T09:56:43","slug":"bobcat-e62-minibagger-2019-2122-stunden-gebraucht","status":"publish","type":"product","link":"https:\/\/sagrinex.com\/de\/produit\/bobcat-e62-minibagger-2019-2122-stunden-gebraucht\/","title":{"rendered":"Bobcat E62 Minibagger 2019 2122 Stunden \u2013 Gebraucht"},"content":{"rendered":"<ul>\n<li><strong>Marke :<\/strong> Rotluchs<\/li>\n<li><strong>Modell :<\/strong> E62<\/li>\n<li><strong>Jahr :<\/strong> 2019<\/li>\n<li><strong>Betriebsgewicht:<\/strong> 6.200 kg<\/li>\n<li><strong>Nutzungszeiten:<\/strong> 2.122 zertifizierte Stunden<\/li>\n<li><strong>Motor :<\/strong> Kubota V2403-M-DI-E4 Diesel 4-Zylinder Turbo-Direkteinspritzung 36,4 kW (49 PS)<\/li>\n<li><strong>Grabtiefe:<\/strong> Maximal 4,1 m<\/li>\n<li><strong>Auswurfh\u00f6he:<\/strong> 3,7 m<\/li>\n<li><strong>Ausbrechkraft:<\/strong> 48,7-kN-L\u00f6ffel, 32,6-kN-Ausleger<\/li>\n<li><strong>Eimerkapazit\u00e4t:<\/strong> 0,22 bis 0,28 m\u00b3 SAE<\/li>\n<li><strong>Transportbreite:<\/strong> 1,99 m<\/li>\n<li><strong>Zustand :<\/strong> Hervorragender Allgemeinzustand, gebrauchsfertig<\/li>\n<\/ul>\n","protected":false},"excerpt":{"rendered":"<p>Der Bobcat E62 aus dem Jahr 2019 ist ein 6,2-Tonnen-Minibagger mit 2122 Betriebsstunden in ausgezeichnetem Allgemeinzustand, gepr\u00fcft und direkt einsatzbereit f\u00fcr Erd-, Graben-, Abbruch- und \u00f6ffentliche Arbeiten. Diese neue, 7 Jahre alte Maschine, die perfekt gewartet und ohne Spiel in den Achsen ist, richtet sich an Bauunternehmen, die Erdarbeiten an Fundamenten und gro\u00dfen Gr\u00e4ben durchf\u00fchren, an \u00f6ffentliche Bauunternehmen, die erdverlegte Netzwerke und Stra\u00dfeninfrastrukturen verlegen, an Abbruchprofis, die R\u00fcckbau- und Abbrucharbeiten durchf\u00fchren, sowie an Vermietungsunternehmen, die Hochleistungs-Minibagger anbieten, die sich durch Leistung, Robustheit und Vielseitigkeit auszeichnen.<\/p>\n","protected":false},"featured_media":5551,"comment_status":"open","ping_status":"closed","template":"","meta":[],"product_brand":[],"product_cat":[322,343],"product_tag":[],"class_list":{"0":"post-17231","1":"product","2":"type-product","3":"status-publish","4":"has-post-thumbnail","6":"product_cat-landwirtschaftliche-geraete-und-zubehoer","7":"product_cat-minibagger","9":"first","10":"instock","11":"shipping-taxable","12":"purchasable","13":"product-type-simple"},"yoast_head":"<!-- This site is optimized with the Yoast SEO plugin v27.5 - https:\/\/yoast.com\/product\/yoast-seo-wordpress\/ -->\n<title>Bobcat E62 Minibagger 2019 2122 Stunden \u2013 Gebraucht - Sagrinex \u2013 Anhaenger, Container &amp; Landtechnik \ud83c\udf3e\ud83d\ude9c<\/title>\n<meta name=\"robots\" content=\"index, follow, max-snippet:-1, max-image-preview:large, max-video-preview:-1\" \/>\n<link rel=\"canonical\" href=\"https:\/\/sagrinex.com\/produit\/bobcat-e62-minibagger-2019-2122-stunden-gebraucht\/?lang=de\" \/>\n<meta property=\"og:locale\" content=\"de_DE\" \/>\n<meta property=\"og:type\" content=\"article\" \/>\n<meta property=\"og:title\" content=\"Bobcat E62 Minibagger 2019 2122 Stunden \u2013 Gebraucht - Sagrinex \u2013 Anhaenger, Container &amp; Landtechnik \ud83c\udf3e\ud83d\ude9c\" \/>\n<meta property=\"og:description\" content=\"Der Bobcat E62 aus dem Jahr 2019 ist ein 6,2-Tonnen-Minibagger mit 2122 Betriebsstunden in ausgezeichnetem Allgemeinzustand, gepr\u00fcft und direkt einsatzbereit f\u00fcr Erd-, Graben-, Abbruch- und \u00f6ffentliche Arbeiten. Diese neue, 7 Jahre alte Maschine, die perfekt gewartet und ohne Spiel in den Achsen ist, richtet sich an Bauunternehmen, die Erdarbeiten an Fundamenten und gro\u00dfen Gr\u00e4ben durchf\u00fchren, an \u00f6ffentliche Bauunternehmen, die erdverlegte Netzwerke und Stra\u00dfeninfrastrukturen verlegen, an Abbruchprofis, die R\u00fcckbau- und Abbrucharbeiten durchf\u00fchren, sowie an Vermietungsunternehmen, die Hochleistungs-Minibagger anbieten, die sich durch Leistung, Robustheit und Vielseitigkeit auszeichnen.\" \/>\n<meta property=\"og:url\" content=\"https:\/\/sagrinex.com\/produit\/bobcat-e62-minibagger-2019-2122-stunden-gebraucht\/?lang=de\" \/>\n<meta property=\"og:site_name\" content=\"Sagrinex \u2013 Anhaenger, Container &amp; Landtechnik \ud83c\udf3e\ud83d\ude9c\" \/>\n<meta name=\"twitter:card\" content=\"summary_large_image\" \/>\n<script type=\"application\/ld+json\" class=\"yoast-schema-graph\">{\"@context\":\"https:\\\/\\\/schema.org\",\"@graph\":[{\"@type\":\"WebPage\",\"@id\":\"https:\\\/\\\/sagrinex.com\\\/produit\\\/bobcat-e62-minibagger-2019-2122-stunden-gebraucht\\\/?lang=de\",\"url\":\"https:\\\/\\\/sagrinex.com\\\/produit\\\/bobcat-e62-minibagger-2019-2122-stunden-gebraucht\\\/?lang=de\",\"name\":\"Bobcat E62 Minibagger 2019 2122 Stunden \u2013 Gebraucht - Sagrinex \u2013 Anhaenger, Container &amp; Landtechnik \ud83c\udf3e\ud83d\ude9c\",\"isPartOf\":{\"@id\":\"https:\\\/\\\/sagrinex.com\\\/#website\"},\"primaryImageOfPage\":{\"@id\":\"https:\\\/\\\/sagrinex.com\\\/produit\\\/bobcat-e62-minibagger-2019-2122-stunden-gebraucht\\\/?lang=de#primaryimage\"},\"image\":{\"@id\":\"https:\\\/\\\/sagrinex.com\\\/produit\\\/bobcat-e62-minibagger-2019-2122-stunden-gebraucht\\\/?lang=de#primaryimage\"},\"thumbnailUrl\":\"https:\\\/\\\/sagrinex.com\\\/wp-content\\\/uploads\\\/2026\\\/03\\\/Image-71.jpeg\",\"datePublished\":\"2026-04-15T09:56:43+00:00\",\"breadcrumb\":{\"@id\":\"https:\\\/\\\/sagrinex.com\\\/produit\\\/bobcat-e62-minibagger-2019-2122-stunden-gebraucht\\\/?lang=de#breadcrumb\"},\"inLanguage\":\"de\",\"potentialAction\":[{\"@type\":\"ReadAction\",\"target\":[\"https:\\\/\\\/sagrinex.com\\\/produit\\\/bobcat-e62-minibagger-2019-2122-stunden-gebraucht\\\/?lang=de\"]}]},{\"@type\":\"ImageObject\",\"inLanguage\":\"de\",\"@id\":\"https:\\\/\\\/sagrinex.com\\\/produit\\\/bobcat-e62-minibagger-2019-2122-stunden-gebraucht\\\/?lang=de#primaryimage\",\"url\":\"https:\\\/\\\/sagrinex.com\\\/wp-content\\\/uploads\\\/2026\\\/03\\\/Image-71.jpeg\",\"contentUrl\":\"https:\\\/\\\/sagrinex.com\\\/wp-content\\\/uploads\\\/2026\\\/03\\\/Image-71.jpeg\",\"width\":1000,\"height\":750},{\"@type\":\"BreadcrumbList\",\"@id\":\"https:\\\/\\\/sagrinex.com\\\/produit\\\/bobcat-e62-minibagger-2019-2122-stunden-gebraucht\\\/?lang=de#breadcrumb\",\"itemListElement\":[{\"@type\":\"ListItem\",\"position\":1,\"name\":\"Accueil\",\"item\":\"https:\\\/\\\/sagrinex.com\\\/?lang=de\"},{\"@type\":\"ListItem\",\"position\":2,\"name\":\"Shop\",\"item\":\"https:\\\/\\\/sagrinex.com\\\/shop\\\/\"},{\"@type\":\"ListItem\",\"position\":3,\"name\":\"Bobcat E62 Minibagger 2019 2122 Stunden \u2013 Gebraucht\"}]},{\"@type\":\"WebSite\",\"@id\":\"https:\\\/\\\/sagrinex.com\\\/#website\",\"url\":\"https:\\\/\\\/sagrinex.com\\\/\",\"name\":\"Sagrinex \u2013 Spezialist f\u00fcr Anh\u00e4nger, Container & Landtechnik\",\"description\":\"Anhaenger, Container &amp; Landtechnik \u2014 Online-Verkauf &amp; kostenloses Angebot\",\"publisher\":{\"@id\":\"https:\\\/\\\/sagrinex.com\\\/#organization\"},\"potentialAction\":[{\"@type\":\"SearchAction\",\"target\":{\"@type\":\"EntryPoint\",\"urlTemplate\":\"https:\\\/\\\/sagrinex.com\\\/?s={search_term_string}\"},\"query-input\":{\"@type\":\"PropertyValueSpecification\",\"valueRequired\":true,\"valueName\":\"search_term_string\"}}],\"inLanguage\":\"de\"},{\"@type\":\"Organization\",\"@id\":\"https:\\\/\\\/sagrinex.com\\\/#organization\",\"name\":\"Sagrinex \u2013 Remorques, Conteneurs & Mat\u00e9riel Agricole\",\"url\":\"https:\\\/\\\/sagrinex.com\\\/\",\"logo\":{\"@type\":\"ImageObject\",\"inLanguage\":\"de\",\"@id\":\"https:\\\/\\\/sagrinex.com\\\/#\\\/schema\\\/logo\\\/image\\\/\",\"url\":\"https:\\\/\\\/sagrinex.com\\\/wp-content\\\/uploads\\\/2026\\\/03\\\/7f1ac463-ef5a-425d-bdd6-a5da03a334a9-1024x683.png\",\"contentUrl\":\"https:\\\/\\\/sagrinex.com\\\/wp-content\\\/uploads\\\/2026\\\/03\\\/7f1ac463-ef5a-425d-bdd6-a5da03a334a9-1024x683.png\",\"width\":1024,\"height\":683,\"caption\":\"Sagrinex \u2013 Remorques, Conteneurs & Mat\u00e9riel Agricole\"},\"image\":{\"@id\":\"https:\\\/\\\/sagrinex.com\\\/#\\\/schema\\\/logo\\\/image\\\/\"}}]}<\/script>\n<!-- \/ Yoast SEO plugin. -->","yoast_head_json":{"title":"Bobcat E62 Minibagger 2019 2122 Stunden \u2013 Gebraucht - Sagrinex \u2013 Anhaenger, Container &amp; Landtechnik \ud83c\udf3e\ud83d\ude9c","robots":{"index":"index","follow":"follow","max-snippet":"max-snippet:-1","max-image-preview":"max-image-preview:large","max-video-preview":"max-video-preview:-1"},"canonical":"https:\/\/sagrinex.com\/produit\/bobcat-e62-minibagger-2019-2122-stunden-gebraucht\/?lang=de","og_locale":"de_DE","og_type":"article","og_title":"Bobcat E62 Minibagger 2019 2122 Stunden \u2013 Gebraucht - Sagrinex \u2013 Anhaenger, Container &amp; Landtechnik \ud83c\udf3e\ud83d\ude9c","og_description":"Der Bobcat E62 aus dem Jahr 2019 ist ein 6,2-Tonnen-Minibagger mit 2122 Betriebsstunden in ausgezeichnetem Allgemeinzustand, gepr\u00fcft und direkt einsatzbereit f\u00fcr Erd-, Graben-, Abbruch- und \u00f6ffentliche Arbeiten. Diese neue, 7 Jahre alte Maschine, die perfekt gewartet und ohne Spiel in den Achsen ist, richtet sich an Bauunternehmen, die Erdarbeiten an Fundamenten und gro\u00dfen Gr\u00e4ben durchf\u00fchren, an \u00f6ffentliche Bauunternehmen, die erdverlegte Netzwerke und Stra\u00dfeninfrastrukturen verlegen, an Abbruchprofis, die R\u00fcckbau- und Abbrucharbeiten durchf\u00fchren, sowie an Vermietungsunternehmen, die Hochleistungs-Minibagger anbieten, die sich durch Leistung, Robustheit und Vielseitigkeit auszeichnen.","og_url":"https:\/\/sagrinex.com\/produit\/bobcat-e62-minibagger-2019-2122-stunden-gebraucht\/?lang=de","og_site_name":"Sagrinex \u2013 Anhaenger, Container &amp; Landtechnik \ud83c\udf3e\ud83d\ude9c","twitter_card":"summary_large_image","schema":{"@context":"https:\/\/schema.org","@graph":[{"@type":"WebPage","@id":"https:\/\/sagrinex.com\/produit\/bobcat-e62-minibagger-2019-2122-stunden-gebraucht\/?lang=de","url":"https:\/\/sagrinex.com\/produit\/bobcat-e62-minibagger-2019-2122-stunden-gebraucht\/?lang=de","name":"Bobcat E62 Minibagger 2019 2122 Stunden \u2013 Gebraucht - Sagrinex \u2013 Anhaenger, Container &amp; Landtechnik \ud83c\udf3e\ud83d\ude9c","isPartOf":{"@id":"https:\/\/sagrinex.com\/#website"},"primaryImageOfPage":{"@id":"https:\/\/sagrinex.com\/produit\/bobcat-e62-minibagger-2019-2122-stunden-gebraucht\/?lang=de#primaryimage"},"image":{"@id":"https:\/\/sagrinex.com\/produit\/bobcat-e62-minibagger-2019-2122-stunden-gebraucht\/?lang=de#primaryimage"},"thumbnailUrl":"https:\/\/sagrinex.com\/wp-content\/uploads\/2026\/03\/Image-71.jpeg","datePublished":"2026-04-15T09:56:43+00:00","breadcrumb":{"@id":"https:\/\/sagrinex.com\/produit\/bobcat-e62-minibagger-2019-2122-stunden-gebraucht\/?lang=de#breadcrumb"},"inLanguage":"de","potentialAction":[{"@type":"ReadAction","target":["https:\/\/sagrinex.com\/produit\/bobcat-e62-minibagger-2019-2122-stunden-gebraucht\/?lang=de"]}]},{"@type":"ImageObject","inLanguage":"de","@id":"https:\/\/sagrinex.com\/produit\/bobcat-e62-minibagger-2019-2122-stunden-gebraucht\/?lang=de#primaryimage","url":"https:\/\/sagrinex.com\/wp-content\/uploads\/2026\/03\/Image-71.jpeg","contentUrl":"https:\/\/sagrinex.com\/wp-content\/uploads\/2026\/03\/Image-71.jpeg","width":1000,"height":750},{"@type":"BreadcrumbList","@id":"https:\/\/sagrinex.com\/produit\/bobcat-e62-minibagger-2019-2122-stunden-gebraucht\/?lang=de#breadcrumb","itemListElement":[{"@type":"ListItem","position":1,"name":"Accueil","item":"https:\/\/sagrinex.com\/?lang=de"},{"@type":"ListItem","position":2,"name":"Shop","item":"https:\/\/sagrinex.com\/shop\/"},{"@type":"ListItem","position":3,"name":"Bobcat E62 Minibagger 2019 2122 Stunden \u2013 Gebraucht"}]},{"@type":"WebSite","@id":"https:\/\/sagrinex.com\/#website","url":"https:\/\/sagrinex.com\/","name":"Sagrinex \u2013 Spezialist f\u00fcr Anh\u00e4nger, Container & Landtechnik","description":"Anhaenger, Container &amp; Landtechnik \u2014 Online-Verkauf &amp; kostenloses Angebot","publisher":{"@id":"https:\/\/sagrinex.com\/#organization"},"potentialAction":[{"@type":"SearchAction","target":{"@type":"EntryPoint","urlTemplate":"https:\/\/sagrinex.com\/?s={search_term_string}"},"query-input":{"@type":"PropertyValueSpecification","valueRequired":true,"valueName":"search_term_string"}}],"inLanguage":"de"},{"@type":"Organization","@id":"https:\/\/sagrinex.com\/#organization","name":"Sagrinex \u2013 Remorques, Conteneurs & Mat\u00e9riel Agricole","url":"https:\/\/sagrinex.com\/","logo":{"@type":"ImageObject","inLanguage":"de","@id":"https:\/\/sagrinex.com\/#\/schema\/logo\/image\/","url":"https:\/\/sagrinex.com\/wp-content\/uploads\/2026\/03\/7f1ac463-ef5a-425d-bdd6-a5da03a334a9-1024x683.png","contentUrl":"https:\/\/sagrinex.com\/wp-content\/uploads\/2026\/03\/7f1ac463-ef5a-425d-bdd6-a5da03a334a9-1024x683.png","width":1024,"height":683,"caption":"Sagrinex \u2013 Remorques, Conteneurs & Mat\u00e9riel Agricole"},"image":{"@id":"https:\/\/sagrinex.com\/#\/schema\/logo\/image\/"}}]}},"jetpack_sharing_enabled":true,"_links":{"self":[{"href":"https:\/\/sagrinex.com\/de\/wp-json\/wp\/v2\/product\/17231","targetHints":{"allow":["GET"]}}],"collection":[{"href":"https:\/\/sagrinex.com\/de\/wp-json\/wp\/v2\/product"}],"about":[{"href":"https:\/\/sagrinex.com\/de\/wp-json\/wp\/v2\/types\/product"}],"replies":[{"embeddable":true,"href":"https:\/\/sagrinex.com\/de\/wp-json\/wp\/v2\/comments?post=17231"}],"version-history":[{"count":0,"href":"https:\/\/sagrinex.com\/de\/wp-json\/wp\/v2\/product\/17231\/revisions"}],"wp:featuredmedia":[{"embeddable":true,"href":"https:\/\/sagrinex.com\/de\/wp-json\/wp\/v2\/media\/5551"}],"wp:attachment":[{"href":"https:\/\/sagrinex.com\/de\/wp-json\/wp\/v2\/media?parent=17231"}],"wp:term":[{"taxonomy":"product_brand","embeddable":true,"href":"https:\/\/sagrinex.com\/de\/wp-json\/wp\/v2\/product_brand?post=17231"},{"taxonomy":"product_cat","embeddable":true,"href":"https:\/\/sagrinex.com\/de\/wp-json\/wp\/v2\/product_cat?post=17231"},{"taxonomy":"product_tag","embeddable":true,"href":"https:\/\/sagrinex.com\/de\/wp-json\/wp\/v2\/product_tag?post=17231"}],"curies":[{"name":"wp","href":"https:\/\/api.w.org\/{rel}","templated":true}]}}