{"id":17232,"date":"2026-04-15T09:57:44","date_gmt":"2026-04-15T09:57:44","guid":{"rendered":"https:\/\/sagrinex.com\/produit\/bobcat-e55-minibagger-2012-4881-stunden-gebraucht\/"},"modified":"2026-05-01T22:04:22","modified_gmt":"2026-05-01T22:04:22","slug":"bobcat-e55-minibagger-2012-4881-stunden-gebraucht","status":"publish","type":"product","link":"https:\/\/sagrinex.com\/de\/produit\/bobcat-e55-minibagger-2012-4881-stunden-gebraucht\/","title":{"rendered":"Bobcat E55 Minibagger 2012 4881 Stunden \u2013 Gebraucht"},"content":{"rendered":"<ul>\n<li><strong>Marke :<\/strong> Rotluchs<\/li>\n<li><strong>Modell :<\/strong> E55<\/li>\n<li><strong>Jahr :<\/strong> 2012<\/li>\n<li><strong>Betriebsgewicht:<\/strong> 5.700 kg<\/li>\n<li><strong>Betriebszeiten:<\/strong> 4.881 Stunden<\/li>\n<li><strong>Motor :<\/strong> Kubota V2403-M-DI-E3B 4-Zylinder-Turbo-Direkteinspritzer-Diesel 30,4 kW (41 PS)<\/li>\n<li><strong>Grabtiefe:<\/strong> Maximal 3,73 m<\/li>\n<li><strong>Auswurfh\u00f6he:<\/strong> 3,41 m<\/li>\n<li><strong>Ausbrechkraft:<\/strong> 43,2-kN-L\u00f6ffel, 29,4-kN-Ausleger<\/li>\n<li><strong>Eimerkapazit\u00e4t:<\/strong> 0,19 bis 0,25 m\u00b3 SAE<\/li>\n<li><strong>Transportbreite:<\/strong> 1,99 m<\/li>\n<li><strong>Zustand :<\/strong> Komplett \u00fcberholt ohne Achsspiel und Turm, \u00d6le erneuert<\/li>\n<li><strong>Einhaltung :<\/strong> CE-Zertifikat, europ\u00e4ische Standards<\/li>\n<li><strong>Schnellwechsler:<\/strong> Hydraulik f\u00fcr schnellen Werkzeugwechsel<\/li>\n<li><strong>Hydraulikleitung:<\/strong> BHR f\u00fcr H\u00e4mmer, Zangen, Erdbohrer, Verdichter<\/li>\n<\/ul>\n","protected":false},"excerpt":{"rendered":"<p>Der Bobcat E55 aus dem Jahr 2012 ist ein robuster 5,7-Tonnen-Minibagger mit 4881 Betriebsstunden, komplett \u00fcberholt und direkt einsatzbereit f\u00fcr Erdbewegungs-, Bau- und Landschaftsbauarbeiten. Diese 14 Jahre alte Maschine ohne Spiel in den Achsen oder im Turm mit ausgetauschten \u00d6len, entspricht den europ\u00e4ischen Sicherheitsstandards mit CE-Zertifikat, wird mit 3 L\u00f6ffeln f\u00fcr verschiedene Arten von Arbeiten, Schnellwechsler f\u00fcr einen effizienten Werkzeugwechsel und BHR-Hydraulikleitung f\u00fcr den Anschluss von zus\u00e4tzlichem Zubeh\u00f6r geliefert und richtet sich an Bauunternehmen, die mittlere bis gro\u00dfe Erdarbeiten und Gr\u00e4ben durchf\u00fchren, \u00f6ffentliche Bauunternehmen f\u00fcr die Verlegung erdverlegter Netzwerke und Stra\u00dfeninfrastrukturen sowie Auftragnehmer, die Au\u00dfenentwicklungen durchf\u00fchren und Leistung, Pr\u00e4zision und Zuverl\u00e4ssigkeit bieten.<\/p>\n","protected":false},"featured_media":18678,"comment_status":"open","ping_status":"closed","template":"","meta":[],"product_brand":[],"product_cat":[322,343],"product_tag":[],"class_list":{"0":"post-17232","1":"product","2":"type-product","3":"status-publish","4":"has-post-thumbnail","6":"product_cat-landwirtschaftliche-geraete-und-zubehoer","7":"product_cat-minibagger","9":"first","10":"instock","11":"shipping-taxable","12":"purchasable","13":"product-type-simple"},"yoast_head":"<!-- This site is optimized with the Yoast SEO plugin v27.5 - https:\/\/yoast.com\/product\/yoast-seo-wordpress\/ -->\n<title>Bobcat E55 Minibagger 2012 4881 Stunden \u2013 Gebraucht - Sagrinex \u2013 Anhaenger, Container &amp; Landtechnik \ud83c\udf3e\ud83d\ude9c<\/title>\n<meta name=\"robots\" content=\"index, follow, max-snippet:-1, max-image-preview:large, max-video-preview:-1\" \/>\n<link rel=\"canonical\" href=\"https:\/\/sagrinex.com\/de\/produit\/bobcat-e55-minibagger-2012-4881-stunden-gebraucht\/\" \/>\n<meta property=\"og:locale\" content=\"de_DE\" \/>\n<meta property=\"og:type\" content=\"article\" \/>\n<meta property=\"og:title\" content=\"Bobcat E55 Minibagger 2012 4881 Stunden \u2013 Gebraucht - Sagrinex \u2013 Anhaenger, Container &amp; Landtechnik \ud83c\udf3e\ud83d\ude9c\" \/>\n<meta property=\"og:description\" content=\"Der Bobcat E55 aus dem Jahr 2012 ist ein robuster 5,7-Tonnen-Minibagger mit 4881 Betriebsstunden, komplett \u00fcberholt und direkt einsatzbereit f\u00fcr Erdbewegungs-, Bau- und Landschaftsbauarbeiten. Diese 14 Jahre alte Maschine ohne Spiel in den Achsen oder im Turm mit ausgetauschten \u00d6len, entspricht den europ\u00e4ischen Sicherheitsstandards mit CE-Zertifikat, wird mit 3 L\u00f6ffeln f\u00fcr verschiedene Arten von Arbeiten, Schnellwechsler f\u00fcr einen effizienten Werkzeugwechsel und BHR-Hydraulikleitung f\u00fcr den Anschluss von zus\u00e4tzlichem Zubeh\u00f6r geliefert und richtet sich an Bauunternehmen, die mittlere bis gro\u00dfe Erdarbeiten und Gr\u00e4ben durchf\u00fchren, \u00f6ffentliche Bauunternehmen f\u00fcr die Verlegung erdverlegter Netzwerke und Stra\u00dfeninfrastrukturen sowie Auftragnehmer, die Au\u00dfenentwicklungen durchf\u00fchren und Leistung, Pr\u00e4zision und Zuverl\u00e4ssigkeit bieten.\" \/>\n<meta property=\"og:url\" content=\"https:\/\/sagrinex.com\/de\/produit\/bobcat-e55-minibagger-2012-4881-stunden-gebraucht\/\" \/>\n<meta property=\"og:site_name\" content=\"Sagrinex \u2013 Anhaenger, Container &amp; Landtechnik \ud83c\udf3e\ud83d\ude9c\" \/>\n<meta property=\"article:modified_time\" content=\"2026-05-01T22:04:22+00:00\" \/>\n<meta property=\"og:image\" content=\"https:\/\/sagrinex.com\/wp-content\/uploads\/2026\/03\/Image-61.jpeg-removebg-preview.png\" \/>\n\t<meta property=\"og:image:width\" content=\"577\" \/>\n\t<meta property=\"og:image:height\" content=\"433\" \/>\n\t<meta property=\"og:image:type\" content=\"image\/png\" \/>\n<meta name=\"twitter:card\" content=\"summary_large_image\" \/>\n<meta name=\"twitter:label1\" content=\"Gesch\u00e4tzte Lesezeit\" \/>\n\t<meta name=\"twitter:data1\" content=\"1\u00a0Minute\" \/>\n<script type=\"application\/ld+json\" class=\"yoast-schema-graph\">{\"@context\":\"https:\\\/\\\/schema.org\",\"@graph\":[{\"@type\":\"WebPage\",\"@id\":\"https:\\\/\\\/sagrinex.com\\\/de\\\/produit\\\/bobcat-e55-minibagger-2012-4881-stunden-gebraucht\\\/\",\"url\":\"https:\\\/\\\/sagrinex.com\\\/de\\\/produit\\\/bobcat-e55-minibagger-2012-4881-stunden-gebraucht\\\/\",\"name\":\"Bobcat E55 Minibagger 2012 4881 Stunden \u2013 Gebraucht - Sagrinex \u2013 Anhaenger, Container &amp; Landtechnik \ud83c\udf3e\ud83d\ude9c\",\"isPartOf\":{\"@id\":\"https:\\\/\\\/sagrinex.com\\\/#website\"},\"primaryImageOfPage\":{\"@id\":\"https:\\\/\\\/sagrinex.com\\\/de\\\/produit\\\/bobcat-e55-minibagger-2012-4881-stunden-gebraucht\\\/#primaryimage\"},\"image\":{\"@id\":\"https:\\\/\\\/sagrinex.com\\\/de\\\/produit\\\/bobcat-e55-minibagger-2012-4881-stunden-gebraucht\\\/#primaryimage\"},\"thumbnailUrl\":\"https:\\\/\\\/sagrinex.com\\\/wp-content\\\/uploads\\\/2026\\\/03\\\/Image-61.jpeg-removebg-preview.png\",\"datePublished\":\"2026-04-15T09:57:44+00:00\",\"dateModified\":\"2026-05-01T22:04:22+00:00\",\"breadcrumb\":{\"@id\":\"https:\\\/\\\/sagrinex.com\\\/de\\\/produit\\\/bobcat-e55-minibagger-2012-4881-stunden-gebraucht\\\/#breadcrumb\"},\"inLanguage\":\"de\",\"potentialAction\":[{\"@type\":\"ReadAction\",\"target\":[\"https:\\\/\\\/sagrinex.com\\\/de\\\/produit\\\/bobcat-e55-minibagger-2012-4881-stunden-gebraucht\\\/\"]}]},{\"@type\":\"ImageObject\",\"inLanguage\":\"de\",\"@id\":\"https:\\\/\\\/sagrinex.com\\\/de\\\/produit\\\/bobcat-e55-minibagger-2012-4881-stunden-gebraucht\\\/#primaryimage\",\"url\":\"https:\\\/\\\/sagrinex.com\\\/wp-content\\\/uploads\\\/2026\\\/03\\\/Image-61.jpeg-removebg-preview.png\",\"contentUrl\":\"https:\\\/\\\/sagrinex.com\\\/wp-content\\\/uploads\\\/2026\\\/03\\\/Image-61.jpeg-removebg-preview.png\",\"width\":577,\"height\":433},{\"@type\":\"BreadcrumbList\",\"@id\":\"https:\\\/\\\/sagrinex.com\\\/de\\\/produit\\\/bobcat-e55-minibagger-2012-4881-stunden-gebraucht\\\/#breadcrumb\",\"itemListElement\":[{\"@type\":\"ListItem\",\"position\":1,\"name\":\"Accueil\",\"item\":\"https:\\\/\\\/sagrinex.com\\\/?lang=de\"},{\"@type\":\"ListItem\",\"position\":2,\"name\":\"Shop\",\"item\":\"https:\\\/\\\/sagrinex.com\\\/shop\\\/\"},{\"@type\":\"ListItem\",\"position\":3,\"name\":\"Bobcat E55 Minibagger 2012 4881 Stunden \u2013 Gebraucht\"}]},{\"@type\":\"WebSite\",\"@id\":\"https:\\\/\\\/sagrinex.com\\\/#website\",\"url\":\"https:\\\/\\\/sagrinex.com\\\/\",\"name\":\"Sagrinex \u2013 Spezialist f\u00fcr Anh\u00e4nger, Container & Landtechnik\",\"description\":\"Anhaenger, Container &amp; Landtechnik \u2014 Online-Verkauf &amp; kostenloses Angebot\",\"publisher\":{\"@id\":\"https:\\\/\\\/sagrinex.com\\\/#organization\"},\"potentialAction\":[{\"@type\":\"SearchAction\",\"target\":{\"@type\":\"EntryPoint\",\"urlTemplate\":\"https:\\\/\\\/sagrinex.com\\\/?s={search_term_string}\"},\"query-input\":{\"@type\":\"PropertyValueSpecification\",\"valueRequired\":true,\"valueName\":\"search_term_string\"}}],\"inLanguage\":\"de\"},{\"@type\":\"Organization\",\"@id\":\"https:\\\/\\\/sagrinex.com\\\/#organization\",\"name\":\"Sagrinex \u2013 Remorques, Conteneurs & Mat\u00e9riel Agricole\",\"url\":\"https:\\\/\\\/sagrinex.com\\\/\",\"logo\":{\"@type\":\"ImageObject\",\"inLanguage\":\"de\",\"@id\":\"https:\\\/\\\/sagrinex.com\\\/#\\\/schema\\\/logo\\\/image\\\/\",\"url\":\"https:\\\/\\\/sagrinex.com\\\/wp-content\\\/uploads\\\/2026\\\/03\\\/7f1ac463-ef5a-425d-bdd6-a5da03a334a9-1024x683.png\",\"contentUrl\":\"https:\\\/\\\/sagrinex.com\\\/wp-content\\\/uploads\\\/2026\\\/03\\\/7f1ac463-ef5a-425d-bdd6-a5da03a334a9-1024x683.png\",\"width\":1024,\"height\":683,\"caption\":\"Sagrinex \u2013 Remorques, Conteneurs & Mat\u00e9riel Agricole\"},\"image\":{\"@id\":\"https:\\\/\\\/sagrinex.com\\\/#\\\/schema\\\/logo\\\/image\\\/\"}}]}<\/script>\n<!-- \/ Yoast SEO plugin. -->","yoast_head_json":{"title":"Bobcat E55 Minibagger 2012 4881 Stunden \u2013 Gebraucht - Sagrinex \u2013 Anhaenger, Container &amp; Landtechnik \ud83c\udf3e\ud83d\ude9c","robots":{"index":"index","follow":"follow","max-snippet":"max-snippet:-1","max-image-preview":"max-image-preview:large","max-video-preview":"max-video-preview:-1"},"canonical":"https:\/\/sagrinex.com\/de\/produit\/bobcat-e55-minibagger-2012-4881-stunden-gebraucht\/","og_locale":"de_DE","og_type":"article","og_title":"Bobcat E55 Minibagger 2012 4881 Stunden \u2013 Gebraucht - Sagrinex \u2013 Anhaenger, Container &amp; Landtechnik \ud83c\udf3e\ud83d\ude9c","og_description":"Der Bobcat E55 aus dem Jahr 2012 ist ein robuster 5,7-Tonnen-Minibagger mit 4881 Betriebsstunden, komplett \u00fcberholt und direkt einsatzbereit f\u00fcr Erdbewegungs-, Bau- und Landschaftsbauarbeiten. Diese 14 Jahre alte Maschine ohne Spiel in den Achsen oder im Turm mit ausgetauschten \u00d6len, entspricht den europ\u00e4ischen Sicherheitsstandards mit CE-Zertifikat, wird mit 3 L\u00f6ffeln f\u00fcr verschiedene Arten von Arbeiten, Schnellwechsler f\u00fcr einen effizienten Werkzeugwechsel und BHR-Hydraulikleitung f\u00fcr den Anschluss von zus\u00e4tzlichem Zubeh\u00f6r geliefert und richtet sich an Bauunternehmen, die mittlere bis gro\u00dfe Erdarbeiten und Gr\u00e4ben durchf\u00fchren, \u00f6ffentliche Bauunternehmen f\u00fcr die Verlegung erdverlegter Netzwerke und Stra\u00dfeninfrastrukturen sowie Auftragnehmer, die Au\u00dfenentwicklungen durchf\u00fchren und Leistung, Pr\u00e4zision und Zuverl\u00e4ssigkeit bieten.","og_url":"https:\/\/sagrinex.com\/de\/produit\/bobcat-e55-minibagger-2012-4881-stunden-gebraucht\/","og_site_name":"Sagrinex \u2013 Anhaenger, Container &amp; Landtechnik \ud83c\udf3e\ud83d\ude9c","article_modified_time":"2026-05-01T22:04:22+00:00","og_image":[{"width":577,"height":433,"url":"https:\/\/sagrinex.com\/wp-content\/uploads\/2026\/03\/Image-61.jpeg-removebg-preview.png","type":"image\/png"}],"twitter_card":"summary_large_image","twitter_misc":{"Gesch\u00e4tzte Lesezeit":"1\u00a0Minute"},"schema":{"@context":"https:\/\/schema.org","@graph":[{"@type":"WebPage","@id":"https:\/\/sagrinex.com\/de\/produit\/bobcat-e55-minibagger-2012-4881-stunden-gebraucht\/","url":"https:\/\/sagrinex.com\/de\/produit\/bobcat-e55-minibagger-2012-4881-stunden-gebraucht\/","name":"Bobcat E55 Minibagger 2012 4881 Stunden \u2013 Gebraucht - Sagrinex \u2013 Anhaenger, Container &amp; Landtechnik \ud83c\udf3e\ud83d\ude9c","isPartOf":{"@id":"https:\/\/sagrinex.com\/#website"},"primaryImageOfPage":{"@id":"https:\/\/sagrinex.com\/de\/produit\/bobcat-e55-minibagger-2012-4881-stunden-gebraucht\/#primaryimage"},"image":{"@id":"https:\/\/sagrinex.com\/de\/produit\/bobcat-e55-minibagger-2012-4881-stunden-gebraucht\/#primaryimage"},"thumbnailUrl":"https:\/\/sagrinex.com\/wp-content\/uploads\/2026\/03\/Image-61.jpeg-removebg-preview.png","datePublished":"2026-04-15T09:57:44+00:00","dateModified":"2026-05-01T22:04:22+00:00","breadcrumb":{"@id":"https:\/\/sagrinex.com\/de\/produit\/bobcat-e55-minibagger-2012-4881-stunden-gebraucht\/#breadcrumb"},"inLanguage":"de","potentialAction":[{"@type":"ReadAction","target":["https:\/\/sagrinex.com\/de\/produit\/bobcat-e55-minibagger-2012-4881-stunden-gebraucht\/"]}]},{"@type":"ImageObject","inLanguage":"de","@id":"https:\/\/sagrinex.com\/de\/produit\/bobcat-e55-minibagger-2012-4881-stunden-gebraucht\/#primaryimage","url":"https:\/\/sagrinex.com\/wp-content\/uploads\/2026\/03\/Image-61.jpeg-removebg-preview.png","contentUrl":"https:\/\/sagrinex.com\/wp-content\/uploads\/2026\/03\/Image-61.jpeg-removebg-preview.png","width":577,"height":433},{"@type":"BreadcrumbList","@id":"https:\/\/sagrinex.com\/de\/produit\/bobcat-e55-minibagger-2012-4881-stunden-gebraucht\/#breadcrumb","itemListElement":[{"@type":"ListItem","position":1,"name":"Accueil","item":"https:\/\/sagrinex.com\/?lang=de"},{"@type":"ListItem","position":2,"name":"Shop","item":"https:\/\/sagrinex.com\/shop\/"},{"@type":"ListItem","position":3,"name":"Bobcat E55 Minibagger 2012 4881 Stunden \u2013 Gebraucht"}]},{"@type":"WebSite","@id":"https:\/\/sagrinex.com\/#website","url":"https:\/\/sagrinex.com\/","name":"Sagrinex \u2013 Spezialist f\u00fcr Anh\u00e4nger, Container & Landtechnik","description":"Anhaenger, Container &amp; Landtechnik \u2014 Online-Verkauf &amp; kostenloses Angebot","publisher":{"@id":"https:\/\/sagrinex.com\/#organization"},"potentialAction":[{"@type":"SearchAction","target":{"@type":"EntryPoint","urlTemplate":"https:\/\/sagrinex.com\/?s={search_term_string}"},"query-input":{"@type":"PropertyValueSpecification","valueRequired":true,"valueName":"search_term_string"}}],"inLanguage":"de"},{"@type":"Organization","@id":"https:\/\/sagrinex.com\/#organization","name":"Sagrinex \u2013 Remorques, Conteneurs & Mat\u00e9riel Agricole","url":"https:\/\/sagrinex.com\/","logo":{"@type":"ImageObject","inLanguage":"de","@id":"https:\/\/sagrinex.com\/#\/schema\/logo\/image\/","url":"https:\/\/sagrinex.com\/wp-content\/uploads\/2026\/03\/7f1ac463-ef5a-425d-bdd6-a5da03a334a9-1024x683.png","contentUrl":"https:\/\/sagrinex.com\/wp-content\/uploads\/2026\/03\/7f1ac463-ef5a-425d-bdd6-a5da03a334a9-1024x683.png","width":1024,"height":683,"caption":"Sagrinex \u2013 Remorques, Conteneurs & Mat\u00e9riel Agricole"},"image":{"@id":"https:\/\/sagrinex.com\/#\/schema\/logo\/image\/"}}]}},"jetpack_sharing_enabled":true,"_links":{"self":[{"href":"https:\/\/sagrinex.com\/de\/wp-json\/wp\/v2\/product\/17232","targetHints":{"allow":["GET"]}}],"collection":[{"href":"https:\/\/sagrinex.com\/de\/wp-json\/wp\/v2\/product"}],"about":[{"href":"https:\/\/sagrinex.com\/de\/wp-json\/wp\/v2\/types\/product"}],"replies":[{"embeddable":true,"href":"https:\/\/sagrinex.com\/de\/wp-json\/wp\/v2\/comments?post=17232"}],"version-history":[{"count":2,"href":"https:\/\/sagrinex.com\/de\/wp-json\/wp\/v2\/product\/17232\/revisions"}],"predecessor-version":[{"id":18684,"href":"https:\/\/sagrinex.com\/de\/wp-json\/wp\/v2\/product\/17232\/revisions\/18684"}],"wp:featuredmedia":[{"embeddable":true,"href":"https:\/\/sagrinex.com\/de\/wp-json\/wp\/v2\/media\/18678"}],"wp:attachment":[{"href":"https:\/\/sagrinex.com\/de\/wp-json\/wp\/v2\/media?parent=17232"}],"wp:term":[{"taxonomy":"product_brand","embeddable":true,"href":"https:\/\/sagrinex.com\/de\/wp-json\/wp\/v2\/product_brand?post=17232"},{"taxonomy":"product_cat","embeddable":true,"href":"https:\/\/sagrinex.com\/de\/wp-json\/wp\/v2\/product_cat?post=17232"},{"taxonomy":"product_tag","embeddable":true,"href":"https:\/\/sagrinex.com\/de\/wp-json\/wp\/v2\/product_tag?post=17232"}],"curies":[{"name":"wp","href":"https:\/\/api.w.org\/{rel}","templated":true}]}}