{"id":17234,"date":"2026-04-15T09:59:34","date_gmt":"2026-04-15T09:59:34","guid":{"rendered":"https:\/\/sagrinex.com\/produit\/case-cx17d-2023-24-stunden-minibagger-neue-maschine-neue-ausruestung\/"},"modified":"2026-04-15T21:12:23","modified_gmt":"2026-04-15T21:12:23","slug":"case-cx17d-2023-24-stunden-minibagger-neue-maschine-neue-ausruestung","status":"publish","type":"product","link":"https:\/\/sagrinex.com\/de\/produit\/case-cx17d-2023-24-stunden-minibagger-neue-maschine-neue-ausruestung\/","title":{"rendered":"Case CX17D 2023 24-stunden-minibagger \u2013 Neue Maschine \/ Neue Ausr\u00fcstung"},"content":{"rendered":"<ul>\n<li><strong>Marke :<\/strong> Kasten<\/li>\n<li><strong>Modell :<\/strong> CX17D<\/li>\n<li><strong>Jahr :<\/strong> 2023<\/li>\n<li><strong>Betriebsgewicht:<\/strong> 1700 kg oder 1,7 Tonnen<\/li>\n<li><strong>Nutzungszeiten:<\/strong> 24 Stunden<\/li>\n<li><strong>Seriennummer:<\/strong> SMP1C121EZLD00473<\/li>\n<li><strong>Zustand :<\/strong> Neue Maschine, neue Ausr\u00fcstung einsatzbereit<\/li>\n<\/ul>\n","protected":false},"excerpt":{"rendered":"<p>Der 2023 Case CX17D ist ein kompakter 1,7-Tonnen-Minibagger mit nur 24 Betriebsstunden im Neuzustand, der f\u00fcr Erdbewegungs-, Graben- und Landschaftsbauarbeiten gedacht ist. Diese neue, 3 Jahre alte Maschine mit der Seriennummer SMP1C121EZLD00473, vollst\u00e4ndig einsatzbereit, richtet sich an Bauunternehmen, die Erd- und Grabenarbeiten durchf\u00fchren und moderne Hochleistungsger\u00e4te ben\u00f6tigen, an Landschaftsbauunternehmen, die Gr\u00fcnanlagen mit Anforderungen an Zuverl\u00e4ssigkeit und optimale Leistung durchf\u00fchren, an Netzwerkunternehmen f\u00fcr die Verlegung von Rohren in st\u00e4dtischen Gebieten sowie an Handwerker und Kommunen, die einen kompakten und robusten Minibagger mit optimaler Arbeitsleistung suchen. die anspruchsvollsten. Das CX17D-Modell mit nur 24 Betriebsstunden, die Inbetriebnahmetests und \u00dcberpr\u00fcfungen umfassen, garantiert einen Neuzustand mit optimaler Leistung und maximaler Zuverl\u00e4ssigkeit f\u00fcr den intensiven Einsatz.<\/p>\n","protected":false},"featured_media":5566,"comment_status":"open","ping_status":"closed","template":"","meta":[],"product_brand":[],"product_cat":[322,343],"product_tag":[],"class_list":{"0":"post-17234","1":"product","2":"type-product","3":"status-publish","4":"has-post-thumbnail","6":"product_cat-landwirtschaftliche-geraete-und-zubehoer","7":"product_cat-minibagger","9":"first","10":"instock","11":"shipping-taxable","12":"purchasable","13":"product-type-simple"},"yoast_head":"<!-- This site is optimized with the Yoast SEO plugin v27.5 - https:\/\/yoast.com\/product\/yoast-seo-wordpress\/ -->\n<title>Case CX17D 2023 24-stunden-minibagger \u2013 Neue Maschine \/ Neue Ausr\u00fcstung - Sagrinex \u2013 Anhaenger, Container &amp; Landtechnik \ud83c\udf3e\ud83d\ude9c<\/title>\n<meta name=\"robots\" content=\"index, follow, max-snippet:-1, max-image-preview:large, max-video-preview:-1\" \/>\n<link rel=\"canonical\" href=\"https:\/\/sagrinex.com\/produit\/case-cx17d-2023-24-stunden-minibagger-neue-maschine-neue-ausruestung\/?lang=de\" \/>\n<meta property=\"og:locale\" content=\"de_DE\" \/>\n<meta property=\"og:type\" content=\"article\" \/>\n<meta property=\"og:title\" content=\"Case CX17D 2023 24-stunden-minibagger \u2013 Neue Maschine \/ Neue Ausr\u00fcstung - Sagrinex \u2013 Anhaenger, Container &amp; Landtechnik \ud83c\udf3e\ud83d\ude9c\" \/>\n<meta property=\"og:description\" content=\"Der 2023 Case CX17D ist ein kompakter 1,7-Tonnen-Minibagger mit nur 24 Betriebsstunden im Neuzustand, der f\u00fcr Erdbewegungs-, Graben- und Landschaftsbauarbeiten gedacht ist. Diese neue, 3 Jahre alte Maschine mit der Seriennummer SMP1C121EZLD00473, vollst\u00e4ndig einsatzbereit, richtet sich an Bauunternehmen, die Erd- und Grabenarbeiten durchf\u00fchren und moderne Hochleistungsger\u00e4te ben\u00f6tigen, an Landschaftsbauunternehmen, die Gr\u00fcnanlagen mit Anforderungen an Zuverl\u00e4ssigkeit und optimale Leistung durchf\u00fchren, an Netzwerkunternehmen f\u00fcr die Verlegung von Rohren in st\u00e4dtischen Gebieten sowie an Handwerker und Kommunen, die einen kompakten und robusten Minibagger mit optimaler Arbeitsleistung suchen. die anspruchsvollsten. Das CX17D-Modell mit nur 24 Betriebsstunden, die Inbetriebnahmetests und \u00dcberpr\u00fcfungen umfassen, garantiert einen Neuzustand mit optimaler Leistung und maximaler Zuverl\u00e4ssigkeit f\u00fcr den intensiven Einsatz.\" \/>\n<meta property=\"og:url\" content=\"https:\/\/sagrinex.com\/produit\/case-cx17d-2023-24-stunden-minibagger-neue-maschine-neue-ausruestung\/?lang=de\" \/>\n<meta property=\"og:site_name\" content=\"Sagrinex \u2013 Anhaenger, Container &amp; Landtechnik \ud83c\udf3e\ud83d\ude9c\" \/>\n<meta property=\"article:modified_time\" content=\"2026-04-15T21:12:23+00:00\" \/>\n<meta property=\"og:image\" content=\"https:\/\/sagrinex.com\/wp-content\/uploads\/2026\/03\/Image-77.jpeg\" \/>\n\t<meta property=\"og:image:width\" content=\"1000\" \/>\n\t<meta property=\"og:image:height\" content=\"750\" \/>\n\t<meta property=\"og:image:type\" content=\"image\/jpeg\" \/>\n<meta name=\"twitter:card\" content=\"summary_large_image\" \/>\n<script type=\"application\/ld+json\" class=\"yoast-schema-graph\">{\"@context\":\"https:\\\/\\\/schema.org\",\"@graph\":[{\"@type\":\"WebPage\",\"@id\":\"https:\\\/\\\/sagrinex.com\\\/produit\\\/case-cx17d-2023-24-stunden-minibagger-neue-maschine-neue-ausruestung\\\/?lang=de\",\"url\":\"https:\\\/\\\/sagrinex.com\\\/produit\\\/case-cx17d-2023-24-stunden-minibagger-neue-maschine-neue-ausruestung\\\/?lang=de\",\"name\":\"Case CX17D 2023 24-stunden-minibagger \u2013 Neue Maschine \\\/ Neue Ausr\u00fcstung - Sagrinex \u2013 Anhaenger, Container &amp; Landtechnik \ud83c\udf3e\ud83d\ude9c\",\"isPartOf\":{\"@id\":\"https:\\\/\\\/sagrinex.com\\\/#website\"},\"primaryImageOfPage\":{\"@id\":\"https:\\\/\\\/sagrinex.com\\\/produit\\\/case-cx17d-2023-24-stunden-minibagger-neue-maschine-neue-ausruestung\\\/?lang=de#primaryimage\"},\"image\":{\"@id\":\"https:\\\/\\\/sagrinex.com\\\/produit\\\/case-cx17d-2023-24-stunden-minibagger-neue-maschine-neue-ausruestung\\\/?lang=de#primaryimage\"},\"thumbnailUrl\":\"https:\\\/\\\/sagrinex.com\\\/wp-content\\\/uploads\\\/2026\\\/03\\\/Image-77.jpeg\",\"datePublished\":\"2026-04-15T09:59:34+00:00\",\"dateModified\":\"2026-04-15T21:12:23+00:00\",\"breadcrumb\":{\"@id\":\"https:\\\/\\\/sagrinex.com\\\/produit\\\/case-cx17d-2023-24-stunden-minibagger-neue-maschine-neue-ausruestung\\\/?lang=de#breadcrumb\"},\"inLanguage\":\"de\",\"potentialAction\":[{\"@type\":\"ReadAction\",\"target\":[\"https:\\\/\\\/sagrinex.com\\\/produit\\\/case-cx17d-2023-24-stunden-minibagger-neue-maschine-neue-ausruestung\\\/?lang=de\"]}]},{\"@type\":\"ImageObject\",\"inLanguage\":\"de\",\"@id\":\"https:\\\/\\\/sagrinex.com\\\/produit\\\/case-cx17d-2023-24-stunden-minibagger-neue-maschine-neue-ausruestung\\\/?lang=de#primaryimage\",\"url\":\"https:\\\/\\\/sagrinex.com\\\/wp-content\\\/uploads\\\/2026\\\/03\\\/Image-77.jpeg\",\"contentUrl\":\"https:\\\/\\\/sagrinex.com\\\/wp-content\\\/uploads\\\/2026\\\/03\\\/Image-77.jpeg\",\"width\":1000,\"height\":750},{\"@type\":\"BreadcrumbList\",\"@id\":\"https:\\\/\\\/sagrinex.com\\\/produit\\\/case-cx17d-2023-24-stunden-minibagger-neue-maschine-neue-ausruestung\\\/?lang=de#breadcrumb\",\"itemListElement\":[{\"@type\":\"ListItem\",\"position\":1,\"name\":\"Accueil\",\"item\":\"https:\\\/\\\/sagrinex.com\\\/?lang=de\"},{\"@type\":\"ListItem\",\"position\":2,\"name\":\"Shop\",\"item\":\"https:\\\/\\\/sagrinex.com\\\/shop\\\/\"},{\"@type\":\"ListItem\",\"position\":3,\"name\":\"Case CX17D 2023 24-stunden-minibagger \u2013 Neue Maschine \\\/ Neue Ausr\u00fcstung\"}]},{\"@type\":\"WebSite\",\"@id\":\"https:\\\/\\\/sagrinex.com\\\/#website\",\"url\":\"https:\\\/\\\/sagrinex.com\\\/\",\"name\":\"Sagrinex \u2013 Spezialist f\u00fcr Anh\u00e4nger, Container & Landtechnik\",\"description\":\"Anhaenger, Container &amp; Landtechnik \u2014 Online-Verkauf &amp; kostenloses Angebot\",\"publisher\":{\"@id\":\"https:\\\/\\\/sagrinex.com\\\/#organization\"},\"potentialAction\":[{\"@type\":\"SearchAction\",\"target\":{\"@type\":\"EntryPoint\",\"urlTemplate\":\"https:\\\/\\\/sagrinex.com\\\/?s={search_term_string}\"},\"query-input\":{\"@type\":\"PropertyValueSpecification\",\"valueRequired\":true,\"valueName\":\"search_term_string\"}}],\"inLanguage\":\"de\"},{\"@type\":\"Organization\",\"@id\":\"https:\\\/\\\/sagrinex.com\\\/#organization\",\"name\":\"Sagrinex \u2013 Remorques, Conteneurs & Mat\u00e9riel Agricole\",\"url\":\"https:\\\/\\\/sagrinex.com\\\/\",\"logo\":{\"@type\":\"ImageObject\",\"inLanguage\":\"de\",\"@id\":\"https:\\\/\\\/sagrinex.com\\\/#\\\/schema\\\/logo\\\/image\\\/\",\"url\":\"https:\\\/\\\/sagrinex.com\\\/wp-content\\\/uploads\\\/2026\\\/03\\\/7f1ac463-ef5a-425d-bdd6-a5da03a334a9-1024x683.png\",\"contentUrl\":\"https:\\\/\\\/sagrinex.com\\\/wp-content\\\/uploads\\\/2026\\\/03\\\/7f1ac463-ef5a-425d-bdd6-a5da03a334a9-1024x683.png\",\"width\":1024,\"height\":683,\"caption\":\"Sagrinex \u2013 Remorques, Conteneurs & Mat\u00e9riel Agricole\"},\"image\":{\"@id\":\"https:\\\/\\\/sagrinex.com\\\/#\\\/schema\\\/logo\\\/image\\\/\"}}]}<\/script>\n<!-- \/ Yoast SEO plugin. -->","yoast_head_json":{"title":"Case CX17D 2023 24-stunden-minibagger \u2013 Neue Maschine \/ Neue Ausr\u00fcstung - Sagrinex \u2013 Anhaenger, Container &amp; Landtechnik \ud83c\udf3e\ud83d\ude9c","robots":{"index":"index","follow":"follow","max-snippet":"max-snippet:-1","max-image-preview":"max-image-preview:large","max-video-preview":"max-video-preview:-1"},"canonical":"https:\/\/sagrinex.com\/produit\/case-cx17d-2023-24-stunden-minibagger-neue-maschine-neue-ausruestung\/?lang=de","og_locale":"de_DE","og_type":"article","og_title":"Case CX17D 2023 24-stunden-minibagger \u2013 Neue Maschine \/ Neue Ausr\u00fcstung - Sagrinex \u2013 Anhaenger, Container &amp; Landtechnik \ud83c\udf3e\ud83d\ude9c","og_description":"Der 2023 Case CX17D ist ein kompakter 1,7-Tonnen-Minibagger mit nur 24 Betriebsstunden im Neuzustand, der f\u00fcr Erdbewegungs-, Graben- und Landschaftsbauarbeiten gedacht ist. Diese neue, 3 Jahre alte Maschine mit der Seriennummer SMP1C121EZLD00473, vollst\u00e4ndig einsatzbereit, richtet sich an Bauunternehmen, die Erd- und Grabenarbeiten durchf\u00fchren und moderne Hochleistungsger\u00e4te ben\u00f6tigen, an Landschaftsbauunternehmen, die Gr\u00fcnanlagen mit Anforderungen an Zuverl\u00e4ssigkeit und optimale Leistung durchf\u00fchren, an Netzwerkunternehmen f\u00fcr die Verlegung von Rohren in st\u00e4dtischen Gebieten sowie an Handwerker und Kommunen, die einen kompakten und robusten Minibagger mit optimaler Arbeitsleistung suchen. die anspruchsvollsten. Das CX17D-Modell mit nur 24 Betriebsstunden, die Inbetriebnahmetests und \u00dcberpr\u00fcfungen umfassen, garantiert einen Neuzustand mit optimaler Leistung und maximaler Zuverl\u00e4ssigkeit f\u00fcr den intensiven Einsatz.","og_url":"https:\/\/sagrinex.com\/produit\/case-cx17d-2023-24-stunden-minibagger-neue-maschine-neue-ausruestung\/?lang=de","og_site_name":"Sagrinex \u2013 Anhaenger, Container &amp; Landtechnik \ud83c\udf3e\ud83d\ude9c","article_modified_time":"2026-04-15T21:12:23+00:00","og_image":[{"width":1000,"height":750,"url":"https:\/\/sagrinex.com\/wp-content\/uploads\/2026\/03\/Image-77.jpeg","type":"image\/jpeg"}],"twitter_card":"summary_large_image","schema":{"@context":"https:\/\/schema.org","@graph":[{"@type":"WebPage","@id":"https:\/\/sagrinex.com\/produit\/case-cx17d-2023-24-stunden-minibagger-neue-maschine-neue-ausruestung\/?lang=de","url":"https:\/\/sagrinex.com\/produit\/case-cx17d-2023-24-stunden-minibagger-neue-maschine-neue-ausruestung\/?lang=de","name":"Case CX17D 2023 24-stunden-minibagger \u2013 Neue Maschine \/ Neue Ausr\u00fcstung - Sagrinex \u2013 Anhaenger, Container &amp; Landtechnik \ud83c\udf3e\ud83d\ude9c","isPartOf":{"@id":"https:\/\/sagrinex.com\/#website"},"primaryImageOfPage":{"@id":"https:\/\/sagrinex.com\/produit\/case-cx17d-2023-24-stunden-minibagger-neue-maschine-neue-ausruestung\/?lang=de#primaryimage"},"image":{"@id":"https:\/\/sagrinex.com\/produit\/case-cx17d-2023-24-stunden-minibagger-neue-maschine-neue-ausruestung\/?lang=de#primaryimage"},"thumbnailUrl":"https:\/\/sagrinex.com\/wp-content\/uploads\/2026\/03\/Image-77.jpeg","datePublished":"2026-04-15T09:59:34+00:00","dateModified":"2026-04-15T21:12:23+00:00","breadcrumb":{"@id":"https:\/\/sagrinex.com\/produit\/case-cx17d-2023-24-stunden-minibagger-neue-maschine-neue-ausruestung\/?lang=de#breadcrumb"},"inLanguage":"de","potentialAction":[{"@type":"ReadAction","target":["https:\/\/sagrinex.com\/produit\/case-cx17d-2023-24-stunden-minibagger-neue-maschine-neue-ausruestung\/?lang=de"]}]},{"@type":"ImageObject","inLanguage":"de","@id":"https:\/\/sagrinex.com\/produit\/case-cx17d-2023-24-stunden-minibagger-neue-maschine-neue-ausruestung\/?lang=de#primaryimage","url":"https:\/\/sagrinex.com\/wp-content\/uploads\/2026\/03\/Image-77.jpeg","contentUrl":"https:\/\/sagrinex.com\/wp-content\/uploads\/2026\/03\/Image-77.jpeg","width":1000,"height":750},{"@type":"BreadcrumbList","@id":"https:\/\/sagrinex.com\/produit\/case-cx17d-2023-24-stunden-minibagger-neue-maschine-neue-ausruestung\/?lang=de#breadcrumb","itemListElement":[{"@type":"ListItem","position":1,"name":"Accueil","item":"https:\/\/sagrinex.com\/?lang=de"},{"@type":"ListItem","position":2,"name":"Shop","item":"https:\/\/sagrinex.com\/shop\/"},{"@type":"ListItem","position":3,"name":"Case CX17D 2023 24-stunden-minibagger \u2013 Neue Maschine \/ Neue Ausr\u00fcstung"}]},{"@type":"WebSite","@id":"https:\/\/sagrinex.com\/#website","url":"https:\/\/sagrinex.com\/","name":"Sagrinex \u2013 Spezialist f\u00fcr Anh\u00e4nger, Container & Landtechnik","description":"Anhaenger, Container &amp; Landtechnik \u2014 Online-Verkauf &amp; kostenloses Angebot","publisher":{"@id":"https:\/\/sagrinex.com\/#organization"},"potentialAction":[{"@type":"SearchAction","target":{"@type":"EntryPoint","urlTemplate":"https:\/\/sagrinex.com\/?s={search_term_string}"},"query-input":{"@type":"PropertyValueSpecification","valueRequired":true,"valueName":"search_term_string"}}],"inLanguage":"de"},{"@type":"Organization","@id":"https:\/\/sagrinex.com\/#organization","name":"Sagrinex \u2013 Remorques, Conteneurs & Mat\u00e9riel Agricole","url":"https:\/\/sagrinex.com\/","logo":{"@type":"ImageObject","inLanguage":"de","@id":"https:\/\/sagrinex.com\/#\/schema\/logo\/image\/","url":"https:\/\/sagrinex.com\/wp-content\/uploads\/2026\/03\/7f1ac463-ef5a-425d-bdd6-a5da03a334a9-1024x683.png","contentUrl":"https:\/\/sagrinex.com\/wp-content\/uploads\/2026\/03\/7f1ac463-ef5a-425d-bdd6-a5da03a334a9-1024x683.png","width":1024,"height":683,"caption":"Sagrinex \u2013 Remorques, Conteneurs & Mat\u00e9riel Agricole"},"image":{"@id":"https:\/\/sagrinex.com\/#\/schema\/logo\/image\/"}}]}},"jetpack_sharing_enabled":true,"_links":{"self":[{"href":"https:\/\/sagrinex.com\/de\/wp-json\/wp\/v2\/product\/17234","targetHints":{"allow":["GET"]}}],"collection":[{"href":"https:\/\/sagrinex.com\/de\/wp-json\/wp\/v2\/product"}],"about":[{"href":"https:\/\/sagrinex.com\/de\/wp-json\/wp\/v2\/types\/product"}],"replies":[{"embeddable":true,"href":"https:\/\/sagrinex.com\/de\/wp-json\/wp\/v2\/comments?post=17234"}],"version-history":[{"count":0,"href":"https:\/\/sagrinex.com\/de\/wp-json\/wp\/v2\/product\/17234\/revisions"}],"wp:featuredmedia":[{"embeddable":true,"href":"https:\/\/sagrinex.com\/de\/wp-json\/wp\/v2\/media\/5566"}],"wp:attachment":[{"href":"https:\/\/sagrinex.com\/de\/wp-json\/wp\/v2\/media?parent=17234"}],"wp:term":[{"taxonomy":"product_brand","embeddable":true,"href":"https:\/\/sagrinex.com\/de\/wp-json\/wp\/v2\/product_brand?post=17234"},{"taxonomy":"product_cat","embeddable":true,"href":"https:\/\/sagrinex.com\/de\/wp-json\/wp\/v2\/product_cat?post=17234"},{"taxonomy":"product_tag","embeddable":true,"href":"https:\/\/sagrinex.com\/de\/wp-json\/wp\/v2\/product_tag?post=17234"}],"curies":[{"name":"wp","href":"https:\/\/api.w.org\/{rel}","templated":true}]}}