{"id":17235,"date":"2026-04-15T10:00:14","date_gmt":"2026-04-15T10:00:14","guid":{"rendered":"https:\/\/sagrinex.com\/produit\/case-cx19d-2023-minibagger-neue-maschine-neue-ausruestung\/"},"modified":"2026-04-15T10:00:14","modified_gmt":"2026-04-15T10:00:14","slug":"case-cx19d-2023-minibagger-neue-maschine-neue-ausruestung","status":"publish","type":"product","link":"https:\/\/sagrinex.com\/de\/produit\/case-cx19d-2023-minibagger-neue-maschine-neue-ausruestung\/","title":{"rendered":"Case CX19D 2023 Minibagger Neue Maschine \/ Neue Ausr\u00fcstung"},"content":{"rendered":"<ul>\n<li><strong>Marke :<\/strong> Kasten<\/li>\n<li><strong>Modell :<\/strong> CX19D<\/li>\n<li><strong>Jahr :<\/strong> 2023<\/li>\n<li><strong>Betriebsgewicht:<\/strong> 1900 kg oder 1,9 Tonnen<\/li>\n<li><strong>Seriennummer:<\/strong> SMP1C123TZLF01004<\/li>\n<li><strong>Zustand :<\/strong> Neue Maschine, neue Ausr\u00fcstung<\/li>\n<\/ul>\n","protected":false},"excerpt":{"rendered":"<p>Der Case CX19D aus dem Jahr 2023 ist ein 1,9 Tonnen schwerer, kompakter Minibagger im Neuzustand mit der Seriennummer SMP1C123TZLF01004, der f\u00fcr Erdbewegungs-, Graben- und Landschaftsbauarbeiten vorgesehen ist. Diese neue, 3 Jahre alte Maschine, die auf zuverl\u00e4ssige und optimale Leistung ausgelegt ist, richtet sich an Bauunternehmen, die Erd- und Grabenarbeiten durchf\u00fchren und moderne, leistungsstarke und zuverl\u00e4ssige Ger\u00e4te ben\u00f6tigen, an Landschaftsbauunternehmen, die Gr\u00fcnfl\u00e4chen erschlie\u00dfen und Anforderungen an optimale Leistung und Benutzerfreundlichkeit stellen, an Netzwerkunternehmen f\u00fcr die Verlegung von Rohren in st\u00e4dtischen Gebieten mit hoher Produktivit\u00e4t sowie an anspruchsvolle Profis, die einen kompakten, robusten und einfach zu bedienenden Minibagger suchen, der den anspruchsvollsten Anforderungen gerecht wird. Das CX19D-Modell im Neuzustand garantiert optimale zuverl\u00e4ssige Leistung bei Kompaktheit, Robustheit und Benutzerfreundlichkeit f\u00fcr den intensiven professionellen Betrieb.<\/p>\n","protected":false},"featured_media":5579,"comment_status":"open","ping_status":"closed","template":"","meta":[],"product_brand":[],"product_cat":[322,343],"product_tag":[],"class_list":{"0":"post-17235","1":"product","2":"type-product","3":"status-publish","4":"has-post-thumbnail","6":"product_cat-landwirtschaftliche-geraete-und-zubehoer","7":"product_cat-minibagger","9":"first","10":"instock","11":"shipping-taxable","12":"purchasable","13":"product-type-simple"},"yoast_head":"<!-- This site is optimized with the Yoast SEO plugin v27.5 - https:\/\/yoast.com\/product\/yoast-seo-wordpress\/ -->\n<title>Case CX19D 2023 Minibagger Neue Maschine \/ Neue Ausr\u00fcstung - Sagrinex \u2013 Anhaenger, Container &amp; Landtechnik \ud83c\udf3e\ud83d\ude9c<\/title>\n<meta name=\"robots\" content=\"index, follow, max-snippet:-1, max-image-preview:large, max-video-preview:-1\" \/>\n<link rel=\"canonical\" href=\"https:\/\/sagrinex.com\/produit\/case-cx19d-2023-minibagger-neue-maschine-neue-ausruestung\/?lang=de\" \/>\n<meta property=\"og:locale\" content=\"de_DE\" \/>\n<meta property=\"og:type\" content=\"article\" \/>\n<meta property=\"og:title\" content=\"Case CX19D 2023 Minibagger Neue Maschine \/ Neue Ausr\u00fcstung - Sagrinex \u2013 Anhaenger, Container &amp; Landtechnik \ud83c\udf3e\ud83d\ude9c\" \/>\n<meta property=\"og:description\" content=\"Der Case CX19D aus dem Jahr 2023 ist ein 1,9 Tonnen schwerer, kompakter Minibagger im Neuzustand mit der Seriennummer SMP1C123TZLF01004, der f\u00fcr Erdbewegungs-, Graben- und Landschaftsbauarbeiten vorgesehen ist. Diese neue, 3 Jahre alte Maschine, die auf zuverl\u00e4ssige und optimale Leistung ausgelegt ist, richtet sich an Bauunternehmen, die Erd- und Grabenarbeiten durchf\u00fchren und moderne, leistungsstarke und zuverl\u00e4ssige Ger\u00e4te ben\u00f6tigen, an Landschaftsbauunternehmen, die Gr\u00fcnfl\u00e4chen erschlie\u00dfen und Anforderungen an optimale Leistung und Benutzerfreundlichkeit stellen, an Netzwerkunternehmen f\u00fcr die Verlegung von Rohren in st\u00e4dtischen Gebieten mit hoher Produktivit\u00e4t sowie an anspruchsvolle Profis, die einen kompakten, robusten und einfach zu bedienenden Minibagger suchen, der den anspruchsvollsten Anforderungen gerecht wird. Das CX19D-Modell im Neuzustand garantiert optimale zuverl\u00e4ssige Leistung bei Kompaktheit, Robustheit und Benutzerfreundlichkeit f\u00fcr den intensiven professionellen Betrieb.\" \/>\n<meta property=\"og:url\" content=\"https:\/\/sagrinex.com\/produit\/case-cx19d-2023-minibagger-neue-maschine-neue-ausruestung\/?lang=de\" \/>\n<meta property=\"og:site_name\" content=\"Sagrinex \u2013 Anhaenger, Container &amp; Landtechnik \ud83c\udf3e\ud83d\ude9c\" \/>\n<meta name=\"twitter:card\" content=\"summary_large_image\" \/>\n<script type=\"application\/ld+json\" class=\"yoast-schema-graph\">{\"@context\":\"https:\\\/\\\/schema.org\",\"@graph\":[{\"@type\":\"WebPage\",\"@id\":\"https:\\\/\\\/sagrinex.com\\\/produit\\\/case-cx19d-2023-minibagger-neue-maschine-neue-ausruestung\\\/?lang=de\",\"url\":\"https:\\\/\\\/sagrinex.com\\\/produit\\\/case-cx19d-2023-minibagger-neue-maschine-neue-ausruestung\\\/?lang=de\",\"name\":\"Case CX19D 2023 Minibagger Neue Maschine \\\/ Neue Ausr\u00fcstung - Sagrinex \u2013 Anhaenger, Container &amp; Landtechnik \ud83c\udf3e\ud83d\ude9c\",\"isPartOf\":{\"@id\":\"https:\\\/\\\/sagrinex.com\\\/#website\"},\"primaryImageOfPage\":{\"@id\":\"https:\\\/\\\/sagrinex.com\\\/produit\\\/case-cx19d-2023-minibagger-neue-maschine-neue-ausruestung\\\/?lang=de#primaryimage\"},\"image\":{\"@id\":\"https:\\\/\\\/sagrinex.com\\\/produit\\\/case-cx19d-2023-minibagger-neue-maschine-neue-ausruestung\\\/?lang=de#primaryimage\"},\"thumbnailUrl\":\"https:\\\/\\\/sagrinex.com\\\/wp-content\\\/uploads\\\/2026\\\/03\\\/Image-95.jpeg\",\"datePublished\":\"2026-04-15T10:00:14+00:00\",\"breadcrumb\":{\"@id\":\"https:\\\/\\\/sagrinex.com\\\/produit\\\/case-cx19d-2023-minibagger-neue-maschine-neue-ausruestung\\\/?lang=de#breadcrumb\"},\"inLanguage\":\"de\",\"potentialAction\":[{\"@type\":\"ReadAction\",\"target\":[\"https:\\\/\\\/sagrinex.com\\\/produit\\\/case-cx19d-2023-minibagger-neue-maschine-neue-ausruestung\\\/?lang=de\"]}]},{\"@type\":\"ImageObject\",\"inLanguage\":\"de\",\"@id\":\"https:\\\/\\\/sagrinex.com\\\/produit\\\/case-cx19d-2023-minibagger-neue-maschine-neue-ausruestung\\\/?lang=de#primaryimage\",\"url\":\"https:\\\/\\\/sagrinex.com\\\/wp-content\\\/uploads\\\/2026\\\/03\\\/Image-95.jpeg\",\"contentUrl\":\"https:\\\/\\\/sagrinex.com\\\/wp-content\\\/uploads\\\/2026\\\/03\\\/Image-95.jpeg\",\"width\":1000,\"height\":750},{\"@type\":\"BreadcrumbList\",\"@id\":\"https:\\\/\\\/sagrinex.com\\\/produit\\\/case-cx19d-2023-minibagger-neue-maschine-neue-ausruestung\\\/?lang=de#breadcrumb\",\"itemListElement\":[{\"@type\":\"ListItem\",\"position\":1,\"name\":\"Accueil\",\"item\":\"https:\\\/\\\/sagrinex.com\\\/?lang=de\"},{\"@type\":\"ListItem\",\"position\":2,\"name\":\"Shop\",\"item\":\"https:\\\/\\\/sagrinex.com\\\/shop\\\/\"},{\"@type\":\"ListItem\",\"position\":3,\"name\":\"Case CX19D 2023 Minibagger Neue Maschine \\\/ Neue Ausr\u00fcstung\"}]},{\"@type\":\"WebSite\",\"@id\":\"https:\\\/\\\/sagrinex.com\\\/#website\",\"url\":\"https:\\\/\\\/sagrinex.com\\\/\",\"name\":\"Sagrinex \u2013 Spezialist f\u00fcr Anh\u00e4nger, Container & Landtechnik\",\"description\":\"Anhaenger, Container &amp; Landtechnik \u2014 Online-Verkauf &amp; kostenloses Angebot\",\"publisher\":{\"@id\":\"https:\\\/\\\/sagrinex.com\\\/#organization\"},\"potentialAction\":[{\"@type\":\"SearchAction\",\"target\":{\"@type\":\"EntryPoint\",\"urlTemplate\":\"https:\\\/\\\/sagrinex.com\\\/?s={search_term_string}\"},\"query-input\":{\"@type\":\"PropertyValueSpecification\",\"valueRequired\":true,\"valueName\":\"search_term_string\"}}],\"inLanguage\":\"de\"},{\"@type\":\"Organization\",\"@id\":\"https:\\\/\\\/sagrinex.com\\\/#organization\",\"name\":\"Sagrinex \u2013 Remorques, Conteneurs & Mat\u00e9riel Agricole\",\"url\":\"https:\\\/\\\/sagrinex.com\\\/\",\"logo\":{\"@type\":\"ImageObject\",\"inLanguage\":\"de\",\"@id\":\"https:\\\/\\\/sagrinex.com\\\/#\\\/schema\\\/logo\\\/image\\\/\",\"url\":\"https:\\\/\\\/sagrinex.com\\\/wp-content\\\/uploads\\\/2026\\\/03\\\/7f1ac463-ef5a-425d-bdd6-a5da03a334a9-1024x683.png\",\"contentUrl\":\"https:\\\/\\\/sagrinex.com\\\/wp-content\\\/uploads\\\/2026\\\/03\\\/7f1ac463-ef5a-425d-bdd6-a5da03a334a9-1024x683.png\",\"width\":1024,\"height\":683,\"caption\":\"Sagrinex \u2013 Remorques, Conteneurs & Mat\u00e9riel Agricole\"},\"image\":{\"@id\":\"https:\\\/\\\/sagrinex.com\\\/#\\\/schema\\\/logo\\\/image\\\/\"}}]}<\/script>\n<!-- \/ Yoast SEO plugin. -->","yoast_head_json":{"title":"Case CX19D 2023 Minibagger Neue Maschine \/ Neue Ausr\u00fcstung - Sagrinex \u2013 Anhaenger, Container &amp; Landtechnik \ud83c\udf3e\ud83d\ude9c","robots":{"index":"index","follow":"follow","max-snippet":"max-snippet:-1","max-image-preview":"max-image-preview:large","max-video-preview":"max-video-preview:-1"},"canonical":"https:\/\/sagrinex.com\/produit\/case-cx19d-2023-minibagger-neue-maschine-neue-ausruestung\/?lang=de","og_locale":"de_DE","og_type":"article","og_title":"Case CX19D 2023 Minibagger Neue Maschine \/ Neue Ausr\u00fcstung - Sagrinex \u2013 Anhaenger, Container &amp; Landtechnik \ud83c\udf3e\ud83d\ude9c","og_description":"Der Case CX19D aus dem Jahr 2023 ist ein 1,9 Tonnen schwerer, kompakter Minibagger im Neuzustand mit der Seriennummer SMP1C123TZLF01004, der f\u00fcr Erdbewegungs-, Graben- und Landschaftsbauarbeiten vorgesehen ist. Diese neue, 3 Jahre alte Maschine, die auf zuverl\u00e4ssige und optimale Leistung ausgelegt ist, richtet sich an Bauunternehmen, die Erd- und Grabenarbeiten durchf\u00fchren und moderne, leistungsstarke und zuverl\u00e4ssige Ger\u00e4te ben\u00f6tigen, an Landschaftsbauunternehmen, die Gr\u00fcnfl\u00e4chen erschlie\u00dfen und Anforderungen an optimale Leistung und Benutzerfreundlichkeit stellen, an Netzwerkunternehmen f\u00fcr die Verlegung von Rohren in st\u00e4dtischen Gebieten mit hoher Produktivit\u00e4t sowie an anspruchsvolle Profis, die einen kompakten, robusten und einfach zu bedienenden Minibagger suchen, der den anspruchsvollsten Anforderungen gerecht wird. Das CX19D-Modell im Neuzustand garantiert optimale zuverl\u00e4ssige Leistung bei Kompaktheit, Robustheit und Benutzerfreundlichkeit f\u00fcr den intensiven professionellen Betrieb.","og_url":"https:\/\/sagrinex.com\/produit\/case-cx19d-2023-minibagger-neue-maschine-neue-ausruestung\/?lang=de","og_site_name":"Sagrinex \u2013 Anhaenger, Container &amp; Landtechnik \ud83c\udf3e\ud83d\ude9c","twitter_card":"summary_large_image","schema":{"@context":"https:\/\/schema.org","@graph":[{"@type":"WebPage","@id":"https:\/\/sagrinex.com\/produit\/case-cx19d-2023-minibagger-neue-maschine-neue-ausruestung\/?lang=de","url":"https:\/\/sagrinex.com\/produit\/case-cx19d-2023-minibagger-neue-maschine-neue-ausruestung\/?lang=de","name":"Case CX19D 2023 Minibagger Neue Maschine \/ Neue Ausr\u00fcstung - Sagrinex \u2013 Anhaenger, Container &amp; Landtechnik \ud83c\udf3e\ud83d\ude9c","isPartOf":{"@id":"https:\/\/sagrinex.com\/#website"},"primaryImageOfPage":{"@id":"https:\/\/sagrinex.com\/produit\/case-cx19d-2023-minibagger-neue-maschine-neue-ausruestung\/?lang=de#primaryimage"},"image":{"@id":"https:\/\/sagrinex.com\/produit\/case-cx19d-2023-minibagger-neue-maschine-neue-ausruestung\/?lang=de#primaryimage"},"thumbnailUrl":"https:\/\/sagrinex.com\/wp-content\/uploads\/2026\/03\/Image-95.jpeg","datePublished":"2026-04-15T10:00:14+00:00","breadcrumb":{"@id":"https:\/\/sagrinex.com\/produit\/case-cx19d-2023-minibagger-neue-maschine-neue-ausruestung\/?lang=de#breadcrumb"},"inLanguage":"de","potentialAction":[{"@type":"ReadAction","target":["https:\/\/sagrinex.com\/produit\/case-cx19d-2023-minibagger-neue-maschine-neue-ausruestung\/?lang=de"]}]},{"@type":"ImageObject","inLanguage":"de","@id":"https:\/\/sagrinex.com\/produit\/case-cx19d-2023-minibagger-neue-maschine-neue-ausruestung\/?lang=de#primaryimage","url":"https:\/\/sagrinex.com\/wp-content\/uploads\/2026\/03\/Image-95.jpeg","contentUrl":"https:\/\/sagrinex.com\/wp-content\/uploads\/2026\/03\/Image-95.jpeg","width":1000,"height":750},{"@type":"BreadcrumbList","@id":"https:\/\/sagrinex.com\/produit\/case-cx19d-2023-minibagger-neue-maschine-neue-ausruestung\/?lang=de#breadcrumb","itemListElement":[{"@type":"ListItem","position":1,"name":"Accueil","item":"https:\/\/sagrinex.com\/?lang=de"},{"@type":"ListItem","position":2,"name":"Shop","item":"https:\/\/sagrinex.com\/shop\/"},{"@type":"ListItem","position":3,"name":"Case CX19D 2023 Minibagger Neue Maschine \/ Neue Ausr\u00fcstung"}]},{"@type":"WebSite","@id":"https:\/\/sagrinex.com\/#website","url":"https:\/\/sagrinex.com\/","name":"Sagrinex \u2013 Spezialist f\u00fcr Anh\u00e4nger, Container & Landtechnik","description":"Anhaenger, Container &amp; Landtechnik \u2014 Online-Verkauf &amp; kostenloses Angebot","publisher":{"@id":"https:\/\/sagrinex.com\/#organization"},"potentialAction":[{"@type":"SearchAction","target":{"@type":"EntryPoint","urlTemplate":"https:\/\/sagrinex.com\/?s={search_term_string}"},"query-input":{"@type":"PropertyValueSpecification","valueRequired":true,"valueName":"search_term_string"}}],"inLanguage":"de"},{"@type":"Organization","@id":"https:\/\/sagrinex.com\/#organization","name":"Sagrinex \u2013 Remorques, Conteneurs & Mat\u00e9riel Agricole","url":"https:\/\/sagrinex.com\/","logo":{"@type":"ImageObject","inLanguage":"de","@id":"https:\/\/sagrinex.com\/#\/schema\/logo\/image\/","url":"https:\/\/sagrinex.com\/wp-content\/uploads\/2026\/03\/7f1ac463-ef5a-425d-bdd6-a5da03a334a9-1024x683.png","contentUrl":"https:\/\/sagrinex.com\/wp-content\/uploads\/2026\/03\/7f1ac463-ef5a-425d-bdd6-a5da03a334a9-1024x683.png","width":1024,"height":683,"caption":"Sagrinex \u2013 Remorques, Conteneurs & Mat\u00e9riel Agricole"},"image":{"@id":"https:\/\/sagrinex.com\/#\/schema\/logo\/image\/"}}]}},"jetpack_sharing_enabled":true,"_links":{"self":[{"href":"https:\/\/sagrinex.com\/de\/wp-json\/wp\/v2\/product\/17235","targetHints":{"allow":["GET"]}}],"collection":[{"href":"https:\/\/sagrinex.com\/de\/wp-json\/wp\/v2\/product"}],"about":[{"href":"https:\/\/sagrinex.com\/de\/wp-json\/wp\/v2\/types\/product"}],"replies":[{"embeddable":true,"href":"https:\/\/sagrinex.com\/de\/wp-json\/wp\/v2\/comments?post=17235"}],"version-history":[{"count":0,"href":"https:\/\/sagrinex.com\/de\/wp-json\/wp\/v2\/product\/17235\/revisions"}],"wp:featuredmedia":[{"embeddable":true,"href":"https:\/\/sagrinex.com\/de\/wp-json\/wp\/v2\/media\/5579"}],"wp:attachment":[{"href":"https:\/\/sagrinex.com\/de\/wp-json\/wp\/v2\/media?parent=17235"}],"wp:term":[{"taxonomy":"product_brand","embeddable":true,"href":"https:\/\/sagrinex.com\/de\/wp-json\/wp\/v2\/product_brand?post=17235"},{"taxonomy":"product_cat","embeddable":true,"href":"https:\/\/sagrinex.com\/de\/wp-json\/wp\/v2\/product_cat?post=17235"},{"taxonomy":"product_tag","embeddable":true,"href":"https:\/\/sagrinex.com\/de\/wp-json\/wp\/v2\/product_tag?post=17235"}],"curies":[{"name":"wp","href":"https:\/\/api.w.org\/{rel}","templated":true}]}}