{"id":17236,"date":"2026-04-15T10:01:51","date_gmt":"2026-04-15T10:01:51","guid":{"rendered":"https:\/\/sagrinex.com\/produit\/case-cx39b-s2-minibagger-2014-3100-stunden-3-schaufeln-greifer-gebraucht\/"},"modified":"2026-04-15T10:01:51","modified_gmt":"2026-04-15T10:01:51","slug":"case-cx39b-s2-minibagger-2014-3100-stunden-3-schaufeln-greifer-gebraucht","status":"publish","type":"product","link":"https:\/\/sagrinex.com\/de\/produit\/case-cx39b-s2-minibagger-2014-3100-stunden-3-schaufeln-greifer-gebraucht\/","title":{"rendered":"Case CX39B S2 Minibagger 2014 3100 Stunden + 3 Schaufeln + Greifer \u2013 Gebraucht"},"content":{"rendered":"<ul>\n<li><strong>Marke :<\/strong> Kasten<\/li>\n<li><strong>Modell :<\/strong> CX39B S2<\/li>\n<li><strong>Jahr :<\/strong> 2014<\/li>\n<li><strong>Nutzungszeiten:<\/strong> 3100 Stunden<\/li>\n<li><strong>Betriebsgewicht:<\/strong> 3900 kg oder 3,9 Tonnen<\/li>\n<li><strong>Motor :<\/strong> Yanmar 3TNV88PYB<\/li>\n<li><strong>Motorleistung:<\/strong> 22 kW oder 30 PS<\/li>\n<li><strong>Hubraum:<\/strong> 1,65 L oder 1650 cm\u00b3<\/li>\n<li><strong>Maximales Drehmoment:<\/strong> Bei 2400 U\/min<\/li>\n<li><strong>Verbrauch :<\/strong> Sparsam f\u00fcr lange Sitzungen<\/li>\n<li><strong>Transportl\u00e4nge:<\/strong> 4,71 m<\/li>\n<li><strong>Transportbreite:<\/strong> 1,7m<\/li>\n<li><strong>Transporth\u00f6he:<\/strong> 2,57 m<\/li>\n<li><strong>Spurweite:<\/strong> 300 mm Gummi<\/li>\n<li><strong>Maximale Reichweite:<\/strong> 5,5m<\/li>\n<li><strong>Baggertiefe:<\/strong> 3,35 m<\/li>\n<li><strong>Auszugskraft:<\/strong> 27,4 kN<\/li>\n<li><strong>Eimerkapazit\u00e4t:<\/strong> 0,165 m\u00b3<\/li>\n<li><strong>Im Lieferumfang enthaltene Eimer:<\/strong> 3 Eimer f\u00fcr diverse Erdarbeiten und Reinigungsarbeiten<\/li>\n<li><strong>Greifer:<\/strong> Greifer f\u00fcr Materialtransport und Abbruch<\/li>\n<li><strong>Schnellwechsler:<\/strong> Schnellwechsler, schneller und einfacher Werkzeugwechsel<\/li>\n<li><strong>Kabinensicherheit:<\/strong> KB-konformer optimaler Bedienerschutz<\/li>\n<li><strong>Zustand :<\/strong> Hervorragender Allgemeinzustand, komplett \u00fcberholt, ohne Achsspiel oder Turm<\/li>\n<\/ul>\n","protected":false},"excerpt":{"rendered":"<p>Der Case CX39B S2 aus dem Jahr 2014 ist ein 3,9 Tonnen schwerer Mini-Raupenbagger mit 3100 Betriebsstunden in ausgezeichnetem Allgemeinzustand, komplett \u00fcberholt, vorgesehen f\u00fcr Erdbewegungs-, Stra\u00dfentransport-, Abbruch- und Landschaftsbauarbeiten. Diese 12 Jahre alte Gebrauchtmaschine ohne Spiel in den Achsen oder im Turm ist sofort einsatzbereit und richtet sich an Bauunternehmer, die mittelgro\u00dfe Erdarbeiten und Gr\u00e4ben ausf\u00fchren, bei denen Robustheit und Zuverl\u00e4ssigkeit gefragt sind, an VRD-Unternehmen f\u00fcr die Verlegung von erdverlegten Netzen und Stra\u00dfeninfrastrukturen, an Abbruchprofis, die R\u00fcckbauten mit Greifern und Schaufeln durchf\u00fchren, an Landschaftsg\u00e4rtner, die Gr\u00fcnanlagen erschlie\u00dfen, die maximale Vielseitigkeit erfordern, sowie an Vermietungsunternehmen, die robuste Minibagger anbieten. zuverl\u00e4ssig, effizient und sofort einsatzbereit. Das CX39B S2-Modell mit 22 kW Yanmar 3TNV88PYB-Motor, 1,65 Litern maximalem Drehmoment bei 2400 U\/min, sparsamem Verbrauch, maximaler Reichweite von 5,5 m, Baggertiefe von 3,35 m, Ausbrechkraft von 27,4 kN, geliefert mit 3 Schaufeln f\u00fcr abwechslungsreiche Arbeiten, Greifer f\u00fcr Materialhandhabung und Abbruch, Schnellwechsler f\u00fcr einfachen Werkzeugwechsel und schneller und sicherer KB-konformer Kabine bietet ein Maximum Vielseitigkeit, Zuverl\u00e4ssigkeit und Leistung.<\/p>\n","protected":false},"featured_media":5589,"comment_status":"open","ping_status":"closed","template":"","meta":[],"product_brand":[],"product_cat":[322,343],"product_tag":[],"class_list":{"0":"post-17236","1":"product","2":"type-product","3":"status-publish","4":"has-post-thumbnail","6":"product_cat-landwirtschaftliche-geraete-und-zubehoer","7":"product_cat-minibagger","9":"first","10":"instock","11":"shipping-taxable","12":"purchasable","13":"product-type-simple"},"yoast_head":"<!-- This site is optimized with the Yoast SEO plugin v27.5 - https:\/\/yoast.com\/product\/yoast-seo-wordpress\/ -->\n<title>Case CX39B S2 Minibagger 2014 3100 Stunden + 3 Schaufeln + Greifer \u2013 Gebraucht - Sagrinex \u2013 Anhaenger, Container &amp; Landtechnik \ud83c\udf3e\ud83d\ude9c<\/title>\n<meta name=\"robots\" content=\"index, follow, max-snippet:-1, max-image-preview:large, max-video-preview:-1\" \/>\n<link rel=\"canonical\" href=\"https:\/\/sagrinex.com\/produit\/case-cx39b-s2-minibagger-2014-3100-stunden-3-schaufeln-greifer-gebraucht\/?lang=de\" \/>\n<meta property=\"og:locale\" content=\"de_DE\" \/>\n<meta property=\"og:type\" content=\"article\" \/>\n<meta property=\"og:title\" content=\"Case CX39B S2 Minibagger 2014 3100 Stunden + 3 Schaufeln + Greifer \u2013 Gebraucht - Sagrinex \u2013 Anhaenger, Container &amp; Landtechnik \ud83c\udf3e\ud83d\ude9c\" \/>\n<meta property=\"og:description\" content=\"Der Case CX39B S2 aus dem Jahr 2014 ist ein 3,9 Tonnen schwerer Mini-Raupenbagger mit 3100 Betriebsstunden in ausgezeichnetem Allgemeinzustand, komplett \u00fcberholt, vorgesehen f\u00fcr Erdbewegungs-, Stra\u00dfentransport-, Abbruch- und Landschaftsbauarbeiten. Diese 12 Jahre alte Gebrauchtmaschine ohne Spiel in den Achsen oder im Turm ist sofort einsatzbereit und richtet sich an Bauunternehmer, die mittelgro\u00dfe Erdarbeiten und Gr\u00e4ben ausf\u00fchren, bei denen Robustheit und Zuverl\u00e4ssigkeit gefragt sind, an VRD-Unternehmen f\u00fcr die Verlegung von erdverlegten Netzen und Stra\u00dfeninfrastrukturen, an Abbruchprofis, die R\u00fcckbauten mit Greifern und Schaufeln durchf\u00fchren, an Landschaftsg\u00e4rtner, die Gr\u00fcnanlagen erschlie\u00dfen, die maximale Vielseitigkeit erfordern, sowie an Vermietungsunternehmen, die robuste Minibagger anbieten. zuverl\u00e4ssig, effizient und sofort einsatzbereit. Das CX39B S2-Modell mit 22 kW Yanmar 3TNV88PYB-Motor, 1,65 Litern maximalem Drehmoment bei 2400 U\/min, sparsamem Verbrauch, maximaler Reichweite von 5,5 m, Baggertiefe von 3,35 m, Ausbrechkraft von 27,4 kN, geliefert mit 3 Schaufeln f\u00fcr abwechslungsreiche Arbeiten, Greifer f\u00fcr Materialhandhabung und Abbruch, Schnellwechsler f\u00fcr einfachen Werkzeugwechsel und schneller und sicherer KB-konformer Kabine bietet ein Maximum Vielseitigkeit, Zuverl\u00e4ssigkeit und Leistung.\" \/>\n<meta property=\"og:url\" content=\"https:\/\/sagrinex.com\/produit\/case-cx39b-s2-minibagger-2014-3100-stunden-3-schaufeln-greifer-gebraucht\/?lang=de\" \/>\n<meta property=\"og:site_name\" content=\"Sagrinex \u2013 Anhaenger, Container &amp; Landtechnik \ud83c\udf3e\ud83d\ude9c\" \/>\n<meta name=\"twitter:card\" content=\"summary_large_image\" \/>\n<script type=\"application\/ld+json\" class=\"yoast-schema-graph\">{\"@context\":\"https:\\\/\\\/schema.org\",\"@graph\":[{\"@type\":\"WebPage\",\"@id\":\"https:\\\/\\\/sagrinex.com\\\/produit\\\/case-cx39b-s2-minibagger-2014-3100-stunden-3-schaufeln-greifer-gebraucht\\\/?lang=de\",\"url\":\"https:\\\/\\\/sagrinex.com\\\/produit\\\/case-cx39b-s2-minibagger-2014-3100-stunden-3-schaufeln-greifer-gebraucht\\\/?lang=de\",\"name\":\"Case CX39B S2 Minibagger 2014 3100 Stunden + 3 Schaufeln + Greifer \u2013 Gebraucht - Sagrinex \u2013 Anhaenger, Container &amp; Landtechnik \ud83c\udf3e\ud83d\ude9c\",\"isPartOf\":{\"@id\":\"https:\\\/\\\/sagrinex.com\\\/#website\"},\"primaryImageOfPage\":{\"@id\":\"https:\\\/\\\/sagrinex.com\\\/produit\\\/case-cx39b-s2-minibagger-2014-3100-stunden-3-schaufeln-greifer-gebraucht\\\/?lang=de#primaryimage\"},\"image\":{\"@id\":\"https:\\\/\\\/sagrinex.com\\\/produit\\\/case-cx39b-s2-minibagger-2014-3100-stunden-3-schaufeln-greifer-gebraucht\\\/?lang=de#primaryimage\"},\"thumbnailUrl\":\"https:\\\/\\\/sagrinex.com\\\/wp-content\\\/uploads\\\/2026\\\/03\\\/Image-98.jpeg\",\"datePublished\":\"2026-04-15T10:01:51+00:00\",\"breadcrumb\":{\"@id\":\"https:\\\/\\\/sagrinex.com\\\/produit\\\/case-cx39b-s2-minibagger-2014-3100-stunden-3-schaufeln-greifer-gebraucht\\\/?lang=de#breadcrumb\"},\"inLanguage\":\"de\",\"potentialAction\":[{\"@type\":\"ReadAction\",\"target\":[\"https:\\\/\\\/sagrinex.com\\\/produit\\\/case-cx39b-s2-minibagger-2014-3100-stunden-3-schaufeln-greifer-gebraucht\\\/?lang=de\"]}]},{\"@type\":\"ImageObject\",\"inLanguage\":\"de\",\"@id\":\"https:\\\/\\\/sagrinex.com\\\/produit\\\/case-cx39b-s2-minibagger-2014-3100-stunden-3-schaufeln-greifer-gebraucht\\\/?lang=de#primaryimage\",\"url\":\"https:\\\/\\\/sagrinex.com\\\/wp-content\\\/uploads\\\/2026\\\/03\\\/Image-98.jpeg\",\"contentUrl\":\"https:\\\/\\\/sagrinex.com\\\/wp-content\\\/uploads\\\/2026\\\/03\\\/Image-98.jpeg\",\"width\":640,\"height\":480},{\"@type\":\"BreadcrumbList\",\"@id\":\"https:\\\/\\\/sagrinex.com\\\/produit\\\/case-cx39b-s2-minibagger-2014-3100-stunden-3-schaufeln-greifer-gebraucht\\\/?lang=de#breadcrumb\",\"itemListElement\":[{\"@type\":\"ListItem\",\"position\":1,\"name\":\"Accueil\",\"item\":\"https:\\\/\\\/sagrinex.com\\\/?lang=de\"},{\"@type\":\"ListItem\",\"position\":2,\"name\":\"Shop\",\"item\":\"https:\\\/\\\/sagrinex.com\\\/shop\\\/\"},{\"@type\":\"ListItem\",\"position\":3,\"name\":\"Case CX39B S2 Minibagger 2014 3100 Stunden + 3 Schaufeln + Greifer \u2013 Gebraucht\"}]},{\"@type\":\"WebSite\",\"@id\":\"https:\\\/\\\/sagrinex.com\\\/#website\",\"url\":\"https:\\\/\\\/sagrinex.com\\\/\",\"name\":\"Sagrinex \u2013 Spezialist f\u00fcr Anh\u00e4nger, Container & Landtechnik\",\"description\":\"Anhaenger, Container &amp; Landtechnik \u2014 Online-Verkauf &amp; kostenloses Angebot\",\"publisher\":{\"@id\":\"https:\\\/\\\/sagrinex.com\\\/#organization\"},\"potentialAction\":[{\"@type\":\"SearchAction\",\"target\":{\"@type\":\"EntryPoint\",\"urlTemplate\":\"https:\\\/\\\/sagrinex.com\\\/?s={search_term_string}\"},\"query-input\":{\"@type\":\"PropertyValueSpecification\",\"valueRequired\":true,\"valueName\":\"search_term_string\"}}],\"inLanguage\":\"de\"},{\"@type\":\"Organization\",\"@id\":\"https:\\\/\\\/sagrinex.com\\\/#organization\",\"name\":\"Sagrinex \u2013 Remorques, Conteneurs & Mat\u00e9riel Agricole\",\"url\":\"https:\\\/\\\/sagrinex.com\\\/\",\"logo\":{\"@type\":\"ImageObject\",\"inLanguage\":\"de\",\"@id\":\"https:\\\/\\\/sagrinex.com\\\/#\\\/schema\\\/logo\\\/image\\\/\",\"url\":\"https:\\\/\\\/sagrinex.com\\\/wp-content\\\/uploads\\\/2026\\\/03\\\/7f1ac463-ef5a-425d-bdd6-a5da03a334a9-1024x683.png\",\"contentUrl\":\"https:\\\/\\\/sagrinex.com\\\/wp-content\\\/uploads\\\/2026\\\/03\\\/7f1ac463-ef5a-425d-bdd6-a5da03a334a9-1024x683.png\",\"width\":1024,\"height\":683,\"caption\":\"Sagrinex \u2013 Remorques, Conteneurs & Mat\u00e9riel Agricole\"},\"image\":{\"@id\":\"https:\\\/\\\/sagrinex.com\\\/#\\\/schema\\\/logo\\\/image\\\/\"}}]}<\/script>\n<!-- \/ Yoast SEO plugin. -->","yoast_head_json":{"title":"Case CX39B S2 Minibagger 2014 3100 Stunden + 3 Schaufeln + Greifer \u2013 Gebraucht - Sagrinex \u2013 Anhaenger, Container &amp; Landtechnik \ud83c\udf3e\ud83d\ude9c","robots":{"index":"index","follow":"follow","max-snippet":"max-snippet:-1","max-image-preview":"max-image-preview:large","max-video-preview":"max-video-preview:-1"},"canonical":"https:\/\/sagrinex.com\/produit\/case-cx39b-s2-minibagger-2014-3100-stunden-3-schaufeln-greifer-gebraucht\/?lang=de","og_locale":"de_DE","og_type":"article","og_title":"Case CX39B S2 Minibagger 2014 3100 Stunden + 3 Schaufeln + Greifer \u2013 Gebraucht - Sagrinex \u2013 Anhaenger, Container &amp; Landtechnik \ud83c\udf3e\ud83d\ude9c","og_description":"Der Case CX39B S2 aus dem Jahr 2014 ist ein 3,9 Tonnen schwerer Mini-Raupenbagger mit 3100 Betriebsstunden in ausgezeichnetem Allgemeinzustand, komplett \u00fcberholt, vorgesehen f\u00fcr Erdbewegungs-, Stra\u00dfentransport-, Abbruch- und Landschaftsbauarbeiten. Diese 12 Jahre alte Gebrauchtmaschine ohne Spiel in den Achsen oder im Turm ist sofort einsatzbereit und richtet sich an Bauunternehmer, die mittelgro\u00dfe Erdarbeiten und Gr\u00e4ben ausf\u00fchren, bei denen Robustheit und Zuverl\u00e4ssigkeit gefragt sind, an VRD-Unternehmen f\u00fcr die Verlegung von erdverlegten Netzen und Stra\u00dfeninfrastrukturen, an Abbruchprofis, die R\u00fcckbauten mit Greifern und Schaufeln durchf\u00fchren, an Landschaftsg\u00e4rtner, die Gr\u00fcnanlagen erschlie\u00dfen, die maximale Vielseitigkeit erfordern, sowie an Vermietungsunternehmen, die robuste Minibagger anbieten. zuverl\u00e4ssig, effizient und sofort einsatzbereit. Das CX39B S2-Modell mit 22 kW Yanmar 3TNV88PYB-Motor, 1,65 Litern maximalem Drehmoment bei 2400 U\/min, sparsamem Verbrauch, maximaler Reichweite von 5,5 m, Baggertiefe von 3,35 m, Ausbrechkraft von 27,4 kN, geliefert mit 3 Schaufeln f\u00fcr abwechslungsreiche Arbeiten, Greifer f\u00fcr Materialhandhabung und Abbruch, Schnellwechsler f\u00fcr einfachen Werkzeugwechsel und schneller und sicherer KB-konformer Kabine bietet ein Maximum Vielseitigkeit, Zuverl\u00e4ssigkeit und Leistung.","og_url":"https:\/\/sagrinex.com\/produit\/case-cx39b-s2-minibagger-2014-3100-stunden-3-schaufeln-greifer-gebraucht\/?lang=de","og_site_name":"Sagrinex \u2013 Anhaenger, Container &amp; Landtechnik \ud83c\udf3e\ud83d\ude9c","twitter_card":"summary_large_image","schema":{"@context":"https:\/\/schema.org","@graph":[{"@type":"WebPage","@id":"https:\/\/sagrinex.com\/produit\/case-cx39b-s2-minibagger-2014-3100-stunden-3-schaufeln-greifer-gebraucht\/?lang=de","url":"https:\/\/sagrinex.com\/produit\/case-cx39b-s2-minibagger-2014-3100-stunden-3-schaufeln-greifer-gebraucht\/?lang=de","name":"Case CX39B S2 Minibagger 2014 3100 Stunden + 3 Schaufeln + Greifer \u2013 Gebraucht - Sagrinex \u2013 Anhaenger, Container &amp; Landtechnik \ud83c\udf3e\ud83d\ude9c","isPartOf":{"@id":"https:\/\/sagrinex.com\/#website"},"primaryImageOfPage":{"@id":"https:\/\/sagrinex.com\/produit\/case-cx39b-s2-minibagger-2014-3100-stunden-3-schaufeln-greifer-gebraucht\/?lang=de#primaryimage"},"image":{"@id":"https:\/\/sagrinex.com\/produit\/case-cx39b-s2-minibagger-2014-3100-stunden-3-schaufeln-greifer-gebraucht\/?lang=de#primaryimage"},"thumbnailUrl":"https:\/\/sagrinex.com\/wp-content\/uploads\/2026\/03\/Image-98.jpeg","datePublished":"2026-04-15T10:01:51+00:00","breadcrumb":{"@id":"https:\/\/sagrinex.com\/produit\/case-cx39b-s2-minibagger-2014-3100-stunden-3-schaufeln-greifer-gebraucht\/?lang=de#breadcrumb"},"inLanguage":"de","potentialAction":[{"@type":"ReadAction","target":["https:\/\/sagrinex.com\/produit\/case-cx39b-s2-minibagger-2014-3100-stunden-3-schaufeln-greifer-gebraucht\/?lang=de"]}]},{"@type":"ImageObject","inLanguage":"de","@id":"https:\/\/sagrinex.com\/produit\/case-cx39b-s2-minibagger-2014-3100-stunden-3-schaufeln-greifer-gebraucht\/?lang=de#primaryimage","url":"https:\/\/sagrinex.com\/wp-content\/uploads\/2026\/03\/Image-98.jpeg","contentUrl":"https:\/\/sagrinex.com\/wp-content\/uploads\/2026\/03\/Image-98.jpeg","width":640,"height":480},{"@type":"BreadcrumbList","@id":"https:\/\/sagrinex.com\/produit\/case-cx39b-s2-minibagger-2014-3100-stunden-3-schaufeln-greifer-gebraucht\/?lang=de#breadcrumb","itemListElement":[{"@type":"ListItem","position":1,"name":"Accueil","item":"https:\/\/sagrinex.com\/?lang=de"},{"@type":"ListItem","position":2,"name":"Shop","item":"https:\/\/sagrinex.com\/shop\/"},{"@type":"ListItem","position":3,"name":"Case CX39B S2 Minibagger 2014 3100 Stunden + 3 Schaufeln + Greifer \u2013 Gebraucht"}]},{"@type":"WebSite","@id":"https:\/\/sagrinex.com\/#website","url":"https:\/\/sagrinex.com\/","name":"Sagrinex \u2013 Spezialist f\u00fcr Anh\u00e4nger, Container & Landtechnik","description":"Anhaenger, Container &amp; Landtechnik \u2014 Online-Verkauf &amp; kostenloses Angebot","publisher":{"@id":"https:\/\/sagrinex.com\/#organization"},"potentialAction":[{"@type":"SearchAction","target":{"@type":"EntryPoint","urlTemplate":"https:\/\/sagrinex.com\/?s={search_term_string}"},"query-input":{"@type":"PropertyValueSpecification","valueRequired":true,"valueName":"search_term_string"}}],"inLanguage":"de"},{"@type":"Organization","@id":"https:\/\/sagrinex.com\/#organization","name":"Sagrinex \u2013 Remorques, Conteneurs & Mat\u00e9riel Agricole","url":"https:\/\/sagrinex.com\/","logo":{"@type":"ImageObject","inLanguage":"de","@id":"https:\/\/sagrinex.com\/#\/schema\/logo\/image\/","url":"https:\/\/sagrinex.com\/wp-content\/uploads\/2026\/03\/7f1ac463-ef5a-425d-bdd6-a5da03a334a9-1024x683.png","contentUrl":"https:\/\/sagrinex.com\/wp-content\/uploads\/2026\/03\/7f1ac463-ef5a-425d-bdd6-a5da03a334a9-1024x683.png","width":1024,"height":683,"caption":"Sagrinex \u2013 Remorques, Conteneurs & Mat\u00e9riel Agricole"},"image":{"@id":"https:\/\/sagrinex.com\/#\/schema\/logo\/image\/"}}]}},"jetpack_sharing_enabled":true,"_links":{"self":[{"href":"https:\/\/sagrinex.com\/de\/wp-json\/wp\/v2\/product\/17236","targetHints":{"allow":["GET"]}}],"collection":[{"href":"https:\/\/sagrinex.com\/de\/wp-json\/wp\/v2\/product"}],"about":[{"href":"https:\/\/sagrinex.com\/de\/wp-json\/wp\/v2\/types\/product"}],"replies":[{"embeddable":true,"href":"https:\/\/sagrinex.com\/de\/wp-json\/wp\/v2\/comments?post=17236"}],"version-history":[{"count":0,"href":"https:\/\/sagrinex.com\/de\/wp-json\/wp\/v2\/product\/17236\/revisions"}],"wp:featuredmedia":[{"embeddable":true,"href":"https:\/\/sagrinex.com\/de\/wp-json\/wp\/v2\/media\/5589"}],"wp:attachment":[{"href":"https:\/\/sagrinex.com\/de\/wp-json\/wp\/v2\/media?parent=17236"}],"wp:term":[{"taxonomy":"product_brand","embeddable":true,"href":"https:\/\/sagrinex.com\/de\/wp-json\/wp\/v2\/product_brand?post=17236"},{"taxonomy":"product_cat","embeddable":true,"href":"https:\/\/sagrinex.com\/de\/wp-json\/wp\/v2\/product_cat?post=17236"},{"taxonomy":"product_tag","embeddable":true,"href":"https:\/\/sagrinex.com\/de\/wp-json\/wp\/v2\/product_tag?post=17236"}],"curies":[{"name":"wp","href":"https:\/\/api.w.org\/{rel}","templated":true}]}}