{"id":17237,"date":"2026-04-15T10:03:16","date_gmt":"2026-04-15T10:03:16","guid":{"rendered":"https:\/\/sagrinex.com\/produit\/minibagger-neuson-2202-rdv-1998-3178-stunden-gebraucht\/"},"modified":"2026-04-15T21:12:23","modified_gmt":"2026-04-15T21:12:23","slug":"minibagger-neuson-2202-rdv-1998-3178-stunden-gebraucht","status":"publish","type":"product","link":"https:\/\/sagrinex.com\/de\/produit\/minibagger-neuson-2202-rdv-1998-3178-stunden-gebraucht\/","title":{"rendered":"Minibagger Neuson 2202 Rdv 1998 3178 Stunden \u2013 Gebraucht"},"content":{"rendered":"<ul>\n<li><strong>Marke:<\/strong> Neuson<\/li>\n<li><strong>Modell:<\/strong> 2202 Termin<\/li>\n<li><strong>Jahr:<\/strong> 1998<\/li>\n<li><strong>Betriebszeiten:<\/strong> 3178 Stunden<\/li>\n<li><strong>Betriebsgewicht:<\/strong> 2050 kg<\/li>\n<li><strong>Transportma\u00dfe:<\/strong> L\u00e4nge 3900 mm \u00d7 Breite 980 mm \u00d7 H\u00f6he 2350 mm<\/li>\n<li><strong>Motor:<\/strong> Yanmar 3TNE74NSR 3-Zylinder-Diesel mit wassergek\u00fchlter indirekter Einspritzung<\/li>\n<li><strong>Leistung:<\/strong> 14 kW \/ 19 PS bei 2300 U\/min<\/li>\n<li><strong>Verschiebung:<\/strong> 1131 cm\u00b3 (74 mm Bohrung \u00d7 87 mm Hub)<\/li>\n<li><strong>Hydrauliksystem:<\/strong> Str\u00f6mungspumpen Hauptkreise Hilfsdruck 200 bar<\/li>\n<li><strong>Grabkraft:<\/strong> Gesch\u00e4tzte 18-20 kN 2-Tonnen-Kategorie<\/li>\n<li><strong>Standard-Eimerkapazit\u00e4t:<\/strong> 0,052 m\u00b3 (Breite 500 mm mit Z\u00e4hnen)<\/li>\n<li><strong>Rotationsradius:<\/strong> Herk\u00f6mmlicher reduzierter hinterer \u00dcberhang<\/li>\n<li><strong>Gummiketten:<\/strong> Breite 230 mm<\/li>\n<li><strong>Planierschild:<\/strong> Breite 980 mm variabel<\/li>\n<li><strong>Maximale Reichweite:<\/strong> Gesch\u00e4tzte Kategorie 4000-4200 mm<\/li>\n<li><strong>Maximale Aushubtiefe:<\/strong> Gesch\u00e4tzte Kategorie 2500-2700 mm<\/li>\n<li><strong>\u00dcbersetzungsgeschwindigkeit:<\/strong> Langsam 2,0 km\/h \/ Schnell 3,5 km\/h ca.<\/li>\n<li><strong>Fassungsverm\u00f6gen des Kraftstofftanks:<\/strong> Etwa 25 Liter<\/li>\n<li><strong>Fassungsverm\u00f6gen des Hydrauliktanks:<\/strong> Etwa 20 Liter<\/li>\n<\/ul>\n","protected":false},"excerpt":{"rendered":"<p>Der Neuson 2202 RDV Baujahr 1998 ist ein robuster, kompakter Minibagger der Kategorie 2 Tonnen, der f\u00fcr Erdarbeiten, Aushubarbeiten, bei denen Pr\u00e4zision, Effizienz, eingeschr\u00e4nkte Platzverh\u00e4ltnisse und st\u00e4dtische Baustellen erforderlich sind, konzipiert ist. Mit 3178 Betriebsstunden, m\u00e4\u00dfig professionellem Betrieb, befindet sich diese komplett \u00fcberholte Maschine in einem guten Allgemeinzustand ohne Achsspiel oder \u00d6llecks, was sofortige Betriebszuverl\u00e4ssigkeit und sicheren Betrieb garantiert. Professionelle Konfiguration mit 230-mm-Gummiketten in ausgezeichnetem Zustand, mechanischem Schnellwechsler und drei austauschbaren L\u00f6ffeln unterschiedlicher Gr\u00f6\u00dfe, die maximale Vielseitigkeit f\u00fcr verschiedene Anwendungen ohne zus\u00e4tzliche Investitionen gew\u00e4hrleisten. Ultrakompaktes Format, Transportbreite 980 mm, Einsatzgewicht 2,05 Tonnen, erm\u00f6glicht leichte Anh\u00e4ngerfahrt. VL erm\u00f6glicht den Zugang zu engen Passagen, Innenh\u00f6fen, Gassen, schwer zug\u00e4nglichen Bereichen, Standardmaschinen. Yanmar 3TNE74-Dieselmotor, 3 Zylinder, indirekte Einspritzung, 19 PS-Hydrauliksystem, Str\u00f6mungspumpen sorgen f\u00fcr zuverl\u00e4ssige Leistung, kontrollierter Verbrauch, nachgewiesene Haltbarkeit, Tausende von Stunden intensiver professioneller Betrieb in der Landwirtschaft und im Landschaftsbau.<\/p>\n","protected":false},"featured_media":5599,"comment_status":"open","ping_status":"closed","template":"","meta":[],"product_brand":[],"product_cat":[322,343],"product_tag":[],"class_list":{"0":"post-17237","1":"product","2":"type-product","3":"status-publish","4":"has-post-thumbnail","6":"product_cat-landwirtschaftliche-geraete-und-zubehoer","7":"product_cat-minibagger","9":"first","10":"instock","11":"shipping-taxable","12":"purchasable","13":"product-type-simple"},"yoast_head":"<!-- This site is optimized with the Yoast SEO plugin v27.5 - https:\/\/yoast.com\/product\/yoast-seo-wordpress\/ -->\n<title>Minibagger Neuson 2202 Rdv 1998 3178 Stunden \u2013 Gebraucht - Sagrinex \u2013 Anhaenger, Container &amp; Landtechnik \ud83c\udf3e\ud83d\ude9c<\/title>\n<meta name=\"robots\" content=\"index, follow, max-snippet:-1, max-image-preview:large, max-video-preview:-1\" \/>\n<link rel=\"canonical\" href=\"https:\/\/sagrinex.com\/produit\/minibagger-neuson-2202-rdv-1998-3178-stunden-gebraucht\/?lang=de\" \/>\n<meta property=\"og:locale\" content=\"de_DE\" \/>\n<meta property=\"og:type\" content=\"article\" \/>\n<meta property=\"og:title\" content=\"Minibagger Neuson 2202 Rdv 1998 3178 Stunden \u2013 Gebraucht - Sagrinex \u2013 Anhaenger, Container &amp; Landtechnik \ud83c\udf3e\ud83d\ude9c\" \/>\n<meta property=\"og:description\" content=\"Der Neuson 2202 RDV Baujahr 1998 ist ein robuster, kompakter Minibagger der Kategorie 2 Tonnen, der f\u00fcr Erdarbeiten, Aushubarbeiten, bei denen Pr\u00e4zision, Effizienz, eingeschr\u00e4nkte Platzverh\u00e4ltnisse und st\u00e4dtische Baustellen erforderlich sind, konzipiert ist. Mit 3178 Betriebsstunden, m\u00e4\u00dfig professionellem Betrieb, befindet sich diese komplett \u00fcberholte Maschine in einem guten Allgemeinzustand ohne Achsspiel oder \u00d6llecks, was sofortige Betriebszuverl\u00e4ssigkeit und sicheren Betrieb garantiert. Professionelle Konfiguration mit 230-mm-Gummiketten in ausgezeichnetem Zustand, mechanischem Schnellwechsler und drei austauschbaren L\u00f6ffeln unterschiedlicher Gr\u00f6\u00dfe, die maximale Vielseitigkeit f\u00fcr verschiedene Anwendungen ohne zus\u00e4tzliche Investitionen gew\u00e4hrleisten. Ultrakompaktes Format, Transportbreite 980 mm, Einsatzgewicht 2,05 Tonnen, erm\u00f6glicht leichte Anh\u00e4ngerfahrt. VL erm\u00f6glicht den Zugang zu engen Passagen, Innenh\u00f6fen, Gassen, schwer zug\u00e4nglichen Bereichen, Standardmaschinen. Yanmar 3TNE74-Dieselmotor, 3 Zylinder, indirekte Einspritzung, 19 PS-Hydrauliksystem, Str\u00f6mungspumpen sorgen f\u00fcr zuverl\u00e4ssige Leistung, kontrollierter Verbrauch, nachgewiesene Haltbarkeit, Tausende von Stunden intensiver professioneller Betrieb in der Landwirtschaft und im Landschaftsbau.\" \/>\n<meta property=\"og:url\" content=\"https:\/\/sagrinex.com\/produit\/minibagger-neuson-2202-rdv-1998-3178-stunden-gebraucht\/?lang=de\" \/>\n<meta property=\"og:site_name\" content=\"Sagrinex \u2013 Anhaenger, Container &amp; Landtechnik \ud83c\udf3e\ud83d\ude9c\" \/>\n<meta property=\"article:modified_time\" content=\"2026-04-15T21:12:23+00:00\" \/>\n<meta property=\"og:image\" content=\"https:\/\/sagrinex.com\/wp-content\/uploads\/2026\/03\/Image-101.jpeg\" \/>\n\t<meta property=\"og:image:width\" content=\"1000\" \/>\n\t<meta property=\"og:image:height\" content=\"750\" \/>\n\t<meta property=\"og:image:type\" content=\"image\/jpeg\" \/>\n<meta name=\"twitter:card\" content=\"summary_large_image\" \/>\n<meta name=\"twitter:label1\" content=\"Gesch\u00e4tzte Lesezeit\" \/>\n\t<meta name=\"twitter:data1\" content=\"1\u00a0Minute\" \/>\n<script type=\"application\/ld+json\" class=\"yoast-schema-graph\">{\"@context\":\"https:\\\/\\\/schema.org\",\"@graph\":[{\"@type\":\"WebPage\",\"@id\":\"https:\\\/\\\/sagrinex.com\\\/produit\\\/minibagger-neuson-2202-rdv-1998-3178-stunden-gebraucht\\\/?lang=de\",\"url\":\"https:\\\/\\\/sagrinex.com\\\/produit\\\/minibagger-neuson-2202-rdv-1998-3178-stunden-gebraucht\\\/?lang=de\",\"name\":\"Minibagger Neuson 2202 Rdv 1998 3178 Stunden \u2013 Gebraucht - Sagrinex \u2013 Anhaenger, Container &amp; Landtechnik \ud83c\udf3e\ud83d\ude9c\",\"isPartOf\":{\"@id\":\"https:\\\/\\\/sagrinex.com\\\/#website\"},\"primaryImageOfPage\":{\"@id\":\"https:\\\/\\\/sagrinex.com\\\/produit\\\/minibagger-neuson-2202-rdv-1998-3178-stunden-gebraucht\\\/?lang=de#primaryimage\"},\"image\":{\"@id\":\"https:\\\/\\\/sagrinex.com\\\/produit\\\/minibagger-neuson-2202-rdv-1998-3178-stunden-gebraucht\\\/?lang=de#primaryimage\"},\"thumbnailUrl\":\"https:\\\/\\\/sagrinex.com\\\/wp-content\\\/uploads\\\/2026\\\/03\\\/Image-101.jpeg\",\"datePublished\":\"2026-04-15T10:03:16+00:00\",\"dateModified\":\"2026-04-15T21:12:23+00:00\",\"breadcrumb\":{\"@id\":\"https:\\\/\\\/sagrinex.com\\\/produit\\\/minibagger-neuson-2202-rdv-1998-3178-stunden-gebraucht\\\/?lang=de#breadcrumb\"},\"inLanguage\":\"de\",\"potentialAction\":[{\"@type\":\"ReadAction\",\"target\":[\"https:\\\/\\\/sagrinex.com\\\/produit\\\/minibagger-neuson-2202-rdv-1998-3178-stunden-gebraucht\\\/?lang=de\"]}]},{\"@type\":\"ImageObject\",\"inLanguage\":\"de\",\"@id\":\"https:\\\/\\\/sagrinex.com\\\/produit\\\/minibagger-neuson-2202-rdv-1998-3178-stunden-gebraucht\\\/?lang=de#primaryimage\",\"url\":\"https:\\\/\\\/sagrinex.com\\\/wp-content\\\/uploads\\\/2026\\\/03\\\/Image-101.jpeg\",\"contentUrl\":\"https:\\\/\\\/sagrinex.com\\\/wp-content\\\/uploads\\\/2026\\\/03\\\/Image-101.jpeg\",\"width\":1000,\"height\":750},{\"@type\":\"BreadcrumbList\",\"@id\":\"https:\\\/\\\/sagrinex.com\\\/produit\\\/minibagger-neuson-2202-rdv-1998-3178-stunden-gebraucht\\\/?lang=de#breadcrumb\",\"itemListElement\":[{\"@type\":\"ListItem\",\"position\":1,\"name\":\"Accueil\",\"item\":\"https:\\\/\\\/sagrinex.com\\\/?lang=de\"},{\"@type\":\"ListItem\",\"position\":2,\"name\":\"Shop\",\"item\":\"https:\\\/\\\/sagrinex.com\\\/shop\\\/\"},{\"@type\":\"ListItem\",\"position\":3,\"name\":\"Minibagger Neuson 2202 Rdv 1998 3178 Stunden \u2013 Gebraucht\"}]},{\"@type\":\"WebSite\",\"@id\":\"https:\\\/\\\/sagrinex.com\\\/#website\",\"url\":\"https:\\\/\\\/sagrinex.com\\\/\",\"name\":\"Sagrinex \u2013 Spezialist f\u00fcr Anh\u00e4nger, Container & Landtechnik\",\"description\":\"Anhaenger, Container &amp; Landtechnik \u2014 Online-Verkauf &amp; kostenloses Angebot\",\"publisher\":{\"@id\":\"https:\\\/\\\/sagrinex.com\\\/#organization\"},\"potentialAction\":[{\"@type\":\"SearchAction\",\"target\":{\"@type\":\"EntryPoint\",\"urlTemplate\":\"https:\\\/\\\/sagrinex.com\\\/?s={search_term_string}\"},\"query-input\":{\"@type\":\"PropertyValueSpecification\",\"valueRequired\":true,\"valueName\":\"search_term_string\"}}],\"inLanguage\":\"de\"},{\"@type\":\"Organization\",\"@id\":\"https:\\\/\\\/sagrinex.com\\\/#organization\",\"name\":\"Sagrinex \u2013 Remorques, Conteneurs & Mat\u00e9riel Agricole\",\"url\":\"https:\\\/\\\/sagrinex.com\\\/\",\"logo\":{\"@type\":\"ImageObject\",\"inLanguage\":\"de\",\"@id\":\"https:\\\/\\\/sagrinex.com\\\/#\\\/schema\\\/logo\\\/image\\\/\",\"url\":\"https:\\\/\\\/sagrinex.com\\\/wp-content\\\/uploads\\\/2026\\\/03\\\/7f1ac463-ef5a-425d-bdd6-a5da03a334a9-1024x683.png\",\"contentUrl\":\"https:\\\/\\\/sagrinex.com\\\/wp-content\\\/uploads\\\/2026\\\/03\\\/7f1ac463-ef5a-425d-bdd6-a5da03a334a9-1024x683.png\",\"width\":1024,\"height\":683,\"caption\":\"Sagrinex \u2013 Remorques, Conteneurs & Mat\u00e9riel Agricole\"},\"image\":{\"@id\":\"https:\\\/\\\/sagrinex.com\\\/#\\\/schema\\\/logo\\\/image\\\/\"}}]}<\/script>\n<!-- \/ Yoast SEO plugin. -->","yoast_head_json":{"title":"Minibagger Neuson 2202 Rdv 1998 3178 Stunden \u2013 Gebraucht - Sagrinex \u2013 Anhaenger, Container &amp; Landtechnik \ud83c\udf3e\ud83d\ude9c","robots":{"index":"index","follow":"follow","max-snippet":"max-snippet:-1","max-image-preview":"max-image-preview:large","max-video-preview":"max-video-preview:-1"},"canonical":"https:\/\/sagrinex.com\/produit\/minibagger-neuson-2202-rdv-1998-3178-stunden-gebraucht\/?lang=de","og_locale":"de_DE","og_type":"article","og_title":"Minibagger Neuson 2202 Rdv 1998 3178 Stunden \u2013 Gebraucht - Sagrinex \u2013 Anhaenger, Container &amp; Landtechnik \ud83c\udf3e\ud83d\ude9c","og_description":"Der Neuson 2202 RDV Baujahr 1998 ist ein robuster, kompakter Minibagger der Kategorie 2 Tonnen, der f\u00fcr Erdarbeiten, Aushubarbeiten, bei denen Pr\u00e4zision, Effizienz, eingeschr\u00e4nkte Platzverh\u00e4ltnisse und st\u00e4dtische Baustellen erforderlich sind, konzipiert ist. Mit 3178 Betriebsstunden, m\u00e4\u00dfig professionellem Betrieb, befindet sich diese komplett \u00fcberholte Maschine in einem guten Allgemeinzustand ohne Achsspiel oder \u00d6llecks, was sofortige Betriebszuverl\u00e4ssigkeit und sicheren Betrieb garantiert. Professionelle Konfiguration mit 230-mm-Gummiketten in ausgezeichnetem Zustand, mechanischem Schnellwechsler und drei austauschbaren L\u00f6ffeln unterschiedlicher Gr\u00f6\u00dfe, die maximale Vielseitigkeit f\u00fcr verschiedene Anwendungen ohne zus\u00e4tzliche Investitionen gew\u00e4hrleisten. Ultrakompaktes Format, Transportbreite 980 mm, Einsatzgewicht 2,05 Tonnen, erm\u00f6glicht leichte Anh\u00e4ngerfahrt. VL erm\u00f6glicht den Zugang zu engen Passagen, Innenh\u00f6fen, Gassen, schwer zug\u00e4nglichen Bereichen, Standardmaschinen. Yanmar 3TNE74-Dieselmotor, 3 Zylinder, indirekte Einspritzung, 19 PS-Hydrauliksystem, Str\u00f6mungspumpen sorgen f\u00fcr zuverl\u00e4ssige Leistung, kontrollierter Verbrauch, nachgewiesene Haltbarkeit, Tausende von Stunden intensiver professioneller Betrieb in der Landwirtschaft und im Landschaftsbau.","og_url":"https:\/\/sagrinex.com\/produit\/minibagger-neuson-2202-rdv-1998-3178-stunden-gebraucht\/?lang=de","og_site_name":"Sagrinex \u2013 Anhaenger, Container &amp; Landtechnik \ud83c\udf3e\ud83d\ude9c","article_modified_time":"2026-04-15T21:12:23+00:00","og_image":[{"width":1000,"height":750,"url":"https:\/\/sagrinex.com\/wp-content\/uploads\/2026\/03\/Image-101.jpeg","type":"image\/jpeg"}],"twitter_card":"summary_large_image","twitter_misc":{"Gesch\u00e4tzte Lesezeit":"1\u00a0Minute"},"schema":{"@context":"https:\/\/schema.org","@graph":[{"@type":"WebPage","@id":"https:\/\/sagrinex.com\/produit\/minibagger-neuson-2202-rdv-1998-3178-stunden-gebraucht\/?lang=de","url":"https:\/\/sagrinex.com\/produit\/minibagger-neuson-2202-rdv-1998-3178-stunden-gebraucht\/?lang=de","name":"Minibagger Neuson 2202 Rdv 1998 3178 Stunden \u2013 Gebraucht - Sagrinex \u2013 Anhaenger, Container &amp; Landtechnik \ud83c\udf3e\ud83d\ude9c","isPartOf":{"@id":"https:\/\/sagrinex.com\/#website"},"primaryImageOfPage":{"@id":"https:\/\/sagrinex.com\/produit\/minibagger-neuson-2202-rdv-1998-3178-stunden-gebraucht\/?lang=de#primaryimage"},"image":{"@id":"https:\/\/sagrinex.com\/produit\/minibagger-neuson-2202-rdv-1998-3178-stunden-gebraucht\/?lang=de#primaryimage"},"thumbnailUrl":"https:\/\/sagrinex.com\/wp-content\/uploads\/2026\/03\/Image-101.jpeg","datePublished":"2026-04-15T10:03:16+00:00","dateModified":"2026-04-15T21:12:23+00:00","breadcrumb":{"@id":"https:\/\/sagrinex.com\/produit\/minibagger-neuson-2202-rdv-1998-3178-stunden-gebraucht\/?lang=de#breadcrumb"},"inLanguage":"de","potentialAction":[{"@type":"ReadAction","target":["https:\/\/sagrinex.com\/produit\/minibagger-neuson-2202-rdv-1998-3178-stunden-gebraucht\/?lang=de"]}]},{"@type":"ImageObject","inLanguage":"de","@id":"https:\/\/sagrinex.com\/produit\/minibagger-neuson-2202-rdv-1998-3178-stunden-gebraucht\/?lang=de#primaryimage","url":"https:\/\/sagrinex.com\/wp-content\/uploads\/2026\/03\/Image-101.jpeg","contentUrl":"https:\/\/sagrinex.com\/wp-content\/uploads\/2026\/03\/Image-101.jpeg","width":1000,"height":750},{"@type":"BreadcrumbList","@id":"https:\/\/sagrinex.com\/produit\/minibagger-neuson-2202-rdv-1998-3178-stunden-gebraucht\/?lang=de#breadcrumb","itemListElement":[{"@type":"ListItem","position":1,"name":"Accueil","item":"https:\/\/sagrinex.com\/?lang=de"},{"@type":"ListItem","position":2,"name":"Shop","item":"https:\/\/sagrinex.com\/shop\/"},{"@type":"ListItem","position":3,"name":"Minibagger Neuson 2202 Rdv 1998 3178 Stunden \u2013 Gebraucht"}]},{"@type":"WebSite","@id":"https:\/\/sagrinex.com\/#website","url":"https:\/\/sagrinex.com\/","name":"Sagrinex \u2013 Spezialist f\u00fcr Anh\u00e4nger, Container & Landtechnik","description":"Anhaenger, Container &amp; Landtechnik \u2014 Online-Verkauf &amp; kostenloses Angebot","publisher":{"@id":"https:\/\/sagrinex.com\/#organization"},"potentialAction":[{"@type":"SearchAction","target":{"@type":"EntryPoint","urlTemplate":"https:\/\/sagrinex.com\/?s={search_term_string}"},"query-input":{"@type":"PropertyValueSpecification","valueRequired":true,"valueName":"search_term_string"}}],"inLanguage":"de"},{"@type":"Organization","@id":"https:\/\/sagrinex.com\/#organization","name":"Sagrinex \u2013 Remorques, Conteneurs & Mat\u00e9riel Agricole","url":"https:\/\/sagrinex.com\/","logo":{"@type":"ImageObject","inLanguage":"de","@id":"https:\/\/sagrinex.com\/#\/schema\/logo\/image\/","url":"https:\/\/sagrinex.com\/wp-content\/uploads\/2026\/03\/7f1ac463-ef5a-425d-bdd6-a5da03a334a9-1024x683.png","contentUrl":"https:\/\/sagrinex.com\/wp-content\/uploads\/2026\/03\/7f1ac463-ef5a-425d-bdd6-a5da03a334a9-1024x683.png","width":1024,"height":683,"caption":"Sagrinex \u2013 Remorques, Conteneurs & Mat\u00e9riel Agricole"},"image":{"@id":"https:\/\/sagrinex.com\/#\/schema\/logo\/image\/"}}]}},"jetpack_sharing_enabled":true,"_links":{"self":[{"href":"https:\/\/sagrinex.com\/de\/wp-json\/wp\/v2\/product\/17237","targetHints":{"allow":["GET"]}}],"collection":[{"href":"https:\/\/sagrinex.com\/de\/wp-json\/wp\/v2\/product"}],"about":[{"href":"https:\/\/sagrinex.com\/de\/wp-json\/wp\/v2\/types\/product"}],"replies":[{"embeddable":true,"href":"https:\/\/sagrinex.com\/de\/wp-json\/wp\/v2\/comments?post=17237"}],"version-history":[{"count":0,"href":"https:\/\/sagrinex.com\/de\/wp-json\/wp\/v2\/product\/17237\/revisions"}],"wp:featuredmedia":[{"embeddable":true,"href":"https:\/\/sagrinex.com\/de\/wp-json\/wp\/v2\/media\/5599"}],"wp:attachment":[{"href":"https:\/\/sagrinex.com\/de\/wp-json\/wp\/v2\/media?parent=17237"}],"wp:term":[{"taxonomy":"product_brand","embeddable":true,"href":"https:\/\/sagrinex.com\/de\/wp-json\/wp\/v2\/product_brand?post=17237"},{"taxonomy":"product_cat","embeddable":true,"href":"https:\/\/sagrinex.com\/de\/wp-json\/wp\/v2\/product_cat?post=17237"},{"taxonomy":"product_tag","embeddable":true,"href":"https:\/\/sagrinex.com\/de\/wp-json\/wp\/v2\/product_tag?post=17237"}],"curies":[{"name":"wp","href":"https:\/\/api.w.org\/{rel}","templated":true}]}}