{"id":17239,"date":"2026-04-15T10:06:09","date_gmt":"2026-04-15T10:06:09","guid":{"rendered":"https:\/\/sagrinex.com\/produit\/phoenix-400-minibagger-neue-maschine-neue-ausruestung\/"},"modified":"2026-04-15T10:06:09","modified_gmt":"2026-04-15T10:06:09","slug":"phoenix-400-minibagger-neue-maschine-neue-ausruestung","status":"publish","type":"product","link":"https:\/\/sagrinex.com\/de\/produit\/phoenix-400-minibagger-neue-maschine-neue-ausruestung\/","title":{"rendered":"Phoenix 400 Minibagger Neue Maschine \/ Neue Ausr\u00fcstung"},"content":{"rendered":"<table>\n<tbody>\n<tr>\n<td><strong>Ausrei\u00dfkraft<\/strong><\/td>\n<td>1.6 t<\/td>\n<\/tr>\n<tr>\n<td><strong>Bewegungsgeschwindigkeit<\/strong><\/td>\n<td>3 km\/h<\/td>\n<\/tr>\n<tr>\n<td><strong>Rotation<\/strong><\/td>\n<td>360\u00b0<\/td>\n<\/tr>\n<tr>\n<td><strong>Eigengewicht<\/strong><\/td>\n<td>750 kgs<\/td>\n<\/tr>\n<tr>\n<td><strong>Betriebsgewicht<\/strong><\/td>\n<td>850 kgs<\/td>\n<\/tr>\n<tr>\n<td><strong>Maschinenbreite<\/strong><\/td>\n<td>85 cm<\/td>\n<\/tr>\n<tr>\n<td><strong>Maschinenh\u00f6he<\/strong><\/td>\n<td>2,10 m<\/td>\n<\/tr>\n<tr>\n<td><strong>Grabtiefe<\/strong><\/td>\n<td>1.75 m<\/td>\n<\/tr>\n<\/tbody>\n<\/table>\n<details class=\"wc-acc__item\" open=\"open\">\n<details class=\"wc-acc__item\" open=\"open\">\n<div class=\"wc-acc__content\">\n<table>\n<tbody>\n<tr>\n<td><strong>Motormodell<\/strong><\/td>\n<td>Excalibur 15cv<\/td>\n<\/tr>\n<tr>\n<td><strong>Typ<\/strong><\/td>\n<td>Benzinmotor Einzylinder luftgek\u00fchlt<\/td>\n<\/tr>\n<tr>\n<td><strong>Start<\/strong><\/td>\n<td>Elektro und manuell<\/td>\n<\/tr>\n<tr>\n<td><strong>Nennleistung<\/strong><\/td>\n<td>11 kW<\/td>\n<\/tr>\n<tr>\n<td><strong>Hubraum<\/strong><\/td>\n<td>420 cc<\/td>\n<\/tr>\n<tr>\n<td><strong>Benzintankvolumen<\/strong><\/td>\n<td>5.5 Litres<\/td>\n<\/tr>\n<tr>\n<td><strong>Motor\u00f6lvolumen<\/strong><\/td>\n<td>0.95 Litres<\/td>\n<\/tr>\n<tr>\n<td><strong>Verbrauch<\/strong><\/td>\n<td>3.5 L\/h \u2013 3600 rpm (100% Last)<\/td>\n<\/tr>\n<tr>\n<td><strong>Batterie<\/strong><\/td>\n<td>12V\/20A<\/td>\n<\/tr>\n<\/tbody>\n<\/table>\n<\/div>\n<\/details>\n<details class=\"wc-acc__item\" open=\"open\">\n<summary class=\"wc-acc__title\">Hydraulik<\/summary>\n<div class=\"wc-acc__content\">\n<table>\n<tbody>\n<tr>\n<td><strong>Pumpe<\/strong><\/td>\n<td>2 Zahnradpumpen<\/td>\n<\/tr>\n<tr>\n<td><strong>Marke<\/strong><\/td>\n<td>Generisch \u2013 ohne spezifische Marke<\/td>\n<\/tr>\n<tr>\n<td><strong>Pumpenhubraum<\/strong><\/td>\n<td>3.2 + 3.2 cc<\/td>\n<\/tr>\n<tr>\n<td><strong>Betriebsdruck<\/strong><\/td>\n<td>160 bar<\/td>\n<\/tr>\n<tr>\n<td><strong>Hydraulikaggregattankvolumen<\/strong><\/td>\n<td>27Litres<\/td>\n<\/tr>\n<tr>\n<td><strong>Durchfluss<\/strong><\/td>\n<td>8 + 8 L\/min<\/td>\n<\/tr>\n<\/tbody>\n<\/table>\n<\/div>\n<\/details>\n<details class=\"wc-acc__item\" open=\"open\">\n<summary class=\"wc-acc__title\">Option<\/summary>\n<div class=\"wc-acc__content\">\n<table>\n<tbody>\n<tr>\n<td><strong>Zusatzleitung<\/strong><\/td>\n<td>Optional<\/td>\n<\/tr>\n<tr>\n<td><strong>Zubeh\u00f6r<\/strong><\/td>\n<td>Serie: Schaufel 30 cm mit Z\u00e4hnen<\/td>\n<\/tr>\n<tr>\n<td><strong>Armversatz<\/strong><\/td>\n<td>Nein<\/td>\n<\/tr>\n<\/tbody>\n<\/table>\n<\/div>\n<\/details>\n<\/details>\n","protected":false},"excerpt":{"rendered":"<p>Dort <strong>Minibagger Phoenix 400<\/strong> ist eine kompakte und vielseitige Maschine, ideal f\u00fcr die Arbeit <strong>Erdarbeiten<\/strong>, von<strong>Ausgrabung <\/strong>Und<strong>Au\u00dfendesign<\/strong> erfordern Pr\u00e4zision und Man\u00f6vrierf\u00e4higkeit.<\/p>\n<ul class=\"mini-specs\">\n<li><img decoding=\"async\" src=\"https:\/\/img.icons8.com\/glyph-neue\/64\/engine.png\" alt=\"Moteur\" width=\"20\" height=\"20\" \/> Einzylinder 15 PS Excalibur<\/li>\n<li><img decoding=\"async\" src=\"https:\/\/img.icons8.com\/ios-filled\/50\/petrol.png\" alt=\"Carburant\" width=\"20\" height=\"20\" \/> Benzinmotor (95 \u2013 98)<\/li>\n<li><img decoding=\"async\" src=\"https:\/\/img.icons8.com\/ios-filled\/50\/fan-speed--v2.png\" alt=\"Refroidissement\" width=\"20\" height=\"20\" \/> Luftk\u00fchlung<\/li>\n<li><img loading=\"lazy\" decoding=\"async\" src=\"https:\/\/img.icons8.com\/ios-filled\/50\/flex-biceps.png\" alt=\"Force\" width=\"20\" height=\"20\" \/> Ausbrechkraft 1,6 t<\/li>\n<li><img loading=\"lazy\" decoding=\"async\" src=\"https:\/\/img.icons8.com\/ios-filled\/50\/drop-of-blood.png\" alt=\"Hydraulique\" width=\"20\" height=\"20\" \/> Optionale Hilfslinie<\/li>\n<li><img loading=\"lazy\" decoding=\"async\" src=\"https:\/\/img.icons8.com\/sf-black-filled\/64\/hand.png\" alt=\"Contrepoids\" width=\"20\" height=\"20\" \/> Standardm\u00e4\u00dfig bef\u00fcllbarer Gegengewichtsbeh\u00e4lter<\/li>\n<li><img loading=\"lazy\" decoding=\"async\" src=\"https:\/\/img.icons8.com\/pulsar-line\/48\/width.png\" alt=\"Largeur\" width=\"20\" height=\"20\" \/> Maschinenbreite 85 cm<\/li>\n<li><img loading=\"lazy\" decoding=\"async\" src=\"https:\/\/img.icons8.com\/ios-filled\/50\/weight.png\" alt=\"Poids\" width=\"20\" height=\"20\" \/> Maschinengewicht 800 kg<\/li>\n<\/ul>\n","protected":false},"featured_media":5614,"comment_status":"open","ping_status":"closed","template":"","meta":[],"product_brand":[],"product_cat":[322,343],"product_tag":[],"class_list":{"0":"post-17239","1":"product","2":"type-product","3":"status-publish","4":"has-post-thumbnail","6":"product_cat-landwirtschaftliche-geraete-und-zubehoer","7":"product_cat-minibagger","9":"first","10":"instock","11":"shipping-taxable","12":"purchasable","13":"product-type-simple"},"yoast_head":"<!-- This site is optimized with the Yoast SEO plugin v27.5 - https:\/\/yoast.com\/product\/yoast-seo-wordpress\/ -->\n<title>Phoenix 400 Minibagger Neue Maschine \/ Neue Ausr\u00fcstung - Sagrinex \u2013 Anhaenger, Container &amp; Landtechnik \ud83c\udf3e\ud83d\ude9c<\/title>\n<meta name=\"robots\" content=\"index, follow, max-snippet:-1, max-image-preview:large, max-video-preview:-1\" \/>\n<link rel=\"canonical\" href=\"https:\/\/sagrinex.com\/produit\/phoenix-400-minibagger-neue-maschine-neue-ausruestung\/?lang=de\" \/>\n<meta property=\"og:locale\" content=\"de_DE\" \/>\n<meta property=\"og:type\" content=\"article\" \/>\n<meta property=\"og:title\" content=\"Phoenix 400 Minibagger Neue Maschine \/ Neue Ausr\u00fcstung - Sagrinex \u2013 Anhaenger, Container &amp; Landtechnik \ud83c\udf3e\ud83d\ude9c\" \/>\n<meta property=\"og:description\" content=\"Dort Minibagger Phoenix 400 ist eine kompakte und vielseitige Maschine, ideal f\u00fcr die Arbeit Erdarbeiten, vonAusgrabung UndAu\u00dfendesign erfordern Pr\u00e4zision und Man\u00f6vrierf\u00e4higkeit.  Einzylinder 15 PS Excalibur Benzinmotor (95 \u2013 98) Luftk\u00fchlung Ausbrechkraft 1,6 t Optionale Hilfslinie Standardm\u00e4\u00dfig bef\u00fcllbarer Gegengewichtsbeh\u00e4lter Maschinenbreite 85 cm Maschinengewicht 800 kg\" \/>\n<meta property=\"og:url\" content=\"https:\/\/sagrinex.com\/produit\/phoenix-400-minibagger-neue-maschine-neue-ausruestung\/?lang=de\" \/>\n<meta property=\"og:site_name\" content=\"Sagrinex \u2013 Anhaenger, Container &amp; Landtechnik \ud83c\udf3e\ud83d\ude9c\" \/>\n<meta name=\"twitter:card\" content=\"summary_large_image\" \/>\n<script type=\"application\/ld+json\" class=\"yoast-schema-graph\">{\"@context\":\"https:\\\/\\\/schema.org\",\"@graph\":[{\"@type\":\"WebPage\",\"@id\":\"https:\\\/\\\/sagrinex.com\\\/produit\\\/phoenix-400-minibagger-neue-maschine-neue-ausruestung\\\/?lang=de\",\"url\":\"https:\\\/\\\/sagrinex.com\\\/produit\\\/phoenix-400-minibagger-neue-maschine-neue-ausruestung\\\/?lang=de\",\"name\":\"Phoenix 400 Minibagger Neue Maschine \\\/ Neue Ausr\u00fcstung - Sagrinex \u2013 Anhaenger, Container &amp; Landtechnik \ud83c\udf3e\ud83d\ude9c\",\"isPartOf\":{\"@id\":\"https:\\\/\\\/sagrinex.com\\\/#website\"},\"primaryImageOfPage\":{\"@id\":\"https:\\\/\\\/sagrinex.com\\\/produit\\\/phoenix-400-minibagger-neue-maschine-neue-ausruestung\\\/?lang=de#primaryimage\"},\"image\":{\"@id\":\"https:\\\/\\\/sagrinex.com\\\/produit\\\/phoenix-400-minibagger-neue-maschine-neue-ausruestung\\\/?lang=de#primaryimage\"},\"thumbnailUrl\":\"https:\\\/\\\/sagrinex.com\\\/wp-content\\\/uploads\\\/2026\\\/03\\\/Image.jpeg\",\"datePublished\":\"2026-04-15T10:06:09+00:00\",\"breadcrumb\":{\"@id\":\"https:\\\/\\\/sagrinex.com\\\/produit\\\/phoenix-400-minibagger-neue-maschine-neue-ausruestung\\\/?lang=de#breadcrumb\"},\"inLanguage\":\"de\",\"potentialAction\":[{\"@type\":\"ReadAction\",\"target\":[\"https:\\\/\\\/sagrinex.com\\\/produit\\\/phoenix-400-minibagger-neue-maschine-neue-ausruestung\\\/?lang=de\"]}]},{\"@type\":\"ImageObject\",\"inLanguage\":\"de\",\"@id\":\"https:\\\/\\\/sagrinex.com\\\/produit\\\/phoenix-400-minibagger-neue-maschine-neue-ausruestung\\\/?lang=de#primaryimage\",\"url\":\"https:\\\/\\\/sagrinex.com\\\/wp-content\\\/uploads\\\/2026\\\/03\\\/Image.jpeg\",\"contentUrl\":\"https:\\\/\\\/sagrinex.com\\\/wp-content\\\/uploads\\\/2026\\\/03\\\/Image.jpeg\",\"width\":2560,\"height\":2560},{\"@type\":\"BreadcrumbList\",\"@id\":\"https:\\\/\\\/sagrinex.com\\\/produit\\\/phoenix-400-minibagger-neue-maschine-neue-ausruestung\\\/?lang=de#breadcrumb\",\"itemListElement\":[{\"@type\":\"ListItem\",\"position\":1,\"name\":\"Accueil\",\"item\":\"https:\\\/\\\/sagrinex.com\\\/?lang=de\"},{\"@type\":\"ListItem\",\"position\":2,\"name\":\"Shop\",\"item\":\"https:\\\/\\\/sagrinex.com\\\/shop\\\/\"},{\"@type\":\"ListItem\",\"position\":3,\"name\":\"Phoenix 400 Minibagger Neue Maschine \\\/ Neue Ausr\u00fcstung\"}]},{\"@type\":\"WebSite\",\"@id\":\"https:\\\/\\\/sagrinex.com\\\/#website\",\"url\":\"https:\\\/\\\/sagrinex.com\\\/\",\"name\":\"Sagrinex \u2013 Spezialist f\u00fcr Anh\u00e4nger, Container & Landtechnik\",\"description\":\"Anhaenger, Container &amp; Landtechnik \u2014 Online-Verkauf &amp; kostenloses Angebot\",\"publisher\":{\"@id\":\"https:\\\/\\\/sagrinex.com\\\/#organization\"},\"potentialAction\":[{\"@type\":\"SearchAction\",\"target\":{\"@type\":\"EntryPoint\",\"urlTemplate\":\"https:\\\/\\\/sagrinex.com\\\/?s={search_term_string}\"},\"query-input\":{\"@type\":\"PropertyValueSpecification\",\"valueRequired\":true,\"valueName\":\"search_term_string\"}}],\"inLanguage\":\"de\"},{\"@type\":\"Organization\",\"@id\":\"https:\\\/\\\/sagrinex.com\\\/#organization\",\"name\":\"Sagrinex \u2013 Remorques, Conteneurs & Mat\u00e9riel Agricole\",\"url\":\"https:\\\/\\\/sagrinex.com\\\/\",\"logo\":{\"@type\":\"ImageObject\",\"inLanguage\":\"de\",\"@id\":\"https:\\\/\\\/sagrinex.com\\\/#\\\/schema\\\/logo\\\/image\\\/\",\"url\":\"https:\\\/\\\/sagrinex.com\\\/wp-content\\\/uploads\\\/2026\\\/03\\\/7f1ac463-ef5a-425d-bdd6-a5da03a334a9-1024x683.png\",\"contentUrl\":\"https:\\\/\\\/sagrinex.com\\\/wp-content\\\/uploads\\\/2026\\\/03\\\/7f1ac463-ef5a-425d-bdd6-a5da03a334a9-1024x683.png\",\"width\":1024,\"height\":683,\"caption\":\"Sagrinex \u2013 Remorques, Conteneurs & Mat\u00e9riel Agricole\"},\"image\":{\"@id\":\"https:\\\/\\\/sagrinex.com\\\/#\\\/schema\\\/logo\\\/image\\\/\"}}]}<\/script>\n<!-- \/ Yoast SEO plugin. -->","yoast_head_json":{"title":"Phoenix 400 Minibagger Neue Maschine \/ Neue Ausr\u00fcstung - Sagrinex \u2013 Anhaenger, Container &amp; Landtechnik \ud83c\udf3e\ud83d\ude9c","robots":{"index":"index","follow":"follow","max-snippet":"max-snippet:-1","max-image-preview":"max-image-preview:large","max-video-preview":"max-video-preview:-1"},"canonical":"https:\/\/sagrinex.com\/produit\/phoenix-400-minibagger-neue-maschine-neue-ausruestung\/?lang=de","og_locale":"de_DE","og_type":"article","og_title":"Phoenix 400 Minibagger Neue Maschine \/ Neue Ausr\u00fcstung - Sagrinex \u2013 Anhaenger, Container &amp; Landtechnik \ud83c\udf3e\ud83d\ude9c","og_description":"Dort Minibagger Phoenix 400 ist eine kompakte und vielseitige Maschine, ideal f\u00fcr die Arbeit Erdarbeiten, vonAusgrabung UndAu\u00dfendesign erfordern Pr\u00e4zision und Man\u00f6vrierf\u00e4higkeit.  Einzylinder 15 PS Excalibur Benzinmotor (95 \u2013 98) Luftk\u00fchlung Ausbrechkraft 1,6 t Optionale Hilfslinie Standardm\u00e4\u00dfig bef\u00fcllbarer Gegengewichtsbeh\u00e4lter Maschinenbreite 85 cm Maschinengewicht 800 kg","og_url":"https:\/\/sagrinex.com\/produit\/phoenix-400-minibagger-neue-maschine-neue-ausruestung\/?lang=de","og_site_name":"Sagrinex \u2013 Anhaenger, Container &amp; Landtechnik \ud83c\udf3e\ud83d\ude9c","twitter_card":"summary_large_image","schema":{"@context":"https:\/\/schema.org","@graph":[{"@type":"WebPage","@id":"https:\/\/sagrinex.com\/produit\/phoenix-400-minibagger-neue-maschine-neue-ausruestung\/?lang=de","url":"https:\/\/sagrinex.com\/produit\/phoenix-400-minibagger-neue-maschine-neue-ausruestung\/?lang=de","name":"Phoenix 400 Minibagger Neue Maschine \/ Neue Ausr\u00fcstung - Sagrinex \u2013 Anhaenger, Container &amp; Landtechnik \ud83c\udf3e\ud83d\ude9c","isPartOf":{"@id":"https:\/\/sagrinex.com\/#website"},"primaryImageOfPage":{"@id":"https:\/\/sagrinex.com\/produit\/phoenix-400-minibagger-neue-maschine-neue-ausruestung\/?lang=de#primaryimage"},"image":{"@id":"https:\/\/sagrinex.com\/produit\/phoenix-400-minibagger-neue-maschine-neue-ausruestung\/?lang=de#primaryimage"},"thumbnailUrl":"https:\/\/sagrinex.com\/wp-content\/uploads\/2026\/03\/Image.jpeg","datePublished":"2026-04-15T10:06:09+00:00","breadcrumb":{"@id":"https:\/\/sagrinex.com\/produit\/phoenix-400-minibagger-neue-maschine-neue-ausruestung\/?lang=de#breadcrumb"},"inLanguage":"de","potentialAction":[{"@type":"ReadAction","target":["https:\/\/sagrinex.com\/produit\/phoenix-400-minibagger-neue-maschine-neue-ausruestung\/?lang=de"]}]},{"@type":"ImageObject","inLanguage":"de","@id":"https:\/\/sagrinex.com\/produit\/phoenix-400-minibagger-neue-maschine-neue-ausruestung\/?lang=de#primaryimage","url":"https:\/\/sagrinex.com\/wp-content\/uploads\/2026\/03\/Image.jpeg","contentUrl":"https:\/\/sagrinex.com\/wp-content\/uploads\/2026\/03\/Image.jpeg","width":2560,"height":2560},{"@type":"BreadcrumbList","@id":"https:\/\/sagrinex.com\/produit\/phoenix-400-minibagger-neue-maschine-neue-ausruestung\/?lang=de#breadcrumb","itemListElement":[{"@type":"ListItem","position":1,"name":"Accueil","item":"https:\/\/sagrinex.com\/?lang=de"},{"@type":"ListItem","position":2,"name":"Shop","item":"https:\/\/sagrinex.com\/shop\/"},{"@type":"ListItem","position":3,"name":"Phoenix 400 Minibagger Neue Maschine \/ Neue Ausr\u00fcstung"}]},{"@type":"WebSite","@id":"https:\/\/sagrinex.com\/#website","url":"https:\/\/sagrinex.com\/","name":"Sagrinex \u2013 Spezialist f\u00fcr Anh\u00e4nger, Container & Landtechnik","description":"Anhaenger, Container &amp; Landtechnik \u2014 Online-Verkauf &amp; kostenloses Angebot","publisher":{"@id":"https:\/\/sagrinex.com\/#organization"},"potentialAction":[{"@type":"SearchAction","target":{"@type":"EntryPoint","urlTemplate":"https:\/\/sagrinex.com\/?s={search_term_string}"},"query-input":{"@type":"PropertyValueSpecification","valueRequired":true,"valueName":"search_term_string"}}],"inLanguage":"de"},{"@type":"Organization","@id":"https:\/\/sagrinex.com\/#organization","name":"Sagrinex \u2013 Remorques, Conteneurs & Mat\u00e9riel Agricole","url":"https:\/\/sagrinex.com\/","logo":{"@type":"ImageObject","inLanguage":"de","@id":"https:\/\/sagrinex.com\/#\/schema\/logo\/image\/","url":"https:\/\/sagrinex.com\/wp-content\/uploads\/2026\/03\/7f1ac463-ef5a-425d-bdd6-a5da03a334a9-1024x683.png","contentUrl":"https:\/\/sagrinex.com\/wp-content\/uploads\/2026\/03\/7f1ac463-ef5a-425d-bdd6-a5da03a334a9-1024x683.png","width":1024,"height":683,"caption":"Sagrinex \u2013 Remorques, Conteneurs & Mat\u00e9riel Agricole"},"image":{"@id":"https:\/\/sagrinex.com\/#\/schema\/logo\/image\/"}}]}},"jetpack_sharing_enabled":true,"_links":{"self":[{"href":"https:\/\/sagrinex.com\/de\/wp-json\/wp\/v2\/product\/17239","targetHints":{"allow":["GET"]}}],"collection":[{"href":"https:\/\/sagrinex.com\/de\/wp-json\/wp\/v2\/product"}],"about":[{"href":"https:\/\/sagrinex.com\/de\/wp-json\/wp\/v2\/types\/product"}],"replies":[{"embeddable":true,"href":"https:\/\/sagrinex.com\/de\/wp-json\/wp\/v2\/comments?post=17239"}],"version-history":[{"count":0,"href":"https:\/\/sagrinex.com\/de\/wp-json\/wp\/v2\/product\/17239\/revisions"}],"wp:featuredmedia":[{"embeddable":true,"href":"https:\/\/sagrinex.com\/de\/wp-json\/wp\/v2\/media\/5614"}],"wp:attachment":[{"href":"https:\/\/sagrinex.com\/de\/wp-json\/wp\/v2\/media?parent=17239"}],"wp:term":[{"taxonomy":"product_brand","embeddable":true,"href":"https:\/\/sagrinex.com\/de\/wp-json\/wp\/v2\/product_brand?post=17239"},{"taxonomy":"product_cat","embeddable":true,"href":"https:\/\/sagrinex.com\/de\/wp-json\/wp\/v2\/product_cat?post=17239"},{"taxonomy":"product_tag","embeddable":true,"href":"https:\/\/sagrinex.com\/de\/wp-json\/wp\/v2\/product_tag?post=17239"}],"curies":[{"name":"wp","href":"https:\/\/api.w.org\/{rel}","templated":true}]}}