{"id":17241,"date":"2026-04-15T10:08:18","date_gmt":"2026-04-15T10:08:18","guid":{"rendered":"https:\/\/sagrinex.com\/produit\/kipper\/"},"modified":"2026-04-15T10:08:18","modified_gmt":"2026-04-15T10:08:18","slug":"kipper","status":"publish","type":"product","link":"https:\/\/sagrinex.com\/de\/produit\/kipper\/","title":{"rendered":"Kipper"},"content":{"rendered":"<p data-start=\"86\" data-end=\"426\">DER <strong data-start=\"89\" data-end=\"106\">Kipper<\/strong> ist eine kompakte und leistungsstarke Handhabungsmaschine, die speziell f\u00fcr entwickelt wurde <strong data-start=\"183\" data-end=\"209\">Transport von Materialien<\/strong> vor Ort. Ideal zum Bewegen von Erde, Sand, Schutt, Beton, Holz oder Gr\u00fcnabf\u00e4llen und erm\u00f6glicht Ihnen ein effizientes Arbeiten <strong data-start=\"343\" data-end=\"370\">Bereiche mit eingeschr\u00e4nktem Zugang<\/strong> bei gleichzeitiger deutlicher Reduzierung des manuellen Aufwands.<\/p>\n<p data-start=\"428\" data-end=\"875\">Dank seines Motors <strong data-start=\"450\" data-end=\"460\">15 PS<\/strong>Dieser Dumper bietet ausreichend Leistung f\u00fcr den Einsatz auf unebenem, absch\u00fcssigem oder schwierigem Gel\u00e4nde und beh\u00e4lt gleichzeitig eine hervorragende Traktion bei. Sein kippbarer K\u00f6rper erleichtert das Be- und Entladen von Materialien und verbessert so die Ausf\u00fchrungsgeschwindigkeit und Produktivit\u00e4t auf der Baustelle. Sein kompaktes Format erm\u00f6glicht eine einfache Bewegung in engen Passagen, Innenh\u00f6fen, G\u00e4rten oder auf Wohnbaustellen.<\/p>\n<p data-start=\"877\" data-end=\"1200\">Weit verbreitet in <strong data-start=\"893\" data-end=\"912\">\u00f6ffentliche Arbeiten<\/strong>, In <strong data-start=\"917\" data-end=\"941\">Landschaftsbau<\/strong>, In <strong data-start=\"946\" data-end=\"961\">Landwirtschaft<\/strong> und hinein <strong data-start=\"968\" data-end=\"993\">Au\u00dfenrenovierung<\/strong>Der 15-PS-Dumper ist ein unverzichtbarer Verb\u00fcndeter f\u00fcr die Optimierung der Logistik vor Ort. Es erg\u00e4nzt den Einsatz eines Minibaggers oder Miniladers perfekt und sorgt f\u00fcr einen schnellen Abtransport des Erdreichs.<\/p>\n<p data-start=\"1202\" data-end=\"1481\" data-is-last-node=\"\" data-is-only-node=\"\">Zuverl\u00e4ssig, handlich und einfach zu bedienen, das <strong data-start=\"1244\" data-end=\"1261\">Kipper 15 PS<\/strong> ist eine wirksame L\u00f6sung, um die Leistung der Website zu verbessern und gleichzeitig den Arbeitsaufwand zu begrenzen. Vielseitig und robust erf\u00fcllt es die t\u00e4glichen Bed\u00fcrfnisse anspruchsvoller Benutzer.<\/p>\n","protected":false},"excerpt":{"rendered":"<p>DER <strong data-start=\"89\" data-end=\"106\">Kipper<\/strong> ist eine kompakte und leistungsstarke Handhabungsmaschine, die speziell f\u00fcr entwickelt wurde <strong data-start=\"183\" data-end=\"209\">Transport von Materialien<\/strong> vor Ort.<\/p>\n<p><img decoding=\"async\" src=\"https:\/\/img.icons8.com\/glyph-neue\/64\/engine.png\" alt=\"engine\" width=\"20\" height=\"20\" \/> Einzylinder 9,5 PS Kohler Pro<br \/>\n<img decoding=\"async\" src=\"https:\/\/img.icons8.com\/ios-filled\/50\/petrol.png\" alt=\"petrol\" width=\"20\" height=\"20\" \/> Benzinmotor (95 \u2013 98)<br \/>\n<img decoding=\"async\" src=\"https:\/\/img.icons8.com\/ios-filled\/50\/fan-speed--v2.png\" alt=\"fan-speed--v2\" width=\"20\" height=\"20\" \/> Luftk\u00fchlung<br \/>\n<img loading=\"lazy\" decoding=\"async\" src=\"https:\/\/img.icons8.com\/ios-filled\/50\/flex-biceps.png\" alt=\"flex-biceps\" width=\"20\" height=\"20\" \/> Tragf\u00e4higkeit 500 kg<br \/>\n<img loading=\"lazy\" decoding=\"async\" src=\"https:\/\/img.icons8.com\/ink\/48\/depth.png\" alt=\"depth\" width=\"20\" height=\"20\" \/> Ladevolumen 0,46 m3<br \/>\n<img loading=\"lazy\" decoding=\"async\" src=\"https:\/\/img.icons8.com\/external-tanah-basah-glyph-tanah-basah\/48\/external-gear-startups-tanah-basah-glyph-tanah-basah.png\" alt=\"external-gear-startups-tanah-basah-glyph-tanah-basah\" width=\"20\" height=\"20\" \/> Standard-Selbstladeschaufel<br \/>\n<img loading=\"lazy\" decoding=\"async\" src=\"https:\/\/img.icons8.com\/pulsar-line\/48\/width.png\" alt=\"width\" width=\"20\" height=\"20\" \/> Maschinenbreite 90 cm<br \/>\n<img loading=\"lazy\" decoding=\"async\" src=\"https:\/\/img.icons8.com\/ios-filled\/50\/weight.png\" alt=\"weight\" width=\"20\" height=\"20\" \/> Maschinengewicht 600 kg<\/p>\n","protected":false},"featured_media":5636,"comment_status":"open","ping_status":"closed","template":"","meta":[],"product_brand":[],"product_cat":[322],"product_tag":[],"class_list":{"0":"post-17241","1":"product","2":"type-product","3":"status-publish","4":"has-post-thumbnail","6":"product_cat-landwirtschaftliche-geraete-und-zubehoer","8":"first","9":"instock","10":"shipping-taxable","11":"purchasable","12":"product-type-simple"},"yoast_head":"<!-- This site is optimized with the Yoast SEO plugin v27.5 - https:\/\/yoast.com\/product\/yoast-seo-wordpress\/ -->\n<title>Kipper - Sagrinex \u2013 Anhaenger, Container &amp; Landtechnik \ud83c\udf3e\ud83d\ude9c<\/title>\n<meta name=\"robots\" content=\"index, follow, max-snippet:-1, max-image-preview:large, max-video-preview:-1\" \/>\n<link rel=\"canonical\" href=\"https:\/\/sagrinex.com\/produit\/kipper\/?lang=de\" \/>\n<meta property=\"og:locale\" content=\"de_DE\" \/>\n<meta property=\"og:type\" content=\"article\" \/>\n<meta property=\"og:title\" content=\"Kipper - Sagrinex \u2013 Anhaenger, Container &amp; Landtechnik \ud83c\udf3e\ud83d\ude9c\" \/>\n<meta property=\"og:description\" content=\"DER Kipper ist eine kompakte und leistungsstarke Handhabungsmaschine, die speziell f\u00fcr entwickelt wurde Transport von Materialien vor Ort. Einzylinder 9,5 PS Kohler Pro Benzinmotor (95 \u2013 98) Luftk\u00fchlung Tragf\u00e4higkeit 500 kg Ladevolumen 0,46 m3 Standard-Selbstladeschaufel Maschinenbreite 90 cm Maschinengewicht 600 kg\" \/>\n<meta property=\"og:url\" content=\"https:\/\/sagrinex.com\/produit\/kipper\/?lang=de\" \/>\n<meta property=\"og:site_name\" content=\"Sagrinex \u2013 Anhaenger, Container &amp; Landtechnik \ud83c\udf3e\ud83d\ude9c\" \/>\n<meta name=\"twitter:card\" content=\"summary_large_image\" \/>\n<meta name=\"twitter:label1\" content=\"Gesch\u00e4tzte Lesezeit\" \/>\n\t<meta name=\"twitter:data1\" content=\"1\u00a0Minute\" \/>\n<script type=\"application\/ld+json\" class=\"yoast-schema-graph\">{\"@context\":\"https:\\\/\\\/schema.org\",\"@graph\":[{\"@type\":\"WebPage\",\"@id\":\"https:\\\/\\\/sagrinex.com\\\/produit\\\/kipper\\\/?lang=de\",\"url\":\"https:\\\/\\\/sagrinex.com\\\/produit\\\/kipper\\\/?lang=de\",\"name\":\"Kipper - Sagrinex \u2013 Anhaenger, Container &amp; Landtechnik \ud83c\udf3e\ud83d\ude9c\",\"isPartOf\":{\"@id\":\"https:\\\/\\\/sagrinex.com\\\/#website\"},\"primaryImageOfPage\":{\"@id\":\"https:\\\/\\\/sagrinex.com\\\/produit\\\/kipper\\\/?lang=de#primaryimage\"},\"image\":{\"@id\":\"https:\\\/\\\/sagrinex.com\\\/produit\\\/kipper\\\/?lang=de#primaryimage\"},\"thumbnailUrl\":\"https:\\\/\\\/sagrinex.com\\\/wp-content\\\/uploads\\\/2026\\\/03\\\/Image-18-1.jpeg\",\"datePublished\":\"2026-04-15T10:08:18+00:00\",\"breadcrumb\":{\"@id\":\"https:\\\/\\\/sagrinex.com\\\/produit\\\/kipper\\\/?lang=de#breadcrumb\"},\"inLanguage\":\"de\",\"potentialAction\":[{\"@type\":\"ReadAction\",\"target\":[\"https:\\\/\\\/sagrinex.com\\\/produit\\\/kipper\\\/?lang=de\"]}]},{\"@type\":\"ImageObject\",\"inLanguage\":\"de\",\"@id\":\"https:\\\/\\\/sagrinex.com\\\/produit\\\/kipper\\\/?lang=de#primaryimage\",\"url\":\"https:\\\/\\\/sagrinex.com\\\/wp-content\\\/uploads\\\/2026\\\/03\\\/Image-18-1.jpeg\",\"contentUrl\":\"https:\\\/\\\/sagrinex.com\\\/wp-content\\\/uploads\\\/2026\\\/03\\\/Image-18-1.jpeg\",\"width\":1200,\"height\":1200},{\"@type\":\"BreadcrumbList\",\"@id\":\"https:\\\/\\\/sagrinex.com\\\/produit\\\/kipper\\\/?lang=de#breadcrumb\",\"itemListElement\":[{\"@type\":\"ListItem\",\"position\":1,\"name\":\"Accueil\",\"item\":\"https:\\\/\\\/sagrinex.com\\\/?lang=de\"},{\"@type\":\"ListItem\",\"position\":2,\"name\":\"Shop\",\"item\":\"https:\\\/\\\/sagrinex.com\\\/shop\\\/\"},{\"@type\":\"ListItem\",\"position\":3,\"name\":\"Kipper\"}]},{\"@type\":\"WebSite\",\"@id\":\"https:\\\/\\\/sagrinex.com\\\/#website\",\"url\":\"https:\\\/\\\/sagrinex.com\\\/\",\"name\":\"Sagrinex \u2013 Spezialist f\u00fcr Anh\u00e4nger, Container & Landtechnik\",\"description\":\"Anhaenger, Container &amp; Landtechnik \u2014 Online-Verkauf &amp; kostenloses Angebot\",\"publisher\":{\"@id\":\"https:\\\/\\\/sagrinex.com\\\/#organization\"},\"potentialAction\":[{\"@type\":\"SearchAction\",\"target\":{\"@type\":\"EntryPoint\",\"urlTemplate\":\"https:\\\/\\\/sagrinex.com\\\/?s={search_term_string}\"},\"query-input\":{\"@type\":\"PropertyValueSpecification\",\"valueRequired\":true,\"valueName\":\"search_term_string\"}}],\"inLanguage\":\"de\"},{\"@type\":\"Organization\",\"@id\":\"https:\\\/\\\/sagrinex.com\\\/#organization\",\"name\":\"Sagrinex \u2013 Remorques, Conteneurs & Mat\u00e9riel Agricole\",\"url\":\"https:\\\/\\\/sagrinex.com\\\/\",\"logo\":{\"@type\":\"ImageObject\",\"inLanguage\":\"de\",\"@id\":\"https:\\\/\\\/sagrinex.com\\\/#\\\/schema\\\/logo\\\/image\\\/\",\"url\":\"https:\\\/\\\/sagrinex.com\\\/wp-content\\\/uploads\\\/2026\\\/03\\\/7f1ac463-ef5a-425d-bdd6-a5da03a334a9-1024x683.png\",\"contentUrl\":\"https:\\\/\\\/sagrinex.com\\\/wp-content\\\/uploads\\\/2026\\\/03\\\/7f1ac463-ef5a-425d-bdd6-a5da03a334a9-1024x683.png\",\"width\":1024,\"height\":683,\"caption\":\"Sagrinex \u2013 Remorques, Conteneurs & Mat\u00e9riel Agricole\"},\"image\":{\"@id\":\"https:\\\/\\\/sagrinex.com\\\/#\\\/schema\\\/logo\\\/image\\\/\"}}]}<\/script>\n<!-- \/ Yoast SEO plugin. -->","yoast_head_json":{"title":"Kipper - Sagrinex \u2013 Anhaenger, Container &amp; Landtechnik \ud83c\udf3e\ud83d\ude9c","robots":{"index":"index","follow":"follow","max-snippet":"max-snippet:-1","max-image-preview":"max-image-preview:large","max-video-preview":"max-video-preview:-1"},"canonical":"https:\/\/sagrinex.com\/produit\/kipper\/?lang=de","og_locale":"de_DE","og_type":"article","og_title":"Kipper - Sagrinex \u2013 Anhaenger, Container &amp; Landtechnik \ud83c\udf3e\ud83d\ude9c","og_description":"DER Kipper ist eine kompakte und leistungsstarke Handhabungsmaschine, die speziell f\u00fcr entwickelt wurde Transport von Materialien vor Ort. Einzylinder 9,5 PS Kohler Pro Benzinmotor (95 \u2013 98) Luftk\u00fchlung Tragf\u00e4higkeit 500 kg Ladevolumen 0,46 m3 Standard-Selbstladeschaufel Maschinenbreite 90 cm Maschinengewicht 600 kg","og_url":"https:\/\/sagrinex.com\/produit\/kipper\/?lang=de","og_site_name":"Sagrinex \u2013 Anhaenger, Container &amp; Landtechnik \ud83c\udf3e\ud83d\ude9c","twitter_card":"summary_large_image","twitter_misc":{"Gesch\u00e4tzte Lesezeit":"1\u00a0Minute"},"schema":{"@context":"https:\/\/schema.org","@graph":[{"@type":"WebPage","@id":"https:\/\/sagrinex.com\/produit\/kipper\/?lang=de","url":"https:\/\/sagrinex.com\/produit\/kipper\/?lang=de","name":"Kipper - Sagrinex \u2013 Anhaenger, Container &amp; Landtechnik \ud83c\udf3e\ud83d\ude9c","isPartOf":{"@id":"https:\/\/sagrinex.com\/#website"},"primaryImageOfPage":{"@id":"https:\/\/sagrinex.com\/produit\/kipper\/?lang=de#primaryimage"},"image":{"@id":"https:\/\/sagrinex.com\/produit\/kipper\/?lang=de#primaryimage"},"thumbnailUrl":"https:\/\/sagrinex.com\/wp-content\/uploads\/2026\/03\/Image-18-1.jpeg","datePublished":"2026-04-15T10:08:18+00:00","breadcrumb":{"@id":"https:\/\/sagrinex.com\/produit\/kipper\/?lang=de#breadcrumb"},"inLanguage":"de","potentialAction":[{"@type":"ReadAction","target":["https:\/\/sagrinex.com\/produit\/kipper\/?lang=de"]}]},{"@type":"ImageObject","inLanguage":"de","@id":"https:\/\/sagrinex.com\/produit\/kipper\/?lang=de#primaryimage","url":"https:\/\/sagrinex.com\/wp-content\/uploads\/2026\/03\/Image-18-1.jpeg","contentUrl":"https:\/\/sagrinex.com\/wp-content\/uploads\/2026\/03\/Image-18-1.jpeg","width":1200,"height":1200},{"@type":"BreadcrumbList","@id":"https:\/\/sagrinex.com\/produit\/kipper\/?lang=de#breadcrumb","itemListElement":[{"@type":"ListItem","position":1,"name":"Accueil","item":"https:\/\/sagrinex.com\/?lang=de"},{"@type":"ListItem","position":2,"name":"Shop","item":"https:\/\/sagrinex.com\/shop\/"},{"@type":"ListItem","position":3,"name":"Kipper"}]},{"@type":"WebSite","@id":"https:\/\/sagrinex.com\/#website","url":"https:\/\/sagrinex.com\/","name":"Sagrinex \u2013 Spezialist f\u00fcr Anh\u00e4nger, Container & Landtechnik","description":"Anhaenger, Container &amp; Landtechnik \u2014 Online-Verkauf &amp; kostenloses Angebot","publisher":{"@id":"https:\/\/sagrinex.com\/#organization"},"potentialAction":[{"@type":"SearchAction","target":{"@type":"EntryPoint","urlTemplate":"https:\/\/sagrinex.com\/?s={search_term_string}"},"query-input":{"@type":"PropertyValueSpecification","valueRequired":true,"valueName":"search_term_string"}}],"inLanguage":"de"},{"@type":"Organization","@id":"https:\/\/sagrinex.com\/#organization","name":"Sagrinex \u2013 Remorques, Conteneurs & Mat\u00e9riel Agricole","url":"https:\/\/sagrinex.com\/","logo":{"@type":"ImageObject","inLanguage":"de","@id":"https:\/\/sagrinex.com\/#\/schema\/logo\/image\/","url":"https:\/\/sagrinex.com\/wp-content\/uploads\/2026\/03\/7f1ac463-ef5a-425d-bdd6-a5da03a334a9-1024x683.png","contentUrl":"https:\/\/sagrinex.com\/wp-content\/uploads\/2026\/03\/7f1ac463-ef5a-425d-bdd6-a5da03a334a9-1024x683.png","width":1024,"height":683,"caption":"Sagrinex \u2013 Remorques, Conteneurs & Mat\u00e9riel Agricole"},"image":{"@id":"https:\/\/sagrinex.com\/#\/schema\/logo\/image\/"}}]}},"jetpack_sharing_enabled":true,"_links":{"self":[{"href":"https:\/\/sagrinex.com\/de\/wp-json\/wp\/v2\/product\/17241","targetHints":{"allow":["GET"]}}],"collection":[{"href":"https:\/\/sagrinex.com\/de\/wp-json\/wp\/v2\/product"}],"about":[{"href":"https:\/\/sagrinex.com\/de\/wp-json\/wp\/v2\/types\/product"}],"replies":[{"embeddable":true,"href":"https:\/\/sagrinex.com\/de\/wp-json\/wp\/v2\/comments?post=17241"}],"version-history":[{"count":0,"href":"https:\/\/sagrinex.com\/de\/wp-json\/wp\/v2\/product\/17241\/revisions"}],"wp:featuredmedia":[{"embeddable":true,"href":"https:\/\/sagrinex.com\/de\/wp-json\/wp\/v2\/media\/5636"}],"wp:attachment":[{"href":"https:\/\/sagrinex.com\/de\/wp-json\/wp\/v2\/media?parent=17241"}],"wp:term":[{"taxonomy":"product_brand","embeddable":true,"href":"https:\/\/sagrinex.com\/de\/wp-json\/wp\/v2\/product_brand?post=17241"},{"taxonomy":"product_cat","embeddable":true,"href":"https:\/\/sagrinex.com\/de\/wp-json\/wp\/v2\/product_cat?post=17241"},{"taxonomy":"product_tag","embeddable":true,"href":"https:\/\/sagrinex.com\/de\/wp-json\/wp\/v2\/product_tag?post=17241"}],"curies":[{"name":"wp","href":"https:\/\/api.w.org\/{rel}","templated":true}]}}