{"id":17242,"date":"2026-04-15T10:09:05","date_gmt":"2026-04-15T10:09:05","guid":{"rendered":"https:\/\/sagrinex.com\/produit\/phoenix-280-baggerlader-neue-maschine-neue-ausruestung\/"},"modified":"2026-04-15T10:09:05","modified_gmt":"2026-04-15T10:09:05","slug":"phoenix-280-baggerlader-neue-maschine-neue-ausruestung","status":"publish","type":"product","link":"https:\/\/sagrinex.com\/de\/produit\/phoenix-280-baggerlader-neue-maschine-neue-ausruestung\/","title":{"rendered":"Phoenix 280 Baggerlader Neue Maschine \/ Neue Ausr\u00fcstung"},"content":{"rendered":"<p data-start=\"86\" data-end=\"471\">Der <strong data-start=\"89\" data-end=\"116\">Baggerlader Phoenix 280<\/strong> ist eine vielseitige Maschine, die f\u00fcr die Anforderungen von <strong data-start=\"193\" data-end=\"209\">Erdarbeiten<\/strong>, <strong data-start=\"214\" data-end=\"228\">Ladet\u00e4tigkeiten<\/strong> und <strong data-start=\"234\" data-end=\"248\">Aushubarbeiten<\/strong> mit einer einzigen Ausr\u00fcstung konzipiert ist. Dank seiner kombinierten Konfiguration erm\u00f6glicht er sowohl Grabungsarbeiten als auch Handhabungsvorg\u00e4nge und bietet damit einen hervorragenden Zeitgewinn und gro\u00dfe Flexibilit\u00e4t auf der Baustelle.<\/p>\n<p data-start=\"473\" data-end=\"879\">Der Phoenix 280 zeichnet sich durch seine <strong data-start=\"508\" data-end=\"537\">Vielseitigkeit<\/strong> aus und ist ideal f\u00fcr die Herstellung von Gr\u00e4ben, Fundamenten, Planierungsarbeiten, Materialverlagerungen oder Gel\u00e4ndevorbereitung. Seine ausgewogene Konstruktion gew\u00e4hrleistet eine gute Stabilit\u00e4t w\u00e4hrend der Arbeitsphasen, w\u00e4hrend seine Man\u00f6vrierbarkeit ein effektives Arbeiten auf verschiedenen Baustellen, auch in schwierigen Umgebungen, erm\u00f6glicht.<\/p>\n<p data-start=\"881\" data-end=\"1262\">Sehr gesch\u00e4tzt bei <strong data-start=\"898\" data-end=\"917\">Tiefbauarbeiten<\/strong>, in der <strong data-start=\"922\" data-end=\"937\">Landwirtschaft<\/strong>, bei <strong data-start=\"942\" data-end=\"967\">Au\u00dfenanlagen<\/strong> und f\u00fcr <strong data-start=\"991\" data-end=\"1001\">Stra\u00dfenarbeiten<\/strong> oder <strong data-start=\"1008\" data-end=\"1022\">Sanierungsarbeiten<\/strong>, ist der Baggerlader Phoenix 280 eine komplette L\u00f6sung f\u00fcr Fachleute, die die Anzahl der Maschinen auf der Baustelle begrenzen m\u00f6chten. Er erm\u00f6glicht es, Aufgaben ohne Ausr\u00fcstungswechsel nacheinander auszuf\u00fchren und verbessert dadurch die Gesamtproduktivit\u00e4t.<\/p>\n<p data-start=\"1264\" data-end=\"1457\" data-is-last-node=\"\" data-is-only-node=\"\">Zuverl\u00e4ssig, funktional und einfach zu handhaben, ist der <strong data-start=\"1316\" data-end=\"1343\">Baggerlader Phoenix 280<\/strong> ein effektives Arbeitswerkzeug f\u00fcr Baustellen, die Vielseitigkeit, Leistung und Praktikabilit\u00e4t im t\u00e4glichen Gebrauch erfordern.<\/p>\n","protected":false},"excerpt":{"rendered":"<p>DER <strong data-start=\"89\" data-end=\"116\">Phoenix 280 Baggerlader<\/strong> ist eine vielseitige Maschine, die speziell auf die Anforderungen von Bauarbeiten zugeschnitten ist <strong data-start=\"193\" data-end=\"209\">Erdarbeiten<\/strong>, von <strong data-start=\"214\" data-end=\"228\">Laden<\/strong> Und<strong data-start=\"234\" data-end=\"248\">Ausgrabung<\/strong> mit einem einzigen Ger\u00e4t.<\/p>\n<p><img decoding=\"async\" src=\"https:\/\/img.icons8.com\/glyph-neue\/64\/engine.png\" alt=\"engine\" width=\"20\" height=\"20\" \/> Einzylinder 15 PS Excalibur<br \/>\n<img decoding=\"async\" src=\"https:\/\/img.icons8.com\/ios-filled\/50\/petrol.png\" alt=\"petrol\" width=\"20\" height=\"20\" \/> Benzinmotor (95 \u2013 98)<br \/>\n<img decoding=\"async\" src=\"https:\/\/img.icons8.com\/ios-filled\/50\/fan-speed--v2.png\" alt=\"fan-speed--v2\" width=\"20\" height=\"20\" \/> Luftk\u00fchlung<br \/>\n<img loading=\"lazy\" decoding=\"async\" src=\"https:\/\/img.icons8.com\/ios-filled\/50\/flex-biceps.png\" alt=\"flex-biceps\" width=\"20\" height=\"20\" \/> Ausbrechkraft 1,6 t<br \/>\n<img loading=\"lazy\" decoding=\"async\" src=\"https:\/\/img.icons8.com\/ios-filled\/50\/flex-biceps.png\" alt=\"flex-biceps\" width=\"20\" height=\"20\" \/> Hubkraft des Laders: 250 kg<br \/>\n<img loading=\"lazy\" decoding=\"async\" src=\"https:\/\/img.icons8.com\/ios-filled\/50\/drop-of-blood.png\" alt=\"drop-of-blood\" width=\"20\" height=\"20\" \/> Hilfsleitung serienm\u00e4\u00dfig<br \/>\n<img loading=\"lazy\" decoding=\"async\" src=\"https:\/\/img.icons8.com\/pulsar-line\/48\/width.png\" alt=\"width\" width=\"20\" height=\"20\" \/> Maschinenbreite 94 cm<br \/>\n<img loading=\"lazy\" decoding=\"async\" src=\"https:\/\/img.icons8.com\/ios-filled\/50\/weight.png\" alt=\"weight\" width=\"20\" height=\"20\" \/> Maschinengewicht 800 kg<\/p>\n","protected":false},"featured_media":5643,"comment_status":"open","ping_status":"closed","template":"","meta":[],"product_brand":[],"product_cat":[322],"product_tag":[],"class_list":{"0":"post-17242","1":"product","2":"type-product","3":"status-publish","4":"has-post-thumbnail","6":"product_cat-landwirtschaftliche-geraete-und-zubehoer","8":"first","9":"instock","10":"shipping-taxable","11":"purchasable","12":"product-type-simple"},"yoast_head":"<!-- This site is optimized with the Yoast SEO plugin v27.5 - https:\/\/yoast.com\/product\/yoast-seo-wordpress\/ -->\n<title>Phoenix 280 Baggerlader Neue Maschine \/ Neue Ausr\u00fcstung - Sagrinex \u2013 Anhaenger, Container &amp; Landtechnik \ud83c\udf3e\ud83d\ude9c<\/title>\n<meta name=\"robots\" content=\"index, follow, max-snippet:-1, max-image-preview:large, max-video-preview:-1\" \/>\n<link rel=\"canonical\" href=\"https:\/\/sagrinex.com\/produit\/phoenix-280-baggerlader-neue-maschine-neue-ausruestung\/?lang=de\" \/>\n<meta property=\"og:locale\" content=\"de_DE\" \/>\n<meta property=\"og:type\" content=\"article\" \/>\n<meta property=\"og:title\" content=\"Phoenix 280 Baggerlader Neue Maschine \/ Neue Ausr\u00fcstung - Sagrinex \u2013 Anhaenger, Container &amp; Landtechnik \ud83c\udf3e\ud83d\ude9c\" \/>\n<meta property=\"og:description\" content=\"DER Phoenix 280 Baggerlader ist eine vielseitige Maschine, die speziell auf die Anforderungen von Bauarbeiten zugeschnitten ist Erdarbeiten, von Laden UndAusgrabung mit einem einzigen Ger\u00e4t. Einzylinder 15 PS Excalibur Benzinmotor (95 \u2013 98) Luftk\u00fchlung Ausbrechkraft 1,6 t Hubkraft des Laders: 250 kg Hilfsleitung serienm\u00e4\u00dfig Maschinenbreite 94 cm Maschinengewicht 800 kg\" \/>\n<meta property=\"og:url\" content=\"https:\/\/sagrinex.com\/produit\/phoenix-280-baggerlader-neue-maschine-neue-ausruestung\/?lang=de\" \/>\n<meta property=\"og:site_name\" content=\"Sagrinex \u2013 Anhaenger, Container &amp; Landtechnik \ud83c\udf3e\ud83d\ude9c\" \/>\n<meta name=\"twitter:card\" content=\"summary_large_image\" \/>\n<meta name=\"twitter:label1\" content=\"Gesch\u00e4tzte Lesezeit\" \/>\n\t<meta name=\"twitter:data1\" content=\"1\u00a0Minute\" \/>\n<script type=\"application\/ld+json\" class=\"yoast-schema-graph\">{\"@context\":\"https:\\\/\\\/schema.org\",\"@graph\":[{\"@type\":\"WebPage\",\"@id\":\"https:\\\/\\\/sagrinex.com\\\/produit\\\/phoenix-280-baggerlader-neue-maschine-neue-ausruestung\\\/?lang=de\",\"url\":\"https:\\\/\\\/sagrinex.com\\\/produit\\\/phoenix-280-baggerlader-neue-maschine-neue-ausruestung\\\/?lang=de\",\"name\":\"Phoenix 280 Baggerlader Neue Maschine \\\/ Neue Ausr\u00fcstung - Sagrinex \u2013 Anhaenger, Container &amp; Landtechnik \ud83c\udf3e\ud83d\ude9c\",\"isPartOf\":{\"@id\":\"https:\\\/\\\/sagrinex.com\\\/#website\"},\"primaryImageOfPage\":{\"@id\":\"https:\\\/\\\/sagrinex.com\\\/produit\\\/phoenix-280-baggerlader-neue-maschine-neue-ausruestung\\\/?lang=de#primaryimage\"},\"image\":{\"@id\":\"https:\\\/\\\/sagrinex.com\\\/produit\\\/phoenix-280-baggerlader-neue-maschine-neue-ausruestung\\\/?lang=de#primaryimage\"},\"thumbnailUrl\":\"https:\\\/\\\/sagrinex.com\\\/wp-content\\\/uploads\\\/2026\\\/03\\\/Image-23-1.jpeg\",\"datePublished\":\"2026-04-15T10:09:05+00:00\",\"breadcrumb\":{\"@id\":\"https:\\\/\\\/sagrinex.com\\\/produit\\\/phoenix-280-baggerlader-neue-maschine-neue-ausruestung\\\/?lang=de#breadcrumb\"},\"inLanguage\":\"de\",\"potentialAction\":[{\"@type\":\"ReadAction\",\"target\":[\"https:\\\/\\\/sagrinex.com\\\/produit\\\/phoenix-280-baggerlader-neue-maschine-neue-ausruestung\\\/?lang=de\"]}]},{\"@type\":\"ImageObject\",\"inLanguage\":\"de\",\"@id\":\"https:\\\/\\\/sagrinex.com\\\/produit\\\/phoenix-280-baggerlader-neue-maschine-neue-ausruestung\\\/?lang=de#primaryimage\",\"url\":\"https:\\\/\\\/sagrinex.com\\\/wp-content\\\/uploads\\\/2026\\\/03\\\/Image-23-1.jpeg\",\"contentUrl\":\"https:\\\/\\\/sagrinex.com\\\/wp-content\\\/uploads\\\/2026\\\/03\\\/Image-23-1.jpeg\",\"width\":1200,\"height\":1200},{\"@type\":\"BreadcrumbList\",\"@id\":\"https:\\\/\\\/sagrinex.com\\\/produit\\\/phoenix-280-baggerlader-neue-maschine-neue-ausruestung\\\/?lang=de#breadcrumb\",\"itemListElement\":[{\"@type\":\"ListItem\",\"position\":1,\"name\":\"Accueil\",\"item\":\"https:\\\/\\\/sagrinex.com\\\/?lang=de\"},{\"@type\":\"ListItem\",\"position\":2,\"name\":\"Shop\",\"item\":\"https:\\\/\\\/sagrinex.com\\\/shop\\\/\"},{\"@type\":\"ListItem\",\"position\":3,\"name\":\"Phoenix 280 Baggerlader Neue Maschine \\\/ Neue Ausr\u00fcstung\"}]},{\"@type\":\"WebSite\",\"@id\":\"https:\\\/\\\/sagrinex.com\\\/#website\",\"url\":\"https:\\\/\\\/sagrinex.com\\\/\",\"name\":\"Sagrinex \u2013 Spezialist f\u00fcr Anh\u00e4nger, Container & Landtechnik\",\"description\":\"Anhaenger, Container &amp; Landtechnik \u2014 Online-Verkauf &amp; kostenloses Angebot\",\"publisher\":{\"@id\":\"https:\\\/\\\/sagrinex.com\\\/#organization\"},\"potentialAction\":[{\"@type\":\"SearchAction\",\"target\":{\"@type\":\"EntryPoint\",\"urlTemplate\":\"https:\\\/\\\/sagrinex.com\\\/?s={search_term_string}\"},\"query-input\":{\"@type\":\"PropertyValueSpecification\",\"valueRequired\":true,\"valueName\":\"search_term_string\"}}],\"inLanguage\":\"de\"},{\"@type\":\"Organization\",\"@id\":\"https:\\\/\\\/sagrinex.com\\\/#organization\",\"name\":\"Sagrinex \u2013 Remorques, Conteneurs & Mat\u00e9riel Agricole\",\"url\":\"https:\\\/\\\/sagrinex.com\\\/\",\"logo\":{\"@type\":\"ImageObject\",\"inLanguage\":\"de\",\"@id\":\"https:\\\/\\\/sagrinex.com\\\/#\\\/schema\\\/logo\\\/image\\\/\",\"url\":\"https:\\\/\\\/sagrinex.com\\\/wp-content\\\/uploads\\\/2026\\\/03\\\/7f1ac463-ef5a-425d-bdd6-a5da03a334a9-1024x683.png\",\"contentUrl\":\"https:\\\/\\\/sagrinex.com\\\/wp-content\\\/uploads\\\/2026\\\/03\\\/7f1ac463-ef5a-425d-bdd6-a5da03a334a9-1024x683.png\",\"width\":1024,\"height\":683,\"caption\":\"Sagrinex \u2013 Remorques, Conteneurs & Mat\u00e9riel Agricole\"},\"image\":{\"@id\":\"https:\\\/\\\/sagrinex.com\\\/#\\\/schema\\\/logo\\\/image\\\/\"}}]}<\/script>\n<!-- \/ Yoast SEO plugin. -->","yoast_head_json":{"title":"Phoenix 280 Baggerlader Neue Maschine \/ Neue Ausr\u00fcstung - Sagrinex \u2013 Anhaenger, Container &amp; Landtechnik \ud83c\udf3e\ud83d\ude9c","robots":{"index":"index","follow":"follow","max-snippet":"max-snippet:-1","max-image-preview":"max-image-preview:large","max-video-preview":"max-video-preview:-1"},"canonical":"https:\/\/sagrinex.com\/produit\/phoenix-280-baggerlader-neue-maschine-neue-ausruestung\/?lang=de","og_locale":"de_DE","og_type":"article","og_title":"Phoenix 280 Baggerlader Neue Maschine \/ Neue Ausr\u00fcstung - Sagrinex \u2013 Anhaenger, Container &amp; Landtechnik \ud83c\udf3e\ud83d\ude9c","og_description":"DER Phoenix 280 Baggerlader ist eine vielseitige Maschine, die speziell auf die Anforderungen von Bauarbeiten zugeschnitten ist Erdarbeiten, von Laden UndAusgrabung mit einem einzigen Ger\u00e4t. Einzylinder 15 PS Excalibur Benzinmotor (95 \u2013 98) Luftk\u00fchlung Ausbrechkraft 1,6 t Hubkraft des Laders: 250 kg Hilfsleitung serienm\u00e4\u00dfig Maschinenbreite 94 cm Maschinengewicht 800 kg","og_url":"https:\/\/sagrinex.com\/produit\/phoenix-280-baggerlader-neue-maschine-neue-ausruestung\/?lang=de","og_site_name":"Sagrinex \u2013 Anhaenger, Container &amp; Landtechnik \ud83c\udf3e\ud83d\ude9c","twitter_card":"summary_large_image","twitter_misc":{"Gesch\u00e4tzte Lesezeit":"1\u00a0Minute"},"schema":{"@context":"https:\/\/schema.org","@graph":[{"@type":"WebPage","@id":"https:\/\/sagrinex.com\/produit\/phoenix-280-baggerlader-neue-maschine-neue-ausruestung\/?lang=de","url":"https:\/\/sagrinex.com\/produit\/phoenix-280-baggerlader-neue-maschine-neue-ausruestung\/?lang=de","name":"Phoenix 280 Baggerlader Neue Maschine \/ Neue Ausr\u00fcstung - Sagrinex \u2013 Anhaenger, Container &amp; Landtechnik \ud83c\udf3e\ud83d\ude9c","isPartOf":{"@id":"https:\/\/sagrinex.com\/#website"},"primaryImageOfPage":{"@id":"https:\/\/sagrinex.com\/produit\/phoenix-280-baggerlader-neue-maschine-neue-ausruestung\/?lang=de#primaryimage"},"image":{"@id":"https:\/\/sagrinex.com\/produit\/phoenix-280-baggerlader-neue-maschine-neue-ausruestung\/?lang=de#primaryimage"},"thumbnailUrl":"https:\/\/sagrinex.com\/wp-content\/uploads\/2026\/03\/Image-23-1.jpeg","datePublished":"2026-04-15T10:09:05+00:00","breadcrumb":{"@id":"https:\/\/sagrinex.com\/produit\/phoenix-280-baggerlader-neue-maschine-neue-ausruestung\/?lang=de#breadcrumb"},"inLanguage":"de","potentialAction":[{"@type":"ReadAction","target":["https:\/\/sagrinex.com\/produit\/phoenix-280-baggerlader-neue-maschine-neue-ausruestung\/?lang=de"]}]},{"@type":"ImageObject","inLanguage":"de","@id":"https:\/\/sagrinex.com\/produit\/phoenix-280-baggerlader-neue-maschine-neue-ausruestung\/?lang=de#primaryimage","url":"https:\/\/sagrinex.com\/wp-content\/uploads\/2026\/03\/Image-23-1.jpeg","contentUrl":"https:\/\/sagrinex.com\/wp-content\/uploads\/2026\/03\/Image-23-1.jpeg","width":1200,"height":1200},{"@type":"BreadcrumbList","@id":"https:\/\/sagrinex.com\/produit\/phoenix-280-baggerlader-neue-maschine-neue-ausruestung\/?lang=de#breadcrumb","itemListElement":[{"@type":"ListItem","position":1,"name":"Accueil","item":"https:\/\/sagrinex.com\/?lang=de"},{"@type":"ListItem","position":2,"name":"Shop","item":"https:\/\/sagrinex.com\/shop\/"},{"@type":"ListItem","position":3,"name":"Phoenix 280 Baggerlader Neue Maschine \/ Neue Ausr\u00fcstung"}]},{"@type":"WebSite","@id":"https:\/\/sagrinex.com\/#website","url":"https:\/\/sagrinex.com\/","name":"Sagrinex \u2013 Spezialist f\u00fcr Anh\u00e4nger, Container & Landtechnik","description":"Anhaenger, Container &amp; Landtechnik \u2014 Online-Verkauf &amp; kostenloses Angebot","publisher":{"@id":"https:\/\/sagrinex.com\/#organization"},"potentialAction":[{"@type":"SearchAction","target":{"@type":"EntryPoint","urlTemplate":"https:\/\/sagrinex.com\/?s={search_term_string}"},"query-input":{"@type":"PropertyValueSpecification","valueRequired":true,"valueName":"search_term_string"}}],"inLanguage":"de"},{"@type":"Organization","@id":"https:\/\/sagrinex.com\/#organization","name":"Sagrinex \u2013 Remorques, Conteneurs & Mat\u00e9riel Agricole","url":"https:\/\/sagrinex.com\/","logo":{"@type":"ImageObject","inLanguage":"de","@id":"https:\/\/sagrinex.com\/#\/schema\/logo\/image\/","url":"https:\/\/sagrinex.com\/wp-content\/uploads\/2026\/03\/7f1ac463-ef5a-425d-bdd6-a5da03a334a9-1024x683.png","contentUrl":"https:\/\/sagrinex.com\/wp-content\/uploads\/2026\/03\/7f1ac463-ef5a-425d-bdd6-a5da03a334a9-1024x683.png","width":1024,"height":683,"caption":"Sagrinex \u2013 Remorques, Conteneurs & Mat\u00e9riel Agricole"},"image":{"@id":"https:\/\/sagrinex.com\/#\/schema\/logo\/image\/"}}]}},"jetpack_sharing_enabled":true,"_links":{"self":[{"href":"https:\/\/sagrinex.com\/de\/wp-json\/wp\/v2\/product\/17242","targetHints":{"allow":["GET"]}}],"collection":[{"href":"https:\/\/sagrinex.com\/de\/wp-json\/wp\/v2\/product"}],"about":[{"href":"https:\/\/sagrinex.com\/de\/wp-json\/wp\/v2\/types\/product"}],"replies":[{"embeddable":true,"href":"https:\/\/sagrinex.com\/de\/wp-json\/wp\/v2\/comments?post=17242"}],"version-history":[{"count":0,"href":"https:\/\/sagrinex.com\/de\/wp-json\/wp\/v2\/product\/17242\/revisions"}],"wp:featuredmedia":[{"embeddable":true,"href":"https:\/\/sagrinex.com\/de\/wp-json\/wp\/v2\/media\/5643"}],"wp:attachment":[{"href":"https:\/\/sagrinex.com\/de\/wp-json\/wp\/v2\/media?parent=17242"}],"wp:term":[{"taxonomy":"product_brand","embeddable":true,"href":"https:\/\/sagrinex.com\/de\/wp-json\/wp\/v2\/product_brand?post=17242"},{"taxonomy":"product_cat","embeddable":true,"href":"https:\/\/sagrinex.com\/de\/wp-json\/wp\/v2\/product_cat?post=17242"},{"taxonomy":"product_tag","embeddable":true,"href":"https:\/\/sagrinex.com\/de\/wp-json\/wp\/v2\/product_tag?post=17242"}],"curies":[{"name":"wp","href":"https:\/\/api.w.org\/{rel}","templated":true}]}}