{"id":17263,"date":"2026-04-15T15:57:17","date_gmt":"2026-04-15T15:57:17","guid":{"rendered":"https:\/\/sagrinex.com\/produit\/holzgepaeckanhaenger-woody-bt75-zulaessiges-gesamtgewicht-750-kg-1-achse-206-x-114-cm\/"},"modified":"2026-04-15T21:12:24","modified_gmt":"2026-04-15T21:12:24","slug":"holzgepaeckanhaenger-woody-bt75-zulaessiges-gesamtgewicht-750-kg-1-achse-206-x-114-cm","status":"publish","type":"product","link":"https:\/\/sagrinex.com\/de\/produit\/holzgepaeckanhaenger-woody-bt75-zulaessiges-gesamtgewicht-750-kg-1-achse-206-x-114-cm\/","title":{"rendered":"Holzgep\u00c4ckanh\u00c4nger \u2013 Woody BT75 \u2013 Zul\u00e4ssiges Gesamtgewicht: 750 Kg \u2013 1 Achse \u2013 206 X 114 Cm"},"content":{"rendered":"<p>Mit ihrer <strong>herabsetzbaren St\u00fctzlast<\/strong> von 750 Kg ist diese <strong>robuste Transportkiste<\/strong> mit nutzbaren Abmessungen {cp:Dimensions caisse utile:4} ideal f\u00fcr kleine allt\u00e4gliche Arbeiten (<strong>Urlaubsfahrten<\/strong>, <strong>Werkzeugtransport<\/strong>, <strong>Rasenm\u00e4her<\/strong>, <strong>Heckenscheren<\/strong> usw.).<\/p>\n<p>Viele <strong>Optionen<\/strong> sind verf\u00fcgbar, damit sich Ihr Anh\u00e4nger an die verschiedenen Arbeiten anpasst, die Sie durchf\u00fchren m\u00f6chten (<strong>Recyclinghof<\/strong>, <strong>Trockenbau<\/strong> usw.). Sie finden also <strong>n\u00fctzliche Optionen<\/strong> wie:<\/p>\n<ul>\n<li><strong>Leiterklemme<\/strong> (zum Transport von langen Objekten: Leitern, Holzbretter, Metallstangen)<\/li>\n<li><strong>Flache Plane und hohe Plane 120cm + Gestell<\/strong> (um Ihre Ladung vor Witterungseinfl\u00fcssen zu sch\u00fctzen)<\/li>\n<li><strong>Gitteraufbau 50 cm<\/strong> (zum Transport von Gr\u00fcnabfall zum Recyclinghof)<\/li>\n<li><strong>Laubschutzgitter oder komplettes Gitter 250 x 160 cm<\/strong> (um zu verhindern, dass Gr\u00fcnschutt auf der Stra\u00dfe verweht)<\/li>\n<li><strong>Ersatzrad + Halterung<\/strong> (um Pannen auf der Stra\u00dfe zu vermeiden)<\/li>\n<li><strong>Rangierst\u00fctze + Ring<\/strong> (leichte Man\u00f6vrierbarkeit leer und vereinfachtes Abkuppeln des Anh\u00e4ngers)<\/li>\n<li><strong>Satz St\u00fctzf\u00fc\u00dfe hinten<\/strong> (um Ihren Anh\u00e4nger w\u00e4hrend des Beladens leer zu stabilisieren)<\/li>\n<li><strong>Auffahrtsrampen<\/strong> (um kleine motorisierte Fahrzeuge leicht zu laden)<\/li>\n<li><strong>Spannriemen-Set<\/strong> (um Ihre Ladung w\u00e4hrend der Fahrt zu sichern)<\/li>\n<\/ul>\n<p>Dieses Modell kann sowohl als Freizeitanh\u00e4nger f\u00fcr Privatpersonen als auch als zuverl\u00e4ssiges Qualit\u00e4tswerkzeug f\u00fcr Profis dienen.<\/p>\n<p><em><strong>Transportkisten aus Holz mit einem zGVW \u00fcber 500 Kg erfordern die Erstellung eines Kraftfahrzeugscheins. Mit einem zGVW von 500 Kg ben\u00f6tigt dieser Anh\u00e4nger jedoch keinen Kraftfahrzeugschein.<\/strong><\/em><\/p>\n<ul>\n<li>Das Holz rostet nicht<\/li>\n<li>Verformen sich nicht bei St\u00f6\u00dfen<\/li>\n<li>Leichter<\/li>\n<li>G\u00fcnstiger als Aluminiummodelle<\/li>\n<\/ul>\n<p>Die <strong>Woody-Anh\u00e4nger<\/strong> von <strong>Saris<\/strong> werden von vielen Profis in Europa verwendet. Sie geh\u00f6ren zu den <strong>Klassikern<\/strong>, die sich sowohl in Bezug auf <strong>Benutzerfreundlichkeit<\/strong> als auch auf <strong>Vielseitigkeit<\/strong> bew\u00e4hrt haben.<\/p>\n","protected":false},"excerpt":{"rendered":"<p>Dieser h\u00f6lzerne Gep\u00e4ckanh\u00e4nger der Marke Saris eignet sich f\u00fcr den Urlaub, den Transport von Garten- und Heimwerkerwerkzeugen oder f\u00fcr die t\u00e4gliche Arbeit. (Maximale Nutzlast von 575 kg)<\/p>\n<div class=\"mod_fa_champspersonnalisables_v14_liste\">\n<div class=\"mod_fa_champspersonnalisables_v14_titre\"><strong>Gesamtgewicht: <\/strong><span class=\"mod_fa_champspersonnalisables_v14_valeur\">750 kg<\/span><\/div>\n<\/div>\n<div class=\"mod_fa_champspersonnalisables_v14_liste\">\n<div class=\"mod_fa_champspersonnalisables_v14_titre\"><strong>Leermasse: <\/strong><span class=\"mod_fa_champspersonnalisables_v14_valeur\">175 kg<\/span><\/div>\n<\/div>\n<div class=\"mod_fa_champspersonnalisables_v14_liste\">\n<div class=\"mod_fa_champspersonnalisables_v14_titre\"><strong>Nutzlast: <\/strong><span class=\"mod_fa_champspersonnalisables_v14_valeur\">maximal 575 kg<\/span><\/div>\n<\/div>\n<div class=\"mod_fa_champspersonnalisables_v14_liste\">\n<div class=\"mod_fa_champspersonnalisables_v14_titre\"><strong>Gesamtabmessungen: <\/strong><span class=\"mod_fa_champspersonnalisables_v14_valeur\">303 x 159 x H122 cm<\/span><\/div>\n<\/div>\n<div class=\"mod_fa_champspersonnalisables_v14_liste\">\n<div class=\"mod_fa_champspersonnalisables_v14_titre\"><strong>Nutzh\u00f6he\/Boden: <\/strong><span class=\"mod_fa_champspersonnalisables_v14_valeur\">50 cm<\/span><\/div>\n<\/div>\n<div class=\"mod_fa_champspersonnalisables_v14_liste\">\n<div class=\"mod_fa_champspersonnalisables_v14_titre\"><strong>Etage: <\/strong><span class=\"mod_fa_champspersonnalisables_v14_valeur\">Rutschfester CP<\/span><\/div>\n<\/div>\n<div class=\"mod_fa_champspersonnalisables_v14_liste\">\n<div class=\"mod_fa_champspersonnalisables_v14_titre\"><strong>Pfeil: <\/strong><span class=\"mod_fa_champspersonnalisables_v14_valeur\">Feuerverzinkt V<\/span><\/div>\n<\/div>\n<div class=\"mod_fa_champspersonnalisables_v14_liste\">\n<div class=\"mod_fa_champspersonnalisables_v14_titre\"><strong>Kopf gebremst: <\/strong><span class=\"mod_fa_champspersonnalisables_v14_valeur\">Nein<\/span><\/div>\n<\/div>\n<div class=\"mod_fa_champspersonnalisables_v14_liste\">\n<div class=\"mod_fa_champspersonnalisables_v14_titre\"><strong>Fahrgestelltyp: <\/strong><span class=\"mod_fa_champspersonnalisables_v14_valeur\">Feuerverzinkt<\/span><\/div>\n<\/div>\n<div class=\"mod_fa_champspersonnalisables_v14_liste\">\n<div class=\"mod_fa_champspersonnalisables_v14_titre\"><strong>R\u00e4der: <\/strong><span class=\"mod_fa_champspersonnalisables_v14_valeur\">13 Zoll<\/span><\/div>\n<\/div>\n<div class=\"mod_fa_champspersonnalisables_v14_liste\">\n<div class=\"mod_fa_champspersonnalisables_v14_titre\"><strong>Ausr\u00fcstung: <\/strong><span class=\"mod_fa_champspersonnalisables_v14_valeur\">Kotfl\u00fcgel aus schwarzem Kunststoff \/ St\u00fctzrad 48 \/ Verzurr\u00f6sen \/ 15 mm verst\u00e4rkte Holzkarosserie \/ Seitenschutzgel\u00e4nder serienm\u00e4\u00dfig befestigt<\/span><\/div>\n<\/div>\n","protected":false},"featured_media":11225,"comment_status":"open","ping_status":"closed","template":"","meta":[],"product_brand":[],"product_cat":[353,352],"product_tag":[],"class_list":{"0":"post-17263","1":"product","2":"type-product","3":"status-publish","4":"has-post-thumbnail","6":"product_cat-gepaeckanhaenger","7":"product_cat-unsere-trailer","9":"first","10":"instock","11":"shipping-taxable","12":"purchasable","13":"product-type-simple"},"yoast_head":"<!-- This site is optimized with the Yoast SEO plugin v27.5 - https:\/\/yoast.com\/product\/yoast-seo-wordpress\/ -->\n<title>Holzgep\u00c4ckanh\u00c4nger \u2013 Woody BT75 \u2013 Zul\u00e4ssiges Gesamtgewicht: 750 Kg \u2013 1 Achse \u2013 206 X 114 Cm - Sagrinex \u2013 Anhaenger, Container &amp; Landtechnik \ud83c\udf3e\ud83d\ude9c<\/title>\n<meta name=\"robots\" content=\"index, follow, max-snippet:-1, max-image-preview:large, max-video-preview:-1\" \/>\n<link rel=\"canonical\" href=\"https:\/\/sagrinex.com\/produit\/holzgepaeckanhaenger-woody-bt75-zulaessiges-gesamtgewicht-750-kg-1-achse-206-x-114-cm\/?lang=de\" \/>\n<meta property=\"og:locale\" content=\"de_DE\" \/>\n<meta property=\"og:type\" content=\"article\" \/>\n<meta property=\"og:title\" content=\"Holzgep\u00c4ckanh\u00c4nger \u2013 Woody BT75 \u2013 Zul\u00e4ssiges Gesamtgewicht: 750 Kg \u2013 1 Achse \u2013 206 X 114 Cm - Sagrinex \u2013 Anhaenger, Container &amp; Landtechnik \ud83c\udf3e\ud83d\ude9c\" \/>\n<meta property=\"og:description\" content=\"Dieser h\u00f6lzerne Gep\u00e4ckanh\u00e4nger der Marke Saris eignet sich f\u00fcr den Urlaub, den Transport von Garten- und Heimwerkerwerkzeugen oder f\u00fcr die t\u00e4gliche Arbeit. (Maximale Nutzlast von 575 kg) Gesamtgewicht: 750 kg  Leermasse: 175 kg  Nutzlast: maximal 575 kg  Gesamtabmessungen: 303 x 159 x H122 cm  Nutzh\u00f6he\/Boden: 50 cm  Etage: Rutschfester CP  Pfeil: Feuerverzinkt V  Kopf gebremst: Nein  Fahrgestelltyp: Feuerverzinkt  R\u00e4der: 13 Zoll  Ausr\u00fcstung: Kotfl\u00fcgel aus schwarzem Kunststoff \/ St\u00fctzrad 48 \/ Verzurr\u00f6sen \/ 15 mm verst\u00e4rkte Holzkarosserie \/ Seitenschutzgel\u00e4nder serienm\u00e4\u00dfig befestigt\" \/>\n<meta property=\"og:url\" content=\"https:\/\/sagrinex.com\/produit\/holzgepaeckanhaenger-woody-bt75-zulaessiges-gesamtgewicht-750-kg-1-achse-206-x-114-cm\/?lang=de\" \/>\n<meta property=\"og:site_name\" content=\"Sagrinex \u2013 Anhaenger, Container &amp; Landtechnik \ud83c\udf3e\ud83d\ude9c\" \/>\n<meta property=\"article:modified_time\" content=\"2026-04-15T21:12:24+00:00\" \/>\n<meta property=\"og:image\" content=\"https:\/\/sagrinex.com\/wp-content\/uploads\/2026\/03\/Image-156-1.jpeg\" \/>\n\t<meta property=\"og:image:width\" content=\"2000\" \/>\n\t<meta property=\"og:image:height\" content=\"824\" \/>\n\t<meta property=\"og:image:type\" content=\"image\/jpeg\" \/>\n<meta name=\"twitter:card\" content=\"summary_large_image\" \/>\n<meta name=\"twitter:label1\" content=\"Gesch\u00e4tzte Lesezeit\" \/>\n\t<meta name=\"twitter:data1\" content=\"1\u00a0Minute\" \/>\n<script type=\"application\/ld+json\" class=\"yoast-schema-graph\">{\"@context\":\"https:\\\/\\\/schema.org\",\"@graph\":[{\"@type\":\"WebPage\",\"@id\":\"https:\\\/\\\/sagrinex.com\\\/produit\\\/holzgepaeckanhaenger-woody-bt75-zulaessiges-gesamtgewicht-750-kg-1-achse-206-x-114-cm\\\/?lang=de\",\"url\":\"https:\\\/\\\/sagrinex.com\\\/produit\\\/holzgepaeckanhaenger-woody-bt75-zulaessiges-gesamtgewicht-750-kg-1-achse-206-x-114-cm\\\/?lang=de\",\"name\":\"Holzgep\u00c4ckanh\u00c4nger \u2013 Woody BT75 \u2013 Zul\u00e4ssiges Gesamtgewicht: 750 Kg \u2013 1 Achse \u2013 206 X 114 Cm - Sagrinex \u2013 Anhaenger, Container &amp; Landtechnik \ud83c\udf3e\ud83d\ude9c\",\"isPartOf\":{\"@id\":\"https:\\\/\\\/sagrinex.com\\\/#website\"},\"primaryImageOfPage\":{\"@id\":\"https:\\\/\\\/sagrinex.com\\\/produit\\\/holzgepaeckanhaenger-woody-bt75-zulaessiges-gesamtgewicht-750-kg-1-achse-206-x-114-cm\\\/?lang=de#primaryimage\"},\"image\":{\"@id\":\"https:\\\/\\\/sagrinex.com\\\/produit\\\/holzgepaeckanhaenger-woody-bt75-zulaessiges-gesamtgewicht-750-kg-1-achse-206-x-114-cm\\\/?lang=de#primaryimage\"},\"thumbnailUrl\":\"https:\\\/\\\/sagrinex.com\\\/wp-content\\\/uploads\\\/2026\\\/03\\\/Image-156-1.jpeg\",\"datePublished\":\"2026-04-15T15:57:17+00:00\",\"dateModified\":\"2026-04-15T21:12:24+00:00\",\"breadcrumb\":{\"@id\":\"https:\\\/\\\/sagrinex.com\\\/produit\\\/holzgepaeckanhaenger-woody-bt75-zulaessiges-gesamtgewicht-750-kg-1-achse-206-x-114-cm\\\/?lang=de#breadcrumb\"},\"inLanguage\":\"de\",\"potentialAction\":[{\"@type\":\"ReadAction\",\"target\":[\"https:\\\/\\\/sagrinex.com\\\/produit\\\/holzgepaeckanhaenger-woody-bt75-zulaessiges-gesamtgewicht-750-kg-1-achse-206-x-114-cm\\\/?lang=de\"]}]},{\"@type\":\"ImageObject\",\"inLanguage\":\"de\",\"@id\":\"https:\\\/\\\/sagrinex.com\\\/produit\\\/holzgepaeckanhaenger-woody-bt75-zulaessiges-gesamtgewicht-750-kg-1-achse-206-x-114-cm\\\/?lang=de#primaryimage\",\"url\":\"https:\\\/\\\/sagrinex.com\\\/wp-content\\\/uploads\\\/2026\\\/03\\\/Image-156-1.jpeg\",\"contentUrl\":\"https:\\\/\\\/sagrinex.com\\\/wp-content\\\/uploads\\\/2026\\\/03\\\/Image-156-1.jpeg\",\"width\":2000,\"height\":824},{\"@type\":\"BreadcrumbList\",\"@id\":\"https:\\\/\\\/sagrinex.com\\\/produit\\\/holzgepaeckanhaenger-woody-bt75-zulaessiges-gesamtgewicht-750-kg-1-achse-206-x-114-cm\\\/?lang=de#breadcrumb\",\"itemListElement\":[{\"@type\":\"ListItem\",\"position\":1,\"name\":\"Accueil\",\"item\":\"https:\\\/\\\/sagrinex.com\\\/?lang=de\"},{\"@type\":\"ListItem\",\"position\":2,\"name\":\"Shop\",\"item\":\"https:\\\/\\\/sagrinex.com\\\/shop\\\/\"},{\"@type\":\"ListItem\",\"position\":3,\"name\":\"Holzgep\u00c4ckanh\u00c4nger \u2013 Woody BT75 \u2013 Zul\u00e4ssiges Gesamtgewicht: 750 Kg \u2013 1 Achse \u2013 206 X 114 Cm\"}]},{\"@type\":\"WebSite\",\"@id\":\"https:\\\/\\\/sagrinex.com\\\/#website\",\"url\":\"https:\\\/\\\/sagrinex.com\\\/\",\"name\":\"Sagrinex \u2013 Spezialist f\u00fcr Anh\u00e4nger, Container & Landtechnik\",\"description\":\"Anhaenger, Container &amp; Landtechnik \u2014 Online-Verkauf &amp; kostenloses Angebot\",\"publisher\":{\"@id\":\"https:\\\/\\\/sagrinex.com\\\/#organization\"},\"potentialAction\":[{\"@type\":\"SearchAction\",\"target\":{\"@type\":\"EntryPoint\",\"urlTemplate\":\"https:\\\/\\\/sagrinex.com\\\/?s={search_term_string}\"},\"query-input\":{\"@type\":\"PropertyValueSpecification\",\"valueRequired\":true,\"valueName\":\"search_term_string\"}}],\"inLanguage\":\"de\"},{\"@type\":\"Organization\",\"@id\":\"https:\\\/\\\/sagrinex.com\\\/#organization\",\"name\":\"Sagrinex \u2013 Remorques, Conteneurs & Mat\u00e9riel Agricole\",\"url\":\"https:\\\/\\\/sagrinex.com\\\/\",\"logo\":{\"@type\":\"ImageObject\",\"inLanguage\":\"de\",\"@id\":\"https:\\\/\\\/sagrinex.com\\\/#\\\/schema\\\/logo\\\/image\\\/\",\"url\":\"https:\\\/\\\/sagrinex.com\\\/wp-content\\\/uploads\\\/2026\\\/03\\\/7f1ac463-ef5a-425d-bdd6-a5da03a334a9-1024x683.png\",\"contentUrl\":\"https:\\\/\\\/sagrinex.com\\\/wp-content\\\/uploads\\\/2026\\\/03\\\/7f1ac463-ef5a-425d-bdd6-a5da03a334a9-1024x683.png\",\"width\":1024,\"height\":683,\"caption\":\"Sagrinex \u2013 Remorques, Conteneurs & Mat\u00e9riel Agricole\"},\"image\":{\"@id\":\"https:\\\/\\\/sagrinex.com\\\/#\\\/schema\\\/logo\\\/image\\\/\"}}]}<\/script>\n<!-- \/ Yoast SEO plugin. -->","yoast_head_json":{"title":"Holzgep\u00c4ckanh\u00c4nger \u2013 Woody BT75 \u2013 Zul\u00e4ssiges Gesamtgewicht: 750 Kg \u2013 1 Achse \u2013 206 X 114 Cm - Sagrinex \u2013 Anhaenger, Container &amp; Landtechnik \ud83c\udf3e\ud83d\ude9c","robots":{"index":"index","follow":"follow","max-snippet":"max-snippet:-1","max-image-preview":"max-image-preview:large","max-video-preview":"max-video-preview:-1"},"canonical":"https:\/\/sagrinex.com\/produit\/holzgepaeckanhaenger-woody-bt75-zulaessiges-gesamtgewicht-750-kg-1-achse-206-x-114-cm\/?lang=de","og_locale":"de_DE","og_type":"article","og_title":"Holzgep\u00c4ckanh\u00c4nger \u2013 Woody BT75 \u2013 Zul\u00e4ssiges Gesamtgewicht: 750 Kg \u2013 1 Achse \u2013 206 X 114 Cm - Sagrinex \u2013 Anhaenger, Container &amp; Landtechnik \ud83c\udf3e\ud83d\ude9c","og_description":"Dieser h\u00f6lzerne Gep\u00e4ckanh\u00e4nger der Marke Saris eignet sich f\u00fcr den Urlaub, den Transport von Garten- und Heimwerkerwerkzeugen oder f\u00fcr die t\u00e4gliche Arbeit. (Maximale Nutzlast von 575 kg) Gesamtgewicht: 750 kg  Leermasse: 175 kg  Nutzlast: maximal 575 kg  Gesamtabmessungen: 303 x 159 x H122 cm  Nutzh\u00f6he\/Boden: 50 cm  Etage: Rutschfester CP  Pfeil: Feuerverzinkt V  Kopf gebremst: Nein  Fahrgestelltyp: Feuerverzinkt  R\u00e4der: 13 Zoll  Ausr\u00fcstung: Kotfl\u00fcgel aus schwarzem Kunststoff \/ St\u00fctzrad 48 \/ Verzurr\u00f6sen \/ 15 mm verst\u00e4rkte Holzkarosserie \/ Seitenschutzgel\u00e4nder serienm\u00e4\u00dfig befestigt","og_url":"https:\/\/sagrinex.com\/produit\/holzgepaeckanhaenger-woody-bt75-zulaessiges-gesamtgewicht-750-kg-1-achse-206-x-114-cm\/?lang=de","og_site_name":"Sagrinex \u2013 Anhaenger, Container &amp; Landtechnik \ud83c\udf3e\ud83d\ude9c","article_modified_time":"2026-04-15T21:12:24+00:00","og_image":[{"width":2000,"height":824,"url":"https:\/\/sagrinex.com\/wp-content\/uploads\/2026\/03\/Image-156-1.jpeg","type":"image\/jpeg"}],"twitter_card":"summary_large_image","twitter_misc":{"Gesch\u00e4tzte Lesezeit":"1\u00a0Minute"},"schema":{"@context":"https:\/\/schema.org","@graph":[{"@type":"WebPage","@id":"https:\/\/sagrinex.com\/produit\/holzgepaeckanhaenger-woody-bt75-zulaessiges-gesamtgewicht-750-kg-1-achse-206-x-114-cm\/?lang=de","url":"https:\/\/sagrinex.com\/produit\/holzgepaeckanhaenger-woody-bt75-zulaessiges-gesamtgewicht-750-kg-1-achse-206-x-114-cm\/?lang=de","name":"Holzgep\u00c4ckanh\u00c4nger \u2013 Woody BT75 \u2013 Zul\u00e4ssiges Gesamtgewicht: 750 Kg \u2013 1 Achse \u2013 206 X 114 Cm - Sagrinex \u2013 Anhaenger, Container &amp; Landtechnik \ud83c\udf3e\ud83d\ude9c","isPartOf":{"@id":"https:\/\/sagrinex.com\/#website"},"primaryImageOfPage":{"@id":"https:\/\/sagrinex.com\/produit\/holzgepaeckanhaenger-woody-bt75-zulaessiges-gesamtgewicht-750-kg-1-achse-206-x-114-cm\/?lang=de#primaryimage"},"image":{"@id":"https:\/\/sagrinex.com\/produit\/holzgepaeckanhaenger-woody-bt75-zulaessiges-gesamtgewicht-750-kg-1-achse-206-x-114-cm\/?lang=de#primaryimage"},"thumbnailUrl":"https:\/\/sagrinex.com\/wp-content\/uploads\/2026\/03\/Image-156-1.jpeg","datePublished":"2026-04-15T15:57:17+00:00","dateModified":"2026-04-15T21:12:24+00:00","breadcrumb":{"@id":"https:\/\/sagrinex.com\/produit\/holzgepaeckanhaenger-woody-bt75-zulaessiges-gesamtgewicht-750-kg-1-achse-206-x-114-cm\/?lang=de#breadcrumb"},"inLanguage":"de","potentialAction":[{"@type":"ReadAction","target":["https:\/\/sagrinex.com\/produit\/holzgepaeckanhaenger-woody-bt75-zulaessiges-gesamtgewicht-750-kg-1-achse-206-x-114-cm\/?lang=de"]}]},{"@type":"ImageObject","inLanguage":"de","@id":"https:\/\/sagrinex.com\/produit\/holzgepaeckanhaenger-woody-bt75-zulaessiges-gesamtgewicht-750-kg-1-achse-206-x-114-cm\/?lang=de#primaryimage","url":"https:\/\/sagrinex.com\/wp-content\/uploads\/2026\/03\/Image-156-1.jpeg","contentUrl":"https:\/\/sagrinex.com\/wp-content\/uploads\/2026\/03\/Image-156-1.jpeg","width":2000,"height":824},{"@type":"BreadcrumbList","@id":"https:\/\/sagrinex.com\/produit\/holzgepaeckanhaenger-woody-bt75-zulaessiges-gesamtgewicht-750-kg-1-achse-206-x-114-cm\/?lang=de#breadcrumb","itemListElement":[{"@type":"ListItem","position":1,"name":"Accueil","item":"https:\/\/sagrinex.com\/?lang=de"},{"@type":"ListItem","position":2,"name":"Shop","item":"https:\/\/sagrinex.com\/shop\/"},{"@type":"ListItem","position":3,"name":"Holzgep\u00c4ckanh\u00c4nger \u2013 Woody BT75 \u2013 Zul\u00e4ssiges Gesamtgewicht: 750 Kg \u2013 1 Achse \u2013 206 X 114 Cm"}]},{"@type":"WebSite","@id":"https:\/\/sagrinex.com\/#website","url":"https:\/\/sagrinex.com\/","name":"Sagrinex \u2013 Spezialist f\u00fcr Anh\u00e4nger, Container & Landtechnik","description":"Anhaenger, Container &amp; Landtechnik \u2014 Online-Verkauf &amp; kostenloses Angebot","publisher":{"@id":"https:\/\/sagrinex.com\/#organization"},"potentialAction":[{"@type":"SearchAction","target":{"@type":"EntryPoint","urlTemplate":"https:\/\/sagrinex.com\/?s={search_term_string}"},"query-input":{"@type":"PropertyValueSpecification","valueRequired":true,"valueName":"search_term_string"}}],"inLanguage":"de"},{"@type":"Organization","@id":"https:\/\/sagrinex.com\/#organization","name":"Sagrinex \u2013 Remorques, Conteneurs & Mat\u00e9riel Agricole","url":"https:\/\/sagrinex.com\/","logo":{"@type":"ImageObject","inLanguage":"de","@id":"https:\/\/sagrinex.com\/#\/schema\/logo\/image\/","url":"https:\/\/sagrinex.com\/wp-content\/uploads\/2026\/03\/7f1ac463-ef5a-425d-bdd6-a5da03a334a9-1024x683.png","contentUrl":"https:\/\/sagrinex.com\/wp-content\/uploads\/2026\/03\/7f1ac463-ef5a-425d-bdd6-a5da03a334a9-1024x683.png","width":1024,"height":683,"caption":"Sagrinex \u2013 Remorques, Conteneurs & Mat\u00e9riel Agricole"},"image":{"@id":"https:\/\/sagrinex.com\/#\/schema\/logo\/image\/"}}]}},"jetpack_sharing_enabled":true,"_links":{"self":[{"href":"https:\/\/sagrinex.com\/de\/wp-json\/wp\/v2\/product\/17263","targetHints":{"allow":["GET"]}}],"collection":[{"href":"https:\/\/sagrinex.com\/de\/wp-json\/wp\/v2\/product"}],"about":[{"href":"https:\/\/sagrinex.com\/de\/wp-json\/wp\/v2\/types\/product"}],"replies":[{"embeddable":true,"href":"https:\/\/sagrinex.com\/de\/wp-json\/wp\/v2\/comments?post=17263"}],"version-history":[{"count":0,"href":"https:\/\/sagrinex.com\/de\/wp-json\/wp\/v2\/product\/17263\/revisions"}],"wp:featuredmedia":[{"embeddable":true,"href":"https:\/\/sagrinex.com\/de\/wp-json\/wp\/v2\/media\/11225"}],"wp:attachment":[{"href":"https:\/\/sagrinex.com\/de\/wp-json\/wp\/v2\/media?parent=17263"}],"wp:term":[{"taxonomy":"product_brand","embeddable":true,"href":"https:\/\/sagrinex.com\/de\/wp-json\/wp\/v2\/product_brand?post=17263"},{"taxonomy":"product_cat","embeddable":true,"href":"https:\/\/sagrinex.com\/de\/wp-json\/wp\/v2\/product_cat?post=17263"},{"taxonomy":"product_tag","embeddable":true,"href":"https:\/\/sagrinex.com\/de\/wp-json\/wp\/v2\/product_tag?post=17263"}],"curies":[{"name":"wp","href":"https:\/\/api.w.org\/{rel}","templated":true}]}}