{"id":17265,"date":"2026-04-15T15:59:40","date_gmt":"2026-04-15T15:59:40","guid":{"rendered":"https:\/\/sagrinex.com\/produit\/lider-eco-gepaeckanhaenger-mit-holzseiten-1-achse-zulaessiges-gesamtgewicht-500-kg-200-x-126-cm\/"},"modified":"2026-04-15T21:12:24","modified_gmt":"2026-04-15T21:12:24","slug":"lider-eco-gepaeckanhaenger-mit-holzseiten-1-achse-zulaessiges-gesamtgewicht-500-kg-200-x-126-cm","status":"publish","type":"product","link":"https:\/\/sagrinex.com\/de\/produit\/lider-eco-gepaeckanhaenger-mit-holzseiten-1-achse-zulaessiges-gesamtgewicht-500-kg-200-x-126-cm\/","title":{"rendered":"Lider Eco Gep\u00c4ckanh\u00c4nger mit Holzseiten &#8211; 1 Achse &#8211; Zul\u00e4ssiges Gesamtgewicht: 500 Kg &#8211; 200 X 126 Cm"},"content":{"rendered":"<p>Mit seinem\u00a0<strong>PTAC<\/strong>\u00a0von 500 kg, dies\u00a0<strong>Gep\u00e4cktasche aus Holz <\/strong><strong>Licht<\/strong>\u00a0wird ideal f\u00fcr die Kleinen sein\u00a0<strong>t\u00e4gliche Arbeit<\/strong>\u00a0.<br \/>\nDieser Trailer <strong>wirtschaftlich<\/strong> hat nicht das gleiche Niveau<strong> Verst\u00e4rkung des Fahrgestells <\/strong>als die anderen <strong>Gep\u00e4ck<\/strong> der Marke <strong>LIDER<\/strong>. Es wird daher geeignet sein f\u00fcr a <strong>Saisonale Nutzung<\/strong>\u00a0(Rasenm\u00e4hen, Beschneiden im Fr\u00fchling und Sommer oder Tragen von Gep\u00e4ck f\u00fcr den Familienurlaub), ist jedoch nicht f\u00fcr den intensiven Gebrauch das ganze Jahr \u00fcber gedacht.<\/p>\n<p>Das ECO-Modell verf\u00fcgt \u00fcber keine zus\u00e4tzlichen Optionen.<\/p>\n<p><em><strong>LIDER ECO-Gep\u00e4cktaschen haben ein Bruttogewicht von 500 kg und erfordern daher keine Erstellung eines Zulassungsdokuments.<\/strong><\/em><\/p>\n<ul>\n<li><strong>Der Preis<\/strong><\/li>\n<li>Das Holz<strong> rostet nicht<\/strong><\/li>\n<li><strong>Leichter<\/strong> ein verst\u00e4rktes Stahlmodell<\/li>\n<li><strong>\u00d6kologische Materialien<\/strong> umweltfreundlich.<\/li>\n<\/ul>\n<p>Dieser Trailer <strong>Wirtschafts-LIDER<\/strong>\u00a0wurde f\u00fcr entworfen <strong>Einzelpersonen<\/strong> investieren m\u00f6chte a <strong>niedriges Budget<\/strong> in ihrem <strong>Freizeitanh\u00e4nger<\/strong>. Es wird perfekt sein f\u00fcr <strong>Ehepaare im Ruhestand<\/strong> oder zu <strong>Familien<\/strong> Ich m\u00f6chte eine erwerben <strong>praktischer Anh\u00e4nger <\/strong>zu pflegen <strong>gelegentlich <\/strong>ein kleines <strong>Garten <\/strong>oder f\u00fcr die<strong> Abreisen in den Urlaub<\/strong>.<\/p>\n","protected":false},"excerpt":{"rendered":"<p>Dieser wirtschaftliche LIDER-Anh\u00e4nger wurde f\u00fcr Personen entwickelt, die ein kleines Budget in ihren Freizeitanh\u00e4nger investieren m\u00f6chten.<\/p>\n<div class=\"mod_fa_champspersonnalisables_v14_liste\">\n<div class=\"mod_fa_champspersonnalisables_v14_titre\"><strong>Gesamtgewicht: <\/strong><span class=\"mod_fa_champspersonnalisables_v14_valeur\">500 kg<\/span><\/div>\n<\/div>\n<div class=\"mod_fa_champspersonnalisables_v14_liste\">\n<div class=\"mod_fa_champspersonnalisables_v14_titre\"><strong>Leermasse: <\/strong><span class=\"mod_fa_champspersonnalisables_v14_valeur\">135 kg<\/span><\/div>\n<\/div>\n<div class=\"mod_fa_champspersonnalisables_v14_liste\">\n<div class=\"mod_fa_champspersonnalisables_v14_titre\"><strong>Nutzlast: <\/strong><span class=\"mod_fa_champspersonnalisables_v14_valeur\">maximal 365 kg<\/span><\/div>\n<\/div>\n<div class=\"mod_fa_champspersonnalisables_v14_liste\">\n<div class=\"mod_fa_champspersonnalisables_v14_titre\"><strong>Gesamtabmessungen: <\/strong><span class=\"mod_fa_champspersonnalisables_v14_valeur\">160 x 300 x H69 cm<\/span><\/div>\n<\/div>\n<div class=\"mod_fa_champspersonnalisables_v14_liste\">\n<div class=\"mod_fa_champspersonnalisables_v14_titre\"><strong>Nutzh\u00f6he\/Boden: <\/strong><span class=\"mod_fa_champspersonnalisables_v14_valeur\">39 cm<\/span><\/div>\n<\/div>\n<div class=\"mod_fa_champspersonnalisables_v14_liste\">\n<div class=\"mod_fa_champspersonnalisables_v14_titre\"><strong>Achswiderstand(e): <\/strong><span class=\"mod_fa_champspersonnalisables_v14_valeur\">600 kg<\/span><\/div>\n<\/div>\n<div class=\"mod_fa_champspersonnalisables_v14_liste\">\n<div class=\"mod_fa_champspersonnalisables_v14_titre\"><strong>Etage: <\/strong><span class=\"mod_fa_champspersonnalisables_v14_valeur\">Holz CP<\/span><\/div>\n<\/div>\n<div class=\"mod_fa_champspersonnalisables_v14_liste\">\n<div class=\"mod_fa_champspersonnalisables_v14_titre\"><strong>Pfeil: <\/strong><span class=\"mod_fa_champspersonnalisables_v14_valeur\">V-f\u00f6rmig<\/span><\/div>\n<\/div>\n<div class=\"mod_fa_champspersonnalisables_v14_liste\">\n<div class=\"mod_fa_champspersonnalisables_v14_titre\"><strong>Kopf gebremst: <\/strong><span class=\"mod_fa_champspersonnalisables_v14_valeur\">Nein<\/span><\/div>\n<\/div>\n<div class=\"mod_fa_champspersonnalisables_v14_liste\">\n<div class=\"mod_fa_champspersonnalisables_v14_titre\"><strong>R\u00e4der: <\/strong><span class=\"mod_fa_champspersonnalisables_v14_valeur\">145\/80R13<\/span><\/div>\n<\/div>\n<div class=\"mod_fa_champspersonnalisables_v14_liste\">\n<div class=\"mod_fa_champspersonnalisables_v14_titre\"><strong>Ausr\u00fcstung: <\/strong><span class=\"mod_fa_champspersonnalisables_v14_valeur\">4 Zurrringe \/ Kotfl\u00fcgel aus verzinktem Stahl \/ 5-Funktions-R\u00fccklichter \/ vordere Positionslichter.<\/span><\/div>\n<div><\/div>\n<\/div>\n","protected":false},"featured_media":11212,"comment_status":"open","ping_status":"closed","template":"","meta":[],"product_brand":[],"product_cat":[353,352],"product_tag":[],"class_list":{"0":"post-17265","1":"product","2":"type-product","3":"status-publish","4":"has-post-thumbnail","6":"product_cat-gepaeckanhaenger","7":"product_cat-unsere-trailer","9":"first","10":"instock","11":"shipping-taxable","12":"purchasable","13":"product-type-simple"},"yoast_head":"<!-- This site is optimized with the Yoast SEO plugin v27.5 - https:\/\/yoast.com\/product\/yoast-seo-wordpress\/ -->\n<title>Lider Eco Gep\u00c4ckanh\u00c4nger mit Holzseiten - 1 Achse - Zul\u00e4ssiges Gesamtgewicht: 500 Kg - 200 X 126 Cm - Sagrinex \u2013 Anhaenger, Container &amp; Landtechnik \ud83c\udf3e\ud83d\ude9c<\/title>\n<meta name=\"robots\" content=\"index, follow, max-snippet:-1, max-image-preview:large, max-video-preview:-1\" \/>\n<link rel=\"canonical\" href=\"https:\/\/sagrinex.com\/produit\/lider-eco-gepaeckanhaenger-mit-holzseiten-1-achse-zulaessiges-gesamtgewicht-500-kg-200-x-126-cm\/?lang=de\" \/>\n<meta property=\"og:locale\" content=\"de_DE\" \/>\n<meta property=\"og:type\" content=\"article\" \/>\n<meta property=\"og:title\" content=\"Lider Eco Gep\u00c4ckanh\u00c4nger mit Holzseiten - 1 Achse - Zul\u00e4ssiges Gesamtgewicht: 500 Kg - 200 X 126 Cm - Sagrinex \u2013 Anhaenger, Container &amp; Landtechnik \ud83c\udf3e\ud83d\ude9c\" \/>\n<meta property=\"og:description\" content=\"Dieser wirtschaftliche LIDER-Anh\u00e4nger wurde f\u00fcr Personen entwickelt, die ein kleines Budget in ihren Freizeitanh\u00e4nger investieren m\u00f6chten. Gesamtgewicht: 500 kg  Leermasse: 135 kg  Nutzlast: maximal 365 kg  Gesamtabmessungen: 160 x 300 x H69 cm  Nutzh\u00f6he\/Boden: 39 cm  Achswiderstand(e): 600 kg  Etage: Holz CP  Pfeil: V-f\u00f6rmig  Kopf gebremst: Nein  R\u00e4der: 145\/80R13  Ausr\u00fcstung: 4 Zurrringe \/ Kotfl\u00fcgel aus verzinktem Stahl \/ 5-Funktions-R\u00fccklichter \/ vordere Positionslichter.\" \/>\n<meta property=\"og:url\" content=\"https:\/\/sagrinex.com\/produit\/lider-eco-gepaeckanhaenger-mit-holzseiten-1-achse-zulaessiges-gesamtgewicht-500-kg-200-x-126-cm\/?lang=de\" \/>\n<meta property=\"og:site_name\" content=\"Sagrinex \u2013 Anhaenger, Container &amp; Landtechnik \ud83c\udf3e\ud83d\ude9c\" \/>\n<meta property=\"article:modified_time\" content=\"2026-04-15T21:12:24+00:00\" \/>\n<meta property=\"og:image\" content=\"https:\/\/sagrinex.com\/wp-content\/uploads\/2026\/03\/Image-147-1.jpeg\" \/>\n\t<meta property=\"og:image:width\" content=\"1000\" \/>\n\t<meta property=\"og:image:height\" content=\"656\" \/>\n\t<meta property=\"og:image:type\" content=\"image\/jpeg\" \/>\n<meta name=\"twitter:card\" content=\"summary_large_image\" \/>\n<meta name=\"twitter:label1\" content=\"Gesch\u00e4tzte Lesezeit\" \/>\n\t<meta name=\"twitter:data1\" content=\"1\u00a0Minute\" \/>\n<script type=\"application\/ld+json\" class=\"yoast-schema-graph\">{\"@context\":\"https:\\\/\\\/schema.org\",\"@graph\":[{\"@type\":\"WebPage\",\"@id\":\"https:\\\/\\\/sagrinex.com\\\/produit\\\/lider-eco-gepaeckanhaenger-mit-holzseiten-1-achse-zulaessiges-gesamtgewicht-500-kg-200-x-126-cm\\\/?lang=de\",\"url\":\"https:\\\/\\\/sagrinex.com\\\/produit\\\/lider-eco-gepaeckanhaenger-mit-holzseiten-1-achse-zulaessiges-gesamtgewicht-500-kg-200-x-126-cm\\\/?lang=de\",\"name\":\"Lider Eco Gep\u00c4ckanh\u00c4nger mit Holzseiten - 1 Achse - Zul\u00e4ssiges Gesamtgewicht: 500 Kg - 200 X 126 Cm - Sagrinex \u2013 Anhaenger, Container &amp; Landtechnik \ud83c\udf3e\ud83d\ude9c\",\"isPartOf\":{\"@id\":\"https:\\\/\\\/sagrinex.com\\\/#website\"},\"primaryImageOfPage\":{\"@id\":\"https:\\\/\\\/sagrinex.com\\\/produit\\\/lider-eco-gepaeckanhaenger-mit-holzseiten-1-achse-zulaessiges-gesamtgewicht-500-kg-200-x-126-cm\\\/?lang=de#primaryimage\"},\"image\":{\"@id\":\"https:\\\/\\\/sagrinex.com\\\/produit\\\/lider-eco-gepaeckanhaenger-mit-holzseiten-1-achse-zulaessiges-gesamtgewicht-500-kg-200-x-126-cm\\\/?lang=de#primaryimage\"},\"thumbnailUrl\":\"https:\\\/\\\/sagrinex.com\\\/wp-content\\\/uploads\\\/2026\\\/03\\\/Image-147-1.jpeg\",\"datePublished\":\"2026-04-15T15:59:40+00:00\",\"dateModified\":\"2026-04-15T21:12:24+00:00\",\"breadcrumb\":{\"@id\":\"https:\\\/\\\/sagrinex.com\\\/produit\\\/lider-eco-gepaeckanhaenger-mit-holzseiten-1-achse-zulaessiges-gesamtgewicht-500-kg-200-x-126-cm\\\/?lang=de#breadcrumb\"},\"inLanguage\":\"de\",\"potentialAction\":[{\"@type\":\"ReadAction\",\"target\":[\"https:\\\/\\\/sagrinex.com\\\/produit\\\/lider-eco-gepaeckanhaenger-mit-holzseiten-1-achse-zulaessiges-gesamtgewicht-500-kg-200-x-126-cm\\\/?lang=de\"]}]},{\"@type\":\"ImageObject\",\"inLanguage\":\"de\",\"@id\":\"https:\\\/\\\/sagrinex.com\\\/produit\\\/lider-eco-gepaeckanhaenger-mit-holzseiten-1-achse-zulaessiges-gesamtgewicht-500-kg-200-x-126-cm\\\/?lang=de#primaryimage\",\"url\":\"https:\\\/\\\/sagrinex.com\\\/wp-content\\\/uploads\\\/2026\\\/03\\\/Image-147-1.jpeg\",\"contentUrl\":\"https:\\\/\\\/sagrinex.com\\\/wp-content\\\/uploads\\\/2026\\\/03\\\/Image-147-1.jpeg\",\"width\":1000,\"height\":656},{\"@type\":\"BreadcrumbList\",\"@id\":\"https:\\\/\\\/sagrinex.com\\\/produit\\\/lider-eco-gepaeckanhaenger-mit-holzseiten-1-achse-zulaessiges-gesamtgewicht-500-kg-200-x-126-cm\\\/?lang=de#breadcrumb\",\"itemListElement\":[{\"@type\":\"ListItem\",\"position\":1,\"name\":\"Accueil\",\"item\":\"https:\\\/\\\/sagrinex.com\\\/?lang=de\"},{\"@type\":\"ListItem\",\"position\":2,\"name\":\"Shop\",\"item\":\"https:\\\/\\\/sagrinex.com\\\/shop\\\/\"},{\"@type\":\"ListItem\",\"position\":3,\"name\":\"Lider Eco Gep\u00c4ckanh\u00c4nger mit Holzseiten &#8211; 1 Achse &#8211; Zul\u00e4ssiges Gesamtgewicht: 500 Kg &#8211; 200 X 126 Cm\"}]},{\"@type\":\"WebSite\",\"@id\":\"https:\\\/\\\/sagrinex.com\\\/#website\",\"url\":\"https:\\\/\\\/sagrinex.com\\\/\",\"name\":\"Sagrinex \u2013 Spezialist f\u00fcr Anh\u00e4nger, Container & Landtechnik\",\"description\":\"Anhaenger, Container &amp; Landtechnik \u2014 Online-Verkauf &amp; kostenloses Angebot\",\"publisher\":{\"@id\":\"https:\\\/\\\/sagrinex.com\\\/#organization\"},\"potentialAction\":[{\"@type\":\"SearchAction\",\"target\":{\"@type\":\"EntryPoint\",\"urlTemplate\":\"https:\\\/\\\/sagrinex.com\\\/?s={search_term_string}\"},\"query-input\":{\"@type\":\"PropertyValueSpecification\",\"valueRequired\":true,\"valueName\":\"search_term_string\"}}],\"inLanguage\":\"de\"},{\"@type\":\"Organization\",\"@id\":\"https:\\\/\\\/sagrinex.com\\\/#organization\",\"name\":\"Sagrinex \u2013 Remorques, Conteneurs & Mat\u00e9riel Agricole\",\"url\":\"https:\\\/\\\/sagrinex.com\\\/\",\"logo\":{\"@type\":\"ImageObject\",\"inLanguage\":\"de\",\"@id\":\"https:\\\/\\\/sagrinex.com\\\/#\\\/schema\\\/logo\\\/image\\\/\",\"url\":\"https:\\\/\\\/sagrinex.com\\\/wp-content\\\/uploads\\\/2026\\\/03\\\/7f1ac463-ef5a-425d-bdd6-a5da03a334a9-1024x683.png\",\"contentUrl\":\"https:\\\/\\\/sagrinex.com\\\/wp-content\\\/uploads\\\/2026\\\/03\\\/7f1ac463-ef5a-425d-bdd6-a5da03a334a9-1024x683.png\",\"width\":1024,\"height\":683,\"caption\":\"Sagrinex \u2013 Remorques, Conteneurs & Mat\u00e9riel Agricole\"},\"image\":{\"@id\":\"https:\\\/\\\/sagrinex.com\\\/#\\\/schema\\\/logo\\\/image\\\/\"}}]}<\/script>\n<!-- \/ Yoast SEO plugin. -->","yoast_head_json":{"title":"Lider Eco Gep\u00c4ckanh\u00c4nger mit Holzseiten - 1 Achse - Zul\u00e4ssiges Gesamtgewicht: 500 Kg - 200 X 126 Cm - Sagrinex \u2013 Anhaenger, Container &amp; Landtechnik \ud83c\udf3e\ud83d\ude9c","robots":{"index":"index","follow":"follow","max-snippet":"max-snippet:-1","max-image-preview":"max-image-preview:large","max-video-preview":"max-video-preview:-1"},"canonical":"https:\/\/sagrinex.com\/produit\/lider-eco-gepaeckanhaenger-mit-holzseiten-1-achse-zulaessiges-gesamtgewicht-500-kg-200-x-126-cm\/?lang=de","og_locale":"de_DE","og_type":"article","og_title":"Lider Eco Gep\u00c4ckanh\u00c4nger mit Holzseiten - 1 Achse - Zul\u00e4ssiges Gesamtgewicht: 500 Kg - 200 X 126 Cm - Sagrinex \u2013 Anhaenger, Container &amp; Landtechnik \ud83c\udf3e\ud83d\ude9c","og_description":"Dieser wirtschaftliche LIDER-Anh\u00e4nger wurde f\u00fcr Personen entwickelt, die ein kleines Budget in ihren Freizeitanh\u00e4nger investieren m\u00f6chten. Gesamtgewicht: 500 kg  Leermasse: 135 kg  Nutzlast: maximal 365 kg  Gesamtabmessungen: 160 x 300 x H69 cm  Nutzh\u00f6he\/Boden: 39 cm  Achswiderstand(e): 600 kg  Etage: Holz CP  Pfeil: V-f\u00f6rmig  Kopf gebremst: Nein  R\u00e4der: 145\/80R13  Ausr\u00fcstung: 4 Zurrringe \/ Kotfl\u00fcgel aus verzinktem Stahl \/ 5-Funktions-R\u00fccklichter \/ vordere Positionslichter.","og_url":"https:\/\/sagrinex.com\/produit\/lider-eco-gepaeckanhaenger-mit-holzseiten-1-achse-zulaessiges-gesamtgewicht-500-kg-200-x-126-cm\/?lang=de","og_site_name":"Sagrinex \u2013 Anhaenger, Container &amp; Landtechnik \ud83c\udf3e\ud83d\ude9c","article_modified_time":"2026-04-15T21:12:24+00:00","og_image":[{"width":1000,"height":656,"url":"https:\/\/sagrinex.com\/wp-content\/uploads\/2026\/03\/Image-147-1.jpeg","type":"image\/jpeg"}],"twitter_card":"summary_large_image","twitter_misc":{"Gesch\u00e4tzte Lesezeit":"1\u00a0Minute"},"schema":{"@context":"https:\/\/schema.org","@graph":[{"@type":"WebPage","@id":"https:\/\/sagrinex.com\/produit\/lider-eco-gepaeckanhaenger-mit-holzseiten-1-achse-zulaessiges-gesamtgewicht-500-kg-200-x-126-cm\/?lang=de","url":"https:\/\/sagrinex.com\/produit\/lider-eco-gepaeckanhaenger-mit-holzseiten-1-achse-zulaessiges-gesamtgewicht-500-kg-200-x-126-cm\/?lang=de","name":"Lider Eco Gep\u00c4ckanh\u00c4nger mit Holzseiten - 1 Achse - Zul\u00e4ssiges Gesamtgewicht: 500 Kg - 200 X 126 Cm - Sagrinex \u2013 Anhaenger, Container &amp; Landtechnik \ud83c\udf3e\ud83d\ude9c","isPartOf":{"@id":"https:\/\/sagrinex.com\/#website"},"primaryImageOfPage":{"@id":"https:\/\/sagrinex.com\/produit\/lider-eco-gepaeckanhaenger-mit-holzseiten-1-achse-zulaessiges-gesamtgewicht-500-kg-200-x-126-cm\/?lang=de#primaryimage"},"image":{"@id":"https:\/\/sagrinex.com\/produit\/lider-eco-gepaeckanhaenger-mit-holzseiten-1-achse-zulaessiges-gesamtgewicht-500-kg-200-x-126-cm\/?lang=de#primaryimage"},"thumbnailUrl":"https:\/\/sagrinex.com\/wp-content\/uploads\/2026\/03\/Image-147-1.jpeg","datePublished":"2026-04-15T15:59:40+00:00","dateModified":"2026-04-15T21:12:24+00:00","breadcrumb":{"@id":"https:\/\/sagrinex.com\/produit\/lider-eco-gepaeckanhaenger-mit-holzseiten-1-achse-zulaessiges-gesamtgewicht-500-kg-200-x-126-cm\/?lang=de#breadcrumb"},"inLanguage":"de","potentialAction":[{"@type":"ReadAction","target":["https:\/\/sagrinex.com\/produit\/lider-eco-gepaeckanhaenger-mit-holzseiten-1-achse-zulaessiges-gesamtgewicht-500-kg-200-x-126-cm\/?lang=de"]}]},{"@type":"ImageObject","inLanguage":"de","@id":"https:\/\/sagrinex.com\/produit\/lider-eco-gepaeckanhaenger-mit-holzseiten-1-achse-zulaessiges-gesamtgewicht-500-kg-200-x-126-cm\/?lang=de#primaryimage","url":"https:\/\/sagrinex.com\/wp-content\/uploads\/2026\/03\/Image-147-1.jpeg","contentUrl":"https:\/\/sagrinex.com\/wp-content\/uploads\/2026\/03\/Image-147-1.jpeg","width":1000,"height":656},{"@type":"BreadcrumbList","@id":"https:\/\/sagrinex.com\/produit\/lider-eco-gepaeckanhaenger-mit-holzseiten-1-achse-zulaessiges-gesamtgewicht-500-kg-200-x-126-cm\/?lang=de#breadcrumb","itemListElement":[{"@type":"ListItem","position":1,"name":"Accueil","item":"https:\/\/sagrinex.com\/?lang=de"},{"@type":"ListItem","position":2,"name":"Shop","item":"https:\/\/sagrinex.com\/shop\/"},{"@type":"ListItem","position":3,"name":"Lider Eco Gep\u00c4ckanh\u00c4nger mit Holzseiten &#8211; 1 Achse &#8211; Zul\u00e4ssiges Gesamtgewicht: 500 Kg &#8211; 200 X 126 Cm"}]},{"@type":"WebSite","@id":"https:\/\/sagrinex.com\/#website","url":"https:\/\/sagrinex.com\/","name":"Sagrinex \u2013 Spezialist f\u00fcr Anh\u00e4nger, Container & Landtechnik","description":"Anhaenger, Container &amp; Landtechnik \u2014 Online-Verkauf &amp; kostenloses Angebot","publisher":{"@id":"https:\/\/sagrinex.com\/#organization"},"potentialAction":[{"@type":"SearchAction","target":{"@type":"EntryPoint","urlTemplate":"https:\/\/sagrinex.com\/?s={search_term_string}"},"query-input":{"@type":"PropertyValueSpecification","valueRequired":true,"valueName":"search_term_string"}}],"inLanguage":"de"},{"@type":"Organization","@id":"https:\/\/sagrinex.com\/#organization","name":"Sagrinex \u2013 Remorques, Conteneurs & Mat\u00e9riel Agricole","url":"https:\/\/sagrinex.com\/","logo":{"@type":"ImageObject","inLanguage":"de","@id":"https:\/\/sagrinex.com\/#\/schema\/logo\/image\/","url":"https:\/\/sagrinex.com\/wp-content\/uploads\/2026\/03\/7f1ac463-ef5a-425d-bdd6-a5da03a334a9-1024x683.png","contentUrl":"https:\/\/sagrinex.com\/wp-content\/uploads\/2026\/03\/7f1ac463-ef5a-425d-bdd6-a5da03a334a9-1024x683.png","width":1024,"height":683,"caption":"Sagrinex \u2013 Remorques, Conteneurs & Mat\u00e9riel Agricole"},"image":{"@id":"https:\/\/sagrinex.com\/#\/schema\/logo\/image\/"}}]}},"jetpack_sharing_enabled":true,"_links":{"self":[{"href":"https:\/\/sagrinex.com\/de\/wp-json\/wp\/v2\/product\/17265","targetHints":{"allow":["GET"]}}],"collection":[{"href":"https:\/\/sagrinex.com\/de\/wp-json\/wp\/v2\/product"}],"about":[{"href":"https:\/\/sagrinex.com\/de\/wp-json\/wp\/v2\/types\/product"}],"replies":[{"embeddable":true,"href":"https:\/\/sagrinex.com\/de\/wp-json\/wp\/v2\/comments?post=17265"}],"version-history":[{"count":0,"href":"https:\/\/sagrinex.com\/de\/wp-json\/wp\/v2\/product\/17265\/revisions"}],"wp:featuredmedia":[{"embeddable":true,"href":"https:\/\/sagrinex.com\/de\/wp-json\/wp\/v2\/media\/11212"}],"wp:attachment":[{"href":"https:\/\/sagrinex.com\/de\/wp-json\/wp\/v2\/media?parent=17265"}],"wp:term":[{"taxonomy":"product_brand","embeddable":true,"href":"https:\/\/sagrinex.com\/de\/wp-json\/wp\/v2\/product_brand?post=17265"},{"taxonomy":"product_cat","embeddable":true,"href":"https:\/\/sagrinex.com\/de\/wp-json\/wp\/v2\/product_cat?post=17265"},{"taxonomy":"product_tag","embeddable":true,"href":"https:\/\/sagrinex.com\/de\/wp-json\/wp\/v2\/product_tag?post=17265"}],"curies":[{"name":"wp","href":"https:\/\/api.w.org\/{rel}","templated":true}]}}