{"id":17266,"date":"2026-04-15T16:02:04","date_gmt":"2026-04-15T16:02:04","guid":{"rendered":"https:\/\/sagrinex.com\/produit\/lider-mehrzweck-holzanhaenger-mit-bremse-2-achsen-zulaessiges-gesamtgewicht-1300-kg-251-x-133-cm\/"},"modified":"2026-04-15T21:12:24","modified_gmt":"2026-04-15T21:12:24","slug":"lider-mehrzweck-holzanhaenger-mit-bremse-2-achsen-zulaessiges-gesamtgewicht-1300-kg-251-x-133-cm","status":"publish","type":"product","link":"https:\/\/sagrinex.com\/de\/produit\/lider-mehrzweck-holzanhaenger-mit-bremse-2-achsen-zulaessiges-gesamtgewicht-1300-kg-251-x-133-cm\/","title":{"rendered":"Lider Mehrzweck-holzanh\u00e4nger mit Bremse \u2013 2 Achsen \u2013 Zul\u00e4ssiges Gesamtgewicht: 1300 Kg \u2013 251 X 133 Cm"},"content":{"rendered":"<p>Mit ihrem <strong>PTAC<\/strong> von 1300 Kg ist dieser <strong>vielseitige Holzanh\u00e4nger<\/strong> ideal f\u00fcr <strong>Arbeiten<\/strong>, die eine <strong>h\u00f6here Nutzlast ben\u00f6tigen<\/strong> als die von Gep\u00e4ckanh\u00e4ngern gebotene (Arbeiten zur <strong>Renovierung<\/strong>, Transport von <strong>Brennholz<\/strong>, Transport von <strong>schweren M\u00f6beln<\/strong> oder <strong>kleinen motorisierten Fahrzeugen<\/strong> wie Motorr\u00e4dern, Quads und schweren motorisierten Rasenm\u00e4hern).<\/p>\n<p>Das System mit <strong>Kippmulde<\/strong> erm\u00f6glicht ein vereinfachtes Laden und Entladen f\u00fcr den Benutzer. Die Zurrb\u00fcgel sorgen f\u00fcr <strong>Sicherheit<\/strong> und <strong>Stabilit\u00e4t<\/strong> ihrer Ladung.<br \/>\nMit einem <strong>Rahmen aus feuerverzinktem Stahl, verst\u00e4rkt<\/strong> durch <strong>Traversen<\/strong> aus feuerverzinktem Stahl, verformt sich der Boden nicht im Laufe der Zeit und beh\u00e4lt seine urspr\u00fcngliche Robustheit.<\/p>\n<p>F\u00fcr dieses Modell sind <strong>zahlreiche Optionen<\/strong> verf\u00fcgbar:<\/p>\n<ul>\n<li><strong>Flache Plane<\/strong> und <strong>hohe Plane 80 cm<\/strong> (um ihre Ladung vor fremden Blicken oder Witterungseinfl\u00fcssen zu sch\u00fctzen).<\/li>\n<li><strong>Ersatzrad + Halterung <\/strong>(zur Vermeidung kleiner Probleme unterwegs).<\/li>\n<li><strong>Aufbau aus Lochblech 35 cm<\/strong> (um die Nutzungsh\u00f6he der Mulde zu verdoppeln)<\/li>\n<li><strong>Haube <\/strong>(um ihre Ladung vor Diebstahl mit Schl\u00fcsselverschluss zu sch\u00fctzen)<\/li>\n<li><strong>Aufbau aus Drahtgeflecht 60 cm <\/strong>(sehr n\u00fctzlich f\u00fcr die Gestaltung von Gr\u00fcnfl\u00e4chen und Fahrten zur M\u00fcllkippe).<\/li>\n<li><strong>Heckklappe 1m20 + hintere St\u00fctze<\/strong> (um das Laden von kleinen Fahrzeugen wie Motorr\u00e4dern, Quads, Rasenm\u00e4hern usw. zu vereinfachen)<\/li>\n<\/ul>\n<p><em><strong>Vielseitige Holzanh\u00e4nger mit einem PTAC von \u00fcber 500 Kg erfordern die Erstellung eines Fahrzeugbriefs.<\/strong><\/em><\/p>\n<ul>\n<li>Holz rostet nicht<\/li>\n<li>Verformen sich bei St\u00f6\u00dfen nicht (Holz, Schutt, Sand)<\/li>\n<li>Leichter als ein Modell aus verst\u00e4rktem Stahl<\/li>\n<li>G\u00fcnstiger als ein ALU-Anh\u00e4nger.<\/li>\n<li>Authentischeres Design als ein Anh\u00e4nger aus Aluminium oder feuerverzinktem Stahl.<\/li>\n<li>Solides Material f\u00fcr Privatpersonen und Profis.<\/li>\n<\/ul>\n<p>Alle unsere<strong> vielseitigen Anh\u00e4nger Lider<\/strong> werden in <strong>Frankreich <\/strong>montiert und unterliegen<strong> strengen Tests und Pr\u00fcfungen<\/strong>, die unseren Benutzern eine zuverl\u00e4ssige und sichere Qualit\u00e4t und Verwendung \u00fcber die Zeit hinweg garantieren.<\/p>\n","protected":false},"excerpt":{"rendered":"<p>Dieser vielseitige Holzanh\u00e4nger der Marke Lider eignet sich f\u00fcr Heimwerkerarbeiten, Renovierungen, den Transport von Brennholz und Gr\u00fcnabf\u00e4llen f\u00fcr Privatpersonen und Profis (maximale Nutzlast 980 kg).<\/p>\n<div class=\"mod_fa_champspersonnalisables_v14_liste\">\n<div class=\"mod_fa_champspersonnalisables_v14_titre\"><strong>Gesamtgewicht: <\/strong><span class=\"mod_fa_champspersonnalisables_v14_valeur\">1300 kg<\/span><\/div>\n<\/div>\n<div class=\"mod_fa_champspersonnalisables_v14_liste\">\n<div class=\"mod_fa_champspersonnalisables_v14_titre\"><strong>Leermasse: <\/strong><span class=\"mod_fa_champspersonnalisables_v14_valeur\">320 kg<\/span><\/div>\n<\/div>\n<div class=\"mod_fa_champspersonnalisables_v14_liste\">\n<div class=\"mod_fa_champspersonnalisables_v14_titre\"><strong>Nutzlast: <\/strong><span class=\"mod_fa_champspersonnalisables_v14_valeur\">maximal 980 kg<\/span><\/div>\n<\/div>\n<div class=\"mod_fa_champspersonnalisables_v14_liste\">\n<div class=\"mod_fa_champspersonnalisables_v14_titre\"><strong>Gesamtabmessungen: <\/strong><span class=\"mod_fa_champspersonnalisables_v14_valeur\">386 x 184 x H70 cm<\/span><\/div>\n<\/div>\n<div class=\"mod_fa_champspersonnalisables_v14_liste\">\n<div class=\"mod_fa_champspersonnalisables_v14_titre\"><strong>Nutzh\u00f6he\/Boden: <\/strong><span class=\"mod_fa_champspersonnalisables_v14_valeur\">40 cm<\/span><\/div>\n<\/div>\n<div class=\"mod_fa_champspersonnalisables_v14_liste\">\n<div class=\"mod_fa_champspersonnalisables_v14_titre\"><strong>Achswiderstand(e): <\/strong><span class=\"mod_fa_champspersonnalisables_v14_valeur\">2 x 750 kg<\/span><\/div>\n<\/div>\n<div class=\"mod_fa_champspersonnalisables_v14_liste\">\n<div class=\"mod_fa_champspersonnalisables_v14_titre\"><strong>Faltseite(n): <\/strong><span class=\"mod_fa_champspersonnalisables_v14_valeur\">Vorder- und R\u00fcckseite<\/span><\/div>\n<\/div>\n<div class=\"mod_fa_champspersonnalisables_v14_liste\">\n<div class=\"mod_fa_champspersonnalisables_v14_titre\"><strong>Etage: <\/strong><span class=\"mod_fa_champspersonnalisables_v14_valeur\">Rutschfester CP<\/span><\/div>\n<\/div>\n<div class=\"mod_fa_champspersonnalisables_v14_liste\">\n<div class=\"mod_fa_champspersonnalisables_v14_titre\"><strong>Pfeil: <\/strong><span class=\"mod_fa_champspersonnalisables_v14_valeur\">Feuerverzinkt V<\/span><\/div>\n<\/div>\n<div class=\"mod_fa_champspersonnalisables_v14_liste\">\n<div class=\"mod_fa_champspersonnalisables_v14_titre\"><strong>Kopf gebremst: <\/strong><span class=\"mod_fa_champspersonnalisables_v14_valeur\">Ja<\/span><\/div>\n<\/div>\n<div class=\"mod_fa_champspersonnalisables_v14_liste\">\n<div class=\"mod_fa_champspersonnalisables_v14_titre\"><strong>Kippk\u00f6rper: <\/strong><span class=\"mod_fa_champspersonnalisables_v14_valeur\">Ja<\/span><\/div>\n<\/div>\n<div class=\"mod_fa_champspersonnalisables_v14_liste\">\n<div class=\"mod_fa_champspersonnalisables_v14_titre\"><strong>Fahrgestelltyp: <\/strong><span class=\"mod_fa_champspersonnalisables_v14_valeur\">Feuerverzinkt<\/span><\/div>\n<\/div>\n<div class=\"mod_fa_champspersonnalisables_v14_liste\">\n<div class=\"mod_fa_champspersonnalisables_v14_titre\"><strong>R\u00e4der: <\/strong><span class=\"mod_fa_champspersonnalisables_v14_valeur\">155\/70R13<\/span><\/div>\n<\/div>\n<div class=\"mod_fa_champspersonnalisables_v14_liste\">\n<div class=\"mod_fa_champspersonnalisables_v14_titre\"><strong>Ausr\u00fcstung: <\/strong><span class=\"mod_fa_champspersonnalisables_v14_valeur\">4 Zurrringe \/ Umlaufender Handlauf \/ Gesch\u00fctzte Einbauleuchten \/ Integrierter verzinkter Kotfl\u00fcgel \/ St\u00fctzrad 48<\/span><\/div>\n<\/div>\n","protected":false},"featured_media":11201,"comment_status":"open","ping_status":"closed","template":"","meta":[],"product_brand":[],"product_cat":[353,352],"product_tag":[],"class_list":{"0":"post-17266","1":"product","2":"type-product","3":"status-publish","4":"has-post-thumbnail","6":"product_cat-gepaeckanhaenger","7":"product_cat-unsere-trailer","9":"first","10":"instock","11":"shipping-taxable","12":"purchasable","13":"product-type-simple"},"yoast_head":"<!-- This site is optimized with the Yoast SEO plugin v27.5 - https:\/\/yoast.com\/product\/yoast-seo-wordpress\/ -->\n<title>Lider Mehrzweck-holzanh\u00e4nger mit Bremse \u2013 2 Achsen \u2013 Zul\u00e4ssiges Gesamtgewicht: 1300 Kg \u2013 251 X 133 Cm - Sagrinex \u2013 Anhaenger, Container &amp; Landtechnik \ud83c\udf3e\ud83d\ude9c<\/title>\n<meta name=\"robots\" content=\"index, follow, max-snippet:-1, max-image-preview:large, max-video-preview:-1\" \/>\n<link rel=\"canonical\" href=\"https:\/\/sagrinex.com\/produit\/lider-mehrzweck-holzanhaenger-mit-bremse-2-achsen-zulaessiges-gesamtgewicht-1300-kg-251-x-133-cm\/?lang=de\" \/>\n<meta property=\"og:locale\" content=\"de_DE\" \/>\n<meta property=\"og:type\" content=\"article\" \/>\n<meta property=\"og:title\" content=\"Lider Mehrzweck-holzanh\u00e4nger mit Bremse \u2013 2 Achsen \u2013 Zul\u00e4ssiges Gesamtgewicht: 1300 Kg \u2013 251 X 133 Cm - Sagrinex \u2013 Anhaenger, Container &amp; Landtechnik \ud83c\udf3e\ud83d\ude9c\" \/>\n<meta property=\"og:description\" content=\"Dieser vielseitige Holzanh\u00e4nger der Marke Lider eignet sich f\u00fcr Heimwerkerarbeiten, Renovierungen, den Transport von Brennholz und Gr\u00fcnabf\u00e4llen f\u00fcr Privatpersonen und Profis (maximale Nutzlast 980 kg). Gesamtgewicht: 1300 kg  Leermasse: 320 kg  Nutzlast: maximal 980 kg  Gesamtabmessungen: 386 x 184 x H70 cm  Nutzh\u00f6he\/Boden: 40 cm  Achswiderstand(e): 2 x 750 kg  Faltseite(n): Vorder- und R\u00fcckseite  Etage: Rutschfester CP  Pfeil: Feuerverzinkt V  Kopf gebremst: Ja  Kippk\u00f6rper: Ja  Fahrgestelltyp: Feuerverzinkt  R\u00e4der: 155\/70R13  Ausr\u00fcstung: 4 Zurrringe \/ Umlaufender Handlauf \/ Gesch\u00fctzte Einbauleuchten \/ Integrierter verzinkter Kotfl\u00fcgel \/ St\u00fctzrad 48\" \/>\n<meta property=\"og:url\" content=\"https:\/\/sagrinex.com\/produit\/lider-mehrzweck-holzanhaenger-mit-bremse-2-achsen-zulaessiges-gesamtgewicht-1300-kg-251-x-133-cm\/?lang=de\" \/>\n<meta property=\"og:site_name\" content=\"Sagrinex \u2013 Anhaenger, Container &amp; Landtechnik \ud83c\udf3e\ud83d\ude9c\" \/>\n<meta property=\"article:modified_time\" content=\"2026-04-15T21:12:24+00:00\" \/>\n<meta property=\"og:image\" content=\"https:\/\/sagrinex.com\/wp-content\/uploads\/2026\/03\/Image-135-1.jpeg\" \/>\n\t<meta property=\"og:image:width\" content=\"1024\" \/>\n\t<meta property=\"og:image:height\" content=\"672\" \/>\n\t<meta property=\"og:image:type\" content=\"image\/jpeg\" \/>\n<meta name=\"twitter:card\" content=\"summary_large_image\" \/>\n<meta name=\"twitter:label1\" content=\"Gesch\u00e4tzte Lesezeit\" \/>\n\t<meta name=\"twitter:data1\" content=\"1\u00a0Minute\" \/>\n<script type=\"application\/ld+json\" class=\"yoast-schema-graph\">{\"@context\":\"https:\\\/\\\/schema.org\",\"@graph\":[{\"@type\":\"WebPage\",\"@id\":\"https:\\\/\\\/sagrinex.com\\\/produit\\\/lider-mehrzweck-holzanhaenger-mit-bremse-2-achsen-zulaessiges-gesamtgewicht-1300-kg-251-x-133-cm\\\/?lang=de\",\"url\":\"https:\\\/\\\/sagrinex.com\\\/produit\\\/lider-mehrzweck-holzanhaenger-mit-bremse-2-achsen-zulaessiges-gesamtgewicht-1300-kg-251-x-133-cm\\\/?lang=de\",\"name\":\"Lider Mehrzweck-holzanh\u00e4nger mit Bremse \u2013 2 Achsen \u2013 Zul\u00e4ssiges Gesamtgewicht: 1300 Kg \u2013 251 X 133 Cm - Sagrinex \u2013 Anhaenger, Container &amp; Landtechnik \ud83c\udf3e\ud83d\ude9c\",\"isPartOf\":{\"@id\":\"https:\\\/\\\/sagrinex.com\\\/#website\"},\"primaryImageOfPage\":{\"@id\":\"https:\\\/\\\/sagrinex.com\\\/produit\\\/lider-mehrzweck-holzanhaenger-mit-bremse-2-achsen-zulaessiges-gesamtgewicht-1300-kg-251-x-133-cm\\\/?lang=de#primaryimage\"},\"image\":{\"@id\":\"https:\\\/\\\/sagrinex.com\\\/produit\\\/lider-mehrzweck-holzanhaenger-mit-bremse-2-achsen-zulaessiges-gesamtgewicht-1300-kg-251-x-133-cm\\\/?lang=de#primaryimage\"},\"thumbnailUrl\":\"https:\\\/\\\/sagrinex.com\\\/wp-content\\\/uploads\\\/2026\\\/03\\\/Image-135-1.jpeg\",\"datePublished\":\"2026-04-15T16:02:04+00:00\",\"dateModified\":\"2026-04-15T21:12:24+00:00\",\"breadcrumb\":{\"@id\":\"https:\\\/\\\/sagrinex.com\\\/produit\\\/lider-mehrzweck-holzanhaenger-mit-bremse-2-achsen-zulaessiges-gesamtgewicht-1300-kg-251-x-133-cm\\\/?lang=de#breadcrumb\"},\"inLanguage\":\"de\",\"potentialAction\":[{\"@type\":\"ReadAction\",\"target\":[\"https:\\\/\\\/sagrinex.com\\\/produit\\\/lider-mehrzweck-holzanhaenger-mit-bremse-2-achsen-zulaessiges-gesamtgewicht-1300-kg-251-x-133-cm\\\/?lang=de\"]}]},{\"@type\":\"ImageObject\",\"inLanguage\":\"de\",\"@id\":\"https:\\\/\\\/sagrinex.com\\\/produit\\\/lider-mehrzweck-holzanhaenger-mit-bremse-2-achsen-zulaessiges-gesamtgewicht-1300-kg-251-x-133-cm\\\/?lang=de#primaryimage\",\"url\":\"https:\\\/\\\/sagrinex.com\\\/wp-content\\\/uploads\\\/2026\\\/03\\\/Image-135-1.jpeg\",\"contentUrl\":\"https:\\\/\\\/sagrinex.com\\\/wp-content\\\/uploads\\\/2026\\\/03\\\/Image-135-1.jpeg\",\"width\":1024,\"height\":672},{\"@type\":\"BreadcrumbList\",\"@id\":\"https:\\\/\\\/sagrinex.com\\\/produit\\\/lider-mehrzweck-holzanhaenger-mit-bremse-2-achsen-zulaessiges-gesamtgewicht-1300-kg-251-x-133-cm\\\/?lang=de#breadcrumb\",\"itemListElement\":[{\"@type\":\"ListItem\",\"position\":1,\"name\":\"Accueil\",\"item\":\"https:\\\/\\\/sagrinex.com\\\/?lang=de\"},{\"@type\":\"ListItem\",\"position\":2,\"name\":\"Shop\",\"item\":\"https:\\\/\\\/sagrinex.com\\\/shop\\\/\"},{\"@type\":\"ListItem\",\"position\":3,\"name\":\"Lider Mehrzweck-holzanh\u00e4nger mit Bremse \u2013 2 Achsen \u2013 Zul\u00e4ssiges Gesamtgewicht: 1300 Kg \u2013 251 X 133 Cm\"}]},{\"@type\":\"WebSite\",\"@id\":\"https:\\\/\\\/sagrinex.com\\\/#website\",\"url\":\"https:\\\/\\\/sagrinex.com\\\/\",\"name\":\"Sagrinex \u2013 Spezialist f\u00fcr Anh\u00e4nger, Container & Landtechnik\",\"description\":\"Anhaenger, Container &amp; Landtechnik \u2014 Online-Verkauf &amp; kostenloses Angebot\",\"publisher\":{\"@id\":\"https:\\\/\\\/sagrinex.com\\\/#organization\"},\"potentialAction\":[{\"@type\":\"SearchAction\",\"target\":{\"@type\":\"EntryPoint\",\"urlTemplate\":\"https:\\\/\\\/sagrinex.com\\\/?s={search_term_string}\"},\"query-input\":{\"@type\":\"PropertyValueSpecification\",\"valueRequired\":true,\"valueName\":\"search_term_string\"}}],\"inLanguage\":\"de\"},{\"@type\":\"Organization\",\"@id\":\"https:\\\/\\\/sagrinex.com\\\/#organization\",\"name\":\"Sagrinex \u2013 Remorques, Conteneurs & Mat\u00e9riel Agricole\",\"url\":\"https:\\\/\\\/sagrinex.com\\\/\",\"logo\":{\"@type\":\"ImageObject\",\"inLanguage\":\"de\",\"@id\":\"https:\\\/\\\/sagrinex.com\\\/#\\\/schema\\\/logo\\\/image\\\/\",\"url\":\"https:\\\/\\\/sagrinex.com\\\/wp-content\\\/uploads\\\/2026\\\/03\\\/7f1ac463-ef5a-425d-bdd6-a5da03a334a9-1024x683.png\",\"contentUrl\":\"https:\\\/\\\/sagrinex.com\\\/wp-content\\\/uploads\\\/2026\\\/03\\\/7f1ac463-ef5a-425d-bdd6-a5da03a334a9-1024x683.png\",\"width\":1024,\"height\":683,\"caption\":\"Sagrinex \u2013 Remorques, Conteneurs & Mat\u00e9riel Agricole\"},\"image\":{\"@id\":\"https:\\\/\\\/sagrinex.com\\\/#\\\/schema\\\/logo\\\/image\\\/\"}}]}<\/script>\n<!-- \/ Yoast SEO plugin. -->","yoast_head_json":{"title":"Lider Mehrzweck-holzanh\u00e4nger mit Bremse \u2013 2 Achsen \u2013 Zul\u00e4ssiges Gesamtgewicht: 1300 Kg \u2013 251 X 133 Cm - Sagrinex \u2013 Anhaenger, Container &amp; Landtechnik \ud83c\udf3e\ud83d\ude9c","robots":{"index":"index","follow":"follow","max-snippet":"max-snippet:-1","max-image-preview":"max-image-preview:large","max-video-preview":"max-video-preview:-1"},"canonical":"https:\/\/sagrinex.com\/produit\/lider-mehrzweck-holzanhaenger-mit-bremse-2-achsen-zulaessiges-gesamtgewicht-1300-kg-251-x-133-cm\/?lang=de","og_locale":"de_DE","og_type":"article","og_title":"Lider Mehrzweck-holzanh\u00e4nger mit Bremse \u2013 2 Achsen \u2013 Zul\u00e4ssiges Gesamtgewicht: 1300 Kg \u2013 251 X 133 Cm - Sagrinex \u2013 Anhaenger, Container &amp; Landtechnik \ud83c\udf3e\ud83d\ude9c","og_description":"Dieser vielseitige Holzanh\u00e4nger der Marke Lider eignet sich f\u00fcr Heimwerkerarbeiten, Renovierungen, den Transport von Brennholz und Gr\u00fcnabf\u00e4llen f\u00fcr Privatpersonen und Profis (maximale Nutzlast 980 kg). Gesamtgewicht: 1300 kg  Leermasse: 320 kg  Nutzlast: maximal 980 kg  Gesamtabmessungen: 386 x 184 x H70 cm  Nutzh\u00f6he\/Boden: 40 cm  Achswiderstand(e): 2 x 750 kg  Faltseite(n): Vorder- und R\u00fcckseite  Etage: Rutschfester CP  Pfeil: Feuerverzinkt V  Kopf gebremst: Ja  Kippk\u00f6rper: Ja  Fahrgestelltyp: Feuerverzinkt  R\u00e4der: 155\/70R13  Ausr\u00fcstung: 4 Zurrringe \/ Umlaufender Handlauf \/ Gesch\u00fctzte Einbauleuchten \/ Integrierter verzinkter Kotfl\u00fcgel \/ St\u00fctzrad 48","og_url":"https:\/\/sagrinex.com\/produit\/lider-mehrzweck-holzanhaenger-mit-bremse-2-achsen-zulaessiges-gesamtgewicht-1300-kg-251-x-133-cm\/?lang=de","og_site_name":"Sagrinex \u2013 Anhaenger, Container &amp; Landtechnik \ud83c\udf3e\ud83d\ude9c","article_modified_time":"2026-04-15T21:12:24+00:00","og_image":[{"width":1024,"height":672,"url":"https:\/\/sagrinex.com\/wp-content\/uploads\/2026\/03\/Image-135-1.jpeg","type":"image\/jpeg"}],"twitter_card":"summary_large_image","twitter_misc":{"Gesch\u00e4tzte Lesezeit":"1\u00a0Minute"},"schema":{"@context":"https:\/\/schema.org","@graph":[{"@type":"WebPage","@id":"https:\/\/sagrinex.com\/produit\/lider-mehrzweck-holzanhaenger-mit-bremse-2-achsen-zulaessiges-gesamtgewicht-1300-kg-251-x-133-cm\/?lang=de","url":"https:\/\/sagrinex.com\/produit\/lider-mehrzweck-holzanhaenger-mit-bremse-2-achsen-zulaessiges-gesamtgewicht-1300-kg-251-x-133-cm\/?lang=de","name":"Lider Mehrzweck-holzanh\u00e4nger mit Bremse \u2013 2 Achsen \u2013 Zul\u00e4ssiges Gesamtgewicht: 1300 Kg \u2013 251 X 133 Cm - Sagrinex \u2013 Anhaenger, Container &amp; Landtechnik \ud83c\udf3e\ud83d\ude9c","isPartOf":{"@id":"https:\/\/sagrinex.com\/#website"},"primaryImageOfPage":{"@id":"https:\/\/sagrinex.com\/produit\/lider-mehrzweck-holzanhaenger-mit-bremse-2-achsen-zulaessiges-gesamtgewicht-1300-kg-251-x-133-cm\/?lang=de#primaryimage"},"image":{"@id":"https:\/\/sagrinex.com\/produit\/lider-mehrzweck-holzanhaenger-mit-bremse-2-achsen-zulaessiges-gesamtgewicht-1300-kg-251-x-133-cm\/?lang=de#primaryimage"},"thumbnailUrl":"https:\/\/sagrinex.com\/wp-content\/uploads\/2026\/03\/Image-135-1.jpeg","datePublished":"2026-04-15T16:02:04+00:00","dateModified":"2026-04-15T21:12:24+00:00","breadcrumb":{"@id":"https:\/\/sagrinex.com\/produit\/lider-mehrzweck-holzanhaenger-mit-bremse-2-achsen-zulaessiges-gesamtgewicht-1300-kg-251-x-133-cm\/?lang=de#breadcrumb"},"inLanguage":"de","potentialAction":[{"@type":"ReadAction","target":["https:\/\/sagrinex.com\/produit\/lider-mehrzweck-holzanhaenger-mit-bremse-2-achsen-zulaessiges-gesamtgewicht-1300-kg-251-x-133-cm\/?lang=de"]}]},{"@type":"ImageObject","inLanguage":"de","@id":"https:\/\/sagrinex.com\/produit\/lider-mehrzweck-holzanhaenger-mit-bremse-2-achsen-zulaessiges-gesamtgewicht-1300-kg-251-x-133-cm\/?lang=de#primaryimage","url":"https:\/\/sagrinex.com\/wp-content\/uploads\/2026\/03\/Image-135-1.jpeg","contentUrl":"https:\/\/sagrinex.com\/wp-content\/uploads\/2026\/03\/Image-135-1.jpeg","width":1024,"height":672},{"@type":"BreadcrumbList","@id":"https:\/\/sagrinex.com\/produit\/lider-mehrzweck-holzanhaenger-mit-bremse-2-achsen-zulaessiges-gesamtgewicht-1300-kg-251-x-133-cm\/?lang=de#breadcrumb","itemListElement":[{"@type":"ListItem","position":1,"name":"Accueil","item":"https:\/\/sagrinex.com\/?lang=de"},{"@type":"ListItem","position":2,"name":"Shop","item":"https:\/\/sagrinex.com\/shop\/"},{"@type":"ListItem","position":3,"name":"Lider Mehrzweck-holzanh\u00e4nger mit Bremse \u2013 2 Achsen \u2013 Zul\u00e4ssiges Gesamtgewicht: 1300 Kg \u2013 251 X 133 Cm"}]},{"@type":"WebSite","@id":"https:\/\/sagrinex.com\/#website","url":"https:\/\/sagrinex.com\/","name":"Sagrinex \u2013 Spezialist f\u00fcr Anh\u00e4nger, Container & Landtechnik","description":"Anhaenger, Container &amp; Landtechnik \u2014 Online-Verkauf &amp; kostenloses Angebot","publisher":{"@id":"https:\/\/sagrinex.com\/#organization"},"potentialAction":[{"@type":"SearchAction","target":{"@type":"EntryPoint","urlTemplate":"https:\/\/sagrinex.com\/?s={search_term_string}"},"query-input":{"@type":"PropertyValueSpecification","valueRequired":true,"valueName":"search_term_string"}}],"inLanguage":"de"},{"@type":"Organization","@id":"https:\/\/sagrinex.com\/#organization","name":"Sagrinex \u2013 Remorques, Conteneurs & Mat\u00e9riel Agricole","url":"https:\/\/sagrinex.com\/","logo":{"@type":"ImageObject","inLanguage":"de","@id":"https:\/\/sagrinex.com\/#\/schema\/logo\/image\/","url":"https:\/\/sagrinex.com\/wp-content\/uploads\/2026\/03\/7f1ac463-ef5a-425d-bdd6-a5da03a334a9-1024x683.png","contentUrl":"https:\/\/sagrinex.com\/wp-content\/uploads\/2026\/03\/7f1ac463-ef5a-425d-bdd6-a5da03a334a9-1024x683.png","width":1024,"height":683,"caption":"Sagrinex \u2013 Remorques, Conteneurs & Mat\u00e9riel Agricole"},"image":{"@id":"https:\/\/sagrinex.com\/#\/schema\/logo\/image\/"}}]}},"jetpack_sharing_enabled":true,"_links":{"self":[{"href":"https:\/\/sagrinex.com\/de\/wp-json\/wp\/v2\/product\/17266","targetHints":{"allow":["GET"]}}],"collection":[{"href":"https:\/\/sagrinex.com\/de\/wp-json\/wp\/v2\/product"}],"about":[{"href":"https:\/\/sagrinex.com\/de\/wp-json\/wp\/v2\/types\/product"}],"replies":[{"embeddable":true,"href":"https:\/\/sagrinex.com\/de\/wp-json\/wp\/v2\/comments?post=17266"}],"version-history":[{"count":0,"href":"https:\/\/sagrinex.com\/de\/wp-json\/wp\/v2\/product\/17266\/revisions"}],"wp:featuredmedia":[{"embeddable":true,"href":"https:\/\/sagrinex.com\/de\/wp-json\/wp\/v2\/media\/11201"}],"wp:attachment":[{"href":"https:\/\/sagrinex.com\/de\/wp-json\/wp\/v2\/media?parent=17266"}],"wp:term":[{"taxonomy":"product_brand","embeddable":true,"href":"https:\/\/sagrinex.com\/de\/wp-json\/wp\/v2\/product_brand?post=17266"},{"taxonomy":"product_cat","embeddable":true,"href":"https:\/\/sagrinex.com\/de\/wp-json\/wp\/v2\/product_cat?post=17266"},{"taxonomy":"product_tag","embeddable":true,"href":"https:\/\/sagrinex.com\/de\/wp-json\/wp\/v2\/product_tag?post=17266"}],"curies":[{"name":"wp","href":"https:\/\/api.w.org\/{rel}","templated":true}]}}