{"id":17267,"date":"2026-04-15T16:02:38","date_gmt":"2026-04-15T16:02:38","guid":{"rendered":"https:\/\/sagrinex.com\/produit\/eduard-unterrad-flachanhaenger-856\/"},"modified":"2026-04-15T21:12:24","modified_gmt":"2026-04-15T21:12:24","slug":"eduard-unterrad-flachanhaenger-856","status":"publish","type":"product","link":"https:\/\/sagrinex.com\/de\/produit\/eduard-unterrad-flachanhaenger-856\/","title":{"rendered":"Eduard Unterrad-flachanh\u00c4nger &#8211; 856"},"content":{"rendered":"<p>Der <strong>Anh\u00e4nger Eduard Pritsche<\/strong> mit drei Achsen ist eine Ausr\u00fcstung f\u00fcr schwere Transporte, die f\u00fcr anspruchsvolle Fachleute mit au\u00dfergew\u00f6hnlicher Ladefl\u00e4che und einwandfreier Stabilit\u00e4t konzipiert ist. Mit seiner Konfiguration als <strong>nackte Pritsche<\/strong> und integrierten Laderampen ist er das ideale Werkzeug f\u00fcr den Transport von langen Fahrzeugen, unhandlichen Strukturen oder Industriematerialien \u00fcber lange Strecken.<\/p>\n<p>Dieser gro\u00dfformatige Anh\u00e4nger wurde speziell f\u00fcr den <strong>Transport von schweren und volumin\u00f6sen Lasten<\/strong> entwickelt. Seine Nutzl\u00e4nge von \u00fcber 8 Metern ist besonders f\u00fcr den Bauwesen, den spezialisierten Autotransport und Veranstaltungslogistik vorgesehen. Mit seinem <strong>zGG von 3500 kg<\/strong> und seinen drei Achsen gew\u00e4hrleistet er eine optimale Gewichtsverteilung und bietet erh\u00f6hte Sicherheit bei Autobahnfahrten oder auf Baustellen zum Transport von Maschinen oder Profilen gro\u00dfer L\u00e4nge.<\/p>\n<ul>\n<li>Typ: <strong>Pritschenanh\u00e4nger Autotransporter \/ Materialtransporter<\/strong><\/li>\n<li>Nutzabmessungen (LxB): <strong>856 x 220 cm<\/strong><\/li>\n<li>Au\u00dfenabmessungen (LxB): <strong>1011 x 226 cm<\/strong><\/li>\n<li>zGG: <strong>3500 kg<\/strong><\/li>\n<li>Leergewicht: <strong>1102 kg<\/strong><\/li>\n<li>Nutzlast: <strong>2398 kg<\/strong><\/li>\n<li>Konfiguration: <strong>Drei gebremste Achsen<\/strong><\/li>\n<li>Reifen: <strong>195\/50R13<\/strong><\/li>\n<li>Bodenh\u00f6he: <strong>63 cm<\/strong><\/li>\n<li>Zubeh\u00f6r enthalten: <strong>Laderampen und Winde<\/strong><\/li>\n<li>Rampenaufbewahrung: <strong>Unter dem Rahmen<\/strong><\/li>\n<li>Signalisierung: <strong>13-poliger Stecker<\/strong><\/li>\n<li>Rahmen: <strong>V-Deichsel<\/strong> mit <strong>automatischer St\u00fctzrolle<\/strong><\/li>\n<\/ul>\n<p>Dieses Modell zeichnet sich durch seine au\u00dfergew\u00f6hnliche Ladefl\u00e4che von 8,56 Metern Nutzl\u00e4nge aus. Diese seltene Eigenschaft auf dem Markt erm\u00f6glicht den Transport von Teilen aus einem Guss, die normalerweise einen spezialisierten Konvoi erfordern w\u00fcrden. Das <strong>feuerverzinkte Chassis<\/strong> garantiert maximale strukturelle Festigkeit gegen mechanische Belastungen durch die L\u00e4nge und sch\u00fctzt den Stahl dauerhaft vor \u00e4u\u00dferer Korrosion.<\/p>\n<p>Die Konfiguration mit <strong>drei Achsen<\/strong> ist ein gro\u00dfer Vorteil f\u00fcr die Fahrstabilit\u00e4t. Mit mehreren Bodenkontaktpunkten profitiert der Anh\u00e4nger von \u00fcberlegener Fahrstabilit\u00e4t und reduziertem Schlingern auch bei voller Beladung. Die 13-Zoll-R\u00e4der erm\u00f6glichen eine <strong>niedrige Ladeschwelle<\/strong> von 63 cm, was das Aufladen von Fahrzeugen mit niedriger Bodenfreiheit \u00fcber die bereitgestellten Aluminiumrampen mit nur 15 Grad Neigungswinkel erleichtert.<\/p>\n<p>Die Ladungssicherung ist ein Schl\u00fcsselpunkt bei einem Anh\u00e4nger dieser Gr\u00f6\u00dfe. Eduard hat <strong>24 Zurrgurte<\/strong> sowie 14 zus\u00e4tzliche Ankerpunkte integriert, um jede Art von Fracht zu sichern. Diese Vielseitigkeit wird durch das Vorhandensein einer <strong>robusten Handwinde<\/strong> erg\u00e4nzt, die f\u00fcr das Verladen von nicht motorisierten oder defekten Materialien unerl\u00e4sslich ist. Die Rampen sind diskret in einer Schublade unter dem Rahmen untergebracht und geben den Ladefl\u00e4che vollst\u00e4ndig frei.<\/p>\n<p>Der Komfort wird durch hochwertige Komponenten wie die <strong>profilierte V-Deichsel<\/strong> und die automatische St\u00fctzrolle mit gro\u00dfem Durchmesser verst\u00e4rkt. Diese erleichtert Rangierungen und manuelles Bewegen bei Leerfahrten. Die Sicht ist durch eine vollst\u00e4ndige Beleuchtungsanlage gem\u00e4\u00df europ\u00e4ischen Standards gew\u00e4hrleistet, einschlie\u00dflich <strong>robuster Schutzbleche<\/strong> zum Schutz vor Spritzern. Das Fehlen von Bordw\u00e4nden auf diesem \u201enackten\u201c Modell bietet totale Freiheit f\u00fcr seitliche Beladungen.<\/p>\n<ul>\n<li><strong>XXL-Ladekapazit\u00e4t<\/strong> f\u00fcr sehr lange Gegenst\u00e4nde, Autos, Materialien, Anh\u00e4nger usw.<\/li>\n<li><strong>Au\u00dfergew\u00f6hnliche Stabilit\u00e4t<\/strong> dank des Systems mit drei gebremsten Achsen.<\/li>\n<li><strong>Komplette Ausstattung<\/strong> einschlie\u00dflich Rampen, Winde und zahlreiche Ankerpunkte.<\/li>\n<li><strong>Erh\u00f6hte Haltbarkeit<\/strong> mit vollst\u00e4ndig verzinktem Chassis und namhaften Komponenten.<\/li>\n<li><strong>Professionelle Vielseitigkeit<\/strong> f\u00fcr den Transport von Fahrzeugen oder schweren Materialien.<\/li>\n<\/ul>\n<p>Mit einer gro\u00dfen Auswahl an Muldenanh\u00e4ngern auf Lager kann Sagrinex Sie bei Ihrem Kauf je nach Anforderungen an Nutzung, Qualit\u00e4t und Budget beraten.<\/p>\n<p><strong>Sagrinex k\u00fcmmert sich um die Lieferung Ihres Anh\u00e4ngers<\/strong>.<\/p>\n<p>Z\u00f6gern Sie nicht, uns f\u00fcr weitere Details zu kontaktieren<\/p>\n","protected":false},"excerpt":{"rendered":"<p>Gro\u00dfformatiger Eduard-Pritschenanh\u00e4nger mit einer Nutzfl\u00e4che von 856 x 220 cm. Ausgestattet mit einem dreifach gebremsten Achsfahrgestell mit 3500 kg zul\u00e4ssigem Gesamtgewicht sorgt es f\u00fcr maximale Stabilit\u00e4t. Dieses Modell verf\u00fcgt \u00fcber im Fahrgestell verstaute Laderampen, eine Handwinde und 24 Zurr\u00f6sen zur optimalen Sicherung schwerer Lasten.<\/p>\n<div class=\"mod_fa_champspersonnalisables_v14_liste\">\n<div class=\"mod_fa_champspersonnalisables_v14_titre\"><strong>Gesamtgewicht: <\/strong><span class=\"mod_fa_champspersonnalisables_v14_valeur\">3500 kg<\/span><\/div>\n<\/div>\n<div class=\"mod_fa_champspersonnalisables_v14_liste\">\n<div class=\"mod_fa_champspersonnalisables_v14_titre\"><strong>Leermasse: <\/strong><span class=\"mod_fa_champspersonnalisables_v14_valeur\">1102 kg<\/span><\/div>\n<\/div>\n<div class=\"mod_fa_champspersonnalisables_v14_liste\">\n<div class=\"mod_fa_champspersonnalisables_v14_titre\"><strong>Nutzlast: <\/strong><span class=\"mod_fa_champspersonnalisables_v14_valeur\">2398 kg<\/span><\/div>\n<\/div>\n<div class=\"mod_fa_champspersonnalisables_v14_liste\">\n<div class=\"mod_fa_champspersonnalisables_v14_titre\"><strong>N\u00fctzliche Abmessungen: <\/strong><span class=\"mod_fa_champspersonnalisables_v14_valeur\">856 x 220 cm<\/span><\/div>\n<\/div>\n<div class=\"mod_fa_champspersonnalisables_v14_liste\">\n<div class=\"mod_fa_champspersonnalisables_v14_titre\"><strong>Kopf gebremst: <\/strong><span class=\"mod_fa_champspersonnalisables_v14_valeur\">JA<\/span><\/div>\n<\/div>\n<div class=\"mod_fa_champspersonnalisables_v14_liste\">\n<div class=\"mod_fa_champspersonnalisables_v14_titre\"><strong>Kippk\u00f6rper: <\/strong><span class=\"mod_fa_champspersonnalisables_v14_valeur\">Nein<\/span><\/div>\n<\/div>\n<div class=\"mod_fa_champspersonnalisables_v14_liste\">\n<div class=\"mod_fa_champspersonnalisables_v14_titre\"><strong>Fahrgestelltyp: <\/strong><span class=\"mod_fa_champspersonnalisables_v14_valeur\">Feuerverzinkt<\/span><\/div>\n<\/div>\n<div class=\"mod_fa_champspersonnalisables_v14_liste\">\n<div class=\"mod_fa_champspersonnalisables_v14_titre\"><strong>R\u00e4der: <\/strong><span class=\"mod_fa_champspersonnalisables_v14_valeur\">195\/50R13<\/span><\/div>\n<\/div>\n","protected":false},"featured_media":11196,"comment_status":"open","ping_status":"closed","template":"","meta":[],"product_brand":[],"product_cat":[359,352],"product_tag":[],"class_list":{"0":"post-17267","1":"product","2":"type-product","3":"status-publish","4":"has-post-thumbnail","6":"product_cat-autotransportanhaenger","7":"product_cat-unsere-trailer","9":"first","10":"instock","11":"shipping-taxable","12":"purchasable","13":"product-type-simple"},"yoast_head":"<!-- This site is optimized with the Yoast SEO plugin v27.5 - https:\/\/yoast.com\/product\/yoast-seo-wordpress\/ -->\n<title>Eduard Unterrad-flachanh\u00c4nger - 856 - Sagrinex \u2013 Anhaenger, Container &amp; Landtechnik \ud83c\udf3e\ud83d\ude9c<\/title>\n<meta name=\"robots\" content=\"index, follow, max-snippet:-1, max-image-preview:large, max-video-preview:-1\" \/>\n<link rel=\"canonical\" href=\"https:\/\/sagrinex.com\/produit\/eduard-unterrad-flachanhaenger-856\/?lang=de\" \/>\n<meta property=\"og:locale\" content=\"de_DE\" \/>\n<meta property=\"og:type\" content=\"article\" \/>\n<meta property=\"og:title\" content=\"Eduard Unterrad-flachanh\u00c4nger - 856 - Sagrinex \u2013 Anhaenger, Container &amp; Landtechnik \ud83c\udf3e\ud83d\ude9c\" \/>\n<meta property=\"og:description\" content=\"Gro\u00dfformatiger Eduard-Pritschenanh\u00e4nger mit einer Nutzfl\u00e4che von 856 x 220 cm. Ausgestattet mit einem dreifach gebremsten Achsfahrgestell mit 3500 kg zul\u00e4ssigem Gesamtgewicht sorgt es f\u00fcr maximale Stabilit\u00e4t. Dieses Modell verf\u00fcgt \u00fcber im Fahrgestell verstaute Laderampen, eine Handwinde und 24 Zurr\u00f6sen zur optimalen Sicherung schwerer Lasten. Gesamtgewicht: 3500 kg  Leermasse: 1102 kg  Nutzlast: 2398 kg  N\u00fctzliche Abmessungen: 856 x 220 cm  Kopf gebremst: JA  Kippk\u00f6rper: Nein  Fahrgestelltyp: Feuerverzinkt  R\u00e4der: 195\/50R13\" \/>\n<meta property=\"og:url\" content=\"https:\/\/sagrinex.com\/produit\/eduard-unterrad-flachanhaenger-856\/?lang=de\" \/>\n<meta property=\"og:site_name\" content=\"Sagrinex \u2013 Anhaenger, Container &amp; Landtechnik \ud83c\udf3e\ud83d\ude9c\" \/>\n<meta property=\"article:modified_time\" content=\"2026-04-15T21:12:24+00:00\" \/>\n<meta property=\"og:image\" content=\"https:\/\/sagrinex.com\/wp-content\/uploads\/2026\/03\/Image-130-1.jpeg\" \/>\n\t<meta property=\"og:image:width\" content=\"1032\" \/>\n\t<meta property=\"og:image:height\" content=\"730\" \/>\n\t<meta property=\"og:image:type\" content=\"image\/jpeg\" \/>\n<meta name=\"twitter:card\" content=\"summary_large_image\" \/>\n<meta name=\"twitter:label1\" content=\"Gesch\u00e4tzte Lesezeit\" \/>\n\t<meta name=\"twitter:data1\" content=\"3\u00a0Minuten\" \/>\n<script type=\"application\/ld+json\" class=\"yoast-schema-graph\">{\"@context\":\"https:\\\/\\\/schema.org\",\"@graph\":[{\"@type\":\"WebPage\",\"@id\":\"https:\\\/\\\/sagrinex.com\\\/produit\\\/eduard-unterrad-flachanhaenger-856\\\/?lang=de\",\"url\":\"https:\\\/\\\/sagrinex.com\\\/produit\\\/eduard-unterrad-flachanhaenger-856\\\/?lang=de\",\"name\":\"Eduard Unterrad-flachanh\u00c4nger - 856 - Sagrinex \u2013 Anhaenger, Container &amp; Landtechnik \ud83c\udf3e\ud83d\ude9c\",\"isPartOf\":{\"@id\":\"https:\\\/\\\/sagrinex.com\\\/#website\"},\"primaryImageOfPage\":{\"@id\":\"https:\\\/\\\/sagrinex.com\\\/produit\\\/eduard-unterrad-flachanhaenger-856\\\/?lang=de#primaryimage\"},\"image\":{\"@id\":\"https:\\\/\\\/sagrinex.com\\\/produit\\\/eduard-unterrad-flachanhaenger-856\\\/?lang=de#primaryimage\"},\"thumbnailUrl\":\"https:\\\/\\\/sagrinex.com\\\/wp-content\\\/uploads\\\/2026\\\/03\\\/Image-130-1.jpeg\",\"datePublished\":\"2026-04-15T16:02:38+00:00\",\"dateModified\":\"2026-04-15T21:12:24+00:00\",\"breadcrumb\":{\"@id\":\"https:\\\/\\\/sagrinex.com\\\/produit\\\/eduard-unterrad-flachanhaenger-856\\\/?lang=de#breadcrumb\"},\"inLanguage\":\"de\",\"potentialAction\":[{\"@type\":\"ReadAction\",\"target\":[\"https:\\\/\\\/sagrinex.com\\\/produit\\\/eduard-unterrad-flachanhaenger-856\\\/?lang=de\"]}]},{\"@type\":\"ImageObject\",\"inLanguage\":\"de\",\"@id\":\"https:\\\/\\\/sagrinex.com\\\/produit\\\/eduard-unterrad-flachanhaenger-856\\\/?lang=de#primaryimage\",\"url\":\"https:\\\/\\\/sagrinex.com\\\/wp-content\\\/uploads\\\/2026\\\/03\\\/Image-130-1.jpeg\",\"contentUrl\":\"https:\\\/\\\/sagrinex.com\\\/wp-content\\\/uploads\\\/2026\\\/03\\\/Image-130-1.jpeg\",\"width\":1032,\"height\":730},{\"@type\":\"BreadcrumbList\",\"@id\":\"https:\\\/\\\/sagrinex.com\\\/produit\\\/eduard-unterrad-flachanhaenger-856\\\/?lang=de#breadcrumb\",\"itemListElement\":[{\"@type\":\"ListItem\",\"position\":1,\"name\":\"Accueil\",\"item\":\"https:\\\/\\\/sagrinex.com\\\/?lang=de\"},{\"@type\":\"ListItem\",\"position\":2,\"name\":\"Shop\",\"item\":\"https:\\\/\\\/sagrinex.com\\\/shop\\\/\"},{\"@type\":\"ListItem\",\"position\":3,\"name\":\"Eduard Unterrad-flachanh\u00c4nger &#8211; 856\"}]},{\"@type\":\"WebSite\",\"@id\":\"https:\\\/\\\/sagrinex.com\\\/#website\",\"url\":\"https:\\\/\\\/sagrinex.com\\\/\",\"name\":\"Sagrinex \u2013 Spezialist f\u00fcr Anh\u00e4nger, Container & Landtechnik\",\"description\":\"Anhaenger, Container &amp; Landtechnik \u2014 Online-Verkauf &amp; kostenloses Angebot\",\"publisher\":{\"@id\":\"https:\\\/\\\/sagrinex.com\\\/#organization\"},\"potentialAction\":[{\"@type\":\"SearchAction\",\"target\":{\"@type\":\"EntryPoint\",\"urlTemplate\":\"https:\\\/\\\/sagrinex.com\\\/?s={search_term_string}\"},\"query-input\":{\"@type\":\"PropertyValueSpecification\",\"valueRequired\":true,\"valueName\":\"search_term_string\"}}],\"inLanguage\":\"de\"},{\"@type\":\"Organization\",\"@id\":\"https:\\\/\\\/sagrinex.com\\\/#organization\",\"name\":\"Sagrinex \u2013 Remorques, Conteneurs & Mat\u00e9riel Agricole\",\"url\":\"https:\\\/\\\/sagrinex.com\\\/\",\"logo\":{\"@type\":\"ImageObject\",\"inLanguage\":\"de\",\"@id\":\"https:\\\/\\\/sagrinex.com\\\/#\\\/schema\\\/logo\\\/image\\\/\",\"url\":\"https:\\\/\\\/sagrinex.com\\\/wp-content\\\/uploads\\\/2026\\\/03\\\/7f1ac463-ef5a-425d-bdd6-a5da03a334a9-1024x683.png\",\"contentUrl\":\"https:\\\/\\\/sagrinex.com\\\/wp-content\\\/uploads\\\/2026\\\/03\\\/7f1ac463-ef5a-425d-bdd6-a5da03a334a9-1024x683.png\",\"width\":1024,\"height\":683,\"caption\":\"Sagrinex \u2013 Remorques, Conteneurs & Mat\u00e9riel Agricole\"},\"image\":{\"@id\":\"https:\\\/\\\/sagrinex.com\\\/#\\\/schema\\\/logo\\\/image\\\/\"}}]}<\/script>\n<!-- \/ Yoast SEO plugin. -->","yoast_head_json":{"title":"Eduard Unterrad-flachanh\u00c4nger - 856 - Sagrinex \u2013 Anhaenger, Container &amp; Landtechnik \ud83c\udf3e\ud83d\ude9c","robots":{"index":"index","follow":"follow","max-snippet":"max-snippet:-1","max-image-preview":"max-image-preview:large","max-video-preview":"max-video-preview:-1"},"canonical":"https:\/\/sagrinex.com\/produit\/eduard-unterrad-flachanhaenger-856\/?lang=de","og_locale":"de_DE","og_type":"article","og_title":"Eduard Unterrad-flachanh\u00c4nger - 856 - Sagrinex \u2013 Anhaenger, Container &amp; Landtechnik \ud83c\udf3e\ud83d\ude9c","og_description":"Gro\u00dfformatiger Eduard-Pritschenanh\u00e4nger mit einer Nutzfl\u00e4che von 856 x 220 cm. Ausgestattet mit einem dreifach gebremsten Achsfahrgestell mit 3500 kg zul\u00e4ssigem Gesamtgewicht sorgt es f\u00fcr maximale Stabilit\u00e4t. Dieses Modell verf\u00fcgt \u00fcber im Fahrgestell verstaute Laderampen, eine Handwinde und 24 Zurr\u00f6sen zur optimalen Sicherung schwerer Lasten. Gesamtgewicht: 3500 kg  Leermasse: 1102 kg  Nutzlast: 2398 kg  N\u00fctzliche Abmessungen: 856 x 220 cm  Kopf gebremst: JA  Kippk\u00f6rper: Nein  Fahrgestelltyp: Feuerverzinkt  R\u00e4der: 195\/50R13","og_url":"https:\/\/sagrinex.com\/produit\/eduard-unterrad-flachanhaenger-856\/?lang=de","og_site_name":"Sagrinex \u2013 Anhaenger, Container &amp; Landtechnik \ud83c\udf3e\ud83d\ude9c","article_modified_time":"2026-04-15T21:12:24+00:00","og_image":[{"width":1032,"height":730,"url":"https:\/\/sagrinex.com\/wp-content\/uploads\/2026\/03\/Image-130-1.jpeg","type":"image\/jpeg"}],"twitter_card":"summary_large_image","twitter_misc":{"Gesch\u00e4tzte Lesezeit":"3\u00a0Minuten"},"schema":{"@context":"https:\/\/schema.org","@graph":[{"@type":"WebPage","@id":"https:\/\/sagrinex.com\/produit\/eduard-unterrad-flachanhaenger-856\/?lang=de","url":"https:\/\/sagrinex.com\/produit\/eduard-unterrad-flachanhaenger-856\/?lang=de","name":"Eduard Unterrad-flachanh\u00c4nger - 856 - Sagrinex \u2013 Anhaenger, Container &amp; Landtechnik \ud83c\udf3e\ud83d\ude9c","isPartOf":{"@id":"https:\/\/sagrinex.com\/#website"},"primaryImageOfPage":{"@id":"https:\/\/sagrinex.com\/produit\/eduard-unterrad-flachanhaenger-856\/?lang=de#primaryimage"},"image":{"@id":"https:\/\/sagrinex.com\/produit\/eduard-unterrad-flachanhaenger-856\/?lang=de#primaryimage"},"thumbnailUrl":"https:\/\/sagrinex.com\/wp-content\/uploads\/2026\/03\/Image-130-1.jpeg","datePublished":"2026-04-15T16:02:38+00:00","dateModified":"2026-04-15T21:12:24+00:00","breadcrumb":{"@id":"https:\/\/sagrinex.com\/produit\/eduard-unterrad-flachanhaenger-856\/?lang=de#breadcrumb"},"inLanguage":"de","potentialAction":[{"@type":"ReadAction","target":["https:\/\/sagrinex.com\/produit\/eduard-unterrad-flachanhaenger-856\/?lang=de"]}]},{"@type":"ImageObject","inLanguage":"de","@id":"https:\/\/sagrinex.com\/produit\/eduard-unterrad-flachanhaenger-856\/?lang=de#primaryimage","url":"https:\/\/sagrinex.com\/wp-content\/uploads\/2026\/03\/Image-130-1.jpeg","contentUrl":"https:\/\/sagrinex.com\/wp-content\/uploads\/2026\/03\/Image-130-1.jpeg","width":1032,"height":730},{"@type":"BreadcrumbList","@id":"https:\/\/sagrinex.com\/produit\/eduard-unterrad-flachanhaenger-856\/?lang=de#breadcrumb","itemListElement":[{"@type":"ListItem","position":1,"name":"Accueil","item":"https:\/\/sagrinex.com\/?lang=de"},{"@type":"ListItem","position":2,"name":"Shop","item":"https:\/\/sagrinex.com\/shop\/"},{"@type":"ListItem","position":3,"name":"Eduard Unterrad-flachanh\u00c4nger &#8211; 856"}]},{"@type":"WebSite","@id":"https:\/\/sagrinex.com\/#website","url":"https:\/\/sagrinex.com\/","name":"Sagrinex \u2013 Spezialist f\u00fcr Anh\u00e4nger, Container & Landtechnik","description":"Anhaenger, Container &amp; Landtechnik \u2014 Online-Verkauf &amp; kostenloses Angebot","publisher":{"@id":"https:\/\/sagrinex.com\/#organization"},"potentialAction":[{"@type":"SearchAction","target":{"@type":"EntryPoint","urlTemplate":"https:\/\/sagrinex.com\/?s={search_term_string}"},"query-input":{"@type":"PropertyValueSpecification","valueRequired":true,"valueName":"search_term_string"}}],"inLanguage":"de"},{"@type":"Organization","@id":"https:\/\/sagrinex.com\/#organization","name":"Sagrinex \u2013 Remorques, Conteneurs & Mat\u00e9riel Agricole","url":"https:\/\/sagrinex.com\/","logo":{"@type":"ImageObject","inLanguage":"de","@id":"https:\/\/sagrinex.com\/#\/schema\/logo\/image\/","url":"https:\/\/sagrinex.com\/wp-content\/uploads\/2026\/03\/7f1ac463-ef5a-425d-bdd6-a5da03a334a9-1024x683.png","contentUrl":"https:\/\/sagrinex.com\/wp-content\/uploads\/2026\/03\/7f1ac463-ef5a-425d-bdd6-a5da03a334a9-1024x683.png","width":1024,"height":683,"caption":"Sagrinex \u2013 Remorques, Conteneurs & Mat\u00e9riel Agricole"},"image":{"@id":"https:\/\/sagrinex.com\/#\/schema\/logo\/image\/"}}]}},"jetpack_sharing_enabled":true,"_links":{"self":[{"href":"https:\/\/sagrinex.com\/de\/wp-json\/wp\/v2\/product\/17267","targetHints":{"allow":["GET"]}}],"collection":[{"href":"https:\/\/sagrinex.com\/de\/wp-json\/wp\/v2\/product"}],"about":[{"href":"https:\/\/sagrinex.com\/de\/wp-json\/wp\/v2\/types\/product"}],"replies":[{"embeddable":true,"href":"https:\/\/sagrinex.com\/de\/wp-json\/wp\/v2\/comments?post=17267"}],"version-history":[{"count":0,"href":"https:\/\/sagrinex.com\/de\/wp-json\/wp\/v2\/product\/17267\/revisions"}],"wp:featuredmedia":[{"embeddable":true,"href":"https:\/\/sagrinex.com\/de\/wp-json\/wp\/v2\/media\/11196"}],"wp:attachment":[{"href":"https:\/\/sagrinex.com\/de\/wp-json\/wp\/v2\/media?parent=17267"}],"wp:term":[{"taxonomy":"product_brand","embeddable":true,"href":"https:\/\/sagrinex.com\/de\/wp-json\/wp\/v2\/product_brand?post=17267"},{"taxonomy":"product_cat","embeddable":true,"href":"https:\/\/sagrinex.com\/de\/wp-json\/wp\/v2\/product_cat?post=17267"},{"taxonomy":"product_tag","embeddable":true,"href":"https:\/\/sagrinex.com\/de\/wp-json\/wp\/v2\/product_tag?post=17267"}],"curies":[{"name":"wp","href":"https:\/\/api.w.org\/{rel}","templated":true}]}}