{"id":17271,"date":"2026-04-15T16:04:22","date_gmt":"2026-04-15T16:04:22","guid":{"rendered":"https:\/\/sagrinex.com\/produit\/aluminium-van-anhaenger-seitentuer-debon-c700-roadster-gesamtgewicht-2600-kg-376x179xh200-cm\/"},"modified":"2026-04-15T21:12:24","modified_gmt":"2026-04-15T21:12:24","slug":"aluminium-van-anhaenger-seitentuer-debon-c700-roadster-gesamtgewicht-2600-kg-376x179xh200-cm","status":"publish","type":"product","link":"https:\/\/sagrinex.com\/de\/produit\/aluminium-van-anhaenger-seitentuer-debon-c700-roadster-gesamtgewicht-2600-kg-376x179xh200-cm\/","title":{"rendered":"Aluminium-van-anh\u00c4nger + Seitent\u00dcr Debon C700 Roadster &#8211; Gesamtgewicht: 2600 Kg &#8211; 376X179XH200 Cm"},"content":{"rendered":"<p>Wir bieten diesen DEBON C700 Transporteranh\u00e4nger an. Mit dieser Art von Ausr\u00fcstung k\u00f6nnen Sie bei Regenwetter problemlos schwere Massivholzm\u00f6bel oder auch motorisierte Fahrzeuge wie Oldtimer-Motorr\u00e4der, gro\u00dfe Quads oder Rasentraktoren transportieren.<\/p>\n<h2>DIE VORTEILE DES ALUMINIUM-LIEFERWAGENS ROADSTER C700<\/h2>\n<p>\u200bDoppelachsiger gebremster Lieferwagen<\/p>\n<p>Pullman2: Federung in Automobilqualit\u00e4t f\u00fcr au\u00dfergew\u00f6hnliche Stra\u00dfenlage<\/p>\n<p>Verzinktes Fahrgestell mit Aluminiumrahmen<\/p>\n<p>Windabweiser und Dach aus Polyester<\/p>\n<p>18-mm-Aluminiumw\u00e4nde mit 5 Jahren Garantie<\/p>\n<p>24 mm Aluminiumboden mit 5 Jahren Garantie<\/p>\n<p>Seitent\u00fcr mit Schl\u00fcsselschloss<\/p>\n<p>Sto\u00dffeste ABS-Fl\u00fcgel<\/p>\n<p>Heckbeladung \u00fcber Br\u00fccke oder T\u00fcr, einfach zu realisieren<\/p>\n<p>gesch\u00fctzte Einbauleuchten<\/p>\n<p>8 Zurrringe innen<\/p>\n<p>Innenbeleuchtung<\/p>\n<p>14\u2033 R\u00e4der<\/p>\n<p>Automatische St\u00fctzr\u00e4der mit Bediengriff<\/p>\n<p>Parkkl\u00f6tze<\/p>\n<ul>\n<li>Aluminium: Transporter aus Aluminium und Polyester, Seitent\u00fcr 630 x 1300 mm (BxH), Pullman2-Federung, PTAC 2T6 9.231,90 \u20ac inkl. MwSt.<\/li>\n<\/ul>\n<p>Optionen: Zus\u00e4tzliche Seitent\u00fcr 630 x 1300 mm (+232\u20ac)<\/p>\n<p>Aluminium Felgenzuschlag (14\u2032 Doppelachse max. 2600 kg +555\u20ac)<\/p>\n<h2>DER MITTELANH\u00c4NGER<\/h2>\n<p>F\u00fcr den Transport von Brennholz und dessen trockene Lagerung bei Regenwetter oder f\u00fcr Umzugsprofis ist dieser leichte und widerstandsf\u00e4hige Anh\u00e4nger sehr effektiv.<\/p>\n","protected":false},"excerpt":{"rendered":"<p>2-achsiger, gebremster Transporter-Anh\u00e4nger mit Aluminium-Koffer von 2 Metern Nutzh\u00f6he + Seitent\u00fcr und serienm\u00e4\u00dfigem Aluminium-Heckdeck.<\/p>\n<div class=\"mod_fa_champspersonnalisables_v14_liste\">\n<div class=\"mod_fa_champspersonnalisables_v14_titre\"><strong>Gesamtgewicht: <\/strong><span class=\"mod_fa_champspersonnalisables_v14_valeur\">1400 kg bis 2600 kg<\/span><\/div>\n<\/div>\n<div class=\"mod_fa_champspersonnalisables_v14_liste\">\n<div class=\"mod_fa_champspersonnalisables_v14_titre\"><strong>Leermasse: <\/strong><span class=\"mod_fa_champspersonnalisables_v14_valeur\">705 kg<\/span><\/div>\n<\/div>\n<div class=\"mod_fa_champspersonnalisables_v14_liste\">\n<div class=\"mod_fa_champspersonnalisables_v14_titre\"><strong>Nutzlast: <\/strong><span class=\"mod_fa_champspersonnalisables_v14_valeur\">695 bis 2095 kg<\/span><\/div>\n<\/div>\n<div class=\"mod_fa_champspersonnalisables_v14_liste\">\n<div class=\"mod_fa_champspersonnalisables_v14_titre\"><strong>N\u00fctzliche Abmessungen: <\/strong><span class=\"mod_fa_champspersonnalisables_v14_valeur\">376 x 179 x h201 cm<\/span><\/div>\n<\/div>\n<div class=\"mod_fa_champspersonnalisables_v14_liste\">\n<div class=\"mod_fa_champspersonnalisables_v14_titre\"><strong>Gesamtabmessungen: <\/strong><span class=\"mod_fa_champspersonnalisables_v14_valeur\">499 x 233 x 237 cm<\/span><\/div>\n<\/div>\n<div class=\"mod_fa_champspersonnalisables_v14_liste\">\n<div class=\"mod_fa_champspersonnalisables_v14_titre\"><strong>Nutzh\u00f6he\/Boden: <\/strong><span class=\"mod_fa_champspersonnalisables_v14_valeur\">37<\/span><\/div>\n<\/div>\n<div class=\"mod_fa_champspersonnalisables_v14_liste\">\n<div class=\"mod_fa_champspersonnalisables_v14_titre\"><strong>Achswiderstand(e): <\/strong><span class=\"mod_fa_champspersonnalisables_v14_valeur\">2 x 1300 kg<\/span><\/div>\n<\/div>\n<div class=\"mod_fa_champspersonnalisables_v14_liste\">\n<div class=\"mod_fa_champspersonnalisables_v14_titre\"><strong>Pfeil: <\/strong><span class=\"mod_fa_champspersonnalisables_v14_valeur\">Feuerverzinkt V<\/span><\/div>\n<\/div>\n<div class=\"mod_fa_champspersonnalisables_v14_liste\">\n<div class=\"mod_fa_champspersonnalisables_v14_titre\"><strong>Fahrgestelltyp: <\/strong><span class=\"mod_fa_champspersonnalisables_v14_valeur\">Feuerverzinkt<\/span><\/div>\n<\/div>\n<div class=\"mod_fa_champspersonnalisables_v14_liste\">\n<div class=\"mod_fa_champspersonnalisables_v14_titre\"><strong>R\u00e4der: <\/strong><span class=\"mod_fa_champspersonnalisables_v14_valeur\">185\/65R14<\/span><\/div>\n<\/div>\n<div class=\"mod_fa_champspersonnalisables_v14_liste\">\n<div class=\"mod_fa_champspersonnalisables_v14_titre\"><strong>Ausr\u00fcstung: <\/strong><span class=\"mod_fa_champspersonnalisables_v14_valeur\">Rutschfester Innenboden aus Aluminium \/ automatisches St\u00fctzrad \/ Verzurr\u00f6sen \/ Innenbeleuchtung \/ 2 Parkkeilen \/ Rangiergriffe \/ (Option) Vordere Seitent\u00fcr<\/span><\/div>\n<\/div>\n","protected":false},"featured_media":11153,"comment_status":"open","ping_status":"closed","template":"","meta":[],"product_brand":[],"product_cat":[359,352],"product_tag":[],"class_list":{"0":"post-17271","1":"product","2":"type-product","3":"status-publish","4":"has-post-thumbnail","6":"product_cat-autotransportanhaenger","7":"product_cat-unsere-trailer","9":"first","10":"instock","11":"shipping-taxable","12":"purchasable","13":"product-type-simple"},"yoast_head":"<!-- This site is optimized with the Yoast SEO plugin v27.5 - https:\/\/yoast.com\/product\/yoast-seo-wordpress\/ -->\n<title>Aluminium-van-anh\u00c4nger + Seitent\u00dcr Debon C700 Roadster - Gesamtgewicht: 2600 Kg - 376X179XH200 Cm - Sagrinex \u2013 Anhaenger, Container &amp; Landtechnik \ud83c\udf3e\ud83d\ude9c<\/title>\n<meta name=\"robots\" content=\"index, follow, max-snippet:-1, max-image-preview:large, max-video-preview:-1\" \/>\n<link rel=\"canonical\" href=\"https:\/\/sagrinex.com\/produit\/aluminium-van-anhaenger-seitentuer-debon-c700-roadster-gesamtgewicht-2600-kg-376x179xh200-cm\/?lang=de\" \/>\n<meta property=\"og:locale\" content=\"de_DE\" \/>\n<meta property=\"og:type\" content=\"article\" \/>\n<meta property=\"og:title\" content=\"Aluminium-van-anh\u00c4nger + Seitent\u00dcr Debon C700 Roadster - Gesamtgewicht: 2600 Kg - 376X179XH200 Cm - Sagrinex \u2013 Anhaenger, Container &amp; Landtechnik \ud83c\udf3e\ud83d\ude9c\" \/>\n<meta property=\"og:description\" content=\"2-achsiger, gebremster Transporter-Anh\u00e4nger mit Aluminium-Koffer von 2 Metern Nutzh\u00f6he + Seitent\u00fcr und serienm\u00e4\u00dfigem Aluminium-Heckdeck. Gesamtgewicht: 1400 kg bis 2600 kg  Leermasse: 705 kg  Nutzlast: 695 bis 2095 kg  N\u00fctzliche Abmessungen: 376 x 179 x h201 cm  Gesamtabmessungen: 499 x 233 x 237 cm  Nutzh\u00f6he\/Boden: 37  Achswiderstand(e): 2 x 1300 kg  Pfeil: Feuerverzinkt V  Fahrgestelltyp: Feuerverzinkt  R\u00e4der: 185\/65R14  Ausr\u00fcstung: Rutschfester Innenboden aus Aluminium \/ automatisches St\u00fctzrad \/ Verzurr\u00f6sen \/ Innenbeleuchtung \/ 2 Parkkeilen \/ Rangiergriffe \/ (Option) Vordere Seitent\u00fcr\" \/>\n<meta property=\"og:url\" content=\"https:\/\/sagrinex.com\/produit\/aluminium-van-anhaenger-seitentuer-debon-c700-roadster-gesamtgewicht-2600-kg-376x179xh200-cm\/?lang=de\" \/>\n<meta property=\"og:site_name\" content=\"Sagrinex \u2013 Anhaenger, Container &amp; Landtechnik \ud83c\udf3e\ud83d\ude9c\" \/>\n<meta property=\"article:modified_time\" content=\"2026-04-15T21:12:24+00:00\" \/>\n<meta property=\"og:image\" content=\"https:\/\/sagrinex.com\/wp-content\/uploads\/2026\/03\/Image-108-2.jpeg\" \/>\n\t<meta property=\"og:image:width\" content=\"640\" \/>\n\t<meta property=\"og:image:height\" content=\"387\" \/>\n\t<meta property=\"og:image:type\" content=\"image\/jpeg\" \/>\n<meta name=\"twitter:card\" content=\"summary_large_image\" \/>\n<meta name=\"twitter:label1\" content=\"Gesch\u00e4tzte Lesezeit\" \/>\n\t<meta name=\"twitter:data1\" content=\"1\u00a0Minute\" \/>\n<script type=\"application\/ld+json\" class=\"yoast-schema-graph\">{\"@context\":\"https:\\\/\\\/schema.org\",\"@graph\":[{\"@type\":\"WebPage\",\"@id\":\"https:\\\/\\\/sagrinex.com\\\/produit\\\/aluminium-van-anhaenger-seitentuer-debon-c700-roadster-gesamtgewicht-2600-kg-376x179xh200-cm\\\/?lang=de\",\"url\":\"https:\\\/\\\/sagrinex.com\\\/produit\\\/aluminium-van-anhaenger-seitentuer-debon-c700-roadster-gesamtgewicht-2600-kg-376x179xh200-cm\\\/?lang=de\",\"name\":\"Aluminium-van-anh\u00c4nger + Seitent\u00dcr Debon C700 Roadster - Gesamtgewicht: 2600 Kg - 376X179XH200 Cm - Sagrinex \u2013 Anhaenger, Container &amp; Landtechnik \ud83c\udf3e\ud83d\ude9c\",\"isPartOf\":{\"@id\":\"https:\\\/\\\/sagrinex.com\\\/#website\"},\"primaryImageOfPage\":{\"@id\":\"https:\\\/\\\/sagrinex.com\\\/produit\\\/aluminium-van-anhaenger-seitentuer-debon-c700-roadster-gesamtgewicht-2600-kg-376x179xh200-cm\\\/?lang=de#primaryimage\"},\"image\":{\"@id\":\"https:\\\/\\\/sagrinex.com\\\/produit\\\/aluminium-van-anhaenger-seitentuer-debon-c700-roadster-gesamtgewicht-2600-kg-376x179xh200-cm\\\/?lang=de#primaryimage\"},\"thumbnailUrl\":\"https:\\\/\\\/sagrinex.com\\\/wp-content\\\/uploads\\\/2026\\\/03\\\/Image-108-2.jpeg\",\"datePublished\":\"2026-04-15T16:04:22+00:00\",\"dateModified\":\"2026-04-15T21:12:24+00:00\",\"breadcrumb\":{\"@id\":\"https:\\\/\\\/sagrinex.com\\\/produit\\\/aluminium-van-anhaenger-seitentuer-debon-c700-roadster-gesamtgewicht-2600-kg-376x179xh200-cm\\\/?lang=de#breadcrumb\"},\"inLanguage\":\"de\",\"potentialAction\":[{\"@type\":\"ReadAction\",\"target\":[\"https:\\\/\\\/sagrinex.com\\\/produit\\\/aluminium-van-anhaenger-seitentuer-debon-c700-roadster-gesamtgewicht-2600-kg-376x179xh200-cm\\\/?lang=de\"]}]},{\"@type\":\"ImageObject\",\"inLanguage\":\"de\",\"@id\":\"https:\\\/\\\/sagrinex.com\\\/produit\\\/aluminium-van-anhaenger-seitentuer-debon-c700-roadster-gesamtgewicht-2600-kg-376x179xh200-cm\\\/?lang=de#primaryimage\",\"url\":\"https:\\\/\\\/sagrinex.com\\\/wp-content\\\/uploads\\\/2026\\\/03\\\/Image-108-2.jpeg\",\"contentUrl\":\"https:\\\/\\\/sagrinex.com\\\/wp-content\\\/uploads\\\/2026\\\/03\\\/Image-108-2.jpeg\",\"width\":640,\"height\":387},{\"@type\":\"BreadcrumbList\",\"@id\":\"https:\\\/\\\/sagrinex.com\\\/produit\\\/aluminium-van-anhaenger-seitentuer-debon-c700-roadster-gesamtgewicht-2600-kg-376x179xh200-cm\\\/?lang=de#breadcrumb\",\"itemListElement\":[{\"@type\":\"ListItem\",\"position\":1,\"name\":\"Accueil\",\"item\":\"https:\\\/\\\/sagrinex.com\\\/?lang=de\"},{\"@type\":\"ListItem\",\"position\":2,\"name\":\"Shop\",\"item\":\"https:\\\/\\\/sagrinex.com\\\/shop\\\/\"},{\"@type\":\"ListItem\",\"position\":3,\"name\":\"Aluminium-van-anh\u00c4nger + Seitent\u00dcr Debon C700 Roadster &#8211; Gesamtgewicht: 2600 Kg &#8211; 376X179XH200 Cm\"}]},{\"@type\":\"WebSite\",\"@id\":\"https:\\\/\\\/sagrinex.com\\\/#website\",\"url\":\"https:\\\/\\\/sagrinex.com\\\/\",\"name\":\"Sagrinex \u2013 Spezialist f\u00fcr Anh\u00e4nger, Container & Landtechnik\",\"description\":\"Anhaenger, Container &amp; Landtechnik \u2014 Online-Verkauf &amp; kostenloses Angebot\",\"publisher\":{\"@id\":\"https:\\\/\\\/sagrinex.com\\\/#organization\"},\"potentialAction\":[{\"@type\":\"SearchAction\",\"target\":{\"@type\":\"EntryPoint\",\"urlTemplate\":\"https:\\\/\\\/sagrinex.com\\\/?s={search_term_string}\"},\"query-input\":{\"@type\":\"PropertyValueSpecification\",\"valueRequired\":true,\"valueName\":\"search_term_string\"}}],\"inLanguage\":\"de\"},{\"@type\":\"Organization\",\"@id\":\"https:\\\/\\\/sagrinex.com\\\/#organization\",\"name\":\"Sagrinex \u2013 Remorques, Conteneurs & Mat\u00e9riel Agricole\",\"url\":\"https:\\\/\\\/sagrinex.com\\\/\",\"logo\":{\"@type\":\"ImageObject\",\"inLanguage\":\"de\",\"@id\":\"https:\\\/\\\/sagrinex.com\\\/#\\\/schema\\\/logo\\\/image\\\/\",\"url\":\"https:\\\/\\\/sagrinex.com\\\/wp-content\\\/uploads\\\/2026\\\/03\\\/7f1ac463-ef5a-425d-bdd6-a5da03a334a9-1024x683.png\",\"contentUrl\":\"https:\\\/\\\/sagrinex.com\\\/wp-content\\\/uploads\\\/2026\\\/03\\\/7f1ac463-ef5a-425d-bdd6-a5da03a334a9-1024x683.png\",\"width\":1024,\"height\":683,\"caption\":\"Sagrinex \u2013 Remorques, Conteneurs & Mat\u00e9riel Agricole\"},\"image\":{\"@id\":\"https:\\\/\\\/sagrinex.com\\\/#\\\/schema\\\/logo\\\/image\\\/\"}}]}<\/script>\n<!-- \/ Yoast SEO plugin. -->","yoast_head_json":{"title":"Aluminium-van-anh\u00c4nger + Seitent\u00dcr Debon C700 Roadster - Gesamtgewicht: 2600 Kg - 376X179XH200 Cm - Sagrinex \u2013 Anhaenger, Container &amp; Landtechnik \ud83c\udf3e\ud83d\ude9c","robots":{"index":"index","follow":"follow","max-snippet":"max-snippet:-1","max-image-preview":"max-image-preview:large","max-video-preview":"max-video-preview:-1"},"canonical":"https:\/\/sagrinex.com\/produit\/aluminium-van-anhaenger-seitentuer-debon-c700-roadster-gesamtgewicht-2600-kg-376x179xh200-cm\/?lang=de","og_locale":"de_DE","og_type":"article","og_title":"Aluminium-van-anh\u00c4nger + Seitent\u00dcr Debon C700 Roadster - Gesamtgewicht: 2600 Kg - 376X179XH200 Cm - Sagrinex \u2013 Anhaenger, Container &amp; Landtechnik \ud83c\udf3e\ud83d\ude9c","og_description":"2-achsiger, gebremster Transporter-Anh\u00e4nger mit Aluminium-Koffer von 2 Metern Nutzh\u00f6he + Seitent\u00fcr und serienm\u00e4\u00dfigem Aluminium-Heckdeck. Gesamtgewicht: 1400 kg bis 2600 kg  Leermasse: 705 kg  Nutzlast: 695 bis 2095 kg  N\u00fctzliche Abmessungen: 376 x 179 x h201 cm  Gesamtabmessungen: 499 x 233 x 237 cm  Nutzh\u00f6he\/Boden: 37  Achswiderstand(e): 2 x 1300 kg  Pfeil: Feuerverzinkt V  Fahrgestelltyp: Feuerverzinkt  R\u00e4der: 185\/65R14  Ausr\u00fcstung: Rutschfester Innenboden aus Aluminium \/ automatisches St\u00fctzrad \/ Verzurr\u00f6sen \/ Innenbeleuchtung \/ 2 Parkkeilen \/ Rangiergriffe \/ (Option) Vordere Seitent\u00fcr","og_url":"https:\/\/sagrinex.com\/produit\/aluminium-van-anhaenger-seitentuer-debon-c700-roadster-gesamtgewicht-2600-kg-376x179xh200-cm\/?lang=de","og_site_name":"Sagrinex \u2013 Anhaenger, Container &amp; Landtechnik \ud83c\udf3e\ud83d\ude9c","article_modified_time":"2026-04-15T21:12:24+00:00","og_image":[{"width":640,"height":387,"url":"https:\/\/sagrinex.com\/wp-content\/uploads\/2026\/03\/Image-108-2.jpeg","type":"image\/jpeg"}],"twitter_card":"summary_large_image","twitter_misc":{"Gesch\u00e4tzte Lesezeit":"1\u00a0Minute"},"schema":{"@context":"https:\/\/schema.org","@graph":[{"@type":"WebPage","@id":"https:\/\/sagrinex.com\/produit\/aluminium-van-anhaenger-seitentuer-debon-c700-roadster-gesamtgewicht-2600-kg-376x179xh200-cm\/?lang=de","url":"https:\/\/sagrinex.com\/produit\/aluminium-van-anhaenger-seitentuer-debon-c700-roadster-gesamtgewicht-2600-kg-376x179xh200-cm\/?lang=de","name":"Aluminium-van-anh\u00c4nger + Seitent\u00dcr Debon C700 Roadster - Gesamtgewicht: 2600 Kg - 376X179XH200 Cm - Sagrinex \u2013 Anhaenger, Container &amp; Landtechnik \ud83c\udf3e\ud83d\ude9c","isPartOf":{"@id":"https:\/\/sagrinex.com\/#website"},"primaryImageOfPage":{"@id":"https:\/\/sagrinex.com\/produit\/aluminium-van-anhaenger-seitentuer-debon-c700-roadster-gesamtgewicht-2600-kg-376x179xh200-cm\/?lang=de#primaryimage"},"image":{"@id":"https:\/\/sagrinex.com\/produit\/aluminium-van-anhaenger-seitentuer-debon-c700-roadster-gesamtgewicht-2600-kg-376x179xh200-cm\/?lang=de#primaryimage"},"thumbnailUrl":"https:\/\/sagrinex.com\/wp-content\/uploads\/2026\/03\/Image-108-2.jpeg","datePublished":"2026-04-15T16:04:22+00:00","dateModified":"2026-04-15T21:12:24+00:00","breadcrumb":{"@id":"https:\/\/sagrinex.com\/produit\/aluminium-van-anhaenger-seitentuer-debon-c700-roadster-gesamtgewicht-2600-kg-376x179xh200-cm\/?lang=de#breadcrumb"},"inLanguage":"de","potentialAction":[{"@type":"ReadAction","target":["https:\/\/sagrinex.com\/produit\/aluminium-van-anhaenger-seitentuer-debon-c700-roadster-gesamtgewicht-2600-kg-376x179xh200-cm\/?lang=de"]}]},{"@type":"ImageObject","inLanguage":"de","@id":"https:\/\/sagrinex.com\/produit\/aluminium-van-anhaenger-seitentuer-debon-c700-roadster-gesamtgewicht-2600-kg-376x179xh200-cm\/?lang=de#primaryimage","url":"https:\/\/sagrinex.com\/wp-content\/uploads\/2026\/03\/Image-108-2.jpeg","contentUrl":"https:\/\/sagrinex.com\/wp-content\/uploads\/2026\/03\/Image-108-2.jpeg","width":640,"height":387},{"@type":"BreadcrumbList","@id":"https:\/\/sagrinex.com\/produit\/aluminium-van-anhaenger-seitentuer-debon-c700-roadster-gesamtgewicht-2600-kg-376x179xh200-cm\/?lang=de#breadcrumb","itemListElement":[{"@type":"ListItem","position":1,"name":"Accueil","item":"https:\/\/sagrinex.com\/?lang=de"},{"@type":"ListItem","position":2,"name":"Shop","item":"https:\/\/sagrinex.com\/shop\/"},{"@type":"ListItem","position":3,"name":"Aluminium-van-anh\u00c4nger + Seitent\u00dcr Debon C700 Roadster &#8211; Gesamtgewicht: 2600 Kg &#8211; 376X179XH200 Cm"}]},{"@type":"WebSite","@id":"https:\/\/sagrinex.com\/#website","url":"https:\/\/sagrinex.com\/","name":"Sagrinex \u2013 Spezialist f\u00fcr Anh\u00e4nger, Container & Landtechnik","description":"Anhaenger, Container &amp; Landtechnik \u2014 Online-Verkauf &amp; kostenloses Angebot","publisher":{"@id":"https:\/\/sagrinex.com\/#organization"},"potentialAction":[{"@type":"SearchAction","target":{"@type":"EntryPoint","urlTemplate":"https:\/\/sagrinex.com\/?s={search_term_string}"},"query-input":{"@type":"PropertyValueSpecification","valueRequired":true,"valueName":"search_term_string"}}],"inLanguage":"de"},{"@type":"Organization","@id":"https:\/\/sagrinex.com\/#organization","name":"Sagrinex \u2013 Remorques, Conteneurs & Mat\u00e9riel Agricole","url":"https:\/\/sagrinex.com\/","logo":{"@type":"ImageObject","inLanguage":"de","@id":"https:\/\/sagrinex.com\/#\/schema\/logo\/image\/","url":"https:\/\/sagrinex.com\/wp-content\/uploads\/2026\/03\/7f1ac463-ef5a-425d-bdd6-a5da03a334a9-1024x683.png","contentUrl":"https:\/\/sagrinex.com\/wp-content\/uploads\/2026\/03\/7f1ac463-ef5a-425d-bdd6-a5da03a334a9-1024x683.png","width":1024,"height":683,"caption":"Sagrinex \u2013 Remorques, Conteneurs & Mat\u00e9riel Agricole"},"image":{"@id":"https:\/\/sagrinex.com\/#\/schema\/logo\/image\/"}}]}},"jetpack_sharing_enabled":true,"_links":{"self":[{"href":"https:\/\/sagrinex.com\/de\/wp-json\/wp\/v2\/product\/17271","targetHints":{"allow":["GET"]}}],"collection":[{"href":"https:\/\/sagrinex.com\/de\/wp-json\/wp\/v2\/product"}],"about":[{"href":"https:\/\/sagrinex.com\/de\/wp-json\/wp\/v2\/types\/product"}],"replies":[{"embeddable":true,"href":"https:\/\/sagrinex.com\/de\/wp-json\/wp\/v2\/comments?post=17271"}],"version-history":[{"count":0,"href":"https:\/\/sagrinex.com\/de\/wp-json\/wp\/v2\/product\/17271\/revisions"}],"wp:featuredmedia":[{"embeddable":true,"href":"https:\/\/sagrinex.com\/de\/wp-json\/wp\/v2\/media\/11153"}],"wp:attachment":[{"href":"https:\/\/sagrinex.com\/de\/wp-json\/wp\/v2\/media?parent=17271"}],"wp:term":[{"taxonomy":"product_brand","embeddable":true,"href":"https:\/\/sagrinex.com\/de\/wp-json\/wp\/v2\/product_brand?post=17271"},{"taxonomy":"product_cat","embeddable":true,"href":"https:\/\/sagrinex.com\/de\/wp-json\/wp\/v2\/product_cat?post=17271"},{"taxonomy":"product_tag","embeddable":true,"href":"https:\/\/sagrinex.com\/de\/wp-json\/wp\/v2\/product_tag?post=17271"}],"curies":[{"name":"wp","href":"https:\/\/api.w.org\/{rel}","templated":true}]}}