{"id":17272,"date":"2026-04-15T16:04:46","date_gmt":"2026-04-15T16:04:46","guid":{"rendered":"https:\/\/sagrinex.com\/produit\/kippflachanhaenger-ifor-williams-ct167-487-x-225-cm-zulaessiges-gesamtgewicht-3500-kg\/"},"modified":"2026-04-15T21:12:24","modified_gmt":"2026-04-15T21:12:24","slug":"kippflachanhaenger-ifor-williams-ct167-487-x-225-cm-zulaessiges-gesamtgewicht-3500-kg","status":"publish","type":"product","link":"https:\/\/sagrinex.com\/de\/produit\/kippflachanhaenger-ifor-williams-ct167-487-x-225-cm-zulaessiges-gesamtgewicht-3500-kg\/","title":{"rendered":"Kippflachanh\u00c4nger \u2013 Ifor Williams \u2013 CT167 \u2013 487 X 225 Cm \u2013 Zul\u00e4ssiges Gesamtgewicht: 3500 Kg"},"content":{"rendered":"<h2>VERWENDUNG<\/h2>\n<p>Die Kippplattform ist eine ideale Wahl f\u00fcr Fahrzeughalter mit niedrigem Bodenabstand und f\u00fcr Personen, die in der Fahzeugr\u00fcckgewinnung t\u00e4tig sind.<\/p>\n<p>Die Kippplattform erm\u00f6glicht m\u00fchelloses Beladen dank ihrer leicht zu kippenden Plattform.<\/p>\n<p>Die Plattform CT167 wird mit einer manuellen hydraulischen Pumpe gekippt.<\/p>\n<p>Der geringe Neigungswinkel (etwa 12\u00b0) und die klappbare hintere Rampenseitenwand erleichtern das Beladen aller Arten von Fahrzeugen mit R\u00e4dern auf der Anh\u00e4ngerplattform.<\/p>\n<h2>MERKMALE<\/h2>\n<p>Robustheit, Vielseitigkeit und Wartungsfreundlichkeit sind die drei Hauptkriterien, die die Kippplattform CT166 von Ifor Williams bietet.<\/p>\n<ul>\n<li>Sperrholzb\u00f6den mit Harzbeschichtung<\/li>\n<li>Verriegelbare Kupplungskopf<\/li>\n<li>Ersatzrad und Halterung<\/li>\n<li>Sicherheitsmarkierung und Beschriftung<\/li>\n<\/ul>\n<h2>OPTIONEN<\/h2>\n<p>Verschiedene Zubeh\u00f6rteile und Optionen sind f\u00fcr diesen Anh\u00e4nger verf\u00fcgbar. Einige Optionen m\u00fcssen beim Anh\u00e4nger als in der Fabrik montierte Ausr\u00fcstung bestellt werden, w\u00e4hrend andere sp\u00e4ter erworben werden k\u00f6nnen.<\/p>\n<p>Beispiele f\u00fcr angebotene Optionen:<\/p>\n<p>\u2013 Aluplattenboden<\/p>\n<p>\u2013 klappbare Seitenw\u00e4nde<\/p>\n<p>\u2013 vordere Seitenwand<\/p>\n<p>\u2013 Halterung f\u00fcr Langladung<\/p>\n<p>\u2013 Gitterrost-Seitenwanderh\u00f6hungen<\/p>\n<p>\u2013 Zurrgurte<\/p>\n<p>\u2013 Schutzbleche<\/p>\n<p>\u2013 Eingelassene Befestigungsringe 500 kg<\/p>\n<h2><strong>VORTEILE VON IFOR WILLIAMS<\/strong><\/h2>\n<p>Ifor Williams ist seit 50 Jahren Experte in der Konstruktion und Herstellung von Anh\u00e4ngern und hat sich zum Ziel gesetzt, die besten Produkte auf dem Markt in Bezug auf Robustheit, Sicherheit, Qualit\u00e4t und Design zu pr\u00e4sentieren.<\/p>\n<p>Ifor Williams engagiert sich f\u00fcr kontinuierliche Weiterentwicklung und investiert regelm\u00e4\u00dfig in neue Materialien und interessiert sich f\u00fcr neue Technologien, um die Erwartungen unserer Kunden zu antizipieren und ihre Standardmodelle weiterzuentwickeln.<\/p>\n<p>Preis-Leistungs-Verh\u00e4ltnis, Eleganz, Schlichtheit, Solidit\u00e4t und Wartungsfreundlichkeit sind heute der Leitfaden der Ma\u00dfnahmen von Ifor Williams.<\/p>\n","protected":false},"excerpt":{"rendered":"<p>KIPPPLATTE \u2013 CT167 \u2013 IFOR WILLIAMS \u2013 487 x 225 cm \u2013 zul\u00e4ssiges Gesamtgewicht: 3500 kg<\/p>\n<div class=\"mod_fa_champspersonnalisables_v14_liste\">\n<div class=\"mod_fa_champspersonnalisables_v14_titre\"><strong>Gesamtgewicht: <\/strong><span class=\"mod_fa_champspersonnalisables_v14_valeur\">3500 kg<\/span><\/div>\n<\/div>\n<div class=\"mod_fa_champspersonnalisables_v14_liste\">\n<div class=\"mod_fa_champspersonnalisables_v14_titre\"><strong>Leermasse: <\/strong><span class=\"mod_fa_champspersonnalisables_v14_valeur\">985 kg<\/span><\/div>\n<\/div>\n<div class=\"mod_fa_champspersonnalisables_v14_liste\">\n<div class=\"mod_fa_champspersonnalisables_v14_titre\"><strong>Nutzlast: <\/strong><span class=\"mod_fa_champspersonnalisables_v14_valeur\">2615 kg<\/span><\/div>\n<\/div>\n<div class=\"mod_fa_champspersonnalisables_v14_liste\">\n<div class=\"mod_fa_champspersonnalisables_v14_titre\"><strong>N\u00fctzliche Abmessungen: <\/strong><span class=\"mod_fa_champspersonnalisables_v14_valeur\">487\u00d7225 cm<\/span><\/div>\n<\/div>\n<div class=\"mod_fa_champspersonnalisables_v14_liste\">\n<div class=\"mod_fa_champspersonnalisables_v14_titre\"><strong>Gesamtabmessungen: <\/strong><span class=\"mod_fa_champspersonnalisables_v14_valeur\">620\u00d7230 cm<\/span><\/div>\n<\/div>\n<div class=\"mod_fa_champspersonnalisables_v14_liste\">\n<div class=\"mod_fa_champspersonnalisables_v14_titre\"><strong>R\u00e4der: <\/strong><span class=\"mod_fa_champspersonnalisables_v14_valeur\">195\/60R12<\/span><\/div>\n<\/div>\n<div class=\"mod_fa_champspersonnalisables_v14_liste\">\n<div class=\"mod_fa_champspersonnalisables_v14_titre\"><strong>Ausr\u00fcstung: <\/strong><span class=\"mod_fa_champspersonnalisables_v14_valeur\">Ersatzrad + St\u00fctze \/ 30 cm Rampe \/ CP-Harzboden<\/span><\/div>\n<\/div>\n","protected":false},"featured_media":11148,"comment_status":"open","ping_status":"closed","template":"","meta":[],"product_brand":[],"product_cat":[359,352],"product_tag":[],"class_list":{"0":"post-17272","1":"product","2":"type-product","3":"status-publish","4":"has-post-thumbnail","6":"product_cat-autotransportanhaenger","7":"product_cat-unsere-trailer","9":"first","10":"instock","11":"shipping-taxable","12":"purchasable","13":"product-type-simple"},"yoast_head":"<!-- This site is optimized with the Yoast SEO plugin v27.5 - https:\/\/yoast.com\/product\/yoast-seo-wordpress\/ -->\n<title>Kippflachanh\u00c4nger \u2013 Ifor Williams \u2013 CT167 \u2013 487 X 225 Cm \u2013 Zul\u00e4ssiges Gesamtgewicht: 3500 Kg - Sagrinex \u2013 Anhaenger, Container &amp; Landtechnik \ud83c\udf3e\ud83d\ude9c<\/title>\n<meta name=\"robots\" content=\"index, follow, max-snippet:-1, max-image-preview:large, max-video-preview:-1\" \/>\n<link rel=\"canonical\" href=\"https:\/\/sagrinex.com\/produit\/kippflachanhaenger-ifor-williams-ct167-487-x-225-cm-zulaessiges-gesamtgewicht-3500-kg\/?lang=de\" \/>\n<meta property=\"og:locale\" content=\"de_DE\" \/>\n<meta property=\"og:type\" content=\"article\" \/>\n<meta property=\"og:title\" content=\"Kippflachanh\u00c4nger \u2013 Ifor Williams \u2013 CT167 \u2013 487 X 225 Cm \u2013 Zul\u00e4ssiges Gesamtgewicht: 3500 Kg - Sagrinex \u2013 Anhaenger, Container &amp; Landtechnik \ud83c\udf3e\ud83d\ude9c\" \/>\n<meta property=\"og:description\" content=\"KIPPPLATTE \u2013 CT167 \u2013 IFOR WILLIAMS \u2013 487 x 225 cm \u2013 zul\u00e4ssiges Gesamtgewicht: 3500 kg Gesamtgewicht: 3500 kg  Leermasse: 985 kg  Nutzlast: 2615 kg  N\u00fctzliche Abmessungen: 487\u00d7225 cm  Gesamtabmessungen: 620\u00d7230 cm  R\u00e4der: 195\/60R12  Ausr\u00fcstung: Ersatzrad + St\u00fctze \/ 30 cm Rampe \/ CP-Harzboden\" \/>\n<meta property=\"og:url\" content=\"https:\/\/sagrinex.com\/produit\/kippflachanhaenger-ifor-williams-ct167-487-x-225-cm-zulaessiges-gesamtgewicht-3500-kg\/?lang=de\" \/>\n<meta property=\"og:site_name\" content=\"Sagrinex \u2013 Anhaenger, Container &amp; Landtechnik \ud83c\udf3e\ud83d\ude9c\" \/>\n<meta property=\"article:modified_time\" content=\"2026-04-15T21:12:24+00:00\" \/>\n<meta property=\"og:image\" content=\"https:\/\/sagrinex.com\/wp-content\/uploads\/2026\/03\/Image-88-2.jpeg\" \/>\n\t<meta property=\"og:image:width\" content=\"1000\" \/>\n\t<meta property=\"og:image:height\" content=\"658\" \/>\n\t<meta property=\"og:image:type\" content=\"image\/jpeg\" \/>\n<meta name=\"twitter:card\" content=\"summary_large_image\" \/>\n<meta name=\"twitter:label1\" content=\"Gesch\u00e4tzte Lesezeit\" \/>\n\t<meta name=\"twitter:data1\" content=\"1\u00a0Minute\" \/>\n<script type=\"application\/ld+json\" class=\"yoast-schema-graph\">{\"@context\":\"https:\\\/\\\/schema.org\",\"@graph\":[{\"@type\":\"WebPage\",\"@id\":\"https:\\\/\\\/sagrinex.com\\\/produit\\\/kippflachanhaenger-ifor-williams-ct167-487-x-225-cm-zulaessiges-gesamtgewicht-3500-kg\\\/?lang=de\",\"url\":\"https:\\\/\\\/sagrinex.com\\\/produit\\\/kippflachanhaenger-ifor-williams-ct167-487-x-225-cm-zulaessiges-gesamtgewicht-3500-kg\\\/?lang=de\",\"name\":\"Kippflachanh\u00c4nger \u2013 Ifor Williams \u2013 CT167 \u2013 487 X 225 Cm \u2013 Zul\u00e4ssiges Gesamtgewicht: 3500 Kg - Sagrinex \u2013 Anhaenger, Container &amp; Landtechnik \ud83c\udf3e\ud83d\ude9c\",\"isPartOf\":{\"@id\":\"https:\\\/\\\/sagrinex.com\\\/#website\"},\"primaryImageOfPage\":{\"@id\":\"https:\\\/\\\/sagrinex.com\\\/produit\\\/kippflachanhaenger-ifor-williams-ct167-487-x-225-cm-zulaessiges-gesamtgewicht-3500-kg\\\/?lang=de#primaryimage\"},\"image\":{\"@id\":\"https:\\\/\\\/sagrinex.com\\\/produit\\\/kippflachanhaenger-ifor-williams-ct167-487-x-225-cm-zulaessiges-gesamtgewicht-3500-kg\\\/?lang=de#primaryimage\"},\"thumbnailUrl\":\"https:\\\/\\\/sagrinex.com\\\/wp-content\\\/uploads\\\/2026\\\/03\\\/Image-88-2.jpeg\",\"datePublished\":\"2026-04-15T16:04:46+00:00\",\"dateModified\":\"2026-04-15T21:12:24+00:00\",\"breadcrumb\":{\"@id\":\"https:\\\/\\\/sagrinex.com\\\/produit\\\/kippflachanhaenger-ifor-williams-ct167-487-x-225-cm-zulaessiges-gesamtgewicht-3500-kg\\\/?lang=de#breadcrumb\"},\"inLanguage\":\"de\",\"potentialAction\":[{\"@type\":\"ReadAction\",\"target\":[\"https:\\\/\\\/sagrinex.com\\\/produit\\\/kippflachanhaenger-ifor-williams-ct167-487-x-225-cm-zulaessiges-gesamtgewicht-3500-kg\\\/?lang=de\"]}]},{\"@type\":\"ImageObject\",\"inLanguage\":\"de\",\"@id\":\"https:\\\/\\\/sagrinex.com\\\/produit\\\/kippflachanhaenger-ifor-williams-ct167-487-x-225-cm-zulaessiges-gesamtgewicht-3500-kg\\\/?lang=de#primaryimage\",\"url\":\"https:\\\/\\\/sagrinex.com\\\/wp-content\\\/uploads\\\/2026\\\/03\\\/Image-88-2.jpeg\",\"contentUrl\":\"https:\\\/\\\/sagrinex.com\\\/wp-content\\\/uploads\\\/2026\\\/03\\\/Image-88-2.jpeg\",\"width\":1000,\"height\":658},{\"@type\":\"BreadcrumbList\",\"@id\":\"https:\\\/\\\/sagrinex.com\\\/produit\\\/kippflachanhaenger-ifor-williams-ct167-487-x-225-cm-zulaessiges-gesamtgewicht-3500-kg\\\/?lang=de#breadcrumb\",\"itemListElement\":[{\"@type\":\"ListItem\",\"position\":1,\"name\":\"Accueil\",\"item\":\"https:\\\/\\\/sagrinex.com\\\/?lang=de\"},{\"@type\":\"ListItem\",\"position\":2,\"name\":\"Shop\",\"item\":\"https:\\\/\\\/sagrinex.com\\\/shop\\\/\"},{\"@type\":\"ListItem\",\"position\":3,\"name\":\"Kippflachanh\u00c4nger \u2013 Ifor Williams \u2013 CT167 \u2013 487 X 225 Cm \u2013 Zul\u00e4ssiges Gesamtgewicht: 3500 Kg\"}]},{\"@type\":\"WebSite\",\"@id\":\"https:\\\/\\\/sagrinex.com\\\/#website\",\"url\":\"https:\\\/\\\/sagrinex.com\\\/\",\"name\":\"Sagrinex \u2013 Spezialist f\u00fcr Anh\u00e4nger, Container & Landtechnik\",\"description\":\"Anhaenger, Container &amp; Landtechnik \u2014 Online-Verkauf &amp; kostenloses Angebot\",\"publisher\":{\"@id\":\"https:\\\/\\\/sagrinex.com\\\/#organization\"},\"potentialAction\":[{\"@type\":\"SearchAction\",\"target\":{\"@type\":\"EntryPoint\",\"urlTemplate\":\"https:\\\/\\\/sagrinex.com\\\/?s={search_term_string}\"},\"query-input\":{\"@type\":\"PropertyValueSpecification\",\"valueRequired\":true,\"valueName\":\"search_term_string\"}}],\"inLanguage\":\"de\"},{\"@type\":\"Organization\",\"@id\":\"https:\\\/\\\/sagrinex.com\\\/#organization\",\"name\":\"Sagrinex \u2013 Remorques, Conteneurs & Mat\u00e9riel Agricole\",\"url\":\"https:\\\/\\\/sagrinex.com\\\/\",\"logo\":{\"@type\":\"ImageObject\",\"inLanguage\":\"de\",\"@id\":\"https:\\\/\\\/sagrinex.com\\\/#\\\/schema\\\/logo\\\/image\\\/\",\"url\":\"https:\\\/\\\/sagrinex.com\\\/wp-content\\\/uploads\\\/2026\\\/03\\\/7f1ac463-ef5a-425d-bdd6-a5da03a334a9-1024x683.png\",\"contentUrl\":\"https:\\\/\\\/sagrinex.com\\\/wp-content\\\/uploads\\\/2026\\\/03\\\/7f1ac463-ef5a-425d-bdd6-a5da03a334a9-1024x683.png\",\"width\":1024,\"height\":683,\"caption\":\"Sagrinex \u2013 Remorques, Conteneurs & Mat\u00e9riel Agricole\"},\"image\":{\"@id\":\"https:\\\/\\\/sagrinex.com\\\/#\\\/schema\\\/logo\\\/image\\\/\"}}]}<\/script>\n<!-- \/ Yoast SEO plugin. -->","yoast_head_json":{"title":"Kippflachanh\u00c4nger \u2013 Ifor Williams \u2013 CT167 \u2013 487 X 225 Cm \u2013 Zul\u00e4ssiges Gesamtgewicht: 3500 Kg - Sagrinex \u2013 Anhaenger, Container &amp; Landtechnik \ud83c\udf3e\ud83d\ude9c","robots":{"index":"index","follow":"follow","max-snippet":"max-snippet:-1","max-image-preview":"max-image-preview:large","max-video-preview":"max-video-preview:-1"},"canonical":"https:\/\/sagrinex.com\/produit\/kippflachanhaenger-ifor-williams-ct167-487-x-225-cm-zulaessiges-gesamtgewicht-3500-kg\/?lang=de","og_locale":"de_DE","og_type":"article","og_title":"Kippflachanh\u00c4nger \u2013 Ifor Williams \u2013 CT167 \u2013 487 X 225 Cm \u2013 Zul\u00e4ssiges Gesamtgewicht: 3500 Kg - Sagrinex \u2013 Anhaenger, Container &amp; Landtechnik \ud83c\udf3e\ud83d\ude9c","og_description":"KIPPPLATTE \u2013 CT167 \u2013 IFOR WILLIAMS \u2013 487 x 225 cm \u2013 zul\u00e4ssiges Gesamtgewicht: 3500 kg Gesamtgewicht: 3500 kg  Leermasse: 985 kg  Nutzlast: 2615 kg  N\u00fctzliche Abmessungen: 487\u00d7225 cm  Gesamtabmessungen: 620\u00d7230 cm  R\u00e4der: 195\/60R12  Ausr\u00fcstung: Ersatzrad + St\u00fctze \/ 30 cm Rampe \/ CP-Harzboden","og_url":"https:\/\/sagrinex.com\/produit\/kippflachanhaenger-ifor-williams-ct167-487-x-225-cm-zulaessiges-gesamtgewicht-3500-kg\/?lang=de","og_site_name":"Sagrinex \u2013 Anhaenger, Container &amp; Landtechnik \ud83c\udf3e\ud83d\ude9c","article_modified_time":"2026-04-15T21:12:24+00:00","og_image":[{"width":1000,"height":658,"url":"https:\/\/sagrinex.com\/wp-content\/uploads\/2026\/03\/Image-88-2.jpeg","type":"image\/jpeg"}],"twitter_card":"summary_large_image","twitter_misc":{"Gesch\u00e4tzte Lesezeit":"1\u00a0Minute"},"schema":{"@context":"https:\/\/schema.org","@graph":[{"@type":"WebPage","@id":"https:\/\/sagrinex.com\/produit\/kippflachanhaenger-ifor-williams-ct167-487-x-225-cm-zulaessiges-gesamtgewicht-3500-kg\/?lang=de","url":"https:\/\/sagrinex.com\/produit\/kippflachanhaenger-ifor-williams-ct167-487-x-225-cm-zulaessiges-gesamtgewicht-3500-kg\/?lang=de","name":"Kippflachanh\u00c4nger \u2013 Ifor Williams \u2013 CT167 \u2013 487 X 225 Cm \u2013 Zul\u00e4ssiges Gesamtgewicht: 3500 Kg - Sagrinex \u2013 Anhaenger, Container &amp; Landtechnik \ud83c\udf3e\ud83d\ude9c","isPartOf":{"@id":"https:\/\/sagrinex.com\/#website"},"primaryImageOfPage":{"@id":"https:\/\/sagrinex.com\/produit\/kippflachanhaenger-ifor-williams-ct167-487-x-225-cm-zulaessiges-gesamtgewicht-3500-kg\/?lang=de#primaryimage"},"image":{"@id":"https:\/\/sagrinex.com\/produit\/kippflachanhaenger-ifor-williams-ct167-487-x-225-cm-zulaessiges-gesamtgewicht-3500-kg\/?lang=de#primaryimage"},"thumbnailUrl":"https:\/\/sagrinex.com\/wp-content\/uploads\/2026\/03\/Image-88-2.jpeg","datePublished":"2026-04-15T16:04:46+00:00","dateModified":"2026-04-15T21:12:24+00:00","breadcrumb":{"@id":"https:\/\/sagrinex.com\/produit\/kippflachanhaenger-ifor-williams-ct167-487-x-225-cm-zulaessiges-gesamtgewicht-3500-kg\/?lang=de#breadcrumb"},"inLanguage":"de","potentialAction":[{"@type":"ReadAction","target":["https:\/\/sagrinex.com\/produit\/kippflachanhaenger-ifor-williams-ct167-487-x-225-cm-zulaessiges-gesamtgewicht-3500-kg\/?lang=de"]}]},{"@type":"ImageObject","inLanguage":"de","@id":"https:\/\/sagrinex.com\/produit\/kippflachanhaenger-ifor-williams-ct167-487-x-225-cm-zulaessiges-gesamtgewicht-3500-kg\/?lang=de#primaryimage","url":"https:\/\/sagrinex.com\/wp-content\/uploads\/2026\/03\/Image-88-2.jpeg","contentUrl":"https:\/\/sagrinex.com\/wp-content\/uploads\/2026\/03\/Image-88-2.jpeg","width":1000,"height":658},{"@type":"BreadcrumbList","@id":"https:\/\/sagrinex.com\/produit\/kippflachanhaenger-ifor-williams-ct167-487-x-225-cm-zulaessiges-gesamtgewicht-3500-kg\/?lang=de#breadcrumb","itemListElement":[{"@type":"ListItem","position":1,"name":"Accueil","item":"https:\/\/sagrinex.com\/?lang=de"},{"@type":"ListItem","position":2,"name":"Shop","item":"https:\/\/sagrinex.com\/shop\/"},{"@type":"ListItem","position":3,"name":"Kippflachanh\u00c4nger \u2013 Ifor Williams \u2013 CT167 \u2013 487 X 225 Cm \u2013 Zul\u00e4ssiges Gesamtgewicht: 3500 Kg"}]},{"@type":"WebSite","@id":"https:\/\/sagrinex.com\/#website","url":"https:\/\/sagrinex.com\/","name":"Sagrinex \u2013 Spezialist f\u00fcr Anh\u00e4nger, Container & Landtechnik","description":"Anhaenger, Container &amp; Landtechnik \u2014 Online-Verkauf &amp; kostenloses Angebot","publisher":{"@id":"https:\/\/sagrinex.com\/#organization"},"potentialAction":[{"@type":"SearchAction","target":{"@type":"EntryPoint","urlTemplate":"https:\/\/sagrinex.com\/?s={search_term_string}"},"query-input":{"@type":"PropertyValueSpecification","valueRequired":true,"valueName":"search_term_string"}}],"inLanguage":"de"},{"@type":"Organization","@id":"https:\/\/sagrinex.com\/#organization","name":"Sagrinex \u2013 Remorques, Conteneurs & Mat\u00e9riel Agricole","url":"https:\/\/sagrinex.com\/","logo":{"@type":"ImageObject","inLanguage":"de","@id":"https:\/\/sagrinex.com\/#\/schema\/logo\/image\/","url":"https:\/\/sagrinex.com\/wp-content\/uploads\/2026\/03\/7f1ac463-ef5a-425d-bdd6-a5da03a334a9-1024x683.png","contentUrl":"https:\/\/sagrinex.com\/wp-content\/uploads\/2026\/03\/7f1ac463-ef5a-425d-bdd6-a5da03a334a9-1024x683.png","width":1024,"height":683,"caption":"Sagrinex \u2013 Remorques, Conteneurs & Mat\u00e9riel Agricole"},"image":{"@id":"https:\/\/sagrinex.com\/#\/schema\/logo\/image\/"}}]}},"jetpack_sharing_enabled":true,"_links":{"self":[{"href":"https:\/\/sagrinex.com\/de\/wp-json\/wp\/v2\/product\/17272","targetHints":{"allow":["GET"]}}],"collection":[{"href":"https:\/\/sagrinex.com\/de\/wp-json\/wp\/v2\/product"}],"about":[{"href":"https:\/\/sagrinex.com\/de\/wp-json\/wp\/v2\/types\/product"}],"replies":[{"embeddable":true,"href":"https:\/\/sagrinex.com\/de\/wp-json\/wp\/v2\/comments?post=17272"}],"version-history":[{"count":0,"href":"https:\/\/sagrinex.com\/de\/wp-json\/wp\/v2\/product\/17272\/revisions"}],"wp:featuredmedia":[{"embeddable":true,"href":"https:\/\/sagrinex.com\/de\/wp-json\/wp\/v2\/media\/11148"}],"wp:attachment":[{"href":"https:\/\/sagrinex.com\/de\/wp-json\/wp\/v2\/media?parent=17272"}],"wp:term":[{"taxonomy":"product_brand","embeddable":true,"href":"https:\/\/sagrinex.com\/de\/wp-json\/wp\/v2\/product_brand?post=17272"},{"taxonomy":"product_cat","embeddable":true,"href":"https:\/\/sagrinex.com\/de\/wp-json\/wp\/v2\/product_cat?post=17272"},{"taxonomy":"product_tag","embeddable":true,"href":"https:\/\/sagrinex.com\/de\/wp-json\/wp\/v2\/product_tag?post=17272"}],"curies":[{"name":"wp","href":"https:\/\/api.w.org\/{rel}","templated":true}]}}